{"id":4049,"date":"2025-08-01T17:43:00","date_gmt":"2025-08-01T15:43:00","guid":{"rendered":"https:\/\/www.artisanlocal.ch\/c\/?page_id=4049"},"modified":"2025-08-07T15:41:23","modified_gmt":"2025-08-07T13:41:23","slug":"equipe","status":"publish","type":"page","link":"https:\/\/www.artisanlocal.ch\/c\/equipe\/","title":{"rendered":"L\u2019\u00e9quipe"},"content":{"rendered":"\n<p style=\"margin-bottom:var(--wp--preset--spacing--xl)\">Notre \u00e9quipe est situ\u00e9e \u00e0 Lausanne, r\u00e9unissant autour de <a href=\"https:\/\/ch.linkedin.com\/in\/daniel-carrard\">Daniel<\/a> des sp\u00e9cialistes du b\u00e2timent, de la communication digitale et du d\u00e9veloppement local. Notre mission est simple : <strong>connecter les particuliers avec des artisans de confiance, pr\u00e8s de chez eux.<\/strong><\/p>\n\n\n\n<h2 class=\"wp-block-heading\" id=\"h-notre-expertise\">\ud83d\udd27 Notre expertise<\/h2>\n\n\n\n<p>Notre \u00e9quipe collabore chaque jour avec des professionnels de tous horizons :<\/p>\n\n\n\n<ul class=\"wp-block-list\">\n<li>Peintres, carreleurs, \u00e9lectriciens, cuisinistes,<\/li>\n\n\n\n<li>Conseillers immobiliers et \u00e9nerg\u00e9tiques,<\/li>\n\n\n\n<li>Jardiniers-paysagistes, ramoneurs, serruriers, etc.<\/li>\n<\/ul>\n\n\n\n<p>Gr\u00e2ce \u00e0 notre connaissance du terrain, nous avons d\u00e9velopp\u00e9 la plateforme artisanlocal qui permet de :<\/p>\n\n\n\n<ul style=\"margin-bottom:var(--wp--preset--spacing--xl)\" class=\"wp-block-list\">\n<li><strong>Valoriser le savoir-faire local<\/strong>,<\/li>\n\n\n\n<li><strong>Faciliter la recherche de professionnels<\/strong> qualifi\u00e9s,<\/li>\n\n\n\n<li><strong>Offre de la visibilit\u00e9 aux artisans<\/strong>, sans frais d\u2019interm\u00e9diaires ni commissions.<\/li>\n<\/ul>\n\n\n\n<h2 class=\"wp-block-heading\" id=\"h-pourquoi-artisanlocal-ch\">\ud83d\ude80 Pourquoi Artisanlocal.ch ?<\/h2>\n\n\n\n<p>Parce que nous croyons en une \u00e9conomie plus <strong>humaine<\/strong>, <strong>locale<\/strong> et <strong>transparente<\/strong>.<\/p>\n\n\n\n<div class=\"wp-block-group has-primary-light-background-color has-background has-global-padding is-layout-constrained wp-container-core-group-is-layout-41c22256 wp-block-group-is-layout-constrained\" style=\"border-radius:1rem;padding-right:var(--wp--preset--spacing--l);padding-left:var(--wp--preset--spacing--l)\">\n<p style=\"font-style:normal;font-weight:700;text-transform:uppercase\">Nos engagements :<\/p>\n\n\n\n<p>\u2705 Une pr\u00e9sence locale dans toute la Suisse francophone.<\/p>\n\n\n\n<p>\u2705 Des artisans visibles sur deux sites : Artisanlocal.ch et <a href=\"https:\/\/www.immobilierlocal.ch\/\" target=\"_blank\" rel=\"noreferrer noopener\">Immobilierlocal.ch<\/a><\/p>\n\n\n\n<p>\u2705 Une page vitrine pour chaque professionnel<\/p>\n\n\n\n<p>\u2705 Aucune concurrence directe : <strong>exclusivit\u00e9 par zone<\/strong><\/p>\n<\/div>\n\n\n\n<p style=\"margin-bottom:var(--wp--preset--spacing--xl)\">Nous mettons tout en \u0153uvre pour aider les <strong>PME et ind\u00e9pendants Suisses <\/strong>\u00e0 se faire conna\u00eetre dans les moteurs de recherche.<\/p>\n\n\n\n<h2 class=\"wp-block-heading\" id=\"h-contact\">\ud83d\udcde Contact<\/h2>\n\n\n\n<p><strong>Artisanlocal.ch<br><\/strong>Chemin du Reposoir 16<br>1007 Lausanne<br>\ud83d\udcf1 +41 (0)78 711 7165<br>\ud83c\udf10<a href=\"https:\/\/www.artisanlocal.ch\"> www.artisanlocal.ch<\/a><\/p>\n","protected":false},"excerpt":{"rendered":"<p>Notre \u00e9quipe est situ\u00e9e \u00e0 Lausanne, r\u00e9unissant autour de Daniel des sp\u00e9cialistes du b\u00e2timent, de la communication digitale et du d\u00e9veloppement local. Notre mission est simple : connecter les particuliers avec des artisans de confiance, pr\u00e8s de chez eux. \ud83d\udd27 Notre expertise Notre \u00e9quipe collabore chaque jour avec des professionnels de tous horizons : Gr\u00e2ce [&hellip;]<\/p>\n","protected":false},"author":4,"featured_media":0,"parent":0,"menu_order":0,"comment_status":"closed","ping_status":"closed","template":"page-simple","meta":{"footnotes":""},"profession":[],"location":[],"canton":[],"class_list":["post-4049","page","type-page","status-publish","hentry"],"yoast_head":"<!-- This site is optimized with the Yoast SEO Premium plugin v25.7.1 (Yoast SEO v27.6) - https:\/\/yoast.com\/product\/yoast-seo-premium-wordpress\/ -->\n<title>L\u2019\u00e9quipe - Artisanlocal<\/title>\n<meta name=\"robots\" content=\"index, follow, max-snippet:-1, max-image-preview:large, max-video-preview:-1\" \/>\n<link rel=\"canonical\" href=\"https:\/\/www.artisanlocal.ch\/c\/equipe\/\" \/>\n<meta property=\"og:locale\" content=\"fr_FR\" \/>\n<meta property=\"og:type\" content=\"article\" \/>\n<meta property=\"og:title\" content=\"L\u2019\u00e9quipe\" \/>\n<meta property=\"og:description\" content=\"Notre \u00e9quipe est situ\u00e9e \u00e0 Lausanne, r\u00e9unissant autour de Daniel des sp\u00e9cialistes du b\u00e2timent, de la communication digitale et du d\u00e9veloppement local. Notre mission est simple : connecter les particuliers avec des artisans de confiance, pr\u00e8s de chez eux. \ud83d\udd27 Notre expertise Notre \u00e9quipe collabore chaque jour avec des professionnels de tous horizons : Gr\u00e2ce [&hellip;]\" \/>\n<meta property=\"og:url\" content=\"https:\/\/www.artisanlocal.ch\/c\/equipe\/\" \/>\n<meta property=\"og:site_name\" content=\"Artisanlocal\" \/>\n<meta property=\"article:modified_time\" content=\"2025-08-07T13:41:23+00:00\" \/>\n<meta name=\"twitter:card\" content=\"summary_large_image\" \/>\n<meta name=\"twitter:label1\" content=\"Dur\u00e9e de lecture estim\u00e9e\" \/>\n\t<meta name=\"twitter:data1\" content=\"1 minute\" \/>\n<script type=\"application\/ld+json\" class=\"yoast-schema-graph\">{\"@context\":\"https:\\\/\\\/schema.org\",\"@graph\":[{\"@type\":\"WebPage\",\"@id\":\"https:\\\/\\\/www.artisanlocal.ch\\\/c\\\/equipe\\\/\",\"url\":\"https:\\\/\\\/www.artisanlocal.ch\\\/c\\\/equipe\\\/\",\"name\":\"L\u2019\u00e9quipe - Artisanlocal\",\"isPartOf\":{\"@id\":\"https:\\\/\\\/www.artisanlocal.ch\\\/c\\\/#website\"},\"datePublished\":\"2025-08-01T15:43:00+00:00\",\"dateModified\":\"2025-08-07T13:41:23+00:00\",\"breadcrumb\":{\"@id\":\"https:\\\/\\\/www.artisanlocal.ch\\\/c\\\/equipe\\\/#breadcrumb\"},\"inLanguage\":\"fr-FR\",\"potentialAction\":[{\"@type\":\"ReadAction\",\"target\":[\"https:\\\/\\\/www.artisanlocal.ch\\\/c\\\/equipe\\\/\"]}]},{\"@type\":\"BreadcrumbList\",\"@id\":\"https:\\\/\\\/www.artisanlocal.ch\\\/c\\\/equipe\\\/#breadcrumb\",\"itemListElement\":[{\"@type\":\"ListItem\",\"position\":1,\"name\":\"Accueil\",\"item\":\"https:\\\/\\\/www.artisanlocal.ch\\\/c\\\/\"},{\"@type\":\"ListItem\",\"position\":2,\"name\":\"L\u2019\u00e9quipe\"}]},{\"@type\":\"WebSite\",\"@id\":\"https:\\\/\\\/www.artisanlocal.ch\\\/c\\\/#website\",\"url\":\"https:\\\/\\\/www.artisanlocal.ch\\\/c\\\/\",\"name\":\"Artisanlocal\",\"description\":\"\",\"publisher\":{\"@id\":\"https:\\\/\\\/www.artisanlocal.ch\\\/c\\\/#organization\"},\"potentialAction\":[{\"@type\":\"SearchAction\",\"target\":{\"@type\":\"EntryPoint\",\"urlTemplate\":\"https:\\\/\\\/www.artisanlocal.ch\\\/c\\\/?s={search_term_string}\"},\"query-input\":{\"@type\":\"PropertyValueSpecification\",\"valueRequired\":true,\"valueName\":\"search_term_string\"}}],\"inLanguage\":\"fr-FR\"},{\"@type\":\"Organization\",\"@id\":\"https:\\\/\\\/www.artisanlocal.ch\\\/c\\\/#organization\",\"name\":\"Artisanlocal\",\"url\":\"https:\\\/\\\/www.artisanlocal.ch\\\/c\\\/\",\"logo\":{\"@type\":\"ImageObject\",\"inLanguage\":\"fr-FR\",\"@id\":\"https:\\\/\\\/www.artisanlocal.ch\\\/c\\\/#\\\/schema\\\/logo\\\/image\\\/\",\"url\":\"https:\\\/\\\/www.artisanlocal.ch\\\/c\\\/wp-content\\\/uploads\\\/2024\\\/02\\\/logo-artisanlocal-h.svg\",\"contentUrl\":\"https:\\\/\\\/www.artisanlocal.ch\\\/c\\\/wp-content\\\/uploads\\\/2024\\\/02\\\/logo-artisanlocal-h.svg\",\"caption\":\"Artisanlocal\"},\"image\":{\"@id\":\"https:\\\/\\\/www.artisanlocal.ch\\\/c\\\/#\\\/schema\\\/logo\\\/image\\\/\"}}]}<\/script>\n<!-- \/ Yoast SEO Premium plugin. -->","yoast_head_json":{"title":"L\u2019\u00e9quipe - Artisanlocal","robots":{"index":"index","follow":"follow","max-snippet":"max-snippet:-1","max-image-preview":"max-image-preview:large","max-video-preview":"max-video-preview:-1"},"canonical":"https:\/\/www.artisanlocal.ch\/c\/equipe\/","og_locale":"fr_FR","og_type":"article","og_title":"L\u2019\u00e9quipe","og_description":"Notre \u00e9quipe est situ\u00e9e \u00e0 Lausanne, r\u00e9unissant autour de Daniel des sp\u00e9cialistes du b\u00e2timent, de la communication digitale et du d\u00e9veloppement local. Notre mission est simple : connecter les particuliers avec des artisans de confiance, pr\u00e8s de chez eux. \ud83d\udd27 Notre expertise Notre \u00e9quipe collabore chaque jour avec des professionnels de tous horizons : Gr\u00e2ce [&hellip;]","og_url":"https:\/\/www.artisanlocal.ch\/c\/equipe\/","og_site_name":"Artisanlocal","article_modified_time":"2025-08-07T13:41:23+00:00","twitter_card":"summary_large_image","twitter_misc":{"Dur\u00e9e de lecture estim\u00e9e":"1 minute"},"schema":{"@context":"https:\/\/schema.org","@graph":[{"@type":"WebPage","@id":"https:\/\/www.artisanlocal.ch\/c\/equipe\/","url":"https:\/\/www.artisanlocal.ch\/c\/equipe\/","name":"L\u2019\u00e9quipe - Artisanlocal","isPartOf":{"@id":"https:\/\/www.artisanlocal.ch\/c\/#website"},"datePublished":"2025-08-01T15:43:00+00:00","dateModified":"2025-08-07T13:41:23+00:00","breadcrumb":{"@id":"https:\/\/www.artisanlocal.ch\/c\/equipe\/#breadcrumb"},"inLanguage":"fr-FR","potentialAction":[{"@type":"ReadAction","target":["https:\/\/www.artisanlocal.ch\/c\/equipe\/"]}]},{"@type":"BreadcrumbList","@id":"https:\/\/www.artisanlocal.ch\/c\/equipe\/#breadcrumb","itemListElement":[{"@type":"ListItem","position":1,"name":"Accueil","item":"https:\/\/www.artisanlocal.ch\/c\/"},{"@type":"ListItem","position":2,"name":"L\u2019\u00e9quipe"}]},{"@type":"WebSite","@id":"https:\/\/www.artisanlocal.ch\/c\/#website","url":"https:\/\/www.artisanlocal.ch\/c\/","name":"Artisanlocal","description":"","publisher":{"@id":"https:\/\/www.artisanlocal.ch\/c\/#organization"},"potentialAction":[{"@type":"SearchAction","target":{"@type":"EntryPoint","urlTemplate":"https:\/\/www.artisanlocal.ch\/c\/?s={search_term_string}"},"query-input":{"@type":"PropertyValueSpecification","valueRequired":true,"valueName":"search_term_string"}}],"inLanguage":"fr-FR"},{"@type":"Organization","@id":"https:\/\/www.artisanlocal.ch\/c\/#organization","name":"Artisanlocal","url":"https:\/\/www.artisanlocal.ch\/c\/","logo":{"@type":"ImageObject","inLanguage":"fr-FR","@id":"https:\/\/www.artisanlocal.ch\/c\/#\/schema\/logo\/image\/","url":"https:\/\/www.artisanlocal.ch\/c\/wp-content\/uploads\/2024\/02\/logo-artisanlocal-h.svg","contentUrl":"https:\/\/www.artisanlocal.ch\/c\/wp-content\/uploads\/2024\/02\/logo-artisanlocal-h.svg","caption":"Artisanlocal"},"image":{"@id":"https:\/\/www.artisanlocal.ch\/c\/#\/schema\/logo\/image\/"}}]}},"_links":{"self":[{"href":"https:\/\/www.artisanlocal.ch\/c\/wp-json\/wp\/v2\/pages\/4049","targetHints":{"allow":["GET"]}}],"collection":[{"href":"https:\/\/www.artisanlocal.ch\/c\/wp-json\/wp\/v2\/pages"}],"about":[{"href":"https:\/\/www.artisanlocal.ch\/c\/wp-json\/wp\/v2\/types\/page"}],"author":[{"embeddable":true,"href":"https:\/\/www.artisanlocal.ch\/c\/wp-json\/wp\/v2\/users\/4"}],"replies":[{"embeddable":true,"href":"https:\/\/www.artisanlocal.ch\/c\/wp-json\/wp\/v2\/comments?post=4049"}],"version-history":[{"count":0,"href":"https:\/\/www.artisanlocal.ch\/c\/wp-json\/wp\/v2\/pages\/4049\/revisions"}],"wp:attachment":[{"href":"https:\/\/www.artisanlocal.ch\/c\/wp-json\/wp\/v2\/media?parent=4049"}],"wp:term":[{"taxonomy":"profession","embeddable":true,"href":"https:\/\/www.artisanlocal.ch\/c\/wp-json\/wp\/v2\/profession?post=4049"},{"taxonomy":"location","embeddable":true,"href":"https:\/\/www.artisanlocal.ch\/c\/wp-json\/wp\/v2\/location?post=4049"},{"taxonomy":"canton","embeddable":true,"href":"https:\/\/www.artisanlocal.ch\/c\/wp-json\/wp\/v2\/canton?post=4049"}],"curies":[{"name":"wp","href":"https:\/\/api.w.org\/{rel}","templated":true}]}}