{"id":405,"date":"2024-04-16T18:38:11","date_gmt":"2024-04-16T16:38:11","guid":{"rendered":"https:\/\/www.artisanlocal.ch\/c\/service-de-nettoyage-professionnel-pour-domicile-et-bureau-a-lausanne\/"},"modified":"2025-08-27T01:33:57","modified_gmt":"2025-08-26T23:33:57","slug":"service-de-nettoyage-professionnel-pour-domicile-et-bureau-a-lausanne","status":"publish","type":"page","link":"https:\/\/www.artisanlocal.ch\/c\/service-de-nettoyage-professionnel-pour-domicile-et-bureau-a-lausanne\/","title":{"rendered":"Service de nettoyage professionnel pour domicile et bureau \u00e0 Lausanne"},"content":{"rendered":"<p>Nous sommes une soci\u00e9t\u00e9 \u00e0 Lausanne offrant un service de nettoyage complet pour les particuliers et les professionnels suisses. Notre \u00e9quipe d&rsquo;experts qualifi\u00e9s s&rsquo;efforce de fournir des services de qualit\u00e9.<\/p>\n\r\n<div class=\"company-partners\">\r\n    <h3>Nos soci\u00e9t\u00e9s<\/h3>\r\n    <ul>\r\n                    <li>\r\n                <p class=\"company-partners__name\">\r\n                    <a href=\"https:\/\/www.artisanlocal.ch\/c\/service-de-nettoyage-professionnel-pour-domicile-et-bureau-a-lausanne\/?geo=Est\" target=\"_blank\" class=\"has-accent-color\" title=\"Voir les coordonn\u00e9es de notre partenaire\">BCM Multiservices S\u00e0rl<\/a>\r\n                <\/p>\r\n                <p class=\"company-partners__address\">1052\u00a0Le Mont-sur-Lausanne<\/p>\r\n            <\/li>\r\n                    <li>\r\n                <p class=\"company-partners__name\">\r\n                    <a href=\"https:\/\/www.artisanlocal.ch\/c\/service-de-nettoyage-professionnel-pour-domicile-et-bureau-a-lausanne\/?geo=Ouest\" target=\"_blank\" class=\"has-accent-color\" title=\"Voir les coordonn\u00e9es de notre partenaire\">BK Lumi-Net Eco S\u00e0rl<\/a>\r\n                <\/p>\r\n                <p class=\"company-partners__address\">1020\u00a0Renens<\/p>\r\n            <\/li>\r\n                    <li>\r\n                <p class=\"company-partners__name\">\r\n                    <a href=\"https:\/\/www.artisanlocal.ch\/c\/service-de-nettoyage-professionnel-pour-domicile-et-bureau-a-lausanne\/?geo=Nord\" target=\"_blank\" class=\"has-accent-color\" title=\"Voir les coordonn\u00e9es de notre partenaire\">CLEANTEC ENTRETIENS S\u00c0RL<\/a>\r\n                <\/p>\r\n                <p class=\"company-partners__address\">1004 Lausanne<\/p>\r\n            <\/li>\r\n                    <li>\r\n                <p class=\"company-partners__name\">\r\n                    <a href=\"https:\/\/www.artisanlocal.ch\/c\/service-de-nettoyage-professionnel-pour-domicile-et-bureau-a-lausanne\/?geo=Sud\" target=\"_blank\" class=\"has-accent-color\" title=\"Voir les coordonn\u00e9es de notre partenaire\">NDT Multiservices S\u00e0rl<\/a>\r\n                <\/p>\r\n                <p class=\"company-partners__address\">1004 Lausanne<\/p>\r\n            <\/li>\r\n            <\/ul>\r\n<\/div>\n<h2>Pourquoi travailler avec notre soci\u00e9t\u00e9 ?<\/h2>\n<ul>\n<li>Vous pouvez r\u00e9server un rendez-vous aujourd&rsquo;hui avec notre soci\u00e9t\u00e9.<\/li>\n<li>Nos sp\u00e9cialistes en nettoyage sont tous familiaris\u00e9s avec les derni\u00e8res m\u00e9thodes.<\/li>\n<li>Notre service de nettoyage est r\u00e9alis\u00e9 avec des produits respectueux de l&rsquo;environnement.<\/li>\n<li>Nos devis sont sans frais.<\/li>\n<\/ul>\n<h2>Services de m\u00e9nage \u00e0 Lausanne<\/h2>\n<p>Nous fournissons une large gamme de services de nettoyage sur mesure pour satisfaire les attentes de nos clients.<\/p>\n<p>Si vous avez besoin d&rsquo;un nettoyage complet, d&rsquo;un m\u00e9nage occasionnel ou d&rsquo;un service d&rsquo;entretien continu, notre entreprise est l\u00e0 pour vous. D\u00e9couvrez nos services les plus g\u00e9n\u00e9ralement r\u00e9alis\u00e9s \u00e0 Lausanne et profitez :<\/p>\n<ul>\n<li>De service de m\u00e9nage pour votre changement de domicile.<\/li>\n<li>D&rsquo;un nettoyage Airbnb.<\/li>\n<li>D&rsquo;un nettoyage professionnel de bureaux et locaux commerciaux.<\/li>\n<li>D&rsquo;un nettoyage apr\u00e8s une r\u00e9novation d&rsquo;int\u00e9rieur.<\/li>\n<\/ul>\n<h2>Quelles sont les solutions de nettoyage qu&rsquo;artisanlocal propose\u202f?<\/h2>\n<ul>\n<li>Service de nettoyage pour les conciergeries d&rsquo;appartements et maisons Airbnb,<\/li>\n<li>service de nettoyage et de m\u00e9nage de logements,<\/li>\n<li>entretien et nettoyage des appareils m\u00e9nagers,<\/li>\n<li>nettoyage de balcon,<\/li>\n<li>service de nettoyage de sous-sols,<\/li>\n<li>assainissement des surfaces pour lutter contre les agents pathog\u00e8nes,<\/li>\n<li>nettoyage de la vaisselle,<\/li>\n<li>nettoyage des installations sportives,<\/li>\n<li>lavage des sols,<\/li>\n<li>nettoyage des \u00e9tablissements de sant\u00e9,<\/li>\n<li>m\u00e9nage et nettoyage apr\u00e8s un d\u00e9m\u00e9nagement,<\/li>\n<li>nettoyage des espaces de coworking,<\/li>\n<li>nettoyage apr\u00e8s une r\u00e9novation,<\/li>\n<li>m\u00e9nage des salles d&rsquo;eau,<\/li>\n<li>nettoyage des commerces locaux,<\/li>\n<li>service de nettoyage des \u00e9coles,<\/li>\n<li>nettoyage de vitres.<\/li>\n<\/ul>\n<h2>Une soci\u00e9t\u00e9 de m\u00e9nage fiable situ\u00e9e en Suisse<\/h2>\n<h3>Entretien et m\u00e9nage d&rsquo;appartement \u00e0 Lausanne<\/h3>\n<p>Si vous vivez \u00e0 Lausanne, nous pouvons r\u00e9aliser le m\u00e9nage de votre studio en amont de l&rsquo;\u00e9tat des lieux de sortie.<\/p>\n<p>Il faut comprendre que si le nettoyage de l&rsquo;appartement n&rsquo;est pas effectu\u00e9 correctement, le bailleur est autoris\u00e9 \u00e0 faire appel \u00e0 une entreprise de service de nettoyage et retenir une partie de votre caution.<\/p>\n<p>Ce nettoyage avant l&rsquo;\u00e9tat des lieux comprend notamment les services suivants :<\/p>\n<p>&#8211; L&rsquo;entretien et le nettoyage des espaces : les sols, les murs, les parquets, les tapis et les carrelages.<\/p>\n<p>&#8211; Nettoyage des fen\u00eatres et des vitres.<\/p>\n<p>&#8211; Nettoyage de la salle de bains et des toilettes.<\/p>\n<p>&#8211; Le nettoyage de l&rsquo;espace de cuisson et du syst\u00e8me de ventilation du coin cuisine.<\/p>\n<p>&#8211; Le nettoyage des poussi\u00e8res sur le mobilier d&rsquo;int\u00e9rieur.<\/p>\n<h3>Vous avez besoin d&rsquo;un nettoyage r\u00e9gulier de votre logement?<\/h3>\n<p>Notre \u00e9tablissement propose des services de nettoyage personnalis\u00e9, adapt\u00e9s \u00e0 vos besoins, avec des interventions chaque semaine, toutes les deux semaines ou chaque mois.<\/p>\n<h3>Service pour un m\u00e9nage en profondeur de votre propri\u00e9t\u00e9 \u00e0 Lausanne<\/h3>\n<p>Artisanlocal propose des services de nettoyage approfondis pour votre maison ou votre studio, en plus de notre service de m\u00e9nage standard.<\/p>\n<h3>Quels sont les b\u00e9n\u00e9fices de r\u00e9aliser un nettoyage en profondeur avec notre soci\u00e9t\u00e9 ?<\/h3>\n<p>Le principal avantage du nettoyage en profondeur est d&rsquo;\u00e9liminer la salet\u00e9, la poussi\u00e8re et la crasse qui se sont empil\u00e9es avec le temps, ce qui am\u00e9liore la qualit\u00e9 de l&rsquo;aire int\u00e9rieure de votre logement. De plus, un entretien approfondi permet aussi d&rsquo;\u00e9liminer efficacement les odeurs d\u00e9sagr\u00e9ables.<\/p>\n<h3>M\u00e9nage de bureaux \u00e0 Lausanne<\/h3>\n<p>Pour le m\u00e9nage de vos espaces de travail, comptez sur Artisanlocal. \u00c9conomisez du temps, de l&rsquo;\u00e9nergie gr\u00e2ce \u00e0 nos services ! D\u00e9couvrez nos contrats d&rsquo;entretien personnalis\u00e9s pour vos locaux. Nos contrats s&rsquo;adaptent \u00e0 vos besoins et \u00e0 vos moyens. Voici les prestations que nous offrons pour le nettoyage de vos espaces de travail :<\/p>\n<ul>\n<li>Lavage de vos tapis et des vitres.<\/li>\n<li>Service d&rsquo;entretien du mobilier de bureau en cuir ou tissu (des sofas, des bureaux et des si\u00e8ges).<\/li>\n<li>Gestion des d\u00e9chets.<\/li>\n<li>\u00c9limination des poussi\u00e8res.<\/li>\n<li>Lavage des parquets et passage de l&rsquo;aspirateur.<\/li>\n<\/ul>\n<h3>Service de m\u00e9nage de propri\u00e9t\u00e9 \u00e0 Lausanne<\/h3>\n<p>Pour garantir que votre maison reste tout le temps aussi propre, un m\u00e9nage fr\u00e9quent doit faire partie de vos habitudes. De nos jours, la grande majorit\u00e9 des gens ont un calendrier charg\u00e9 et cela complique la r\u00e9alisation des corv\u00e9es domestiques journali\u00e8res, c&rsquo;est ici que notre entreprise peut vous aider dans vos corv\u00e9es m\u00e9nag\u00e8res.<\/p>\n<h2>Pourquoi faire appel \u00e0 une entreprise de m\u00e9nage des r\u00e9sidences \u00e0 Lausanne ?<\/h2>\n<p>Si vous \u00eates un Lausannois, vous rencontrez potentiellement des probl\u00e8mes \u00e0 conserver votre espace int\u00e9rieur bien entretenu. Nos prestations de service sont adapt\u00e9es aux r\u00e9sidents de Lausanne. Avec notre entreprise, vous avez la possibilit\u00e9 de :<\/p>\n<h3>Mieux organiser votre espace<\/h3>\n<p>Si votre h\u00e9bergement est en d\u00e9sordre, il est compliqu\u00e9 de se sentir bien dans son logement. Artisanlocal offre des services de nettoyage pour votre maison de mani\u00e8re \u00e0 mieux organiser votre lieu de vie, ce qui vous offre la possibilit\u00e9, de :<\/p>\n<h3>Cr\u00e9er un cadre plus convivial<\/h3>\n<p>En effet, une habitation bien rang\u00e9e permet \u00e0 vos invit\u00e9s de vous sentir plus \u00e0 l&rsquo;aise.<\/p>\n<h3>Rester en bonne forme et content<\/h3>\n<p>La concentration des particules de poussi\u00e8res fines dans votre maison peut cr\u00e9er des risques pour votre \u00e9tat de sant\u00e9, et provoquer des allergies ou augmenter celles qui sont d\u00e9j\u00e0 pr\u00e9sentes. En faisant appel \u00e0 une entreprise de m\u00e9nage, vous baissez le potentiel risque d&rsquo;allergies.<\/p>\n<h3>B\u00e9n\u00e9ficier d&rsquo;une meilleure organisation de votre int\u00e9rieur<\/h3>\n<p>Il est commun que l&rsquo;espace int\u00e9rieur des propri\u00e9t\u00e9s soit mal rang\u00e9, ce qui peut rendre difficile la vie quotidienne. Choisissez notre service de nettoyage pour vous assurer la bonne propret\u00e9 et organisation de votre propri\u00e9t\u00e9. De plus, nous pouvons aussi op\u00e9rer \u00e0 : Pully, Les Monts-de-Pully, La Croix (Lutry), Belmont-sur-Lausanne, La Conversion, Paudex, Lutry, Jouxtens-M\u00e9zery, Prilly, Renens VD, Crissier, Romanel-sur-Lausanne, Cheseaux-sur-Lausanne, Le Mont-sur-Lausanne, Bretigny-sur-Morrens, Cugy VD, Morrens VD, Froideville, Epalinges.<\/p>\n","protected":false},"excerpt":{"rendered":"<p>Nous sommes une soci\u00e9t\u00e9 \u00e0 Lausanne offrant un service de nettoyage complet pour les particuliers et les professionnels suisses. Notre \u00e9quipe d&rsquo;experts qualifi\u00e9s s&rsquo;efforce de fournir des services de qualit\u00e9. Pourquoi travailler avec notre soci\u00e9t\u00e9 ? Vous pouvez r\u00e9server un rendez-vous aujourd&rsquo;hui avec notre soci\u00e9t\u00e9. Nos sp\u00e9cialistes en nettoyage sont tous familiaris\u00e9s avec les derni\u00e8res [&hellip;]<\/p>\n","protected":false},"author":4,"featured_media":2754,"parent":0,"menu_order":0,"comment_status":"closed","ping_status":"closed","template":"","meta":{"footnotes":""},"profession":[108],"location":[31],"canton":[113],"class_list":["post-405","page","type-page","status-publish","has-post-thumbnail","hentry","profession-agent-de-proprete","location-lausanne","canton-vd"],"yoast_head":"<!-- This site is optimized with the Yoast SEO Premium plugin v25.7.1 (Yoast SEO v27.6) - https:\/\/yoast.com\/product\/yoast-seo-premium-wordpress\/ -->\n<title>Service de nettoyage professionnel pour domicile et bureau \u00e0 Lausanne - Artisanlocal<\/title>\n<meta name=\"robots\" content=\"index, follow, max-snippet:-1, max-image-preview:large, max-video-preview:-1\" \/>\n<link rel=\"canonical\" href=\"https:\/\/www.artisanlocal.ch\/c\/service-de-nettoyage-professionnel-pour-domicile-et-bureau-a-lausanne\/\" \/>\n<meta property=\"og:locale\" content=\"fr_FR\" \/>\n<meta property=\"og:type\" content=\"article\" \/>\n<meta property=\"og:title\" content=\"Service de nettoyage professionnel pour domicile et bureau \u00e0 Lausanne\" \/>\n<meta property=\"og:description\" content=\"Nous sommes une soci\u00e9t\u00e9 \u00e0 Lausanne offrant un service de nettoyage complet pour les particuliers et les professionnels suisses. Notre \u00e9quipe d&rsquo;experts qualifi\u00e9s s&rsquo;efforce de fournir des services de qualit\u00e9. Pourquoi travailler avec notre soci\u00e9t\u00e9 ? Vous pouvez r\u00e9server un rendez-vous aujourd&rsquo;hui avec notre soci\u00e9t\u00e9. Nos sp\u00e9cialistes en nettoyage sont tous familiaris\u00e9s avec les derni\u00e8res [&hellip;]\" \/>\n<meta property=\"og:url\" content=\"https:\/\/www.artisanlocal.ch\/c\/service-de-nettoyage-professionnel-pour-domicile-et-bureau-a-lausanne\/\" \/>\n<meta property=\"og:site_name\" content=\"Artisanlocal\" \/>\n<meta property=\"article:modified_time\" content=\"2025-08-26T23:33:57+00:00\" \/>\n<meta property=\"og:image\" content=\"https:\/\/www.artisanlocal.ch\/c\/wp-content\/uploads\/2024\/10\/agent-proprete.jpg\" \/>\n\t<meta property=\"og:image:width\" content=\"1920\" \/>\n\t<meta property=\"og:image:height\" content=\"300\" \/>\n\t<meta property=\"og:image:type\" content=\"image\/jpeg\" \/>\n<meta name=\"twitter:card\" content=\"summary_large_image\" \/>\n<meta name=\"twitter:label1\" content=\"Dur\u00e9e de lecture estim\u00e9e\" \/>\n\t<meta name=\"twitter:data1\" content=\"5 minutes\" \/>\n<script type=\"application\/ld+json\" class=\"yoast-schema-graph\">{\"@context\":\"https:\\\/\\\/schema.org\",\"@graph\":[{\"@type\":\"WebPage\",\"@id\":\"https:\\\/\\\/www.artisanlocal.ch\\\/c\\\/service-de-nettoyage-professionnel-pour-domicile-et-bureau-a-lausanne\\\/\",\"url\":\"https:\\\/\\\/www.artisanlocal.ch\\\/c\\\/service-de-nettoyage-professionnel-pour-domicile-et-bureau-a-lausanne\\\/\",\"name\":\"Service de nettoyage professionnel pour domicile et bureau \u00e0 Lausanne - Artisanlocal\",\"isPartOf\":{\"@id\":\"https:\\\/\\\/www.artisanlocal.ch\\\/c\\\/#website\"},\"primaryImageOfPage\":{\"@id\":\"https:\\\/\\\/www.artisanlocal.ch\\\/c\\\/service-de-nettoyage-professionnel-pour-domicile-et-bureau-a-lausanne\\\/#primaryimage\"},\"image\":{\"@id\":\"https:\\\/\\\/www.artisanlocal.ch\\\/c\\\/service-de-nettoyage-professionnel-pour-domicile-et-bureau-a-lausanne\\\/#primaryimage\"},\"thumbnailUrl\":\"https:\\\/\\\/www.artisanlocal.ch\\\/c\\\/wp-content\\\/uploads\\\/2024\\\/10\\\/agent-proprete.jpg\",\"datePublished\":\"2024-04-16T16:38:11+00:00\",\"dateModified\":\"2025-08-26T23:33:57+00:00\",\"breadcrumb\":{\"@id\":\"https:\\\/\\\/www.artisanlocal.ch\\\/c\\\/service-de-nettoyage-professionnel-pour-domicile-et-bureau-a-lausanne\\\/#breadcrumb\"},\"inLanguage\":\"fr-FR\",\"potentialAction\":[{\"@type\":\"ReadAction\",\"target\":[\"https:\\\/\\\/www.artisanlocal.ch\\\/c\\\/service-de-nettoyage-professionnel-pour-domicile-et-bureau-a-lausanne\\\/\"]}]},{\"@type\":\"ImageObject\",\"inLanguage\":\"fr-FR\",\"@id\":\"https:\\\/\\\/www.artisanlocal.ch\\\/c\\\/service-de-nettoyage-professionnel-pour-domicile-et-bureau-a-lausanne\\\/#primaryimage\",\"url\":\"https:\\\/\\\/www.artisanlocal.ch\\\/c\\\/wp-content\\\/uploads\\\/2024\\\/10\\\/agent-proprete.jpg\",\"contentUrl\":\"https:\\\/\\\/www.artisanlocal.ch\\\/c\\\/wp-content\\\/uploads\\\/2024\\\/10\\\/agent-proprete.jpg\",\"width\":1920,\"height\":300},{\"@type\":\"BreadcrumbList\",\"@id\":\"https:\\\/\\\/www.artisanlocal.ch\\\/c\\\/service-de-nettoyage-professionnel-pour-domicile-et-bureau-a-lausanne\\\/#breadcrumb\",\"itemListElement\":[{\"@type\":\"ListItem\",\"position\":1,\"name\":\"Accueil\",\"item\":\"https:\\\/\\\/www.artisanlocal.ch\\\/c\\\/\"},{\"@type\":\"ListItem\",\"position\":2,\"name\":\"Service de nettoyage professionnel pour domicile et bureau \u00e0 Lausanne\"}]},{\"@type\":\"WebSite\",\"@id\":\"https:\\\/\\\/www.artisanlocal.ch\\\/c\\\/#website\",\"url\":\"https:\\\/\\\/www.artisanlocal.ch\\\/c\\\/\",\"name\":\"Artisanlocal\",\"description\":\"\",\"publisher\":{\"@id\":\"https:\\\/\\\/www.artisanlocal.ch\\\/c\\\/#organization\"},\"potentialAction\":[{\"@type\":\"SearchAction\",\"target\":{\"@type\":\"EntryPoint\",\"urlTemplate\":\"https:\\\/\\\/www.artisanlocal.ch\\\/c\\\/?s={search_term_string}\"},\"query-input\":{\"@type\":\"PropertyValueSpecification\",\"valueRequired\":true,\"valueName\":\"search_term_string\"}}],\"inLanguage\":\"fr-FR\"},{\"@type\":\"Organization\",\"@id\":\"https:\\\/\\\/www.artisanlocal.ch\\\/c\\\/#organization\",\"name\":\"Artisanlocal\",\"url\":\"https:\\\/\\\/www.artisanlocal.ch\\\/c\\\/\",\"logo\":{\"@type\":\"ImageObject\",\"inLanguage\":\"fr-FR\",\"@id\":\"https:\\\/\\\/www.artisanlocal.ch\\\/c\\\/#\\\/schema\\\/logo\\\/image\\\/\",\"url\":\"https:\\\/\\\/www.artisanlocal.ch\\\/c\\\/wp-content\\\/uploads\\\/2024\\\/02\\\/logo-artisanlocal-h.svg\",\"contentUrl\":\"https:\\\/\\\/www.artisanlocal.ch\\\/c\\\/wp-content\\\/uploads\\\/2024\\\/02\\\/logo-artisanlocal-h.svg\",\"caption\":\"Artisanlocal\"},\"image\":{\"@id\":\"https:\\\/\\\/www.artisanlocal.ch\\\/c\\\/#\\\/schema\\\/logo\\\/image\\\/\"}}]}<\/script>\n<!-- \/ Yoast SEO Premium plugin. -->","yoast_head_json":{"title":"Service de nettoyage professionnel pour domicile et bureau \u00e0 Lausanne - Artisanlocal","robots":{"index":"index","follow":"follow","max-snippet":"max-snippet:-1","max-image-preview":"max-image-preview:large","max-video-preview":"max-video-preview:-1"},"canonical":"https:\/\/www.artisanlocal.ch\/c\/service-de-nettoyage-professionnel-pour-domicile-et-bureau-a-lausanne\/","og_locale":"fr_FR","og_type":"article","og_title":"Service de nettoyage professionnel pour domicile et bureau \u00e0 Lausanne","og_description":"Nous sommes une soci\u00e9t\u00e9 \u00e0 Lausanne offrant un service de nettoyage complet pour les particuliers et les professionnels suisses. Notre \u00e9quipe d&rsquo;experts qualifi\u00e9s s&rsquo;efforce de fournir des services de qualit\u00e9. Pourquoi travailler avec notre soci\u00e9t\u00e9 ? Vous pouvez r\u00e9server un rendez-vous aujourd&rsquo;hui avec notre soci\u00e9t\u00e9. Nos sp\u00e9cialistes en nettoyage sont tous familiaris\u00e9s avec les derni\u00e8res [&hellip;]","og_url":"https:\/\/www.artisanlocal.ch\/c\/service-de-nettoyage-professionnel-pour-domicile-et-bureau-a-lausanne\/","og_site_name":"Artisanlocal","article_modified_time":"2025-08-26T23:33:57+00:00","og_image":[{"width":1920,"height":300,"url":"https:\/\/www.artisanlocal.ch\/c\/wp-content\/uploads\/2024\/10\/agent-proprete.jpg","type":"image\/jpeg"}],"twitter_card":"summary_large_image","twitter_misc":{"Dur\u00e9e de lecture estim\u00e9e":"5 minutes"},"schema":{"@context":"https:\/\/schema.org","@graph":[{"@type":"WebPage","@id":"https:\/\/www.artisanlocal.ch\/c\/service-de-nettoyage-professionnel-pour-domicile-et-bureau-a-lausanne\/","url":"https:\/\/www.artisanlocal.ch\/c\/service-de-nettoyage-professionnel-pour-domicile-et-bureau-a-lausanne\/","name":"Service de nettoyage professionnel pour domicile et bureau \u00e0 Lausanne - Artisanlocal","isPartOf":{"@id":"https:\/\/www.artisanlocal.ch\/c\/#website"},"primaryImageOfPage":{"@id":"https:\/\/www.artisanlocal.ch\/c\/service-de-nettoyage-professionnel-pour-domicile-et-bureau-a-lausanne\/#primaryimage"},"image":{"@id":"https:\/\/www.artisanlocal.ch\/c\/service-de-nettoyage-professionnel-pour-domicile-et-bureau-a-lausanne\/#primaryimage"},"thumbnailUrl":"https:\/\/www.artisanlocal.ch\/c\/wp-content\/uploads\/2024\/10\/agent-proprete.jpg","datePublished":"2024-04-16T16:38:11+00:00","dateModified":"2025-08-26T23:33:57+00:00","breadcrumb":{"@id":"https:\/\/www.artisanlocal.ch\/c\/service-de-nettoyage-professionnel-pour-domicile-et-bureau-a-lausanne\/#breadcrumb"},"inLanguage":"fr-FR","potentialAction":[{"@type":"ReadAction","target":["https:\/\/www.artisanlocal.ch\/c\/service-de-nettoyage-professionnel-pour-domicile-et-bureau-a-lausanne\/"]}]},{"@type":"ImageObject","inLanguage":"fr-FR","@id":"https:\/\/www.artisanlocal.ch\/c\/service-de-nettoyage-professionnel-pour-domicile-et-bureau-a-lausanne\/#primaryimage","url":"https:\/\/www.artisanlocal.ch\/c\/wp-content\/uploads\/2024\/10\/agent-proprete.jpg","contentUrl":"https:\/\/www.artisanlocal.ch\/c\/wp-content\/uploads\/2024\/10\/agent-proprete.jpg","width":1920,"height":300},{"@type":"BreadcrumbList","@id":"https:\/\/www.artisanlocal.ch\/c\/service-de-nettoyage-professionnel-pour-domicile-et-bureau-a-lausanne\/#breadcrumb","itemListElement":[{"@type":"ListItem","position":1,"name":"Accueil","item":"https:\/\/www.artisanlocal.ch\/c\/"},{"@type":"ListItem","position":2,"name":"Service de nettoyage professionnel pour domicile et bureau \u00e0 Lausanne"}]},{"@type":"WebSite","@id":"https:\/\/www.artisanlocal.ch\/c\/#website","url":"https:\/\/www.artisanlocal.ch\/c\/","name":"Artisanlocal","description":"","publisher":{"@id":"https:\/\/www.artisanlocal.ch\/c\/#organization"},"potentialAction":[{"@type":"SearchAction","target":{"@type":"EntryPoint","urlTemplate":"https:\/\/www.artisanlocal.ch\/c\/?s={search_term_string}"},"query-input":{"@type":"PropertyValueSpecification","valueRequired":true,"valueName":"search_term_string"}}],"inLanguage":"fr-FR"},{"@type":"Organization","@id":"https:\/\/www.artisanlocal.ch\/c\/#organization","name":"Artisanlocal","url":"https:\/\/www.artisanlocal.ch\/c\/","logo":{"@type":"ImageObject","inLanguage":"fr-FR","@id":"https:\/\/www.artisanlocal.ch\/c\/#\/schema\/logo\/image\/","url":"https:\/\/www.artisanlocal.ch\/c\/wp-content\/uploads\/2024\/02\/logo-artisanlocal-h.svg","contentUrl":"https:\/\/www.artisanlocal.ch\/c\/wp-content\/uploads\/2024\/02\/logo-artisanlocal-h.svg","caption":"Artisanlocal"},"image":{"@id":"https:\/\/www.artisanlocal.ch\/c\/#\/schema\/logo\/image\/"}}]}},"_links":{"self":[{"href":"https:\/\/www.artisanlocal.ch\/c\/wp-json\/wp\/v2\/pages\/405","targetHints":{"allow":["GET"]}}],"collection":[{"href":"https:\/\/www.artisanlocal.ch\/c\/wp-json\/wp\/v2\/pages"}],"about":[{"href":"https:\/\/www.artisanlocal.ch\/c\/wp-json\/wp\/v2\/types\/page"}],"author":[{"embeddable":true,"href":"https:\/\/www.artisanlocal.ch\/c\/wp-json\/wp\/v2\/users\/4"}],"replies":[{"embeddable":true,"href":"https:\/\/www.artisanlocal.ch\/c\/wp-json\/wp\/v2\/comments?post=405"}],"version-history":[{"count":0,"href":"https:\/\/www.artisanlocal.ch\/c\/wp-json\/wp\/v2\/pages\/405\/revisions"}],"wp:featuredmedia":[{"embeddable":true,"href":"https:\/\/www.artisanlocal.ch\/c\/wp-json\/wp\/v2\/media\/2754"}],"wp:attachment":[{"href":"https:\/\/www.artisanlocal.ch\/c\/wp-json\/wp\/v2\/media?parent=405"}],"wp:term":[{"taxonomy":"profession","embeddable":true,"href":"https:\/\/www.artisanlocal.ch\/c\/wp-json\/wp\/v2\/profession?post=405"},{"taxonomy":"location","embeddable":true,"href":"https:\/\/www.artisanlocal.ch\/c\/wp-json\/wp\/v2\/location?post=405"},{"taxonomy":"canton","embeddable":true,"href":"https:\/\/www.artisanlocal.ch\/c\/wp-json\/wp\/v2\/canton?post=405"}],"curies":[{"name":"wp","href":"https:\/\/api.w.org\/{rel}","templated":true}]}}