{"id":406,"date":"2024-04-16T18:38:11","date_gmt":"2024-04-16T16:38:11","guid":{"rendered":"https:\/\/www.artisanlocal.ch\/c\/entreprise-de-nettoyage-de-bureaux-et-dhebergements-a-morges\/"},"modified":"2025-08-27T01:33:56","modified_gmt":"2025-08-26T23:33:56","slug":"entreprise-de-nettoyage-de-bureaux-et-dhebergements-a-morges","status":"publish","type":"page","link":"https:\/\/www.artisanlocal.ch\/c\/entreprise-de-nettoyage-de-bureaux-et-dhebergements-a-morges\/","title":{"rendered":"Entreprise de nettoyage \u00e0 Morges"},"content":{"rendered":"<p>Besoin d&rsquo;une soci\u00e9t\u00e9 nettoyage \u00e0 Morges ? Artisanlocal propose un service de nettoyage complet pour les professionnels et les particuliers. Notre \u00e9quipe d&rsquo;experts chevronn\u00e9s s&rsquo;engage \u00e0 r\u00e9aliser des prestations de qualit\u00e9 et sur mesure.<br \/>\n\r\n<div class=\"box\">\r\n            <div class=\"company-info\">\r\n            <img decoding=\"async\" class=\"company-info__logo\" src=\"https:\/\/www.artisanlocal.ch\/media\/cache\/thumb\/images\/companies\/68be98810e6ea126160679.png\" alt=\"Logo\">\r\n            <h2 class=\"company-info__name\">BCM Multiservices S\u00e0rl<\/h2>\r\n            <p class=\"company-info__business\">D\u00e9m\u00e9nagement - D\u00e9barras - Nettoyage<\/p>\r\n        <\/div>\r\n        <div class=\"company-contact\">\r\n            <p class=\"company-info__address\">Chemin de Maillefer 137<\/p>\r\n                            <div class=\"links\">\r\n                                            <a class=\"btn has-accent-background-color js-phoneNumber\" href=\"tel:0789278535\" title=\"Appelez\" data-id=\"27285\" data-type=\"11\">078 927 85 35<\/a>\r\n                                                                <a class=\"btn has-accent-background-color\" href=\"https:\/\/bcm-multiservices.ch\/\" target=\"_blank\" title=\"Voir le site internet\" data-id=\"27285\" data-type=\"20\">Site internet<\/a>\r\n                                    <\/div>\r\n                    <\/div>\r\n    \r\n            \r\n<form action=\"https:\/\/www.artisanlocal.ch\/c\/wp-admin\/admin-ajax.php\" method=\"post\" class=\"form-contact\" id=\"artisan_form_contact_company_inline\">\r\n    <div><input type=\"hidden\" name=\"action\" value=\"company_contact\"><\/div>\r\n    <div><input type=\"hidden\" name=\"nonce\" value=\"cd17951345\"><\/div>\r\n    <div><input type=\"hidden\" name=\"company_id\" value=\"27285\"><\/div>\r\n    <div><input type=\"hidden\" name=\"form_id\" value=\"artisan_form_contact_company_inline\"><\/div>\r\n    <div class=\"gglcptch gglcptch_v3 gglcptch_custom\"><input type=\"hidden\" id=\"g-recaptcha-response\" name=\"g-recaptcha-response\" \/><br \/><div class=\"gglcptch_error_text\">La p\u00e9riode de v\u00e9rification reCAPTCHA a expir\u00e9. Veuillez recharger la page.<\/div><\/div>    <div class=\"form-content\">\r\n        <div class=\"form-group\">\r\n            <label for=\"contact_firstName\" class=\"required\">Pr\u00e9nom<\/label>\r\n            <input type=\"text\" name=\"firstName\" class=\"form-control\" required>\r\n        <\/div>\r\n        <div class=\"form-group\">\r\n            <label for=\"contact_lastName\" class=\"required\">Nom<\/label>\r\n            <input type=\"text\" name=\"lastName\" class=\"form-control\" required>\r\n        <\/div>\r\n        <div class=\"form-group\">\r\n            <label for=\"contact_email\" class=\"required\">Email<\/label>\r\n            <input type=\"email\" name=\"email\" class=\"form-control\" required>\r\n        <\/div>\r\n        <div class=\"form-group\">\r\n            <label for=\"contact_phone\" class=\"required\">Num\u00e9ro de t\u00e9l\u00e9phone<\/label>\r\n            <input type=\"tel\" name=\"phone\" class=\"form-control\" placeholder=\"0787117165\" pattern=\"^[0-9]{10}$\" required>\r\n        <\/div>\r\n        <div class=\"form-group\">\r\n            <label for=\"contact_postalCode\" class=\"required\">Code postal et localit\u00e9<\/label>\r\n            <input type=\"text\" name=\"postalCode\" class=\"form-control\" required>\r\n        <\/div>\r\n        <div class=\"form-group\">\r\n            <label for=\"contact_address\" class=\"required\">Adresse<\/label>\r\n            <input type=\"text\" name=\"address\" class=\"form-control\" required>\r\n        <\/div>\r\n        <div class=\"full-width topic\">\r\n            <p class=\"required\">Je souhaite \u00eatre contact\u00e9 pour :<\/p>\r\n            <div class=\"form-check\">\r\n                <input type=\"radio\" name=\"topic\" value=\"D\u00e9pannage\" class=\"form-control\" required>\r\n                <label for=\"d\u00e9pannage\">D\u00e9pannage<\/label>\r\n            <\/div>\r\n            <div class=\"form-check\">\r\n                <input type=\"radio\" name=\"topic\" value=\"Entretien\" class=\"form-control\" required>\r\n                <label for=\"entretien\">Entretien<\/label>\r\n            <\/div>\r\n            <div class=\"form-check\">\r\n                <input type=\"radio\" name=\"topic\" value=\"R\u00e9novation\" class=\"form-control\" required>\r\n                <label for=\"r\u00e9novation\">R\u00e9novation<\/label>\r\n            <\/div>\r\n            <div class=\"form-check\">\r\n                <input type=\"radio\" name=\"topic\" value=\"Autre\" class=\"form-control\" required>\r\n                <label for=\"autre\">Autre<\/label>\r\n            <\/div>\r\n        <\/div>\r\n        <div class=\"form-group full-width\">\r\n            <label for=\"contact_message\">Message<\/label>\r\n            <textarea name=\"message\" rows=\"3\" class=\"form-control\"><\/textarea>\r\n        <\/div>\r\n    <\/div>\r\n    <div class=\"form-actions\">\r\n        <button class=\"wp-block-button__link has-accent-background-color\">Contacter<\/button>\r\n    <\/div>\r\n<\/form>\r\n<div class=\"form-feedback\"><\/div>    <\/div><\/p>\n<h2>Pourquoi travailler avec notre soci\u00e9t\u00e9 ?<\/h2>\n<ul>\n<li>Il est possible de planifier un rendez-vous avec notre entreprise aujourd&rsquo;hui.<\/li>\n<li>Nous utilisons les derni\u00e8res techniques de nettoyage.<\/li>\n<li>Nous utilisons des produits \u00e9cologiques.<\/li>\n<li>Nos devis sont gratuits.<\/li>\n<\/ul>\n<h2>Nettoyage de votre propri\u00e9t\u00e9 ou de votre bureau \u00e0 Morges<\/h2>\n<p>Nous proposons des services de nettoyage pour r\u00e9pondre aux attentes de chacun de nos clients pour les particuliers et professionnels.<\/p>\n<p>Si vous avez besoin d&rsquo;un service de nettoyage entier de votre int\u00e9rieur, d&rsquo;un m\u00e9nage occasionnel ou d&rsquo;un service d&rsquo;entretien continu, Artisanlocal est l\u00e0 pour vous. D\u00e9couvrez nos services les plus souvent r\u00e9alis\u00e9s \u00e0 Morges :<\/p>\n<ul>\n<li>Nettoyage apr\u00e8s ou avant votre d\u00e9m\u00e9nagement.<\/li>\n<li>Nettoyage pour les conciergeries Airbnb.<\/li>\n<li>Nettoyage de bureaux et locaux commerciaux.<\/li>\n<li>Nettoyage apr\u00e8s une r\u00e9novation de logement.<\/li>\n<\/ul>\n<h2>Quelles sont les prestations de nettoyage d&rsquo;Artisanlocal.ch\u202f?<\/h2>\n<ul>\n<li>Nettoyage pour les locations de courte dur\u00e9e,<\/li>\n<li>service de m\u00e9nage et de nettoyage de logements,<\/li>\n<li>entretien des \u00e9quipements m\u00e9nagers,<\/li>\n<li>nettoyage du jardin,<\/li>\n<li>services de propret\u00e9 pour les caves,<\/li>\n<li>assainissement des surfaces pour lutter contre les agents pathog\u00e8nes,<\/li>\n<li>nettoyage de la vaisselle,<\/li>\n<li>nettoyage et entretien des installations sportives,<\/li>\n<li>lavage des sols,<\/li>\n<li>nettoyage des h\u00f4pitaux,<\/li>\n<li>m\u00e9nage et nettoyage apr\u00e8s un changement de domicile,<\/li>\n<li>nettoyage des espaces de travail,<\/li>\n<li>service de m\u00e9nage apr\u00e8s une r\u00e9novation,<\/li>\n<li>entretien de salles de bains,<\/li>\n<li>nettoyage des commerces locaux,<\/li>\n<li>nettoyage des \u00e9tablissements scolaires,<\/li>\n<li>lavage de vitres.<\/li>\n<\/ul>\n<h2>Entretien et m\u00e9nage d&rsquo;appartement \u00e0 Morges<\/h2>\n<p>Nous r\u00e9alisons l&rsquo;entretien et le m\u00e9nage d&rsquo;appartements \u00e0 Morges. G\u00e9n\u00e9ralement, nous sommes contact\u00e9s pour nettoyer un appartement avant l&rsquo;\u00e9tat des lieux.<\/p>\n<p>Note : il est n\u00e9cessaire de savoir que si le m\u00e9nage de l&rsquo;appartement n&rsquo;est pas r\u00e9alis\u00e9 correctement, le propri\u00e9taire a le droit de faire appel \u00e0 une entreprise de nettoyage et conserver une part de votre d\u00e9p\u00f4t de garantie.<\/p>\n<p>Le m\u00e9nage avant l&rsquo;\u00e9tat des lieux inclut notamment les services suivants :<\/p>\n<p>&#8211; Le nettoyage des surfaces : les murs, les sols, les parquets, les moquettes et les carrelages.<\/p>\n<p>&#8211; Le nettoyage des vitres et fen\u00eatres.<\/p>\n<p>&#8211; Entretien des toilettes et de la salle d&rsquo;eau.<\/p>\n<p>&#8211; Le service de nettoyage du coin cuisine et de la h\u00f4te de cuisine.<\/p>\n<p>&#8211; Le nettoyage des amas de poussi\u00e8re sur le mobilier d&rsquo;int\u00e9rieur.<\/p>\n<h3>Vous d\u00e9sirez un nettoyage fr\u00e9quent de votre logement\u202f?<\/h3>\n<p>Notre entreprise propose des services d&rsquo;entretien personnalis\u00e9s, adapt\u00e9s \u00e0 vos demandes, nous pouvons intervenir de fa\u00e7ons hebdomadaires, bihebdomadaires ou mensuelles.<\/p>\n<h3>Entretien en profondeur de votre r\u00e9sidence et de votre appartement \u00e0 Morges<\/h3>\n<p>Artisanlocal vous propose des services pour nettoyer en profondeur votre maison ou votre appartement, en compl\u00e9ment de notre service de m\u00e9nage standard.<\/p>\n<h3>Quels sont les b\u00e9n\u00e9fices d&rsquo;effectuer un nettoyage en profondeur avec notre soci\u00e9t\u00e9 ?<\/h3>\n<p>L&rsquo;avantage majeur du m\u00e9nage en profondeur est d&rsquo;enlever les poussi\u00e8res qui se sont accumul\u00e9es avec le temps, pour rendre votre appartement sans danger pour la sant\u00e9. Un m\u00e9nage en profondeur est \u00e9galement un moyen d&rsquo;\u00e9liminer les mauvaises odeurs.<\/p>\n<h3>Service d&rsquo;entretien de bureaux \u00e0 Morges<\/h3>\n<p>S&rsquo;adresser \u00e0 Artisanlocal pour le nettoyage de bureaux est la solution la plus efficace. Vous ferez des \u00e9conomies de temps et d&rsquo;\u00e9nergie ! Nous proposons des services de nettoyage \u00e0 l&rsquo;ann\u00e9e qui s&rsquo;ajustera \u00e0 vos besoins et \u00e0 votre budget. D\u00e9couvrez nos services de m\u00e9nage pour les bureaux :<\/p>\n<ul>\n<li>Lavage de vos tapis et des fen\u00eatres.<\/li>\n<li>Nettoyage de sofas, de si\u00e8ges de bureau, de canap\u00e9 en tissu ou en cuir brut ou naturel.<\/li>\n<li>Gestion des d\u00e9chets.<\/li>\n<li>Service de nettoyage des amas de poussi\u00e8re.<\/li>\n<li>Passage de l&rsquo;aspirateur et nettoyage des planchers.<\/li>\n<\/ul>\n<h3>Soci\u00e9t\u00e9 de nettoyage pour votre villa \u00e0 Morges<\/h3>\n<p>Pour pr\u00e9server l&rsquo;int\u00e9rieur de votre villa, il faut r\u00e9aliser un m\u00e9nage fr\u00e9quent. \u00c0 notre \u00e9poque, la majorit\u00e9 des Suisses ont un planning charg\u00e9 et cela rend difficile la r\u00e9alisation des corv\u00e9es domestiques, c&rsquo;est ici que notre entreprise peut vous seconder dans votre m\u00e9nage de tous les jours.<\/p>\n<h2>Pourquoi engager artisanlocal pour r\u00e9aliser le m\u00e9nage des r\u00e9sidences \u00e0 Morges ?<\/h2>\n<p>Si vous \u00eates un Morgien, vous avez peut-\u00eatre des probl\u00e8mes \u00e0 conserver votre int\u00e9rieur propre et en ordre. Nos solutions sont adapt\u00e9es \u00e0 vos attentes, avec notre entreprise, vous \u00eates capable de :<\/p>\n<h3>Mieux g\u00e9rer votre espace<\/h3>\n<p>Un habitat mal rang\u00e9 peut \u00eatre une cause de difficult\u00e9s dans votre quotidien (perte de temps, tensions avec son conjoint, etc.). Artisanlocal.ch met \u00e0 disposition des prestations de m\u00e9nage pour les appartements et les maisons. Afin de :<\/p>\n<h3>Cr\u00e9er une atmosph\u00e8re plus accueillante<\/h3>\n<p>En effet, une maison bien organis\u00e9e permet \u00e0 vos invit\u00e9s de vous sentir plus \u00e0 l&rsquo;aise.<\/p>\n<h3>Conserver sa sant\u00e9 et son bien-\u00eatre \u00e9motionnel<\/h3>\n<p>Laisser la salet\u00e9 et la poussi\u00e8re dans votre int\u00e9rieur peut entrainer des risques pour la sant\u00e9, comme d\u00e9clencher des r\u00e9actions allergiques ou amplifier celles d\u00e9j\u00e0 existantes. En faisant appel \u00e0 une entreprise de nettoyage, vous baissez le potentiel risque d&rsquo;allergies.<\/p>\n<h3>M\u00e9nage \u00e0 Morges et dans les environs<\/h3>\n<p>Nous intervenons \u00e0 Morges et dans les villes \u00e0 proximit\u00e9s \u00e0 : Chavannes-pr\u00e8s-Renens, Ecublens VD, St-Sulpice VD, Denges, Echandens, Lonay, Pr\u00e9verenges, Villars-Ste-Croix, Bussigny, Echichens, St-Saphorin-sur-Morges, Colombier VD, Vullierens, Bremblens, Romanel-sur-Morges, Aclens, Monnaz, Vaux-sur-Morges, Clarmont, Reverolle, Tolochenaz, Lully VD, Chigny, Vufflens-le-Ch\u00e2teau, Denens, Bussy-Chardonney, St-Prex, Lussy-sur-Morges.<\/p>\n","protected":false},"excerpt":{"rendered":"<p>Besoin d&rsquo;une soci\u00e9t\u00e9 nettoyage \u00e0 Morges ? Artisanlocal propose un service de nettoyage complet pour les professionnels et les particuliers. Notre \u00e9quipe d&rsquo;experts chevronn\u00e9s s&rsquo;engage \u00e0 r\u00e9aliser des prestations de qualit\u00e9 et sur mesure. Pourquoi travailler avec notre soci\u00e9t\u00e9 ? Il est possible de planifier un rendez-vous avec notre entreprise aujourd&rsquo;hui. Nous utilisons les derni\u00e8res [&hellip;]<\/p>\n","protected":false},"author":4,"featured_media":2754,"parent":0,"menu_order":0,"comment_status":"closed","ping_status":"closed","template":"","meta":{"footnotes":""},"profession":[108],"location":[56],"canton":[113],"class_list":["post-406","page","type-page","status-publish","has-post-thumbnail","hentry","profession-agent-de-proprete","location-morges","canton-vd"],"yoast_head":"<!-- This site is optimized with the Yoast SEO Premium plugin v25.7.1 (Yoast SEO v27.3) - https:\/\/yoast.com\/product\/yoast-seo-premium-wordpress\/ -->\n<title>Entreprise de nettoyage \u00e0 Morges - Artisanlocal<\/title>\n<meta name=\"robots\" content=\"index, follow, max-snippet:-1, max-image-preview:large, max-video-preview:-1\" \/>\n<link rel=\"canonical\" href=\"https:\/\/www.artisanlocal.ch\/c\/entreprise-de-nettoyage-de-bureaux-et-dhebergements-a-morges\/\" \/>\n<meta property=\"og:locale\" content=\"fr_FR\" \/>\n<meta property=\"og:type\" content=\"article\" \/>\n<meta property=\"og:title\" content=\"Entreprise de nettoyage \u00e0 Morges\" \/>\n<meta property=\"og:description\" content=\"Besoin d&rsquo;une soci\u00e9t\u00e9 nettoyage \u00e0 Morges ? Artisanlocal propose un service de nettoyage complet pour les professionnels et les particuliers. Notre \u00e9quipe d&rsquo;experts chevronn\u00e9s s&rsquo;engage \u00e0 r\u00e9aliser des prestations de qualit\u00e9 et sur mesure. Pourquoi travailler avec notre soci\u00e9t\u00e9 ? Il est possible de planifier un rendez-vous avec notre entreprise aujourd&rsquo;hui. Nous utilisons les derni\u00e8res [&hellip;]\" \/>\n<meta property=\"og:url\" content=\"https:\/\/www.artisanlocal.ch\/c\/entreprise-de-nettoyage-de-bureaux-et-dhebergements-a-morges\/\" \/>\n<meta property=\"og:site_name\" content=\"Artisanlocal\" \/>\n<meta property=\"article:modified_time\" content=\"2025-08-26T23:33:56+00:00\" \/>\n<meta property=\"og:image\" content=\"https:\/\/www.artisanlocal.ch\/c\/wp-content\/uploads\/2024\/10\/agent-proprete.jpg\" \/>\n\t<meta property=\"og:image:width\" content=\"1920\" \/>\n\t<meta property=\"og:image:height\" content=\"300\" \/>\n\t<meta property=\"og:image:type\" content=\"image\/jpeg\" \/>\n<meta name=\"twitter:card\" content=\"summary_large_image\" \/>\n<meta name=\"twitter:label1\" content=\"Dur\u00e9e de lecture estim\u00e9e\" \/>\n\t<meta name=\"twitter:data1\" content=\"5 minutes\" \/>\n<script type=\"application\/ld+json\" class=\"yoast-schema-graph\">{\"@context\":\"https:\\\/\\\/schema.org\",\"@graph\":[{\"@type\":\"WebPage\",\"@id\":\"https:\\\/\\\/www.artisanlocal.ch\\\/c\\\/entreprise-de-nettoyage-de-bureaux-et-dhebergements-a-morges\\\/\",\"url\":\"https:\\\/\\\/www.artisanlocal.ch\\\/c\\\/entreprise-de-nettoyage-de-bureaux-et-dhebergements-a-morges\\\/\",\"name\":\"Entreprise de nettoyage \u00e0 Morges - Artisanlocal\",\"isPartOf\":{\"@id\":\"https:\\\/\\\/www.artisanlocal.ch\\\/c\\\/#website\"},\"primaryImageOfPage\":{\"@id\":\"https:\\\/\\\/www.artisanlocal.ch\\\/c\\\/entreprise-de-nettoyage-de-bureaux-et-dhebergements-a-morges\\\/#primaryimage\"},\"image\":{\"@id\":\"https:\\\/\\\/www.artisanlocal.ch\\\/c\\\/entreprise-de-nettoyage-de-bureaux-et-dhebergements-a-morges\\\/#primaryimage\"},\"thumbnailUrl\":\"https:\\\/\\\/www.artisanlocal.ch\\\/c\\\/wp-content\\\/uploads\\\/2024\\\/10\\\/agent-proprete.jpg\",\"datePublished\":\"2024-04-16T16:38:11+00:00\",\"dateModified\":\"2025-08-26T23:33:56+00:00\",\"breadcrumb\":{\"@id\":\"https:\\\/\\\/www.artisanlocal.ch\\\/c\\\/entreprise-de-nettoyage-de-bureaux-et-dhebergements-a-morges\\\/#breadcrumb\"},\"inLanguage\":\"fr-FR\",\"potentialAction\":[{\"@type\":\"ReadAction\",\"target\":[\"https:\\\/\\\/www.artisanlocal.ch\\\/c\\\/entreprise-de-nettoyage-de-bureaux-et-dhebergements-a-morges\\\/\"]}]},{\"@type\":\"ImageObject\",\"inLanguage\":\"fr-FR\",\"@id\":\"https:\\\/\\\/www.artisanlocal.ch\\\/c\\\/entreprise-de-nettoyage-de-bureaux-et-dhebergements-a-morges\\\/#primaryimage\",\"url\":\"https:\\\/\\\/www.artisanlocal.ch\\\/c\\\/wp-content\\\/uploads\\\/2024\\\/10\\\/agent-proprete.jpg\",\"contentUrl\":\"https:\\\/\\\/www.artisanlocal.ch\\\/c\\\/wp-content\\\/uploads\\\/2024\\\/10\\\/agent-proprete.jpg\",\"width\":1920,\"height\":300},{\"@type\":\"BreadcrumbList\",\"@id\":\"https:\\\/\\\/www.artisanlocal.ch\\\/c\\\/entreprise-de-nettoyage-de-bureaux-et-dhebergements-a-morges\\\/#breadcrumb\",\"itemListElement\":[{\"@type\":\"ListItem\",\"position\":1,\"name\":\"Accueil\",\"item\":\"https:\\\/\\\/www.artisanlocal.ch\\\/c\\\/\"},{\"@type\":\"ListItem\",\"position\":2,\"name\":\"Entreprise de nettoyage \u00e0 Morges\"}]},{\"@type\":\"WebSite\",\"@id\":\"https:\\\/\\\/www.artisanlocal.ch\\\/c\\\/#website\",\"url\":\"https:\\\/\\\/www.artisanlocal.ch\\\/c\\\/\",\"name\":\"Artisanlocal\",\"description\":\"\",\"publisher\":{\"@id\":\"https:\\\/\\\/www.artisanlocal.ch\\\/c\\\/#organization\"},\"potentialAction\":[{\"@type\":\"SearchAction\",\"target\":{\"@type\":\"EntryPoint\",\"urlTemplate\":\"https:\\\/\\\/www.artisanlocal.ch\\\/c\\\/?s={search_term_string}\"},\"query-input\":{\"@type\":\"PropertyValueSpecification\",\"valueRequired\":true,\"valueName\":\"search_term_string\"}}],\"inLanguage\":\"fr-FR\"},{\"@type\":\"Organization\",\"@id\":\"https:\\\/\\\/www.artisanlocal.ch\\\/c\\\/#organization\",\"name\":\"Artisanlocal\",\"url\":\"https:\\\/\\\/www.artisanlocal.ch\\\/c\\\/\",\"logo\":{\"@type\":\"ImageObject\",\"inLanguage\":\"fr-FR\",\"@id\":\"https:\\\/\\\/www.artisanlocal.ch\\\/c\\\/#\\\/schema\\\/logo\\\/image\\\/\",\"url\":\"https:\\\/\\\/www.artisanlocal.ch\\\/c\\\/wp-content\\\/uploads\\\/2024\\\/02\\\/logo-artisanlocal-h.svg\",\"contentUrl\":\"https:\\\/\\\/www.artisanlocal.ch\\\/c\\\/wp-content\\\/uploads\\\/2024\\\/02\\\/logo-artisanlocal-h.svg\",\"caption\":\"Artisanlocal\"},\"image\":{\"@id\":\"https:\\\/\\\/www.artisanlocal.ch\\\/c\\\/#\\\/schema\\\/logo\\\/image\\\/\"}}]}<\/script>\n<!-- \/ Yoast SEO Premium plugin. -->","yoast_head_json":{"title":"Entreprise de nettoyage \u00e0 Morges - Artisanlocal","robots":{"index":"index","follow":"follow","max-snippet":"max-snippet:-1","max-image-preview":"max-image-preview:large","max-video-preview":"max-video-preview:-1"},"canonical":"https:\/\/www.artisanlocal.ch\/c\/entreprise-de-nettoyage-de-bureaux-et-dhebergements-a-morges\/","og_locale":"fr_FR","og_type":"article","og_title":"Entreprise de nettoyage \u00e0 Morges","og_description":"Besoin d&rsquo;une soci\u00e9t\u00e9 nettoyage \u00e0 Morges ? Artisanlocal propose un service de nettoyage complet pour les professionnels et les particuliers. Notre \u00e9quipe d&rsquo;experts chevronn\u00e9s s&rsquo;engage \u00e0 r\u00e9aliser des prestations de qualit\u00e9 et sur mesure. Pourquoi travailler avec notre soci\u00e9t\u00e9 ? Il est possible de planifier un rendez-vous avec notre entreprise aujourd&rsquo;hui. Nous utilisons les derni\u00e8res [&hellip;]","og_url":"https:\/\/www.artisanlocal.ch\/c\/entreprise-de-nettoyage-de-bureaux-et-dhebergements-a-morges\/","og_site_name":"Artisanlocal","article_modified_time":"2025-08-26T23:33:56+00:00","og_image":[{"width":1920,"height":300,"url":"https:\/\/www.artisanlocal.ch\/c\/wp-content\/uploads\/2024\/10\/agent-proprete.jpg","type":"image\/jpeg"}],"twitter_card":"summary_large_image","twitter_misc":{"Dur\u00e9e de lecture estim\u00e9e":"5 minutes"},"schema":{"@context":"https:\/\/schema.org","@graph":[{"@type":"WebPage","@id":"https:\/\/www.artisanlocal.ch\/c\/entreprise-de-nettoyage-de-bureaux-et-dhebergements-a-morges\/","url":"https:\/\/www.artisanlocal.ch\/c\/entreprise-de-nettoyage-de-bureaux-et-dhebergements-a-morges\/","name":"Entreprise de nettoyage \u00e0 Morges - Artisanlocal","isPartOf":{"@id":"https:\/\/www.artisanlocal.ch\/c\/#website"},"primaryImageOfPage":{"@id":"https:\/\/www.artisanlocal.ch\/c\/entreprise-de-nettoyage-de-bureaux-et-dhebergements-a-morges\/#primaryimage"},"image":{"@id":"https:\/\/www.artisanlocal.ch\/c\/entreprise-de-nettoyage-de-bureaux-et-dhebergements-a-morges\/#primaryimage"},"thumbnailUrl":"https:\/\/www.artisanlocal.ch\/c\/wp-content\/uploads\/2024\/10\/agent-proprete.jpg","datePublished":"2024-04-16T16:38:11+00:00","dateModified":"2025-08-26T23:33:56+00:00","breadcrumb":{"@id":"https:\/\/www.artisanlocal.ch\/c\/entreprise-de-nettoyage-de-bureaux-et-dhebergements-a-morges\/#breadcrumb"},"inLanguage":"fr-FR","potentialAction":[{"@type":"ReadAction","target":["https:\/\/www.artisanlocal.ch\/c\/entreprise-de-nettoyage-de-bureaux-et-dhebergements-a-morges\/"]}]},{"@type":"ImageObject","inLanguage":"fr-FR","@id":"https:\/\/www.artisanlocal.ch\/c\/entreprise-de-nettoyage-de-bureaux-et-dhebergements-a-morges\/#primaryimage","url":"https:\/\/www.artisanlocal.ch\/c\/wp-content\/uploads\/2024\/10\/agent-proprete.jpg","contentUrl":"https:\/\/www.artisanlocal.ch\/c\/wp-content\/uploads\/2024\/10\/agent-proprete.jpg","width":1920,"height":300},{"@type":"BreadcrumbList","@id":"https:\/\/www.artisanlocal.ch\/c\/entreprise-de-nettoyage-de-bureaux-et-dhebergements-a-morges\/#breadcrumb","itemListElement":[{"@type":"ListItem","position":1,"name":"Accueil","item":"https:\/\/www.artisanlocal.ch\/c\/"},{"@type":"ListItem","position":2,"name":"Entreprise de nettoyage \u00e0 Morges"}]},{"@type":"WebSite","@id":"https:\/\/www.artisanlocal.ch\/c\/#website","url":"https:\/\/www.artisanlocal.ch\/c\/","name":"Artisanlocal","description":"","publisher":{"@id":"https:\/\/www.artisanlocal.ch\/c\/#organization"},"potentialAction":[{"@type":"SearchAction","target":{"@type":"EntryPoint","urlTemplate":"https:\/\/www.artisanlocal.ch\/c\/?s={search_term_string}"},"query-input":{"@type":"PropertyValueSpecification","valueRequired":true,"valueName":"search_term_string"}}],"inLanguage":"fr-FR"},{"@type":"Organization","@id":"https:\/\/www.artisanlocal.ch\/c\/#organization","name":"Artisanlocal","url":"https:\/\/www.artisanlocal.ch\/c\/","logo":{"@type":"ImageObject","inLanguage":"fr-FR","@id":"https:\/\/www.artisanlocal.ch\/c\/#\/schema\/logo\/image\/","url":"https:\/\/www.artisanlocal.ch\/c\/wp-content\/uploads\/2024\/02\/logo-artisanlocal-h.svg","contentUrl":"https:\/\/www.artisanlocal.ch\/c\/wp-content\/uploads\/2024\/02\/logo-artisanlocal-h.svg","caption":"Artisanlocal"},"image":{"@id":"https:\/\/www.artisanlocal.ch\/c\/#\/schema\/logo\/image\/"}}]}},"_links":{"self":[{"href":"https:\/\/www.artisanlocal.ch\/c\/wp-json\/wp\/v2\/pages\/406","targetHints":{"allow":["GET"]}}],"collection":[{"href":"https:\/\/www.artisanlocal.ch\/c\/wp-json\/wp\/v2\/pages"}],"about":[{"href":"https:\/\/www.artisanlocal.ch\/c\/wp-json\/wp\/v2\/types\/page"}],"author":[{"embeddable":true,"href":"https:\/\/www.artisanlocal.ch\/c\/wp-json\/wp\/v2\/users\/4"}],"replies":[{"embeddable":true,"href":"https:\/\/www.artisanlocal.ch\/c\/wp-json\/wp\/v2\/comments?post=406"}],"version-history":[{"count":0,"href":"https:\/\/www.artisanlocal.ch\/c\/wp-json\/wp\/v2\/pages\/406\/revisions"}],"wp:featuredmedia":[{"embeddable":true,"href":"https:\/\/www.artisanlocal.ch\/c\/wp-json\/wp\/v2\/media\/2754"}],"wp:attachment":[{"href":"https:\/\/www.artisanlocal.ch\/c\/wp-json\/wp\/v2\/media?parent=406"}],"wp:term":[{"taxonomy":"profession","embeddable":true,"href":"https:\/\/www.artisanlocal.ch\/c\/wp-json\/wp\/v2\/profession?post=406"},{"taxonomy":"location","embeddable":true,"href":"https:\/\/www.artisanlocal.ch\/c\/wp-json\/wp\/v2\/location?post=406"},{"taxonomy":"canton","embeddable":true,"href":"https:\/\/www.artisanlocal.ch\/c\/wp-json\/wp\/v2\/canton?post=406"}],"curies":[{"name":"wp","href":"https:\/\/api.w.org\/{rel}","templated":true}]}}