{"id":408,"date":"2024-04-16T18:38:23","date_gmt":"2024-04-16T16:38:23","guid":{"rendered":"https:\/\/www.artisanlocal.ch\/c\/nettoyage-de-bureaux-et-dhebergements-a-nyon\/"},"modified":"2025-08-27T01:33:54","modified_gmt":"2025-08-26T23:33:54","slug":"nettoyage-de-bureaux-et-dhebergements-a-nyon","status":"publish","type":"page","link":"https:\/\/www.artisanlocal.ch\/c\/nettoyage-de-bureaux-et-dhebergements-a-nyon\/","title":{"rendered":"Entreprise de Nettoyage \u00e0 Nyon"},"content":{"rendered":"<p>Besoin d&rsquo;une soci\u00e9t\u00e9 de nettoyage \u00e0 Nyon ? Notre entreprise propose des services de nettoyage pour les professionnels et les particuliers.<br \/>\n\r\n<div class=\"box\">\r\n            <div class=\"company-info\">\r\n            <img decoding=\"async\" class=\"company-info__logo\" src=\"https:\/\/www.artisanlocal.ch\/media\/cache\/thumb\/images\/companies\/67e3d456ea2a5708534307.png\" alt=\"Logo\">\r\n            <h2 class=\"company-info__name\">A.D.V. Travaux Multisols SARL<\/h2>\r\n            <p class=\"company-info__business\">Entreprise de nettoyage - Entretien - Nettoyage de b\u00e2timents - Entretien et nettoyage de Tapis - Conciergerie - Parquet - Rev\u00eatements de sols - Peinture<\/p>\r\n        <\/div>\r\n        <div class=\"company-contact\">\r\n            <p class=\"company-info__address\">Avenue d'A\u00efre 45<\/p>\r\n                            <div class=\"links\">\r\n                                            <a class=\"btn has-accent-background-color js-phoneNumber\" href=\"tel:0767303991\" title=\"Appelez\" data-id=\"26934\" data-type=\"11\">076 730 39 91<\/a>\r\n                                                                <a class=\"btn has-accent-background-color\" href=\"https:\/\/www.adv-travaux-multisols.ch\/\" target=\"_blank\" title=\"Voir le site internet\" data-id=\"26934\" data-type=\"20\">Site internet<\/a>\r\n                                    <\/div>\r\n                    <\/div>\r\n    \r\n            \r\n<form action=\"https:\/\/www.artisanlocal.ch\/c\/wp-admin\/admin-ajax.php\" method=\"post\" class=\"form-contact\" id=\"artisan_form_contact_company_inline\">\r\n    <div><input type=\"hidden\" name=\"action\" value=\"company_contact\"><\/div>\r\n    <div><input type=\"hidden\" name=\"nonce\" value=\"972bc58192\"><\/div>\r\n    <div><input type=\"hidden\" name=\"company_id\" value=\"26934\"><\/div>\r\n    <div><input type=\"hidden\" name=\"form_id\" value=\"artisan_form_contact_company_inline\"><\/div>\r\n    <div class=\"gglcptch gglcptch_v3 gglcptch_custom\"><input type=\"hidden\" id=\"g-recaptcha-response\" name=\"g-recaptcha-response\" \/><br \/><div class=\"gglcptch_error_text\">La p\u00e9riode de v\u00e9rification reCAPTCHA a expir\u00e9. Veuillez recharger la page.<\/div><\/div>    <div class=\"form-content\">\r\n        <div class=\"form-group\">\r\n            <label for=\"contact_firstName\" class=\"required\">Pr\u00e9nom<\/label>\r\n            <input type=\"text\" name=\"firstName\" class=\"form-control\" required>\r\n        <\/div>\r\n        <div class=\"form-group\">\r\n            <label for=\"contact_lastName\" class=\"required\">Nom<\/label>\r\n            <input type=\"text\" name=\"lastName\" class=\"form-control\" required>\r\n        <\/div>\r\n        <div class=\"form-group\">\r\n            <label for=\"contact_email\" class=\"required\">Email<\/label>\r\n            <input type=\"email\" name=\"email\" class=\"form-control\" required>\r\n        <\/div>\r\n        <div class=\"form-group\">\r\n            <label for=\"contact_phone\" class=\"required\">Num\u00e9ro de t\u00e9l\u00e9phone<\/label>\r\n            <input type=\"tel\" name=\"phone\" class=\"form-control\" placeholder=\"0787117165\" pattern=\"^[0-9]{10}$\" required>\r\n        <\/div>\r\n        <div class=\"form-group\">\r\n            <label for=\"contact_postalCode\" class=\"required\">Code postal et localit\u00e9<\/label>\r\n            <input type=\"text\" name=\"postalCode\" class=\"form-control\" required>\r\n        <\/div>\r\n        <div class=\"form-group\">\r\n            <label for=\"contact_address\" class=\"required\">Adresse<\/label>\r\n            <input type=\"text\" name=\"address\" class=\"form-control\" required>\r\n        <\/div>\r\n        <div class=\"full-width topic\">\r\n            <p class=\"required\">Je souhaite \u00eatre contact\u00e9 pour :<\/p>\r\n            <div class=\"form-check\">\r\n                <input type=\"radio\" name=\"topic\" value=\"D\u00e9pannage\" class=\"form-control\" required>\r\n                <label for=\"d\u00e9pannage\">D\u00e9pannage<\/label>\r\n            <\/div>\r\n            <div class=\"form-check\">\r\n                <input type=\"radio\" name=\"topic\" value=\"Entretien\" class=\"form-control\" required>\r\n                <label for=\"entretien\">Entretien<\/label>\r\n            <\/div>\r\n            <div class=\"form-check\">\r\n                <input type=\"radio\" name=\"topic\" value=\"R\u00e9novation\" class=\"form-control\" required>\r\n                <label for=\"r\u00e9novation\">R\u00e9novation<\/label>\r\n            <\/div>\r\n            <div class=\"form-check\">\r\n                <input type=\"radio\" name=\"topic\" value=\"Autre\" class=\"form-control\" required>\r\n                <label for=\"autre\">Autre<\/label>\r\n            <\/div>\r\n        <\/div>\r\n        <div class=\"form-group full-width\">\r\n            <label for=\"contact_message\">Message<\/label>\r\n            <textarea name=\"message\" rows=\"3\" class=\"form-control\"><\/textarea>\r\n        <\/div>\r\n    <\/div>\r\n    <div class=\"form-actions\">\r\n        <button class=\"wp-block-button__link has-accent-background-color\">Contacter<\/button>\r\n    <\/div>\r\n<\/form>\r\n<div class=\"form-feedback\"><\/div>    <\/div><\/p>\n<h2>Pourquoi travailler avec notre entreprise ?<\/h2>\n<ul>\n<li>Il est possible de r\u00e9server un rendez-vous avec notre soci\u00e9t\u00e9 dans la journ\u00e9e.<\/li>\n<li>Nos sp\u00e9cialistes en nettoyage et entretien sont tous form\u00e9s avec les derni\u00e8res m\u00e9thodes.<\/li>\n<li>Nous employons des produits durables pour l&rsquo;environnement.<\/li>\n<li>Nos devis sont gratuits.<\/li>\n<\/ul>\n<h2>Entreprise de m\u00e9nage de confiance<\/h2>\n<p>Nous proposons des services de nettoyage pour r\u00e9pondre aux attentes de chacun de nos clients. Si vous avez besoin d&rsquo;un service de nettoyage complet de votre int\u00e9rieur, d&rsquo;un m\u00e9nage occasionnel ou d&rsquo;un service d&rsquo;entretien r\u00e9gulier, nous sommes l\u00e0 pour vous. D\u00e9couvrez nos services les plus g\u00e9n\u00e9ralement r\u00e9alis\u00e9s \u00e0 Nyon :<\/p>\n<ul>\n<li>Service de m\u00e9nage lors de votre changement de domicile.<\/li>\n<li>Nettoyage pour les propri\u00e9taires d&rsquo;Airbnb.<\/li>\n<li>Nettoyage de bureaux et locaux commerciaux.<\/li>\n<li>Nettoyage apr\u00e8s une r\u00e9novation.<\/li>\n<\/ul>\n<h2>Quelles sont les solutions de nettoyage qu&rsquo;Artisanlocal ?<\/h2>\n<ul>\n<li>Services de m\u00e9nage pour les locations courtes,<\/li>\n<li>service de nettoyage d&rsquo;appartements,<\/li>\n<li>nettoyage d&rsquo;appareils \u00e9lectrom\u00e9nagers,<\/li>\n<li>nettoyage et entretien du jardin,<\/li>\n<li>services de propret\u00e9 pour les sous-sols,<\/li>\n<li>assainissement des surfaces pour lutter contre les virus,<\/li>\n<li>lavage de la vaisselle,<\/li>\n<li>nettoyage des salles de gym,<\/li>\n<li>lavage des sols,<\/li>\n<li>nettoyage des h\u00f4pitaux,<\/li>\n<li>m\u00e9nage et nettoyage apr\u00e8s un changement de logement,<\/li>\n<li>nettoyage de bureaux,<\/li>\n<li>service de propret\u00e9 apr\u00e8s travaux de r\u00e9novation,<\/li>\n<li>m\u00e9nage des salles d&rsquo;eau,<\/li>\n<li>nettoyage des petits commerces,<\/li>\n<li>nettoyage des salles de classe,<\/li>\n<li>nettoyage de vitres.<\/li>\n<\/ul>\n<h2>Nettoyage d&rsquo;appartement \u00e0 Nyon<\/h2>\n<p>Vous r\u00e9sidez \u00e0 Nyon ? Nous pouvons r\u00e9aliser le m\u00e9nage de votre appartement avant l&rsquo;\u00e9tat des lieux par exemple.<\/p>\n<p>Il faut savoir que si le m\u00e9nage de l&rsquo;appartement n&rsquo;est pas effectu\u00e9 correctement, le propri\u00e9taire peut faire appel \u00e0 une soci\u00e9t\u00e9 de nettoyage et garder une partie de votre caution.<\/p>\n<p>Les services de m\u00e9nage pour l&rsquo;\u00e9tat des lieux comprennent :<\/p>\n<ul>\n<li>L&rsquo;entretien des surfaces : murs, sols, moquettes, parquets et carrelages.<\/li>\n<li>Le service de nettoyage des vitres et des fen\u00eatres.<\/li>\n<li>Le nettoyage de la salle de bain et des WC.<\/li>\n<li>Le service de nettoyage du coin cuisine et de la h\u00f4te de cuisine.<\/li>\n<li>L&rsquo;\u00e9limination des poussi\u00e8res sur le mobilier.<\/li>\n<\/ul>\n<h3>Vous avez besoin d&rsquo;un nettoyage continu pour votre appartement\u202f?<\/h3>\n<p>Notre soci\u00e9t\u00e9 propose des services de nettoyage sur mesure, adapt\u00e9s \u00e0 vos demandes, avec des interventions chaque semaine, toutes les deux semaines ou chaque mois.<\/p>\n<h3>Nettoyage en profondeur de votre maison et de votre appartement \u00e0 Nyon<\/h3>\n<p>Artisanlocal vous propose des services de m\u00e9nage en profondeur pour votre maison ou votre appartement, en plus de notre service de nettoyage classique.<\/p>\n<h3>Quels sont les avantages d&rsquo;effectuer un entretien approfondi avec notre soci\u00e9t\u00e9 ?<\/h3>\n<p>L&rsquo;avantage d&rsquo;un m\u00e9nage en profondeur est d&rsquo;\u00e9liminer la salet\u00e9, la poussi\u00e8re et la crasse qui se sont empil\u00e9es au fil du temps, ce qui am\u00e9liore la qualit\u00e9 de l&rsquo;aire int\u00e9rieure de votre domicile. De plus, un m\u00e9nage approfondi favorise l&rsquo;\u00e9limination des mauvaises odeurs.<\/p>\n<h3>Service de nettoyage de bureaux \u00e0 Nyon<\/h3>\n<p>Faire appel \u00e0 Artisanlocal pour l&rsquo;entretien de vos bureaux est la meilleure solution. Vous ferez des \u00e9conomies de temps et d&rsquo;\u00e9nergie ! Nous proposons des prestations de m\u00e9nages \u00e0 l&rsquo;ann\u00e9e qui s&rsquo;ajustera \u00e0 vos exigences et \u00e0 votre budget. D\u00e9couvrez nos services d&rsquo;entretien pour les bureaux, comme :<\/p>\n<ul>\n<li>L&rsquo;entretien de moquettes et lavage de vitres de bureau.<\/li>\n<li>L&rsquo;entretien du mobilier de bureau en tissu ou cuir (des fauteuils, des locaux professionnels, des divans).<\/li>\n<li>L&rsquo;enl\u00e8vement des d\u00e9chets.<\/li>\n<li>Le service de nettoyage des amas de poussi\u00e8re.<\/li>\n<li>Le passage de l&rsquo;aspirateur et lavage des sols.<\/li>\n<\/ul>\n<h3>Entreprise de nettoyage pour votre propri\u00e9t\u00e9 \u00e0 Nyon<\/h3>\n<p>Pour garder l&rsquo;int\u00e9rieur de votre maison entretenue, il faut r\u00e9aliser un nettoyage journalier. De nos jours, la majorit\u00e9 des individus ont un calendrier rempli et cela complique la r\u00e9alisation des t\u00e2ches domestiques quotidiennes, c&rsquo;est ici que notre soci\u00e9t\u00e9 peut vous aider dans vos corv\u00e9es m\u00e9nag\u00e8res.<\/p>\n<h2>Pourquoi faire appel \u00e0 une entreprise de m\u00e9nage des propri\u00e9t\u00e9s \u00e0 Nyon ?<\/h2>\n<p>Si vous \u00eates un Nyonnais, vous avez potentiellement des probl\u00e8mes \u00e0 conserver votre int\u00e9rieur propre et en ordre. Notre gamme de services vous aidera \u00e0 conserver votre habitation aussi propre que possible. En ayant recours \u00e0 notre soci\u00e9t\u00e9, vous allez pouvoir :<\/p>\n<h3>Mieux organiser votre espace<\/h3>\n<p>Un int\u00e9rieur mal organis\u00e9 peut \u00eatre une cause de probl\u00e8mes (perte de temps ou cr\u00e9er des tensions avec votre conjoint). Artisanlocal offre des services de nettoyage pour votre r\u00e9sidence de fa\u00e7on a mieux organis\u00e9 votre lieu de vie, ce qui vous donne la possibilit\u00e9, de :<\/p>\n<h3>Cr\u00e9er une atmosph\u00e8re zen<\/h3>\n<p>Effectivement, une propri\u00e9t\u00e9 bien organis\u00e9e vous aidera ainsi que vos invit\u00e9s \u00e0 vous sentir plus \u00e0 l&rsquo;aise.<\/p>\n<h3>Rester en bonne forme et heureux<\/h3>\n<p>Ne pas \u00e9liminer la poussi\u00e8re et la salet\u00e9 dans votre maison peut pr\u00e9senter des risques pour la sant\u00e9, comme d\u00e9clencher des allergies ou aggraver celles d\u00e9j\u00e0 existantes. En faisant appel \u00e0 une soci\u00e9t\u00e9 de m\u00e9nage, comme Artisanlocal, vous r\u00e9duisez le risque d&rsquo;allergies.<\/p>\n<h2>Entreprise de nettoyage \u00e0 Nyon et dans les alentours<\/h2>\n<p>Nous intervenons \u00e0 Nyon et \u00e0 : Gland, Prangins, Le Vaud, Eysins, Crassier, St-Cergue, La Cure, Duillier, Coinsins, Vich, Begnins, Bassins, Tr\u00e9lex, Givrins, Genolier, Arzier-Le Muids, Grens, Signy, Ch\u00e9serex, Gingins, Arnex-sur-Nyon, Borex, La Rippe, Crans VD.<\/p>\n","protected":false},"excerpt":{"rendered":"<p>Besoin d&rsquo;une soci\u00e9t\u00e9 de nettoyage \u00e0 Nyon ? Notre entreprise propose des services de nettoyage pour les professionnels et les particuliers. Pourquoi travailler avec notre entreprise ? Il est possible de r\u00e9server un rendez-vous avec notre soci\u00e9t\u00e9 dans la journ\u00e9e. Nos sp\u00e9cialistes en nettoyage et entretien sont tous form\u00e9s avec les derni\u00e8res m\u00e9thodes. Nous employons [&hellip;]<\/p>\n","protected":false},"author":4,"featured_media":2754,"parent":0,"menu_order":0,"comment_status":"closed","ping_status":"closed","template":"","meta":{"footnotes":""},"profession":[108],"location":[103],"canton":[113],"class_list":["post-408","page","type-page","status-publish","has-post-thumbnail","hentry","profession-agent-de-proprete","location-nyon","canton-vd"],"yoast_head":"<!-- This site is optimized with the Yoast SEO Premium plugin v25.7.1 (Yoast SEO v27.4) - https:\/\/yoast.com\/product\/yoast-seo-premium-wordpress\/ -->\n<title>Entreprise de Nettoyage \u00e0 Nyon - Artisanlocal<\/title>\n<meta name=\"robots\" content=\"index, follow, max-snippet:-1, max-image-preview:large, max-video-preview:-1\" \/>\n<link rel=\"canonical\" href=\"https:\/\/www.artisanlocal.ch\/c\/nettoyage-de-bureaux-et-dhebergements-a-nyon\/\" \/>\n<meta property=\"og:locale\" content=\"fr_FR\" \/>\n<meta property=\"og:type\" content=\"article\" \/>\n<meta property=\"og:title\" content=\"Entreprise de Nettoyage \u00e0 Nyon\" \/>\n<meta property=\"og:description\" content=\"Besoin d&rsquo;une soci\u00e9t\u00e9 de nettoyage \u00e0 Nyon ? Notre entreprise propose des services de nettoyage pour les professionnels et les particuliers. Pourquoi travailler avec notre entreprise ? Il est possible de r\u00e9server un rendez-vous avec notre soci\u00e9t\u00e9 dans la journ\u00e9e. Nos sp\u00e9cialistes en nettoyage et entretien sont tous form\u00e9s avec les derni\u00e8res m\u00e9thodes. Nous employons [&hellip;]\" \/>\n<meta property=\"og:url\" content=\"https:\/\/www.artisanlocal.ch\/c\/nettoyage-de-bureaux-et-dhebergements-a-nyon\/\" \/>\n<meta property=\"og:site_name\" content=\"Artisanlocal\" \/>\n<meta property=\"article:modified_time\" content=\"2025-08-26T23:33:54+00:00\" \/>\n<meta property=\"og:image\" content=\"https:\/\/www.artisanlocal.ch\/c\/wp-content\/uploads\/2024\/10\/agent-proprete.jpg\" \/>\n\t<meta property=\"og:image:width\" content=\"1920\" \/>\n\t<meta property=\"og:image:height\" content=\"300\" \/>\n\t<meta property=\"og:image:type\" content=\"image\/jpeg\" \/>\n<meta name=\"twitter:card\" content=\"summary_large_image\" \/>\n<meta name=\"twitter:label1\" content=\"Dur\u00e9e de lecture estim\u00e9e\" \/>\n\t<meta name=\"twitter:data1\" content=\"5 minutes\" \/>\n<script type=\"application\/ld+json\" class=\"yoast-schema-graph\">{\"@context\":\"https:\\\/\\\/schema.org\",\"@graph\":[{\"@type\":\"WebPage\",\"@id\":\"https:\\\/\\\/www.artisanlocal.ch\\\/c\\\/nettoyage-de-bureaux-et-dhebergements-a-nyon\\\/\",\"url\":\"https:\\\/\\\/www.artisanlocal.ch\\\/c\\\/nettoyage-de-bureaux-et-dhebergements-a-nyon\\\/\",\"name\":\"Entreprise de Nettoyage \u00e0 Nyon - Artisanlocal\",\"isPartOf\":{\"@id\":\"https:\\\/\\\/www.artisanlocal.ch\\\/c\\\/#website\"},\"primaryImageOfPage\":{\"@id\":\"https:\\\/\\\/www.artisanlocal.ch\\\/c\\\/nettoyage-de-bureaux-et-dhebergements-a-nyon\\\/#primaryimage\"},\"image\":{\"@id\":\"https:\\\/\\\/www.artisanlocal.ch\\\/c\\\/nettoyage-de-bureaux-et-dhebergements-a-nyon\\\/#primaryimage\"},\"thumbnailUrl\":\"https:\\\/\\\/www.artisanlocal.ch\\\/c\\\/wp-content\\\/uploads\\\/2024\\\/10\\\/agent-proprete.jpg\",\"datePublished\":\"2024-04-16T16:38:23+00:00\",\"dateModified\":\"2025-08-26T23:33:54+00:00\",\"breadcrumb\":{\"@id\":\"https:\\\/\\\/www.artisanlocal.ch\\\/c\\\/nettoyage-de-bureaux-et-dhebergements-a-nyon\\\/#breadcrumb\"},\"inLanguage\":\"fr-FR\",\"potentialAction\":[{\"@type\":\"ReadAction\",\"target\":[\"https:\\\/\\\/www.artisanlocal.ch\\\/c\\\/nettoyage-de-bureaux-et-dhebergements-a-nyon\\\/\"]}]},{\"@type\":\"ImageObject\",\"inLanguage\":\"fr-FR\",\"@id\":\"https:\\\/\\\/www.artisanlocal.ch\\\/c\\\/nettoyage-de-bureaux-et-dhebergements-a-nyon\\\/#primaryimage\",\"url\":\"https:\\\/\\\/www.artisanlocal.ch\\\/c\\\/wp-content\\\/uploads\\\/2024\\\/10\\\/agent-proprete.jpg\",\"contentUrl\":\"https:\\\/\\\/www.artisanlocal.ch\\\/c\\\/wp-content\\\/uploads\\\/2024\\\/10\\\/agent-proprete.jpg\",\"width\":1920,\"height\":300},{\"@type\":\"BreadcrumbList\",\"@id\":\"https:\\\/\\\/www.artisanlocal.ch\\\/c\\\/nettoyage-de-bureaux-et-dhebergements-a-nyon\\\/#breadcrumb\",\"itemListElement\":[{\"@type\":\"ListItem\",\"position\":1,\"name\":\"Accueil\",\"item\":\"https:\\\/\\\/www.artisanlocal.ch\\\/c\\\/\"},{\"@type\":\"ListItem\",\"position\":2,\"name\":\"Entreprise de Nettoyage \u00e0 Nyon\"}]},{\"@type\":\"WebSite\",\"@id\":\"https:\\\/\\\/www.artisanlocal.ch\\\/c\\\/#website\",\"url\":\"https:\\\/\\\/www.artisanlocal.ch\\\/c\\\/\",\"name\":\"Artisanlocal\",\"description\":\"\",\"publisher\":{\"@id\":\"https:\\\/\\\/www.artisanlocal.ch\\\/c\\\/#organization\"},\"potentialAction\":[{\"@type\":\"SearchAction\",\"target\":{\"@type\":\"EntryPoint\",\"urlTemplate\":\"https:\\\/\\\/www.artisanlocal.ch\\\/c\\\/?s={search_term_string}\"},\"query-input\":{\"@type\":\"PropertyValueSpecification\",\"valueRequired\":true,\"valueName\":\"search_term_string\"}}],\"inLanguage\":\"fr-FR\"},{\"@type\":\"Organization\",\"@id\":\"https:\\\/\\\/www.artisanlocal.ch\\\/c\\\/#organization\",\"name\":\"Artisanlocal\",\"url\":\"https:\\\/\\\/www.artisanlocal.ch\\\/c\\\/\",\"logo\":{\"@type\":\"ImageObject\",\"inLanguage\":\"fr-FR\",\"@id\":\"https:\\\/\\\/www.artisanlocal.ch\\\/c\\\/#\\\/schema\\\/logo\\\/image\\\/\",\"url\":\"https:\\\/\\\/www.artisanlocal.ch\\\/c\\\/wp-content\\\/uploads\\\/2024\\\/02\\\/logo-artisanlocal-h.svg\",\"contentUrl\":\"https:\\\/\\\/www.artisanlocal.ch\\\/c\\\/wp-content\\\/uploads\\\/2024\\\/02\\\/logo-artisanlocal-h.svg\",\"caption\":\"Artisanlocal\"},\"image\":{\"@id\":\"https:\\\/\\\/www.artisanlocal.ch\\\/c\\\/#\\\/schema\\\/logo\\\/image\\\/\"}}]}<\/script>\n<!-- \/ Yoast SEO Premium plugin. -->","yoast_head_json":{"title":"Entreprise de Nettoyage \u00e0 Nyon - Artisanlocal","robots":{"index":"index","follow":"follow","max-snippet":"max-snippet:-1","max-image-preview":"max-image-preview:large","max-video-preview":"max-video-preview:-1"},"canonical":"https:\/\/www.artisanlocal.ch\/c\/nettoyage-de-bureaux-et-dhebergements-a-nyon\/","og_locale":"fr_FR","og_type":"article","og_title":"Entreprise de Nettoyage \u00e0 Nyon","og_description":"Besoin d&rsquo;une soci\u00e9t\u00e9 de nettoyage \u00e0 Nyon ? Notre entreprise propose des services de nettoyage pour les professionnels et les particuliers. Pourquoi travailler avec notre entreprise ? Il est possible de r\u00e9server un rendez-vous avec notre soci\u00e9t\u00e9 dans la journ\u00e9e. Nos sp\u00e9cialistes en nettoyage et entretien sont tous form\u00e9s avec les derni\u00e8res m\u00e9thodes. Nous employons [&hellip;]","og_url":"https:\/\/www.artisanlocal.ch\/c\/nettoyage-de-bureaux-et-dhebergements-a-nyon\/","og_site_name":"Artisanlocal","article_modified_time":"2025-08-26T23:33:54+00:00","og_image":[{"width":1920,"height":300,"url":"https:\/\/www.artisanlocal.ch\/c\/wp-content\/uploads\/2024\/10\/agent-proprete.jpg","type":"image\/jpeg"}],"twitter_card":"summary_large_image","twitter_misc":{"Dur\u00e9e de lecture estim\u00e9e":"5 minutes"},"schema":{"@context":"https:\/\/schema.org","@graph":[{"@type":"WebPage","@id":"https:\/\/www.artisanlocal.ch\/c\/nettoyage-de-bureaux-et-dhebergements-a-nyon\/","url":"https:\/\/www.artisanlocal.ch\/c\/nettoyage-de-bureaux-et-dhebergements-a-nyon\/","name":"Entreprise de Nettoyage \u00e0 Nyon - Artisanlocal","isPartOf":{"@id":"https:\/\/www.artisanlocal.ch\/c\/#website"},"primaryImageOfPage":{"@id":"https:\/\/www.artisanlocal.ch\/c\/nettoyage-de-bureaux-et-dhebergements-a-nyon\/#primaryimage"},"image":{"@id":"https:\/\/www.artisanlocal.ch\/c\/nettoyage-de-bureaux-et-dhebergements-a-nyon\/#primaryimage"},"thumbnailUrl":"https:\/\/www.artisanlocal.ch\/c\/wp-content\/uploads\/2024\/10\/agent-proprete.jpg","datePublished":"2024-04-16T16:38:23+00:00","dateModified":"2025-08-26T23:33:54+00:00","breadcrumb":{"@id":"https:\/\/www.artisanlocal.ch\/c\/nettoyage-de-bureaux-et-dhebergements-a-nyon\/#breadcrumb"},"inLanguage":"fr-FR","potentialAction":[{"@type":"ReadAction","target":["https:\/\/www.artisanlocal.ch\/c\/nettoyage-de-bureaux-et-dhebergements-a-nyon\/"]}]},{"@type":"ImageObject","inLanguage":"fr-FR","@id":"https:\/\/www.artisanlocal.ch\/c\/nettoyage-de-bureaux-et-dhebergements-a-nyon\/#primaryimage","url":"https:\/\/www.artisanlocal.ch\/c\/wp-content\/uploads\/2024\/10\/agent-proprete.jpg","contentUrl":"https:\/\/www.artisanlocal.ch\/c\/wp-content\/uploads\/2024\/10\/agent-proprete.jpg","width":1920,"height":300},{"@type":"BreadcrumbList","@id":"https:\/\/www.artisanlocal.ch\/c\/nettoyage-de-bureaux-et-dhebergements-a-nyon\/#breadcrumb","itemListElement":[{"@type":"ListItem","position":1,"name":"Accueil","item":"https:\/\/www.artisanlocal.ch\/c\/"},{"@type":"ListItem","position":2,"name":"Entreprise de Nettoyage \u00e0 Nyon"}]},{"@type":"WebSite","@id":"https:\/\/www.artisanlocal.ch\/c\/#website","url":"https:\/\/www.artisanlocal.ch\/c\/","name":"Artisanlocal","description":"","publisher":{"@id":"https:\/\/www.artisanlocal.ch\/c\/#organization"},"potentialAction":[{"@type":"SearchAction","target":{"@type":"EntryPoint","urlTemplate":"https:\/\/www.artisanlocal.ch\/c\/?s={search_term_string}"},"query-input":{"@type":"PropertyValueSpecification","valueRequired":true,"valueName":"search_term_string"}}],"inLanguage":"fr-FR"},{"@type":"Organization","@id":"https:\/\/www.artisanlocal.ch\/c\/#organization","name":"Artisanlocal","url":"https:\/\/www.artisanlocal.ch\/c\/","logo":{"@type":"ImageObject","inLanguage":"fr-FR","@id":"https:\/\/www.artisanlocal.ch\/c\/#\/schema\/logo\/image\/","url":"https:\/\/www.artisanlocal.ch\/c\/wp-content\/uploads\/2024\/02\/logo-artisanlocal-h.svg","contentUrl":"https:\/\/www.artisanlocal.ch\/c\/wp-content\/uploads\/2024\/02\/logo-artisanlocal-h.svg","caption":"Artisanlocal"},"image":{"@id":"https:\/\/www.artisanlocal.ch\/c\/#\/schema\/logo\/image\/"}}]}},"_links":{"self":[{"href":"https:\/\/www.artisanlocal.ch\/c\/wp-json\/wp\/v2\/pages\/408","targetHints":{"allow":["GET"]}}],"collection":[{"href":"https:\/\/www.artisanlocal.ch\/c\/wp-json\/wp\/v2\/pages"}],"about":[{"href":"https:\/\/www.artisanlocal.ch\/c\/wp-json\/wp\/v2\/types\/page"}],"author":[{"embeddable":true,"href":"https:\/\/www.artisanlocal.ch\/c\/wp-json\/wp\/v2\/users\/4"}],"replies":[{"embeddable":true,"href":"https:\/\/www.artisanlocal.ch\/c\/wp-json\/wp\/v2\/comments?post=408"}],"version-history":[{"count":0,"href":"https:\/\/www.artisanlocal.ch\/c\/wp-json\/wp\/v2\/pages\/408\/revisions"}],"wp:featuredmedia":[{"embeddable":true,"href":"https:\/\/www.artisanlocal.ch\/c\/wp-json\/wp\/v2\/media\/2754"}],"wp:attachment":[{"href":"https:\/\/www.artisanlocal.ch\/c\/wp-json\/wp\/v2\/media?parent=408"}],"wp:term":[{"taxonomy":"profession","embeddable":true,"href":"https:\/\/www.artisanlocal.ch\/c\/wp-json\/wp\/v2\/profession?post=408"},{"taxonomy":"location","embeddable":true,"href":"https:\/\/www.artisanlocal.ch\/c\/wp-json\/wp\/v2\/location?post=408"},{"taxonomy":"canton","embeddable":true,"href":"https:\/\/www.artisanlocal.ch\/c\/wp-json\/wp\/v2\/canton?post=408"}],"curies":[{"name":"wp","href":"https:\/\/api.w.org\/{rel}","templated":true}]}}