{"id":409,"date":"2024-04-16T18:38:23","date_gmt":"2024-04-16T16:38:23","guid":{"rendered":"https:\/\/www.artisanlocal.ch\/c\/service-de-nettoyage-professionnel-pour-logement-et-bureau-a-orbe\/"},"modified":"2025-08-27T01:33:53","modified_gmt":"2025-08-26T23:33:53","slug":"service-de-nettoyage-professionnel-pour-logement-et-bureau-a-orbe","status":"publish","type":"page","link":"https:\/\/www.artisanlocal.ch\/c\/service-de-nettoyage-professionnel-pour-logement-et-bureau-a-orbe\/","title":{"rendered":"Service de nettoyage professionnel pour logement et bureau \u00e0 Orbe"},"content":{"rendered":"<p>Nous proposons un service de nettoyage entier de votre studio ou de vos bureaux \u00e0 Orbe. Notre soci\u00e9t\u00e9 est compos\u00e9e d&rsquo;experts qui s&rsquo;appliquent \u00e0 fournir des services de qualit\u00e9.<\/p>\n\r\n<div class=\"box\">\r\n            <div class=\"company-info\">\r\n            <img decoding=\"async\" class=\"company-info__logo\" src=\"https:\/\/www.artisanlocal.ch\/media\/cache\/thumb\/images\/companies\/68e77129b6d9e982235061.png\" alt=\"Logo\">\r\n            <h2 class=\"company-info__name\">Crystal Services Eco SA<\/h2>\r\n            <p class=\"company-info__business\">Entreprise de nettoyage - Conciergerie - Entretien d'immeuble - Nettoyage fin de chantier \/ de bail, de stores<\/p>\r\n        <\/div>\r\n        <div class=\"company-contact\">\r\n            <p class=\"company-info__address\">Route de Lausanne 10<\/p>\r\n                            <div class=\"links\">\r\n                                            <a class=\"btn has-accent-background-color js-phoneNumber\" href=\"tel:0797270351\" title=\"Appelez\" data-id=\"27322\" data-type=\"11\">079 727 03 51<\/a>\r\n                                                                <a class=\"btn has-accent-background-color\" href=\"https:\/\/www.crystalservices.ch\/\" target=\"_blank\" title=\"Voir le site internet\" data-id=\"27322\" data-type=\"20\">Site internet<\/a>\r\n                                    <\/div>\r\n                    <\/div>\r\n    \r\n            \r\n<form action=\"https:\/\/www.artisanlocal.ch\/c\/wp-admin\/admin-ajax.php\" method=\"post\" class=\"form-contact\" id=\"artisan_form_contact_company_inline\">\r\n    <div><input type=\"hidden\" name=\"action\" value=\"company_contact\"><\/div>\r\n    <div><input type=\"hidden\" name=\"nonce\" value=\"0454b53658\"><\/div>\r\n    <div><input type=\"hidden\" name=\"company_id\" value=\"27322\"><\/div>\r\n    <div><input type=\"hidden\" name=\"form_id\" value=\"artisan_form_contact_company_inline\"><\/div>\r\n    <div class=\"gglcptch gglcptch_v3 gglcptch_custom\"><input type=\"hidden\" id=\"g-recaptcha-response\" name=\"g-recaptcha-response\" \/><br \/><div class=\"gglcptch_error_text\">La p\u00e9riode de v\u00e9rification reCAPTCHA a expir\u00e9. Veuillez recharger la page.<\/div><\/div>    <div class=\"form-content\">\r\n        <div class=\"form-group\">\r\n            <label for=\"contact_firstName\" class=\"required\">Pr\u00e9nom<\/label>\r\n            <input type=\"text\" name=\"firstName\" class=\"form-control\" required>\r\n        <\/div>\r\n        <div class=\"form-group\">\r\n            <label for=\"contact_lastName\" class=\"required\">Nom<\/label>\r\n            <input type=\"text\" name=\"lastName\" class=\"form-control\" required>\r\n        <\/div>\r\n        <div class=\"form-group\">\r\n            <label for=\"contact_email\" class=\"required\">Email<\/label>\r\n            <input type=\"email\" name=\"email\" class=\"form-control\" required>\r\n        <\/div>\r\n        <div class=\"form-group\">\r\n            <label for=\"contact_phone\" class=\"required\">Num\u00e9ro de t\u00e9l\u00e9phone<\/label>\r\n            <input type=\"tel\" name=\"phone\" class=\"form-control\" placeholder=\"0787117165\" pattern=\"^[0-9]{10}$\" required>\r\n        <\/div>\r\n        <div class=\"form-group\">\r\n            <label for=\"contact_postalCode\" class=\"required\">Code postal et localit\u00e9<\/label>\r\n            <input type=\"text\" name=\"postalCode\" class=\"form-control\" required>\r\n        <\/div>\r\n        <div class=\"form-group\">\r\n            <label for=\"contact_address\" class=\"required\">Adresse<\/label>\r\n            <input type=\"text\" name=\"address\" class=\"form-control\" required>\r\n        <\/div>\r\n        <div class=\"full-width topic\">\r\n            <p class=\"required\">Je souhaite \u00eatre contact\u00e9 pour :<\/p>\r\n            <div class=\"form-check\">\r\n                <input type=\"radio\" name=\"topic\" value=\"D\u00e9pannage\" class=\"form-control\" required>\r\n                <label for=\"d\u00e9pannage\">D\u00e9pannage<\/label>\r\n            <\/div>\r\n            <div class=\"form-check\">\r\n                <input type=\"radio\" name=\"topic\" value=\"Entretien\" class=\"form-control\" required>\r\n                <label for=\"entretien\">Entretien<\/label>\r\n            <\/div>\r\n            <div class=\"form-check\">\r\n                <input type=\"radio\" name=\"topic\" value=\"R\u00e9novation\" class=\"form-control\" required>\r\n                <label for=\"r\u00e9novation\">R\u00e9novation<\/label>\r\n            <\/div>\r\n            <div class=\"form-check\">\r\n                <input type=\"radio\" name=\"topic\" value=\"Autre\" class=\"form-control\" required>\r\n                <label for=\"autre\">Autre<\/label>\r\n            <\/div>\r\n        <\/div>\r\n        <div class=\"form-group full-width\">\r\n            <label for=\"contact_message\">Message<\/label>\r\n            <textarea name=\"message\" rows=\"3\" class=\"form-control\"><\/textarea>\r\n        <\/div>\r\n    <\/div>\r\n    <div class=\"form-actions\">\r\n        <button class=\"wp-block-button__link has-accent-background-color\">Contacter<\/button>\r\n    <\/div>\r\n<\/form>\r\n<div class=\"form-feedback\"><\/div>    <\/div>\n<h2>Quelles sont les raisons de collaborer avec notre soci\u00e9t\u00e9 ?<\/h2>\n<ul>\n<li>Il est envisageable de planifier un rendez-vous avec notre entreprise aujourd&rsquo;hui.<\/li>\n<li>Nous employons les derni\u00e8res m\u00e9thodes de nettoyage.<\/li>\n<li>Nous utilisons des produits \u00e9cologiques.<\/li>\n<li>Nos devis sont gratuits.<\/li>\n<\/ul>\n<h2>Nettoyage de votre habitation ou de votre bureau \u00e0 Orbe<\/h2>\n<p>Nous proposons une gamme de prestations de nettoyage personnalis\u00e9 pour r\u00e9pondre aux besoins de nos clients.<\/p>\n<p>Si vous avez besoin d&rsquo;un nettoyage complet, d&rsquo;un m\u00e9nage occasionnel ou d&rsquo;un service d&rsquo;entretien r\u00e9gulier, nous sommes l\u00e0 pour vous. D\u00e9couvrez nos services les plus g\u00e9n\u00e9ralement r\u00e9alis\u00e9s \u00e0 Orbe et profitez :<\/p>\n<ul>\n<li>D&rsquo;un nettoyage apr\u00e8s d\u00e9m\u00e9nagement\/avant emm\u00e9nagement pour les occupants.<\/li>\n<li>D&rsquo;un nettoyage Airbnb.<\/li>\n<li>D&rsquo;un nettoyage professionnel de bureaux et locaux commerciaux.<\/li>\n<li>D&rsquo;un nettoyage professionnel apr\u00e8s des travaux de r\u00e9novation.<\/li>\n<\/ul>\n<h2>Quelles sont les prestations d&rsquo;entretien d&rsquo;artisanlocal\u202f?<\/h2>\n<ul>\n<li>Services de propret\u00e9 pour les conciergeries d&rsquo;appartements et maisons Airbnb,<\/li>\n<li>service de nettoyage d&rsquo;appartements,<\/li>\n<li>nettoyage et entretien des appareils \u00e9lectrom\u00e9nagers,<\/li>\n<li>nettoyage de l&rsquo;ext\u00e9rieur,<\/li>\n<li>service de nettoyage des espaces souterrains,<\/li>\n<li>assainissement des surfaces pour lutter contre les pathog\u00e8nes,<\/li>\n<li>nettoyage de la vaisselle,<\/li>\n<li>nettoyage des installations sportives,<\/li>\n<li>nettoyage des sols,<\/li>\n<li>nettoyage sanitaire en milieu hospitalier,<\/li>\n<li>m\u00e9nage et nettoyage apr\u00e8s un d\u00e9m\u00e9nagement,<\/li>\n<li>nettoyage des espaces de coworking,<\/li>\n<li>service de m\u00e9nage apr\u00e8s travaux de r\u00e9novation,<\/li>\n<li>entretien des salles d&rsquo;eau,<\/li>\n<li>nettoyage des commerces de proximit\u00e9,<\/li>\n<li>service de nettoyage des salles de classe,<\/li>\n<li>nettoyage de vitres.<\/li>\n<\/ul>\n<h2>Une soci\u00e9t\u00e9 sp\u00e9cialis\u00e9e dans les services de propret\u00e9 fiable situ\u00e9e en Suisse<\/h2>\n<h3>M\u00e9nage complet d&rsquo;appartement \u00e0 Orbe<\/h3>\n<p>Si vous r\u00e9sidez \u00e0 Orbe, nous pouvons r\u00e9aliser le m\u00e9nage de votre appartement avant l&rsquo;\u00e9tat des lieux de sortie.<\/p>\n<p>Il faut savoir que si le nettoyage de l&rsquo;appartement n&rsquo;est pas r\u00e9alis\u00e9 de mani\u00e8re satisfaisante, le propri\u00e9taire a le droit de faire appel \u00e0 une entreprise de nettoyage et conserver une part de votre d\u00e9p\u00f4t de garantie.<\/p>\n<p>Les services de m\u00e9nage pour l&rsquo;\u00e9tat des lieux comprennent :<\/p>\n<p>&#8211; L&rsquo;entretien des surfaces : murs, sols, parquets, moquettes et carrelages.<\/p>\n<p>&#8211; Le nettoyage des vitres et fen\u00eatres.<\/p>\n<p>&#8211; Le nettoyage de la salle d&rsquo;eau et des WC.<\/p>\n<p>&#8211; L&rsquo;entretien de l&rsquo;espace de cuisson et du syst\u00e8me d&rsquo;a\u00e9ration de la cuisine.<\/p>\n<p>&#8211; Le d\u00e9poussi\u00e9rage des meubles.<\/p>\n<h3>Vous avez besoin d&rsquo;un nettoyage fr\u00e9quent de votre studio?<\/h3>\n<p>Notre soci\u00e9t\u00e9 propose des services de nettoyage personnalis\u00e9, adapt\u00e9s \u00e0 vos besoins, avec des interventions hebdomadaires, bihebdomadaires ou chaque mois.<\/p>\n<h3>Nettoyage en profondeur de votre propri\u00e9t\u00e9 et de votre appartement \u00e0 Orbe<\/h3>\n<p>Artisanlocal propose des services de nettoyage approfondis pour votre villa ou votre studio, en compl\u00e9ment de notre service de nettoyage standard.<\/p>\n<h3>Quels sont les b\u00e9n\u00e9fices d\u2019un nettoyage en profondeur avec Artisanlocal ?<\/h3>\n<p>Le principal avantage du m\u00e9nage en profondeur est d&rsquo;\u00e9liminer la salet\u00e9, la poussi\u00e8re et la crasse qui se sont entass\u00e9es au fil du temps, ce qui participe \u00e0 un meilleur environnement int\u00e9rieur de votre domicile. De plus, un nettoyage approfondi aide \u00e0 l&rsquo;\u00e9limination des odeurs d\u00e9sagr\u00e9ables.<\/p>\n<h3>Nettoyage de locaux professionnels \u00e0 Orbe<\/h3>\n<p>Faire appel \u00e0 Artisanlocal pour le nettoyage de bureaux est la meilleure solution. Vous ferez des \u00e9conomies de temps et d&rsquo;\u00e9nergie ! Nous proposons des services de m\u00e9nages \u00e0 l&rsquo;ann\u00e9e qui s&rsquo;adaptera \u00e0 vos exigences et \u00e0 votre enveloppe budg\u00e9taire. D\u00e9couvrez nos services de m\u00e9nage pour les bureaux :<\/p>\n<ul>\n<li>Lavage de vos tapis et des fen\u00eatres.<\/li>\n<li>Service d&rsquo;entretien des \u00e9quipements de bureau en tissu ou cuir (des canap\u00e9s, des bureaux et des si\u00e8ges).<\/li>\n<li>Gestion des d\u00e9tritus.<\/li>\n<li>D\u00e9poussi\u00e9rage de tous les meubles et zones de travail.<\/li>\n<li>D\u00e9poussi\u00e9rage des sols avec l&rsquo;aspirateur et nettoyage des planchers.<\/li>\n<\/ul>\n<h3>Service de nettoyage de maison \u00e0 Orbe<\/h3>\n<p>Pour que votre habitation soit toujours aussi soign\u00e9, un nettoyage fr\u00e9quent doit faire partie de votre routine. Malheureusement, un calendrier surcharg\u00e9 peut rendre cette mission compliqu\u00e9e, voire impossible, d\u00e9l\u00e9guez \u00e0 notre soci\u00e9t\u00e9 le nettoyage de votre villa.<\/p>\n<h2>Pourquoi faire appel \u00e0 une entreprise de nettoyage \u00e0 Orbe ?<\/h2>\n<p>Si vous vivez \u00e0 Orbe vous avez peut-\u00eatre du mal \u00e0 conserver votre logement propre et bien entretenu. Nos services, vous aideront \u00e0 pr\u00e9server votre propri\u00e9t\u00e9 aussi propre que possible. En ayant recours \u00e0 notre soci\u00e9t\u00e9, vous serez en mesure de :<\/p>\n<h3>Mieux g\u00e9rer votre lieu de vie<\/h3>\n<p>Si votre logement est en d\u00e9sordre, il est compliqu\u00e9 de se sentir bien chez soi. Artisanlocal propose des services de m\u00e9nage pour votre maison de mani\u00e8re \u00e0 mieux ranger votre lieu de vie, ce qui vous permet, de :<\/p>\n<h3>Cr\u00e9er une atmosph\u00e8re plus accueillante<\/h3>\n<p>En effet, une propri\u00e9t\u00e9 bien organis\u00e9e permet \u00e0 vos invit\u00e9s de vous sentir mieux.<\/p>\n<h3>Conserver sa sant\u00e9 et son bien-\u00eatre \u00e9motionnel<\/h3>\n<p>Ne pas \u00e9liminer la salet\u00e9 et la poussi\u00e8re dans votre habitation peut provoquer des dangers pour votre sant\u00e9, comme causer des allergies ou exacerber celles d\u00e9j\u00e0 pr\u00e9sentes. En faisant appel \u00e0 une entreprise de m\u00e9nage, vous diminuez le potentiel risque d&rsquo;allergies.<\/p>\n<h3>B\u00e9n\u00e9ficier d&rsquo;une meilleure configuration de votre espace int\u00e9rieur<\/h3>\n<p>Comme un grand nombre de foyers, votre maison peut \u00eatre en pagaille, ce qui rend la vie difficile. Nos prestations peuvent s&rsquo;av\u00e9rer utiles pour garder votre maison bien organis\u00e9e. D&rsquo;autre part, nous pouvons aussi op\u00e9rer \u00e0 : La Praz, Arnex-sur-Orbe, Croy, Romainm\u00f4tier, Premier, Vaulion, Juriens, Bretonni\u00e8res, Vallorbe, Ballaigues, Agiez, Bofflens, Montcherand, L'Abergement, Sergey, La Russille, Les Cl\u00e9es, Lignerolle, Valeyres-sous-Rances, Bavois, Chavornay, Corcelles-sur-Chavornay, Rances, Baulmes.<\/p>\n","protected":false},"excerpt":{"rendered":"<p>Nous proposons un service de nettoyage entier de votre studio ou de vos bureaux \u00e0 Orbe. Notre soci\u00e9t\u00e9 est compos\u00e9e d&rsquo;experts qui s&rsquo;appliquent \u00e0 fournir des services de qualit\u00e9. Quelles sont les raisons de collaborer avec notre soci\u00e9t\u00e9 ? Il est envisageable de planifier un rendez-vous avec notre entreprise aujourd&rsquo;hui. Nous employons les derni\u00e8res m\u00e9thodes [&hellip;]<\/p>\n","protected":false},"author":4,"featured_media":2754,"parent":0,"menu_order":0,"comment_status":"closed","ping_status":"closed","template":"","meta":{"footnotes":""},"profession":[108],"location":[16],"canton":[113],"class_list":["post-409","page","type-page","status-publish","has-post-thumbnail","hentry","profession-agent-de-proprete","location-orbe","canton-vd"],"yoast_head":"<!-- This site is optimized with the Yoast SEO Premium plugin v25.7.1 (Yoast SEO v27.4) - https:\/\/yoast.com\/product\/yoast-seo-premium-wordpress\/ -->\n<title>Service de nettoyage professionnel pour logement et bureau \u00e0 Orbe - Artisanlocal<\/title>\n<meta name=\"robots\" content=\"index, follow, max-snippet:-1, max-image-preview:large, max-video-preview:-1\" \/>\n<link rel=\"canonical\" href=\"https:\/\/www.artisanlocal.ch\/c\/service-de-nettoyage-professionnel-pour-logement-et-bureau-a-orbe\/\" \/>\n<meta property=\"og:locale\" content=\"fr_FR\" \/>\n<meta property=\"og:type\" content=\"article\" \/>\n<meta property=\"og:title\" content=\"Service de nettoyage professionnel pour logement et bureau \u00e0 Orbe\" \/>\n<meta property=\"og:description\" content=\"Nous proposons un service de nettoyage entier de votre studio ou de vos bureaux \u00e0 Orbe. Notre soci\u00e9t\u00e9 est compos\u00e9e d&rsquo;experts qui s&rsquo;appliquent \u00e0 fournir des services de qualit\u00e9. Quelles sont les raisons de collaborer avec notre soci\u00e9t\u00e9 ? Il est envisageable de planifier un rendez-vous avec notre entreprise aujourd&rsquo;hui. Nous employons les derni\u00e8res m\u00e9thodes [&hellip;]\" \/>\n<meta property=\"og:url\" content=\"https:\/\/www.artisanlocal.ch\/c\/service-de-nettoyage-professionnel-pour-logement-et-bureau-a-orbe\/\" \/>\n<meta property=\"og:site_name\" content=\"Artisanlocal\" \/>\n<meta property=\"article:modified_time\" content=\"2025-08-26T23:33:53+00:00\" \/>\n<meta property=\"og:image\" content=\"https:\/\/www.artisanlocal.ch\/c\/wp-content\/uploads\/2024\/10\/agent-proprete.jpg\" \/>\n\t<meta property=\"og:image:width\" content=\"1920\" \/>\n\t<meta property=\"og:image:height\" content=\"300\" \/>\n\t<meta property=\"og:image:type\" content=\"image\/jpeg\" \/>\n<meta name=\"twitter:card\" content=\"summary_large_image\" \/>\n<meta name=\"twitter:label1\" content=\"Dur\u00e9e de lecture estim\u00e9e\" \/>\n\t<meta name=\"twitter:data1\" content=\"5 minutes\" \/>\n<script type=\"application\/ld+json\" class=\"yoast-schema-graph\">{\"@context\":\"https:\\\/\\\/schema.org\",\"@graph\":[{\"@type\":\"WebPage\",\"@id\":\"https:\\\/\\\/www.artisanlocal.ch\\\/c\\\/service-de-nettoyage-professionnel-pour-logement-et-bureau-a-orbe\\\/\",\"url\":\"https:\\\/\\\/www.artisanlocal.ch\\\/c\\\/service-de-nettoyage-professionnel-pour-logement-et-bureau-a-orbe\\\/\",\"name\":\"Service de nettoyage professionnel pour logement et bureau \u00e0 Orbe - Artisanlocal\",\"isPartOf\":{\"@id\":\"https:\\\/\\\/www.artisanlocal.ch\\\/c\\\/#website\"},\"primaryImageOfPage\":{\"@id\":\"https:\\\/\\\/www.artisanlocal.ch\\\/c\\\/service-de-nettoyage-professionnel-pour-logement-et-bureau-a-orbe\\\/#primaryimage\"},\"image\":{\"@id\":\"https:\\\/\\\/www.artisanlocal.ch\\\/c\\\/service-de-nettoyage-professionnel-pour-logement-et-bureau-a-orbe\\\/#primaryimage\"},\"thumbnailUrl\":\"https:\\\/\\\/www.artisanlocal.ch\\\/c\\\/wp-content\\\/uploads\\\/2024\\\/10\\\/agent-proprete.jpg\",\"datePublished\":\"2024-04-16T16:38:23+00:00\",\"dateModified\":\"2025-08-26T23:33:53+00:00\",\"breadcrumb\":{\"@id\":\"https:\\\/\\\/www.artisanlocal.ch\\\/c\\\/service-de-nettoyage-professionnel-pour-logement-et-bureau-a-orbe\\\/#breadcrumb\"},\"inLanguage\":\"fr-FR\",\"potentialAction\":[{\"@type\":\"ReadAction\",\"target\":[\"https:\\\/\\\/www.artisanlocal.ch\\\/c\\\/service-de-nettoyage-professionnel-pour-logement-et-bureau-a-orbe\\\/\"]}]},{\"@type\":\"ImageObject\",\"inLanguage\":\"fr-FR\",\"@id\":\"https:\\\/\\\/www.artisanlocal.ch\\\/c\\\/service-de-nettoyage-professionnel-pour-logement-et-bureau-a-orbe\\\/#primaryimage\",\"url\":\"https:\\\/\\\/www.artisanlocal.ch\\\/c\\\/wp-content\\\/uploads\\\/2024\\\/10\\\/agent-proprete.jpg\",\"contentUrl\":\"https:\\\/\\\/www.artisanlocal.ch\\\/c\\\/wp-content\\\/uploads\\\/2024\\\/10\\\/agent-proprete.jpg\",\"width\":1920,\"height\":300},{\"@type\":\"BreadcrumbList\",\"@id\":\"https:\\\/\\\/www.artisanlocal.ch\\\/c\\\/service-de-nettoyage-professionnel-pour-logement-et-bureau-a-orbe\\\/#breadcrumb\",\"itemListElement\":[{\"@type\":\"ListItem\",\"position\":1,\"name\":\"Accueil\",\"item\":\"https:\\\/\\\/www.artisanlocal.ch\\\/c\\\/\"},{\"@type\":\"ListItem\",\"position\":2,\"name\":\"Service de nettoyage professionnel pour logement et bureau \u00e0 Orbe\"}]},{\"@type\":\"WebSite\",\"@id\":\"https:\\\/\\\/www.artisanlocal.ch\\\/c\\\/#website\",\"url\":\"https:\\\/\\\/www.artisanlocal.ch\\\/c\\\/\",\"name\":\"Artisanlocal\",\"description\":\"\",\"publisher\":{\"@id\":\"https:\\\/\\\/www.artisanlocal.ch\\\/c\\\/#organization\"},\"potentialAction\":[{\"@type\":\"SearchAction\",\"target\":{\"@type\":\"EntryPoint\",\"urlTemplate\":\"https:\\\/\\\/www.artisanlocal.ch\\\/c\\\/?s={search_term_string}\"},\"query-input\":{\"@type\":\"PropertyValueSpecification\",\"valueRequired\":true,\"valueName\":\"search_term_string\"}}],\"inLanguage\":\"fr-FR\"},{\"@type\":\"Organization\",\"@id\":\"https:\\\/\\\/www.artisanlocal.ch\\\/c\\\/#organization\",\"name\":\"Artisanlocal\",\"url\":\"https:\\\/\\\/www.artisanlocal.ch\\\/c\\\/\",\"logo\":{\"@type\":\"ImageObject\",\"inLanguage\":\"fr-FR\",\"@id\":\"https:\\\/\\\/www.artisanlocal.ch\\\/c\\\/#\\\/schema\\\/logo\\\/image\\\/\",\"url\":\"https:\\\/\\\/www.artisanlocal.ch\\\/c\\\/wp-content\\\/uploads\\\/2024\\\/02\\\/logo-artisanlocal-h.svg\",\"contentUrl\":\"https:\\\/\\\/www.artisanlocal.ch\\\/c\\\/wp-content\\\/uploads\\\/2024\\\/02\\\/logo-artisanlocal-h.svg\",\"caption\":\"Artisanlocal\"},\"image\":{\"@id\":\"https:\\\/\\\/www.artisanlocal.ch\\\/c\\\/#\\\/schema\\\/logo\\\/image\\\/\"}}]}<\/script>\n<!-- \/ Yoast SEO Premium plugin. -->","yoast_head_json":{"title":"Service de nettoyage professionnel pour logement et bureau \u00e0 Orbe - Artisanlocal","robots":{"index":"index","follow":"follow","max-snippet":"max-snippet:-1","max-image-preview":"max-image-preview:large","max-video-preview":"max-video-preview:-1"},"canonical":"https:\/\/www.artisanlocal.ch\/c\/service-de-nettoyage-professionnel-pour-logement-et-bureau-a-orbe\/","og_locale":"fr_FR","og_type":"article","og_title":"Service de nettoyage professionnel pour logement et bureau \u00e0 Orbe","og_description":"Nous proposons un service de nettoyage entier de votre studio ou de vos bureaux \u00e0 Orbe. Notre soci\u00e9t\u00e9 est compos\u00e9e d&rsquo;experts qui s&rsquo;appliquent \u00e0 fournir des services de qualit\u00e9. Quelles sont les raisons de collaborer avec notre soci\u00e9t\u00e9 ? Il est envisageable de planifier un rendez-vous avec notre entreprise aujourd&rsquo;hui. Nous employons les derni\u00e8res m\u00e9thodes [&hellip;]","og_url":"https:\/\/www.artisanlocal.ch\/c\/service-de-nettoyage-professionnel-pour-logement-et-bureau-a-orbe\/","og_site_name":"Artisanlocal","article_modified_time":"2025-08-26T23:33:53+00:00","og_image":[{"width":1920,"height":300,"url":"https:\/\/www.artisanlocal.ch\/c\/wp-content\/uploads\/2024\/10\/agent-proprete.jpg","type":"image\/jpeg"}],"twitter_card":"summary_large_image","twitter_misc":{"Dur\u00e9e de lecture estim\u00e9e":"5 minutes"},"schema":{"@context":"https:\/\/schema.org","@graph":[{"@type":"WebPage","@id":"https:\/\/www.artisanlocal.ch\/c\/service-de-nettoyage-professionnel-pour-logement-et-bureau-a-orbe\/","url":"https:\/\/www.artisanlocal.ch\/c\/service-de-nettoyage-professionnel-pour-logement-et-bureau-a-orbe\/","name":"Service de nettoyage professionnel pour logement et bureau \u00e0 Orbe - Artisanlocal","isPartOf":{"@id":"https:\/\/www.artisanlocal.ch\/c\/#website"},"primaryImageOfPage":{"@id":"https:\/\/www.artisanlocal.ch\/c\/service-de-nettoyage-professionnel-pour-logement-et-bureau-a-orbe\/#primaryimage"},"image":{"@id":"https:\/\/www.artisanlocal.ch\/c\/service-de-nettoyage-professionnel-pour-logement-et-bureau-a-orbe\/#primaryimage"},"thumbnailUrl":"https:\/\/www.artisanlocal.ch\/c\/wp-content\/uploads\/2024\/10\/agent-proprete.jpg","datePublished":"2024-04-16T16:38:23+00:00","dateModified":"2025-08-26T23:33:53+00:00","breadcrumb":{"@id":"https:\/\/www.artisanlocal.ch\/c\/service-de-nettoyage-professionnel-pour-logement-et-bureau-a-orbe\/#breadcrumb"},"inLanguage":"fr-FR","potentialAction":[{"@type":"ReadAction","target":["https:\/\/www.artisanlocal.ch\/c\/service-de-nettoyage-professionnel-pour-logement-et-bureau-a-orbe\/"]}]},{"@type":"ImageObject","inLanguage":"fr-FR","@id":"https:\/\/www.artisanlocal.ch\/c\/service-de-nettoyage-professionnel-pour-logement-et-bureau-a-orbe\/#primaryimage","url":"https:\/\/www.artisanlocal.ch\/c\/wp-content\/uploads\/2024\/10\/agent-proprete.jpg","contentUrl":"https:\/\/www.artisanlocal.ch\/c\/wp-content\/uploads\/2024\/10\/agent-proprete.jpg","width":1920,"height":300},{"@type":"BreadcrumbList","@id":"https:\/\/www.artisanlocal.ch\/c\/service-de-nettoyage-professionnel-pour-logement-et-bureau-a-orbe\/#breadcrumb","itemListElement":[{"@type":"ListItem","position":1,"name":"Accueil","item":"https:\/\/www.artisanlocal.ch\/c\/"},{"@type":"ListItem","position":2,"name":"Service de nettoyage professionnel pour logement et bureau \u00e0 Orbe"}]},{"@type":"WebSite","@id":"https:\/\/www.artisanlocal.ch\/c\/#website","url":"https:\/\/www.artisanlocal.ch\/c\/","name":"Artisanlocal","description":"","publisher":{"@id":"https:\/\/www.artisanlocal.ch\/c\/#organization"},"potentialAction":[{"@type":"SearchAction","target":{"@type":"EntryPoint","urlTemplate":"https:\/\/www.artisanlocal.ch\/c\/?s={search_term_string}"},"query-input":{"@type":"PropertyValueSpecification","valueRequired":true,"valueName":"search_term_string"}}],"inLanguage":"fr-FR"},{"@type":"Organization","@id":"https:\/\/www.artisanlocal.ch\/c\/#organization","name":"Artisanlocal","url":"https:\/\/www.artisanlocal.ch\/c\/","logo":{"@type":"ImageObject","inLanguage":"fr-FR","@id":"https:\/\/www.artisanlocal.ch\/c\/#\/schema\/logo\/image\/","url":"https:\/\/www.artisanlocal.ch\/c\/wp-content\/uploads\/2024\/02\/logo-artisanlocal-h.svg","contentUrl":"https:\/\/www.artisanlocal.ch\/c\/wp-content\/uploads\/2024\/02\/logo-artisanlocal-h.svg","caption":"Artisanlocal"},"image":{"@id":"https:\/\/www.artisanlocal.ch\/c\/#\/schema\/logo\/image\/"}}]}},"_links":{"self":[{"href":"https:\/\/www.artisanlocal.ch\/c\/wp-json\/wp\/v2\/pages\/409","targetHints":{"allow":["GET"]}}],"collection":[{"href":"https:\/\/www.artisanlocal.ch\/c\/wp-json\/wp\/v2\/pages"}],"about":[{"href":"https:\/\/www.artisanlocal.ch\/c\/wp-json\/wp\/v2\/types\/page"}],"author":[{"embeddable":true,"href":"https:\/\/www.artisanlocal.ch\/c\/wp-json\/wp\/v2\/users\/4"}],"replies":[{"embeddable":true,"href":"https:\/\/www.artisanlocal.ch\/c\/wp-json\/wp\/v2\/comments?post=409"}],"version-history":[{"count":0,"href":"https:\/\/www.artisanlocal.ch\/c\/wp-json\/wp\/v2\/pages\/409\/revisions"}],"wp:featuredmedia":[{"embeddable":true,"href":"https:\/\/www.artisanlocal.ch\/c\/wp-json\/wp\/v2\/media\/2754"}],"wp:attachment":[{"href":"https:\/\/www.artisanlocal.ch\/c\/wp-json\/wp\/v2\/media?parent=409"}],"wp:term":[{"taxonomy":"profession","embeddable":true,"href":"https:\/\/www.artisanlocal.ch\/c\/wp-json\/wp\/v2\/profession?post=409"},{"taxonomy":"location","embeddable":true,"href":"https:\/\/www.artisanlocal.ch\/c\/wp-json\/wp\/v2\/location?post=409"},{"taxonomy":"canton","embeddable":true,"href":"https:\/\/www.artisanlocal.ch\/c\/wp-json\/wp\/v2\/canton?post=409"}],"curies":[{"name":"wp","href":"https:\/\/api.w.org\/{rel}","templated":true}]}}