{"id":410,"date":"2024-04-16T18:38:23","date_gmt":"2024-04-16T16:38:23","guid":{"rendered":"https:\/\/www.artisanlocal.ch\/c\/nettoyage-professionnel-pour-habitation-et-local-dentreprise-a-oron-la-ville\/"},"modified":"2025-08-27T01:33:52","modified_gmt":"2025-08-26T23:33:52","slug":"nettoyage-professionnel-pour-habitation-et-local-dentreprise-a-oron-la-ville","status":"publish","type":"page","link":"https:\/\/www.artisanlocal.ch\/c\/nettoyage-professionnel-pour-habitation-et-local-dentreprise-a-oron-la-ville\/","title":{"rendered":"Nettoyage professionnel pour habitation et local d&rsquo;entreprise \u00e0 Oron-la-Ville"},"content":{"rendered":"<p>Nous offrons un service de nettoyage complet de votre studio ou de vos bureaux \u00e0 Oron-la-Ville. Notre entreprise est constitu\u00e9e d&rsquo;experts form\u00e9s aux derni\u00e8res techniques qui s&rsquo;efforcent d&rsquo;apporter \u00e0 notre client\u00e8le des services de la meilleure qualit\u00e9 possible.<\/p>\n\r\n<div class=\"box\">\r\n            <div class=\"company-info\">\r\n            <img decoding=\"async\" class=\"company-info__logo\" src=\"https:\/\/www.artisanlocal.ch\/media\/cache\/thumb\/images\/companies\/68b6bd19afd1c524227327.png\" alt=\"Logo\">\r\n            <h2 class=\"company-info__name\">La Gouvernante Solution PRO Sarl<\/h2>\r\n            <p class=\"company-info__business\">Entreprise de nettoyage - Entretien - Entretien de jardin - Nettoyage de b\u00e2timents - Conciergerie - Entretien d'immeuble - D\u00e9m\u00e9nagements - D\u00e9barras - Peinture<\/p>\r\n        <\/div>\r\n        <div class=\"company-contact\">\r\n            <p class=\"company-info__address\">Chemin du Publoz 2<\/p>\r\n                            <div class=\"links\">\r\n                                            <a class=\"btn has-accent-background-color js-phoneNumber\" href=\"tel:0791281156\" title=\"Appelez\" data-id=\"26965\" data-type=\"11\">079 128 11 56<\/a>\r\n                                                                <a class=\"btn has-accent-background-color\" href=\"http:\/\/www.lagouvernante.ch\/\" target=\"_blank\" title=\"Voir le site internet\" data-id=\"26965\" data-type=\"20\">Site internet<\/a>\r\n                                    <\/div>\r\n                    <\/div>\r\n    \r\n            \r\n<form action=\"https:\/\/www.artisanlocal.ch\/c\/wp-admin\/admin-ajax.php\" method=\"post\" class=\"form-contact\" id=\"artisan_form_contact_company_inline\">\r\n    <div><input type=\"hidden\" name=\"action\" value=\"company_contact\"><\/div>\r\n    <div><input type=\"hidden\" name=\"nonce\" value=\"972bc58192\"><\/div>\r\n    <div><input type=\"hidden\" name=\"company_id\" value=\"26965\"><\/div>\r\n    <div><input type=\"hidden\" name=\"form_id\" value=\"artisan_form_contact_company_inline\"><\/div>\r\n    <div class=\"gglcptch gglcptch_v3 gglcptch_custom\"><input type=\"hidden\" id=\"g-recaptcha-response\" name=\"g-recaptcha-response\" \/><br \/><div class=\"gglcptch_error_text\">La p\u00e9riode de v\u00e9rification reCAPTCHA a expir\u00e9. Veuillez recharger la page.<\/div><\/div>    <div class=\"form-content\">\r\n        <div class=\"form-group\">\r\n            <label for=\"contact_firstName\" class=\"required\">Pr\u00e9nom<\/label>\r\n            <input type=\"text\" name=\"firstName\" class=\"form-control\" required>\r\n        <\/div>\r\n        <div class=\"form-group\">\r\n            <label for=\"contact_lastName\" class=\"required\">Nom<\/label>\r\n            <input type=\"text\" name=\"lastName\" class=\"form-control\" required>\r\n        <\/div>\r\n        <div class=\"form-group\">\r\n            <label for=\"contact_email\" class=\"required\">Email<\/label>\r\n            <input type=\"email\" name=\"email\" class=\"form-control\" required>\r\n        <\/div>\r\n        <div class=\"form-group\">\r\n            <label for=\"contact_phone\" class=\"required\">Num\u00e9ro de t\u00e9l\u00e9phone<\/label>\r\n            <input type=\"tel\" name=\"phone\" class=\"form-control\" placeholder=\"0787117165\" pattern=\"^[0-9]{10}$\" required>\r\n        <\/div>\r\n        <div class=\"form-group\">\r\n            <label for=\"contact_postalCode\" class=\"required\">Code postal et localit\u00e9<\/label>\r\n            <input type=\"text\" name=\"postalCode\" class=\"form-control\" required>\r\n        <\/div>\r\n        <div class=\"form-group\">\r\n            <label for=\"contact_address\" class=\"required\">Adresse<\/label>\r\n            <input type=\"text\" name=\"address\" class=\"form-control\" required>\r\n        <\/div>\r\n        <div class=\"full-width topic\">\r\n            <p class=\"required\">Je souhaite \u00eatre contact\u00e9 pour :<\/p>\r\n            <div class=\"form-check\">\r\n                <input type=\"radio\" name=\"topic\" value=\"D\u00e9pannage\" class=\"form-control\" required>\r\n                <label for=\"d\u00e9pannage\">D\u00e9pannage<\/label>\r\n            <\/div>\r\n            <div class=\"form-check\">\r\n                <input type=\"radio\" name=\"topic\" value=\"Entretien\" class=\"form-control\" required>\r\n                <label for=\"entretien\">Entretien<\/label>\r\n            <\/div>\r\n            <div class=\"form-check\">\r\n                <input type=\"radio\" name=\"topic\" value=\"R\u00e9novation\" class=\"form-control\" required>\r\n                <label for=\"r\u00e9novation\">R\u00e9novation<\/label>\r\n            <\/div>\r\n            <div class=\"form-check\">\r\n                <input type=\"radio\" name=\"topic\" value=\"Autre\" class=\"form-control\" required>\r\n                <label for=\"autre\">Autre<\/label>\r\n            <\/div>\r\n        <\/div>\r\n        <div class=\"form-group full-width\">\r\n            <label for=\"contact_message\">Message<\/label>\r\n            <textarea name=\"message\" rows=\"3\" class=\"form-control\"><\/textarea>\r\n        <\/div>\r\n    <\/div>\r\n    <div class=\"form-actions\">\r\n        <button class=\"wp-block-button__link has-accent-background-color\">Contacter<\/button>\r\n    <\/div>\r\n<\/form>\r\n<div class=\"form-feedback\"><\/div>    <\/div>\n<h2>Pourquoi travailler avec notre soci\u00e9t\u00e9 ?<\/h2>\n<ul>\n<li>Vous pouvez planifier un rendez-vous aujourd&rsquo;hui avec notre soci\u00e9t\u00e9.<\/li>\n<li>Nous utilisons les derni\u00e8res pratiques de nettoyage.<\/li>\n<li>Nous employons des produits respectueux de l&rsquo;environnement.<\/li>\n<li>Nous vous fournissons un devis gratuit.<\/li>\n<\/ul>\n<h2>Services de m\u00e9nage \u00e0 Oron-la-Ville<\/h2>\n<p>Nous fournissons une large gamme de services de nettoyage sur mesure pour r\u00e9pondre aux besoins de nos clients.<\/p>\n<p>Qu&rsquo;il s&rsquo;agisse d&rsquo;un m\u00e9nage en profondeur, d\u2019un m\u00e9nage ponctuel ou d&rsquo;un service constant, nous pouvons concevoir des prestations sur mesure, voici les prestations que nous pratiquons le plus fr\u00e9quemment \u00e0 Oron-la-Ville, vous pouvez b\u00e9n\u00e9ficier :<\/p>\n<ul>\n<li>D&rsquo;un m\u00e9nage apr\u00e8s d\u00e9m\u00e9nagement\/avant emm\u00e9nagement pour les locataires.<\/li>\n<li>D&rsquo;une prestation de m\u00e9nage, si vous \u00eates h\u00f4tes Airbnb.<\/li>\n<li>D&rsquo;un service d&rsquo;entretien pour le nettoyage de bureaux et locaux commerciaux.<\/li>\n<li>D&rsquo;un nettoyage apr\u00e8s une r\u00e9novation d&rsquo;int\u00e9rieur.<\/li>\n<\/ul>\n<h2>Quelles sont les solutions de nettoyage qu&rsquo;artisanlocal propose\u202f?<\/h2>\n<ul>\n<li>Services de propret\u00e9 pour les locations courtes,<\/li>\n<li>service de m\u00e9nage et de nettoyage de logements,<\/li>\n<li>entretien des \u00e9quipements m\u00e9nagers,<\/li>\n<li>nettoyage du jardin,<\/li>\n<li>service de nettoyage des espaces souterrains,<\/li>\n<li>assainissement des surfaces pour lutter contre les virus,<\/li>\n<li> lavage de la vaisselle,<\/li>\n<li>nettoyage et entretien des installations sportives,<\/li>\n<li>nettoyage des sols,<\/li>\n<li>nettoyage sanitaire en milieu m\u00e9dical,<\/li>\n<li>m\u00e9nage et nettoyage apr\u00e8s un d\u00e9m\u00e9nagement,<\/li>\n<li>nettoyage des espaces de coworking,<\/li>\n<li>service de m\u00e9nage apr\u00e8s des travaux,<\/li>\n<li>nettoyage de salles de bains,<\/li>\n<li>nettoyage des commerces locaux,<\/li>\n<li>service de m\u00e9nage et entretien des salles de classe,<\/li>\n<li>nettoyage des fen\u00eatres.<\/li>\n<\/ul>\n<h2>Une soci\u00e9t\u00e9 Helv\u00e9tique de confiance<\/h2>\n<h3>M\u00e9nage d&rsquo;int\u00e9rieur pour appartement \u00e0 Oron-la-Ville<\/h3>\n<p>Nous effectuons le m\u00e9nage d\u2019appartement \u00e0 Oron-la-Ville, par exemple, nous pouvons nettoyer votre appartement, avant votre \u00e9tat des lieux.<\/p>\n<p>Il est essentiel de comprendre que si le m\u00e9nage de votre int\u00e9rieur n&rsquo;est pas effectu\u00e9 proprement, le bailleur peut solliciter une entreprise de nettoyage et conserver une part de votre d\u00e9p\u00f4t de garantie.<\/p>\n<p>Les services de m\u00e9nage pour l&rsquo;\u00e9tat des lieux incluent :<\/p>\n<p>&#8211; L&rsquo;entretien des surfaces : carrelages, sols, parquets, moquettes et murs.<\/p>\n<p>&#8211; Le nettoyage des fen\u00eatres et vitres.<\/p>\n<p>&#8211; Le nettoyage de la salle d&rsquo;eau et des toilettes.<\/p>\n<p>&#8211; Le service de nettoyage du coin cuisine et de la h\u00f4te de cuisine.<\/p>\n<p>&#8211; Le nettoyage des poussi\u00e8res sur le mobilier.<\/p>\n<h3>Vous avez besoin d&rsquo;un service de nettoyage continu de votre logement?<\/h3>\n<p>Notre entreprise propose des solutions d&rsquo;entretien adapt\u00e9es \u00e0 vos demandes, avec des interventions hebdomadaires, bihebdomadaires ou chaque mois.<\/p>\n<h3>Service pour un nettoyage en profondeur de votre habitation \u00e0 Oron-la-Ville<\/h3>\n<p>Artisanlocal propose des services de m\u00e9nage en profondeur pour votre habitation ou appartement, en plus de notre prestation de m\u00e9nage standard.<\/p>\n<h3>Quels sont les b\u00e9n\u00e9fices de r\u00e9aliser un entretien approfondi avec notre soci\u00e9t\u00e9 ?<\/h3>\n<p>L\u2019avantage principal du m\u00e9nage en profondeur est d\u2019\u00e9liminer la salet\u00e9, la poussi\u00e8re et la crasse qui se sont empil\u00e9es au fur et \u00e0 mesure, afin de rendre votre appartement sans danger pour la sant\u00e9. Un nettoyage en profondeur est par ailleurs une tr\u00e8s bonne solution pour enlever les mauvaises odeurs.<\/p>\n<h3>Service d&rsquo;entretien de locaux professionnels \u00e0 Oron-la-Ville<\/h3>\n<p>Pour le nettoyage de vos espaces de travail, comptez sur Artisanlocal. \u00c9conomisez du temps, de l&rsquo;\u00e9nergie gr\u00e2ce \u00e0 notre entreprise ! D\u00e9couvrez nos contrats de nettoyage adapt\u00e9s pour vos locaux. Nos contrats sont adapt\u00e9s \u00e0 votre enveloppe budg\u00e9taire et \u00e0 vos besoins. Voici les prestations que nous proposons pour le m\u00e9nage de vos bureaux :<\/p>\n<ul>\n<li>Traitement des tapis et nettoyage des fen\u00eatres de vos espaces de travail.<\/li>\n<li>Nettoyage de sofas, de chaises de travail, de divan en textile ou en cuir.<\/li>\n<li>Gestion des d\u00e9chets.<\/li>\n<li>Nettoyage des amas de poussi\u00e8re.<\/li>\n<li>Nettoyage des surfaces au sol et passage de l&rsquo;aspirateur.<\/li>\n<\/ul>\n<h3>Soci\u00e9t\u00e9 de nettoyage pour votre propri\u00e9t\u00e9 \u00e0 Oron-la-Ville<\/h3>\n<p>Pour garantir que votre habitation reste tout le temps aussi soign\u00e9, un m\u00e9nage fr\u00e9quent doit faire partie de votre routine. H\u00e9las, un agenda charg\u00e9 peut rendre cette t\u00e2che compliqu\u00e9e, voire irr\u00e9alisable, confiez \u00e0 notre entreprise le nettoyage de votre r\u00e9sidence.<\/p>\n<h2>Pourquoi solliciter artisanlocal pour r\u00e9aliser le m\u00e9nage des habitations \u00e0 Oron-la-Ville ?<\/h2>\n<p>Si vous r\u00e9sidez \u00e0 Oron-la-Ville vous pouvez rencontrer des difficult\u00e9s \u00e0 conserver votre h\u00e9bergement propre et bien rang\u00e9. Nos prestations sont adapt\u00e9es aux r\u00e9sidents de Oron-la-Ville. Avec notre soci\u00e9t\u00e9, vous avez la possibilit\u00e9 de :<\/p>\n<h3>Mieux organiser l&rsquo;int\u00e9rieur de votre r\u00e9sidence<\/h3>\n<p>Un domicile mal organis\u00e9 peut \u00eatre une source de probl\u00e8mes (perte de temps, disputes avec son conjoint, etc.). Notre soci\u00e9t\u00e9 Artisanlocal propose des services de nettoyage d&rsquo;int\u00e9rieur pour les maisons et appartements. Afin de :<\/p>\n<h3>Mettre en place un cadre plus convivial<\/h3>\n<p>Effectivement, une maison bien rang\u00e9e vous aidera ainsi que vos invit\u00e9s \u00e0 vous sentir plus \u00e0 l&rsquo;aise.<\/p>\n<h3>Rester en bonne sant\u00e9 et content<\/h3>\n<p>La concentration des particules de poussi\u00e8res fines dans votre propri\u00e9t\u00e9 peut cr\u00e9er des risques pour votre \u00e9tat de sant\u00e9, et entra\u00eener des r\u00e9actions allergiques ou intensifier celles qui sont d\u00e9j\u00e0 pr\u00e9sentes. En faisant appel \u00e0 une entreprise de nettoyage, vous r\u00e9duisez le risque d&rsquo;allergies.<\/p>\n<h3>Optimiser la disposition globale de votre propri\u00e9t\u00e9<\/h3>\n<p>Il est banal que l&rsquo;espace int\u00e9rieur des maisons soit mal rang\u00e9, ce qui peut rendre difficile la vie quotidienne. Nos services peuvent s&rsquo;av\u00e9rer utiles pour garder votre maison bien ordonn\u00e9e. Par ailleurs, nous pouvons aussi intervenir \u00e0 : Peney-le-Jorat, Forel (Lavaux), Mollie-Margot, Savigny, Ferlens VD, Servion, Essertes, Les Cullayes, Montpreveyres, Corcelles-le-Jorat, M\u00e9zi\u00e8res VD, Carrouge VD, Vulliens, Ropraz, Les Tavernes, Les Thioleyres, Pal\u00e9zieux, Pal\u00e9zieux-Village, Oron-le-Ch\u00e2tel, Chapelle (Gl\u00e2ne), Bussigny-sur-Oron, Chesalles-sur-Oron, Ch\u00e2tillens, Vuibroye, Le Cr\u00eat-pr\u00e8s-Semsales, Ecoteaux, Maracon.<\/p>\n","protected":false},"excerpt":{"rendered":"<p>Nous offrons un service de nettoyage complet de votre studio ou de vos bureaux \u00e0 Oron-la-Ville. Notre entreprise est constitu\u00e9e d&rsquo;experts form\u00e9s aux derni\u00e8res techniques qui s&rsquo;efforcent d&rsquo;apporter \u00e0 notre client\u00e8le des services de la meilleure qualit\u00e9 possible. Pourquoi travailler avec notre soci\u00e9t\u00e9 ? Vous pouvez planifier un rendez-vous aujourd&rsquo;hui avec notre soci\u00e9t\u00e9. Nous utilisons [&hellip;]<\/p>\n","protected":false},"author":4,"featured_media":2754,"parent":0,"menu_order":0,"comment_status":"closed","ping_status":"closed","template":"","meta":{"footnotes":""},"profession":[108],"location":[78],"canton":[113],"class_list":["post-410","page","type-page","status-publish","has-post-thumbnail","hentry","profession-agent-de-proprete","location-oron-la-ville","canton-vd"],"yoast_head":"<!-- This site is optimized with the Yoast SEO Premium plugin v25.7.1 (Yoast SEO v27.4) - https:\/\/yoast.com\/product\/yoast-seo-premium-wordpress\/ -->\n<title>Nettoyage professionnel pour habitation et local d&#039;entreprise \u00e0 Oron-la-Ville - Artisanlocal<\/title>\n<meta name=\"robots\" content=\"index, follow, max-snippet:-1, max-image-preview:large, max-video-preview:-1\" \/>\n<link rel=\"canonical\" href=\"https:\/\/www.artisanlocal.ch\/c\/nettoyage-professionnel-pour-habitation-et-local-dentreprise-a-oron-la-ville\/\" \/>\n<meta property=\"og:locale\" content=\"fr_FR\" \/>\n<meta property=\"og:type\" content=\"article\" \/>\n<meta property=\"og:title\" content=\"Nettoyage professionnel pour habitation et local d&#039;entreprise \u00e0 Oron-la-Ville\" \/>\n<meta property=\"og:description\" content=\"Nous offrons un service de nettoyage complet de votre studio ou de vos bureaux \u00e0 Oron-la-Ville. Notre entreprise est constitu\u00e9e d&rsquo;experts form\u00e9s aux derni\u00e8res techniques qui s&rsquo;efforcent d&rsquo;apporter \u00e0 notre client\u00e8le des services de la meilleure qualit\u00e9 possible. Pourquoi travailler avec notre soci\u00e9t\u00e9 ? Vous pouvez planifier un rendez-vous aujourd&rsquo;hui avec notre soci\u00e9t\u00e9. Nous utilisons [&hellip;]\" \/>\n<meta property=\"og:url\" content=\"https:\/\/www.artisanlocal.ch\/c\/nettoyage-professionnel-pour-habitation-et-local-dentreprise-a-oron-la-ville\/\" \/>\n<meta property=\"og:site_name\" content=\"Artisanlocal\" \/>\n<meta property=\"article:modified_time\" content=\"2025-08-26T23:33:52+00:00\" \/>\n<meta property=\"og:image\" content=\"https:\/\/www.artisanlocal.ch\/c\/wp-content\/uploads\/2024\/10\/agent-proprete.jpg\" \/>\n\t<meta property=\"og:image:width\" content=\"1920\" \/>\n\t<meta property=\"og:image:height\" content=\"300\" \/>\n\t<meta property=\"og:image:type\" content=\"image\/jpeg\" \/>\n<meta name=\"twitter:card\" content=\"summary_large_image\" \/>\n<meta name=\"twitter:label1\" content=\"Dur\u00e9e de lecture estim\u00e9e\" \/>\n\t<meta name=\"twitter:data1\" content=\"5 minutes\" \/>\n<script type=\"application\/ld+json\" class=\"yoast-schema-graph\">{\"@context\":\"https:\\\/\\\/schema.org\",\"@graph\":[{\"@type\":\"WebPage\",\"@id\":\"https:\\\/\\\/www.artisanlocal.ch\\\/c\\\/nettoyage-professionnel-pour-habitation-et-local-dentreprise-a-oron-la-ville\\\/\",\"url\":\"https:\\\/\\\/www.artisanlocal.ch\\\/c\\\/nettoyage-professionnel-pour-habitation-et-local-dentreprise-a-oron-la-ville\\\/\",\"name\":\"Nettoyage professionnel pour habitation et local d'entreprise \u00e0 Oron-la-Ville - Artisanlocal\",\"isPartOf\":{\"@id\":\"https:\\\/\\\/www.artisanlocal.ch\\\/c\\\/#website\"},\"primaryImageOfPage\":{\"@id\":\"https:\\\/\\\/www.artisanlocal.ch\\\/c\\\/nettoyage-professionnel-pour-habitation-et-local-dentreprise-a-oron-la-ville\\\/#primaryimage\"},\"image\":{\"@id\":\"https:\\\/\\\/www.artisanlocal.ch\\\/c\\\/nettoyage-professionnel-pour-habitation-et-local-dentreprise-a-oron-la-ville\\\/#primaryimage\"},\"thumbnailUrl\":\"https:\\\/\\\/www.artisanlocal.ch\\\/c\\\/wp-content\\\/uploads\\\/2024\\\/10\\\/agent-proprete.jpg\",\"datePublished\":\"2024-04-16T16:38:23+00:00\",\"dateModified\":\"2025-08-26T23:33:52+00:00\",\"breadcrumb\":{\"@id\":\"https:\\\/\\\/www.artisanlocal.ch\\\/c\\\/nettoyage-professionnel-pour-habitation-et-local-dentreprise-a-oron-la-ville\\\/#breadcrumb\"},\"inLanguage\":\"fr-FR\",\"potentialAction\":[{\"@type\":\"ReadAction\",\"target\":[\"https:\\\/\\\/www.artisanlocal.ch\\\/c\\\/nettoyage-professionnel-pour-habitation-et-local-dentreprise-a-oron-la-ville\\\/\"]}]},{\"@type\":\"ImageObject\",\"inLanguage\":\"fr-FR\",\"@id\":\"https:\\\/\\\/www.artisanlocal.ch\\\/c\\\/nettoyage-professionnel-pour-habitation-et-local-dentreprise-a-oron-la-ville\\\/#primaryimage\",\"url\":\"https:\\\/\\\/www.artisanlocal.ch\\\/c\\\/wp-content\\\/uploads\\\/2024\\\/10\\\/agent-proprete.jpg\",\"contentUrl\":\"https:\\\/\\\/www.artisanlocal.ch\\\/c\\\/wp-content\\\/uploads\\\/2024\\\/10\\\/agent-proprete.jpg\",\"width\":1920,\"height\":300},{\"@type\":\"BreadcrumbList\",\"@id\":\"https:\\\/\\\/www.artisanlocal.ch\\\/c\\\/nettoyage-professionnel-pour-habitation-et-local-dentreprise-a-oron-la-ville\\\/#breadcrumb\",\"itemListElement\":[{\"@type\":\"ListItem\",\"position\":1,\"name\":\"Accueil\",\"item\":\"https:\\\/\\\/www.artisanlocal.ch\\\/c\\\/\"},{\"@type\":\"ListItem\",\"position\":2,\"name\":\"Nettoyage professionnel pour habitation et local d&rsquo;entreprise \u00e0 Oron-la-Ville\"}]},{\"@type\":\"WebSite\",\"@id\":\"https:\\\/\\\/www.artisanlocal.ch\\\/c\\\/#website\",\"url\":\"https:\\\/\\\/www.artisanlocal.ch\\\/c\\\/\",\"name\":\"Artisanlocal\",\"description\":\"\",\"publisher\":{\"@id\":\"https:\\\/\\\/www.artisanlocal.ch\\\/c\\\/#organization\"},\"potentialAction\":[{\"@type\":\"SearchAction\",\"target\":{\"@type\":\"EntryPoint\",\"urlTemplate\":\"https:\\\/\\\/www.artisanlocal.ch\\\/c\\\/?s={search_term_string}\"},\"query-input\":{\"@type\":\"PropertyValueSpecification\",\"valueRequired\":true,\"valueName\":\"search_term_string\"}}],\"inLanguage\":\"fr-FR\"},{\"@type\":\"Organization\",\"@id\":\"https:\\\/\\\/www.artisanlocal.ch\\\/c\\\/#organization\",\"name\":\"Artisanlocal\",\"url\":\"https:\\\/\\\/www.artisanlocal.ch\\\/c\\\/\",\"logo\":{\"@type\":\"ImageObject\",\"inLanguage\":\"fr-FR\",\"@id\":\"https:\\\/\\\/www.artisanlocal.ch\\\/c\\\/#\\\/schema\\\/logo\\\/image\\\/\",\"url\":\"https:\\\/\\\/www.artisanlocal.ch\\\/c\\\/wp-content\\\/uploads\\\/2024\\\/02\\\/logo-artisanlocal-h.svg\",\"contentUrl\":\"https:\\\/\\\/www.artisanlocal.ch\\\/c\\\/wp-content\\\/uploads\\\/2024\\\/02\\\/logo-artisanlocal-h.svg\",\"caption\":\"Artisanlocal\"},\"image\":{\"@id\":\"https:\\\/\\\/www.artisanlocal.ch\\\/c\\\/#\\\/schema\\\/logo\\\/image\\\/\"}}]}<\/script>\n<!-- \/ Yoast SEO Premium plugin. -->","yoast_head_json":{"title":"Nettoyage professionnel pour habitation et local d'entreprise \u00e0 Oron-la-Ville - Artisanlocal","robots":{"index":"index","follow":"follow","max-snippet":"max-snippet:-1","max-image-preview":"max-image-preview:large","max-video-preview":"max-video-preview:-1"},"canonical":"https:\/\/www.artisanlocal.ch\/c\/nettoyage-professionnel-pour-habitation-et-local-dentreprise-a-oron-la-ville\/","og_locale":"fr_FR","og_type":"article","og_title":"Nettoyage professionnel pour habitation et local d'entreprise \u00e0 Oron-la-Ville","og_description":"Nous offrons un service de nettoyage complet de votre studio ou de vos bureaux \u00e0 Oron-la-Ville. Notre entreprise est constitu\u00e9e d&rsquo;experts form\u00e9s aux derni\u00e8res techniques qui s&rsquo;efforcent d&rsquo;apporter \u00e0 notre client\u00e8le des services de la meilleure qualit\u00e9 possible. Pourquoi travailler avec notre soci\u00e9t\u00e9 ? Vous pouvez planifier un rendez-vous aujourd&rsquo;hui avec notre soci\u00e9t\u00e9. Nous utilisons [&hellip;]","og_url":"https:\/\/www.artisanlocal.ch\/c\/nettoyage-professionnel-pour-habitation-et-local-dentreprise-a-oron-la-ville\/","og_site_name":"Artisanlocal","article_modified_time":"2025-08-26T23:33:52+00:00","og_image":[{"width":1920,"height":300,"url":"https:\/\/www.artisanlocal.ch\/c\/wp-content\/uploads\/2024\/10\/agent-proprete.jpg","type":"image\/jpeg"}],"twitter_card":"summary_large_image","twitter_misc":{"Dur\u00e9e de lecture estim\u00e9e":"5 minutes"},"schema":{"@context":"https:\/\/schema.org","@graph":[{"@type":"WebPage","@id":"https:\/\/www.artisanlocal.ch\/c\/nettoyage-professionnel-pour-habitation-et-local-dentreprise-a-oron-la-ville\/","url":"https:\/\/www.artisanlocal.ch\/c\/nettoyage-professionnel-pour-habitation-et-local-dentreprise-a-oron-la-ville\/","name":"Nettoyage professionnel pour habitation et local d'entreprise \u00e0 Oron-la-Ville - Artisanlocal","isPartOf":{"@id":"https:\/\/www.artisanlocal.ch\/c\/#website"},"primaryImageOfPage":{"@id":"https:\/\/www.artisanlocal.ch\/c\/nettoyage-professionnel-pour-habitation-et-local-dentreprise-a-oron-la-ville\/#primaryimage"},"image":{"@id":"https:\/\/www.artisanlocal.ch\/c\/nettoyage-professionnel-pour-habitation-et-local-dentreprise-a-oron-la-ville\/#primaryimage"},"thumbnailUrl":"https:\/\/www.artisanlocal.ch\/c\/wp-content\/uploads\/2024\/10\/agent-proprete.jpg","datePublished":"2024-04-16T16:38:23+00:00","dateModified":"2025-08-26T23:33:52+00:00","breadcrumb":{"@id":"https:\/\/www.artisanlocal.ch\/c\/nettoyage-professionnel-pour-habitation-et-local-dentreprise-a-oron-la-ville\/#breadcrumb"},"inLanguage":"fr-FR","potentialAction":[{"@type":"ReadAction","target":["https:\/\/www.artisanlocal.ch\/c\/nettoyage-professionnel-pour-habitation-et-local-dentreprise-a-oron-la-ville\/"]}]},{"@type":"ImageObject","inLanguage":"fr-FR","@id":"https:\/\/www.artisanlocal.ch\/c\/nettoyage-professionnel-pour-habitation-et-local-dentreprise-a-oron-la-ville\/#primaryimage","url":"https:\/\/www.artisanlocal.ch\/c\/wp-content\/uploads\/2024\/10\/agent-proprete.jpg","contentUrl":"https:\/\/www.artisanlocal.ch\/c\/wp-content\/uploads\/2024\/10\/agent-proprete.jpg","width":1920,"height":300},{"@type":"BreadcrumbList","@id":"https:\/\/www.artisanlocal.ch\/c\/nettoyage-professionnel-pour-habitation-et-local-dentreprise-a-oron-la-ville\/#breadcrumb","itemListElement":[{"@type":"ListItem","position":1,"name":"Accueil","item":"https:\/\/www.artisanlocal.ch\/c\/"},{"@type":"ListItem","position":2,"name":"Nettoyage professionnel pour habitation et local d&rsquo;entreprise \u00e0 Oron-la-Ville"}]},{"@type":"WebSite","@id":"https:\/\/www.artisanlocal.ch\/c\/#website","url":"https:\/\/www.artisanlocal.ch\/c\/","name":"Artisanlocal","description":"","publisher":{"@id":"https:\/\/www.artisanlocal.ch\/c\/#organization"},"potentialAction":[{"@type":"SearchAction","target":{"@type":"EntryPoint","urlTemplate":"https:\/\/www.artisanlocal.ch\/c\/?s={search_term_string}"},"query-input":{"@type":"PropertyValueSpecification","valueRequired":true,"valueName":"search_term_string"}}],"inLanguage":"fr-FR"},{"@type":"Organization","@id":"https:\/\/www.artisanlocal.ch\/c\/#organization","name":"Artisanlocal","url":"https:\/\/www.artisanlocal.ch\/c\/","logo":{"@type":"ImageObject","inLanguage":"fr-FR","@id":"https:\/\/www.artisanlocal.ch\/c\/#\/schema\/logo\/image\/","url":"https:\/\/www.artisanlocal.ch\/c\/wp-content\/uploads\/2024\/02\/logo-artisanlocal-h.svg","contentUrl":"https:\/\/www.artisanlocal.ch\/c\/wp-content\/uploads\/2024\/02\/logo-artisanlocal-h.svg","caption":"Artisanlocal"},"image":{"@id":"https:\/\/www.artisanlocal.ch\/c\/#\/schema\/logo\/image\/"}}]}},"_links":{"self":[{"href":"https:\/\/www.artisanlocal.ch\/c\/wp-json\/wp\/v2\/pages\/410","targetHints":{"allow":["GET"]}}],"collection":[{"href":"https:\/\/www.artisanlocal.ch\/c\/wp-json\/wp\/v2\/pages"}],"about":[{"href":"https:\/\/www.artisanlocal.ch\/c\/wp-json\/wp\/v2\/types\/page"}],"author":[{"embeddable":true,"href":"https:\/\/www.artisanlocal.ch\/c\/wp-json\/wp\/v2\/users\/4"}],"replies":[{"embeddable":true,"href":"https:\/\/www.artisanlocal.ch\/c\/wp-json\/wp\/v2\/comments?post=410"}],"version-history":[{"count":0,"href":"https:\/\/www.artisanlocal.ch\/c\/wp-json\/wp\/v2\/pages\/410\/revisions"}],"wp:featuredmedia":[{"embeddable":true,"href":"https:\/\/www.artisanlocal.ch\/c\/wp-json\/wp\/v2\/media\/2754"}],"wp:attachment":[{"href":"https:\/\/www.artisanlocal.ch\/c\/wp-json\/wp\/v2\/media?parent=410"}],"wp:term":[{"taxonomy":"profession","embeddable":true,"href":"https:\/\/www.artisanlocal.ch\/c\/wp-json\/wp\/v2\/profession?post=410"},{"taxonomy":"location","embeddable":true,"href":"https:\/\/www.artisanlocal.ch\/c\/wp-json\/wp\/v2\/location?post=410"},{"taxonomy":"canton","embeddable":true,"href":"https:\/\/www.artisanlocal.ch\/c\/wp-json\/wp\/v2\/canton?post=410"}],"curies":[{"name":"wp","href":"https:\/\/api.w.org\/{rel}","templated":true}]}}