{"id":411,"date":"2024-04-16T18:38:23","date_gmt":"2024-04-16T16:38:23","guid":{"rendered":"https:\/\/www.artisanlocal.ch\/c\/nettoyage-professionnel-pour-logement-et-bureau-a-rolle\/"},"modified":"2025-08-27T01:33:51","modified_gmt":"2025-08-26T23:33:51","slug":"nettoyage-professionnel-pour-logement-et-bureau-a-rolle","status":"publish","type":"page","link":"https:\/\/www.artisanlocal.ch\/c\/nettoyage-professionnel-pour-logement-et-bureau-a-rolle\/","title":{"rendered":"Nettoyage professionnel pour logement et bureau \u00e0 Rolle"},"content":{"rendered":"<p>Nous proposons un service de nettoyage complet de votre appartement ou de vos locaux \u00e0 Rolle. Notre soci\u00e9t\u00e9 est constitu\u00e9e d&rsquo;experts form\u00e9s aux derni\u00e8res techniques qui s&rsquo;efforcent de fournir \u00e0 notre client\u00e8le des services de la meilleure qualit\u00e9 possible.<\/p>\n\r\n<div class=\"box\">\r\n            <div class=\"company-info\">\r\n            <img decoding=\"async\" class=\"company-info__logo\" src=\"https:\/\/www.artisanlocal.ch\/media\/cache\/thumb\/images\/companies\/69e5ebe9cd20a055635783.png\" alt=\"Logo\">\r\n            <h2 class=\"company-info__name\">T\u00e2nia DE BARROS NETTOYAGE & ENTRETIEN<\/h2>\r\n            <p class=\"company-info__business\">Entreprise de nettoyage - Conciergerie - Entretien d'immeubles - Nettoyage de fin de chantier \/ fin de bail - Nettoyage de bureaux - Entretien ext\u00e9rieur<\/p>\r\n        <\/div>\r\n        <div class=\"company-contact\">\r\n            <p class=\"company-info__address\">Chemin de la Cr\u00e9taux 2<\/p>\r\n                            <div class=\"links\">\r\n                                            <a class=\"btn has-accent-background-color js-phoneNumber\" href=\"tel:0789283101\" title=\"Appelez\" data-id=\"27201\" data-type=\"11\">078 928 31 01<\/a>\r\n                                                        <\/div>\r\n                    <\/div>\r\n    \r\n            \r\n<form action=\"https:\/\/www.artisanlocal.ch\/c\/wp-admin\/admin-ajax.php\" method=\"post\" class=\"form-contact\" id=\"artisan_form_contact_company_inline\">\r\n    <div><input type=\"hidden\" name=\"action\" value=\"company_contact\"><\/div>\r\n    <div><input type=\"hidden\" name=\"nonce\" value=\"f071462bb9\"><\/div>\r\n    <div><input type=\"hidden\" name=\"company_id\" value=\"27201\"><\/div>\r\n    <div><input type=\"hidden\" name=\"form_id\" value=\"artisan_form_contact_company_inline\"><\/div>\r\n    <div class=\"gglcptch gglcptch_v3 gglcptch_custom\"><input type=\"hidden\" id=\"g-recaptcha-response\" name=\"g-recaptcha-response\" \/><br \/><div class=\"gglcptch_error_text\">La p\u00e9riode de v\u00e9rification reCAPTCHA a expir\u00e9. Veuillez recharger la page.<\/div><\/div>    <div class=\"form-content\">\r\n        <div class=\"form-group\">\r\n            <label for=\"contact_firstName\" class=\"required\">Pr\u00e9nom<\/label>\r\n            <input type=\"text\" name=\"firstName\" class=\"form-control\" required>\r\n        <\/div>\r\n        <div class=\"form-group\">\r\n            <label for=\"contact_lastName\" class=\"required\">Nom<\/label>\r\n            <input type=\"text\" name=\"lastName\" class=\"form-control\" required>\r\n        <\/div>\r\n        <div class=\"form-group\">\r\n            <label for=\"contact_email\" class=\"required\">Email<\/label>\r\n            <input type=\"email\" name=\"email\" class=\"form-control\" required>\r\n        <\/div>\r\n        <div class=\"form-group\">\r\n            <label for=\"contact_phone\" class=\"required\">Num\u00e9ro de t\u00e9l\u00e9phone<\/label>\r\n            <input type=\"tel\" name=\"phone\" class=\"form-control\" placeholder=\"0787117165\" pattern=\"^[0-9]{10}$\" required>\r\n        <\/div>\r\n        <div class=\"form-group\">\r\n            <label for=\"contact_postalCode\" class=\"required\">Code postal et localit\u00e9<\/label>\r\n            <input type=\"text\" name=\"postalCode\" class=\"form-control\" required>\r\n        <\/div>\r\n        <div class=\"form-group\">\r\n            <label for=\"contact_address\" class=\"required\">Adresse<\/label>\r\n            <input type=\"text\" name=\"address\" class=\"form-control\" required>\r\n        <\/div>\r\n        <div class=\"full-width topic\">\r\n            <p class=\"required\">Je souhaite \u00eatre contact\u00e9 pour :<\/p>\r\n            <div class=\"form-check\">\r\n                <input type=\"radio\" name=\"topic\" value=\"D\u00e9pannage\" class=\"form-control\" required>\r\n                <label for=\"d\u00e9pannage\">D\u00e9pannage<\/label>\r\n            <\/div>\r\n            <div class=\"form-check\">\r\n                <input type=\"radio\" name=\"topic\" value=\"Entretien\" class=\"form-control\" required>\r\n                <label for=\"entretien\">Entretien<\/label>\r\n            <\/div>\r\n            <div class=\"form-check\">\r\n                <input type=\"radio\" name=\"topic\" value=\"R\u00e9novation\" class=\"form-control\" required>\r\n                <label for=\"r\u00e9novation\">R\u00e9novation<\/label>\r\n            <\/div>\r\n            <div class=\"form-check\">\r\n                <input type=\"radio\" name=\"topic\" value=\"Autre\" class=\"form-control\" required>\r\n                <label for=\"autre\">Autre<\/label>\r\n            <\/div>\r\n        <\/div>\r\n        <div class=\"form-group full-width\">\r\n            <label for=\"contact_message\">Message<\/label>\r\n            <textarea name=\"message\" rows=\"3\" class=\"form-control\"><\/textarea>\r\n        <\/div>\r\n    <\/div>\r\n    <div class=\"form-actions\">\r\n        <button class=\"wp-block-button__link has-accent-background-color\">Contacter<\/button>\r\n    <\/div>\r\n<\/form>\r\n<div class=\"form-feedback\"><\/div>    <\/div>\n<h2>Pourquoi travailler avec notre entreprise ?<\/h2>\n<ul>\n<li>Vous pouvez r\u00e9server un rendez-vous le jour m\u00eame.<\/li>\n<li>Nous employons les derni\u00e8res m\u00e9thodes de nettoyage.<\/li>\n<li>L&rsquo;entretien est effectu\u00e9 avec des produits \u00e9cologiques.<\/li>\n<li>Nous vous fournissons un devis gratuit.<\/li>\n<\/ul>\n<h2>Nettoyage de votre maison ou de votre local commercial \u00e0 Rolle<\/h2>\n<p>Nous offrons une large gamme de prestations de nettoyage personnalis\u00e9 pour r\u00e9pondre aux besoins de nos clients.<\/p>\n<p>Dans le cas d&rsquo;un nettoyage m\u00e9ticuleux, d\u2019un m\u00e9nage ponctuel ou d&rsquo;un entretien continu, nous pouvons \u00e9laborer des solutions sur mesure, voici les interventions que nous r\u00e9alisons le plus fr\u00e9quemment \u00e0 Rolle, vous pouvez profiter :<\/p>\n<ul>\n<li>D&rsquo;un nettoyage apr\u00e8s d\u00e9m\u00e9nagement\/avant emm\u00e9nagement pour les locataires.<\/li>\n<li>D&rsquo;un nettoyage Airbnb.<\/li>\n<li>D&rsquo;un nettoyage professionnel de bureaux et locaux commerciaux.<\/li>\n<li>D&rsquo;un nettoyage apr\u00e8s une r\u00e9novation d&rsquo;appartement.<\/li>\n<\/ul>\n<h2>Quels sont les services de nettoyage qu&rsquo;artisanlocal propose\u202f?<\/h2>\n<ul>\n<li>Services de m\u00e9nage pour les conciergeries d&rsquo;appartements et maisons Airbnb,<\/li>\n<li>nettoyage d&rsquo;appartements,<\/li>\n<li>entretien et nettoyage des appareils m\u00e9nagers,<\/li>\n<li>nettoyage de terrasse,<\/li>\n<li>services de propret\u00e9 pour les caves,<\/li>\n<li>assainissement des surfaces pour lutter contre les virus,<\/li>\n<li>service de lavage de la vaisselle,<\/li>\n<li>nettoyage des installations sportives,<\/li>\n<li>lavage des sols,<\/li>\n<li>nettoyage des h\u00f4pitaux,<\/li>\n<li>m\u00e9nage et nettoyage apr\u00e8s un d\u00e9m\u00e9nagement,<\/li>\n<li>nettoyage des espaces de coworking,<\/li>\n<li>service de propret\u00e9 apr\u00e8s une r\u00e9novation,<\/li>\n<li>entretien de salles de bains,<\/li>\n<li>nettoyage des petits commerces,<\/li>\n<li>service de nettoyage des salles de classe,<\/li>\n<li>nettoyage de vitres.<\/li>\n<\/ul>\n<h2>Une soci\u00e9t\u00e9 de m\u00e9nage fiable situ\u00e9e en Suisse<\/h2>\n<h3>M\u00e9nage d&rsquo;int\u00e9rieur pour appartement \u00e0 Rolle<\/h3>\n<p>Si vous r\u00e9sidez \u00e0 Rolle, nous pouvons r\u00e9aliser le m\u00e9nage de votre appartement en amont de l&rsquo;\u00e9tat des lieux.<\/p>\n<p>Il est essentiel de comprendre que si le nettoyage de l&rsquo;appartement n&rsquo;est pas effectu\u00e9 proprement, le propri\u00e9taire peut solliciter une soci\u00e9t\u00e9 de m\u00e9nage et retenir une partie de votre caution.<\/p>\n<p>Ce nettoyage avant l&rsquo;\u00e9tat des lieux comprend notamment les prestations suivantes :<\/p>\n<p>&#8211; Le nettoyage des surfaces : les murs, les sols, les parquets, les tapis et les carrelages.<\/p>\n<p>&#8211; Le nettoyage des fen\u00eatres et vitres.<\/p>\n<p>&#8211; Entretien de la salle de bains et des toilettes.<\/p>\n<p>&#8211; L&rsquo;entretien de l&rsquo;espace de cuisson et du syst\u00e8me de ventilation de la cuisine.<\/p>\n<p>&#8211; Le d\u00e9poussi\u00e9rage du mobilier.<\/p>\n<h3>Vous souhaitez un nettoyage continu de votre studio?<\/h3>\n<p>Notre compagnie propose des services de propret\u00e9 sur mesure, adapt\u00e9s \u00e0 vos exigences, nous pouvons op\u00e9rer de fa\u00e7ons mensuelles, bihebdomadaires ou hebdomadaires.<\/p>\n<h3>Nettoyage approfondi de votre villa et de votre studio \u00e0 Rolle<\/h3>\n<p>Artisanlocal offre des services de nettoyage minutieux pour votre logement ou maison, en plus de notre service de nettoyage standard.<\/p>\n<h3>Quels sont les b\u00e9n\u00e9fices de faire un m\u00e9nage approfondi avec notre soci\u00e9t\u00e9 ?<\/h3>\n<p>L\u2019avantage majeur du nettoyage approfondi est d\u2019\u00e9liminer les amas de poussi\u00e8res qui se sont entass\u00e9es avec le temps, pour rendre votre domicile plus sain. Un grand nettoyage est \u00e9galement un excellent moyen d&rsquo;\u00e9liminer les odeurs d\u00e9sagr\u00e9ables.<\/p>\n<h3>Service de m\u00e9nage de bureaux \u00e0 Rolle<\/h3>\n<p>S&rsquo;adresser \u00e0 Artisanlocal pour l&rsquo;entretien de locaux professionnels est la solution la plus efficace. Vous ferez des \u00e9conomies de temps et d&rsquo;\u00e9nergie ! D\u00e9couvrez nos contrats de nettoyage sur mesures pour vos locaux. Nos contrats s&rsquo;adaptent \u00e0 vos besoins et \u00e0 vos moyens. Voici les services que nous offrons pour le m\u00e9nage de vos bureaux :<\/p>\n<ul>\n<li>Lavage de vos tapis et des fen\u00eatres.<\/li>\n<li>Nettoyage de sofas, de si\u00e8ges de travail, de divan en textile ou en cuir.<\/li>\n<li>Enl\u00e8vement des d\u00e9chets.<\/li>\n<li>\u00c9limination des amas de poussi\u00e8re.<\/li>\n<li>Nettoyage des sols et passage de l&rsquo;aspirateur.<\/li>\n<\/ul>\n<h3>Entreprise de nettoyage pour votre maison \u00e0 Rolle<\/h3>\n<p>Pour que votre maison reste continuellement aussi bien entretenu, un nettoyage fr\u00e9quent doit faire partie de vos habitudes. De nos jours, la majorit\u00e9 des gens ont un calendrier charg\u00e9 et cela complique la r\u00e9alisation des corv\u00e9es m\u00e9nag\u00e8res courantes, c&rsquo;est ici que notre entreprise peut vous aider dans vos corv\u00e9es m\u00e9nag\u00e8res.<\/p>\n<h2>Pourquoi solliciter artisanlocal pour r\u00e9aliser le m\u00e9nage des habitations \u00e0 Rolle ?<\/h2>\n<p>Si vous \u00eates un Rollois, vous avez potentiellement des difficult\u00e9s \u00e0 tenir votre espace int\u00e9rieur propre et en ordre. Nos prestations de service sont adapt\u00e9es aux r\u00e9sidents de Rolle. Avec notre soci\u00e9t\u00e9, vous avez la possibilit\u00e9 de :<\/p>\n<h3>Mieux g\u00e9rer l&rsquo;int\u00e9rieur de votre r\u00e9sidence<\/h3>\n<p>Un h\u00e9bergement en d\u00e9sordre peut \u00eatre une source de probl\u00e8mes (perte de temps, tensions avec son conjoint, etc.). Artisanlocal offre des services de nettoyage d&rsquo;int\u00e9rieur pour les studios et les maisons. Afin de :<\/p>\n<h3>Cr\u00e9er un milieu plus convivial<\/h3>\n<p>Effectivement, une habitation bien organis\u00e9e vous aidera ainsi que vos invit\u00e9s \u00e0 vous sentir plus \u00e0 l&rsquo;aise.<\/p>\n<h3>Rester en bonne forme et heureux<\/h3>\n<p>L&rsquo;accumulation des particules de poussi\u00e8res fines dans votre habitation peut engendrer des dangers pour votre \u00e9tat de sant\u00e9, et entra\u00eener des allergies ou aggraver celles qui sont d\u00e9j\u00e0 pr\u00e9sentes. En engageant une soci\u00e9t\u00e9 de nettoyage, vous diminuez les allerg\u00e8nes.<\/p>\n<h3>Am\u00e9liorer la disposition globale de votre r\u00e9sidence<\/h3>\n<p>Comme un grand nombre de domiciles, votre maison peut \u00eatre en pagaille, ce qui provoque des d\u00e9sagr\u00e9ments dans la vie de tous les jours. Choisissez notre service de nettoyage pour vous garantir la bonne propret\u00e9 et organisation de votre habitation. En outre, nous pouvons aussi intervenir \u00e0 : Tartegnin, Gilly, Bursins, Luins, Vinzel, Mont-sur-Rolle, Essertines-sur-Rolle, St-Oyens, Gimel, St-George, Bursinel, Dully, Longirod, Marchissy, Burtigny.<\/p>\n","protected":false},"excerpt":{"rendered":"<p>Nous proposons un service de nettoyage complet de votre appartement ou de vos locaux \u00e0 Rolle. Notre soci\u00e9t\u00e9 est constitu\u00e9e d&rsquo;experts form\u00e9s aux derni\u00e8res techniques qui s&rsquo;efforcent de fournir \u00e0 notre client\u00e8le des services de la meilleure qualit\u00e9 possible. Pourquoi travailler avec notre entreprise ? Vous pouvez r\u00e9server un rendez-vous le jour m\u00eame. Nous employons [&hellip;]<\/p>\n","protected":false},"author":4,"featured_media":2754,"parent":0,"menu_order":0,"comment_status":"closed","ping_status":"closed","template":"","meta":{"footnotes":""},"profession":[108],"location":[70],"canton":[113],"class_list":["post-411","page","type-page","status-publish","has-post-thumbnail","hentry","profession-agent-de-proprete","location-rolle","canton-vd"],"yoast_head":"<!-- This site is optimized with the Yoast SEO Premium plugin v25.7.1 (Yoast SEO v27.4) - https:\/\/yoast.com\/product\/yoast-seo-premium-wordpress\/ -->\n<title>Nettoyage professionnel pour logement et bureau \u00e0 Rolle - Artisanlocal<\/title>\n<meta name=\"robots\" content=\"index, follow, max-snippet:-1, max-image-preview:large, max-video-preview:-1\" \/>\n<link rel=\"canonical\" href=\"https:\/\/www.artisanlocal.ch\/c\/nettoyage-professionnel-pour-logement-et-bureau-a-rolle\/\" \/>\n<meta property=\"og:locale\" content=\"fr_FR\" \/>\n<meta property=\"og:type\" content=\"article\" \/>\n<meta property=\"og:title\" content=\"Nettoyage professionnel pour logement et bureau \u00e0 Rolle\" \/>\n<meta property=\"og:description\" content=\"Nous proposons un service de nettoyage complet de votre appartement ou de vos locaux \u00e0 Rolle. Notre soci\u00e9t\u00e9 est constitu\u00e9e d&rsquo;experts form\u00e9s aux derni\u00e8res techniques qui s&rsquo;efforcent de fournir \u00e0 notre client\u00e8le des services de la meilleure qualit\u00e9 possible. Pourquoi travailler avec notre entreprise ? Vous pouvez r\u00e9server un rendez-vous le jour m\u00eame. Nous employons [&hellip;]\" \/>\n<meta property=\"og:url\" content=\"https:\/\/www.artisanlocal.ch\/c\/nettoyage-professionnel-pour-logement-et-bureau-a-rolle\/\" \/>\n<meta property=\"og:site_name\" content=\"Artisanlocal\" \/>\n<meta property=\"article:modified_time\" content=\"2025-08-26T23:33:51+00:00\" \/>\n<meta property=\"og:image\" content=\"https:\/\/www.artisanlocal.ch\/c\/wp-content\/uploads\/2024\/10\/agent-proprete.jpg\" \/>\n\t<meta property=\"og:image:width\" content=\"1920\" \/>\n\t<meta property=\"og:image:height\" content=\"300\" \/>\n\t<meta property=\"og:image:type\" content=\"image\/jpeg\" \/>\n<meta name=\"twitter:card\" content=\"summary_large_image\" \/>\n<meta name=\"twitter:label1\" content=\"Dur\u00e9e de lecture estim\u00e9e\" \/>\n\t<meta name=\"twitter:data1\" content=\"5 minutes\" \/>\n<script type=\"application\/ld+json\" class=\"yoast-schema-graph\">{\"@context\":\"https:\\\/\\\/schema.org\",\"@graph\":[{\"@type\":\"WebPage\",\"@id\":\"https:\\\/\\\/www.artisanlocal.ch\\\/c\\\/nettoyage-professionnel-pour-logement-et-bureau-a-rolle\\\/\",\"url\":\"https:\\\/\\\/www.artisanlocal.ch\\\/c\\\/nettoyage-professionnel-pour-logement-et-bureau-a-rolle\\\/\",\"name\":\"Nettoyage professionnel pour logement et bureau \u00e0 Rolle - Artisanlocal\",\"isPartOf\":{\"@id\":\"https:\\\/\\\/www.artisanlocal.ch\\\/c\\\/#website\"},\"primaryImageOfPage\":{\"@id\":\"https:\\\/\\\/www.artisanlocal.ch\\\/c\\\/nettoyage-professionnel-pour-logement-et-bureau-a-rolle\\\/#primaryimage\"},\"image\":{\"@id\":\"https:\\\/\\\/www.artisanlocal.ch\\\/c\\\/nettoyage-professionnel-pour-logement-et-bureau-a-rolle\\\/#primaryimage\"},\"thumbnailUrl\":\"https:\\\/\\\/www.artisanlocal.ch\\\/c\\\/wp-content\\\/uploads\\\/2024\\\/10\\\/agent-proprete.jpg\",\"datePublished\":\"2024-04-16T16:38:23+00:00\",\"dateModified\":\"2025-08-26T23:33:51+00:00\",\"breadcrumb\":{\"@id\":\"https:\\\/\\\/www.artisanlocal.ch\\\/c\\\/nettoyage-professionnel-pour-logement-et-bureau-a-rolle\\\/#breadcrumb\"},\"inLanguage\":\"fr-FR\",\"potentialAction\":[{\"@type\":\"ReadAction\",\"target\":[\"https:\\\/\\\/www.artisanlocal.ch\\\/c\\\/nettoyage-professionnel-pour-logement-et-bureau-a-rolle\\\/\"]}]},{\"@type\":\"ImageObject\",\"inLanguage\":\"fr-FR\",\"@id\":\"https:\\\/\\\/www.artisanlocal.ch\\\/c\\\/nettoyage-professionnel-pour-logement-et-bureau-a-rolle\\\/#primaryimage\",\"url\":\"https:\\\/\\\/www.artisanlocal.ch\\\/c\\\/wp-content\\\/uploads\\\/2024\\\/10\\\/agent-proprete.jpg\",\"contentUrl\":\"https:\\\/\\\/www.artisanlocal.ch\\\/c\\\/wp-content\\\/uploads\\\/2024\\\/10\\\/agent-proprete.jpg\",\"width\":1920,\"height\":300},{\"@type\":\"BreadcrumbList\",\"@id\":\"https:\\\/\\\/www.artisanlocal.ch\\\/c\\\/nettoyage-professionnel-pour-logement-et-bureau-a-rolle\\\/#breadcrumb\",\"itemListElement\":[{\"@type\":\"ListItem\",\"position\":1,\"name\":\"Accueil\",\"item\":\"https:\\\/\\\/www.artisanlocal.ch\\\/c\\\/\"},{\"@type\":\"ListItem\",\"position\":2,\"name\":\"Nettoyage professionnel pour logement et bureau \u00e0 Rolle\"}]},{\"@type\":\"WebSite\",\"@id\":\"https:\\\/\\\/www.artisanlocal.ch\\\/c\\\/#website\",\"url\":\"https:\\\/\\\/www.artisanlocal.ch\\\/c\\\/\",\"name\":\"Artisanlocal\",\"description\":\"\",\"publisher\":{\"@id\":\"https:\\\/\\\/www.artisanlocal.ch\\\/c\\\/#organization\"},\"potentialAction\":[{\"@type\":\"SearchAction\",\"target\":{\"@type\":\"EntryPoint\",\"urlTemplate\":\"https:\\\/\\\/www.artisanlocal.ch\\\/c\\\/?s={search_term_string}\"},\"query-input\":{\"@type\":\"PropertyValueSpecification\",\"valueRequired\":true,\"valueName\":\"search_term_string\"}}],\"inLanguage\":\"fr-FR\"},{\"@type\":\"Organization\",\"@id\":\"https:\\\/\\\/www.artisanlocal.ch\\\/c\\\/#organization\",\"name\":\"Artisanlocal\",\"url\":\"https:\\\/\\\/www.artisanlocal.ch\\\/c\\\/\",\"logo\":{\"@type\":\"ImageObject\",\"inLanguage\":\"fr-FR\",\"@id\":\"https:\\\/\\\/www.artisanlocal.ch\\\/c\\\/#\\\/schema\\\/logo\\\/image\\\/\",\"url\":\"https:\\\/\\\/www.artisanlocal.ch\\\/c\\\/wp-content\\\/uploads\\\/2024\\\/02\\\/logo-artisanlocal-h.svg\",\"contentUrl\":\"https:\\\/\\\/www.artisanlocal.ch\\\/c\\\/wp-content\\\/uploads\\\/2024\\\/02\\\/logo-artisanlocal-h.svg\",\"caption\":\"Artisanlocal\"},\"image\":{\"@id\":\"https:\\\/\\\/www.artisanlocal.ch\\\/c\\\/#\\\/schema\\\/logo\\\/image\\\/\"}}]}<\/script>\n<!-- \/ Yoast SEO Premium plugin. -->","yoast_head_json":{"title":"Nettoyage professionnel pour logement et bureau \u00e0 Rolle - Artisanlocal","robots":{"index":"index","follow":"follow","max-snippet":"max-snippet:-1","max-image-preview":"max-image-preview:large","max-video-preview":"max-video-preview:-1"},"canonical":"https:\/\/www.artisanlocal.ch\/c\/nettoyage-professionnel-pour-logement-et-bureau-a-rolle\/","og_locale":"fr_FR","og_type":"article","og_title":"Nettoyage professionnel pour logement et bureau \u00e0 Rolle","og_description":"Nous proposons un service de nettoyage complet de votre appartement ou de vos locaux \u00e0 Rolle. Notre soci\u00e9t\u00e9 est constitu\u00e9e d&rsquo;experts form\u00e9s aux derni\u00e8res techniques qui s&rsquo;efforcent de fournir \u00e0 notre client\u00e8le des services de la meilleure qualit\u00e9 possible. Pourquoi travailler avec notre entreprise ? Vous pouvez r\u00e9server un rendez-vous le jour m\u00eame. Nous employons [&hellip;]","og_url":"https:\/\/www.artisanlocal.ch\/c\/nettoyage-professionnel-pour-logement-et-bureau-a-rolle\/","og_site_name":"Artisanlocal","article_modified_time":"2025-08-26T23:33:51+00:00","og_image":[{"width":1920,"height":300,"url":"https:\/\/www.artisanlocal.ch\/c\/wp-content\/uploads\/2024\/10\/agent-proprete.jpg","type":"image\/jpeg"}],"twitter_card":"summary_large_image","twitter_misc":{"Dur\u00e9e de lecture estim\u00e9e":"5 minutes"},"schema":{"@context":"https:\/\/schema.org","@graph":[{"@type":"WebPage","@id":"https:\/\/www.artisanlocal.ch\/c\/nettoyage-professionnel-pour-logement-et-bureau-a-rolle\/","url":"https:\/\/www.artisanlocal.ch\/c\/nettoyage-professionnel-pour-logement-et-bureau-a-rolle\/","name":"Nettoyage professionnel pour logement et bureau \u00e0 Rolle - Artisanlocal","isPartOf":{"@id":"https:\/\/www.artisanlocal.ch\/c\/#website"},"primaryImageOfPage":{"@id":"https:\/\/www.artisanlocal.ch\/c\/nettoyage-professionnel-pour-logement-et-bureau-a-rolle\/#primaryimage"},"image":{"@id":"https:\/\/www.artisanlocal.ch\/c\/nettoyage-professionnel-pour-logement-et-bureau-a-rolle\/#primaryimage"},"thumbnailUrl":"https:\/\/www.artisanlocal.ch\/c\/wp-content\/uploads\/2024\/10\/agent-proprete.jpg","datePublished":"2024-04-16T16:38:23+00:00","dateModified":"2025-08-26T23:33:51+00:00","breadcrumb":{"@id":"https:\/\/www.artisanlocal.ch\/c\/nettoyage-professionnel-pour-logement-et-bureau-a-rolle\/#breadcrumb"},"inLanguage":"fr-FR","potentialAction":[{"@type":"ReadAction","target":["https:\/\/www.artisanlocal.ch\/c\/nettoyage-professionnel-pour-logement-et-bureau-a-rolle\/"]}]},{"@type":"ImageObject","inLanguage":"fr-FR","@id":"https:\/\/www.artisanlocal.ch\/c\/nettoyage-professionnel-pour-logement-et-bureau-a-rolle\/#primaryimage","url":"https:\/\/www.artisanlocal.ch\/c\/wp-content\/uploads\/2024\/10\/agent-proprete.jpg","contentUrl":"https:\/\/www.artisanlocal.ch\/c\/wp-content\/uploads\/2024\/10\/agent-proprete.jpg","width":1920,"height":300},{"@type":"BreadcrumbList","@id":"https:\/\/www.artisanlocal.ch\/c\/nettoyage-professionnel-pour-logement-et-bureau-a-rolle\/#breadcrumb","itemListElement":[{"@type":"ListItem","position":1,"name":"Accueil","item":"https:\/\/www.artisanlocal.ch\/c\/"},{"@type":"ListItem","position":2,"name":"Nettoyage professionnel pour logement et bureau \u00e0 Rolle"}]},{"@type":"WebSite","@id":"https:\/\/www.artisanlocal.ch\/c\/#website","url":"https:\/\/www.artisanlocal.ch\/c\/","name":"Artisanlocal","description":"","publisher":{"@id":"https:\/\/www.artisanlocal.ch\/c\/#organization"},"potentialAction":[{"@type":"SearchAction","target":{"@type":"EntryPoint","urlTemplate":"https:\/\/www.artisanlocal.ch\/c\/?s={search_term_string}"},"query-input":{"@type":"PropertyValueSpecification","valueRequired":true,"valueName":"search_term_string"}}],"inLanguage":"fr-FR"},{"@type":"Organization","@id":"https:\/\/www.artisanlocal.ch\/c\/#organization","name":"Artisanlocal","url":"https:\/\/www.artisanlocal.ch\/c\/","logo":{"@type":"ImageObject","inLanguage":"fr-FR","@id":"https:\/\/www.artisanlocal.ch\/c\/#\/schema\/logo\/image\/","url":"https:\/\/www.artisanlocal.ch\/c\/wp-content\/uploads\/2024\/02\/logo-artisanlocal-h.svg","contentUrl":"https:\/\/www.artisanlocal.ch\/c\/wp-content\/uploads\/2024\/02\/logo-artisanlocal-h.svg","caption":"Artisanlocal"},"image":{"@id":"https:\/\/www.artisanlocal.ch\/c\/#\/schema\/logo\/image\/"}}]}},"_links":{"self":[{"href":"https:\/\/www.artisanlocal.ch\/c\/wp-json\/wp\/v2\/pages\/411","targetHints":{"allow":["GET"]}}],"collection":[{"href":"https:\/\/www.artisanlocal.ch\/c\/wp-json\/wp\/v2\/pages"}],"about":[{"href":"https:\/\/www.artisanlocal.ch\/c\/wp-json\/wp\/v2\/types\/page"}],"author":[{"embeddable":true,"href":"https:\/\/www.artisanlocal.ch\/c\/wp-json\/wp\/v2\/users\/4"}],"replies":[{"embeddable":true,"href":"https:\/\/www.artisanlocal.ch\/c\/wp-json\/wp\/v2\/comments?post=411"}],"version-history":[{"count":0,"href":"https:\/\/www.artisanlocal.ch\/c\/wp-json\/wp\/v2\/pages\/411\/revisions"}],"wp:featuredmedia":[{"embeddable":true,"href":"https:\/\/www.artisanlocal.ch\/c\/wp-json\/wp\/v2\/media\/2754"}],"wp:attachment":[{"href":"https:\/\/www.artisanlocal.ch\/c\/wp-json\/wp\/v2\/media?parent=411"}],"wp:term":[{"taxonomy":"profession","embeddable":true,"href":"https:\/\/www.artisanlocal.ch\/c\/wp-json\/wp\/v2\/profession?post=411"},{"taxonomy":"location","embeddable":true,"href":"https:\/\/www.artisanlocal.ch\/c\/wp-json\/wp\/v2\/location?post=411"},{"taxonomy":"canton","embeddable":true,"href":"https:\/\/www.artisanlocal.ch\/c\/wp-json\/wp\/v2\/canton?post=411"}],"curies":[{"name":"wp","href":"https:\/\/api.w.org\/{rel}","templated":true}]}}