{"id":412,"date":"2024-04-16T18:38:23","date_gmt":"2024-04-16T16:38:23","guid":{"rendered":"https:\/\/www.artisanlocal.ch\/c\/entreprise-de-nettoyage-de-bureaux-et-dhebergements-a-vevey\/"},"modified":"2026-04-03T12:58:12","modified_gmt":"2026-04-03T10:58:12","slug":"entreprise-de-nettoyage-de-bureaux-et-dhebergements-a-vevey","status":"publish","type":"page","link":"https:\/\/www.artisanlocal.ch\/c\/entreprise-de-nettoyage-de-bureaux-et-dhebergements-a-vevey\/","title":{"rendered":"Entreprise de nettoyage \u00e0 Vevey"},"content":{"rendered":"<p>Vous avez besoin d&rsquo;une entreprise de nettoyage \u00e0 Vevey ? Choisissez Artisanlocal l&rsquo;entreprise de nettoyage de confiance \u00e0 Vevey. Nos services sont personnalis\u00e9s pour les professionnels et les particuliers.<br \/>\n\r\n<div class=\"box\">\r\n            <div class=\"company-info\">\r\n            <img decoding=\"async\" class=\"company-info__logo\" src=\"https:\/\/www.artisanlocal.ch\/media\/cache\/thumb\/images\/companies\/6874d312006b8512916948.png\" alt=\"Logo\">\r\n            <h2 class=\"company-info__name\">Dini Services S\u00e0rl<\/h2>\r\n            <p class=\"company-info__business\">Entreprise de nettoyage - Conciergerie - Entretien d'immeuble - Nettoyage fin de chantier \/ de bail<\/p>\r\n        <\/div>\r\n        <div class=\"company-contact\">\r\n            <p class=\"company-info__address\">Chemin des Saules 9<\/p>\r\n                            <div class=\"links\">\r\n                                            <a class=\"btn has-accent-background-color js-phoneNumber\" href=\"tel:0767001432\" title=\"Appelez\" data-id=\"27181\" data-type=\"11\">076 700 14 32<\/a>\r\n                                                                <a class=\"btn has-accent-background-color\" href=\"https:\/\/dini-services.ch\/\" target=\"_blank\" title=\"Voir le site internet\" data-id=\"27181\" data-type=\"20\">Site internet<\/a>\r\n                                    <\/div>\r\n                    <\/div>\r\n    \r\n            \r\n<form action=\"https:\/\/www.artisanlocal.ch\/c\/wp-admin\/admin-ajax.php\" method=\"post\" class=\"form-contact\" id=\"artisan_form_contact_company_inline\">\r\n    <div><input type=\"hidden\" name=\"action\" value=\"company_contact\"><\/div>\r\n    <div><input type=\"hidden\" name=\"nonce\" value=\"1dbf28e6f0\"><\/div>\r\n    <div><input type=\"hidden\" name=\"company_id\" value=\"27181\"><\/div>\r\n    <div><input type=\"hidden\" name=\"form_id\" value=\"artisan_form_contact_company_inline\"><\/div>\r\n    <div class=\"gglcptch gglcptch_v3 gglcptch_custom\"><input type=\"hidden\" id=\"g-recaptcha-response\" name=\"g-recaptcha-response\" \/><br \/><div class=\"gglcptch_error_text\">La p\u00e9riode de v\u00e9rification reCAPTCHA a expir\u00e9. Veuillez recharger la page.<\/div><\/div>    <div class=\"form-content\">\r\n        <div class=\"form-group\">\r\n            <label for=\"contact_firstName\" class=\"required\">Pr\u00e9nom<\/label>\r\n            <input type=\"text\" name=\"firstName\" class=\"form-control\" required>\r\n        <\/div>\r\n        <div class=\"form-group\">\r\n            <label for=\"contact_lastName\" class=\"required\">Nom<\/label>\r\n            <input type=\"text\" name=\"lastName\" class=\"form-control\" required>\r\n        <\/div>\r\n        <div class=\"form-group\">\r\n            <label for=\"contact_email\" class=\"required\">Email<\/label>\r\n            <input type=\"email\" name=\"email\" class=\"form-control\" required>\r\n        <\/div>\r\n        <div class=\"form-group\">\r\n            <label for=\"contact_phone\" class=\"required\">Num\u00e9ro de t\u00e9l\u00e9phone<\/label>\r\n            <input type=\"tel\" name=\"phone\" class=\"form-control\" placeholder=\"0787117165\" pattern=\"^[0-9]{10}$\" required>\r\n        <\/div>\r\n        <div class=\"form-group\">\r\n            <label for=\"contact_postalCode\" class=\"required\">Code postal et localit\u00e9<\/label>\r\n            <input type=\"text\" name=\"postalCode\" class=\"form-control\" required>\r\n        <\/div>\r\n        <div class=\"form-group\">\r\n            <label for=\"contact_address\" class=\"required\">Adresse<\/label>\r\n            <input type=\"text\" name=\"address\" class=\"form-control\" required>\r\n        <\/div>\r\n        <div class=\"full-width topic\">\r\n            <p class=\"required\">Je souhaite \u00eatre contact\u00e9 pour :<\/p>\r\n            <div class=\"form-check\">\r\n                <input type=\"radio\" name=\"topic\" value=\"D\u00e9pannage\" class=\"form-control\" required>\r\n                <label for=\"d\u00e9pannage\">D\u00e9pannage<\/label>\r\n            <\/div>\r\n            <div class=\"form-check\">\r\n                <input type=\"radio\" name=\"topic\" value=\"Entretien\" class=\"form-control\" required>\r\n                <label for=\"entretien\">Entretien<\/label>\r\n            <\/div>\r\n            <div class=\"form-check\">\r\n                <input type=\"radio\" name=\"topic\" value=\"R\u00e9novation\" class=\"form-control\" required>\r\n                <label for=\"r\u00e9novation\">R\u00e9novation<\/label>\r\n            <\/div>\r\n            <div class=\"form-check\">\r\n                <input type=\"radio\" name=\"topic\" value=\"Autre\" class=\"form-control\" required>\r\n                <label for=\"autre\">Autre<\/label>\r\n            <\/div>\r\n        <\/div>\r\n        <div class=\"form-group full-width\">\r\n            <label for=\"contact_message\">Message<\/label>\r\n            <textarea name=\"message\" rows=\"3\" class=\"form-control\"><\/textarea>\r\n        <\/div>\r\n    <\/div>\r\n    <div class=\"form-actions\">\r\n        <button class=\"wp-block-button__link has-accent-background-color\">Contacter<\/button>\r\n    <\/div>\r\n<\/form>\r\n<div class=\"form-feedback\"><\/div>    <\/div><\/p>\n<h2>Pourquoi choisir notre soci\u00e9t\u00e9 ?<\/h2>\n<ul>\n<li>Vous pouvez r\u00e9server un rendez-vous le jour m\u00eame.<\/li>\n<li>Nous employons les derni\u00e8res m\u00e9thodes de nettoyage.<\/li>\n<li>Notre service de nettoyage est effectu\u00e9 avec des produits respectueux de l&rsquo;environnement.<\/li>\n<li>Nous vous fournissons une estimation gratuite.<\/li>\n<\/ul>\n<h2>Services de m\u00e9nage \u00e0 Vevey<\/h2>\n<p>Nous proposons des solutions de m\u00e9nage \u00e0 Vevey sur mesure pour r\u00e9pondre aux attentes de chacun de nos clients.<\/p>\n<p>Qu&rsquo;il s&rsquo;agisse d&rsquo;un nettoyage m\u00e9ticuleux, d&rsquo;un m\u00e9nage r\u00e9gulier ou d&rsquo;un entretien constant, nous pouvons \u00e9tablir des solutions adapt\u00e9es \u00e0 vos besoins, voici les prestations que nous pratiquons le plus fr\u00e9quemment \u00e0 Vevey :<\/p>\n<ul>\n<li>Service de nettoyage pour votre d\u00e9m\u00e9nagement.<\/li>\n<li>Prestation de m\u00e9nage pour les propri\u00e9taires Airbnb.<\/li>\n<li>Service d&rsquo;entretien pour le nettoyage de bureaux et locaux commerciaux.<\/li>\n<li>Service de nettoyage apr\u00e8s une r\u00e9novation.<\/li>\n<\/ul>\n<h2>Quels sont les services de nettoyage qu&rsquo;artisanlocal propose\u202f?<\/h2>\n<ul>\n<li>Nettoyage pour les conciergeries d&rsquo;appartements et maisons Airbnb,<\/li>\n<li>service de nettoyage et de m\u00e9nage de studios,<\/li>\n<li>entretien et nettoyage des appareils m\u00e9nagers,<\/li>\n<li>nettoyage de terrasse,<\/li>\n<li>service de nettoyage de sous-sols,<\/li>\n<li>d\u00e9sinfection des surfaces pour lutter contre les agents pathog\u00e8nes,<\/li>\n<li>nettoyage de la vaisselle,<\/li>\n<li>nettoyage des installations sportives,<\/li>\n<li>entretien des sols,<\/li>\n<li>nettoyage des \u00e9tablissements de sant\u00e9,<\/li>\n<li>m\u00e9nage et nettoyage apr\u00e8s un d\u00e9m\u00e9nagement,<\/li>\n<li>nettoyage des espaces de coworking,<\/li>\n<li>nettoyage apr\u00e8s des travaux,<\/li>\n<li>m\u00e9nage de salles de bains,<\/li>\n<li>nettoyage de magasins de proximit\u00e9,<\/li>\n<li>nettoyage des \u00e9coles,<\/li>\n<li>lavage de vitres.<\/li>\n<\/ul>\n<h2>Nettoyage d&rsquo;appartement \u00e0 Vevey<\/h2>\n<p>Nous effectuons le nettoyage des appartements \u00e0 Vevey, par exemple, nous pouvons nettoyer l&rsquo;int\u00e9rieur de votre appartement avant la remise des cl\u00e9s pour la fin de bail.<\/p>\n<p>Il est essentiel de savoir que si le m\u00e9nage de votre int\u00e9rieur n&rsquo;est pas effectu\u00e9 correctement, le bailleur peut solliciter une soci\u00e9t\u00e9 de m\u00e9nage et retenir une partie de votre d\u00e9p\u00f4t de garantie.<\/p>\n<p>Les services de nettoyage pour la remise des cl\u00e9s comprennent :<\/p>\n<p>&#8211; L&rsquo;entretien et le nettoyage des espaces : les sols, les murs, les parquets, les tapis et les carrelages.<\/p>\n<p>&#8211; Service de nettoyage des fen\u00eatres et des vitres.<\/p>\n<p>&#8211; Entretien de la salle de bains et des toilettes.<\/p>\n<p>&#8211; Le service de nettoyage de la cuisine et de la h\u00f4te de cuisine.<\/p>\n<p>&#8211; L&rsquo;\u00e9limination des poussi\u00e8res sur le mobilier d&rsquo;int\u00e9rieur.<\/p>\n<h3>Vous souhaitez un nettoyage ponctuel de votre logement\u202f?<\/h3>\n<p>Notre entreprise propose des services de propret\u00e9 sur mesure, adapt\u00e9s \u00e0 vos exigences, nous pouvons op\u00e9rer de mani\u00e8res hebdomadaires, bihebdomadaires ou mensuelles.<\/p>\n<h3>Service pour un nettoyage m\u00e9ticuleux de votre habitation \u00e0 Vevey<\/h3>\n<p>Artisanlocal propose des services de m\u00e9nage minutieux pour votre villa ou appartement, en plus de notre prestation de m\u00e9nage standard.<\/p>\n<h3>Quels sont les avantages d&rsquo;effectuer un entretien approfondi avec notre entreprise ?<\/h3>\n<p>L\u2019avantage principal du nettoyage en profondeur est d\u2019\u00e9liminer les amas de poussi\u00e8res qui se sont entass\u00e9es avec le temps, afin de rendre votre logement sans danger pour la sant\u00e9. Un nettoyage en profondeur est \u00e9galement un moyen d&rsquo;\u00e9liminer les mauvaises odeurs.<\/p>\n<h3>M\u00e9nage de locaux professionnels \u00e0 Vevey<\/h3>\n<p>S&rsquo;adresser \u00e0 Artisanlocal pour le m\u00e9nage de bureaux est la solution la plus efficace. Vous gagnerez du temps et de l&rsquo;\u00e9nergie ! Nous proposons des services de m\u00e9nages \u00e0 l&rsquo;ann\u00e9e qui s&rsquo;adaptera \u00e0 vos exigences et \u00e0 votre budget. D\u00e9couvrez nos services de propret\u00e9 pour les bureaux \u00e0 Vevey :<\/p>\n<ul>\n<li>Lavage de vos tapis et des fen\u00eatres.<\/li>\n<li>Entretien de fauteuils, de si\u00e8ges de travail, de canap\u00e9 en textile ou en cuir.<\/li>\n<li>Enl\u00e8vement des d\u00e9chets m\u00e9nagers.<\/li>\n<li>Nettoyage des amas de poussi\u00e8re.<\/li>\n<li>Lavement des surfaces au sol et passage de l&rsquo;aspirateur.<\/li>\n<\/ul>\n<h3>Service de m\u00e9nage de maison \u00e0 Vevey<\/h3>\n<p>Pour pr\u00e9server l&rsquo;int\u00e9rieur de votre maison, il est obligatoire de r\u00e9aliser un m\u00e9nage fr\u00e9quent. \u00c0 notre \u00e9poque, la grande majorit\u00e9 des personnes ont un planning rempli et cela rend difficile la r\u00e9alisation des corv\u00e9es domestiques, c&rsquo;est ici que notre soci\u00e9t\u00e9 peut vous assister dans vos t\u00e2ches m\u00e9nag\u00e8res.<\/p>\n<h2>Pourquoi engager artisanlocal pour r\u00e9aliser le nettoyage \u00e0 Vevey ?<\/h2>\n<p>Si vous vivez \u00e0 Vevey, vous avez peut-\u00eatre du mal \u00e0 garder votre h\u00e9bergement bien rang\u00e9 et nettoy\u00e9. Nos prestations sont adapt\u00e9es aux habitants de Vevey. Avec notre entreprise, vous \u00eates en mesure de :<\/p>\n<h3>Mieux organiser votre espace<\/h3>\n<p>Un domicile en d\u00e9sordre peut \u00eatre une source de difficult\u00e9s dans votre quotidien (perte de temps, tensions avec son conjoint, etc.). Artisanlocal, vous propose des services de nettoyage pour vous aider \u00e0 am\u00e9liorer le rangement de votre lieu de vie, ce qui vous permet, de :<\/p>\n<h3>Cr\u00e9er une atmosph\u00e8re plus accueillante<\/h3>\n<p>Une propri\u00e9t\u00e9 bien organis\u00e9e vous permet de vous sentir mieux.<\/p>\n<h3>Vivre en bonne sant\u00e9 et heureux<\/h3>\n<p>L&rsquo;accumulation des poussi\u00e8res dans votre propri\u00e9t\u00e9 peut cr\u00e9er des dangers pour votre \u00e9tat de sant\u00e9, et causer des r\u00e9actions allergiques ou intensifier celles qui existent d\u00e9j\u00e0. En sollicitant les services de notre entreprise de m\u00e9nage, vous r\u00e9duisez les expositions aux allerg\u00e8nes.<\/p>\n<h2>Intervention \u00e0 Vevey et dans les villes aux alentours<\/h2>\n<p>Nous intervenons \u00e0 Vevey et aussi \u00e0 : Puidoux, Chexbres, Rivaz, St-Saphorin (Lavaux), Aran, Chenaux, Grandvaux, Cully, Villette (Lavaux), Riex, Epesses, Le Mont-P\u00e8lerin, Corseaux, Chardonne, Corsier-sur-Vevey, Jongny, St-L\u00e9gier-La Chi\u00e9saz, Blonay, Les Monts-de-Corsier, Fenil-sur-Corsier, La Tour-de-Peilz, Clarens, Chailly-Montreux, Brent, Montreux, Territet, Veytaux, Chernex, Glion, Caux, Chamby, Villard-sur-Chamby, Les Avants.<\/p>\n","protected":false},"excerpt":{"rendered":"<p>Vous avez besoin d&rsquo;une entreprise de nettoyage \u00e0 Vevey ? Choisissez Artisanlocal l&rsquo;entreprise de nettoyage de confiance \u00e0 Vevey. Nos services sont personnalis\u00e9s pour les professionnels et les particuliers. Pourquoi choisir notre soci\u00e9t\u00e9 ? Vous pouvez r\u00e9server un rendez-vous le jour m\u00eame. Nous employons les derni\u00e8res m\u00e9thodes de nettoyage. Notre service de nettoyage est effectu\u00e9 [&hellip;]<\/p>\n","protected":false},"author":4,"featured_media":2754,"parent":0,"menu_order":0,"comment_status":"closed","ping_status":"closed","template":"","meta":{"footnotes":""},"profession":[108],"location":[133],"canton":[113],"class_list":["post-412","page","type-page","status-publish","has-post-thumbnail","hentry","profession-agent-de-proprete","location-vevey","canton-vd"],"yoast_head":"<!-- This site is optimized with the Yoast SEO Premium plugin v25.7.1 (Yoast SEO v27.3) - https:\/\/yoast.com\/product\/yoast-seo-premium-wordpress\/ -->\n<title>Entreprise de nettoyage \u00e0 Vevey - Artisanlocal<\/title>\n<meta name=\"robots\" content=\"index, follow, max-snippet:-1, max-image-preview:large, max-video-preview:-1\" \/>\n<link rel=\"canonical\" href=\"https:\/\/www.artisanlocal.ch\/c\/entreprise-de-nettoyage-de-bureaux-et-dhebergements-a-vevey\/\" \/>\n<meta property=\"og:locale\" content=\"fr_FR\" \/>\n<meta property=\"og:type\" content=\"article\" \/>\n<meta property=\"og:title\" content=\"Entreprise de nettoyage \u00e0 Vevey\" \/>\n<meta property=\"og:description\" content=\"Vous avez besoin d&rsquo;une entreprise de nettoyage \u00e0 Vevey ? Choisissez Artisanlocal l&rsquo;entreprise de nettoyage de confiance \u00e0 Vevey. Nos services sont personnalis\u00e9s pour les professionnels et les particuliers. Pourquoi choisir notre soci\u00e9t\u00e9 ? Vous pouvez r\u00e9server un rendez-vous le jour m\u00eame. Nous employons les derni\u00e8res m\u00e9thodes de nettoyage. Notre service de nettoyage est effectu\u00e9 [&hellip;]\" \/>\n<meta property=\"og:url\" content=\"https:\/\/www.artisanlocal.ch\/c\/entreprise-de-nettoyage-de-bureaux-et-dhebergements-a-vevey\/\" \/>\n<meta property=\"og:site_name\" content=\"Artisanlocal\" \/>\n<meta property=\"article:modified_time\" content=\"2026-04-03T10:58:12+00:00\" \/>\n<meta property=\"og:image\" content=\"https:\/\/www.artisanlocal.ch\/c\/wp-content\/uploads\/2024\/10\/agent-proprete.jpg\" \/>\n\t<meta property=\"og:image:width\" content=\"1920\" \/>\n\t<meta property=\"og:image:height\" content=\"300\" \/>\n\t<meta property=\"og:image:type\" content=\"image\/jpeg\" \/>\n<meta name=\"twitter:card\" content=\"summary_large_image\" \/>\n<meta name=\"twitter:label1\" content=\"Dur\u00e9e de lecture estim\u00e9e\" \/>\n\t<meta name=\"twitter:data1\" content=\"5 minutes\" \/>\n<script type=\"application\/ld+json\" class=\"yoast-schema-graph\">{\"@context\":\"https:\\\/\\\/schema.org\",\"@graph\":[{\"@type\":\"WebPage\",\"@id\":\"https:\\\/\\\/www.artisanlocal.ch\\\/c\\\/entreprise-de-nettoyage-de-bureaux-et-dhebergements-a-vevey\\\/\",\"url\":\"https:\\\/\\\/www.artisanlocal.ch\\\/c\\\/entreprise-de-nettoyage-de-bureaux-et-dhebergements-a-vevey\\\/\",\"name\":\"Entreprise de nettoyage \u00e0 Vevey - Artisanlocal\",\"isPartOf\":{\"@id\":\"https:\\\/\\\/www.artisanlocal.ch\\\/c\\\/#website\"},\"primaryImageOfPage\":{\"@id\":\"https:\\\/\\\/www.artisanlocal.ch\\\/c\\\/entreprise-de-nettoyage-de-bureaux-et-dhebergements-a-vevey\\\/#primaryimage\"},\"image\":{\"@id\":\"https:\\\/\\\/www.artisanlocal.ch\\\/c\\\/entreprise-de-nettoyage-de-bureaux-et-dhebergements-a-vevey\\\/#primaryimage\"},\"thumbnailUrl\":\"https:\\\/\\\/www.artisanlocal.ch\\\/c\\\/wp-content\\\/uploads\\\/2024\\\/10\\\/agent-proprete.jpg\",\"datePublished\":\"2024-04-16T16:38:23+00:00\",\"dateModified\":\"2026-04-03T10:58:12+00:00\",\"breadcrumb\":{\"@id\":\"https:\\\/\\\/www.artisanlocal.ch\\\/c\\\/entreprise-de-nettoyage-de-bureaux-et-dhebergements-a-vevey\\\/#breadcrumb\"},\"inLanguage\":\"fr-FR\",\"potentialAction\":[{\"@type\":\"ReadAction\",\"target\":[\"https:\\\/\\\/www.artisanlocal.ch\\\/c\\\/entreprise-de-nettoyage-de-bureaux-et-dhebergements-a-vevey\\\/\"]}]},{\"@type\":\"ImageObject\",\"inLanguage\":\"fr-FR\",\"@id\":\"https:\\\/\\\/www.artisanlocal.ch\\\/c\\\/entreprise-de-nettoyage-de-bureaux-et-dhebergements-a-vevey\\\/#primaryimage\",\"url\":\"https:\\\/\\\/www.artisanlocal.ch\\\/c\\\/wp-content\\\/uploads\\\/2024\\\/10\\\/agent-proprete.jpg\",\"contentUrl\":\"https:\\\/\\\/www.artisanlocal.ch\\\/c\\\/wp-content\\\/uploads\\\/2024\\\/10\\\/agent-proprete.jpg\",\"width\":1920,\"height\":300},{\"@type\":\"BreadcrumbList\",\"@id\":\"https:\\\/\\\/www.artisanlocal.ch\\\/c\\\/entreprise-de-nettoyage-de-bureaux-et-dhebergements-a-vevey\\\/#breadcrumb\",\"itemListElement\":[{\"@type\":\"ListItem\",\"position\":1,\"name\":\"Accueil\",\"item\":\"https:\\\/\\\/www.artisanlocal.ch\\\/c\\\/\"},{\"@type\":\"ListItem\",\"position\":2,\"name\":\"Entreprise de nettoyage \u00e0 Vevey\"}]},{\"@type\":\"WebSite\",\"@id\":\"https:\\\/\\\/www.artisanlocal.ch\\\/c\\\/#website\",\"url\":\"https:\\\/\\\/www.artisanlocal.ch\\\/c\\\/\",\"name\":\"Artisanlocal\",\"description\":\"\",\"publisher\":{\"@id\":\"https:\\\/\\\/www.artisanlocal.ch\\\/c\\\/#organization\"},\"potentialAction\":[{\"@type\":\"SearchAction\",\"target\":{\"@type\":\"EntryPoint\",\"urlTemplate\":\"https:\\\/\\\/www.artisanlocal.ch\\\/c\\\/?s={search_term_string}\"},\"query-input\":{\"@type\":\"PropertyValueSpecification\",\"valueRequired\":true,\"valueName\":\"search_term_string\"}}],\"inLanguage\":\"fr-FR\"},{\"@type\":\"Organization\",\"@id\":\"https:\\\/\\\/www.artisanlocal.ch\\\/c\\\/#organization\",\"name\":\"Artisanlocal\",\"url\":\"https:\\\/\\\/www.artisanlocal.ch\\\/c\\\/\",\"logo\":{\"@type\":\"ImageObject\",\"inLanguage\":\"fr-FR\",\"@id\":\"https:\\\/\\\/www.artisanlocal.ch\\\/c\\\/#\\\/schema\\\/logo\\\/image\\\/\",\"url\":\"https:\\\/\\\/www.artisanlocal.ch\\\/c\\\/wp-content\\\/uploads\\\/2024\\\/02\\\/logo-artisanlocal-h.svg\",\"contentUrl\":\"https:\\\/\\\/www.artisanlocal.ch\\\/c\\\/wp-content\\\/uploads\\\/2024\\\/02\\\/logo-artisanlocal-h.svg\",\"caption\":\"Artisanlocal\"},\"image\":{\"@id\":\"https:\\\/\\\/www.artisanlocal.ch\\\/c\\\/#\\\/schema\\\/logo\\\/image\\\/\"}}]}<\/script>\n<!-- \/ Yoast SEO Premium plugin. -->","yoast_head_json":{"title":"Entreprise de nettoyage \u00e0 Vevey - Artisanlocal","robots":{"index":"index","follow":"follow","max-snippet":"max-snippet:-1","max-image-preview":"max-image-preview:large","max-video-preview":"max-video-preview:-1"},"canonical":"https:\/\/www.artisanlocal.ch\/c\/entreprise-de-nettoyage-de-bureaux-et-dhebergements-a-vevey\/","og_locale":"fr_FR","og_type":"article","og_title":"Entreprise de nettoyage \u00e0 Vevey","og_description":"Vous avez besoin d&rsquo;une entreprise de nettoyage \u00e0 Vevey ? Choisissez Artisanlocal l&rsquo;entreprise de nettoyage de confiance \u00e0 Vevey. Nos services sont personnalis\u00e9s pour les professionnels et les particuliers. Pourquoi choisir notre soci\u00e9t\u00e9 ? Vous pouvez r\u00e9server un rendez-vous le jour m\u00eame. Nous employons les derni\u00e8res m\u00e9thodes de nettoyage. Notre service de nettoyage est effectu\u00e9 [&hellip;]","og_url":"https:\/\/www.artisanlocal.ch\/c\/entreprise-de-nettoyage-de-bureaux-et-dhebergements-a-vevey\/","og_site_name":"Artisanlocal","article_modified_time":"2026-04-03T10:58:12+00:00","og_image":[{"width":1920,"height":300,"url":"https:\/\/www.artisanlocal.ch\/c\/wp-content\/uploads\/2024\/10\/agent-proprete.jpg","type":"image\/jpeg"}],"twitter_card":"summary_large_image","twitter_misc":{"Dur\u00e9e de lecture estim\u00e9e":"5 minutes"},"schema":{"@context":"https:\/\/schema.org","@graph":[{"@type":"WebPage","@id":"https:\/\/www.artisanlocal.ch\/c\/entreprise-de-nettoyage-de-bureaux-et-dhebergements-a-vevey\/","url":"https:\/\/www.artisanlocal.ch\/c\/entreprise-de-nettoyage-de-bureaux-et-dhebergements-a-vevey\/","name":"Entreprise de nettoyage \u00e0 Vevey - Artisanlocal","isPartOf":{"@id":"https:\/\/www.artisanlocal.ch\/c\/#website"},"primaryImageOfPage":{"@id":"https:\/\/www.artisanlocal.ch\/c\/entreprise-de-nettoyage-de-bureaux-et-dhebergements-a-vevey\/#primaryimage"},"image":{"@id":"https:\/\/www.artisanlocal.ch\/c\/entreprise-de-nettoyage-de-bureaux-et-dhebergements-a-vevey\/#primaryimage"},"thumbnailUrl":"https:\/\/www.artisanlocal.ch\/c\/wp-content\/uploads\/2024\/10\/agent-proprete.jpg","datePublished":"2024-04-16T16:38:23+00:00","dateModified":"2026-04-03T10:58:12+00:00","breadcrumb":{"@id":"https:\/\/www.artisanlocal.ch\/c\/entreprise-de-nettoyage-de-bureaux-et-dhebergements-a-vevey\/#breadcrumb"},"inLanguage":"fr-FR","potentialAction":[{"@type":"ReadAction","target":["https:\/\/www.artisanlocal.ch\/c\/entreprise-de-nettoyage-de-bureaux-et-dhebergements-a-vevey\/"]}]},{"@type":"ImageObject","inLanguage":"fr-FR","@id":"https:\/\/www.artisanlocal.ch\/c\/entreprise-de-nettoyage-de-bureaux-et-dhebergements-a-vevey\/#primaryimage","url":"https:\/\/www.artisanlocal.ch\/c\/wp-content\/uploads\/2024\/10\/agent-proprete.jpg","contentUrl":"https:\/\/www.artisanlocal.ch\/c\/wp-content\/uploads\/2024\/10\/agent-proprete.jpg","width":1920,"height":300},{"@type":"BreadcrumbList","@id":"https:\/\/www.artisanlocal.ch\/c\/entreprise-de-nettoyage-de-bureaux-et-dhebergements-a-vevey\/#breadcrumb","itemListElement":[{"@type":"ListItem","position":1,"name":"Accueil","item":"https:\/\/www.artisanlocal.ch\/c\/"},{"@type":"ListItem","position":2,"name":"Entreprise de nettoyage \u00e0 Vevey"}]},{"@type":"WebSite","@id":"https:\/\/www.artisanlocal.ch\/c\/#website","url":"https:\/\/www.artisanlocal.ch\/c\/","name":"Artisanlocal","description":"","publisher":{"@id":"https:\/\/www.artisanlocal.ch\/c\/#organization"},"potentialAction":[{"@type":"SearchAction","target":{"@type":"EntryPoint","urlTemplate":"https:\/\/www.artisanlocal.ch\/c\/?s={search_term_string}"},"query-input":{"@type":"PropertyValueSpecification","valueRequired":true,"valueName":"search_term_string"}}],"inLanguage":"fr-FR"},{"@type":"Organization","@id":"https:\/\/www.artisanlocal.ch\/c\/#organization","name":"Artisanlocal","url":"https:\/\/www.artisanlocal.ch\/c\/","logo":{"@type":"ImageObject","inLanguage":"fr-FR","@id":"https:\/\/www.artisanlocal.ch\/c\/#\/schema\/logo\/image\/","url":"https:\/\/www.artisanlocal.ch\/c\/wp-content\/uploads\/2024\/02\/logo-artisanlocal-h.svg","contentUrl":"https:\/\/www.artisanlocal.ch\/c\/wp-content\/uploads\/2024\/02\/logo-artisanlocal-h.svg","caption":"Artisanlocal"},"image":{"@id":"https:\/\/www.artisanlocal.ch\/c\/#\/schema\/logo\/image\/"}}]}},"_links":{"self":[{"href":"https:\/\/www.artisanlocal.ch\/c\/wp-json\/wp\/v2\/pages\/412","targetHints":{"allow":["GET"]}}],"collection":[{"href":"https:\/\/www.artisanlocal.ch\/c\/wp-json\/wp\/v2\/pages"}],"about":[{"href":"https:\/\/www.artisanlocal.ch\/c\/wp-json\/wp\/v2\/types\/page"}],"author":[{"embeddable":true,"href":"https:\/\/www.artisanlocal.ch\/c\/wp-json\/wp\/v2\/users\/4"}],"replies":[{"embeddable":true,"href":"https:\/\/www.artisanlocal.ch\/c\/wp-json\/wp\/v2\/comments?post=412"}],"version-history":[{"count":1,"href":"https:\/\/www.artisanlocal.ch\/c\/wp-json\/wp\/v2\/pages\/412\/revisions"}],"predecessor-version":[{"id":5349,"href":"https:\/\/www.artisanlocal.ch\/c\/wp-json\/wp\/v2\/pages\/412\/revisions\/5349"}],"wp:featuredmedia":[{"embeddable":true,"href":"https:\/\/www.artisanlocal.ch\/c\/wp-json\/wp\/v2\/media\/2754"}],"wp:attachment":[{"href":"https:\/\/www.artisanlocal.ch\/c\/wp-json\/wp\/v2\/media?parent=412"}],"wp:term":[{"taxonomy":"profession","embeddable":true,"href":"https:\/\/www.artisanlocal.ch\/c\/wp-json\/wp\/v2\/profession?post=412"},{"taxonomy":"location","embeddable":true,"href":"https:\/\/www.artisanlocal.ch\/c\/wp-json\/wp\/v2\/location?post=412"},{"taxonomy":"canton","embeddable":true,"href":"https:\/\/www.artisanlocal.ch\/c\/wp-json\/wp\/v2\/canton?post=412"}],"curies":[{"name":"wp","href":"https:\/\/api.w.org\/{rel}","templated":true}]}}