{"id":413,"date":"2024-04-16T18:38:23","date_gmt":"2024-04-16T16:38:23","guid":{"rendered":"https:\/\/www.artisanlocal.ch\/c\/nettoyage-pour-logement-et-bureau-a-yverdon\/"},"modified":"2025-08-27T01:33:48","modified_gmt":"2025-08-26T23:33:48","slug":"nettoyage-pour-logement-et-bureau-a-yverdon","status":"publish","type":"page","link":"https:\/\/www.artisanlocal.ch\/c\/nettoyage-pour-logement-et-bureau-a-yverdon\/","title":{"rendered":"Entreprise de Nettoyage \u00e0 Yverdon-les-Bains"},"content":{"rendered":"<p>Besoin d&rsquo;une entreprise de nettoyage \u00e0 Yverdon-les-Bains ? Artisanlocal propose des services de nettoyage complet d&rsquo;appartements, de maisons et de bureaux \u00e0 Yverdon-les-Bains.<br \/>\n\r\n<div class=\"box\">\r\n            <div class=\"company-info\">\r\n            <img decoding=\"async\" class=\"company-info__logo\" src=\"https:\/\/www.artisanlocal.ch\/media\/cache\/thumb\/images\/companies\/69e7826552397382562559.png\" alt=\"Logo\">\r\n            <h2 class=\"company-info__name\">FBF Facilities Services SA<\/h2>\r\n            <p class=\"company-info__business\">Entreprise de nettoyage - Entretien - Conciergerie - Entretien d'immeuble - Entretien de jardin - Nettoyage de b\u00e2timents - Nettoyage d'appartements - Conciergerie priv\u00e9e<\/p>\r\n        <\/div>\r\n        <div class=\"company-contact\">\r\n            <p class=\"company-info__address\">Rue Edouard Verdon 2<\/p>\r\n                            <div class=\"links\">\r\n                                            <a class=\"btn has-accent-background-color js-phoneNumber\" href=\"tel:0244452312\" title=\"Appelez\" data-id=\"26969\" data-type=\"11\">024 445 23 12<\/a>\r\n                                                                <a class=\"btn has-accent-background-color\" href=\"http:\/\/www.fbf-nettoyages.ch\/\" target=\"_blank\" title=\"Voir le site internet\" data-id=\"26969\" data-type=\"20\">Site internet<\/a>\r\n                                    <\/div>\r\n                    <\/div>\r\n    \r\n            \r\n<form action=\"https:\/\/www.artisanlocal.ch\/c\/wp-admin\/admin-ajax.php\" method=\"post\" class=\"form-contact\" id=\"artisan_form_contact_company_inline\">\r\n    <div><input type=\"hidden\" name=\"action\" value=\"company_contact\"><\/div>\r\n    <div><input type=\"hidden\" name=\"nonce\" value=\"972bc58192\"><\/div>\r\n    <div><input type=\"hidden\" name=\"company_id\" value=\"26969\"><\/div>\r\n    <div><input type=\"hidden\" name=\"form_id\" value=\"artisan_form_contact_company_inline\"><\/div>\r\n    <div class=\"gglcptch gglcptch_v3 gglcptch_custom\"><input type=\"hidden\" id=\"g-recaptcha-response\" name=\"g-recaptcha-response\" \/><br \/><div class=\"gglcptch_error_text\">La p\u00e9riode de v\u00e9rification reCAPTCHA a expir\u00e9. Veuillez recharger la page.<\/div><\/div>    <div class=\"form-content\">\r\n        <div class=\"form-group\">\r\n            <label for=\"contact_firstName\" class=\"required\">Pr\u00e9nom<\/label>\r\n            <input type=\"text\" name=\"firstName\" class=\"form-control\" required>\r\n        <\/div>\r\n        <div class=\"form-group\">\r\n            <label for=\"contact_lastName\" class=\"required\">Nom<\/label>\r\n            <input type=\"text\" name=\"lastName\" class=\"form-control\" required>\r\n        <\/div>\r\n        <div class=\"form-group\">\r\n            <label for=\"contact_email\" class=\"required\">Email<\/label>\r\n            <input type=\"email\" name=\"email\" class=\"form-control\" required>\r\n        <\/div>\r\n        <div class=\"form-group\">\r\n            <label for=\"contact_phone\" class=\"required\">Num\u00e9ro de t\u00e9l\u00e9phone<\/label>\r\n            <input type=\"tel\" name=\"phone\" class=\"form-control\" placeholder=\"0787117165\" pattern=\"^[0-9]{10}$\" required>\r\n        <\/div>\r\n        <div class=\"form-group\">\r\n            <label for=\"contact_postalCode\" class=\"required\">Code postal et localit\u00e9<\/label>\r\n            <input type=\"text\" name=\"postalCode\" class=\"form-control\" required>\r\n        <\/div>\r\n        <div class=\"form-group\">\r\n            <label for=\"contact_address\" class=\"required\">Adresse<\/label>\r\n            <input type=\"text\" name=\"address\" class=\"form-control\" required>\r\n        <\/div>\r\n        <div class=\"full-width topic\">\r\n            <p class=\"required\">Je souhaite \u00eatre contact\u00e9 pour :<\/p>\r\n            <div class=\"form-check\">\r\n                <input type=\"radio\" name=\"topic\" value=\"D\u00e9pannage\" class=\"form-control\" required>\r\n                <label for=\"d\u00e9pannage\">D\u00e9pannage<\/label>\r\n            <\/div>\r\n            <div class=\"form-check\">\r\n                <input type=\"radio\" name=\"topic\" value=\"Entretien\" class=\"form-control\" required>\r\n                <label for=\"entretien\">Entretien<\/label>\r\n            <\/div>\r\n            <div class=\"form-check\">\r\n                <input type=\"radio\" name=\"topic\" value=\"R\u00e9novation\" class=\"form-control\" required>\r\n                <label for=\"r\u00e9novation\">R\u00e9novation<\/label>\r\n            <\/div>\r\n            <div class=\"form-check\">\r\n                <input type=\"radio\" name=\"topic\" value=\"Autre\" class=\"form-control\" required>\r\n                <label for=\"autre\">Autre<\/label>\r\n            <\/div>\r\n        <\/div>\r\n        <div class=\"form-group full-width\">\r\n            <label for=\"contact_message\">Message<\/label>\r\n            <textarea name=\"message\" rows=\"3\" class=\"form-control\"><\/textarea>\r\n        <\/div>\r\n    <\/div>\r\n    <div class=\"form-actions\">\r\n        <button class=\"wp-block-button__link has-accent-background-color\">Contacter<\/button>\r\n    <\/div>\r\n<\/form>\r\n<div class=\"form-feedback\"><\/div>    <\/div><\/p>\n<h2>Quelles sont les raisons de travailler avec notre entreprise ?<\/h2>\n<ul>\n<li>Il est envisageable de r\u00e9server un rendez-vous avec notre soci\u00e9t\u00e9 aujourd&rsquo;hui.<\/li>\n<li>Nous employons les derni\u00e8res pratiques de nettoyage.<\/li>\n<li>Notre service de nettoyage est effectu\u00e9 avec des produits \u00e9cologiques.<\/li>\n<li>Nos devis sont gratuits.<\/li>\n<\/ul>\n<h2>Entreprise de m\u00e9nage \u00e0 Yverdon-les-Bains<\/h2>\n<p>Nous proposons une gamme de prestations de nettoyage personnalis\u00e9 pour satisfaire les attentes de nos clients. Si vous avez besoin d&rsquo;un service de nettoyage complet, occasionnel ou d&rsquo;un service d&rsquo;entretien r\u00e9gulier, nous sommes l\u00e0 pour vous. D\u00e9couvrez nos services les plus g\u00e9n\u00e9ralement r\u00e9alis\u00e9s \u00e0 Yverdon-les-Bains :<\/p>\n<ul>\n<li>M\u00e9nage pour votre changement de domicile.<\/li>\n<li>M\u00e9nage pour les propri\u00e9taires de locations Airbnb.<\/li>\n<li>Nettoyage des bureaux.<\/li>\n<li>Nettoyage apr\u00e8s des travaux de r\u00e9novation.<\/li>\n<\/ul>\n<h2>Quels sont les services de nettoyage d&rsquo;Artisanlocal?<\/h2>\n<ul>\n<li>Services de m\u00e9nage pour les conciergeries d&rsquo;appartements et maisons Airbnb,<\/li>\n<li>nettoyage de studios,<\/li>\n<li>entretien et nettoyage des appareils \u00e9lectrom\u00e9nagers,<\/li>\n<li>nettoyage de terrasse,<\/li>\n<li>services de propret\u00e9 pour les caves,<\/li>\n<li>d\u00e9sinfection des surfaces pour lutter contre les agents pathog\u00e8nes,<\/li>\n<li>nettoyage de la vaisselle,<\/li>\n<li>nettoyage des salles de sports,<\/li>\n<li>lavage des sols,<\/li>\n<li>nettoyage des \u00e9tablissements de sant\u00e9,<\/li>\n<li>nettoyage apr\u00e8s un d\u00e9m\u00e9nagement,<\/li>\n<li>nettoyage des locaux professionnels,<\/li>\n<li>nettoyage apr\u00e8s des travaux,<\/li>\n<li>nettoyage des salles d&rsquo;eau,<\/li>\n<li>nettoyage des petits commerces,<\/li>\n<li>nettoyage des \u00e9tablissements p\u00e9dagogiques,<\/li>\n<li>lavage de vitres.<\/li>\n<\/ul>\n<h2>Une soci\u00e9t\u00e9 sp\u00e9cialis\u00e9e dans les services de nettoyage fiable implant\u00e9e en Suisse<\/h2>\n<p>Si vous vivez \u00e0 Yverdon-les-Bains, nous pouvons r\u00e9aliser le m\u00e9nage de votre studio avant l&rsquo;\u00e9tat des lieux. Il faut savoir que si le nettoyage n&rsquo;est pas effectu\u00e9 correctement, le propri\u00e9taire a le droit de faire appel \u00e0 une soci\u00e9t\u00e9 de service de nettoyage et conserver une partie de votre caution.<\/p>\n<p>Les services de m\u00e9nage pour l&rsquo;\u00e9tat des lieux incluent :<\/p>\n<ul>\n<li>Le nettoyage des surfaces : les murs, les sols, les parquets, les tapis et les carrelages.<\/li>\n<li>Le nettoyage des vitres et des fen\u00eatres.<\/li>\n<li>Le nettoyage des toilettes et de la salle d&rsquo;eau.<\/li>\n<li>L&rsquo;entretien de l&rsquo;espace de cuisson et du syst\u00e8me d&rsquo;a\u00e9ration du coin cuisine.<\/li>\n<li>Le d\u00e9poussi\u00e9rage du mobilier.<\/li>\n<\/ul>\n<h3>Vous avez besoin d&rsquo;un entretien continu de votre appartement\u202f?<\/h3>\n<p>Notre soci\u00e9t\u00e9 propose des services d&rsquo;entretien personnalis\u00e9s, adapt\u00e9s \u00e0 vos demandes, nous pouvons op\u00e9rer de mani\u00e8res hebdomadaires, bihebdomadaires ou mensuelles.<\/p>\n<h3>Service pour un nettoyage approfondi de votre r\u00e9sidence \u00e0 Yverdon-les-Bains<\/h3>\n<p>Artisanlocal propose des services de nettoyage complet pour votre habitation ou votre appartement, en compl\u00e9ment de notre service de nettoyage classique.<\/p>\n<h3>Quels sont les avantages d&rsquo;un nettoyage approfondi avec Artisanlocal ?<\/h3>\n<p>L&rsquo;avantage du m\u00e9nage approfondi est de supprimer la salet\u00e9, la poussi\u00e8re et la crasse qui se sont regroup\u00e9e, ce qui am\u00e9liore la qualit\u00e9 de l&rsquo;air int\u00e9rieur. De plus, un nettoyage en profondeur permet aussi d&rsquo;\u00e9liminer efficacement les mauvaises odeurs.<\/p>\n<h3>M\u00e9nage de bureaux \u00e0 Yverdon-les-Bains<\/h3>\n<p>Artisanlocal vous propose le m\u00e9nage de bureaux \u00e0 Yverdon-les-Bains. Avec nous, vous \u00e9conomiserez du temps et de l&rsquo;\u00e9nergie ! D\u00e9couvrez nos contrats de m\u00e9nage sur mesures pour vos locaux. Nos contrats s&rsquo;adaptent \u00e0 votre budget et \u00e0 vos besoins. Voici les services que nous proposons pour le m\u00e9nage de vos espaces de travail :<\/p>\n<ul>\n<li>Traitement des tapis et lavage de vitres de bureau.<\/li>\n<li>Nettoyage de fauteuils, de si\u00e8ges de bureau, de divan en tissu ou en cuir.<\/li>\n<li>Enl\u00e8vement des poubelles.<\/li>\n<li>D\u00e9poussi\u00e9rage de toutes les surfaces et mobilier.<\/li>\n<li>Lavage des surfaces au sol et passage de l&rsquo;aspirateur.<\/li>\n<\/ul>\n<h3>Soci\u00e9t\u00e9 de m\u00e9nage pour votre maison \u00e0 Yverdon-les-Bains<\/h3>\n<p>Pour que votre propri\u00e9t\u00e9 reste propre, vous devez r\u00e9aliser un nettoyage quotidien. H\u00e9las, un calendrier charg\u00e9 peut rendre cette mission difficile, voire impossible, confiez \u00e0 notre soci\u00e9t\u00e9 le nettoyage de votre r\u00e9sidence.<\/p>\n<h2>Pourquoi faire appel \u00e0 une soci\u00e9t\u00e9 pour r\u00e9aliser le nettoyage de son domicile \u00e0 Yverdon-les-Bains ?<\/h2>\n<p>Si vous \u00eates un Yverdon-les-Bainsnois, vous rencontrez potentiellement des difficult\u00e9s \u00e0 tenir votre espace int\u00e9rieur propre et en ordre. Nos prestations sont adapt\u00e9es aux r\u00e9sidents d&rsquo;Yverdon-les-Bains. Avec notre soci\u00e9t\u00e9, vous \u00eates capable de :<\/p>\n<h3>Mieux contr\u00f4ler votre espace<\/h3>\n<p>Si votre habitat est d\u00e9sorganis\u00e9, il est compliqu\u00e9 de se sentir bien. Artisanlocal propose des services de m\u00e9nage pour votre maison de fa\u00e7on a mieux organis\u00e9 votre espace, ce qui vous offre la possibilit\u00e9, de :<\/p>\n<h3>Cr\u00e9er une atmosph\u00e8re plus confortable<\/h3>\n<p>En effet, une maison bien organis\u00e9e vous aidera ainsi que vos invit\u00e9s \u00e0 vous sentir mieux.<\/p>\n<h3>Vivre en bonne sant\u00e9 et heureux<\/h3>\n<p>Ne pas enlever la poussi\u00e8re et la salet\u00e9 dans votre int\u00e9rieur peut causer des dangers pour votre sant\u00e9, comme activer des r\u00e9actions allergiques ou intensifier celles d\u00e9j\u00e0 pr\u00e9sentes. En faisant appel \u00e0 une soci\u00e9t\u00e9 de nettoyage, vous diminuez la concentration d&rsquo;allerg\u00e8nes.<\/p>\n<h2>Entreprise de nettoyage \u00e0 Yverdon-les-Bains et dans les villes \u00e0 proximit\u00e9<\/h2>\n<p>Notre entreprise de nettoyage intervient \u00e0 Yverdon-les-Bains et aussi \u00e0 : Oppens, Cheseaux-Nor\u00e9az, Cuarny, Villars-Epeney, Pomy, Cronay, Bioley-Magnoux, Donneloye, Gossens, M\u00e9zery-pr\u00e8s-Donneloye, Prahins, Ursins, Valeyres-sous-Ursins, Orzens, D\u00e9moret, Molondin, Epautheyres, Essertines-sur-Yverdon, Belmont-sur-Yverdon, Gressy, Suchy, Ependes VD, Essert-Pittet, Chamblon, Treycovagnes, Susc\u00e9vaz, Mathod, Valeyres-sous-Montagny, Montagny-pr\u00e8s-Yverdon, Champvent, Essert-sous-Champvent, Villars-sous-Champvent, Yvonand, Rovray, Chavannes-le-Ch\u00eane, Ch\u00eane-P\u00e2quier.<\/p>\n","protected":false},"excerpt":{"rendered":"<p>Besoin d&rsquo;une entreprise de nettoyage \u00e0 Yverdon-les-Bains ? Artisanlocal propose des services de nettoyage complet d&rsquo;appartements, de maisons et de bureaux \u00e0 Yverdon-les-Bains. Quelles sont les raisons de travailler avec notre entreprise ? Il est envisageable de r\u00e9server un rendez-vous avec notre soci\u00e9t\u00e9 aujourd&rsquo;hui. Nous employons les derni\u00e8res pratiques de nettoyage. Notre service de nettoyage [&hellip;]<\/p>\n","protected":false},"author":4,"featured_media":2754,"parent":0,"menu_order":0,"comment_status":"closed","ping_status":"closed","template":"","meta":{"footnotes":""},"profession":[108],"location":[33],"canton":[113],"class_list":["post-413","page","type-page","status-publish","has-post-thumbnail","hentry","profession-agent-de-proprete","location-yverdon-les-bains","canton-vd"],"yoast_head":"<!-- This site is optimized with the Yoast SEO Premium plugin v25.7.1 (Yoast SEO v27.4) - https:\/\/yoast.com\/product\/yoast-seo-premium-wordpress\/ -->\n<title>Entreprise de Nettoyage \u00e0 Yverdon-les-Bains - Artisanlocal<\/title>\n<meta name=\"robots\" content=\"index, follow, max-snippet:-1, max-image-preview:large, max-video-preview:-1\" \/>\n<link rel=\"canonical\" href=\"https:\/\/www.artisanlocal.ch\/c\/nettoyage-pour-logement-et-bureau-a-yverdon\/\" \/>\n<meta property=\"og:locale\" content=\"fr_FR\" \/>\n<meta property=\"og:type\" content=\"article\" \/>\n<meta property=\"og:title\" content=\"Entreprise de Nettoyage \u00e0 Yverdon-les-Bains\" \/>\n<meta property=\"og:description\" content=\"Besoin d&rsquo;une entreprise de nettoyage \u00e0 Yverdon-les-Bains ? Artisanlocal propose des services de nettoyage complet d&rsquo;appartements, de maisons et de bureaux \u00e0 Yverdon-les-Bains. Quelles sont les raisons de travailler avec notre entreprise ? Il est envisageable de r\u00e9server un rendez-vous avec notre soci\u00e9t\u00e9 aujourd&rsquo;hui. Nous employons les derni\u00e8res pratiques de nettoyage. Notre service de nettoyage [&hellip;]\" \/>\n<meta property=\"og:url\" content=\"https:\/\/www.artisanlocal.ch\/c\/nettoyage-pour-logement-et-bureau-a-yverdon\/\" \/>\n<meta property=\"og:site_name\" content=\"Artisanlocal\" \/>\n<meta property=\"article:modified_time\" content=\"2025-08-26T23:33:48+00:00\" \/>\n<meta property=\"og:image\" content=\"https:\/\/www.artisanlocal.ch\/c\/wp-content\/uploads\/2024\/10\/agent-proprete.jpg\" \/>\n\t<meta property=\"og:image:width\" content=\"1920\" \/>\n\t<meta property=\"og:image:height\" content=\"300\" \/>\n\t<meta property=\"og:image:type\" content=\"image\/jpeg\" \/>\n<meta name=\"twitter:card\" content=\"summary_large_image\" \/>\n<meta name=\"twitter:label1\" content=\"Dur\u00e9e de lecture estim\u00e9e\" \/>\n\t<meta name=\"twitter:data1\" content=\"5 minutes\" \/>\n<script type=\"application\/ld+json\" class=\"yoast-schema-graph\">{\"@context\":\"https:\\\/\\\/schema.org\",\"@graph\":[{\"@type\":\"WebPage\",\"@id\":\"https:\\\/\\\/www.artisanlocal.ch\\\/c\\\/nettoyage-pour-logement-et-bureau-a-yverdon\\\/\",\"url\":\"https:\\\/\\\/www.artisanlocal.ch\\\/c\\\/nettoyage-pour-logement-et-bureau-a-yverdon\\\/\",\"name\":\"Entreprise de Nettoyage \u00e0 Yverdon-les-Bains - Artisanlocal\",\"isPartOf\":{\"@id\":\"https:\\\/\\\/www.artisanlocal.ch\\\/c\\\/#website\"},\"primaryImageOfPage\":{\"@id\":\"https:\\\/\\\/www.artisanlocal.ch\\\/c\\\/nettoyage-pour-logement-et-bureau-a-yverdon\\\/#primaryimage\"},\"image\":{\"@id\":\"https:\\\/\\\/www.artisanlocal.ch\\\/c\\\/nettoyage-pour-logement-et-bureau-a-yverdon\\\/#primaryimage\"},\"thumbnailUrl\":\"https:\\\/\\\/www.artisanlocal.ch\\\/c\\\/wp-content\\\/uploads\\\/2024\\\/10\\\/agent-proprete.jpg\",\"datePublished\":\"2024-04-16T16:38:23+00:00\",\"dateModified\":\"2025-08-26T23:33:48+00:00\",\"breadcrumb\":{\"@id\":\"https:\\\/\\\/www.artisanlocal.ch\\\/c\\\/nettoyage-pour-logement-et-bureau-a-yverdon\\\/#breadcrumb\"},\"inLanguage\":\"fr-FR\",\"potentialAction\":[{\"@type\":\"ReadAction\",\"target\":[\"https:\\\/\\\/www.artisanlocal.ch\\\/c\\\/nettoyage-pour-logement-et-bureau-a-yverdon\\\/\"]}]},{\"@type\":\"ImageObject\",\"inLanguage\":\"fr-FR\",\"@id\":\"https:\\\/\\\/www.artisanlocal.ch\\\/c\\\/nettoyage-pour-logement-et-bureau-a-yverdon\\\/#primaryimage\",\"url\":\"https:\\\/\\\/www.artisanlocal.ch\\\/c\\\/wp-content\\\/uploads\\\/2024\\\/10\\\/agent-proprete.jpg\",\"contentUrl\":\"https:\\\/\\\/www.artisanlocal.ch\\\/c\\\/wp-content\\\/uploads\\\/2024\\\/10\\\/agent-proprete.jpg\",\"width\":1920,\"height\":300},{\"@type\":\"BreadcrumbList\",\"@id\":\"https:\\\/\\\/www.artisanlocal.ch\\\/c\\\/nettoyage-pour-logement-et-bureau-a-yverdon\\\/#breadcrumb\",\"itemListElement\":[{\"@type\":\"ListItem\",\"position\":1,\"name\":\"Accueil\",\"item\":\"https:\\\/\\\/www.artisanlocal.ch\\\/c\\\/\"},{\"@type\":\"ListItem\",\"position\":2,\"name\":\"Entreprise de Nettoyage \u00e0 Yverdon\"}]},{\"@type\":\"WebSite\",\"@id\":\"https:\\\/\\\/www.artisanlocal.ch\\\/c\\\/#website\",\"url\":\"https:\\\/\\\/www.artisanlocal.ch\\\/c\\\/\",\"name\":\"Artisanlocal\",\"description\":\"\",\"publisher\":{\"@id\":\"https:\\\/\\\/www.artisanlocal.ch\\\/c\\\/#organization\"},\"potentialAction\":[{\"@type\":\"SearchAction\",\"target\":{\"@type\":\"EntryPoint\",\"urlTemplate\":\"https:\\\/\\\/www.artisanlocal.ch\\\/c\\\/?s={search_term_string}\"},\"query-input\":{\"@type\":\"PropertyValueSpecification\",\"valueRequired\":true,\"valueName\":\"search_term_string\"}}],\"inLanguage\":\"fr-FR\"},{\"@type\":\"Organization\",\"@id\":\"https:\\\/\\\/www.artisanlocal.ch\\\/c\\\/#organization\",\"name\":\"Artisanlocal\",\"url\":\"https:\\\/\\\/www.artisanlocal.ch\\\/c\\\/\",\"logo\":{\"@type\":\"ImageObject\",\"inLanguage\":\"fr-FR\",\"@id\":\"https:\\\/\\\/www.artisanlocal.ch\\\/c\\\/#\\\/schema\\\/logo\\\/image\\\/\",\"url\":\"https:\\\/\\\/www.artisanlocal.ch\\\/c\\\/wp-content\\\/uploads\\\/2024\\\/02\\\/logo-artisanlocal-h.svg\",\"contentUrl\":\"https:\\\/\\\/www.artisanlocal.ch\\\/c\\\/wp-content\\\/uploads\\\/2024\\\/02\\\/logo-artisanlocal-h.svg\",\"caption\":\"Artisanlocal\"},\"image\":{\"@id\":\"https:\\\/\\\/www.artisanlocal.ch\\\/c\\\/#\\\/schema\\\/logo\\\/image\\\/\"}}]}<\/script>\n<!-- \/ Yoast SEO Premium plugin. -->","yoast_head_json":{"title":"Entreprise de Nettoyage \u00e0 Yverdon-les-Bains - Artisanlocal","robots":{"index":"index","follow":"follow","max-snippet":"max-snippet:-1","max-image-preview":"max-image-preview:large","max-video-preview":"max-video-preview:-1"},"canonical":"https:\/\/www.artisanlocal.ch\/c\/nettoyage-pour-logement-et-bureau-a-yverdon\/","og_locale":"fr_FR","og_type":"article","og_title":"Entreprise de Nettoyage \u00e0 Yverdon-les-Bains","og_description":"Besoin d&rsquo;une entreprise de nettoyage \u00e0 Yverdon-les-Bains ? Artisanlocal propose des services de nettoyage complet d&rsquo;appartements, de maisons et de bureaux \u00e0 Yverdon-les-Bains. Quelles sont les raisons de travailler avec notre entreprise ? Il est envisageable de r\u00e9server un rendez-vous avec notre soci\u00e9t\u00e9 aujourd&rsquo;hui. Nous employons les derni\u00e8res pratiques de nettoyage. Notre service de nettoyage [&hellip;]","og_url":"https:\/\/www.artisanlocal.ch\/c\/nettoyage-pour-logement-et-bureau-a-yverdon\/","og_site_name":"Artisanlocal","article_modified_time":"2025-08-26T23:33:48+00:00","og_image":[{"width":1920,"height":300,"url":"https:\/\/www.artisanlocal.ch\/c\/wp-content\/uploads\/2024\/10\/agent-proprete.jpg","type":"image\/jpeg"}],"twitter_card":"summary_large_image","twitter_misc":{"Dur\u00e9e de lecture estim\u00e9e":"5 minutes"},"schema":{"@context":"https:\/\/schema.org","@graph":[{"@type":"WebPage","@id":"https:\/\/www.artisanlocal.ch\/c\/nettoyage-pour-logement-et-bureau-a-yverdon\/","url":"https:\/\/www.artisanlocal.ch\/c\/nettoyage-pour-logement-et-bureau-a-yverdon\/","name":"Entreprise de Nettoyage \u00e0 Yverdon-les-Bains - Artisanlocal","isPartOf":{"@id":"https:\/\/www.artisanlocal.ch\/c\/#website"},"primaryImageOfPage":{"@id":"https:\/\/www.artisanlocal.ch\/c\/nettoyage-pour-logement-et-bureau-a-yverdon\/#primaryimage"},"image":{"@id":"https:\/\/www.artisanlocal.ch\/c\/nettoyage-pour-logement-et-bureau-a-yverdon\/#primaryimage"},"thumbnailUrl":"https:\/\/www.artisanlocal.ch\/c\/wp-content\/uploads\/2024\/10\/agent-proprete.jpg","datePublished":"2024-04-16T16:38:23+00:00","dateModified":"2025-08-26T23:33:48+00:00","breadcrumb":{"@id":"https:\/\/www.artisanlocal.ch\/c\/nettoyage-pour-logement-et-bureau-a-yverdon\/#breadcrumb"},"inLanguage":"fr-FR","potentialAction":[{"@type":"ReadAction","target":["https:\/\/www.artisanlocal.ch\/c\/nettoyage-pour-logement-et-bureau-a-yverdon\/"]}]},{"@type":"ImageObject","inLanguage":"fr-FR","@id":"https:\/\/www.artisanlocal.ch\/c\/nettoyage-pour-logement-et-bureau-a-yverdon\/#primaryimage","url":"https:\/\/www.artisanlocal.ch\/c\/wp-content\/uploads\/2024\/10\/agent-proprete.jpg","contentUrl":"https:\/\/www.artisanlocal.ch\/c\/wp-content\/uploads\/2024\/10\/agent-proprete.jpg","width":1920,"height":300},{"@type":"BreadcrumbList","@id":"https:\/\/www.artisanlocal.ch\/c\/nettoyage-pour-logement-et-bureau-a-yverdon\/#breadcrumb","itemListElement":[{"@type":"ListItem","position":1,"name":"Accueil","item":"https:\/\/www.artisanlocal.ch\/c\/"},{"@type":"ListItem","position":2,"name":"Entreprise de Nettoyage \u00e0 Yverdon"}]},{"@type":"WebSite","@id":"https:\/\/www.artisanlocal.ch\/c\/#website","url":"https:\/\/www.artisanlocal.ch\/c\/","name":"Artisanlocal","description":"","publisher":{"@id":"https:\/\/www.artisanlocal.ch\/c\/#organization"},"potentialAction":[{"@type":"SearchAction","target":{"@type":"EntryPoint","urlTemplate":"https:\/\/www.artisanlocal.ch\/c\/?s={search_term_string}"},"query-input":{"@type":"PropertyValueSpecification","valueRequired":true,"valueName":"search_term_string"}}],"inLanguage":"fr-FR"},{"@type":"Organization","@id":"https:\/\/www.artisanlocal.ch\/c\/#organization","name":"Artisanlocal","url":"https:\/\/www.artisanlocal.ch\/c\/","logo":{"@type":"ImageObject","inLanguage":"fr-FR","@id":"https:\/\/www.artisanlocal.ch\/c\/#\/schema\/logo\/image\/","url":"https:\/\/www.artisanlocal.ch\/c\/wp-content\/uploads\/2024\/02\/logo-artisanlocal-h.svg","contentUrl":"https:\/\/www.artisanlocal.ch\/c\/wp-content\/uploads\/2024\/02\/logo-artisanlocal-h.svg","caption":"Artisanlocal"},"image":{"@id":"https:\/\/www.artisanlocal.ch\/c\/#\/schema\/logo\/image\/"}}]}},"_links":{"self":[{"href":"https:\/\/www.artisanlocal.ch\/c\/wp-json\/wp\/v2\/pages\/413","targetHints":{"allow":["GET"]}}],"collection":[{"href":"https:\/\/www.artisanlocal.ch\/c\/wp-json\/wp\/v2\/pages"}],"about":[{"href":"https:\/\/www.artisanlocal.ch\/c\/wp-json\/wp\/v2\/types\/page"}],"author":[{"embeddable":true,"href":"https:\/\/www.artisanlocal.ch\/c\/wp-json\/wp\/v2\/users\/4"}],"replies":[{"embeddable":true,"href":"https:\/\/www.artisanlocal.ch\/c\/wp-json\/wp\/v2\/comments?post=413"}],"version-history":[{"count":0,"href":"https:\/\/www.artisanlocal.ch\/c\/wp-json\/wp\/v2\/pages\/413\/revisions"}],"wp:featuredmedia":[{"embeddable":true,"href":"https:\/\/www.artisanlocal.ch\/c\/wp-json\/wp\/v2\/media\/2754"}],"wp:attachment":[{"href":"https:\/\/www.artisanlocal.ch\/c\/wp-json\/wp\/v2\/media?parent=413"}],"wp:term":[{"taxonomy":"profession","embeddable":true,"href":"https:\/\/www.artisanlocal.ch\/c\/wp-json\/wp\/v2\/profession?post=413"},{"taxonomy":"location","embeddable":true,"href":"https:\/\/www.artisanlocal.ch\/c\/wp-json\/wp\/v2\/location?post=413"},{"taxonomy":"canton","embeddable":true,"href":"https:\/\/www.artisanlocal.ch\/c\/wp-json\/wp\/v2\/canton?post=413"}],"curies":[{"name":"wp","href":"https:\/\/api.w.org\/{rel}","templated":true}]}}