{"id":416,"date":"2024-04-16T18:38:23","date_gmt":"2024-04-16T16:38:23","guid":{"rendered":"https:\/\/www.artisanlocal.ch\/c\/entreprise-de-nettoyage-professionnel-pour-habitation-et-bureau-dentreprise-a-st-maurice\/"},"modified":"2025-08-27T01:33:45","modified_gmt":"2025-08-26T23:33:45","slug":"entreprise-de-nettoyage-professionnel-pour-habitation-et-bureau-dentreprise-a-st-maurice","status":"publish","type":"page","link":"https:\/\/www.artisanlocal.ch\/c\/entreprise-de-nettoyage-professionnel-pour-habitation-et-bureau-dentreprise-a-st-maurice\/","title":{"rendered":"Entreprise de nettoyage professionnel pour habitation et bureau d&rsquo;entreprise \u00e0 St-Maurice"},"content":{"rendered":"<p>Nous offrons un nettoyage complet de votre studio ou de vos locaux commerciaux \u00e0 St-Maurice. Notre entreprise est constitu\u00e9e d&rsquo;experts form\u00e9s aux derni\u00e8res techniques qui s&rsquo;efforcent d&rsquo;apporter \u00e0 nos clients des services de la meilleure qualit\u00e9 possible.<\/p>\n\r\n<div class=\"box\">\r\n            <div class=\"company-info\">\r\n            <img decoding=\"async\" class=\"company-info__logo\" src=\"https:\/\/www.artisanlocal.ch\/media\/cache\/thumb\/images\/companies\/6874d312006b8512916948.png\" alt=\"Logo\">\r\n            <h2 class=\"company-info__name\">Dini Services S\u00e0rl<\/h2>\r\n            <p class=\"company-info__business\">Entreprise de nettoyage - Conciergerie - Entretien d'immeuble - Nettoyage fin de chantier \/ de bail<\/p>\r\n        <\/div>\r\n        <div class=\"company-contact\">\r\n            <p class=\"company-info__address\">Chemin des Saules 9<\/p>\r\n                            <div class=\"links\">\r\n                                            <a class=\"btn has-accent-background-color js-phoneNumber\" href=\"tel:0767001432\" title=\"Appelez\" data-id=\"27181\" data-type=\"11\">076 700 14 32<\/a>\r\n                                                                <a class=\"btn has-accent-background-color\" href=\"https:\/\/dini-services.ch\/\" target=\"_blank\" title=\"Voir le site internet\" data-id=\"27181\" data-type=\"20\">Site internet<\/a>\r\n                                    <\/div>\r\n                    <\/div>\r\n    \r\n            \r\n<form action=\"https:\/\/www.artisanlocal.ch\/c\/wp-admin\/admin-ajax.php\" method=\"post\" class=\"form-contact\" id=\"artisan_form_contact_company_inline\">\r\n    <div><input type=\"hidden\" name=\"action\" value=\"company_contact\"><\/div>\r\n    <div><input type=\"hidden\" name=\"nonce\" value=\"f071462bb9\"><\/div>\r\n    <div><input type=\"hidden\" name=\"company_id\" value=\"27181\"><\/div>\r\n    <div><input type=\"hidden\" name=\"form_id\" value=\"artisan_form_contact_company_inline\"><\/div>\r\n    <div class=\"gglcptch gglcptch_v3 gglcptch_custom\"><input type=\"hidden\" id=\"g-recaptcha-response\" name=\"g-recaptcha-response\" \/><br \/><div class=\"gglcptch_error_text\">La p\u00e9riode de v\u00e9rification reCAPTCHA a expir\u00e9. Veuillez recharger la page.<\/div><\/div>    <div class=\"form-content\">\r\n        <div class=\"form-group\">\r\n            <label for=\"contact_firstName\" class=\"required\">Pr\u00e9nom<\/label>\r\n            <input type=\"text\" name=\"firstName\" class=\"form-control\" required>\r\n        <\/div>\r\n        <div class=\"form-group\">\r\n            <label for=\"contact_lastName\" class=\"required\">Nom<\/label>\r\n            <input type=\"text\" name=\"lastName\" class=\"form-control\" required>\r\n        <\/div>\r\n        <div class=\"form-group\">\r\n            <label for=\"contact_email\" class=\"required\">Email<\/label>\r\n            <input type=\"email\" name=\"email\" class=\"form-control\" required>\r\n        <\/div>\r\n        <div class=\"form-group\">\r\n            <label for=\"contact_phone\" class=\"required\">Num\u00e9ro de t\u00e9l\u00e9phone<\/label>\r\n            <input type=\"tel\" name=\"phone\" class=\"form-control\" placeholder=\"0787117165\" pattern=\"^[0-9]{10}$\" required>\r\n        <\/div>\r\n        <div class=\"form-group\">\r\n            <label for=\"contact_postalCode\" class=\"required\">Code postal et localit\u00e9<\/label>\r\n            <input type=\"text\" name=\"postalCode\" class=\"form-control\" required>\r\n        <\/div>\r\n        <div class=\"form-group\">\r\n            <label for=\"contact_address\" class=\"required\">Adresse<\/label>\r\n            <input type=\"text\" name=\"address\" class=\"form-control\" required>\r\n        <\/div>\r\n        <div class=\"full-width topic\">\r\n            <p class=\"required\">Je souhaite \u00eatre contact\u00e9 pour :<\/p>\r\n            <div class=\"form-check\">\r\n                <input type=\"radio\" name=\"topic\" value=\"D\u00e9pannage\" class=\"form-control\" required>\r\n                <label for=\"d\u00e9pannage\">D\u00e9pannage<\/label>\r\n            <\/div>\r\n            <div class=\"form-check\">\r\n                <input type=\"radio\" name=\"topic\" value=\"Entretien\" class=\"form-control\" required>\r\n                <label for=\"entretien\">Entretien<\/label>\r\n            <\/div>\r\n            <div class=\"form-check\">\r\n                <input type=\"radio\" name=\"topic\" value=\"R\u00e9novation\" class=\"form-control\" required>\r\n                <label for=\"r\u00e9novation\">R\u00e9novation<\/label>\r\n            <\/div>\r\n            <div class=\"form-check\">\r\n                <input type=\"radio\" name=\"topic\" value=\"Autre\" class=\"form-control\" required>\r\n                <label for=\"autre\">Autre<\/label>\r\n            <\/div>\r\n        <\/div>\r\n        <div class=\"form-group full-width\">\r\n            <label for=\"contact_message\">Message<\/label>\r\n            <textarea name=\"message\" rows=\"3\" class=\"form-control\"><\/textarea>\r\n        <\/div>\r\n    <\/div>\r\n    <div class=\"form-actions\">\r\n        <button class=\"wp-block-button__link has-accent-background-color\">Contacter<\/button>\r\n    <\/div>\r\n<\/form>\r\n<div class=\"form-feedback\"><\/div>    <\/div>\n<h2>Pourquoi choisir notre soci\u00e9t\u00e9 ?<\/h2>\n<ul>\n<li>Vous avez la possibilit\u00e9 de r\u00e9server un rendez-vous le jour m\u00eame.<\/li>\n<li>Nos sp\u00e9cialistes en nettoyage sont tous form\u00e9s avec les derni\u00e8res m\u00e9thodes.<\/li>\n<li>L&rsquo;entretien est r\u00e9alis\u00e9 avec des produits respectueux de l&rsquo;environnement.<\/li>\n<li>Nos devis sont gratuits.<\/li>\n<\/ul>\n<h2>Services de m\u00e9nage \u00e0 St-Maurice<\/h2>\n<p>Nous fournissons une large gamme de prestations de nettoyage personnalis\u00e9 pour r\u00e9pondre aux besoins de nos clients.<\/p>\n<p>Qu&rsquo;il s&rsquo;agisse d&rsquo;un nettoyage m\u00e9ticuleux, d\u2019un m\u00e9nage ponctuel ou d&rsquo;un entretien constant, nous pouvons \u00e9laborer des prestations sur mesure, voici les services que nous effectuons le plus souvent \u00e0 St-Maurice, vous pouvez b\u00e9n\u00e9ficier :<\/p>\n<ul>\n<li>D&rsquo;un m\u00e9nage complet avant emm\u00e9nagement\/apr\u00e8s d\u00e9m\u00e9nagement pour les locataires.<\/li>\n<li>D&rsquo;un nettoyage d&rsquo;h\u00e9bergements Airbnb.<\/li>\n<li>D&rsquo;un nettoyage des bureaux et des locaux commerciaux.<\/li>\n<li>D&rsquo;un nettoyage professionnel apr\u00e8s une r\u00e9novation de maison.<\/li>\n<\/ul>\n<h2>Quelles sont les solutions de nettoyage d&rsquo;artisanlocal\u202f?<\/h2>\n<ul>\n<li>Services de m\u00e9nage pour les conciergeries d&rsquo;appartements et maisons Airbnb,<\/li>\n<li>nettoyage de logements,<\/li>\n<li>entretien et nettoyage des appareils m\u00e9nagers,<\/li>\n<li>nettoyage de terrasse,<\/li>\n<li>nettoyage de sous-sols,<\/li>\n<li>d\u00e9sinfection des surfaces pour lutter contre les virus comme la Covid,<\/li>\n<li>nettoyage de la vaisselle,<\/li>\n<li>nettoyage des installations sportives,<\/li>\n<li>entretien des sols,<\/li>\n<li>nettoyage sanitaire en milieu m\u00e9dical,<\/li>\n<li>m\u00e9nage et nettoyage apr\u00e8s un d\u00e9m\u00e9nagement,<\/li>\n<li>nettoyage des espaces de coworking,<\/li>\n<li>service de m\u00e9nage apr\u00e8s une r\u00e9novation,<\/li>\n<li>m\u00e9nage des salles d&rsquo;eau,<\/li>\n<li>nettoyage des petits commerces,<\/li>\n<li>nettoyage des \u00e9coles,<\/li>\n<li>nettoyage des fen\u00eatres.<\/li>\n<\/ul>\n<h2>Une soci\u00e9t\u00e9 de m\u00e9nage fiable implant\u00e9e en Suisse<\/h2>\n<h3>Service de nettoyage d&rsquo;appartement \u00e0 St-Maurice<\/h3>\n<p>Nous r\u00e9alisons le nettoyage d\u2019appartement \u00e0 St-Maurice, par exemple, nous pouvons nettoyer l&rsquo;int\u00e9rieur de votre appartement, en amont de la remise des cl\u00e9s en fin de bail.<\/p>\n<p>Il est n\u00e9cessaire de savoir que si le m\u00e9nage de votre int\u00e9rieur n&rsquo;est pas effectu\u00e9 proprement, le propri\u00e9taire peut solliciter une soci\u00e9t\u00e9 de nettoyage et garder une part de votre caution.<\/p>\n<p>Les services de m\u00e9nage pour la remise des cl\u00e9s incluent :<\/p>\n<p>&#8211; L&rsquo;entretien et le nettoyage des surfaces : les sols, les murs, les parquets, les moquettes et les carrelages.<\/p>\n<p>&#8211; Nettoyage des vitres et des fen\u00eatres.<\/p>\n<p>&#8211; Nettoyage de la salle de bains et des w.c.<\/p>\n<p>&#8211; Le nettoyage de l&rsquo;espace de cuisson et du syst\u00e8me de ventilation du coin cuisine.<\/p>\n<p>&#8211; Le d\u00e9poussi\u00e9rage du mobilier.<\/p>\n<h3>Vous avez besoin d&rsquo;un entretien p\u00e9riodique de votre logement?<\/h3>\n<p>Notre \u00e9tablissement propose des services de nettoyage personnalis\u00e9, adapt\u00e9s \u00e0 vos demandes, avec des interventions chaque semaine, toutes les deux semaines ou chaque mois.<\/p>\n<h3>Nettoyage en profondeur de votre villa et de votre appartement \u00e0 St-Maurice<\/h3>\n<p>Artisanlocal offre des services de m\u00e9nage en profondeur pour votre maison ou studio, en plus de notre service de nettoyage standard.<\/p>\n<h3>Quels sont les b\u00e9n\u00e9fices d\u2019un nettoyage en profondeur avec Artisanlocal ?<\/h3>\n<p>L\u2019avantage principal du nettoyage en profondeur est d&rsquo;enlever les amas de poussi\u00e8res qui se sont empil\u00e9es avec le temps, afin de rendre votre domicile sans poussi\u00e8re. Un nettoyage en profondeur est aussi un excellent moyen d&rsquo;\u00e9liminer les odeurs d\u00e9sagr\u00e9ables.<\/p>\n<h3>Nettoyage de bureaux \u00e0 St-Maurice<\/h3>\n<p>S&rsquo;adresser \u00e0 Artisanlocal pour l&rsquo;entretien de bureaux est la solution la plus efficace. Vous \u00e9conomiserez du temps et de l&rsquo;\u00e9nergie ! Nous proposons des services de nettoyage \u00e0 l&rsquo;ann\u00e9e qui s&rsquo;adaptera \u00e0 vos exigences et \u00e0 votre enveloppe budg\u00e9taire. Voici les prestations que nous proposons pour le nettoyage de vos bureaux :<\/p>\n<ul>\n<li>Lavage de vos tapis et des fen\u00eatres.<\/li>\n<li>Service de nettoyage du mobilier de bureau en tissu ou cuir (des fauteuils, des bureaux, des canap\u00e9s).<\/li>\n<li>Enl\u00e8vement des d\u00e9tritus.<\/li>\n<li>\u00c9limination des poussi\u00e8res.<\/li>\n<li>Passage de l&rsquo;aspirateur et lavage des sols.<\/li>\n<\/ul>\n<h3>Nettoyage de la maison \u00e0 St-Maurice<\/h3>\n<p>Pour que votre propri\u00e9t\u00e9 reste tout le temps aussi propre, un m\u00e9nage fr\u00e9quent exige d&rsquo;\u00eatre inclus dans votre routine. H\u00e9las, un agenda rempli peut rendre cette mission compliqu\u00e9e, voire irr\u00e9alisable, confiez \u00e0 notre soci\u00e9t\u00e9 le nettoyage de votre habitation.<\/p>\n<h2>Pourquoi engager artisanlocal pour r\u00e9aliser le m\u00e9nage des habitations \u00e0 St-Maurice ?<\/h2>\n<p>Si vous vivez \u00e0 St-Maurice vous pouvez rencontrer des difficult\u00e9s \u00e0 garder votre logement bien rang\u00e9 et propre. Nos services, vous aideront \u00e0 pr\u00e9server votre maison aussi propre que possible. En faisant appel \u00e0 notre entreprise, vous allez pouvoir :<\/p>\n<h3>Mieux g\u00e9rer votre lieu de vie<\/h3>\n<p>Un domicile en d\u00e9sordre peut \u00eatre une cause de difficult\u00e9s dans votre quotidien (perte de temps, tensions avec son conjoint, etc.). Artisanlocal propose des services de nettoyage pour votre r\u00e9sidence afin de mieux organiser votre espace, ce qui vous donne la possibilit\u00e9, de :<\/p>\n<h3>Cr\u00e9er une ambiance plus confortable<\/h3>\n<p>Effectivement, une maison bien organis\u00e9e vous aidera ainsi que vos invit\u00e9s \u00e0 vous sentir plus \u00e0 l&rsquo;aise.<\/p>\n<h3>Vivre en bonne forme et content<\/h3>\n<p>La concentration de poussi\u00e8re et de salet\u00e9 dans votre habitation peut cr\u00e9er des dangers pour votre \u00e9tat de sant\u00e9, et provoquer des allergies ou intensifier celles qui sont d\u00e9j\u00e0 pr\u00e9sentes. En engageant une soci\u00e9t\u00e9 de m\u00e9nage, vous r\u00e9duisez le potentiel risque d&rsquo;allergies.<\/p>\n<h3>Avoir une meilleure organisation de votre espace int\u00e9rieur<\/h3>\n<p>Il est banal que l&rsquo;espace int\u00e9rieur des habitations soit mal rang\u00e9, ce qui peut compliquer la vie quotidienne. Choisissez notre service de m\u00e9nage pour vous garantir la bonne propret\u00e9 et organisation de votre maison. En outre, nous pouvons aussi intervenir \u00e0 : Collombey, Massongex, Monthey, Cho\u00ebx, Les Giettes, Troistorrents, Champoussin, Les Crosets, Val-d'Illiez, Champ\u00e9ry, Morgins, Mex VS, V\u00e9rossaz, Morcles, Muraz (Collombey), Vionnaz, Miex, Vouvry, Bouveret, Les Evouettes, St-Gingolph, Torgon, Evionnaz, Collonges, Vernayaz, Dor\u00e9naz, Les Granges (Salvan), Salvan, Le Tr\u00e9tien, Les Mar\u00e9cottes, Finhaut, Le Ch\u00e2telard VS.<\/p>\n","protected":false},"excerpt":{"rendered":"<p>Nous offrons un nettoyage complet de votre studio ou de vos locaux commerciaux \u00e0 St-Maurice. Notre entreprise est constitu\u00e9e d&rsquo;experts form\u00e9s aux derni\u00e8res techniques qui s&rsquo;efforcent d&rsquo;apporter \u00e0 nos clients des services de la meilleure qualit\u00e9 possible. Pourquoi choisir notre soci\u00e9t\u00e9 ? Vous avez la possibilit\u00e9 de r\u00e9server un rendez-vous le jour m\u00eame. Nos sp\u00e9cialistes [&hellip;]<\/p>\n","protected":false},"author":4,"featured_media":2754,"parent":0,"menu_order":0,"comment_status":"closed","ping_status":"closed","template":"","meta":{"footnotes":""},"profession":[108],"location":[7],"canton":[110],"class_list":["post-416","page","type-page","status-publish","has-post-thumbnail","hentry","profession-agent-de-proprete","location-st-maurice","canton-vs"],"yoast_head":"<!-- This site is optimized with the Yoast SEO Premium plugin v25.7.1 (Yoast SEO v27.4) - https:\/\/yoast.com\/product\/yoast-seo-premium-wordpress\/ -->\n<title>Entreprise de nettoyage professionnel pour habitation et bureau d&#039;entreprise \u00e0 St-Maurice - Artisanlocal<\/title>\n<meta name=\"robots\" content=\"index, follow, max-snippet:-1, max-image-preview:large, max-video-preview:-1\" \/>\n<link rel=\"canonical\" href=\"https:\/\/www.artisanlocal.ch\/c\/entreprise-de-nettoyage-professionnel-pour-habitation-et-bureau-dentreprise-a-st-maurice\/\" \/>\n<meta property=\"og:locale\" content=\"fr_FR\" \/>\n<meta property=\"og:type\" content=\"article\" \/>\n<meta property=\"og:title\" content=\"Entreprise de nettoyage professionnel pour habitation et bureau d&#039;entreprise \u00e0 St-Maurice\" \/>\n<meta property=\"og:description\" content=\"Nous offrons un nettoyage complet de votre studio ou de vos locaux commerciaux \u00e0 St-Maurice. Notre entreprise est constitu\u00e9e d&rsquo;experts form\u00e9s aux derni\u00e8res techniques qui s&rsquo;efforcent d&rsquo;apporter \u00e0 nos clients des services de la meilleure qualit\u00e9 possible. Pourquoi choisir notre soci\u00e9t\u00e9 ? Vous avez la possibilit\u00e9 de r\u00e9server un rendez-vous le jour m\u00eame. Nos sp\u00e9cialistes [&hellip;]\" \/>\n<meta property=\"og:url\" content=\"https:\/\/www.artisanlocal.ch\/c\/entreprise-de-nettoyage-professionnel-pour-habitation-et-bureau-dentreprise-a-st-maurice\/\" \/>\n<meta property=\"og:site_name\" content=\"Artisanlocal\" \/>\n<meta property=\"article:modified_time\" content=\"2025-08-26T23:33:45+00:00\" \/>\n<meta property=\"og:image\" content=\"https:\/\/www.artisanlocal.ch\/c\/wp-content\/uploads\/2024\/10\/agent-proprete.jpg\" \/>\n\t<meta property=\"og:image:width\" content=\"1920\" \/>\n\t<meta property=\"og:image:height\" content=\"300\" \/>\n\t<meta property=\"og:image:type\" content=\"image\/jpeg\" \/>\n<meta name=\"twitter:card\" content=\"summary_large_image\" \/>\n<meta name=\"twitter:label1\" content=\"Dur\u00e9e de lecture estim\u00e9e\" \/>\n\t<meta name=\"twitter:data1\" content=\"5 minutes\" \/>\n<script type=\"application\/ld+json\" class=\"yoast-schema-graph\">{\"@context\":\"https:\\\/\\\/schema.org\",\"@graph\":[{\"@type\":\"WebPage\",\"@id\":\"https:\\\/\\\/www.artisanlocal.ch\\\/c\\\/entreprise-de-nettoyage-professionnel-pour-habitation-et-bureau-dentreprise-a-st-maurice\\\/\",\"url\":\"https:\\\/\\\/www.artisanlocal.ch\\\/c\\\/entreprise-de-nettoyage-professionnel-pour-habitation-et-bureau-dentreprise-a-st-maurice\\\/\",\"name\":\"Entreprise de nettoyage professionnel pour habitation et bureau d'entreprise \u00e0 St-Maurice - Artisanlocal\",\"isPartOf\":{\"@id\":\"https:\\\/\\\/www.artisanlocal.ch\\\/c\\\/#website\"},\"primaryImageOfPage\":{\"@id\":\"https:\\\/\\\/www.artisanlocal.ch\\\/c\\\/entreprise-de-nettoyage-professionnel-pour-habitation-et-bureau-dentreprise-a-st-maurice\\\/#primaryimage\"},\"image\":{\"@id\":\"https:\\\/\\\/www.artisanlocal.ch\\\/c\\\/entreprise-de-nettoyage-professionnel-pour-habitation-et-bureau-dentreprise-a-st-maurice\\\/#primaryimage\"},\"thumbnailUrl\":\"https:\\\/\\\/www.artisanlocal.ch\\\/c\\\/wp-content\\\/uploads\\\/2024\\\/10\\\/agent-proprete.jpg\",\"datePublished\":\"2024-04-16T16:38:23+00:00\",\"dateModified\":\"2025-08-26T23:33:45+00:00\",\"breadcrumb\":{\"@id\":\"https:\\\/\\\/www.artisanlocal.ch\\\/c\\\/entreprise-de-nettoyage-professionnel-pour-habitation-et-bureau-dentreprise-a-st-maurice\\\/#breadcrumb\"},\"inLanguage\":\"fr-FR\",\"potentialAction\":[{\"@type\":\"ReadAction\",\"target\":[\"https:\\\/\\\/www.artisanlocal.ch\\\/c\\\/entreprise-de-nettoyage-professionnel-pour-habitation-et-bureau-dentreprise-a-st-maurice\\\/\"]}]},{\"@type\":\"ImageObject\",\"inLanguage\":\"fr-FR\",\"@id\":\"https:\\\/\\\/www.artisanlocal.ch\\\/c\\\/entreprise-de-nettoyage-professionnel-pour-habitation-et-bureau-dentreprise-a-st-maurice\\\/#primaryimage\",\"url\":\"https:\\\/\\\/www.artisanlocal.ch\\\/c\\\/wp-content\\\/uploads\\\/2024\\\/10\\\/agent-proprete.jpg\",\"contentUrl\":\"https:\\\/\\\/www.artisanlocal.ch\\\/c\\\/wp-content\\\/uploads\\\/2024\\\/10\\\/agent-proprete.jpg\",\"width\":1920,\"height\":300},{\"@type\":\"BreadcrumbList\",\"@id\":\"https:\\\/\\\/www.artisanlocal.ch\\\/c\\\/entreprise-de-nettoyage-professionnel-pour-habitation-et-bureau-dentreprise-a-st-maurice\\\/#breadcrumb\",\"itemListElement\":[{\"@type\":\"ListItem\",\"position\":1,\"name\":\"Accueil\",\"item\":\"https:\\\/\\\/www.artisanlocal.ch\\\/c\\\/\"},{\"@type\":\"ListItem\",\"position\":2,\"name\":\"Entreprise de nettoyage professionnel pour habitation et bureau d&rsquo;entreprise \u00e0 St-Maurice\"}]},{\"@type\":\"WebSite\",\"@id\":\"https:\\\/\\\/www.artisanlocal.ch\\\/c\\\/#website\",\"url\":\"https:\\\/\\\/www.artisanlocal.ch\\\/c\\\/\",\"name\":\"Artisanlocal\",\"description\":\"\",\"publisher\":{\"@id\":\"https:\\\/\\\/www.artisanlocal.ch\\\/c\\\/#organization\"},\"potentialAction\":[{\"@type\":\"SearchAction\",\"target\":{\"@type\":\"EntryPoint\",\"urlTemplate\":\"https:\\\/\\\/www.artisanlocal.ch\\\/c\\\/?s={search_term_string}\"},\"query-input\":{\"@type\":\"PropertyValueSpecification\",\"valueRequired\":true,\"valueName\":\"search_term_string\"}}],\"inLanguage\":\"fr-FR\"},{\"@type\":\"Organization\",\"@id\":\"https:\\\/\\\/www.artisanlocal.ch\\\/c\\\/#organization\",\"name\":\"Artisanlocal\",\"url\":\"https:\\\/\\\/www.artisanlocal.ch\\\/c\\\/\",\"logo\":{\"@type\":\"ImageObject\",\"inLanguage\":\"fr-FR\",\"@id\":\"https:\\\/\\\/www.artisanlocal.ch\\\/c\\\/#\\\/schema\\\/logo\\\/image\\\/\",\"url\":\"https:\\\/\\\/www.artisanlocal.ch\\\/c\\\/wp-content\\\/uploads\\\/2024\\\/02\\\/logo-artisanlocal-h.svg\",\"contentUrl\":\"https:\\\/\\\/www.artisanlocal.ch\\\/c\\\/wp-content\\\/uploads\\\/2024\\\/02\\\/logo-artisanlocal-h.svg\",\"caption\":\"Artisanlocal\"},\"image\":{\"@id\":\"https:\\\/\\\/www.artisanlocal.ch\\\/c\\\/#\\\/schema\\\/logo\\\/image\\\/\"}}]}<\/script>\n<!-- \/ Yoast SEO Premium plugin. -->","yoast_head_json":{"title":"Entreprise de nettoyage professionnel pour habitation et bureau d'entreprise \u00e0 St-Maurice - Artisanlocal","robots":{"index":"index","follow":"follow","max-snippet":"max-snippet:-1","max-image-preview":"max-image-preview:large","max-video-preview":"max-video-preview:-1"},"canonical":"https:\/\/www.artisanlocal.ch\/c\/entreprise-de-nettoyage-professionnel-pour-habitation-et-bureau-dentreprise-a-st-maurice\/","og_locale":"fr_FR","og_type":"article","og_title":"Entreprise de nettoyage professionnel pour habitation et bureau d'entreprise \u00e0 St-Maurice","og_description":"Nous offrons un nettoyage complet de votre studio ou de vos locaux commerciaux \u00e0 St-Maurice. Notre entreprise est constitu\u00e9e d&rsquo;experts form\u00e9s aux derni\u00e8res techniques qui s&rsquo;efforcent d&rsquo;apporter \u00e0 nos clients des services de la meilleure qualit\u00e9 possible. Pourquoi choisir notre soci\u00e9t\u00e9 ? Vous avez la possibilit\u00e9 de r\u00e9server un rendez-vous le jour m\u00eame. Nos sp\u00e9cialistes [&hellip;]","og_url":"https:\/\/www.artisanlocal.ch\/c\/entreprise-de-nettoyage-professionnel-pour-habitation-et-bureau-dentreprise-a-st-maurice\/","og_site_name":"Artisanlocal","article_modified_time":"2025-08-26T23:33:45+00:00","og_image":[{"width":1920,"height":300,"url":"https:\/\/www.artisanlocal.ch\/c\/wp-content\/uploads\/2024\/10\/agent-proprete.jpg","type":"image\/jpeg"}],"twitter_card":"summary_large_image","twitter_misc":{"Dur\u00e9e de lecture estim\u00e9e":"5 minutes"},"schema":{"@context":"https:\/\/schema.org","@graph":[{"@type":"WebPage","@id":"https:\/\/www.artisanlocal.ch\/c\/entreprise-de-nettoyage-professionnel-pour-habitation-et-bureau-dentreprise-a-st-maurice\/","url":"https:\/\/www.artisanlocal.ch\/c\/entreprise-de-nettoyage-professionnel-pour-habitation-et-bureau-dentreprise-a-st-maurice\/","name":"Entreprise de nettoyage professionnel pour habitation et bureau d'entreprise \u00e0 St-Maurice - Artisanlocal","isPartOf":{"@id":"https:\/\/www.artisanlocal.ch\/c\/#website"},"primaryImageOfPage":{"@id":"https:\/\/www.artisanlocal.ch\/c\/entreprise-de-nettoyage-professionnel-pour-habitation-et-bureau-dentreprise-a-st-maurice\/#primaryimage"},"image":{"@id":"https:\/\/www.artisanlocal.ch\/c\/entreprise-de-nettoyage-professionnel-pour-habitation-et-bureau-dentreprise-a-st-maurice\/#primaryimage"},"thumbnailUrl":"https:\/\/www.artisanlocal.ch\/c\/wp-content\/uploads\/2024\/10\/agent-proprete.jpg","datePublished":"2024-04-16T16:38:23+00:00","dateModified":"2025-08-26T23:33:45+00:00","breadcrumb":{"@id":"https:\/\/www.artisanlocal.ch\/c\/entreprise-de-nettoyage-professionnel-pour-habitation-et-bureau-dentreprise-a-st-maurice\/#breadcrumb"},"inLanguage":"fr-FR","potentialAction":[{"@type":"ReadAction","target":["https:\/\/www.artisanlocal.ch\/c\/entreprise-de-nettoyage-professionnel-pour-habitation-et-bureau-dentreprise-a-st-maurice\/"]}]},{"@type":"ImageObject","inLanguage":"fr-FR","@id":"https:\/\/www.artisanlocal.ch\/c\/entreprise-de-nettoyage-professionnel-pour-habitation-et-bureau-dentreprise-a-st-maurice\/#primaryimage","url":"https:\/\/www.artisanlocal.ch\/c\/wp-content\/uploads\/2024\/10\/agent-proprete.jpg","contentUrl":"https:\/\/www.artisanlocal.ch\/c\/wp-content\/uploads\/2024\/10\/agent-proprete.jpg","width":1920,"height":300},{"@type":"BreadcrumbList","@id":"https:\/\/www.artisanlocal.ch\/c\/entreprise-de-nettoyage-professionnel-pour-habitation-et-bureau-dentreprise-a-st-maurice\/#breadcrumb","itemListElement":[{"@type":"ListItem","position":1,"name":"Accueil","item":"https:\/\/www.artisanlocal.ch\/c\/"},{"@type":"ListItem","position":2,"name":"Entreprise de nettoyage professionnel pour habitation et bureau d&rsquo;entreprise \u00e0 St-Maurice"}]},{"@type":"WebSite","@id":"https:\/\/www.artisanlocal.ch\/c\/#website","url":"https:\/\/www.artisanlocal.ch\/c\/","name":"Artisanlocal","description":"","publisher":{"@id":"https:\/\/www.artisanlocal.ch\/c\/#organization"},"potentialAction":[{"@type":"SearchAction","target":{"@type":"EntryPoint","urlTemplate":"https:\/\/www.artisanlocal.ch\/c\/?s={search_term_string}"},"query-input":{"@type":"PropertyValueSpecification","valueRequired":true,"valueName":"search_term_string"}}],"inLanguage":"fr-FR"},{"@type":"Organization","@id":"https:\/\/www.artisanlocal.ch\/c\/#organization","name":"Artisanlocal","url":"https:\/\/www.artisanlocal.ch\/c\/","logo":{"@type":"ImageObject","inLanguage":"fr-FR","@id":"https:\/\/www.artisanlocal.ch\/c\/#\/schema\/logo\/image\/","url":"https:\/\/www.artisanlocal.ch\/c\/wp-content\/uploads\/2024\/02\/logo-artisanlocal-h.svg","contentUrl":"https:\/\/www.artisanlocal.ch\/c\/wp-content\/uploads\/2024\/02\/logo-artisanlocal-h.svg","caption":"Artisanlocal"},"image":{"@id":"https:\/\/www.artisanlocal.ch\/c\/#\/schema\/logo\/image\/"}}]}},"_links":{"self":[{"href":"https:\/\/www.artisanlocal.ch\/c\/wp-json\/wp\/v2\/pages\/416","targetHints":{"allow":["GET"]}}],"collection":[{"href":"https:\/\/www.artisanlocal.ch\/c\/wp-json\/wp\/v2\/pages"}],"about":[{"href":"https:\/\/www.artisanlocal.ch\/c\/wp-json\/wp\/v2\/types\/page"}],"author":[{"embeddable":true,"href":"https:\/\/www.artisanlocal.ch\/c\/wp-json\/wp\/v2\/users\/4"}],"replies":[{"embeddable":true,"href":"https:\/\/www.artisanlocal.ch\/c\/wp-json\/wp\/v2\/comments?post=416"}],"version-history":[{"count":0,"href":"https:\/\/www.artisanlocal.ch\/c\/wp-json\/wp\/v2\/pages\/416\/revisions"}],"wp:featuredmedia":[{"embeddable":true,"href":"https:\/\/www.artisanlocal.ch\/c\/wp-json\/wp\/v2\/media\/2754"}],"wp:attachment":[{"href":"https:\/\/www.artisanlocal.ch\/c\/wp-json\/wp\/v2\/media?parent=416"}],"wp:term":[{"taxonomy":"profession","embeddable":true,"href":"https:\/\/www.artisanlocal.ch\/c\/wp-json\/wp\/v2\/profession?post=416"},{"taxonomy":"location","embeddable":true,"href":"https:\/\/www.artisanlocal.ch\/c\/wp-json\/wp\/v2\/location?post=416"},{"taxonomy":"canton","embeddable":true,"href":"https:\/\/www.artisanlocal.ch\/c\/wp-json\/wp\/v2\/canton?post=416"}],"curies":[{"name":"wp","href":"https:\/\/api.w.org\/{rel}","templated":true}]}}