{"id":417,"date":"2024-04-16T18:38:23","date_gmt":"2024-04-16T16:38:23","guid":{"rendered":"https:\/\/www.artisanlocal.ch\/c\/service-de-nettoyage-pour-habitation-et-bureau-dentreprise-a-conthey\/"},"modified":"2025-08-27T01:33:44","modified_gmt":"2025-08-26T23:33:44","slug":"service-de-nettoyage-pour-habitation-et-bureau-dentreprise-a-conthey","status":"publish","type":"page","link":"https:\/\/www.artisanlocal.ch\/c\/service-de-nettoyage-pour-habitation-et-bureau-dentreprise-a-conthey\/","title":{"rendered":"Service de nettoyage pour habitation et bureau d&rsquo;entreprise \u00e0 Conthey"},"content":{"rendered":"<p>Nous sommes une soci\u00e9t\u00e9 \u00e0 Conthey qui offre un entretien d&rsquo;int\u00e9rieur pour les particuliers et les professionnels suisses. Notre \u00e9quipe d&rsquo;experts qualifi\u00e9s s&rsquo;efforce de fournir des services de qualit\u00e9.<\/p>\n\r\n<div class=\"box\">\r\n            <div class=\"company-info\">\r\n            <img decoding=\"async\" class=\"company-info__logo\" src=\"https:\/\/www.artisanlocal.ch\/media\/cache\/thumb\/images\/companies\/649a9b418ae32938908759.png\" alt=\"Logo\">\r\n            <h2 class=\"company-info__name\">Express blanc nettoyage et Services S\u00e0rl<\/h2>\r\n            <p class=\"company-info__business\">Entreprise de Nettoyage - Conciergerie, Entretien d'immeubles - Nettoyage de b\u00e2timents - Nettoyages et entretien - D\u00e9m\u00e9nagements<\/p>\r\n        <\/div>\r\n        <div class=\"company-contact\">\r\n            <p class=\"company-info__address\">Rue des Taillis 3<\/p>\r\n                            <div class=\"links\">\r\n                                            <a class=\"btn has-accent-background-color js-phoneNumber\" href=\"tel:0786655010\" title=\"Appelez\" data-id=\"4850\" data-type=\"11\">078 665 50 10<\/a>\r\n                                                                <a class=\"btn has-accent-background-color\" href=\"https:\/\/www.expressblancnettoyages.ch\/\" target=\"_blank\" title=\"Voir le site internet\" data-id=\"4850\" data-type=\"20\">Site internet<\/a>\r\n                                    <\/div>\r\n                    <\/div>\r\n    \r\n            \r\n<form action=\"https:\/\/www.artisanlocal.ch\/c\/wp-admin\/admin-ajax.php\" method=\"post\" class=\"form-contact\" id=\"artisan_form_contact_company_inline\">\r\n    <div><input type=\"hidden\" name=\"action\" value=\"company_contact\"><\/div>\r\n    <div><input type=\"hidden\" name=\"nonce\" value=\"972bc58192\"><\/div>\r\n    <div><input type=\"hidden\" name=\"company_id\" value=\"4850\"><\/div>\r\n    <div><input type=\"hidden\" name=\"form_id\" value=\"artisan_form_contact_company_inline\"><\/div>\r\n    <div class=\"gglcptch gglcptch_v3 gglcptch_custom\"><input type=\"hidden\" id=\"g-recaptcha-response\" name=\"g-recaptcha-response\" \/><br \/><div class=\"gglcptch_error_text\">La p\u00e9riode de v\u00e9rification reCAPTCHA a expir\u00e9. Veuillez recharger la page.<\/div><\/div>    <div class=\"form-content\">\r\n        <div class=\"form-group\">\r\n            <label for=\"contact_firstName\" class=\"required\">Pr\u00e9nom<\/label>\r\n            <input type=\"text\" name=\"firstName\" class=\"form-control\" required>\r\n        <\/div>\r\n        <div class=\"form-group\">\r\n            <label for=\"contact_lastName\" class=\"required\">Nom<\/label>\r\n            <input type=\"text\" name=\"lastName\" class=\"form-control\" required>\r\n        <\/div>\r\n        <div class=\"form-group\">\r\n            <label for=\"contact_email\" class=\"required\">Email<\/label>\r\n            <input type=\"email\" name=\"email\" class=\"form-control\" required>\r\n        <\/div>\r\n        <div class=\"form-group\">\r\n            <label for=\"contact_phone\" class=\"required\">Num\u00e9ro de t\u00e9l\u00e9phone<\/label>\r\n            <input type=\"tel\" name=\"phone\" class=\"form-control\" placeholder=\"0787117165\" pattern=\"^[0-9]{10}$\" required>\r\n        <\/div>\r\n        <div class=\"form-group\">\r\n            <label for=\"contact_postalCode\" class=\"required\">Code postal et localit\u00e9<\/label>\r\n            <input type=\"text\" name=\"postalCode\" class=\"form-control\" required>\r\n        <\/div>\r\n        <div class=\"form-group\">\r\n            <label for=\"contact_address\" class=\"required\">Adresse<\/label>\r\n            <input type=\"text\" name=\"address\" class=\"form-control\" required>\r\n        <\/div>\r\n        <div class=\"full-width topic\">\r\n            <p class=\"required\">Je souhaite \u00eatre contact\u00e9 pour :<\/p>\r\n            <div class=\"form-check\">\r\n                <input type=\"radio\" name=\"topic\" value=\"D\u00e9pannage\" class=\"form-control\" required>\r\n                <label for=\"d\u00e9pannage\">D\u00e9pannage<\/label>\r\n            <\/div>\r\n            <div class=\"form-check\">\r\n                <input type=\"radio\" name=\"topic\" value=\"Entretien\" class=\"form-control\" required>\r\n                <label for=\"entretien\">Entretien<\/label>\r\n            <\/div>\r\n            <div class=\"form-check\">\r\n                <input type=\"radio\" name=\"topic\" value=\"R\u00e9novation\" class=\"form-control\" required>\r\n                <label for=\"r\u00e9novation\">R\u00e9novation<\/label>\r\n            <\/div>\r\n            <div class=\"form-check\">\r\n                <input type=\"radio\" name=\"topic\" value=\"Autre\" class=\"form-control\" required>\r\n                <label for=\"autre\">Autre<\/label>\r\n            <\/div>\r\n        <\/div>\r\n        <div class=\"form-group full-width\">\r\n            <label for=\"contact_message\">Message<\/label>\r\n            <textarea name=\"message\" rows=\"3\" class=\"form-control\"><\/textarea>\r\n        <\/div>\r\n    <\/div>\r\n    <div class=\"form-actions\">\r\n        <button class=\"wp-block-button__link has-accent-background-color\">Contacter<\/button>\r\n    <\/div>\r\n<\/form>\r\n<div class=\"form-feedback\"><\/div>    <\/div>\n<h2>Quelles sont les raisons de collaborer avec notre soci\u00e9t\u00e9 ?<\/h2>\n<ul>\n<li>Vous pouvez planifier un rendez-vous le jour m\u00eame.<\/li>\n<li>Nous utilisons les derni\u00e8res pratiques de nettoyage.<\/li>\n<li>Nous utilisons des produits \u00e9cologiques.<\/li>\n<li>Nos devis sont gratuits.<\/li>\n<\/ul>\n<h2>Nettoyage professionnel \u00e0 Conthey<\/h2>\n<p>Nous proposons une large gamme de prestations de nettoyage sur mesure pour r\u00e9pondre aux besoins de nos clients.<\/p>\n<p>Si vous avez besoin d&rsquo;un service de nettoyage int\u00e9gral de votre int\u00e9rieur, d&rsquo;un m\u00e9nage ponctuel ou d&rsquo;un service d&rsquo;entretien fr\u00e9quent, notre entreprise est l\u00e0 pour vous. D\u00e9couvrez nos services les plus fr\u00e9quemment r\u00e9alis\u00e9s \u00e0 Conthey et profitez :<\/p>\n<ul>\n<li>D&rsquo;un m\u00e9nage complet apr\u00e8s d\u00e9m\u00e9nagement\/avant emm\u00e9nagement pour les occupants.<\/li>\n<li>D&rsquo;un nettoyage Airbnb.<\/li>\n<li>D&rsquo;un service pour le nettoyage de bureaux et locaux commerciaux.<\/li>\n<li>D&rsquo;un service de nettoyage professionnel apr\u00e8s une r\u00e9novation de logement.<\/li>\n<\/ul>\n<h2>Quelles sont les solutions de nettoyage qu&rsquo;artisanlocal propose\u202f?<\/h2>\n<ul>\n<li>Services de m\u00e9nage pour les conciergeries Airbnb,<\/li>\n<li>service de m\u00e9nage de logements,<\/li>\n<li>nettoyage des \u00e9quipements m\u00e9nagers,<\/li>\n<li>nettoyage de balcon,<\/li>\n<li>services de m\u00e9nage pour les sous-sols,<\/li>\n<li>assainissement des surfaces pour lutter contre les virus,<\/li>\n<li>nettoyage de la vaisselle,<\/li>\n<li>nettoyage et entretien des installations sportives,<\/li>\n<li>lavage des sols,<\/li>\n<li>nettoyage sanitaire en milieu m\u00e9dical,<\/li>\n<li>m\u00e9nage et nettoyage apr\u00e8s un d\u00e9m\u00e9nagement,<\/li>\n<li>nettoyage des espaces de travail,<\/li>\n<li>service de m\u00e9nage apr\u00e8s travaux de r\u00e9novation,<\/li>\n<li>m\u00e9nage de salles de bains,<\/li>\n<li>nettoyage des commerces de proximit\u00e9,<\/li>\n<li>nettoyage des \u00e9coles,<\/li>\n<li>nettoyage de vitres.<\/li>\n<\/ul>\n<h2>Une soci\u00e9t\u00e9 de m\u00e9nage fiable situ\u00e9e en Suisse<\/h2>\n<h3>Entretien et m\u00e9nage d&rsquo;appartement \u00e0 Conthey<\/h3>\n<p>Nous r\u00e9alisons le m\u00e9nage d&rsquo;appartement \u00e0 Conthey, par exemple, nous pouvons nettoyer l&rsquo;int\u00e9rieur de votre appartement, en amont de la remise des cl\u00e9s en fin de bail.<\/p>\n<p>Il faut savoir que si le m\u00e9nage de l&rsquo;appartement n&rsquo;est pas r\u00e9alis\u00e9 correctement, le bailleur peut faire appel \u00e0 une entreprise de nettoyage et garder une part de votre d\u00e9p\u00f4t de garantie.<\/p>\n<p>Les services de m\u00e9nage pour la remise des cl\u00e9s comprennent :<\/p>\n<p>&#8211; L&rsquo;entretien et le nettoyage des espaces : les murs, les sols, les parquets, les moquettes et les carrelages.<\/p>\n<p>&#8211; Nettoyage des vitres et des fen\u00eatres.<\/p>\n<p>&#8211; L&rsquo;entretien et le nettoyage de la salle d&rsquo;eau et des WC.<\/p>\n<p>&#8211; L&rsquo;entretien de l&rsquo;espace de cuisson et du syst\u00e8me d&rsquo;a\u00e9ration du coin cuisine.<\/p>\n<p>&#8211; Le d\u00e9poussi\u00e9rage du mobilier.<\/p>\n<h3>Vous avez besoin d&rsquo;un nettoyage r\u00e9gulier de votre logement?<\/h3>\n<p>Notre soci\u00e9t\u00e9 propose des solutions d&rsquo;entretien adapt\u00e9es \u00e0 vos demandes, avec des interventions hebdomadaires, toutes les deux semaines ou chaque mois.<\/p>\n<h3>Entretien approfondi de votre r\u00e9sidence et de votre appartement \u00e0 Conthey<\/h3>\n<p>Artisanlocal propose des services de nettoyage en profondeur pour votre maison ou studio, en compl\u00e9ment de notre service de nettoyage standard.<\/p>\n<h3>Quels sont les b\u00e9n\u00e9fices de r\u00e9aliser un m\u00e9nage approfondi avec notre soci\u00e9t\u00e9 ?<\/h3>\n<p>Le principal avantage du m\u00e9nage en profondeur est de supprimer la salet\u00e9, la poussi\u00e8re et la crasse qui se sont regroup\u00e9e au fil du temps, ce qui participe \u00e0 un meilleur environnement int\u00e9rieur de votre logement. De plus, un nettoyage approfondi favorise l&rsquo;\u00e9limination des mauvaises odeurs.<\/p>\n<h3>M\u00e9nage de locaux professionnels \u00e0 Conthey<\/h3>\n<p>Pour le m\u00e9nage de vos espaces de travail, comptez sur Artisanlocal. \u00c9conomisez du temps, de l&rsquo;\u00e9nergie gr\u00e2ce \u00e0 nos services ! Nous proposons des prestations de nettoyage \u00e0 l&rsquo;ann\u00e9e qui s&rsquo;adaptera \u00e0 vos besoins et \u00e0 votre budget. Voici les services que nous offrons pour le nettoyage de vos espaces de travail :<\/p>\n<ul>\n<li>Nettoyage de vos tapis et des fen\u00eatres.<\/li>\n<li>Entretien de sofas, de chaises de travail, de divan en tissu ou en cuir.<\/li>\n<li>Enl\u00e8vement des d\u00e9tritus.<\/li>\n<li>\u00c9limination des poussi\u00e8res.<\/li>\n<li>Nettoyage des surfaces au sol et utilisation de l&rsquo;aspirateur.<\/li>\n<\/ul>\n<h3>Service de nettoyage de maison \u00e0 Conthey<\/h3>\n<p>Pour pr\u00e9server l&rsquo;int\u00e9rieur de votre habitation entretenue, il faut r\u00e9aliser un m\u00e9nage quotidien. H\u00e9las, un calendrier surcharg\u00e9 peut rendre cette mission difficile, voire infaisable, confiez \u00e0 notre entreprise le nettoyage de votre r\u00e9sidence.<\/p>\n<h2>Pourquoi solliciter artisanlocal pour r\u00e9aliser le m\u00e9nage des r\u00e9sidences \u00e0 Conthey ?<\/h2>\n<p>Si vous \u00eates un Contheysan, vous avez potentiellement des probl\u00e8mes \u00e0 maintenir votre int\u00e9rieur propre et en ordre. Nos solutions sont adapt\u00e9es aux habitants de Conthey. Avec notre entreprise, vous avez la possibilit\u00e9 de :<\/p>\n<h3>Mieux organiser l&rsquo;int\u00e9rieur de votre habitation<\/h3>\n<p>Un habitat en d\u00e9sordre peut \u00eatre une cause de difficult\u00e9s dans votre quotidien (perte de temps, discordes avec son conjoint, etc.). Notre entreprise Artisanlocal propose des prestations de m\u00e9nage pour les appartements et les maisons. Dans le but de :<\/p>\n<h3>Mettre en place un cadre plus accueillant<\/h3>\n<p>Effectivement, une r\u00e9sidence bien rang\u00e9e permet \u00e0 vos invit\u00e9s de vous sentir plus \u00e0 l&rsquo;aise.<\/p>\n<h3>Vivre en bonne sant\u00e9 et heureux<\/h3>\n<p>La concentration de poussi\u00e8re et de salet\u00e9 dans votre habitation peut engendrer des risques pour votre \u00e9tat de sant\u00e9, et entra\u00eener des r\u00e9actions allergiques ou augmenter celles qui sont d\u00e9j\u00e0 pr\u00e9sentes. En faisant appel \u00e0 une soci\u00e9t\u00e9 de m\u00e9nage, vous r\u00e9duisez les allerg\u00e8nes.<\/p>\n<h3>Optimiser la disposition globale de votre r\u00e9sidence<\/h3>\n<p>Il est courant que l&rsquo;espace int\u00e9rieur des propri\u00e9t\u00e9s soit mal organis\u00e9, ce qui peut rendre difficile la vie de tous les jours. Notre service de nettoyage peut s&rsquo;av\u00e9rer utile pour conserver votre int\u00e9rieur en ordre. De plus, nous pouvons aussi op\u00e9rer \u00e0 : Sion, Chamoson, Grugnay (Chamoson), Les V\u00e9rines (Chamoson), N\u00e9miaz (Chamoson), St-Pierre-de-Clages, Ardon, St-L\u00e9onard, Uvrier, Vernami\u00e8ge, Pont-de-la-Morge (Sion), V\u00e9troz, Savi\u00e8se, Bramois, Mase, Eison (St-Martin), Liez (St-Martin), St-Martin VS, Suen (St-Martin), Trogne (St-Martin), Champlan (Grimisuat), Grimisuat, Nax, Arbaz, St-S\u00e9verin, Aven, Daillon, Erde, Vex, Euseigne, Evol\u00e8ne, Lanna, La Tour VS, Les Haud\u00e8res, La Forclaz VS, La Sage, Villa (Evol\u00e8ne), Arolla, H\u00e9r\u00e9mence, Les Collons, Thyon, Arvillard (Salins), Mis\u00e9riez (Salins), Pravidondaz (Salins), Salins, Turin (Salins), Cr\u00eate-\u00e0-l'Oeil (Les Agettes), La Vernaz (Les Agettes), Les Agettes, Les Mayens-de-Sion, Cl\u00e8bes (Nendaz), Veysonnaz, Aproz (Nendaz), Baar (Nendaz), Basse-Nendaz, Beuson (Nendaz), Bieudron (Nendaz), Brignon (Nendaz), Cond\u00e9mines (Nendaz), Fey (Nendaz), Saclentse, Haute-Nendaz, Siviez (Nendaz), Sornard (Nendaz).<\/p>\n","protected":false},"excerpt":{"rendered":"<p>Nous sommes une soci\u00e9t\u00e9 \u00e0 Conthey qui offre un entretien d&rsquo;int\u00e9rieur pour les particuliers et les professionnels suisses. Notre \u00e9quipe d&rsquo;experts qualifi\u00e9s s&rsquo;efforce de fournir des services de qualit\u00e9. Quelles sont les raisons de collaborer avec notre soci\u00e9t\u00e9 ? Vous pouvez planifier un rendez-vous le jour m\u00eame. Nous utilisons les derni\u00e8res pratiques de nettoyage. Nous [&hellip;]<\/p>\n","protected":false},"author":4,"featured_media":2754,"parent":0,"menu_order":0,"comment_status":"closed","ping_status":"closed","template":"","meta":{"footnotes":""},"profession":[108],"location":[26],"canton":[110],"class_list":["post-417","page","type-page","status-publish","has-post-thumbnail","hentry","profession-agent-de-proprete","location-conthey","canton-vs"],"yoast_head":"<!-- This site is optimized with the Yoast SEO Premium plugin v25.7.1 (Yoast SEO v27.4) - https:\/\/yoast.com\/product\/yoast-seo-premium-wordpress\/ -->\n<title>Service de nettoyage pour habitation et bureau d&#039;entreprise \u00e0 Conthey - Artisanlocal<\/title>\n<meta name=\"robots\" content=\"index, follow, max-snippet:-1, max-image-preview:large, max-video-preview:-1\" \/>\n<link rel=\"canonical\" href=\"https:\/\/www.artisanlocal.ch\/c\/service-de-nettoyage-pour-habitation-et-bureau-dentreprise-a-conthey\/\" \/>\n<meta property=\"og:locale\" content=\"fr_FR\" \/>\n<meta property=\"og:type\" content=\"article\" \/>\n<meta property=\"og:title\" content=\"Service de nettoyage pour habitation et bureau d&#039;entreprise \u00e0 Conthey\" \/>\n<meta property=\"og:description\" content=\"Nous sommes une soci\u00e9t\u00e9 \u00e0 Conthey qui offre un entretien d&rsquo;int\u00e9rieur pour les particuliers et les professionnels suisses. Notre \u00e9quipe d&rsquo;experts qualifi\u00e9s s&rsquo;efforce de fournir des services de qualit\u00e9. Quelles sont les raisons de collaborer avec notre soci\u00e9t\u00e9 ? Vous pouvez planifier un rendez-vous le jour m\u00eame. Nous utilisons les derni\u00e8res pratiques de nettoyage. Nous [&hellip;]\" \/>\n<meta property=\"og:url\" content=\"https:\/\/www.artisanlocal.ch\/c\/service-de-nettoyage-pour-habitation-et-bureau-dentreprise-a-conthey\/\" \/>\n<meta property=\"og:site_name\" content=\"Artisanlocal\" \/>\n<meta property=\"article:modified_time\" content=\"2025-08-26T23:33:44+00:00\" \/>\n<meta property=\"og:image\" content=\"https:\/\/www.artisanlocal.ch\/c\/wp-content\/uploads\/2024\/10\/agent-proprete.jpg\" \/>\n\t<meta property=\"og:image:width\" content=\"1920\" \/>\n\t<meta property=\"og:image:height\" content=\"300\" \/>\n\t<meta property=\"og:image:type\" content=\"image\/jpeg\" \/>\n<meta name=\"twitter:card\" content=\"summary_large_image\" \/>\n<meta name=\"twitter:label1\" content=\"Dur\u00e9e de lecture estim\u00e9e\" \/>\n\t<meta name=\"twitter:data1\" content=\"5 minutes\" \/>\n<script type=\"application\/ld+json\" class=\"yoast-schema-graph\">{\"@context\":\"https:\\\/\\\/schema.org\",\"@graph\":[{\"@type\":\"WebPage\",\"@id\":\"https:\\\/\\\/www.artisanlocal.ch\\\/c\\\/service-de-nettoyage-pour-habitation-et-bureau-dentreprise-a-conthey\\\/\",\"url\":\"https:\\\/\\\/www.artisanlocal.ch\\\/c\\\/service-de-nettoyage-pour-habitation-et-bureau-dentreprise-a-conthey\\\/\",\"name\":\"Service de nettoyage pour habitation et bureau d'entreprise \u00e0 Conthey - Artisanlocal\",\"isPartOf\":{\"@id\":\"https:\\\/\\\/www.artisanlocal.ch\\\/c\\\/#website\"},\"primaryImageOfPage\":{\"@id\":\"https:\\\/\\\/www.artisanlocal.ch\\\/c\\\/service-de-nettoyage-pour-habitation-et-bureau-dentreprise-a-conthey\\\/#primaryimage\"},\"image\":{\"@id\":\"https:\\\/\\\/www.artisanlocal.ch\\\/c\\\/service-de-nettoyage-pour-habitation-et-bureau-dentreprise-a-conthey\\\/#primaryimage\"},\"thumbnailUrl\":\"https:\\\/\\\/www.artisanlocal.ch\\\/c\\\/wp-content\\\/uploads\\\/2024\\\/10\\\/agent-proprete.jpg\",\"datePublished\":\"2024-04-16T16:38:23+00:00\",\"dateModified\":\"2025-08-26T23:33:44+00:00\",\"breadcrumb\":{\"@id\":\"https:\\\/\\\/www.artisanlocal.ch\\\/c\\\/service-de-nettoyage-pour-habitation-et-bureau-dentreprise-a-conthey\\\/#breadcrumb\"},\"inLanguage\":\"fr-FR\",\"potentialAction\":[{\"@type\":\"ReadAction\",\"target\":[\"https:\\\/\\\/www.artisanlocal.ch\\\/c\\\/service-de-nettoyage-pour-habitation-et-bureau-dentreprise-a-conthey\\\/\"]}]},{\"@type\":\"ImageObject\",\"inLanguage\":\"fr-FR\",\"@id\":\"https:\\\/\\\/www.artisanlocal.ch\\\/c\\\/service-de-nettoyage-pour-habitation-et-bureau-dentreprise-a-conthey\\\/#primaryimage\",\"url\":\"https:\\\/\\\/www.artisanlocal.ch\\\/c\\\/wp-content\\\/uploads\\\/2024\\\/10\\\/agent-proprete.jpg\",\"contentUrl\":\"https:\\\/\\\/www.artisanlocal.ch\\\/c\\\/wp-content\\\/uploads\\\/2024\\\/10\\\/agent-proprete.jpg\",\"width\":1920,\"height\":300},{\"@type\":\"BreadcrumbList\",\"@id\":\"https:\\\/\\\/www.artisanlocal.ch\\\/c\\\/service-de-nettoyage-pour-habitation-et-bureau-dentreprise-a-conthey\\\/#breadcrumb\",\"itemListElement\":[{\"@type\":\"ListItem\",\"position\":1,\"name\":\"Accueil\",\"item\":\"https:\\\/\\\/www.artisanlocal.ch\\\/c\\\/\"},{\"@type\":\"ListItem\",\"position\":2,\"name\":\"Service de nettoyage pour habitation et bureau d&rsquo;entreprise \u00e0 Conthey\"}]},{\"@type\":\"WebSite\",\"@id\":\"https:\\\/\\\/www.artisanlocal.ch\\\/c\\\/#website\",\"url\":\"https:\\\/\\\/www.artisanlocal.ch\\\/c\\\/\",\"name\":\"Artisanlocal\",\"description\":\"\",\"publisher\":{\"@id\":\"https:\\\/\\\/www.artisanlocal.ch\\\/c\\\/#organization\"},\"potentialAction\":[{\"@type\":\"SearchAction\",\"target\":{\"@type\":\"EntryPoint\",\"urlTemplate\":\"https:\\\/\\\/www.artisanlocal.ch\\\/c\\\/?s={search_term_string}\"},\"query-input\":{\"@type\":\"PropertyValueSpecification\",\"valueRequired\":true,\"valueName\":\"search_term_string\"}}],\"inLanguage\":\"fr-FR\"},{\"@type\":\"Organization\",\"@id\":\"https:\\\/\\\/www.artisanlocal.ch\\\/c\\\/#organization\",\"name\":\"Artisanlocal\",\"url\":\"https:\\\/\\\/www.artisanlocal.ch\\\/c\\\/\",\"logo\":{\"@type\":\"ImageObject\",\"inLanguage\":\"fr-FR\",\"@id\":\"https:\\\/\\\/www.artisanlocal.ch\\\/c\\\/#\\\/schema\\\/logo\\\/image\\\/\",\"url\":\"https:\\\/\\\/www.artisanlocal.ch\\\/c\\\/wp-content\\\/uploads\\\/2024\\\/02\\\/logo-artisanlocal-h.svg\",\"contentUrl\":\"https:\\\/\\\/www.artisanlocal.ch\\\/c\\\/wp-content\\\/uploads\\\/2024\\\/02\\\/logo-artisanlocal-h.svg\",\"caption\":\"Artisanlocal\"},\"image\":{\"@id\":\"https:\\\/\\\/www.artisanlocal.ch\\\/c\\\/#\\\/schema\\\/logo\\\/image\\\/\"}}]}<\/script>\n<!-- \/ Yoast SEO Premium plugin. -->","yoast_head_json":{"title":"Service de nettoyage pour habitation et bureau d'entreprise \u00e0 Conthey - Artisanlocal","robots":{"index":"index","follow":"follow","max-snippet":"max-snippet:-1","max-image-preview":"max-image-preview:large","max-video-preview":"max-video-preview:-1"},"canonical":"https:\/\/www.artisanlocal.ch\/c\/service-de-nettoyage-pour-habitation-et-bureau-dentreprise-a-conthey\/","og_locale":"fr_FR","og_type":"article","og_title":"Service de nettoyage pour habitation et bureau d'entreprise \u00e0 Conthey","og_description":"Nous sommes une soci\u00e9t\u00e9 \u00e0 Conthey qui offre un entretien d&rsquo;int\u00e9rieur pour les particuliers et les professionnels suisses. Notre \u00e9quipe d&rsquo;experts qualifi\u00e9s s&rsquo;efforce de fournir des services de qualit\u00e9. Quelles sont les raisons de collaborer avec notre soci\u00e9t\u00e9 ? Vous pouvez planifier un rendez-vous le jour m\u00eame. Nous utilisons les derni\u00e8res pratiques de nettoyage. Nous [&hellip;]","og_url":"https:\/\/www.artisanlocal.ch\/c\/service-de-nettoyage-pour-habitation-et-bureau-dentreprise-a-conthey\/","og_site_name":"Artisanlocal","article_modified_time":"2025-08-26T23:33:44+00:00","og_image":[{"width":1920,"height":300,"url":"https:\/\/www.artisanlocal.ch\/c\/wp-content\/uploads\/2024\/10\/agent-proprete.jpg","type":"image\/jpeg"}],"twitter_card":"summary_large_image","twitter_misc":{"Dur\u00e9e de lecture estim\u00e9e":"5 minutes"},"schema":{"@context":"https:\/\/schema.org","@graph":[{"@type":"WebPage","@id":"https:\/\/www.artisanlocal.ch\/c\/service-de-nettoyage-pour-habitation-et-bureau-dentreprise-a-conthey\/","url":"https:\/\/www.artisanlocal.ch\/c\/service-de-nettoyage-pour-habitation-et-bureau-dentreprise-a-conthey\/","name":"Service de nettoyage pour habitation et bureau d'entreprise \u00e0 Conthey - Artisanlocal","isPartOf":{"@id":"https:\/\/www.artisanlocal.ch\/c\/#website"},"primaryImageOfPage":{"@id":"https:\/\/www.artisanlocal.ch\/c\/service-de-nettoyage-pour-habitation-et-bureau-dentreprise-a-conthey\/#primaryimage"},"image":{"@id":"https:\/\/www.artisanlocal.ch\/c\/service-de-nettoyage-pour-habitation-et-bureau-dentreprise-a-conthey\/#primaryimage"},"thumbnailUrl":"https:\/\/www.artisanlocal.ch\/c\/wp-content\/uploads\/2024\/10\/agent-proprete.jpg","datePublished":"2024-04-16T16:38:23+00:00","dateModified":"2025-08-26T23:33:44+00:00","breadcrumb":{"@id":"https:\/\/www.artisanlocal.ch\/c\/service-de-nettoyage-pour-habitation-et-bureau-dentreprise-a-conthey\/#breadcrumb"},"inLanguage":"fr-FR","potentialAction":[{"@type":"ReadAction","target":["https:\/\/www.artisanlocal.ch\/c\/service-de-nettoyage-pour-habitation-et-bureau-dentreprise-a-conthey\/"]}]},{"@type":"ImageObject","inLanguage":"fr-FR","@id":"https:\/\/www.artisanlocal.ch\/c\/service-de-nettoyage-pour-habitation-et-bureau-dentreprise-a-conthey\/#primaryimage","url":"https:\/\/www.artisanlocal.ch\/c\/wp-content\/uploads\/2024\/10\/agent-proprete.jpg","contentUrl":"https:\/\/www.artisanlocal.ch\/c\/wp-content\/uploads\/2024\/10\/agent-proprete.jpg","width":1920,"height":300},{"@type":"BreadcrumbList","@id":"https:\/\/www.artisanlocal.ch\/c\/service-de-nettoyage-pour-habitation-et-bureau-dentreprise-a-conthey\/#breadcrumb","itemListElement":[{"@type":"ListItem","position":1,"name":"Accueil","item":"https:\/\/www.artisanlocal.ch\/c\/"},{"@type":"ListItem","position":2,"name":"Service de nettoyage pour habitation et bureau d&rsquo;entreprise \u00e0 Conthey"}]},{"@type":"WebSite","@id":"https:\/\/www.artisanlocal.ch\/c\/#website","url":"https:\/\/www.artisanlocal.ch\/c\/","name":"Artisanlocal","description":"","publisher":{"@id":"https:\/\/www.artisanlocal.ch\/c\/#organization"},"potentialAction":[{"@type":"SearchAction","target":{"@type":"EntryPoint","urlTemplate":"https:\/\/www.artisanlocal.ch\/c\/?s={search_term_string}"},"query-input":{"@type":"PropertyValueSpecification","valueRequired":true,"valueName":"search_term_string"}}],"inLanguage":"fr-FR"},{"@type":"Organization","@id":"https:\/\/www.artisanlocal.ch\/c\/#organization","name":"Artisanlocal","url":"https:\/\/www.artisanlocal.ch\/c\/","logo":{"@type":"ImageObject","inLanguage":"fr-FR","@id":"https:\/\/www.artisanlocal.ch\/c\/#\/schema\/logo\/image\/","url":"https:\/\/www.artisanlocal.ch\/c\/wp-content\/uploads\/2024\/02\/logo-artisanlocal-h.svg","contentUrl":"https:\/\/www.artisanlocal.ch\/c\/wp-content\/uploads\/2024\/02\/logo-artisanlocal-h.svg","caption":"Artisanlocal"},"image":{"@id":"https:\/\/www.artisanlocal.ch\/c\/#\/schema\/logo\/image\/"}}]}},"_links":{"self":[{"href":"https:\/\/www.artisanlocal.ch\/c\/wp-json\/wp\/v2\/pages\/417","targetHints":{"allow":["GET"]}}],"collection":[{"href":"https:\/\/www.artisanlocal.ch\/c\/wp-json\/wp\/v2\/pages"}],"about":[{"href":"https:\/\/www.artisanlocal.ch\/c\/wp-json\/wp\/v2\/types\/page"}],"author":[{"embeddable":true,"href":"https:\/\/www.artisanlocal.ch\/c\/wp-json\/wp\/v2\/users\/4"}],"replies":[{"embeddable":true,"href":"https:\/\/www.artisanlocal.ch\/c\/wp-json\/wp\/v2\/comments?post=417"}],"version-history":[{"count":0,"href":"https:\/\/www.artisanlocal.ch\/c\/wp-json\/wp\/v2\/pages\/417\/revisions"}],"wp:featuredmedia":[{"embeddable":true,"href":"https:\/\/www.artisanlocal.ch\/c\/wp-json\/wp\/v2\/media\/2754"}],"wp:attachment":[{"href":"https:\/\/www.artisanlocal.ch\/c\/wp-json\/wp\/v2\/media?parent=417"}],"wp:term":[{"taxonomy":"profession","embeddable":true,"href":"https:\/\/www.artisanlocal.ch\/c\/wp-json\/wp\/v2\/profession?post=417"},{"taxonomy":"location","embeddable":true,"href":"https:\/\/www.artisanlocal.ch\/c\/wp-json\/wp\/v2\/location?post=417"},{"taxonomy":"canton","embeddable":true,"href":"https:\/\/www.artisanlocal.ch\/c\/wp-json\/wp\/v2\/canton?post=417"}],"curies":[{"name":"wp","href":"https:\/\/api.w.org\/{rel}","templated":true}]}}