{"id":422,"date":"2024-04-16T18:38:23","date_gmt":"2024-04-16T16:38:23","guid":{"rendered":"https:\/\/www.artisanlocal.ch\/c\/nettoyage-de-bureaux-et-de-logements-a-boudry\/"},"modified":"2025-08-27T01:33:41","modified_gmt":"2025-08-26T23:33:41","slug":"nettoyage-de-bureaux-et-de-logements-a-boudry","status":"publish","type":"page","link":"https:\/\/www.artisanlocal.ch\/c\/nettoyage-de-bureaux-et-de-logements-a-boudry\/","title":{"rendered":"Entreprise de nettoyage \u00e0 Boudry"},"content":{"rendered":"<p>Besoin d&rsquo;une entreprise de nettoyage \u00e0 Boudry pour nettoyer l&rsquo;int\u00e9rieur de votre maison ou de vos locaux ? Fait appel \u00e0 Artisanlocal, nos techniciens r\u00e9alisent vos t\u00e2ches m\u00e9nag\u00e8res.<br \/>\n\r\n<div class=\"box\">\r\n            <div class=\"company-info\">\r\n            <img decoding=\"async\" class=\"company-info__logo\" src=\"https:\/\/www.artisanlocal.ch\/media\/cache\/thumb\/images\/companies\/692d8be6f0dcb273783946.png\" alt=\"Logo\">\r\n            <h2 class=\"company-info__name\">Prestige Services MJ<\/h2>\r\n            <p class=\"company-info__business\">Entreprise de nettoyage - Nettoyage fin de chantier \/ bail - Conciergerie - Multiservices<\/p>\r\n        <\/div>\r\n        <div class=\"company-contact\">\r\n            <p class=\"company-info__address\">Les Quarres 1<\/p>\r\n                            <div class=\"links\">\r\n                                            <a class=\"btn has-accent-background-color js-phoneNumber\" href=\"tel:0782220424\" title=\"Appelez\" data-id=\"38843\" data-type=\"11\">078 222 04 24<\/a>\r\n                                                        <\/div>\r\n                    <\/div>\r\n    \r\n            \r\n<form action=\"https:\/\/www.artisanlocal.ch\/c\/wp-admin\/admin-ajax.php\" method=\"post\" class=\"form-contact\" id=\"artisan_form_contact_company_inline\">\r\n    <div><input type=\"hidden\" name=\"action\" value=\"company_contact\"><\/div>\r\n    <div><input type=\"hidden\" name=\"nonce\" value=\"972bc58192\"><\/div>\r\n    <div><input type=\"hidden\" name=\"company_id\" value=\"38843\"><\/div>\r\n    <div><input type=\"hidden\" name=\"form_id\" value=\"artisan_form_contact_company_inline\"><\/div>\r\n    <div class=\"gglcptch gglcptch_v3 gglcptch_custom\"><input type=\"hidden\" id=\"g-recaptcha-response\" name=\"g-recaptcha-response\" \/><br \/><div class=\"gglcptch_error_text\">La p\u00e9riode de v\u00e9rification reCAPTCHA a expir\u00e9. Veuillez recharger la page.<\/div><\/div>    <div class=\"form-content\">\r\n        <div class=\"form-group\">\r\n            <label for=\"contact_firstName\" class=\"required\">Pr\u00e9nom<\/label>\r\n            <input type=\"text\" name=\"firstName\" class=\"form-control\" required>\r\n        <\/div>\r\n        <div class=\"form-group\">\r\n            <label for=\"contact_lastName\" class=\"required\">Nom<\/label>\r\n            <input type=\"text\" name=\"lastName\" class=\"form-control\" required>\r\n        <\/div>\r\n        <div class=\"form-group\">\r\n            <label for=\"contact_email\" class=\"required\">Email<\/label>\r\n            <input type=\"email\" name=\"email\" class=\"form-control\" required>\r\n        <\/div>\r\n        <div class=\"form-group\">\r\n            <label for=\"contact_phone\" class=\"required\">Num\u00e9ro de t\u00e9l\u00e9phone<\/label>\r\n            <input type=\"tel\" name=\"phone\" class=\"form-control\" placeholder=\"0787117165\" pattern=\"^[0-9]{10}$\" required>\r\n        <\/div>\r\n        <div class=\"form-group\">\r\n            <label for=\"contact_postalCode\" class=\"required\">Code postal et localit\u00e9<\/label>\r\n            <input type=\"text\" name=\"postalCode\" class=\"form-control\" required>\r\n        <\/div>\r\n        <div class=\"form-group\">\r\n            <label for=\"contact_address\" class=\"required\">Adresse<\/label>\r\n            <input type=\"text\" name=\"address\" class=\"form-control\" required>\r\n        <\/div>\r\n        <div class=\"full-width topic\">\r\n            <p class=\"required\">Je souhaite \u00eatre contact\u00e9 pour :<\/p>\r\n            <div class=\"form-check\">\r\n                <input type=\"radio\" name=\"topic\" value=\"D\u00e9pannage\" class=\"form-control\" required>\r\n                <label for=\"d\u00e9pannage\">D\u00e9pannage<\/label>\r\n            <\/div>\r\n            <div class=\"form-check\">\r\n                <input type=\"radio\" name=\"topic\" value=\"Entretien\" class=\"form-control\" required>\r\n                <label for=\"entretien\">Entretien<\/label>\r\n            <\/div>\r\n            <div class=\"form-check\">\r\n                <input type=\"radio\" name=\"topic\" value=\"R\u00e9novation\" class=\"form-control\" required>\r\n                <label for=\"r\u00e9novation\">R\u00e9novation<\/label>\r\n            <\/div>\r\n            <div class=\"form-check\">\r\n                <input type=\"radio\" name=\"topic\" value=\"Autre\" class=\"form-control\" required>\r\n                <label for=\"autre\">Autre<\/label>\r\n            <\/div>\r\n        <\/div>\r\n        <div class=\"form-group full-width\">\r\n            <label for=\"contact_message\">Message<\/label>\r\n            <textarea name=\"message\" rows=\"3\" class=\"form-control\"><\/textarea>\r\n        <\/div>\r\n    <\/div>\r\n    <div class=\"form-actions\">\r\n        <button class=\"wp-block-button__link has-accent-background-color\">Contacter<\/button>\r\n    <\/div>\r\n<\/form>\r\n<div class=\"form-feedback\"><\/div>    <\/div><\/p>\n<h2>Pourquoi travailler avec notre entreprise ?<\/h2>\n<ul>\n<li>Nos techniciens de surfaces sont tous form\u00e9s avec les derni\u00e8res techniques.<\/li>\n<li>Notre service de nettoyage est r\u00e9alis\u00e9 avec des produits respectueux de l&rsquo;environnement.<\/li>\n<li>Nos devis sont gratuits.<\/li>\n<\/ul>\n<h2>Services de nettoyage \u00e0 Boudry<\/h2>\n<p>Nous proposons des services de m\u00e9nage pour r\u00e9pondre aux attentes de chacun de nos clients.<\/p>\n<p>Qu&rsquo;il s&rsquo;agisse d&rsquo;un nettoyage approfondi, ou d&rsquo;un nettoyage ponctuel, nous r\u00e9alisons des prestations sur mesure, voici les prestations que nous pratiquons le plus fr\u00e9quemment \u00e0 Boudry :<\/p>\n<ul>\n<li>M\u00e9nage avant emm\u00e9nagement\/apr\u00e8s d\u00e9m\u00e9nagement pour les locataires.<\/li>\n<li>Nettoyage d&rsquo;h\u00e9bergements Airbnb.<\/li>\n<li>Nettoyage de bureaux et locaux commerciaux.<\/li>\n<li>Nettoyage apr\u00e8s une r\u00e9novation de logement.<\/li>\n<\/ul>\n<h2>Quelles sont les solutions d&rsquo;entretien d&rsquo;Artisanlocal\u202f?<\/h2>\n<ul>\n<li>Services de m\u00e9nage pour les conciergeries Airbnb,<\/li>\n<li>service de m\u00e9nage et de nettoyage de logements,<\/li>\n<li>entretien des \u00e9quipements m\u00e9nagers,<\/li>\n<li>nettoyage de terrasse,<\/li>\n<li>services de m\u00e9nage pour les caves,<\/li>\n<li>assainissement des surfaces pour lutter contre les agents pathog\u00e8nes,<\/li>\n<li>nettoyage de la vaisselle,<\/li>\n<li>nettoyage et entretien des installations sportives,<\/li>\n<li>lavage des sols,<\/li>\n<li>nettoyage des h\u00f4pitaux,<\/li>\n<li>m\u00e9nage et nettoyage apr\u00e8s un changement de domicile,<\/li>\n<li>nettoyage de bureaux,<\/li>\n<li>nettoyage apr\u00e8s travaux de r\u00e9novation,<\/li>\n<li>m\u00e9nage de salles de bains,<\/li>\n<li>nettoyage des petits commerces,<\/li>\n<li>nettoyage des \u00e9coles,<\/li>\n<li>lavage de vitres.<\/li>\n<\/ul>\n<h2>Une entreprise de confiance en Suisse<\/h2>\n<h3>M\u00e9nage complet d&rsquo;appartement \u00e0 Boudry<\/h3>\n<p>Si vous habitez \u00e0 Boudry, nous pouvons effectuer le m\u00e9nage de votre studio en amont de votre \u00e9tat des lieux.<\/p>\n<p>Il est essentiel de savoir que si le nettoyage de l&rsquo;appartement n&rsquo;est pas effectu\u00e9 correctement, le propri\u00e9taire peut demander l&rsquo;intervention d&rsquo;une soci\u00e9t\u00e9 de nettoyage et retenir une partie de votre caution.<\/p>\n<p>Le m\u00e9nage avant l&rsquo;\u00e9tat des lieux comprend habituellement :<\/p>\n<p>&#8211; L&rsquo;entretien des surfaces : carrelages, sols, parquets, murs et moquettes.<\/p>\n<p>&#8211; Nettoyage des fen\u00eatres et des vitres.<\/p>\n<p>&#8211; Nettoyage de la salle de bains et des w.c.<\/p>\n<p>&#8211; Le nettoyage de l&rsquo;espace de cuisson et du syst\u00e8me d&rsquo;a\u00e9ration du coin cuisine.<\/p>\n<p>&#8211; Le d\u00e9poussi\u00e9rage des meubles.<\/p>\n<h3>Vous avez besoin d&rsquo;un service de nettoyage p\u00e9riodique de votre logement\u202f?<\/h3>\n<p>Artisanlocal, vous propose des services de nettoyage sur mesure, adapt\u00e9s \u00e0 toutes vos demandes, nous pouvons intervenir chez vous p\u00e9riodiquement, ou plus r\u00e9guli\u00e8rement en fonction de vos demandes.<\/p>\n<h3>Nettoyage approfondi de votre villa et de votre studio \u00e0 Boudry<\/h3>\n<p>Artisanlocal propose aussi des services de nettoyage complet pour votre appartement ou maison, en plus de notre service de nettoyage standard.<\/p>\n<h3>Quels sont les b\u00e9n\u00e9fices d\u2019un entretien approfondi avec Artisanlocal ?<\/h3>\n<p>Le principal avantage du nettoyage en profondeur est d&rsquo;\u00e9liminer les particules, les salet\u00e9s et les salissures qui se sont regroup\u00e9es progressivement, ce qui contribue \u00e0 am\u00e9liorer la qualit\u00e9 de l&rsquo;air int\u00e9rieur. De plus, un entretien approfondi permet aussi d&rsquo;\u00e9liminer efficacement les odeurs d\u00e9sagr\u00e9ables pr\u00e9sentes.<\/p>\n<h3>M\u00e9nage de locaux professionnels \u00e0 Boudry<\/h3>\n<p>S&rsquo;adresser \u00e0 Artisanlocal pour le nettoyage de vos locaux professionnels est la solution la plus simple. Avec nous, vous ferez des \u00e9conomies de temps et d&rsquo;\u00e9nergie ! En effet, nos prestations s&rsquo;ajusteront \u00e0 vos exigences et \u00e0 votre budget. Voici les prestations que nous proposons le plus souvent pour le m\u00e9nage de vos bureaux :<\/p>\n<ul>\n<li>Nettoyage de vos tapis et des vitres.<\/li>\n<li>Service d&rsquo;entretien des mobiliers de bureau en cuir ou tissu (des canap\u00e9s, des bureaux et des si\u00e8ges).<\/li>\n<li>Enl\u00e8vement des poubelles.<\/li>\n<li>Nettoyage des amas de poussi\u00e8re.<\/li>\n<li>D\u00e9poussi\u00e9rage de vos meubles.<\/li>\n<li>Assainissement et lavage de vos sols.<\/li>\n<\/ul>\n<h3>Entreprise de nettoyage pour votre villa \u00e0 Boudry<\/h3>\n<p>Pour garantir que votre propri\u00e9t\u00e9 reste tout le temps propre, un nettoyage quotidien doit faire partie de votre routine. De nos jours, la majorit\u00e9 des Suisses ont emploi du temps charg\u00e9 et cela rend difficile la r\u00e9alisation des t\u00e2ches m\u00e9nag\u00e8res, c&rsquo;est l\u00e0 que notre soci\u00e9t\u00e9 peut vous seconder.<\/p>\n<h2>Pourquoi faire appel \u00e0 une entreprise de m\u00e9nage des r\u00e9sidences \u00e0 Boudry ?<\/h2>\n<h3>Mieux g\u00e9rer votre espace<\/h3>\n<p>Un studio en d\u00e9sordre peut \u00eatre une cause de difficult\u00e9s dans votre quotidien (perte de temps, discordes avec son conjoint, etc.). Artisanlocal offre des services de m\u00e9nage pour votre propri\u00e9t\u00e9 de mani\u00e8re \u00e0 mieux ranger votre espace.<\/p>\n<h3>Cr\u00e9er une ambiance plus confortable<\/h3>\n<p>Avoir une r\u00e9sidence propre et bien rang\u00e9e, vous permet ainsi qu&rsquo;a vos invit\u00e9s de vous sentir plus \u00e0 l&rsquo;aise.<\/p>\n<h3>Vivre en bonne sant\u00e9 et content<\/h3>\n<p>Laisser la salet\u00e9 et la poussi\u00e8re s&rsquo;entasser dans votre maison peut pr\u00e9senter des risques pour la sant\u00e9, comme activer des r\u00e9actions allergiques ou intensifier celles d\u00e9j\u00e0 existantes. En faisant appel \u00e0 nos services de nettoyage, vous diminuez les risques d&rsquo;allergies.<\/p>\n<h3>Optimiser l&rsquo;organisation g\u00e9n\u00e9rale de votre habitation<\/h3>\n<p>Un int\u00e9rieur en pagaille peut vous rendre la vie difficile. En optant pour notre service de m\u00e9nage, vous vous assurez d&rsquo;avoir une meilleure organisation et propret\u00e9. Par ailleurs, nous pouvons aussi intervenir \u00e0 : Neuch\u00e2tel, Auvernier, Colombier NE, B\u00f4le, Areuse, Cortaillod, Chambrelien, Rochefort, Bevaix, Gorgier, St-Aubin-Sauges, Chez-le-Bart, Fresens, Montalchez, Vaumarcus, Peseux, Corcelles NE, Cormondr\u00e8che, Hauterive NE, St-Blaise, Enges, Marin-Epagnier, Thielle, Wavre, Cornaux NE, Cressier NE, Champ-du-Moulin.<\/p>\n","protected":false},"excerpt":{"rendered":"<p>Besoin d&rsquo;une entreprise de nettoyage \u00e0 Boudry pour nettoyer l&rsquo;int\u00e9rieur de votre maison ou de vos locaux ? Fait appel \u00e0 Artisanlocal, nos techniciens r\u00e9alisent vos t\u00e2ches m\u00e9nag\u00e8res. Pourquoi travailler avec notre entreprise ? Nos techniciens de surfaces sont tous form\u00e9s avec les derni\u00e8res techniques. Notre service de nettoyage est r\u00e9alis\u00e9 avec des produits respectueux [&hellip;]<\/p>\n","protected":false},"author":4,"featured_media":2754,"parent":0,"menu_order":0,"comment_status":"closed","ping_status":"closed","template":"","meta":{"footnotes":""},"profession":[108],"location":[46],"canton":[114],"class_list":["post-422","page","type-page","status-publish","has-post-thumbnail","hentry","profession-agent-de-proprete","location-boudry","canton-ne"],"yoast_head":"<!-- This site is optimized with the Yoast SEO Premium plugin v25.7.1 (Yoast SEO v27.4) - https:\/\/yoast.com\/product\/yoast-seo-premium-wordpress\/ -->\n<title>Entreprise de nettoyage \u00e0 Boudry - Artisanlocal<\/title>\n<meta name=\"robots\" content=\"index, follow, max-snippet:-1, max-image-preview:large, max-video-preview:-1\" \/>\n<link rel=\"canonical\" href=\"https:\/\/www.artisanlocal.ch\/c\/nettoyage-de-bureaux-et-de-logements-a-boudry\/\" \/>\n<meta property=\"og:locale\" content=\"fr_FR\" \/>\n<meta property=\"og:type\" content=\"article\" \/>\n<meta property=\"og:title\" content=\"Entreprise de nettoyage \u00e0 Boudry\" \/>\n<meta property=\"og:description\" content=\"Besoin d&rsquo;une entreprise de nettoyage \u00e0 Boudry pour nettoyer l&rsquo;int\u00e9rieur de votre maison ou de vos locaux ? Fait appel \u00e0 Artisanlocal, nos techniciens r\u00e9alisent vos t\u00e2ches m\u00e9nag\u00e8res. Pourquoi travailler avec notre entreprise ? Nos techniciens de surfaces sont tous form\u00e9s avec les derni\u00e8res techniques. Notre service de nettoyage est r\u00e9alis\u00e9 avec des produits respectueux [&hellip;]\" \/>\n<meta property=\"og:url\" content=\"https:\/\/www.artisanlocal.ch\/c\/nettoyage-de-bureaux-et-de-logements-a-boudry\/\" \/>\n<meta property=\"og:site_name\" content=\"Artisanlocal\" \/>\n<meta property=\"article:modified_time\" content=\"2025-08-26T23:33:41+00:00\" \/>\n<meta property=\"og:image\" content=\"https:\/\/www.artisanlocal.ch\/c\/wp-content\/uploads\/2024\/10\/agent-proprete.jpg\" \/>\n\t<meta property=\"og:image:width\" content=\"1920\" \/>\n\t<meta property=\"og:image:height\" content=\"300\" \/>\n\t<meta property=\"og:image:type\" content=\"image\/jpeg\" \/>\n<meta name=\"twitter:card\" content=\"summary_large_image\" \/>\n<meta name=\"twitter:label1\" content=\"Dur\u00e9e de lecture estim\u00e9e\" \/>\n\t<meta name=\"twitter:data1\" content=\"4 minutes\" \/>\n<script type=\"application\/ld+json\" class=\"yoast-schema-graph\">{\"@context\":\"https:\\\/\\\/schema.org\",\"@graph\":[{\"@type\":\"WebPage\",\"@id\":\"https:\\\/\\\/www.artisanlocal.ch\\\/c\\\/nettoyage-de-bureaux-et-de-logements-a-boudry\\\/\",\"url\":\"https:\\\/\\\/www.artisanlocal.ch\\\/c\\\/nettoyage-de-bureaux-et-de-logements-a-boudry\\\/\",\"name\":\"Entreprise de nettoyage \u00e0 Boudry - Artisanlocal\",\"isPartOf\":{\"@id\":\"https:\\\/\\\/www.artisanlocal.ch\\\/c\\\/#website\"},\"primaryImageOfPage\":{\"@id\":\"https:\\\/\\\/www.artisanlocal.ch\\\/c\\\/nettoyage-de-bureaux-et-de-logements-a-boudry\\\/#primaryimage\"},\"image\":{\"@id\":\"https:\\\/\\\/www.artisanlocal.ch\\\/c\\\/nettoyage-de-bureaux-et-de-logements-a-boudry\\\/#primaryimage\"},\"thumbnailUrl\":\"https:\\\/\\\/www.artisanlocal.ch\\\/c\\\/wp-content\\\/uploads\\\/2024\\\/10\\\/agent-proprete.jpg\",\"datePublished\":\"2024-04-16T16:38:23+00:00\",\"dateModified\":\"2025-08-26T23:33:41+00:00\",\"breadcrumb\":{\"@id\":\"https:\\\/\\\/www.artisanlocal.ch\\\/c\\\/nettoyage-de-bureaux-et-de-logements-a-boudry\\\/#breadcrumb\"},\"inLanguage\":\"fr-FR\",\"potentialAction\":[{\"@type\":\"ReadAction\",\"target\":[\"https:\\\/\\\/www.artisanlocal.ch\\\/c\\\/nettoyage-de-bureaux-et-de-logements-a-boudry\\\/\"]}]},{\"@type\":\"ImageObject\",\"inLanguage\":\"fr-FR\",\"@id\":\"https:\\\/\\\/www.artisanlocal.ch\\\/c\\\/nettoyage-de-bureaux-et-de-logements-a-boudry\\\/#primaryimage\",\"url\":\"https:\\\/\\\/www.artisanlocal.ch\\\/c\\\/wp-content\\\/uploads\\\/2024\\\/10\\\/agent-proprete.jpg\",\"contentUrl\":\"https:\\\/\\\/www.artisanlocal.ch\\\/c\\\/wp-content\\\/uploads\\\/2024\\\/10\\\/agent-proprete.jpg\",\"width\":1920,\"height\":300},{\"@type\":\"BreadcrumbList\",\"@id\":\"https:\\\/\\\/www.artisanlocal.ch\\\/c\\\/nettoyage-de-bureaux-et-de-logements-a-boudry\\\/#breadcrumb\",\"itemListElement\":[{\"@type\":\"ListItem\",\"position\":1,\"name\":\"Accueil\",\"item\":\"https:\\\/\\\/www.artisanlocal.ch\\\/c\\\/\"},{\"@type\":\"ListItem\",\"position\":2,\"name\":\"Entreprise de nettoyage \u00e0 Boudry\"}]},{\"@type\":\"WebSite\",\"@id\":\"https:\\\/\\\/www.artisanlocal.ch\\\/c\\\/#website\",\"url\":\"https:\\\/\\\/www.artisanlocal.ch\\\/c\\\/\",\"name\":\"Artisanlocal\",\"description\":\"\",\"publisher\":{\"@id\":\"https:\\\/\\\/www.artisanlocal.ch\\\/c\\\/#organization\"},\"potentialAction\":[{\"@type\":\"SearchAction\",\"target\":{\"@type\":\"EntryPoint\",\"urlTemplate\":\"https:\\\/\\\/www.artisanlocal.ch\\\/c\\\/?s={search_term_string}\"},\"query-input\":{\"@type\":\"PropertyValueSpecification\",\"valueRequired\":true,\"valueName\":\"search_term_string\"}}],\"inLanguage\":\"fr-FR\"},{\"@type\":\"Organization\",\"@id\":\"https:\\\/\\\/www.artisanlocal.ch\\\/c\\\/#organization\",\"name\":\"Artisanlocal\",\"url\":\"https:\\\/\\\/www.artisanlocal.ch\\\/c\\\/\",\"logo\":{\"@type\":\"ImageObject\",\"inLanguage\":\"fr-FR\",\"@id\":\"https:\\\/\\\/www.artisanlocal.ch\\\/c\\\/#\\\/schema\\\/logo\\\/image\\\/\",\"url\":\"https:\\\/\\\/www.artisanlocal.ch\\\/c\\\/wp-content\\\/uploads\\\/2024\\\/02\\\/logo-artisanlocal-h.svg\",\"contentUrl\":\"https:\\\/\\\/www.artisanlocal.ch\\\/c\\\/wp-content\\\/uploads\\\/2024\\\/02\\\/logo-artisanlocal-h.svg\",\"caption\":\"Artisanlocal\"},\"image\":{\"@id\":\"https:\\\/\\\/www.artisanlocal.ch\\\/c\\\/#\\\/schema\\\/logo\\\/image\\\/\"}}]}<\/script>\n<!-- \/ Yoast SEO Premium plugin. -->","yoast_head_json":{"title":"Entreprise de nettoyage \u00e0 Boudry - Artisanlocal","robots":{"index":"index","follow":"follow","max-snippet":"max-snippet:-1","max-image-preview":"max-image-preview:large","max-video-preview":"max-video-preview:-1"},"canonical":"https:\/\/www.artisanlocal.ch\/c\/nettoyage-de-bureaux-et-de-logements-a-boudry\/","og_locale":"fr_FR","og_type":"article","og_title":"Entreprise de nettoyage \u00e0 Boudry","og_description":"Besoin d&rsquo;une entreprise de nettoyage \u00e0 Boudry pour nettoyer l&rsquo;int\u00e9rieur de votre maison ou de vos locaux ? Fait appel \u00e0 Artisanlocal, nos techniciens r\u00e9alisent vos t\u00e2ches m\u00e9nag\u00e8res. Pourquoi travailler avec notre entreprise ? Nos techniciens de surfaces sont tous form\u00e9s avec les derni\u00e8res techniques. Notre service de nettoyage est r\u00e9alis\u00e9 avec des produits respectueux [&hellip;]","og_url":"https:\/\/www.artisanlocal.ch\/c\/nettoyage-de-bureaux-et-de-logements-a-boudry\/","og_site_name":"Artisanlocal","article_modified_time":"2025-08-26T23:33:41+00:00","og_image":[{"width":1920,"height":300,"url":"https:\/\/www.artisanlocal.ch\/c\/wp-content\/uploads\/2024\/10\/agent-proprete.jpg","type":"image\/jpeg"}],"twitter_card":"summary_large_image","twitter_misc":{"Dur\u00e9e de lecture estim\u00e9e":"4 minutes"},"schema":{"@context":"https:\/\/schema.org","@graph":[{"@type":"WebPage","@id":"https:\/\/www.artisanlocal.ch\/c\/nettoyage-de-bureaux-et-de-logements-a-boudry\/","url":"https:\/\/www.artisanlocal.ch\/c\/nettoyage-de-bureaux-et-de-logements-a-boudry\/","name":"Entreprise de nettoyage \u00e0 Boudry - Artisanlocal","isPartOf":{"@id":"https:\/\/www.artisanlocal.ch\/c\/#website"},"primaryImageOfPage":{"@id":"https:\/\/www.artisanlocal.ch\/c\/nettoyage-de-bureaux-et-de-logements-a-boudry\/#primaryimage"},"image":{"@id":"https:\/\/www.artisanlocal.ch\/c\/nettoyage-de-bureaux-et-de-logements-a-boudry\/#primaryimage"},"thumbnailUrl":"https:\/\/www.artisanlocal.ch\/c\/wp-content\/uploads\/2024\/10\/agent-proprete.jpg","datePublished":"2024-04-16T16:38:23+00:00","dateModified":"2025-08-26T23:33:41+00:00","breadcrumb":{"@id":"https:\/\/www.artisanlocal.ch\/c\/nettoyage-de-bureaux-et-de-logements-a-boudry\/#breadcrumb"},"inLanguage":"fr-FR","potentialAction":[{"@type":"ReadAction","target":["https:\/\/www.artisanlocal.ch\/c\/nettoyage-de-bureaux-et-de-logements-a-boudry\/"]}]},{"@type":"ImageObject","inLanguage":"fr-FR","@id":"https:\/\/www.artisanlocal.ch\/c\/nettoyage-de-bureaux-et-de-logements-a-boudry\/#primaryimage","url":"https:\/\/www.artisanlocal.ch\/c\/wp-content\/uploads\/2024\/10\/agent-proprete.jpg","contentUrl":"https:\/\/www.artisanlocal.ch\/c\/wp-content\/uploads\/2024\/10\/agent-proprete.jpg","width":1920,"height":300},{"@type":"BreadcrumbList","@id":"https:\/\/www.artisanlocal.ch\/c\/nettoyage-de-bureaux-et-de-logements-a-boudry\/#breadcrumb","itemListElement":[{"@type":"ListItem","position":1,"name":"Accueil","item":"https:\/\/www.artisanlocal.ch\/c\/"},{"@type":"ListItem","position":2,"name":"Entreprise de nettoyage \u00e0 Boudry"}]},{"@type":"WebSite","@id":"https:\/\/www.artisanlocal.ch\/c\/#website","url":"https:\/\/www.artisanlocal.ch\/c\/","name":"Artisanlocal","description":"","publisher":{"@id":"https:\/\/www.artisanlocal.ch\/c\/#organization"},"potentialAction":[{"@type":"SearchAction","target":{"@type":"EntryPoint","urlTemplate":"https:\/\/www.artisanlocal.ch\/c\/?s={search_term_string}"},"query-input":{"@type":"PropertyValueSpecification","valueRequired":true,"valueName":"search_term_string"}}],"inLanguage":"fr-FR"},{"@type":"Organization","@id":"https:\/\/www.artisanlocal.ch\/c\/#organization","name":"Artisanlocal","url":"https:\/\/www.artisanlocal.ch\/c\/","logo":{"@type":"ImageObject","inLanguage":"fr-FR","@id":"https:\/\/www.artisanlocal.ch\/c\/#\/schema\/logo\/image\/","url":"https:\/\/www.artisanlocal.ch\/c\/wp-content\/uploads\/2024\/02\/logo-artisanlocal-h.svg","contentUrl":"https:\/\/www.artisanlocal.ch\/c\/wp-content\/uploads\/2024\/02\/logo-artisanlocal-h.svg","caption":"Artisanlocal"},"image":{"@id":"https:\/\/www.artisanlocal.ch\/c\/#\/schema\/logo\/image\/"}}]}},"_links":{"self":[{"href":"https:\/\/www.artisanlocal.ch\/c\/wp-json\/wp\/v2\/pages\/422","targetHints":{"allow":["GET"]}}],"collection":[{"href":"https:\/\/www.artisanlocal.ch\/c\/wp-json\/wp\/v2\/pages"}],"about":[{"href":"https:\/\/www.artisanlocal.ch\/c\/wp-json\/wp\/v2\/types\/page"}],"author":[{"embeddable":true,"href":"https:\/\/www.artisanlocal.ch\/c\/wp-json\/wp\/v2\/users\/4"}],"replies":[{"embeddable":true,"href":"https:\/\/www.artisanlocal.ch\/c\/wp-json\/wp\/v2\/comments?post=422"}],"version-history":[{"count":0,"href":"https:\/\/www.artisanlocal.ch\/c\/wp-json\/wp\/v2\/pages\/422\/revisions"}],"wp:featuredmedia":[{"embeddable":true,"href":"https:\/\/www.artisanlocal.ch\/c\/wp-json\/wp\/v2\/media\/2754"}],"wp:attachment":[{"href":"https:\/\/www.artisanlocal.ch\/c\/wp-json\/wp\/v2\/media?parent=422"}],"wp:term":[{"taxonomy":"profession","embeddable":true,"href":"https:\/\/www.artisanlocal.ch\/c\/wp-json\/wp\/v2\/profession?post=422"},{"taxonomy":"location","embeddable":true,"href":"https:\/\/www.artisanlocal.ch\/c\/wp-json\/wp\/v2\/location?post=422"},{"taxonomy":"canton","embeddable":true,"href":"https:\/\/www.artisanlocal.ch\/c\/wp-json\/wp\/v2\/canton?post=422"}],"curies":[{"name":"wp","href":"https:\/\/api.w.org\/{rel}","templated":true}]}}