{"id":423,"date":"2024-04-16T18:38:23","date_gmt":"2024-04-16T16:38:23","guid":{"rendered":"https:\/\/www.artisanlocal.ch\/c\/entreprise-de-nettoyage-de-bureaux-et-dhebergements-a-st-blaise\/"},"modified":"2025-10-08T12:49:29","modified_gmt":"2025-10-08T10:49:29","slug":"entreprise-de-nettoyage-de-bureaux-et-dhebergements-a-st-blaise","status":"publish","type":"page","link":"https:\/\/www.artisanlocal.ch\/c\/entreprise-de-nettoyage-de-bureaux-et-dhebergements-a-st-blaise\/","title":{"rendered":"Entreprise de nettoyage \u00e0 St-Blaise"},"content":{"rendered":"<p>Besoin d&rsquo;une entreprise de nettoyage \u00e0 St-Blaise ? Artisanlocal propose des services de nettoyage pour les particuliers et les professionnels suisses.<\/p>\n\r\n<div class=\"box\">\r\n            <div class=\"company-info\">\r\n            <img decoding=\"async\" class=\"company-info__logo\" src=\"https:\/\/www.artisanlocal.ch\/media\/cache\/thumb\/images\/companies\/692d8be6f0dcb273783946.png\" alt=\"Logo\">\r\n            <h2 class=\"company-info__name\">Prestige Services MJ<\/h2>\r\n            <p class=\"company-info__business\">Entreprise de nettoyage - Nettoyage fin de chantier \/ bail - Conciergerie - Multiservices<\/p>\r\n        <\/div>\r\n        <div class=\"company-contact\">\r\n            <p class=\"company-info__address\">Les Quarres 1<\/p>\r\n                            <div class=\"links\">\r\n                                            <a class=\"btn has-accent-background-color js-phoneNumber\" href=\"tel:0782220424\" title=\"Appelez\" data-id=\"38843\" data-type=\"11\">078 222 04 24<\/a>\r\n                                                        <\/div>\r\n                    <\/div>\r\n    \r\n            \r\n<form action=\"https:\/\/www.artisanlocal.ch\/c\/wp-admin\/admin-ajax.php\" method=\"post\" class=\"form-contact\" id=\"artisan_form_contact_company_inline\">\r\n    <div><input type=\"hidden\" name=\"action\" value=\"company_contact\"><\/div>\r\n    <div><input type=\"hidden\" name=\"nonce\" value=\"972bc58192\"><\/div>\r\n    <div><input type=\"hidden\" name=\"company_id\" value=\"38843\"><\/div>\r\n    <div><input type=\"hidden\" name=\"form_id\" value=\"artisan_form_contact_company_inline\"><\/div>\r\n    <div class=\"gglcptch gglcptch_v3 gglcptch_custom\"><input type=\"hidden\" id=\"g-recaptcha-response\" name=\"g-recaptcha-response\" \/><br \/><div class=\"gglcptch_error_text\">La p\u00e9riode de v\u00e9rification reCAPTCHA a expir\u00e9. Veuillez recharger la page.<\/div><\/div>    <div class=\"form-content\">\r\n        <div class=\"form-group\">\r\n            <label for=\"contact_firstName\" class=\"required\">Pr\u00e9nom<\/label>\r\n            <input type=\"text\" name=\"firstName\" class=\"form-control\" required>\r\n        <\/div>\r\n        <div class=\"form-group\">\r\n            <label for=\"contact_lastName\" class=\"required\">Nom<\/label>\r\n            <input type=\"text\" name=\"lastName\" class=\"form-control\" required>\r\n        <\/div>\r\n        <div class=\"form-group\">\r\n            <label for=\"contact_email\" class=\"required\">Email<\/label>\r\n            <input type=\"email\" name=\"email\" class=\"form-control\" required>\r\n        <\/div>\r\n        <div class=\"form-group\">\r\n            <label for=\"contact_phone\" class=\"required\">Num\u00e9ro de t\u00e9l\u00e9phone<\/label>\r\n            <input type=\"tel\" name=\"phone\" class=\"form-control\" placeholder=\"0787117165\" pattern=\"^[0-9]{10}$\" required>\r\n        <\/div>\r\n        <div class=\"form-group\">\r\n            <label for=\"contact_postalCode\" class=\"required\">Code postal et localit\u00e9<\/label>\r\n            <input type=\"text\" name=\"postalCode\" class=\"form-control\" required>\r\n        <\/div>\r\n        <div class=\"form-group\">\r\n            <label for=\"contact_address\" class=\"required\">Adresse<\/label>\r\n            <input type=\"text\" name=\"address\" class=\"form-control\" required>\r\n        <\/div>\r\n        <div class=\"full-width topic\">\r\n            <p class=\"required\">Je souhaite \u00eatre contact\u00e9 pour :<\/p>\r\n            <div class=\"form-check\">\r\n                <input type=\"radio\" name=\"topic\" value=\"D\u00e9pannage\" class=\"form-control\" required>\r\n                <label for=\"d\u00e9pannage\">D\u00e9pannage<\/label>\r\n            <\/div>\r\n            <div class=\"form-check\">\r\n                <input type=\"radio\" name=\"topic\" value=\"Entretien\" class=\"form-control\" required>\r\n                <label for=\"entretien\">Entretien<\/label>\r\n            <\/div>\r\n            <div class=\"form-check\">\r\n                <input type=\"radio\" name=\"topic\" value=\"R\u00e9novation\" class=\"form-control\" required>\r\n                <label for=\"r\u00e9novation\">R\u00e9novation<\/label>\r\n            <\/div>\r\n            <div class=\"form-check\">\r\n                <input type=\"radio\" name=\"topic\" value=\"Autre\" class=\"form-control\" required>\r\n                <label for=\"autre\">Autre<\/label>\r\n            <\/div>\r\n        <\/div>\r\n        <div class=\"form-group full-width\">\r\n            <label for=\"contact_message\">Message<\/label>\r\n            <textarea name=\"message\" rows=\"3\" class=\"form-control\"><\/textarea>\r\n        <\/div>\r\n    <\/div>\r\n    <div class=\"form-actions\">\r\n        <button class=\"wp-block-button__link has-accent-background-color\">Contacter<\/button>\r\n    <\/div>\r\n<\/form>\r\n<div class=\"form-feedback\"><\/div>    <\/div>\n<h2>Pourquoi travailler avec notre entreprise ?<\/h2>\n<ul>\n<li>Planifier un rendez-vous le jour m\u00eame.<\/li>\n<li>Techniciens form\u00e9s aux derni\u00e8res pratiques de nettoyage.<\/li>\n<li>Utilisation de produits \u00e9cologique.<\/li>\n<li>Devis gratuits.<\/li>\n<\/ul>\n<h2>Services de m\u00e9nage \u00e0 St-Blaise<\/h2>\n<p>Si vous avez besoin d&rsquo;un nettoyage complet de votre int\u00e9rieur ou d&rsquo;un service de m\u00e9nage fr\u00e9quent, nous sommes l\u00e0 pour vous. D\u00e9couvrez nos services les plus souvent r\u00e9alis\u00e9s \u00e0 St-Blaise et b\u00e9n\u00e9ficiez :<\/p>\n<ul>\n<li>D&rsquo;un m\u00e9nage et nettoyage pour votre d\u00e9m\u00e9nagement.<\/li>\n<li>D&rsquo;un nettoyage d&rsquo;appartements Airbnb.<\/li>\n<li>D&rsquo;un nettoyage de bureaux et de locaux commerciaux.<\/li>\n<li>D&rsquo;un nettoyage apr\u00e8s une r\u00e9novation.<\/li>\n<\/ul>\n<h2>Quelles sont les solutions de m\u00e9nage d&rsquo;artisanlocal\u202f?<\/h2>\n<ul>\n<li>Nettoyage pour les conciergeries Airbnb,<\/li>\n<li>nettoyage d&rsquo;appartements,<\/li>\n<li>entretien et nettoyage des appareils m\u00e9nagers,<\/li>\n<li>nettoyage de balcon,<\/li>\n<li>service de nettoyage de sous-sols,<\/li>\n<li>assainissement des surfaces pour lutter contre les virus,<\/li>\n<li>nettoyage de la vaisselle,<\/li>\n<li>nettoyage des salles de gym,<\/li>\n<li>lavage des sols,<\/li>\n<li>nettoyage des h\u00f4pitaux,<\/li>\n<li>m\u00e9nage et nettoyage apr\u00e8s un d\u00e9m\u00e9nagement,<\/li>\n<li>nettoyage des lieux de travail,<\/li>\n<li>nettoyage apr\u00e8s travaux de r\u00e9novation,<\/li>\n<li>nettoyage des salles d&rsquo;eau,<\/li>\n<li>nettoyage des commerces de proximit\u00e9,<\/li>\n<li>service de nettoyage des \u00e9coles,<\/li>\n<li>nettoyage des fen\u00eatres.<\/li>\n<\/ul>\n<h2>Une soci\u00e9t\u00e9 sp\u00e9cialis\u00e9e dans les services de nettoyage fiable implant\u00e9e en Suisse<\/h2>\n<h3>M\u00e9nage d&rsquo;int\u00e9rieur pour appartement \u00e0 St-Blaise<\/h3>\n<p>Si vous r\u00e9sidez \u00e0 St-Blaise, nous pouvons r\u00e9aliser le m\u00e9nage de votre logement en amont de l&rsquo;\u00e9tat des lieux.<\/p>\n<p>Il est important de savoir que si le m\u00e9nage de l&rsquo;appartement n&rsquo;est pas r\u00e9alis\u00e9 correctement, le bailleur peut solliciter une soci\u00e9t\u00e9 de m\u00e9nage et retenir une part de votre d\u00e9p\u00f4t de garantie.<\/p>\n<p>Les services de nettoyage avant la remise des cl\u00e9s comprennent :<\/p>\n<ul>\n<li>L&rsquo;entretien des surfaces : murs, sols, parquets, moquettes et carrelages.<\/li>\n<li>Le nettoyage des vitres et des fen\u00eatres.<\/li>\n<li>Le nettoyage de salle de bains et w.c.<\/li>\n<li>Le nettoyage du coin cuisine et de la hotte de cuisson.<\/li>\n<li>Le d\u00e9poussi\u00e9rage du mobilier.<\/li>\n<\/ul>\n<h3>Vous d\u00e9sirez un nettoyage ponctuel de votre logement\u202f?<\/h3>\n<p>Notre entreprise propose des solutions d&rsquo;entretien adapt\u00e9es \u00e0 vos demandes, avec des interventions hebdomadaires, bihebdomadaires ou chaque mois.<\/p>\n<h3>Entretien en profondeur de votre villa et de votre studio \u00e0 St-Blaise<\/h3>\n<p>Artisanlocal propose des services pour nettoyer en profondeur votre villa ou votre studio, en plus de notre prestation de nettoyage standard.<\/p>\n<h3>Quels sont les avantages de faire un m\u00e9nage approfondi avec notre entreprise ?<\/h3>\n<p>L&rsquo;avantage principal du nettoyage en profondeur est d&rsquo;enlever les amas de poussi\u00e8res qui se sont accumul\u00e9es au fur et \u00e0 mesure, pour rendre votre logement sans poussi\u00e8re. Un m\u00e9nage en profondeur est aussi une bonne solution pour enlever les odeurs d\u00e9sagr\u00e9ables.<\/p>\n<h3>Nettoyage de bureaux \u00e0 St-Blaise<\/h3>\n<p>Faire appel \u00e0 Artisanlocal pour le m\u00e9nage de bureaux est la solution la plus efficace. Vous ferez des \u00e9conomies de temps et d&rsquo;\u00e9nergie ! D\u00e9couvrez nos contrats de m\u00e9nage personnalis\u00e9s pour vos bureaux. Nos contrats s&rsquo;adaptent \u00e0 votre enveloppe budg\u00e9taire et \u00e0 vos besoins. Voici les prestations que nous proposons pour le m\u00e9nage de vos espaces de travail :<\/p>\n<ul>\n<li>Traitement des tapis et lavage de vitres de bureau.<\/li>\n<li>Nettoyage de fauteuils, de chaises de travail, de canap\u00e9 en tissu ou en cuir.<\/li>\n<li>Gestion des poubelles.<\/li>\n<li>\u00c9limination de la poussi\u00e8re sur tous les mobiliers et zones de travail.<\/li>\n<li>Passage de l&rsquo;aspirateur et lavage des sols.<\/li>\n<\/ul>\n<h3>Service de m\u00e9nage de maison \u00e0 St-Blaise<\/h3>\n<p>Pour garder un int\u00e9rieur propre et sain pour la sant\u00e9, il faut r\u00e9aliser un nettoyage journalier. H\u00e9las, un agenda surcharg\u00e9 peut rendre cette mission compliqu\u00e9e, voire infaisable, d\u00e9l\u00e9guez \u00e0 notre soci\u00e9t\u00e9 le m\u00e9nage de votre int\u00e9rieur.<\/p>\n<h2>Pourquoi faire appel \u00e0 une entreprise pour r\u00e9aliser le nettoyage de son domicile \u00e0 St-Blaise ?<\/h2>\n<p>Si vous habitez \u00e0 St-Blaise vous avez peut-\u00eatre du mal \u00e0 conserver votre habitat bien rang\u00e9 et propre. Nos services vous aideront \u00e0 pr\u00e9server votre maison aussi propre que possible. En ayant recours \u00e0 notre soci\u00e9t\u00e9, vous allez pouvoir :<\/p>\n<h3>Mieux g\u00e9rer l&rsquo;int\u00e9rieur de votre propri\u00e9t\u00e9<\/h3>\n<p>Un h\u00e9bergement mal rang\u00e9 peut \u00eatre une cause de probl\u00e8mes (perte de temps, disputes avec son conjoint, etc.).<\/p>\n<h3>Mettre en place un cadre plus convivial<\/h3>\n<p>Effectivement, une maison bien organis\u00e9e vous aidera ainsi que vos invit\u00e9s \u00e0 vous sentir plus \u00e0 l&rsquo;aise.<\/p>\n<h3>Pr\u00e9server sa sant\u00e9 et rester heureux<\/h3>\n<p>Ne pas \u00e9liminer la salet\u00e9 et la poussi\u00e8re dans votre habitation peut pr\u00e9senter des dangers pour la sant\u00e9, comme activer des r\u00e9actions allergiques ou intensifier celles d\u00e9j\u00e0 pr\u00e9sentes. En engageant notre entreprise de nettoyage, vous diminuez votre exposition aux allerg\u00e8nes.<\/p>\n<h3>Intervention dans les villes aux alentours<\/h3>\n<p>Nous intervenons \u00e0 St-Balise, mais aussi dans les villes aux alentours, comme : Neuch\u00e2tel, Auvernier, Colombier NE, B\u00f4le, Areuse, Cortaillod, Boudry, Chambrelien, Rochefort, Bevaix, Gorgier, St-Aubin-Sauges, Chez-le-Bart, Fresens, Montalchez, Vaumarcus, Peseux, Corcelles NE, Cormondr\u00e8che, Hauterive NE, Enges, Marin-Epagnier, Thielle, Wavre, Cornaux NE, Cressier NE, Champ-du-Moulin.<\/p>\n","protected":false},"excerpt":{"rendered":"<p>Besoin d&rsquo;une entreprise de nettoyage \u00e0 St-Blaise ? Artisanlocal propose des services de nettoyage pour les particuliers et les professionnels suisses. Pourquoi travailler avec notre entreprise ? Planifier un rendez-vous le jour m\u00eame. Techniciens form\u00e9s aux derni\u00e8res pratiques de nettoyage. Utilisation de produits \u00e9cologique. Devis gratuits. Services de m\u00e9nage \u00e0 St-Blaise Si vous avez besoin [&hellip;]<\/p>\n","protected":false},"author":4,"featured_media":2754,"parent":0,"menu_order":0,"comment_status":"closed","ping_status":"closed","template":"","meta":{"footnotes":""},"profession":[108],"location":[88],"canton":[114],"class_list":["post-423","page","type-page","status-publish","has-post-thumbnail","hentry","profession-agent-de-proprete","location-st-blaise","canton-ne"],"yoast_head":"<!-- This site is optimized with the Yoast SEO Premium plugin v25.7.1 (Yoast SEO v27.4) - https:\/\/yoast.com\/product\/yoast-seo-premium-wordpress\/ -->\n<title>Entreprise de nettoyage \u00e0 St-Blaise - Artisanlocal<\/title>\n<meta name=\"robots\" content=\"index, follow, max-snippet:-1, max-image-preview:large, max-video-preview:-1\" \/>\n<link rel=\"canonical\" href=\"https:\/\/www.artisanlocal.ch\/c\/entreprise-de-nettoyage-de-bureaux-et-dhebergements-a-st-blaise\/\" \/>\n<meta property=\"og:locale\" content=\"fr_FR\" \/>\n<meta property=\"og:type\" content=\"article\" \/>\n<meta property=\"og:title\" content=\"Entreprise de nettoyage \u00e0 St-Blaise\" \/>\n<meta property=\"og:description\" content=\"Besoin d&rsquo;une entreprise de nettoyage \u00e0 St-Blaise ? Artisanlocal propose des services de nettoyage pour les particuliers et les professionnels suisses. Pourquoi travailler avec notre entreprise ? Planifier un rendez-vous le jour m\u00eame. Techniciens form\u00e9s aux derni\u00e8res pratiques de nettoyage. Utilisation de produits \u00e9cologique. Devis gratuits. Services de m\u00e9nage \u00e0 St-Blaise Si vous avez besoin [&hellip;]\" \/>\n<meta property=\"og:url\" content=\"https:\/\/www.artisanlocal.ch\/c\/entreprise-de-nettoyage-de-bureaux-et-dhebergements-a-st-blaise\/\" \/>\n<meta property=\"og:site_name\" content=\"Artisanlocal\" \/>\n<meta property=\"article:modified_time\" content=\"2025-10-08T10:49:29+00:00\" \/>\n<meta property=\"og:image\" content=\"https:\/\/www.artisanlocal.ch\/c\/wp-content\/uploads\/2024\/10\/agent-proprete.jpg\" \/>\n\t<meta property=\"og:image:width\" content=\"1920\" \/>\n\t<meta property=\"og:image:height\" content=\"300\" \/>\n\t<meta property=\"og:image:type\" content=\"image\/jpeg\" \/>\n<meta name=\"twitter:card\" content=\"summary_large_image\" \/>\n<meta name=\"twitter:label1\" content=\"Dur\u00e9e de lecture estim\u00e9e\" \/>\n\t<meta name=\"twitter:data1\" content=\"4 minutes\" \/>\n<script type=\"application\/ld+json\" class=\"yoast-schema-graph\">{\"@context\":\"https:\\\/\\\/schema.org\",\"@graph\":[{\"@type\":\"WebPage\",\"@id\":\"https:\\\/\\\/www.artisanlocal.ch\\\/c\\\/entreprise-de-nettoyage-de-bureaux-et-dhebergements-a-st-blaise\\\/\",\"url\":\"https:\\\/\\\/www.artisanlocal.ch\\\/c\\\/entreprise-de-nettoyage-de-bureaux-et-dhebergements-a-st-blaise\\\/\",\"name\":\"Entreprise de nettoyage \u00e0 St-Blaise - Artisanlocal\",\"isPartOf\":{\"@id\":\"https:\\\/\\\/www.artisanlocal.ch\\\/c\\\/#website\"},\"primaryImageOfPage\":{\"@id\":\"https:\\\/\\\/www.artisanlocal.ch\\\/c\\\/entreprise-de-nettoyage-de-bureaux-et-dhebergements-a-st-blaise\\\/#primaryimage\"},\"image\":{\"@id\":\"https:\\\/\\\/www.artisanlocal.ch\\\/c\\\/entreprise-de-nettoyage-de-bureaux-et-dhebergements-a-st-blaise\\\/#primaryimage\"},\"thumbnailUrl\":\"https:\\\/\\\/www.artisanlocal.ch\\\/c\\\/wp-content\\\/uploads\\\/2024\\\/10\\\/agent-proprete.jpg\",\"datePublished\":\"2024-04-16T16:38:23+00:00\",\"dateModified\":\"2025-10-08T10:49:29+00:00\",\"breadcrumb\":{\"@id\":\"https:\\\/\\\/www.artisanlocal.ch\\\/c\\\/entreprise-de-nettoyage-de-bureaux-et-dhebergements-a-st-blaise\\\/#breadcrumb\"},\"inLanguage\":\"fr-FR\",\"potentialAction\":[{\"@type\":\"ReadAction\",\"target\":[\"https:\\\/\\\/www.artisanlocal.ch\\\/c\\\/entreprise-de-nettoyage-de-bureaux-et-dhebergements-a-st-blaise\\\/\"]}]},{\"@type\":\"ImageObject\",\"inLanguage\":\"fr-FR\",\"@id\":\"https:\\\/\\\/www.artisanlocal.ch\\\/c\\\/entreprise-de-nettoyage-de-bureaux-et-dhebergements-a-st-blaise\\\/#primaryimage\",\"url\":\"https:\\\/\\\/www.artisanlocal.ch\\\/c\\\/wp-content\\\/uploads\\\/2024\\\/10\\\/agent-proprete.jpg\",\"contentUrl\":\"https:\\\/\\\/www.artisanlocal.ch\\\/c\\\/wp-content\\\/uploads\\\/2024\\\/10\\\/agent-proprete.jpg\",\"width\":1920,\"height\":300},{\"@type\":\"BreadcrumbList\",\"@id\":\"https:\\\/\\\/www.artisanlocal.ch\\\/c\\\/entreprise-de-nettoyage-de-bureaux-et-dhebergements-a-st-blaise\\\/#breadcrumb\",\"itemListElement\":[{\"@type\":\"ListItem\",\"position\":1,\"name\":\"Accueil\",\"item\":\"https:\\\/\\\/www.artisanlocal.ch\\\/c\\\/\"},{\"@type\":\"ListItem\",\"position\":2,\"name\":\"Entreprise de nettoyage \u00e0 St-Blaise\"}]},{\"@type\":\"WebSite\",\"@id\":\"https:\\\/\\\/www.artisanlocal.ch\\\/c\\\/#website\",\"url\":\"https:\\\/\\\/www.artisanlocal.ch\\\/c\\\/\",\"name\":\"Artisanlocal\",\"description\":\"\",\"publisher\":{\"@id\":\"https:\\\/\\\/www.artisanlocal.ch\\\/c\\\/#organization\"},\"potentialAction\":[{\"@type\":\"SearchAction\",\"target\":{\"@type\":\"EntryPoint\",\"urlTemplate\":\"https:\\\/\\\/www.artisanlocal.ch\\\/c\\\/?s={search_term_string}\"},\"query-input\":{\"@type\":\"PropertyValueSpecification\",\"valueRequired\":true,\"valueName\":\"search_term_string\"}}],\"inLanguage\":\"fr-FR\"},{\"@type\":\"Organization\",\"@id\":\"https:\\\/\\\/www.artisanlocal.ch\\\/c\\\/#organization\",\"name\":\"Artisanlocal\",\"url\":\"https:\\\/\\\/www.artisanlocal.ch\\\/c\\\/\",\"logo\":{\"@type\":\"ImageObject\",\"inLanguage\":\"fr-FR\",\"@id\":\"https:\\\/\\\/www.artisanlocal.ch\\\/c\\\/#\\\/schema\\\/logo\\\/image\\\/\",\"url\":\"https:\\\/\\\/www.artisanlocal.ch\\\/c\\\/wp-content\\\/uploads\\\/2024\\\/02\\\/logo-artisanlocal-h.svg\",\"contentUrl\":\"https:\\\/\\\/www.artisanlocal.ch\\\/c\\\/wp-content\\\/uploads\\\/2024\\\/02\\\/logo-artisanlocal-h.svg\",\"caption\":\"Artisanlocal\"},\"image\":{\"@id\":\"https:\\\/\\\/www.artisanlocal.ch\\\/c\\\/#\\\/schema\\\/logo\\\/image\\\/\"}}]}<\/script>\n<!-- \/ Yoast SEO Premium plugin. -->","yoast_head_json":{"title":"Entreprise de nettoyage \u00e0 St-Blaise - Artisanlocal","robots":{"index":"index","follow":"follow","max-snippet":"max-snippet:-1","max-image-preview":"max-image-preview:large","max-video-preview":"max-video-preview:-1"},"canonical":"https:\/\/www.artisanlocal.ch\/c\/entreprise-de-nettoyage-de-bureaux-et-dhebergements-a-st-blaise\/","og_locale":"fr_FR","og_type":"article","og_title":"Entreprise de nettoyage \u00e0 St-Blaise","og_description":"Besoin d&rsquo;une entreprise de nettoyage \u00e0 St-Blaise ? Artisanlocal propose des services de nettoyage pour les particuliers et les professionnels suisses. Pourquoi travailler avec notre entreprise ? Planifier un rendez-vous le jour m\u00eame. Techniciens form\u00e9s aux derni\u00e8res pratiques de nettoyage. Utilisation de produits \u00e9cologique. Devis gratuits. Services de m\u00e9nage \u00e0 St-Blaise Si vous avez besoin [&hellip;]","og_url":"https:\/\/www.artisanlocal.ch\/c\/entreprise-de-nettoyage-de-bureaux-et-dhebergements-a-st-blaise\/","og_site_name":"Artisanlocal","article_modified_time":"2025-10-08T10:49:29+00:00","og_image":[{"width":1920,"height":300,"url":"https:\/\/www.artisanlocal.ch\/c\/wp-content\/uploads\/2024\/10\/agent-proprete.jpg","type":"image\/jpeg"}],"twitter_card":"summary_large_image","twitter_misc":{"Dur\u00e9e de lecture estim\u00e9e":"4 minutes"},"schema":{"@context":"https:\/\/schema.org","@graph":[{"@type":"WebPage","@id":"https:\/\/www.artisanlocal.ch\/c\/entreprise-de-nettoyage-de-bureaux-et-dhebergements-a-st-blaise\/","url":"https:\/\/www.artisanlocal.ch\/c\/entreprise-de-nettoyage-de-bureaux-et-dhebergements-a-st-blaise\/","name":"Entreprise de nettoyage \u00e0 St-Blaise - Artisanlocal","isPartOf":{"@id":"https:\/\/www.artisanlocal.ch\/c\/#website"},"primaryImageOfPage":{"@id":"https:\/\/www.artisanlocal.ch\/c\/entreprise-de-nettoyage-de-bureaux-et-dhebergements-a-st-blaise\/#primaryimage"},"image":{"@id":"https:\/\/www.artisanlocal.ch\/c\/entreprise-de-nettoyage-de-bureaux-et-dhebergements-a-st-blaise\/#primaryimage"},"thumbnailUrl":"https:\/\/www.artisanlocal.ch\/c\/wp-content\/uploads\/2024\/10\/agent-proprete.jpg","datePublished":"2024-04-16T16:38:23+00:00","dateModified":"2025-10-08T10:49:29+00:00","breadcrumb":{"@id":"https:\/\/www.artisanlocal.ch\/c\/entreprise-de-nettoyage-de-bureaux-et-dhebergements-a-st-blaise\/#breadcrumb"},"inLanguage":"fr-FR","potentialAction":[{"@type":"ReadAction","target":["https:\/\/www.artisanlocal.ch\/c\/entreprise-de-nettoyage-de-bureaux-et-dhebergements-a-st-blaise\/"]}]},{"@type":"ImageObject","inLanguage":"fr-FR","@id":"https:\/\/www.artisanlocal.ch\/c\/entreprise-de-nettoyage-de-bureaux-et-dhebergements-a-st-blaise\/#primaryimage","url":"https:\/\/www.artisanlocal.ch\/c\/wp-content\/uploads\/2024\/10\/agent-proprete.jpg","contentUrl":"https:\/\/www.artisanlocal.ch\/c\/wp-content\/uploads\/2024\/10\/agent-proprete.jpg","width":1920,"height":300},{"@type":"BreadcrumbList","@id":"https:\/\/www.artisanlocal.ch\/c\/entreprise-de-nettoyage-de-bureaux-et-dhebergements-a-st-blaise\/#breadcrumb","itemListElement":[{"@type":"ListItem","position":1,"name":"Accueil","item":"https:\/\/www.artisanlocal.ch\/c\/"},{"@type":"ListItem","position":2,"name":"Entreprise de nettoyage \u00e0 St-Blaise"}]},{"@type":"WebSite","@id":"https:\/\/www.artisanlocal.ch\/c\/#website","url":"https:\/\/www.artisanlocal.ch\/c\/","name":"Artisanlocal","description":"","publisher":{"@id":"https:\/\/www.artisanlocal.ch\/c\/#organization"},"potentialAction":[{"@type":"SearchAction","target":{"@type":"EntryPoint","urlTemplate":"https:\/\/www.artisanlocal.ch\/c\/?s={search_term_string}"},"query-input":{"@type":"PropertyValueSpecification","valueRequired":true,"valueName":"search_term_string"}}],"inLanguage":"fr-FR"},{"@type":"Organization","@id":"https:\/\/www.artisanlocal.ch\/c\/#organization","name":"Artisanlocal","url":"https:\/\/www.artisanlocal.ch\/c\/","logo":{"@type":"ImageObject","inLanguage":"fr-FR","@id":"https:\/\/www.artisanlocal.ch\/c\/#\/schema\/logo\/image\/","url":"https:\/\/www.artisanlocal.ch\/c\/wp-content\/uploads\/2024\/02\/logo-artisanlocal-h.svg","contentUrl":"https:\/\/www.artisanlocal.ch\/c\/wp-content\/uploads\/2024\/02\/logo-artisanlocal-h.svg","caption":"Artisanlocal"},"image":{"@id":"https:\/\/www.artisanlocal.ch\/c\/#\/schema\/logo\/image\/"}}]}},"_links":{"self":[{"href":"https:\/\/www.artisanlocal.ch\/c\/wp-json\/wp\/v2\/pages\/423","targetHints":{"allow":["GET"]}}],"collection":[{"href":"https:\/\/www.artisanlocal.ch\/c\/wp-json\/wp\/v2\/pages"}],"about":[{"href":"https:\/\/www.artisanlocal.ch\/c\/wp-json\/wp\/v2\/types\/page"}],"author":[{"embeddable":true,"href":"https:\/\/www.artisanlocal.ch\/c\/wp-json\/wp\/v2\/users\/4"}],"replies":[{"embeddable":true,"href":"https:\/\/www.artisanlocal.ch\/c\/wp-json\/wp\/v2\/comments?post=423"}],"version-history":[{"count":0,"href":"https:\/\/www.artisanlocal.ch\/c\/wp-json\/wp\/v2\/pages\/423\/revisions"}],"wp:featuredmedia":[{"embeddable":true,"href":"https:\/\/www.artisanlocal.ch\/c\/wp-json\/wp\/v2\/media\/2754"}],"wp:attachment":[{"href":"https:\/\/www.artisanlocal.ch\/c\/wp-json\/wp\/v2\/media?parent=423"}],"wp:term":[{"taxonomy":"profession","embeddable":true,"href":"https:\/\/www.artisanlocal.ch\/c\/wp-json\/wp\/v2\/profession?post=423"},{"taxonomy":"location","embeddable":true,"href":"https:\/\/www.artisanlocal.ch\/c\/wp-json\/wp\/v2\/location?post=423"},{"taxonomy":"canton","embeddable":true,"href":"https:\/\/www.artisanlocal.ch\/c\/wp-json\/wp\/v2\/canton?post=423"}],"curies":[{"name":"wp","href":"https:\/\/api.w.org\/{rel}","templated":true}]}}