{"id":426,"date":"2024-04-16T18:38:23","date_gmt":"2024-04-16T16:38:23","guid":{"rendered":"https:\/\/www.artisanlocal.ch\/c\/nettoyage-de-bureaux-et-de-domiciles-a-sion\/"},"modified":"2025-08-27T01:33:37","modified_gmt":"2025-08-26T23:33:37","slug":"nettoyage-de-bureaux-et-de-domiciles-a-sion","status":"publish","type":"page","link":"https:\/\/www.artisanlocal.ch\/c\/nettoyage-de-bureaux-et-de-domiciles-a-sion\/","title":{"rendered":"Entreprise de Nettoyage \u00e0 Sion"},"content":{"rendered":"<p>Vous habitez \u00e0 Sion et vous avez besoin d&rsquo;un nettoyage de votre int\u00e9rieur ? Artisanlocal.ch fournit des services de nettoyage complet de votre appartement ou de vos bureaux \u00e0 Sion.<br \/>\n\r\n<div class=\"box\">\r\n            <div class=\"company-info\">\r\n            <img decoding=\"async\" class=\"company-info__logo\" src=\"https:\/\/www.artisanlocal.ch\/media\/cache\/thumb\/images\/companies\/649a9b418ae32938908759.png\" alt=\"Logo\">\r\n            <h2 class=\"company-info__name\">Express blanc nettoyage et Services S\u00e0rl<\/h2>\r\n            <p class=\"company-info__business\">Entreprise de Nettoyage - Conciergerie, Entretien d'immeubles - Nettoyage de b\u00e2timents - Nettoyages et entretien - D\u00e9m\u00e9nagements<\/p>\r\n        <\/div>\r\n        <div class=\"company-contact\">\r\n            <p class=\"company-info__address\">Rue des Taillis 3<\/p>\r\n                            <div class=\"links\">\r\n                                            <a class=\"btn has-accent-background-color js-phoneNumber\" href=\"tel:0786655010\" title=\"Appelez\" data-id=\"4850\" data-type=\"11\">078 665 50 10<\/a>\r\n                                                                <a class=\"btn has-accent-background-color\" href=\"https:\/\/www.expressblancnettoyages.ch\/\" target=\"_blank\" title=\"Voir le site internet\" data-id=\"4850\" data-type=\"20\">Site internet<\/a>\r\n                                    <\/div>\r\n                    <\/div>\r\n    \r\n            \r\n<form action=\"https:\/\/www.artisanlocal.ch\/c\/wp-admin\/admin-ajax.php\" method=\"post\" class=\"form-contact\" id=\"artisan_form_contact_company_inline\">\r\n    <div><input type=\"hidden\" name=\"action\" value=\"company_contact\"><\/div>\r\n    <div><input type=\"hidden\" name=\"nonce\" value=\"866548ef48\"><\/div>\r\n    <div><input type=\"hidden\" name=\"company_id\" value=\"4850\"><\/div>\r\n    <div><input type=\"hidden\" name=\"form_id\" value=\"artisan_form_contact_company_inline\"><\/div>\r\n    <div class=\"gglcptch gglcptch_v3 gglcptch_custom\"><input type=\"hidden\" id=\"g-recaptcha-response\" name=\"g-recaptcha-response\" \/><br \/><div class=\"gglcptch_error_text\">La p\u00e9riode de v\u00e9rification reCAPTCHA a expir\u00e9. Veuillez recharger la page.<\/div><\/div>    <div class=\"form-content\">\r\n        <div class=\"form-group\">\r\n            <label for=\"contact_firstName\" class=\"required\">Pr\u00e9nom<\/label>\r\n            <input type=\"text\" name=\"firstName\" class=\"form-control\" required>\r\n        <\/div>\r\n        <div class=\"form-group\">\r\n            <label for=\"contact_lastName\" class=\"required\">Nom<\/label>\r\n            <input type=\"text\" name=\"lastName\" class=\"form-control\" required>\r\n        <\/div>\r\n        <div class=\"form-group\">\r\n            <label for=\"contact_email\" class=\"required\">Email<\/label>\r\n            <input type=\"email\" name=\"email\" class=\"form-control\" required>\r\n        <\/div>\r\n        <div class=\"form-group\">\r\n            <label for=\"contact_phone\" class=\"required\">Num\u00e9ro de t\u00e9l\u00e9phone<\/label>\r\n            <input type=\"tel\" name=\"phone\" class=\"form-control\" placeholder=\"0787117165\" pattern=\"^[0-9]{10}$\" required>\r\n        <\/div>\r\n        <div class=\"form-group\">\r\n            <label for=\"contact_postalCode\" class=\"required\">Code postal et localit\u00e9<\/label>\r\n            <input type=\"text\" name=\"postalCode\" class=\"form-control\" required>\r\n        <\/div>\r\n        <div class=\"form-group\">\r\n            <label for=\"contact_address\" class=\"required\">Adresse<\/label>\r\n            <input type=\"text\" name=\"address\" class=\"form-control\" required>\r\n        <\/div>\r\n        <div class=\"full-width topic\">\r\n            <p class=\"required\">Je souhaite \u00eatre contact\u00e9 pour :<\/p>\r\n            <div class=\"form-check\">\r\n                <input type=\"radio\" name=\"topic\" value=\"D\u00e9pannage\" class=\"form-control\" required>\r\n                <label for=\"d\u00e9pannage\">D\u00e9pannage<\/label>\r\n            <\/div>\r\n            <div class=\"form-check\">\r\n                <input type=\"radio\" name=\"topic\" value=\"Entretien\" class=\"form-control\" required>\r\n                <label for=\"entretien\">Entretien<\/label>\r\n            <\/div>\r\n            <div class=\"form-check\">\r\n                <input type=\"radio\" name=\"topic\" value=\"R\u00e9novation\" class=\"form-control\" required>\r\n                <label for=\"r\u00e9novation\">R\u00e9novation<\/label>\r\n            <\/div>\r\n            <div class=\"form-check\">\r\n                <input type=\"radio\" name=\"topic\" value=\"Autre\" class=\"form-control\" required>\r\n                <label for=\"autre\">Autre<\/label>\r\n            <\/div>\r\n        <\/div>\r\n        <div class=\"form-group full-width\">\r\n            <label for=\"contact_message\">Message<\/label>\r\n            <textarea name=\"message\" rows=\"3\" class=\"form-control\"><\/textarea>\r\n        <\/div>\r\n    <\/div>\r\n    <div class=\"form-actions\">\r\n        <button class=\"wp-block-button__link has-accent-background-color\">Contacter<\/button>\r\n    <\/div>\r\n<\/form>\r\n<div class=\"form-feedback\"><\/div>    <\/div><\/p>\n<h2>Pourquoi choisir notre entreprise ?<\/h2>\n<ul>\n<li>Vous avez la possibilit\u00e9 de r\u00e9server un rendez-vous le jour m\u00eame.<\/li>\n<li>Nous employons les derni\u00e8res pratiques de nettoyage.<\/li>\n<li>Nous employons des produits durables.<\/li>\n<li>Nous vous fournissons un devis sans frais.<\/li>\n<\/ul>\n<h2>Nettoyage de votre maison ou de votre local commercial \u00e0 Sion<\/h2>\n<p>Que vous ayez besoin d&rsquo;un nettoyage m\u00e9ticuleux, d\u2019un m\u00e9nage ponctuel ou d&rsquo;un entretien continu, nous pouvons cr\u00e9er des prestations personnalis\u00e9es, voici les interventions que nous pratiquons le plus fr\u00e9quemment \u00e0 Sion :<\/p>\n<ul>\n<li>M\u00e9nage apr\u00e8s d\u00e9m\u00e9nagement\/avant emm\u00e9nagement.<\/li>\n<li>Nettoyage d&rsquo;h\u00e9bergements Airbnb.<\/li>\n<li>Nettoyage des bureaux et des commerces.<\/li>\n<li>Nettoyage apr\u00e8s une r\u00e9novation.<\/li>\n<\/ul>\n<h2>Quelles sont les solutions de nettoyage qu&rsquo;artisanlocal propose\u202f?<\/h2>\n<ul>\n<li>Services de propret\u00e9 pour les locations courtes,<\/li>\n<li>service de m\u00e9nage d&rsquo;appartements,<\/li>\n<li>entretien d&rsquo;appareils \u00e9lectrom\u00e9nagers,<\/li>\n<li>nettoyage et entretien de l&rsquo;ext\u00e9rieur,<\/li>\n<li>service de nettoyage de sous-sols,<\/li>\n<li>assainissement des surfaces pour lutter contre les virus,<\/li>\n<li>lavage de la vaisselle,<\/li>\n<li>nettoyage des salles de gym,<\/li>\n<li>entretien des sols,<\/li>\n<li>nettoyage des h\u00f4pitaux,<\/li>\n<li>nettoyage apr\u00e8s un changement de logement,<\/li>\n<li>nettoyage des espaces de travail,<\/li>\n<li>nettoyage apr\u00e8s une r\u00e9novation,<\/li>\n<li>entretien des salles d&rsquo;eau,<\/li>\n<li>nettoyage des commerces locaux,<\/li>\n<li>nettoyage des salles de classe,<\/li>\n<li>nettoyage des fen\u00eatres.<\/li>\n<\/ul>\n<h2>Entreprise de nettoyage de confiance<\/h2>\n<p>Nous r\u00e9alisons le m\u00e9nage d\u2019appartement \u00e0 Sion, par exemple, nous pouvons nettoyer l&rsquo;int\u00e9rieur de votre appartement, avant la remise des cl\u00e9s en fin de bail.<\/p>\n<p>Il est n\u00e9cessaire de comprendre que si le nettoyage de l&rsquo;appartement n&rsquo;est pas r\u00e9alis\u00e9 correctement, le bailleur a le pouvoir de faire appel \u00e0 une entreprise de nettoyage et garder une part de votre d\u00e9p\u00f4t de garantie.<\/p>\n<p>Ce nettoyage avant l&rsquo;\u00e9tat des lieux inclut en particulier les services suivants :<\/p>\n<ul>\n<li>Le nettoyage des espaces : les sols, les murs, les parquets, les moquettes et les carrelages.<\/li>\n<li>Nettoyage des fen\u00eatres et des vitres.<\/li>\n<li>L&rsquo;entretien et le nettoyage de la salle de bain et des toilettes.<\/li>\n<li>Le nettoyage du coin cuisine et de la h\u00f4te de cuisine.<\/li>\n<li>L&rsquo;\u00e9limination des amas de poussi\u00e8re sur le mobilier d&rsquo;int\u00e9rieur.<\/li>\n<\/ul>\n<h3>Vous avez besoin d&rsquo;un service de nettoyage ponctuel de votre logement\u202f?<\/h3>\n<p>Notre entreprise propose des services de nettoyage sur mesure, adapt\u00e9s \u00e0 vos besoins, nous pouvons intervenir de mani\u00e8re hebdomadaire ou mensuellement.<\/p>\n<h3>Service pour un m\u00e9nage approfondi de votre r\u00e9sidence \u00e0 Sion<\/h3>\n<p>Nous proposons aussi des services de nettoyage approfondis pour votre maison ou votre appartement, en plus de notre prestation de nettoyage standard.<\/p>\n<h3>Quels sont les avantages de faire un entretien en profondeur ?<\/h3>\n<p>L&rsquo;avantage du m\u00e9nage en profondeur est de supprimer la salet\u00e9, la poussi\u00e8re et la crasse qui se sont regroup\u00e9e avec le temps, ce qui am\u00e9liore la qualit\u00e9 de l&rsquo;air int\u00e9rieur et \u00e9limine les mauvaises odeurs.<\/p>\n<h3>M\u00e9nage de locaux professionnels \u00e0 Sion<\/h3>\n<p>Pour le m\u00e9nage de vos bureaux, comptez sur Artisanlocal, avec nous, vous \u00e9conomisez du temps et de l&rsquo;\u00e9nergie ! Nous proposons des services de m\u00e9nages qui s&rsquo;ajustent \u00e0 vos exigences et \u00e0 votre budget, pour le m\u00e9nage des bureaux, comme :<\/p>\n<ul>\n<li>L&rsquo;entretien de moquettes et nettoyage des fen\u00eatres de vos locaux professionnels.<\/li>\n<li>L&rsquo;entretien de fauteuils, de chaises de travail, de divan en textile ou en cuir brut ou naturel.<\/li>\n<li>La gestion des d\u00e9chets m\u00e9nagers.<\/li>\n<li>L&rsquo;\u00e9limination de la poussi\u00e8re sur tous les meubles et espaces de travail.<\/li>\n<li>Le lavage des surfaces au sol et utilisation de l&rsquo;aspirateur.<\/li>\n<\/ul>\n<h3>Nettoyage de votre maison \u00e0 Sion<\/h3>\n<p>Pour que votre maison reste toujours propose, vous devez nettoyer quotidiennement votre int\u00e9rieur. \u00c0 notre \u00e9poque, la plupart des individus ont un calendrier rempli et cela rend difficile la r\u00e9alisation des corv\u00e9es m\u00e9nag\u00e8res journali\u00e8res, c&rsquo;est l\u00e0 que notre entreprise peut vous aider dans vos t\u00e2ches m\u00e9nag\u00e8res.<\/p>\n<h2>Pourquoi engager artisanlocal pour r\u00e9aliser le m\u00e9nage des habitations \u00e0 Sion ?<\/h2>\n<p>Si vous vivez \u00e0 Sion vous avez peut-\u00eatre du mal \u00e0 garder votre int\u00e9rieur bien rang\u00e9 et nettoy\u00e9. Nos services sont adapt\u00e9s aux habitants de Sion. Avec notre soci\u00e9t\u00e9, vous \u00eates en mesure de :<\/p>\n<h3>Mieux g\u00e9rer votre espace<\/h3>\n<p>Un h\u00e9bergement en d\u00e9sordre peut \u00eatre une cause de difficult\u00e9s dans votre quotidien (perte de temps, ou cr\u00e9er des tensions avec votre conjoint). En travaillant avec Artisanlocal, il vous sera plus facile d&rsquo;organiser votre lieu de vie, ce qui vous offre la possibilit\u00e9, de :<\/p>\n<h3>Cr\u00e9er une ambiance plus zen<\/h3>\n<p>En effet, une propri\u00e9t\u00e9 bien rang\u00e9e vous aidera ainsi que vos invit\u00e9s \u00e0 vous sentir plus \u00e0 l&rsquo;aise.<\/p>\n<h3>Rester en bonne sant\u00e9 et heureux<\/h3>\n<p>La concentration des poussi\u00e8res dans votre int\u00e9rieur peut cr\u00e9er des risques pour votre sant\u00e9, et causer des allergies ou augmenter celles qui existent d\u00e9j\u00e0. En faisant appel \u00e0 une entreprise de nettoyage, vous baissez le nombre d&rsquo;allerg\u00e8nes pr\u00e9sent dans l&rsquo;air.<\/p>\n<h3>Optimiser l&rsquo;organisation globale de votre r\u00e9sidence<\/h3>\n<p>Notre service de nettoyage peut s&rsquo;av\u00e9rer utile pour conserver votre int\u00e9rieur bien rang\u00e9. En outre, nous pouvons aussi intervenir \u00e0 : Chamoson, Grugnay (Chamoson), Les V\u00e9rines (Chamoson), N\u00e9miaz (Chamoson), St-Pierre-de-Clages, Ardon, St-L\u00e9onard, Uvrier, Vernami\u00e8ge, Pont-de-la-Morge (Sion), V\u00e9troz, Conthey, Savi\u00e8se, Bramois, Mase, Eison (St-Martin), Liez (St-Martin), St-Martin VS, Suen (St-Martin), Trogne (St-Martin), Champlan (Grimisuat), Grimisuat, Nax, Arbaz, St-S\u00e9verin, Aven, Daillon, Erde, Vex, Euseigne, Evol\u00e8ne, Lanna, La Tour VS, Les Haud\u00e8res, La Forclaz VS, La Sage, Villa (Evol\u00e8ne), Arolla, H\u00e9r\u00e9mence, Les Collons, Thyon, Arvillard (Salins), Mis\u00e9riez (Salins), Pravidondaz (Salins), Salins, Turin (Salins), Cr\u00eate-\u00e0-l'Oeil (Les Agettes), La Vernaz (Les Agettes), Les Agettes, Les Mayens-de-Sion, Cl\u00e8bes (Nendaz), Veysonnaz, Aproz (Nendaz), Baar (Nendaz), Basse-Nendaz, Beuson (Nendaz), Bieudron (Nendaz), Brignon (Nendaz), Cond\u00e9mines (Nendaz), Fey (Nendaz), Saclentse, Haute-Nendaz, Siviez (Nendaz), Sornard (Nendaz).<\/p>\n","protected":false},"excerpt":{"rendered":"<p>Vous habitez \u00e0 Sion et vous avez besoin d&rsquo;un nettoyage de votre int\u00e9rieur ? Artisanlocal.ch fournit des services de nettoyage complet de votre appartement ou de vos bureaux \u00e0 Sion. Pourquoi choisir notre entreprise ? Vous avez la possibilit\u00e9 de r\u00e9server un rendez-vous le jour m\u00eame. Nous employons les derni\u00e8res pratiques de nettoyage. Nous employons [&hellip;]<\/p>\n","protected":false},"author":4,"featured_media":2754,"parent":0,"menu_order":0,"comment_status":"closed","ping_status":"closed","template":"","meta":{"footnotes":""},"profession":[108],"location":[105],"canton":[110],"class_list":["post-426","page","type-page","status-publish","has-post-thumbnail","hentry","profession-agent-de-proprete","location-sion","canton-vs"],"yoast_head":"<!-- This site is optimized with the Yoast SEO Premium plugin v25.7.1 (Yoast SEO v27.4) - https:\/\/yoast.com\/product\/yoast-seo-premium-wordpress\/ -->\n<title>Entreprise de Nettoyage \u00e0 Sion - Artisanlocal<\/title>\n<meta name=\"robots\" content=\"index, follow, max-snippet:-1, max-image-preview:large, max-video-preview:-1\" \/>\n<link rel=\"canonical\" href=\"https:\/\/www.artisanlocal.ch\/c\/nettoyage-de-bureaux-et-de-domiciles-a-sion\/\" \/>\n<meta property=\"og:locale\" content=\"fr_FR\" \/>\n<meta property=\"og:type\" content=\"article\" \/>\n<meta property=\"og:title\" content=\"Entreprise de Nettoyage \u00e0 Sion\" \/>\n<meta property=\"og:description\" content=\"Vous habitez \u00e0 Sion et vous avez besoin d&rsquo;un nettoyage de votre int\u00e9rieur ? Artisanlocal.ch fournit des services de nettoyage complet de votre appartement ou de vos bureaux \u00e0 Sion. Pourquoi choisir notre entreprise ? Vous avez la possibilit\u00e9 de r\u00e9server un rendez-vous le jour m\u00eame. Nous employons les derni\u00e8res pratiques de nettoyage. Nous employons [&hellip;]\" \/>\n<meta property=\"og:url\" content=\"https:\/\/www.artisanlocal.ch\/c\/nettoyage-de-bureaux-et-de-domiciles-a-sion\/\" \/>\n<meta property=\"og:site_name\" content=\"Artisanlocal\" \/>\n<meta property=\"article:modified_time\" content=\"2025-08-26T23:33:37+00:00\" \/>\n<meta property=\"og:image\" content=\"https:\/\/www.artisanlocal.ch\/c\/wp-content\/uploads\/2024\/10\/agent-proprete.jpg\" \/>\n\t<meta property=\"og:image:width\" content=\"1920\" \/>\n\t<meta property=\"og:image:height\" content=\"300\" \/>\n\t<meta property=\"og:image:type\" content=\"image\/jpeg\" \/>\n<meta name=\"twitter:card\" content=\"summary_large_image\" \/>\n<meta name=\"twitter:label1\" content=\"Dur\u00e9e de lecture estim\u00e9e\" \/>\n\t<meta name=\"twitter:data1\" content=\"5 minutes\" \/>\n<script type=\"application\/ld+json\" class=\"yoast-schema-graph\">{\"@context\":\"https:\\\/\\\/schema.org\",\"@graph\":[{\"@type\":\"WebPage\",\"@id\":\"https:\\\/\\\/www.artisanlocal.ch\\\/c\\\/nettoyage-de-bureaux-et-de-domiciles-a-sion\\\/\",\"url\":\"https:\\\/\\\/www.artisanlocal.ch\\\/c\\\/nettoyage-de-bureaux-et-de-domiciles-a-sion\\\/\",\"name\":\"Entreprise de Nettoyage \u00e0 Sion - Artisanlocal\",\"isPartOf\":{\"@id\":\"https:\\\/\\\/www.artisanlocal.ch\\\/c\\\/#website\"},\"primaryImageOfPage\":{\"@id\":\"https:\\\/\\\/www.artisanlocal.ch\\\/c\\\/nettoyage-de-bureaux-et-de-domiciles-a-sion\\\/#primaryimage\"},\"image\":{\"@id\":\"https:\\\/\\\/www.artisanlocal.ch\\\/c\\\/nettoyage-de-bureaux-et-de-domiciles-a-sion\\\/#primaryimage\"},\"thumbnailUrl\":\"https:\\\/\\\/www.artisanlocal.ch\\\/c\\\/wp-content\\\/uploads\\\/2024\\\/10\\\/agent-proprete.jpg\",\"datePublished\":\"2024-04-16T16:38:23+00:00\",\"dateModified\":\"2025-08-26T23:33:37+00:00\",\"breadcrumb\":{\"@id\":\"https:\\\/\\\/www.artisanlocal.ch\\\/c\\\/nettoyage-de-bureaux-et-de-domiciles-a-sion\\\/#breadcrumb\"},\"inLanguage\":\"fr-FR\",\"potentialAction\":[{\"@type\":\"ReadAction\",\"target\":[\"https:\\\/\\\/www.artisanlocal.ch\\\/c\\\/nettoyage-de-bureaux-et-de-domiciles-a-sion\\\/\"]}]},{\"@type\":\"ImageObject\",\"inLanguage\":\"fr-FR\",\"@id\":\"https:\\\/\\\/www.artisanlocal.ch\\\/c\\\/nettoyage-de-bureaux-et-de-domiciles-a-sion\\\/#primaryimage\",\"url\":\"https:\\\/\\\/www.artisanlocal.ch\\\/c\\\/wp-content\\\/uploads\\\/2024\\\/10\\\/agent-proprete.jpg\",\"contentUrl\":\"https:\\\/\\\/www.artisanlocal.ch\\\/c\\\/wp-content\\\/uploads\\\/2024\\\/10\\\/agent-proprete.jpg\",\"width\":1920,\"height\":300},{\"@type\":\"BreadcrumbList\",\"@id\":\"https:\\\/\\\/www.artisanlocal.ch\\\/c\\\/nettoyage-de-bureaux-et-de-domiciles-a-sion\\\/#breadcrumb\",\"itemListElement\":[{\"@type\":\"ListItem\",\"position\":1,\"name\":\"Accueil\",\"item\":\"https:\\\/\\\/www.artisanlocal.ch\\\/c\\\/\"},{\"@type\":\"ListItem\",\"position\":2,\"name\":\"Entreprise de Nettoyage \u00e0 Sion\"}]},{\"@type\":\"WebSite\",\"@id\":\"https:\\\/\\\/www.artisanlocal.ch\\\/c\\\/#website\",\"url\":\"https:\\\/\\\/www.artisanlocal.ch\\\/c\\\/\",\"name\":\"Artisanlocal\",\"description\":\"\",\"publisher\":{\"@id\":\"https:\\\/\\\/www.artisanlocal.ch\\\/c\\\/#organization\"},\"potentialAction\":[{\"@type\":\"SearchAction\",\"target\":{\"@type\":\"EntryPoint\",\"urlTemplate\":\"https:\\\/\\\/www.artisanlocal.ch\\\/c\\\/?s={search_term_string}\"},\"query-input\":{\"@type\":\"PropertyValueSpecification\",\"valueRequired\":true,\"valueName\":\"search_term_string\"}}],\"inLanguage\":\"fr-FR\"},{\"@type\":\"Organization\",\"@id\":\"https:\\\/\\\/www.artisanlocal.ch\\\/c\\\/#organization\",\"name\":\"Artisanlocal\",\"url\":\"https:\\\/\\\/www.artisanlocal.ch\\\/c\\\/\",\"logo\":{\"@type\":\"ImageObject\",\"inLanguage\":\"fr-FR\",\"@id\":\"https:\\\/\\\/www.artisanlocal.ch\\\/c\\\/#\\\/schema\\\/logo\\\/image\\\/\",\"url\":\"https:\\\/\\\/www.artisanlocal.ch\\\/c\\\/wp-content\\\/uploads\\\/2024\\\/02\\\/logo-artisanlocal-h.svg\",\"contentUrl\":\"https:\\\/\\\/www.artisanlocal.ch\\\/c\\\/wp-content\\\/uploads\\\/2024\\\/02\\\/logo-artisanlocal-h.svg\",\"caption\":\"Artisanlocal\"},\"image\":{\"@id\":\"https:\\\/\\\/www.artisanlocal.ch\\\/c\\\/#\\\/schema\\\/logo\\\/image\\\/\"}}]}<\/script>\n<!-- \/ Yoast SEO Premium plugin. -->","yoast_head_json":{"title":"Entreprise de Nettoyage \u00e0 Sion - Artisanlocal","robots":{"index":"index","follow":"follow","max-snippet":"max-snippet:-1","max-image-preview":"max-image-preview:large","max-video-preview":"max-video-preview:-1"},"canonical":"https:\/\/www.artisanlocal.ch\/c\/nettoyage-de-bureaux-et-de-domiciles-a-sion\/","og_locale":"fr_FR","og_type":"article","og_title":"Entreprise de Nettoyage \u00e0 Sion","og_description":"Vous habitez \u00e0 Sion et vous avez besoin d&rsquo;un nettoyage de votre int\u00e9rieur ? Artisanlocal.ch fournit des services de nettoyage complet de votre appartement ou de vos bureaux \u00e0 Sion. Pourquoi choisir notre entreprise ? Vous avez la possibilit\u00e9 de r\u00e9server un rendez-vous le jour m\u00eame. Nous employons les derni\u00e8res pratiques de nettoyage. Nous employons [&hellip;]","og_url":"https:\/\/www.artisanlocal.ch\/c\/nettoyage-de-bureaux-et-de-domiciles-a-sion\/","og_site_name":"Artisanlocal","article_modified_time":"2025-08-26T23:33:37+00:00","og_image":[{"width":1920,"height":300,"url":"https:\/\/www.artisanlocal.ch\/c\/wp-content\/uploads\/2024\/10\/agent-proprete.jpg","type":"image\/jpeg"}],"twitter_card":"summary_large_image","twitter_misc":{"Dur\u00e9e de lecture estim\u00e9e":"5 minutes"},"schema":{"@context":"https:\/\/schema.org","@graph":[{"@type":"WebPage","@id":"https:\/\/www.artisanlocal.ch\/c\/nettoyage-de-bureaux-et-de-domiciles-a-sion\/","url":"https:\/\/www.artisanlocal.ch\/c\/nettoyage-de-bureaux-et-de-domiciles-a-sion\/","name":"Entreprise de Nettoyage \u00e0 Sion - Artisanlocal","isPartOf":{"@id":"https:\/\/www.artisanlocal.ch\/c\/#website"},"primaryImageOfPage":{"@id":"https:\/\/www.artisanlocal.ch\/c\/nettoyage-de-bureaux-et-de-domiciles-a-sion\/#primaryimage"},"image":{"@id":"https:\/\/www.artisanlocal.ch\/c\/nettoyage-de-bureaux-et-de-domiciles-a-sion\/#primaryimage"},"thumbnailUrl":"https:\/\/www.artisanlocal.ch\/c\/wp-content\/uploads\/2024\/10\/agent-proprete.jpg","datePublished":"2024-04-16T16:38:23+00:00","dateModified":"2025-08-26T23:33:37+00:00","breadcrumb":{"@id":"https:\/\/www.artisanlocal.ch\/c\/nettoyage-de-bureaux-et-de-domiciles-a-sion\/#breadcrumb"},"inLanguage":"fr-FR","potentialAction":[{"@type":"ReadAction","target":["https:\/\/www.artisanlocal.ch\/c\/nettoyage-de-bureaux-et-de-domiciles-a-sion\/"]}]},{"@type":"ImageObject","inLanguage":"fr-FR","@id":"https:\/\/www.artisanlocal.ch\/c\/nettoyage-de-bureaux-et-de-domiciles-a-sion\/#primaryimage","url":"https:\/\/www.artisanlocal.ch\/c\/wp-content\/uploads\/2024\/10\/agent-proprete.jpg","contentUrl":"https:\/\/www.artisanlocal.ch\/c\/wp-content\/uploads\/2024\/10\/agent-proprete.jpg","width":1920,"height":300},{"@type":"BreadcrumbList","@id":"https:\/\/www.artisanlocal.ch\/c\/nettoyage-de-bureaux-et-de-domiciles-a-sion\/#breadcrumb","itemListElement":[{"@type":"ListItem","position":1,"name":"Accueil","item":"https:\/\/www.artisanlocal.ch\/c\/"},{"@type":"ListItem","position":2,"name":"Entreprise de Nettoyage \u00e0 Sion"}]},{"@type":"WebSite","@id":"https:\/\/www.artisanlocal.ch\/c\/#website","url":"https:\/\/www.artisanlocal.ch\/c\/","name":"Artisanlocal","description":"","publisher":{"@id":"https:\/\/www.artisanlocal.ch\/c\/#organization"},"potentialAction":[{"@type":"SearchAction","target":{"@type":"EntryPoint","urlTemplate":"https:\/\/www.artisanlocal.ch\/c\/?s={search_term_string}"},"query-input":{"@type":"PropertyValueSpecification","valueRequired":true,"valueName":"search_term_string"}}],"inLanguage":"fr-FR"},{"@type":"Organization","@id":"https:\/\/www.artisanlocal.ch\/c\/#organization","name":"Artisanlocal","url":"https:\/\/www.artisanlocal.ch\/c\/","logo":{"@type":"ImageObject","inLanguage":"fr-FR","@id":"https:\/\/www.artisanlocal.ch\/c\/#\/schema\/logo\/image\/","url":"https:\/\/www.artisanlocal.ch\/c\/wp-content\/uploads\/2024\/02\/logo-artisanlocal-h.svg","contentUrl":"https:\/\/www.artisanlocal.ch\/c\/wp-content\/uploads\/2024\/02\/logo-artisanlocal-h.svg","caption":"Artisanlocal"},"image":{"@id":"https:\/\/www.artisanlocal.ch\/c\/#\/schema\/logo\/image\/"}}]}},"_links":{"self":[{"href":"https:\/\/www.artisanlocal.ch\/c\/wp-json\/wp\/v2\/pages\/426","targetHints":{"allow":["GET"]}}],"collection":[{"href":"https:\/\/www.artisanlocal.ch\/c\/wp-json\/wp\/v2\/pages"}],"about":[{"href":"https:\/\/www.artisanlocal.ch\/c\/wp-json\/wp\/v2\/types\/page"}],"author":[{"embeddable":true,"href":"https:\/\/www.artisanlocal.ch\/c\/wp-json\/wp\/v2\/users\/4"}],"replies":[{"embeddable":true,"href":"https:\/\/www.artisanlocal.ch\/c\/wp-json\/wp\/v2\/comments?post=426"}],"version-history":[{"count":0,"href":"https:\/\/www.artisanlocal.ch\/c\/wp-json\/wp\/v2\/pages\/426\/revisions"}],"wp:featuredmedia":[{"embeddable":true,"href":"https:\/\/www.artisanlocal.ch\/c\/wp-json\/wp\/v2\/media\/2754"}],"wp:attachment":[{"href":"https:\/\/www.artisanlocal.ch\/c\/wp-json\/wp\/v2\/media?parent=426"}],"wp:term":[{"taxonomy":"profession","embeddable":true,"href":"https:\/\/www.artisanlocal.ch\/c\/wp-json\/wp\/v2\/profession?post=426"},{"taxonomy":"location","embeddable":true,"href":"https:\/\/www.artisanlocal.ch\/c\/wp-json\/wp\/v2\/location?post=426"},{"taxonomy":"canton","embeddable":true,"href":"https:\/\/www.artisanlocal.ch\/c\/wp-json\/wp\/v2\/canton?post=426"}],"curies":[{"name":"wp","href":"https:\/\/api.w.org\/{rel}","templated":true}]}}