{"id":430,"date":"2024-04-16T18:38:34","date_gmt":"2024-04-16T16:38:34","guid":{"rendered":"https:\/\/www.artisanlocal.ch\/c\/nettoyage-pour-logement-et-bureau-a-apples\/"},"modified":"2025-08-27T01:33:34","modified_gmt":"2025-08-26T23:33:34","slug":"nettoyage-pour-logement-et-bureau-a-apples","status":"publish","type":"page","link":"https:\/\/www.artisanlocal.ch\/c\/nettoyage-pour-logement-et-bureau-a-apples\/","title":{"rendered":"Entreprise de Nettoyage \u00e0 Apples"},"content":{"rendered":"<p>Nous proposons un nettoyage entier de votre domicile ou de vos locaux \u00e0 Apples. Notre entreprise est compos\u00e9e d&rsquo;experts form\u00e9s aux derni\u00e8res techniques qui s&rsquo;efforcent de fournir \u00e0 nos clients des services de la meilleure qualit\u00e9 possible.<\/p>\n\r\n<div class=\"box\">\r\n            <div class=\"company-info\">\r\n            <img decoding=\"async\" class=\"company-info__logo\" src=\"https:\/\/www.artisanlocal.ch\/media\/cache\/thumb\/images\/companies\/67289cacd484b157917953.png\" alt=\"Logo\">\r\n            <h2 class=\"company-info__name\">KMCLEAN<\/h2>\r\n            <p class=\"company-info__business\">Conciergerie - Nettoyage de bureaux - Nettoyage de maisons \/ appartements - Nettoyages commerciaux - Centre m\u00e9dicaux - Nettoyage de chantiers - Nettoyage int\u00e9gral des vitres, des balcons et des terrasses<\/p>\r\n        <\/div>\r\n        <div class=\"company-contact\">\r\n            <p class=\"company-info__address\">Chemin de la Traverse 5<\/p>\r\n                            <div class=\"links\">\r\n                                            <a class=\"btn has-accent-background-color js-phoneNumber\" href=\"tel:0783105750\" title=\"Appelez\" data-id=\"25332\" data-type=\"11\">078 310 57 50<\/a>\r\n                                                                <a class=\"btn has-accent-background-color\" href=\"https:\/\/kmclean.ch\/\" target=\"_blank\" title=\"Voir le site internet\" data-id=\"25332\" data-type=\"20\">Site internet<\/a>\r\n                                    <\/div>\r\n                    <\/div>\r\n    \r\n            \r\n<form action=\"https:\/\/www.artisanlocal.ch\/c\/wp-admin\/admin-ajax.php\" method=\"post\" class=\"form-contact\" id=\"artisan_form_contact_company_inline\">\r\n    <div><input type=\"hidden\" name=\"action\" value=\"company_contact\"><\/div>\r\n    <div><input type=\"hidden\" name=\"nonce\" value=\"90ac9c78b3\"><\/div>\r\n    <div><input type=\"hidden\" name=\"company_id\" value=\"25332\"><\/div>\r\n    <div><input type=\"hidden\" name=\"form_id\" value=\"artisan_form_contact_company_inline\"><\/div>\r\n    <div class=\"gglcptch gglcptch_v3 gglcptch_custom\"><input type=\"hidden\" id=\"g-recaptcha-response\" name=\"g-recaptcha-response\" \/><br \/><div class=\"gglcptch_error_text\">La p\u00e9riode de v\u00e9rification reCAPTCHA a expir\u00e9. Veuillez recharger la page.<\/div><\/div>    <div class=\"form-content\">\r\n        <div class=\"form-group\">\r\n            <label for=\"contact_firstName\" class=\"required\">Pr\u00e9nom<\/label>\r\n            <input type=\"text\" name=\"firstName\" class=\"form-control\" required>\r\n        <\/div>\r\n        <div class=\"form-group\">\r\n            <label for=\"contact_lastName\" class=\"required\">Nom<\/label>\r\n            <input type=\"text\" name=\"lastName\" class=\"form-control\" required>\r\n        <\/div>\r\n        <div class=\"form-group\">\r\n            <label for=\"contact_email\" class=\"required\">Email<\/label>\r\n            <input type=\"email\" name=\"email\" class=\"form-control\" required>\r\n        <\/div>\r\n        <div class=\"form-group\">\r\n            <label for=\"contact_phone\" class=\"required\">Num\u00e9ro de t\u00e9l\u00e9phone<\/label>\r\n            <input type=\"tel\" name=\"phone\" class=\"form-control\" placeholder=\"0787117165\" pattern=\"^[0-9]{10}$\" required>\r\n        <\/div>\r\n        <div class=\"form-group\">\r\n            <label for=\"contact_postalCode\" class=\"required\">Code postal et localit\u00e9<\/label>\r\n            <input type=\"text\" name=\"postalCode\" class=\"form-control\" required>\r\n        <\/div>\r\n        <div class=\"form-group\">\r\n            <label for=\"contact_address\" class=\"required\">Adresse<\/label>\r\n            <input type=\"text\" name=\"address\" class=\"form-control\" required>\r\n        <\/div>\r\n        <div class=\"full-width topic\">\r\n            <p class=\"required\">Je souhaite \u00eatre contact\u00e9 pour :<\/p>\r\n            <div class=\"form-check\">\r\n                <input type=\"radio\" name=\"topic\" value=\"D\u00e9pannage\" class=\"form-control\" required>\r\n                <label for=\"d\u00e9pannage\">D\u00e9pannage<\/label>\r\n            <\/div>\r\n            <div class=\"form-check\">\r\n                <input type=\"radio\" name=\"topic\" value=\"Entretien\" class=\"form-control\" required>\r\n                <label for=\"entretien\">Entretien<\/label>\r\n            <\/div>\r\n            <div class=\"form-check\">\r\n                <input type=\"radio\" name=\"topic\" value=\"R\u00e9novation\" class=\"form-control\" required>\r\n                <label for=\"r\u00e9novation\">R\u00e9novation<\/label>\r\n            <\/div>\r\n            <div class=\"form-check\">\r\n                <input type=\"radio\" name=\"topic\" value=\"Autre\" class=\"form-control\" required>\r\n                <label for=\"autre\">Autre<\/label>\r\n            <\/div>\r\n        <\/div>\r\n        <div class=\"form-group full-width\">\r\n            <label for=\"contact_message\">Message<\/label>\r\n            <textarea name=\"message\" rows=\"3\" class=\"form-control\"><\/textarea>\r\n        <\/div>\r\n    <\/div>\r\n    <div class=\"form-actions\">\r\n        <button class=\"wp-block-button__link has-accent-background-color\">Contacter<\/button>\r\n    <\/div>\r\n<\/form>\r\n<div class=\"form-feedback\"><\/div>    <\/div>\n<h2>Pourquoi choisir notre soci\u00e9t\u00e9 ?<\/h2>\n<ul>\n<li>Vous avez la possibilit\u00e9 de r\u00e9server un rendez-vous le jour m\u00eame.<\/li>\n<li>Nous utilisons les derni\u00e8res pratiques de nettoyage.<\/li>\n<li>Nous utilisons des produits durables pour l&rsquo;environnement.<\/li>\n<li>Nos devis sont sans frais.<\/li>\n<\/ul>\n<h2>Services de m\u00e9nage \u00e0 Apples<\/h2>\n<p>Nous proposons des solutions de nettoyage pour r\u00e9pondre aux attentes de chacun de nos clients.<\/p>\n<p>Qu&rsquo;il s&rsquo;agisse d&rsquo;un nettoyage en profondeur, d\u2019un m\u00e9nage r\u00e9gulier ou d&rsquo;un service constant, nous pouvons \u00e9laborer des prestations sur mesure, voici les prestations que nous r\u00e9alisons le plus souvent \u00e0 Apples, vous pouvez profiter :<\/p>\n<ul>\n<li>De service de m\u00e9nage pour votre changement de domicile.<\/li>\n<li>D&rsquo;une solution de m\u00e9nage, si vous \u00eates propri\u00e9taires Airbnb.<\/li>\n<li>D&rsquo;un nettoyage des bureaux et des commerces.<\/li>\n<li>D&rsquo;un service de nettoyage professionnel apr\u00e8s une r\u00e9novation de maison.<\/li>\n<\/ul>\n<h2>Quelles sont les prestations d&rsquo;entretien d&rsquo;artisanlocal\u202f?<\/h2>\n<ul>\n<li>Services de propret\u00e9 pour les locations courtes,<\/li>\n<li>service de nettoyage et de m\u00e9nage de logements,<\/li>\n<li>entretien des \u00e9quipements m\u00e9nagers,<\/li>\n<li>nettoyage de terrasse,<\/li>\n<li>nettoyage des espaces souterrains,<\/li>\n<li>d\u00e9sinfection des surfaces pour lutter contre les virus,<\/li>\n<li>nettoyage de la vaisselle,<\/li>\n<li>nettoyage des salles de gym,<\/li>\n<li>entretien des sols,<\/li>\n<li>nettoyage sanitaire en milieu hospitalier,<\/li>\n<li>m\u00e9nage et nettoyage apr\u00e8s un changement de domicile,<\/li>\n<li>nettoyage de bureaux,<\/li>\n<li>service de propret\u00e9 apr\u00e8s des travaux,<\/li>\n<li>m\u00e9nage des salles d&rsquo;eau,<\/li>\n<li>nettoyage des commerces locaux,<\/li>\n<li>nettoyage des \u00e9coles,<\/li>\n<li>lavage de vitres.<\/li>\n<\/ul>\n<h2>Une soci\u00e9t\u00e9 de m\u00e9nage fiable implant\u00e9e en Suisse<\/h2>\n<h3>M\u00e9nage complet d&rsquo;appartement \u00e0 Apples<\/h3>\n<p>Nous effectuons le m\u00e9nage des appartements \u00e0 Apples, par exemple, nous pouvons nettoyer l&rsquo;int\u00e9rieur de votre appartement, en amont de la remise des cl\u00e9s en fin de bail.<\/p>\n<p>Il est essentiel de savoir que si le nettoyage de l&rsquo;appartement n&rsquo;est pas effectu\u00e9 correctement, le propri\u00e9taire a le droit de faire appel \u00e0 une soci\u00e9t\u00e9 de m\u00e9nage et garder une part de votre caution.<\/p>\n<p>Les services de m\u00e9nage pour l&rsquo;\u00e9tat des lieux comprennent :<\/p>\n<p>&#8211; L&rsquo;entretien et le nettoyage des espaces : les murs, les sols, les planchers, les tapis et les carrelages.<\/p>\n<p>&#8211; Service de nettoyage des vitres et des fen\u00eatres.<\/p>\n<p>&#8211; Entretien des toilettes et de la salle d&rsquo;eau.<\/p>\n<p>&#8211; L&rsquo;entretien de l&rsquo;espace de cuisson et du syst\u00e8me d&rsquo;a\u00e9ration du coin cuisine.<\/p>\n<p>&#8211; Le service de d\u00e9poussi\u00e9rage des meubles.<\/p>\n<h3>Vous avez besoin d&rsquo;un nettoyage continu de votre appartement?<\/h3>\n<p>Notre entreprise offre des services de propret\u00e9 sur mesure, adapt\u00e9s \u00e0 vos exigences, nous pouvons op\u00e9rer de mani\u00e8res hebdomadaires, bihebdomadaires ou mensuelles.<\/p>\n<h3>Entretien approfondi de votre villa et de votre studio \u00e0 Apples<\/h3>\n<p>Artisanlocal propose des services de m\u00e9nage en profondeur pour votre logement ou maison, en plus de notre service de nettoyage standard.<\/p>\n<h3>Quels sont les avantages d\u2019un entretien approfondi avec Artisanlocal ?<\/h3>\n<p>L&rsquo;avantage du m\u00e9nage en profondeur est d&rsquo;\u00e9liminer les particules, les salet\u00e9s et les salissures qui se sont empil\u00e9es au fil du temps, ce qui am\u00e9liore la qualit\u00e9 de l&rsquo;aire int\u00e9rieure de votre appartement. De plus, un nettoyage en profondeur permet aussi d&rsquo;\u00e9liminer efficacement les mauvaises odeurs.<\/p>\n<h3>Service de nettoyage de bureaux \u00e0 Apples<\/h3>\n<p>Faire appel \u00e0 Artisanlocal pour l&rsquo;entretien de locaux professionnels est la meilleure solution. Vous ferez des \u00e9conomies de temps et d&rsquo;\u00e9nergie ! Nous proposons des services de m\u00e9nages \u00e0 l&rsquo;ann\u00e9e qui s&rsquo;adaptera \u00e0 vos besoins et \u00e0 votre enveloppe budg\u00e9taire. D\u00e9couvrez nos services de m\u00e9nage pour les lieux de travail :<\/p>\n<ul>\n<li>Nettoyage de vos moquettes et des vitres.<\/li>\n<li>Entretien des mobiliers de bureau en tissu ou cuir (des fauteuils, des bureaux, des canap\u00e9s).<\/li>\n<li>Enl\u00e8vement des d\u00e9tritus.<\/li>\n<li>D\u00e9poussi\u00e9rage de tous les ameublements et espaces de travail.<\/li>\n<li>Lavage des surfaces au sol et utilisation de l&rsquo;aspirateur.<\/li>\n<\/ul>\n<h3>Service de nettoyage de maison \u00e0 Apples<\/h3>\n<p>Pour garder l&rsquo;int\u00e9rieur de votre propri\u00e9t\u00e9 soign\u00e9e, il est n\u00e9cessaire de r\u00e9aliser un nettoyage journalier. Malheureusement, un agenda rempli peut rendre cette t\u00e2che compliqu\u00e9e, voire impossible, confiez \u00e0 notre soci\u00e9t\u00e9 le nettoyage de votre maison.<\/p>\n<h2>Pourquoi faire appel \u00e0 une entreprise de nettoyage \u00e0 Apples ?<\/h2>\n<p>Si vous habitez \u00e0 Apples vous pouvez rencontrer des difficult\u00e9s \u00e0 conserver votre domicile propre et bien rang\u00e9. Nos prestations sont adapt\u00e9es aux r\u00e9sidents de Apples. Avec notre soci\u00e9t\u00e9, vous \u00eates en mesure de :<\/p>\n<h3>Mieux g\u00e9rer votre espace<\/h3>\n<p>Si votre h\u00e9bergement est d\u00e9sordonn\u00e9, il est compliqu\u00e9 de se sentir bien chez soi. Artisanlocal offre des services de nettoyage pour votre maison de fa\u00e7on \u00e0 mieux ranger votre espace, ce qui vous permet, de :<\/p>\n<h3>Cr\u00e9er un milieu plus avenant<\/h3>\n<p>En effet, une maison bien organis\u00e9e vous aidera ainsi que vos invit\u00e9s \u00e0 vous sentir mieux.<\/p>\n<h3>Rester en bonne sant\u00e9 et content<\/h3>\n<p>Ne pas retirer la salet\u00e9 et la poussi\u00e8re dans votre int\u00e9rieur peut provoquer des dangers pour la sant\u00e9, comme d\u00e9clencher des allergies ou amplifier celles d\u00e9j\u00e0 pr\u00e9sentes. En engageant une entreprise de m\u00e9nage, vous r\u00e9duisez le risque d&rsquo;allergies.<\/p>\n<h3>Avoir une meilleure configuration de votre espace int\u00e9rieur<\/h3>\n<p>Comme beaucoup de domiciles, votre r\u00e9sidence peut \u00eatre en d\u00e9sordre, ce qui provoque des soucis dans la vie de tous les jours. Notre service de m\u00e9nage peut s&rsquo;av\u00e9rer utile pour garder votre maison bien organis\u00e9e. Par ailleurs, nous pouvons aussi intervenir \u00e0 : Ballens, Bi\u00e8re, Mollens VD, Berolle, Etoy, Buchillon, Allaman, Perroy, Villars-sous-Yens, Yens, Aubonne, Bougy-Villars, F\u00e9chy, Pizy, Montherod, Lavigny, St-Livres, Saubraz.<\/p>\n","protected":false},"excerpt":{"rendered":"<p>Nous proposons un nettoyage entier de votre domicile ou de vos locaux \u00e0 Apples. Notre entreprise est compos\u00e9e d&rsquo;experts form\u00e9s aux derni\u00e8res techniques qui s&rsquo;efforcent de fournir \u00e0 nos clients des services de la meilleure qualit\u00e9 possible. Pourquoi choisir notre soci\u00e9t\u00e9 ? Vous avez la possibilit\u00e9 de r\u00e9server un rendez-vous le jour m\u00eame. Nous utilisons [&hellip;]<\/p>\n","protected":false},"author":4,"featured_media":2754,"parent":0,"menu_order":0,"comment_status":"closed","ping_status":"closed","template":"","meta":{"footnotes":""},"profession":[108],"location":[82],"canton":[113],"class_list":["post-430","page","type-page","status-publish","has-post-thumbnail","hentry","profession-agent-de-proprete","location-apples","canton-vd"],"yoast_head":"<!-- This site is optimized with the Yoast SEO Premium plugin v25.7.1 (Yoast SEO v27.3) - https:\/\/yoast.com\/product\/yoast-seo-premium-wordpress\/ -->\n<title>Entreprise de Nettoyage \u00e0 Apples - Artisanlocal<\/title>\n<meta name=\"robots\" content=\"index, follow, max-snippet:-1, max-image-preview:large, max-video-preview:-1\" \/>\n<link rel=\"canonical\" href=\"https:\/\/www.artisanlocal.ch\/c\/nettoyage-pour-logement-et-bureau-a-apples\/\" \/>\n<meta property=\"og:locale\" content=\"fr_FR\" \/>\n<meta property=\"og:type\" content=\"article\" \/>\n<meta property=\"og:title\" content=\"Entreprise de Nettoyage \u00e0 Apples\" \/>\n<meta property=\"og:description\" content=\"Nous proposons un nettoyage entier de votre domicile ou de vos locaux \u00e0 Apples. Notre entreprise est compos\u00e9e d&rsquo;experts form\u00e9s aux derni\u00e8res techniques qui s&rsquo;efforcent de fournir \u00e0 nos clients des services de la meilleure qualit\u00e9 possible. Pourquoi choisir notre soci\u00e9t\u00e9 ? Vous avez la possibilit\u00e9 de r\u00e9server un rendez-vous le jour m\u00eame. Nous utilisons [&hellip;]\" \/>\n<meta property=\"og:url\" content=\"https:\/\/www.artisanlocal.ch\/c\/nettoyage-pour-logement-et-bureau-a-apples\/\" \/>\n<meta property=\"og:site_name\" content=\"Artisanlocal\" \/>\n<meta property=\"article:modified_time\" content=\"2025-08-26T23:33:34+00:00\" \/>\n<meta property=\"og:image\" content=\"https:\/\/www.artisanlocal.ch\/c\/wp-content\/uploads\/2024\/10\/agent-proprete.jpg\" \/>\n\t<meta property=\"og:image:width\" content=\"1920\" \/>\n\t<meta property=\"og:image:height\" content=\"300\" \/>\n\t<meta property=\"og:image:type\" content=\"image\/jpeg\" \/>\n<meta name=\"twitter:card\" content=\"summary_large_image\" \/>\n<meta name=\"twitter:label1\" content=\"Dur\u00e9e de lecture estim\u00e9e\" \/>\n\t<meta name=\"twitter:data1\" content=\"5 minutes\" \/>\n<script type=\"application\/ld+json\" class=\"yoast-schema-graph\">{\"@context\":\"https:\\\/\\\/schema.org\",\"@graph\":[{\"@type\":\"WebPage\",\"@id\":\"https:\\\/\\\/www.artisanlocal.ch\\\/c\\\/nettoyage-pour-logement-et-bureau-a-apples\\\/\",\"url\":\"https:\\\/\\\/www.artisanlocal.ch\\\/c\\\/nettoyage-pour-logement-et-bureau-a-apples\\\/\",\"name\":\"Entreprise de Nettoyage \u00e0 Apples - Artisanlocal\",\"isPartOf\":{\"@id\":\"https:\\\/\\\/www.artisanlocal.ch\\\/c\\\/#website\"},\"primaryImageOfPage\":{\"@id\":\"https:\\\/\\\/www.artisanlocal.ch\\\/c\\\/nettoyage-pour-logement-et-bureau-a-apples\\\/#primaryimage\"},\"image\":{\"@id\":\"https:\\\/\\\/www.artisanlocal.ch\\\/c\\\/nettoyage-pour-logement-et-bureau-a-apples\\\/#primaryimage\"},\"thumbnailUrl\":\"https:\\\/\\\/www.artisanlocal.ch\\\/c\\\/wp-content\\\/uploads\\\/2024\\\/10\\\/agent-proprete.jpg\",\"datePublished\":\"2024-04-16T16:38:34+00:00\",\"dateModified\":\"2025-08-26T23:33:34+00:00\",\"breadcrumb\":{\"@id\":\"https:\\\/\\\/www.artisanlocal.ch\\\/c\\\/nettoyage-pour-logement-et-bureau-a-apples\\\/#breadcrumb\"},\"inLanguage\":\"fr-FR\",\"potentialAction\":[{\"@type\":\"ReadAction\",\"target\":[\"https:\\\/\\\/www.artisanlocal.ch\\\/c\\\/nettoyage-pour-logement-et-bureau-a-apples\\\/\"]}]},{\"@type\":\"ImageObject\",\"inLanguage\":\"fr-FR\",\"@id\":\"https:\\\/\\\/www.artisanlocal.ch\\\/c\\\/nettoyage-pour-logement-et-bureau-a-apples\\\/#primaryimage\",\"url\":\"https:\\\/\\\/www.artisanlocal.ch\\\/c\\\/wp-content\\\/uploads\\\/2024\\\/10\\\/agent-proprete.jpg\",\"contentUrl\":\"https:\\\/\\\/www.artisanlocal.ch\\\/c\\\/wp-content\\\/uploads\\\/2024\\\/10\\\/agent-proprete.jpg\",\"width\":1920,\"height\":300},{\"@type\":\"BreadcrumbList\",\"@id\":\"https:\\\/\\\/www.artisanlocal.ch\\\/c\\\/nettoyage-pour-logement-et-bureau-a-apples\\\/#breadcrumb\",\"itemListElement\":[{\"@type\":\"ListItem\",\"position\":1,\"name\":\"Accueil\",\"item\":\"https:\\\/\\\/www.artisanlocal.ch\\\/c\\\/\"},{\"@type\":\"ListItem\",\"position\":2,\"name\":\"Entreprise de Nettoyage \u00e0 Apples\"}]},{\"@type\":\"WebSite\",\"@id\":\"https:\\\/\\\/www.artisanlocal.ch\\\/c\\\/#website\",\"url\":\"https:\\\/\\\/www.artisanlocal.ch\\\/c\\\/\",\"name\":\"Artisanlocal\",\"description\":\"\",\"publisher\":{\"@id\":\"https:\\\/\\\/www.artisanlocal.ch\\\/c\\\/#organization\"},\"potentialAction\":[{\"@type\":\"SearchAction\",\"target\":{\"@type\":\"EntryPoint\",\"urlTemplate\":\"https:\\\/\\\/www.artisanlocal.ch\\\/c\\\/?s={search_term_string}\"},\"query-input\":{\"@type\":\"PropertyValueSpecification\",\"valueRequired\":true,\"valueName\":\"search_term_string\"}}],\"inLanguage\":\"fr-FR\"},{\"@type\":\"Organization\",\"@id\":\"https:\\\/\\\/www.artisanlocal.ch\\\/c\\\/#organization\",\"name\":\"Artisanlocal\",\"url\":\"https:\\\/\\\/www.artisanlocal.ch\\\/c\\\/\",\"logo\":{\"@type\":\"ImageObject\",\"inLanguage\":\"fr-FR\",\"@id\":\"https:\\\/\\\/www.artisanlocal.ch\\\/c\\\/#\\\/schema\\\/logo\\\/image\\\/\",\"url\":\"https:\\\/\\\/www.artisanlocal.ch\\\/c\\\/wp-content\\\/uploads\\\/2024\\\/02\\\/logo-artisanlocal-h.svg\",\"contentUrl\":\"https:\\\/\\\/www.artisanlocal.ch\\\/c\\\/wp-content\\\/uploads\\\/2024\\\/02\\\/logo-artisanlocal-h.svg\",\"caption\":\"Artisanlocal\"},\"image\":{\"@id\":\"https:\\\/\\\/www.artisanlocal.ch\\\/c\\\/#\\\/schema\\\/logo\\\/image\\\/\"}}]}<\/script>\n<!-- \/ Yoast SEO Premium plugin. -->","yoast_head_json":{"title":"Entreprise de Nettoyage \u00e0 Apples - Artisanlocal","robots":{"index":"index","follow":"follow","max-snippet":"max-snippet:-1","max-image-preview":"max-image-preview:large","max-video-preview":"max-video-preview:-1"},"canonical":"https:\/\/www.artisanlocal.ch\/c\/nettoyage-pour-logement-et-bureau-a-apples\/","og_locale":"fr_FR","og_type":"article","og_title":"Entreprise de Nettoyage \u00e0 Apples","og_description":"Nous proposons un nettoyage entier de votre domicile ou de vos locaux \u00e0 Apples. Notre entreprise est compos\u00e9e d&rsquo;experts form\u00e9s aux derni\u00e8res techniques qui s&rsquo;efforcent de fournir \u00e0 nos clients des services de la meilleure qualit\u00e9 possible. Pourquoi choisir notre soci\u00e9t\u00e9 ? Vous avez la possibilit\u00e9 de r\u00e9server un rendez-vous le jour m\u00eame. Nous utilisons [&hellip;]","og_url":"https:\/\/www.artisanlocal.ch\/c\/nettoyage-pour-logement-et-bureau-a-apples\/","og_site_name":"Artisanlocal","article_modified_time":"2025-08-26T23:33:34+00:00","og_image":[{"width":1920,"height":300,"url":"https:\/\/www.artisanlocal.ch\/c\/wp-content\/uploads\/2024\/10\/agent-proprete.jpg","type":"image\/jpeg"}],"twitter_card":"summary_large_image","twitter_misc":{"Dur\u00e9e de lecture estim\u00e9e":"5 minutes"},"schema":{"@context":"https:\/\/schema.org","@graph":[{"@type":"WebPage","@id":"https:\/\/www.artisanlocal.ch\/c\/nettoyage-pour-logement-et-bureau-a-apples\/","url":"https:\/\/www.artisanlocal.ch\/c\/nettoyage-pour-logement-et-bureau-a-apples\/","name":"Entreprise de Nettoyage \u00e0 Apples - Artisanlocal","isPartOf":{"@id":"https:\/\/www.artisanlocal.ch\/c\/#website"},"primaryImageOfPage":{"@id":"https:\/\/www.artisanlocal.ch\/c\/nettoyage-pour-logement-et-bureau-a-apples\/#primaryimage"},"image":{"@id":"https:\/\/www.artisanlocal.ch\/c\/nettoyage-pour-logement-et-bureau-a-apples\/#primaryimage"},"thumbnailUrl":"https:\/\/www.artisanlocal.ch\/c\/wp-content\/uploads\/2024\/10\/agent-proprete.jpg","datePublished":"2024-04-16T16:38:34+00:00","dateModified":"2025-08-26T23:33:34+00:00","breadcrumb":{"@id":"https:\/\/www.artisanlocal.ch\/c\/nettoyage-pour-logement-et-bureau-a-apples\/#breadcrumb"},"inLanguage":"fr-FR","potentialAction":[{"@type":"ReadAction","target":["https:\/\/www.artisanlocal.ch\/c\/nettoyage-pour-logement-et-bureau-a-apples\/"]}]},{"@type":"ImageObject","inLanguage":"fr-FR","@id":"https:\/\/www.artisanlocal.ch\/c\/nettoyage-pour-logement-et-bureau-a-apples\/#primaryimage","url":"https:\/\/www.artisanlocal.ch\/c\/wp-content\/uploads\/2024\/10\/agent-proprete.jpg","contentUrl":"https:\/\/www.artisanlocal.ch\/c\/wp-content\/uploads\/2024\/10\/agent-proprete.jpg","width":1920,"height":300},{"@type":"BreadcrumbList","@id":"https:\/\/www.artisanlocal.ch\/c\/nettoyage-pour-logement-et-bureau-a-apples\/#breadcrumb","itemListElement":[{"@type":"ListItem","position":1,"name":"Accueil","item":"https:\/\/www.artisanlocal.ch\/c\/"},{"@type":"ListItem","position":2,"name":"Entreprise de Nettoyage \u00e0 Apples"}]},{"@type":"WebSite","@id":"https:\/\/www.artisanlocal.ch\/c\/#website","url":"https:\/\/www.artisanlocal.ch\/c\/","name":"Artisanlocal","description":"","publisher":{"@id":"https:\/\/www.artisanlocal.ch\/c\/#organization"},"potentialAction":[{"@type":"SearchAction","target":{"@type":"EntryPoint","urlTemplate":"https:\/\/www.artisanlocal.ch\/c\/?s={search_term_string}"},"query-input":{"@type":"PropertyValueSpecification","valueRequired":true,"valueName":"search_term_string"}}],"inLanguage":"fr-FR"},{"@type":"Organization","@id":"https:\/\/www.artisanlocal.ch\/c\/#organization","name":"Artisanlocal","url":"https:\/\/www.artisanlocal.ch\/c\/","logo":{"@type":"ImageObject","inLanguage":"fr-FR","@id":"https:\/\/www.artisanlocal.ch\/c\/#\/schema\/logo\/image\/","url":"https:\/\/www.artisanlocal.ch\/c\/wp-content\/uploads\/2024\/02\/logo-artisanlocal-h.svg","contentUrl":"https:\/\/www.artisanlocal.ch\/c\/wp-content\/uploads\/2024\/02\/logo-artisanlocal-h.svg","caption":"Artisanlocal"},"image":{"@id":"https:\/\/www.artisanlocal.ch\/c\/#\/schema\/logo\/image\/"}}]}},"_links":{"self":[{"href":"https:\/\/www.artisanlocal.ch\/c\/wp-json\/wp\/v2\/pages\/430","targetHints":{"allow":["GET"]}}],"collection":[{"href":"https:\/\/www.artisanlocal.ch\/c\/wp-json\/wp\/v2\/pages"}],"about":[{"href":"https:\/\/www.artisanlocal.ch\/c\/wp-json\/wp\/v2\/types\/page"}],"author":[{"embeddable":true,"href":"https:\/\/www.artisanlocal.ch\/c\/wp-json\/wp\/v2\/users\/4"}],"replies":[{"embeddable":true,"href":"https:\/\/www.artisanlocal.ch\/c\/wp-json\/wp\/v2\/comments?post=430"}],"version-history":[{"count":0,"href":"https:\/\/www.artisanlocal.ch\/c\/wp-json\/wp\/v2\/pages\/430\/revisions"}],"wp:featuredmedia":[{"embeddable":true,"href":"https:\/\/www.artisanlocal.ch\/c\/wp-json\/wp\/v2\/media\/2754"}],"wp:attachment":[{"href":"https:\/\/www.artisanlocal.ch\/c\/wp-json\/wp\/v2\/media?parent=430"}],"wp:term":[{"taxonomy":"profession","embeddable":true,"href":"https:\/\/www.artisanlocal.ch\/c\/wp-json\/wp\/v2\/profession?post=430"},{"taxonomy":"location","embeddable":true,"href":"https:\/\/www.artisanlocal.ch\/c\/wp-json\/wp\/v2\/location?post=430"},{"taxonomy":"canton","embeddable":true,"href":"https:\/\/www.artisanlocal.ch\/c\/wp-json\/wp\/v2\/canton?post=430"}],"curies":[{"name":"wp","href":"https:\/\/api.w.org\/{rel}","templated":true}]}}