{"id":431,"date":"2024-04-16T18:38:34","date_gmt":"2024-04-16T16:38:34","guid":{"rendered":"https:\/\/www.artisanlocal.ch\/c\/entreprise-de-nettoyage-de-bureaux-et-dappartements-a-penthalaz\/"},"modified":"2025-08-27T01:33:33","modified_gmt":"2025-08-26T23:33:33","slug":"entreprise-de-nettoyage-de-bureaux-et-dappartements-a-penthalaz","status":"publish","type":"page","link":"https:\/\/www.artisanlocal.ch\/c\/entreprise-de-nettoyage-de-bureaux-et-dappartements-a-penthalaz\/","title":{"rendered":"Entreprise de nettoyage de bureaux et d&rsquo;appartements \u00e0 Penthalaz"},"content":{"rendered":"<p>Nous offrons un nettoyage entier de votre logement ou de vos locaux \u00e0 Penthalaz. Notre entreprise est compos\u00e9e d&rsquo;experts qui s&rsquo;appliquent \u00e0 fournir des services de la meilleure qualit\u00e9 possible.<\/p>\n\r\n<div class=\"box\">\r\n            <div class=\"company-info\">\r\n            <img decoding=\"async\" class=\"company-info__logo\" src=\"https:\/\/www.artisanlocal.ch\/media\/cache\/thumb\/images\/companies\/6900951481eb7418519901.png\" alt=\"Logo\">\r\n            <h2 class=\"company-info__name\">Absolute Clean Sinomema<\/h2>\r\n            <p class=\"company-info__business\">Entreprise de nettoyage - Entretien - Conciergerie priv\u00e9e<\/p>\r\n        <\/div>\r\n        <div class=\"company-contact\">\r\n            <p class=\"company-info__address\">Chemin des Lilas 1<\/p>\r\n                            <div class=\"links\">\r\n                                            <a class=\"btn has-accent-background-color js-phoneNumber\" href=\"tel:0779988069\" title=\"Appelez\" data-id=\"25347\" data-type=\"11\">077 998 80 69<\/a>\r\n                                                                <a class=\"btn has-accent-background-color\" href=\"https:\/\/absolute-clean-sinomema.digitalone.site\/\" target=\"_blank\" title=\"Voir le site internet\" data-id=\"25347\" data-type=\"20\">Site internet<\/a>\r\n                                    <\/div>\r\n                    <\/div>\r\n    \r\n            \r\n<form action=\"https:\/\/www.artisanlocal.ch\/c\/wp-admin\/admin-ajax.php\" method=\"post\" class=\"form-contact\" id=\"artisan_form_contact_company_inline\">\r\n    <div><input type=\"hidden\" name=\"action\" value=\"company_contact\"><\/div>\r\n    <div><input type=\"hidden\" name=\"nonce\" value=\"086cf01f96\"><\/div>\r\n    <div><input type=\"hidden\" name=\"company_id\" value=\"25347\"><\/div>\r\n    <div><input type=\"hidden\" name=\"form_id\" value=\"artisan_form_contact_company_inline\"><\/div>\r\n    <div class=\"gglcptch gglcptch_v3 gglcptch_custom\"><input type=\"hidden\" id=\"g-recaptcha-response\" name=\"g-recaptcha-response\" \/><br \/><div class=\"gglcptch_error_text\">La p\u00e9riode de v\u00e9rification reCAPTCHA a expir\u00e9. Veuillez recharger la page.<\/div><\/div>    <div class=\"form-content\">\r\n        <div class=\"form-group\">\r\n            <label for=\"contact_firstName\" class=\"required\">Pr\u00e9nom<\/label>\r\n            <input type=\"text\" name=\"firstName\" class=\"form-control\" required>\r\n        <\/div>\r\n        <div class=\"form-group\">\r\n            <label for=\"contact_lastName\" class=\"required\">Nom<\/label>\r\n            <input type=\"text\" name=\"lastName\" class=\"form-control\" required>\r\n        <\/div>\r\n        <div class=\"form-group\">\r\n            <label for=\"contact_email\" class=\"required\">Email<\/label>\r\n            <input type=\"email\" name=\"email\" class=\"form-control\" required>\r\n        <\/div>\r\n        <div class=\"form-group\">\r\n            <label for=\"contact_phone\" class=\"required\">Num\u00e9ro de t\u00e9l\u00e9phone<\/label>\r\n            <input type=\"tel\" name=\"phone\" class=\"form-control\" placeholder=\"0787117165\" pattern=\"^[0-9]{10}$\" required>\r\n        <\/div>\r\n        <div class=\"form-group\">\r\n            <label for=\"contact_postalCode\" class=\"required\">Code postal et localit\u00e9<\/label>\r\n            <input type=\"text\" name=\"postalCode\" class=\"form-control\" required>\r\n        <\/div>\r\n        <div class=\"form-group\">\r\n            <label for=\"contact_address\" class=\"required\">Adresse<\/label>\r\n            <input type=\"text\" name=\"address\" class=\"form-control\" required>\r\n        <\/div>\r\n        <div class=\"full-width topic\">\r\n            <p class=\"required\">Je souhaite \u00eatre contact\u00e9 pour :<\/p>\r\n            <div class=\"form-check\">\r\n                <input type=\"radio\" name=\"topic\" value=\"D\u00e9pannage\" class=\"form-control\" required>\r\n                <label for=\"d\u00e9pannage\">D\u00e9pannage<\/label>\r\n            <\/div>\r\n            <div class=\"form-check\">\r\n                <input type=\"radio\" name=\"topic\" value=\"Entretien\" class=\"form-control\" required>\r\n                <label for=\"entretien\">Entretien<\/label>\r\n            <\/div>\r\n            <div class=\"form-check\">\r\n                <input type=\"radio\" name=\"topic\" value=\"R\u00e9novation\" class=\"form-control\" required>\r\n                <label for=\"r\u00e9novation\">R\u00e9novation<\/label>\r\n            <\/div>\r\n            <div class=\"form-check\">\r\n                <input type=\"radio\" name=\"topic\" value=\"Autre\" class=\"form-control\" required>\r\n                <label for=\"autre\">Autre<\/label>\r\n            <\/div>\r\n        <\/div>\r\n        <div class=\"form-group full-width\">\r\n            <label for=\"contact_message\">Message<\/label>\r\n            <textarea name=\"message\" rows=\"3\" class=\"form-control\"><\/textarea>\r\n        <\/div>\r\n    <\/div>\r\n    <div class=\"form-actions\">\r\n        <button class=\"wp-block-button__link has-accent-background-color\">Contacter<\/button>\r\n    <\/div>\r\n<\/form>\r\n<div class=\"form-feedback\"><\/div>    <\/div>\n<h2>Pourquoi choisir notre entreprise ?<\/h2>\n<ul>\n<li>Il est envisageable de r\u00e9server un rendez-vous avec notre soci\u00e9t\u00e9 dans la journ\u00e9e.<\/li>\n<li>Nos experts en nettoyage et entretien sont tous familiaris\u00e9s avec les derni\u00e8res techniques.<\/li>\n<li>Nous employons des produits durables.<\/li>\n<li>Nos devis sont gratuits.<\/li>\n<\/ul>\n<h2>Services de nettoyage \u00e0 Penthalaz<\/h2>\n<p>Nous proposons des services de m\u00e9nage pour satisfaire nos clients.<\/p>\n<p>Dans le cas d&rsquo;un m\u00e9nage complet, d\u2019un m\u00e9nage r\u00e9gulier ou d&rsquo;un entretien constant, nous pouvons \u00e9tablir des solutions adapt\u00e9es \u00e0 vos besoins, voici les interventions que nous r\u00e9alisons le plus fr\u00e9quemment \u00e0 Penthalaz, vous pouvez b\u00e9n\u00e9ficier :<\/p>\n<ul>\n<li>De service de nettoyage pour votre changement de domicile.<\/li>\n<li>D&rsquo;un nettoyage d&rsquo;h\u00e9bergements Airbnb.<\/li>\n<li>D&rsquo;un nettoyage des bureaux et des commerces.<\/li>\n<li>D&rsquo;un service de nettoyage professionnel apr\u00e8s des travaux de r\u00e9novation.<\/li>\n<\/ul>\n<h2>Quelles sont les solutions de nettoyage qu&rsquo;artisanlocal propose\u202f?<\/h2>\n<ul>\n<li>Services de propret\u00e9 pour les locations de courte dur\u00e9e,<\/li>\n<li>service de nettoyage d&rsquo;appartements,<\/li>\n<li>nettoyage et entretien des appareils m\u00e9nagers,<\/li>\n<li>nettoyage de balcon,<\/li>\n<li>services de m\u00e9nage pour les caves,<\/li>\n<li>assainissement des surfaces pour lutter contre les virus,<\/li>\n<li>nettoyage de la vaisselle,<\/li>\n<li>nettoyage des salles de gym,<\/li>\n<li>nettoyage des sols,<\/li>\n<li>nettoyage des \u00e9tablissements de sant\u00e9,<\/li>\n<li>m\u00e9nage et nettoyage apr\u00e8s un changement de domicile,<\/li>\n<li>nettoyage des espaces de travail,<\/li>\n<li>nettoyage apr\u00e8s des travaux,<\/li>\n<li>nettoyage des salles d&rsquo;eau,<\/li>\n<li>nettoyage des petits commerces,<\/li>\n<li>nettoyage des salles de classe,<\/li>\n<li>lavage de vitres.<\/li>\n<\/ul>\n<h2>Une soci\u00e9t\u00e9 de m\u00e9nage fiable situ\u00e9e en Suisse<\/h2>\n<h3>M\u00e9nage complet d&rsquo;appartement \u00e0 Penthalaz<\/h3>\n<p>Nous effectuons le nettoyage d\u2019appartement \u00e0 Penthalaz, par exemple, nous pouvons nettoyer l&rsquo;int\u00e9rieur de votre appartement, avant votre \u00e9tat des lieux.<\/p>\n<p>Il est n\u00e9cessaire de savoir que si le nettoyage de l&rsquo;appartement n&rsquo;est pas r\u00e9alis\u00e9 proprement, le propri\u00e9taire a le pouvoir de faire appel \u00e0 une entreprise de m\u00e9nage et conserver une partie de votre caution.<\/p>\n<p>Les services de m\u00e9nage pour la remise des cl\u00e9s incluent :<\/p>\n<p>&#8211; L&rsquo;entretien des surfaces : murs, sols, parquets, moquettes et carrelages.<\/p>\n<p>&#8211; Service de nettoyage des fen\u00eatres et des vitres.<\/p>\n<p>&#8211; L&rsquo;entretien et le nettoyage de la salle d&rsquo;eau et des WC.<\/p>\n<p>&#8211; L&rsquo;entretien de l&rsquo;espace de cuisson et du syst\u00e8me d&rsquo;a\u00e9ration de la cuisine.<\/p>\n<p>&#8211; Le nettoyage des poussi\u00e8res sur les meubles.<\/p>\n<h3>Vous avez besoin d&rsquo;un nettoyage r\u00e9gulier de votre studio?<\/h3>\n<p>Notre entreprise propose des solutions d&rsquo;entretien adapt\u00e9es \u00e0 vos besoins, avec des interventions chaque semaine, toutes les deux semaines ou chaque mois.<\/p>\n<h3>Entretien approfondi de votre villa et de votre studio \u00e0 Penthalaz<\/h3>\n<p>Artisanlocal offre des services pour nettoyer en profondeur votre villa ou votre appartement, en compl\u00e9ment de notre service de m\u00e9nage standard.<\/p>\n<h3>Quels sont les avantages d&rsquo;effectuer un entretien en profondeur avec notre entreprise ?<\/h3>\n<p>L\u2019avantage majeur du m\u00e9nage approfondi est d\u2019\u00e9liminer les amas de poussi\u00e8res qui se sont entass\u00e9es au fil du temps, afin de rendre votre appartement sans danger pour la sant\u00e9. Un grand nettoyage est par ailleurs une bonne solution pour \u00e9liminer les odeurs d\u00e9sagr\u00e9ables.<\/p>\n<h3>M\u00e9nage de bureaux \u00e0 Penthalaz<\/h3>\n<p>S&rsquo;adresser \u00e0 Artisanlocal pour le nettoyage de locaux professionnels est la solution la plus efficace. Vous \u00e9conomiserez du temps et de l&rsquo;\u00e9nergie ! Nous proposons des services de m\u00e9nages \u00e0 l&rsquo;ann\u00e9e qui s&rsquo;adaptera \u00e0 vos besoins et \u00e0 votre budget. D\u00e9couvrez nos services de propret\u00e9 pour les espaces de travail :<\/p>\n<ul>\n<li>Traitement des tapis et lavage de vitres de bureau.<\/li>\n<li>Service d&rsquo;entretien du mobilier de bureau en cuir ou tissu (des fauteuils, des bureaux, des canap\u00e9s).<\/li>\n<li>Enl\u00e8vement des d\u00e9chets m\u00e9nagers.<\/li>\n<li>\u00c9limination des poussi\u00e8res.<\/li>\n<li>Lavage des surfaces au sol et utilisation de l&rsquo;aspirateur.<\/li>\n<\/ul>\n<h3>Service de m\u00e9nage de propri\u00e9t\u00e9 \u00e0 Penthalaz<\/h3>\n<p>Pour maintenir l&rsquo;int\u00e9rieur de votre habitation entretenue, il faut r\u00e9aliser un nettoyage fr\u00e9quent. H\u00e9las, un agenda rempli peut rendre cette mission difficile, voire irr\u00e9alisable, confiez \u00e0 notre entreprise le m\u00e9nage de votre maison.<\/p>\n<h2>Pourquoi faire appel \u00e0 une entreprise de nettoyage \u00e0 Penthalaz ?<\/h2>\n<p>Si vous \u00eates un Cancanier, vous rencontrez potentiellement des probl\u00e8mes \u00e0 conserver votre habitat int\u00e9rieur bien entretenu. Nos services, vous aideront \u00e0 garder votre maison aussi propre que possible. En faisant appel \u00e0 notre entreprise, vous allez pouvoir :<\/p>\n<h3>Mieux organiser votre espace<\/h3>\n<p>Un appartement en d\u00e9sordre peut \u00eatre une cause de probl\u00e8mes (perte de temps, tensions avec son conjoint, etc.). Artisanlocal propose des services professionnels de nettoyage pour votre propri\u00e9t\u00e9 de fa\u00e7on \u00e0 mieux ranger votre espace, ce qui vous donne la possibilit\u00e9, de :<\/p>\n<h3>Cr\u00e9er une atmosph\u00e8re plus accueillante<\/h3>\n<p>Effectivement, une r\u00e9sidence bien rang\u00e9e permet \u00e0 vos invit\u00e9s de vous sentir plus \u00e0 l&rsquo;aise.<\/p>\n<h3>Conserver sa bonne sant\u00e9 et rester heureux<\/h3>\n<p>La concentration des poussi\u00e8res dans votre propri\u00e9t\u00e9 peut cr\u00e9er des risques pour la sant\u00e9, et causer des allergies ou aggraver celles qui sont d\u00e9j\u00e0 pr\u00e9sentes. En engageant une soci\u00e9t\u00e9 de m\u00e9nage, vous r\u00e9duisez les allerg\u00e8nes.<\/p>\n<h3>Am\u00e9liorer la disposition globale de votre r\u00e9sidence<\/h3>\n<p>Il est habituel que l&rsquo;espace int\u00e9rieur des propri\u00e9t\u00e9s soit mal rang\u00e9, ce qui peut rendre difficile la vie quotidienne. Nos prestations peuvent s&rsquo;av\u00e9rer utiles pour pr\u00e9server votre maison bien organis\u00e9e. D&rsquo;autre part, nous pouvons aussi intervenir \u00e0 : Mex VD, Boussens, Bournens, Sullens, Bettens, Cottens VD, Grancy, Gollion, S\u00e9very, Pampigny, Montricher, Chavannes-le-Veyron, Cuarnens, L'Isle, La Coudre, Villars-Bozon, Mauraz, Moiry VD, Mont-la-Ville, Vufflens-la-Ville, Penthaz, Allens, Cossonay-Ville, Dizy, Senarclens, Daillens, Lussery-Villars, La Chaux (Cossonay), Ecl\u00e9pens, Ferreyres, La Sarraz, Chevilly, Orny, Pompaples.<\/p>\n","protected":false},"excerpt":{"rendered":"<p>Nous offrons un nettoyage entier de votre logement ou de vos locaux \u00e0 Penthalaz. Notre entreprise est compos\u00e9e d&rsquo;experts qui s&rsquo;appliquent \u00e0 fournir des services de la meilleure qualit\u00e9 possible. Pourquoi choisir notre entreprise ? Il est envisageable de r\u00e9server un rendez-vous avec notre soci\u00e9t\u00e9 dans la journ\u00e9e. Nos experts en nettoyage et entretien sont [&hellip;]<\/p>\n","protected":false},"author":4,"featured_media":2754,"parent":0,"menu_order":0,"comment_status":"closed","ping_status":"closed","template":"","meta":{"footnotes":""},"profession":[108],"location":[99],"canton":[113],"class_list":["post-431","page","type-page","status-publish","has-post-thumbnail","hentry","profession-agent-de-proprete","location-penthalaz","canton-vd"],"yoast_head":"<!-- This site is optimized with the Yoast SEO Premium plugin v25.7.1 (Yoast SEO v27.3) - https:\/\/yoast.com\/product\/yoast-seo-premium-wordpress\/ -->\n<title>Entreprise de nettoyage de bureaux et d&#039;appartements \u00e0 Penthalaz - Artisanlocal<\/title>\n<meta name=\"robots\" content=\"index, follow, max-snippet:-1, max-image-preview:large, max-video-preview:-1\" \/>\n<link rel=\"canonical\" href=\"https:\/\/www.artisanlocal.ch\/c\/entreprise-de-nettoyage-de-bureaux-et-dappartements-a-penthalaz\/\" \/>\n<meta property=\"og:locale\" content=\"fr_FR\" \/>\n<meta property=\"og:type\" content=\"article\" \/>\n<meta property=\"og:title\" content=\"Entreprise de nettoyage de bureaux et d&#039;appartements \u00e0 Penthalaz\" \/>\n<meta property=\"og:description\" content=\"Nous offrons un nettoyage entier de votre logement ou de vos locaux \u00e0 Penthalaz. Notre entreprise est compos\u00e9e d&rsquo;experts qui s&rsquo;appliquent \u00e0 fournir des services de la meilleure qualit\u00e9 possible. Pourquoi choisir notre entreprise ? Il est envisageable de r\u00e9server un rendez-vous avec notre soci\u00e9t\u00e9 dans la journ\u00e9e. Nos experts en nettoyage et entretien sont [&hellip;]\" \/>\n<meta property=\"og:url\" content=\"https:\/\/www.artisanlocal.ch\/c\/entreprise-de-nettoyage-de-bureaux-et-dappartements-a-penthalaz\/\" \/>\n<meta property=\"og:site_name\" content=\"Artisanlocal\" \/>\n<meta property=\"article:modified_time\" content=\"2025-08-26T23:33:33+00:00\" \/>\n<meta property=\"og:image\" content=\"https:\/\/www.artisanlocal.ch\/c\/wp-content\/uploads\/2024\/10\/agent-proprete.jpg\" \/>\n\t<meta property=\"og:image:width\" content=\"1920\" \/>\n\t<meta property=\"og:image:height\" content=\"300\" \/>\n\t<meta property=\"og:image:type\" content=\"image\/jpeg\" \/>\n<meta name=\"twitter:card\" content=\"summary_large_image\" \/>\n<meta name=\"twitter:label1\" content=\"Dur\u00e9e de lecture estim\u00e9e\" \/>\n\t<meta name=\"twitter:data1\" content=\"5 minutes\" \/>\n<script type=\"application\/ld+json\" class=\"yoast-schema-graph\">{\"@context\":\"https:\\\/\\\/schema.org\",\"@graph\":[{\"@type\":\"WebPage\",\"@id\":\"https:\\\/\\\/www.artisanlocal.ch\\\/c\\\/entreprise-de-nettoyage-de-bureaux-et-dappartements-a-penthalaz\\\/\",\"url\":\"https:\\\/\\\/www.artisanlocal.ch\\\/c\\\/entreprise-de-nettoyage-de-bureaux-et-dappartements-a-penthalaz\\\/\",\"name\":\"Entreprise de nettoyage de bureaux et d'appartements \u00e0 Penthalaz - Artisanlocal\",\"isPartOf\":{\"@id\":\"https:\\\/\\\/www.artisanlocal.ch\\\/c\\\/#website\"},\"primaryImageOfPage\":{\"@id\":\"https:\\\/\\\/www.artisanlocal.ch\\\/c\\\/entreprise-de-nettoyage-de-bureaux-et-dappartements-a-penthalaz\\\/#primaryimage\"},\"image\":{\"@id\":\"https:\\\/\\\/www.artisanlocal.ch\\\/c\\\/entreprise-de-nettoyage-de-bureaux-et-dappartements-a-penthalaz\\\/#primaryimage\"},\"thumbnailUrl\":\"https:\\\/\\\/www.artisanlocal.ch\\\/c\\\/wp-content\\\/uploads\\\/2024\\\/10\\\/agent-proprete.jpg\",\"datePublished\":\"2024-04-16T16:38:34+00:00\",\"dateModified\":\"2025-08-26T23:33:33+00:00\",\"breadcrumb\":{\"@id\":\"https:\\\/\\\/www.artisanlocal.ch\\\/c\\\/entreprise-de-nettoyage-de-bureaux-et-dappartements-a-penthalaz\\\/#breadcrumb\"},\"inLanguage\":\"fr-FR\",\"potentialAction\":[{\"@type\":\"ReadAction\",\"target\":[\"https:\\\/\\\/www.artisanlocal.ch\\\/c\\\/entreprise-de-nettoyage-de-bureaux-et-dappartements-a-penthalaz\\\/\"]}]},{\"@type\":\"ImageObject\",\"inLanguage\":\"fr-FR\",\"@id\":\"https:\\\/\\\/www.artisanlocal.ch\\\/c\\\/entreprise-de-nettoyage-de-bureaux-et-dappartements-a-penthalaz\\\/#primaryimage\",\"url\":\"https:\\\/\\\/www.artisanlocal.ch\\\/c\\\/wp-content\\\/uploads\\\/2024\\\/10\\\/agent-proprete.jpg\",\"contentUrl\":\"https:\\\/\\\/www.artisanlocal.ch\\\/c\\\/wp-content\\\/uploads\\\/2024\\\/10\\\/agent-proprete.jpg\",\"width\":1920,\"height\":300},{\"@type\":\"BreadcrumbList\",\"@id\":\"https:\\\/\\\/www.artisanlocal.ch\\\/c\\\/entreprise-de-nettoyage-de-bureaux-et-dappartements-a-penthalaz\\\/#breadcrumb\",\"itemListElement\":[{\"@type\":\"ListItem\",\"position\":1,\"name\":\"Accueil\",\"item\":\"https:\\\/\\\/www.artisanlocal.ch\\\/c\\\/\"},{\"@type\":\"ListItem\",\"position\":2,\"name\":\"Entreprise de nettoyage de bureaux et d&rsquo;appartements \u00e0 Penthalaz\"}]},{\"@type\":\"WebSite\",\"@id\":\"https:\\\/\\\/www.artisanlocal.ch\\\/c\\\/#website\",\"url\":\"https:\\\/\\\/www.artisanlocal.ch\\\/c\\\/\",\"name\":\"Artisanlocal\",\"description\":\"\",\"publisher\":{\"@id\":\"https:\\\/\\\/www.artisanlocal.ch\\\/c\\\/#organization\"},\"potentialAction\":[{\"@type\":\"SearchAction\",\"target\":{\"@type\":\"EntryPoint\",\"urlTemplate\":\"https:\\\/\\\/www.artisanlocal.ch\\\/c\\\/?s={search_term_string}\"},\"query-input\":{\"@type\":\"PropertyValueSpecification\",\"valueRequired\":true,\"valueName\":\"search_term_string\"}}],\"inLanguage\":\"fr-FR\"},{\"@type\":\"Organization\",\"@id\":\"https:\\\/\\\/www.artisanlocal.ch\\\/c\\\/#organization\",\"name\":\"Artisanlocal\",\"url\":\"https:\\\/\\\/www.artisanlocal.ch\\\/c\\\/\",\"logo\":{\"@type\":\"ImageObject\",\"inLanguage\":\"fr-FR\",\"@id\":\"https:\\\/\\\/www.artisanlocal.ch\\\/c\\\/#\\\/schema\\\/logo\\\/image\\\/\",\"url\":\"https:\\\/\\\/www.artisanlocal.ch\\\/c\\\/wp-content\\\/uploads\\\/2024\\\/02\\\/logo-artisanlocal-h.svg\",\"contentUrl\":\"https:\\\/\\\/www.artisanlocal.ch\\\/c\\\/wp-content\\\/uploads\\\/2024\\\/02\\\/logo-artisanlocal-h.svg\",\"caption\":\"Artisanlocal\"},\"image\":{\"@id\":\"https:\\\/\\\/www.artisanlocal.ch\\\/c\\\/#\\\/schema\\\/logo\\\/image\\\/\"}}]}<\/script>\n<!-- \/ Yoast SEO Premium plugin. -->","yoast_head_json":{"title":"Entreprise de nettoyage de bureaux et d'appartements \u00e0 Penthalaz - Artisanlocal","robots":{"index":"index","follow":"follow","max-snippet":"max-snippet:-1","max-image-preview":"max-image-preview:large","max-video-preview":"max-video-preview:-1"},"canonical":"https:\/\/www.artisanlocal.ch\/c\/entreprise-de-nettoyage-de-bureaux-et-dappartements-a-penthalaz\/","og_locale":"fr_FR","og_type":"article","og_title":"Entreprise de nettoyage de bureaux et d'appartements \u00e0 Penthalaz","og_description":"Nous offrons un nettoyage entier de votre logement ou de vos locaux \u00e0 Penthalaz. Notre entreprise est compos\u00e9e d&rsquo;experts qui s&rsquo;appliquent \u00e0 fournir des services de la meilleure qualit\u00e9 possible. Pourquoi choisir notre entreprise ? Il est envisageable de r\u00e9server un rendez-vous avec notre soci\u00e9t\u00e9 dans la journ\u00e9e. Nos experts en nettoyage et entretien sont [&hellip;]","og_url":"https:\/\/www.artisanlocal.ch\/c\/entreprise-de-nettoyage-de-bureaux-et-dappartements-a-penthalaz\/","og_site_name":"Artisanlocal","article_modified_time":"2025-08-26T23:33:33+00:00","og_image":[{"width":1920,"height":300,"url":"https:\/\/www.artisanlocal.ch\/c\/wp-content\/uploads\/2024\/10\/agent-proprete.jpg","type":"image\/jpeg"}],"twitter_card":"summary_large_image","twitter_misc":{"Dur\u00e9e de lecture estim\u00e9e":"5 minutes"},"schema":{"@context":"https:\/\/schema.org","@graph":[{"@type":"WebPage","@id":"https:\/\/www.artisanlocal.ch\/c\/entreprise-de-nettoyage-de-bureaux-et-dappartements-a-penthalaz\/","url":"https:\/\/www.artisanlocal.ch\/c\/entreprise-de-nettoyage-de-bureaux-et-dappartements-a-penthalaz\/","name":"Entreprise de nettoyage de bureaux et d'appartements \u00e0 Penthalaz - Artisanlocal","isPartOf":{"@id":"https:\/\/www.artisanlocal.ch\/c\/#website"},"primaryImageOfPage":{"@id":"https:\/\/www.artisanlocal.ch\/c\/entreprise-de-nettoyage-de-bureaux-et-dappartements-a-penthalaz\/#primaryimage"},"image":{"@id":"https:\/\/www.artisanlocal.ch\/c\/entreprise-de-nettoyage-de-bureaux-et-dappartements-a-penthalaz\/#primaryimage"},"thumbnailUrl":"https:\/\/www.artisanlocal.ch\/c\/wp-content\/uploads\/2024\/10\/agent-proprete.jpg","datePublished":"2024-04-16T16:38:34+00:00","dateModified":"2025-08-26T23:33:33+00:00","breadcrumb":{"@id":"https:\/\/www.artisanlocal.ch\/c\/entreprise-de-nettoyage-de-bureaux-et-dappartements-a-penthalaz\/#breadcrumb"},"inLanguage":"fr-FR","potentialAction":[{"@type":"ReadAction","target":["https:\/\/www.artisanlocal.ch\/c\/entreprise-de-nettoyage-de-bureaux-et-dappartements-a-penthalaz\/"]}]},{"@type":"ImageObject","inLanguage":"fr-FR","@id":"https:\/\/www.artisanlocal.ch\/c\/entreprise-de-nettoyage-de-bureaux-et-dappartements-a-penthalaz\/#primaryimage","url":"https:\/\/www.artisanlocal.ch\/c\/wp-content\/uploads\/2024\/10\/agent-proprete.jpg","contentUrl":"https:\/\/www.artisanlocal.ch\/c\/wp-content\/uploads\/2024\/10\/agent-proprete.jpg","width":1920,"height":300},{"@type":"BreadcrumbList","@id":"https:\/\/www.artisanlocal.ch\/c\/entreprise-de-nettoyage-de-bureaux-et-dappartements-a-penthalaz\/#breadcrumb","itemListElement":[{"@type":"ListItem","position":1,"name":"Accueil","item":"https:\/\/www.artisanlocal.ch\/c\/"},{"@type":"ListItem","position":2,"name":"Entreprise de nettoyage de bureaux et d&rsquo;appartements \u00e0 Penthalaz"}]},{"@type":"WebSite","@id":"https:\/\/www.artisanlocal.ch\/c\/#website","url":"https:\/\/www.artisanlocal.ch\/c\/","name":"Artisanlocal","description":"","publisher":{"@id":"https:\/\/www.artisanlocal.ch\/c\/#organization"},"potentialAction":[{"@type":"SearchAction","target":{"@type":"EntryPoint","urlTemplate":"https:\/\/www.artisanlocal.ch\/c\/?s={search_term_string}"},"query-input":{"@type":"PropertyValueSpecification","valueRequired":true,"valueName":"search_term_string"}}],"inLanguage":"fr-FR"},{"@type":"Organization","@id":"https:\/\/www.artisanlocal.ch\/c\/#organization","name":"Artisanlocal","url":"https:\/\/www.artisanlocal.ch\/c\/","logo":{"@type":"ImageObject","inLanguage":"fr-FR","@id":"https:\/\/www.artisanlocal.ch\/c\/#\/schema\/logo\/image\/","url":"https:\/\/www.artisanlocal.ch\/c\/wp-content\/uploads\/2024\/02\/logo-artisanlocal-h.svg","contentUrl":"https:\/\/www.artisanlocal.ch\/c\/wp-content\/uploads\/2024\/02\/logo-artisanlocal-h.svg","caption":"Artisanlocal"},"image":{"@id":"https:\/\/www.artisanlocal.ch\/c\/#\/schema\/logo\/image\/"}}]}},"_links":{"self":[{"href":"https:\/\/www.artisanlocal.ch\/c\/wp-json\/wp\/v2\/pages\/431","targetHints":{"allow":["GET"]}}],"collection":[{"href":"https:\/\/www.artisanlocal.ch\/c\/wp-json\/wp\/v2\/pages"}],"about":[{"href":"https:\/\/www.artisanlocal.ch\/c\/wp-json\/wp\/v2\/types\/page"}],"author":[{"embeddable":true,"href":"https:\/\/www.artisanlocal.ch\/c\/wp-json\/wp\/v2\/users\/4"}],"replies":[{"embeddable":true,"href":"https:\/\/www.artisanlocal.ch\/c\/wp-json\/wp\/v2\/comments?post=431"}],"version-history":[{"count":0,"href":"https:\/\/www.artisanlocal.ch\/c\/wp-json\/wp\/v2\/pages\/431\/revisions"}],"wp:featuredmedia":[{"embeddable":true,"href":"https:\/\/www.artisanlocal.ch\/c\/wp-json\/wp\/v2\/media\/2754"}],"wp:attachment":[{"href":"https:\/\/www.artisanlocal.ch\/c\/wp-json\/wp\/v2\/media?parent=431"}],"wp:term":[{"taxonomy":"profession","embeddable":true,"href":"https:\/\/www.artisanlocal.ch\/c\/wp-json\/wp\/v2\/profession?post=431"},{"taxonomy":"location","embeddable":true,"href":"https:\/\/www.artisanlocal.ch\/c\/wp-json\/wp\/v2\/location?post=431"},{"taxonomy":"canton","embeddable":true,"href":"https:\/\/www.artisanlocal.ch\/c\/wp-json\/wp\/v2\/canton?post=431"}],"curies":[{"name":"wp","href":"https:\/\/api.w.org\/{rel}","templated":true}]}}