{"id":434,"date":"2024-04-16T18:38:34","date_gmt":"2024-04-16T16:38:34","guid":{"rendered":"https:\/\/www.artisanlocal.ch\/c\/entreprise-de-nettoyage-de-bureaux-et-de-logements-a-pully\/"},"modified":"2025-08-27T01:33:29","modified_gmt":"2025-08-26T23:33:29","slug":"entreprise-de-nettoyage-de-bureaux-et-de-logements-a-pully","status":"publish","type":"page","link":"https:\/\/www.artisanlocal.ch\/c\/entreprise-de-nettoyage-de-bureaux-et-de-logements-a-pully\/","title":{"rendered":"Entreprise de nettoyage de bureaux et de logements \u00e0 Pully"},"content":{"rendered":"<p>Nous offrons un nettoyage complet de votre logement ou de vos locaux \u00e0 Pully. Notre entreprise est compos\u00e9e d&rsquo;experts qui s&rsquo;efforcent de fournir \u00e0 nos clients des services de la meilleure qualit\u00e9 possible.<\/p>\n\r\n<div class=\"box\">\r\n            <div class=\"company-info\">\r\n            <img decoding=\"async\" class=\"company-info__logo\" src=\"https:\/\/www.artisanlocal.ch\/media\/cache\/thumb\/images\/companies\/68be98810e6ea126160679.png\" alt=\"Logo\">\r\n            <h2 class=\"company-info__name\">BCM Multiservices S\u00e0rl<\/h2>\r\n            <p class=\"company-info__business\">D\u00e9m\u00e9nagement - D\u00e9barras - Nettoyage<\/p>\r\n        <\/div>\r\n        <div class=\"company-contact\">\r\n            <p class=\"company-info__address\">Chemin de Maillefer 137<\/p>\r\n                            <div class=\"links\">\r\n                                            <a class=\"btn has-accent-background-color js-phoneNumber\" href=\"tel:0789278535\" title=\"Appelez\" data-id=\"27285\" data-type=\"11\">078 927 85 35<\/a>\r\n                                                                <a class=\"btn has-accent-background-color\" href=\"https:\/\/bcm-multiservices.ch\/\" target=\"_blank\" title=\"Voir le site internet\" data-id=\"27285\" data-type=\"20\">Site internet<\/a>\r\n                                    <\/div>\r\n                    <\/div>\r\n    \r\n            \r\n<form action=\"https:\/\/www.artisanlocal.ch\/c\/wp-admin\/admin-ajax.php\" method=\"post\" class=\"form-contact\" id=\"artisan_form_contact_company_inline\">\r\n    <div><input type=\"hidden\" name=\"action\" value=\"company_contact\"><\/div>\r\n    <div><input type=\"hidden\" name=\"nonce\" value=\"1dbf28e6f0\"><\/div>\r\n    <div><input type=\"hidden\" name=\"company_id\" value=\"27285\"><\/div>\r\n    <div><input type=\"hidden\" name=\"form_id\" value=\"artisan_form_contact_company_inline\"><\/div>\r\n    <div class=\"gglcptch gglcptch_v3 gglcptch_custom\"><input type=\"hidden\" id=\"g-recaptcha-response\" name=\"g-recaptcha-response\" \/><br \/><div class=\"gglcptch_error_text\">La p\u00e9riode de v\u00e9rification reCAPTCHA a expir\u00e9. Veuillez recharger la page.<\/div><\/div>    <div class=\"form-content\">\r\n        <div class=\"form-group\">\r\n            <label for=\"contact_firstName\" class=\"required\">Pr\u00e9nom<\/label>\r\n            <input type=\"text\" name=\"firstName\" class=\"form-control\" required>\r\n        <\/div>\r\n        <div class=\"form-group\">\r\n            <label for=\"contact_lastName\" class=\"required\">Nom<\/label>\r\n            <input type=\"text\" name=\"lastName\" class=\"form-control\" required>\r\n        <\/div>\r\n        <div class=\"form-group\">\r\n            <label for=\"contact_email\" class=\"required\">Email<\/label>\r\n            <input type=\"email\" name=\"email\" class=\"form-control\" required>\r\n        <\/div>\r\n        <div class=\"form-group\">\r\n            <label for=\"contact_phone\" class=\"required\">Num\u00e9ro de t\u00e9l\u00e9phone<\/label>\r\n            <input type=\"tel\" name=\"phone\" class=\"form-control\" placeholder=\"0787117165\" pattern=\"^[0-9]{10}$\" required>\r\n        <\/div>\r\n        <div class=\"form-group\">\r\n            <label for=\"contact_postalCode\" class=\"required\">Code postal et localit\u00e9<\/label>\r\n            <input type=\"text\" name=\"postalCode\" class=\"form-control\" required>\r\n        <\/div>\r\n        <div class=\"form-group\">\r\n            <label for=\"contact_address\" class=\"required\">Adresse<\/label>\r\n            <input type=\"text\" name=\"address\" class=\"form-control\" required>\r\n        <\/div>\r\n        <div class=\"full-width topic\">\r\n            <p class=\"required\">Je souhaite \u00eatre contact\u00e9 pour :<\/p>\r\n            <div class=\"form-check\">\r\n                <input type=\"radio\" name=\"topic\" value=\"D\u00e9pannage\" class=\"form-control\" required>\r\n                <label for=\"d\u00e9pannage\">D\u00e9pannage<\/label>\r\n            <\/div>\r\n            <div class=\"form-check\">\r\n                <input type=\"radio\" name=\"topic\" value=\"Entretien\" class=\"form-control\" required>\r\n                <label for=\"entretien\">Entretien<\/label>\r\n            <\/div>\r\n            <div class=\"form-check\">\r\n                <input type=\"radio\" name=\"topic\" value=\"R\u00e9novation\" class=\"form-control\" required>\r\n                <label for=\"r\u00e9novation\">R\u00e9novation<\/label>\r\n            <\/div>\r\n            <div class=\"form-check\">\r\n                <input type=\"radio\" name=\"topic\" value=\"Autre\" class=\"form-control\" required>\r\n                <label for=\"autre\">Autre<\/label>\r\n            <\/div>\r\n        <\/div>\r\n        <div class=\"form-group full-width\">\r\n            <label for=\"contact_message\">Message<\/label>\r\n            <textarea name=\"message\" rows=\"3\" class=\"form-control\"><\/textarea>\r\n        <\/div>\r\n    <\/div>\r\n    <div class=\"form-actions\">\r\n        <button class=\"wp-block-button__link has-accent-background-color\">Contacter<\/button>\r\n    <\/div>\r\n<\/form>\r\n<div class=\"form-feedback\"><\/div>    <\/div>\n<h2>Pourquoi travailler avec notre soci\u00e9t\u00e9 ?<\/h2>\n<ul>\n<li>Vous pouvez planifier un rendez-vous aujourd&rsquo;hui avec notre soci\u00e9t\u00e9.<\/li>\n<li>Nos experts en nettoyage et entretien sont tous familiaris\u00e9s avec les derni\u00e8res techniques.<\/li>\n<li>Nous employons des produits durables.<\/li>\n<li>Nous vous fournissons une estimation gratuite.<\/li>\n<\/ul>\n<h2>Nettoyage de votre maison ou de votre local commercial \u00e0 Pully<\/h2>\n<p>Nous proposons des services de nettoyage pour satisfaire nos clients.<\/p>\n<p>Dans le cas d&rsquo;un m\u00e9nage m\u00e9ticuleux, d\u2019un m\u00e9nage r\u00e9gulier ou d&rsquo;un entretien continu, nous pouvons concevoir des solutions adapt\u00e9es \u00e0 vos besoins, voici les interventions que nous effectuons le plus fr\u00e9quemment \u00e0 Pully, vous pouvez b\u00e9n\u00e9ficier :<\/p>\n<ul>\n<li>D&rsquo;un nettoyage avant emm\u00e9nagement\/apr\u00e8s d\u00e9m\u00e9nagement pour les locataires.<\/li>\n<li>D&rsquo;un nettoyage Airbnb.<\/li>\n<li>D&rsquo;un lavage des espaces de bureaux et des locaux commerciaux.<\/li>\n<li>D&rsquo;un nettoyage apr\u00e8s une r\u00e9novation.<\/li>\n<\/ul>\n<h2>Quelles sont les solutions d&rsquo;entretien d&rsquo;artisanlocal\u202f?<\/h2>\n<ul>\n<li>Nettoyage pour les conciergeries Airbnb,<\/li>\n<li>service de m\u00e9nage et de nettoyage de studios,<\/li>\n<li>entretien des \u00e9quipements m\u00e9nagers,<\/li>\n<li>nettoyage de terrasse,<\/li>\n<li>nettoyage des espaces souterrains,<\/li>\n<li>d\u00e9sinfection des surfaces pour lutter contre les virus,<\/li>\n<li>nettoyage de la vaisselle,<\/li>\n<li>nettoyage et entretien des installations sportives,<\/li>\n<li>lavage des sols,<\/li>\n<li>nettoyage des h\u00f4pitaux,<\/li>\n<li>m\u00e9nage et nettoyage apr\u00e8s un d\u00e9m\u00e9nagement,<\/li>\n<li>nettoyage des locaux professionnels,<\/li>\n<li>service de m\u00e9nage apr\u00e8s une r\u00e9novation,<\/li>\n<li>entretien des salles d&rsquo;eau,<\/li>\n<li>nettoyage des commerces locaux,<\/li>\n<li>service de nettoyage des \u00e9coles,<\/li>\n<li>lavage de vitres.<\/li>\n<\/ul>\n<h2>Une entreprise Helv\u00e9tique de confiance<\/h2>\n<h3>Service de nettoyage d&rsquo;appartement \u00e0 Pully<\/h3>\n<p>Nous effectuons le m\u00e9nage d\u2019appartement \u00e0 Pully, par exemple, nous pouvons nettoyer votre appartement, en amont de votre \u00e9tat des lieux.<\/p>\n<p>Il est essentiel de savoir que si le nettoyage de votre int\u00e9rieur n&rsquo;est pas r\u00e9alis\u00e9 correctement, le propri\u00e9taire a le pouvoir de faire appel \u00e0 une soci\u00e9t\u00e9 de nettoyage et conserver une partie de votre caution.<\/p>\n<p>Les services de nettoyage pour la remise des cl\u00e9s incluent :<\/p>\n<p>&#8211; L&rsquo;entretien des surfaces : murs, sols, parquets, moquettes et carrelages.<\/p>\n<p>&#8211; Nettoyage des vitres et des fen\u00eatres.<\/p>\n<p>&#8211; Nettoyage des toilettes et de la salle d&rsquo;eau.<\/p>\n<p>&#8211; L&rsquo;entretien de l&rsquo;espace de cuisson et du syst\u00e8me d&rsquo;a\u00e9ration du coin cuisine.<\/p>\n<p>&#8211; L&rsquo;\u00e9limination des poussi\u00e8res sur le mobilier d&rsquo;int\u00e9rieur.<\/p>\n<h3>Vous avez besoin d&rsquo;un nettoyage ponctuel de votre studio?<\/h3>\n<p>Notre entreprise propose des services d&rsquo;entretien sur mesure, adapt\u00e9s \u00e0 vos demandes, nous pouvons intervenir de mani\u00e8res hebdomadaires, bihebdomadaires ou mensuelles.<\/p>\n<h3>Service pour un m\u00e9nage m\u00e9ticuleux de votre maison \u00e0 Pully<\/h3>\n<p>Artisanlocal propose des services de m\u00e9nage minutieux pour votre logement ou maison, en compl\u00e9ment de notre service de nettoyage standard.<\/p>\n<h3>Quels sont les b\u00e9n\u00e9fices d&rsquo;effectuer un entretien approfondi avec notre entreprise ?<\/h3>\n<p>L\u2019avantage majeur du m\u00e9nage approfondi est d&rsquo;enlever les amas de poussi\u00e8res qui se sont empil\u00e9es avec le temps, afin de rendre votre domicile sans poussi\u00e8re. Un grand nettoyage est par ailleurs une bonne solution pour enlever les odeurs d\u00e9sagr\u00e9ables.<\/p>\n<h3>M\u00e9nage de locaux professionnels \u00e0 Pully<\/h3>\n<p>Pour le m\u00e9nage de vos espaces de travail, faites confiance \u00e0 Artisanlocal. \u00c9conomisez du temps, de l&rsquo;\u00e9nergie gr\u00e2ce \u00e0 notre entreprise ! D\u00e9couvrez nos contrats de m\u00e9nage sur mesures pour vos locaux professionnels. Nos contrats s&rsquo;adaptent \u00e0 vos besoins et \u00e0 votre budget. D\u00e9couvrez nos services de nettoyage pour les lieux de travail :<\/p>\n<ul>\n<li>Entretien de moquettes et lavage de vitres de bureau.<\/li>\n<li>Nettoyage de fauteuils, de si\u00e8ges de travail, de canap\u00e9 en tissu ou en cuir.<\/li>\n<li>Enl\u00e8vement des d\u00e9chets.<\/li>\n<li>\u00c9limination de la poussi\u00e8re sur toutes les surfaces et mobilier.<\/li>\n<li>Lavage des sols et utilisation de l&rsquo;aspirateur.<\/li>\n<\/ul>\n<h3>Entreprise de nettoyage pour votre villa \u00e0 Pully<\/h3>\n<p>Pour pr\u00e9server l&rsquo;int\u00e9rieur de votre maison propre, il faut r\u00e9aliser un m\u00e9nage quotidien. H\u00e9las, un agenda rempli peut rendre cette obligation compliqu\u00e9e, voire infaisable, d\u00e9l\u00e9guez \u00e0 notre entreprise le nettoyage de votre maison.<\/p>\n<h2>Pourquoi faire appel \u00e0 une entreprise de nettoyage \u00e0 Pully ?<\/h2>\n<p>Si vous r\u00e9sidez \u00e0 Pully vous pouvez rencontrer des difficult\u00e9s \u00e0 garder votre h\u00e9bergement propre et bien rang\u00e9. Nos prestations de service sont adapt\u00e9es aux habitants de Pully. Avec notre entreprise, vous avez la possibilit\u00e9 de :<\/p>\n<h3>Mieux g\u00e9rer l&rsquo;int\u00e9rieur de votre r\u00e9sidence<\/h3>\n<p>Un h\u00e9bergement mal rang\u00e9 peut \u00eatre une cause de probl\u00e8mes (perte de temps, disputes avec son conjoint, etc.). Artisanlocal offre des services professionnels de nettoyage pour votre maison afin de mieux organiser votre lieu de vie, ce qui vous donne la possibilit\u00e9, de :<\/p>\n<h3>Cr\u00e9er une atmosph\u00e8re plus accueillante<\/h3>\n<p>En effet, une maison bien organis\u00e9e vous aidera ainsi que vos invit\u00e9s \u00e0 vous sentir mieux.<\/p>\n<h3>Conserver sa vitalit\u00e9 et rester heureux<\/h3>\n<p>La concentration de poussi\u00e8re et de salet\u00e9 dans votre habitation peut cr\u00e9er des risques pour votre \u00e9tat de sant\u00e9, et causer des allergies ou exacerber celles qui existent d\u00e9j\u00e0. En engageant les services de notre entreprise de m\u00e9nage, vous r\u00e9duisez les potentiels expositions aux allerg\u00e8nes.<\/p>\n<h3>Avoir une meilleure organisation de votre espace int\u00e9rieur<\/h3>\n<p>Il est courant que l&rsquo;int\u00e9rieur des propri\u00e9t\u00e9s soit mal organis\u00e9, ce qui peut compliquer la vie de tous les jours. Opter pour notre service de nettoyage pour vous assurer la bonne propret\u00e9 et organisation de votre habitation. De plus, nous pouvons aussi intervenir \u00e0 : Les Monts-de-Pully, La Croix (Lutry), Belmont-sur-Lausanne, La Conversion, Paudex, Lutry.<\/p>\n","protected":false},"excerpt":{"rendered":"<p>Nous offrons un nettoyage complet de votre logement ou de vos locaux \u00e0 Pully. Notre entreprise est compos\u00e9e d&rsquo;experts qui s&rsquo;efforcent de fournir \u00e0 nos clients des services de la meilleure qualit\u00e9 possible. Pourquoi travailler avec notre soci\u00e9t\u00e9 ? Vous pouvez planifier un rendez-vous aujourd&rsquo;hui avec notre soci\u00e9t\u00e9. Nos experts en nettoyage et entretien sont [&hellip;]<\/p>\n","protected":false},"author":4,"featured_media":2754,"parent":0,"menu_order":0,"comment_status":"closed","ping_status":"closed","template":"","meta":{"footnotes":""},"profession":[108],"location":[80],"canton":[113],"class_list":["post-434","page","type-page","status-publish","has-post-thumbnail","hentry","profession-agent-de-proprete","location-pully","canton-vd"],"yoast_head":"<!-- This site is optimized with the Yoast SEO Premium plugin v25.7.1 (Yoast SEO v27.3) - https:\/\/yoast.com\/product\/yoast-seo-premium-wordpress\/ -->\n<title>Entreprise de nettoyage de bureaux et de logements \u00e0 Pully - Artisanlocal<\/title>\n<meta name=\"robots\" content=\"index, follow, max-snippet:-1, max-image-preview:large, max-video-preview:-1\" \/>\n<link rel=\"canonical\" href=\"https:\/\/www.artisanlocal.ch\/c\/entreprise-de-nettoyage-de-bureaux-et-de-logements-a-pully\/\" \/>\n<meta property=\"og:locale\" content=\"fr_FR\" \/>\n<meta property=\"og:type\" content=\"article\" \/>\n<meta property=\"og:title\" content=\"Entreprise de nettoyage de bureaux et de logements \u00e0 Pully\" \/>\n<meta property=\"og:description\" content=\"Nous offrons un nettoyage complet de votre logement ou de vos locaux \u00e0 Pully. Notre entreprise est compos\u00e9e d&rsquo;experts qui s&rsquo;efforcent de fournir \u00e0 nos clients des services de la meilleure qualit\u00e9 possible. Pourquoi travailler avec notre soci\u00e9t\u00e9 ? Vous pouvez planifier un rendez-vous aujourd&rsquo;hui avec notre soci\u00e9t\u00e9. Nos experts en nettoyage et entretien sont [&hellip;]\" \/>\n<meta property=\"og:url\" content=\"https:\/\/www.artisanlocal.ch\/c\/entreprise-de-nettoyage-de-bureaux-et-de-logements-a-pully\/\" \/>\n<meta property=\"og:site_name\" content=\"Artisanlocal\" \/>\n<meta property=\"article:modified_time\" content=\"2025-08-26T23:33:29+00:00\" \/>\n<meta property=\"og:image\" content=\"https:\/\/www.artisanlocal.ch\/c\/wp-content\/uploads\/2024\/10\/agent-proprete.jpg\" \/>\n\t<meta property=\"og:image:width\" content=\"1920\" \/>\n\t<meta property=\"og:image:height\" content=\"300\" \/>\n\t<meta property=\"og:image:type\" content=\"image\/jpeg\" \/>\n<meta name=\"twitter:card\" content=\"summary_large_image\" \/>\n<meta name=\"twitter:label1\" content=\"Dur\u00e9e de lecture estim\u00e9e\" \/>\n\t<meta name=\"twitter:data1\" content=\"5 minutes\" \/>\n<script type=\"application\/ld+json\" class=\"yoast-schema-graph\">{\"@context\":\"https:\\\/\\\/schema.org\",\"@graph\":[{\"@type\":\"WebPage\",\"@id\":\"https:\\\/\\\/www.artisanlocal.ch\\\/c\\\/entreprise-de-nettoyage-de-bureaux-et-de-logements-a-pully\\\/\",\"url\":\"https:\\\/\\\/www.artisanlocal.ch\\\/c\\\/entreprise-de-nettoyage-de-bureaux-et-de-logements-a-pully\\\/\",\"name\":\"Entreprise de nettoyage de bureaux et de logements \u00e0 Pully - Artisanlocal\",\"isPartOf\":{\"@id\":\"https:\\\/\\\/www.artisanlocal.ch\\\/c\\\/#website\"},\"primaryImageOfPage\":{\"@id\":\"https:\\\/\\\/www.artisanlocal.ch\\\/c\\\/entreprise-de-nettoyage-de-bureaux-et-de-logements-a-pully\\\/#primaryimage\"},\"image\":{\"@id\":\"https:\\\/\\\/www.artisanlocal.ch\\\/c\\\/entreprise-de-nettoyage-de-bureaux-et-de-logements-a-pully\\\/#primaryimage\"},\"thumbnailUrl\":\"https:\\\/\\\/www.artisanlocal.ch\\\/c\\\/wp-content\\\/uploads\\\/2024\\\/10\\\/agent-proprete.jpg\",\"datePublished\":\"2024-04-16T16:38:34+00:00\",\"dateModified\":\"2025-08-26T23:33:29+00:00\",\"breadcrumb\":{\"@id\":\"https:\\\/\\\/www.artisanlocal.ch\\\/c\\\/entreprise-de-nettoyage-de-bureaux-et-de-logements-a-pully\\\/#breadcrumb\"},\"inLanguage\":\"fr-FR\",\"potentialAction\":[{\"@type\":\"ReadAction\",\"target\":[\"https:\\\/\\\/www.artisanlocal.ch\\\/c\\\/entreprise-de-nettoyage-de-bureaux-et-de-logements-a-pully\\\/\"]}]},{\"@type\":\"ImageObject\",\"inLanguage\":\"fr-FR\",\"@id\":\"https:\\\/\\\/www.artisanlocal.ch\\\/c\\\/entreprise-de-nettoyage-de-bureaux-et-de-logements-a-pully\\\/#primaryimage\",\"url\":\"https:\\\/\\\/www.artisanlocal.ch\\\/c\\\/wp-content\\\/uploads\\\/2024\\\/10\\\/agent-proprete.jpg\",\"contentUrl\":\"https:\\\/\\\/www.artisanlocal.ch\\\/c\\\/wp-content\\\/uploads\\\/2024\\\/10\\\/agent-proprete.jpg\",\"width\":1920,\"height\":300},{\"@type\":\"BreadcrumbList\",\"@id\":\"https:\\\/\\\/www.artisanlocal.ch\\\/c\\\/entreprise-de-nettoyage-de-bureaux-et-de-logements-a-pully\\\/#breadcrumb\",\"itemListElement\":[{\"@type\":\"ListItem\",\"position\":1,\"name\":\"Accueil\",\"item\":\"https:\\\/\\\/www.artisanlocal.ch\\\/c\\\/\"},{\"@type\":\"ListItem\",\"position\":2,\"name\":\"Entreprise de nettoyage de bureaux et de logements \u00e0 Pully\"}]},{\"@type\":\"WebSite\",\"@id\":\"https:\\\/\\\/www.artisanlocal.ch\\\/c\\\/#website\",\"url\":\"https:\\\/\\\/www.artisanlocal.ch\\\/c\\\/\",\"name\":\"Artisanlocal\",\"description\":\"\",\"publisher\":{\"@id\":\"https:\\\/\\\/www.artisanlocal.ch\\\/c\\\/#organization\"},\"potentialAction\":[{\"@type\":\"SearchAction\",\"target\":{\"@type\":\"EntryPoint\",\"urlTemplate\":\"https:\\\/\\\/www.artisanlocal.ch\\\/c\\\/?s={search_term_string}\"},\"query-input\":{\"@type\":\"PropertyValueSpecification\",\"valueRequired\":true,\"valueName\":\"search_term_string\"}}],\"inLanguage\":\"fr-FR\"},{\"@type\":\"Organization\",\"@id\":\"https:\\\/\\\/www.artisanlocal.ch\\\/c\\\/#organization\",\"name\":\"Artisanlocal\",\"url\":\"https:\\\/\\\/www.artisanlocal.ch\\\/c\\\/\",\"logo\":{\"@type\":\"ImageObject\",\"inLanguage\":\"fr-FR\",\"@id\":\"https:\\\/\\\/www.artisanlocal.ch\\\/c\\\/#\\\/schema\\\/logo\\\/image\\\/\",\"url\":\"https:\\\/\\\/www.artisanlocal.ch\\\/c\\\/wp-content\\\/uploads\\\/2024\\\/02\\\/logo-artisanlocal-h.svg\",\"contentUrl\":\"https:\\\/\\\/www.artisanlocal.ch\\\/c\\\/wp-content\\\/uploads\\\/2024\\\/02\\\/logo-artisanlocal-h.svg\",\"caption\":\"Artisanlocal\"},\"image\":{\"@id\":\"https:\\\/\\\/www.artisanlocal.ch\\\/c\\\/#\\\/schema\\\/logo\\\/image\\\/\"}}]}<\/script>\n<!-- \/ Yoast SEO Premium plugin. -->","yoast_head_json":{"title":"Entreprise de nettoyage de bureaux et de logements \u00e0 Pully - Artisanlocal","robots":{"index":"index","follow":"follow","max-snippet":"max-snippet:-1","max-image-preview":"max-image-preview:large","max-video-preview":"max-video-preview:-1"},"canonical":"https:\/\/www.artisanlocal.ch\/c\/entreprise-de-nettoyage-de-bureaux-et-de-logements-a-pully\/","og_locale":"fr_FR","og_type":"article","og_title":"Entreprise de nettoyage de bureaux et de logements \u00e0 Pully","og_description":"Nous offrons un nettoyage complet de votre logement ou de vos locaux \u00e0 Pully. Notre entreprise est compos\u00e9e d&rsquo;experts qui s&rsquo;efforcent de fournir \u00e0 nos clients des services de la meilleure qualit\u00e9 possible. Pourquoi travailler avec notre soci\u00e9t\u00e9 ? Vous pouvez planifier un rendez-vous aujourd&rsquo;hui avec notre soci\u00e9t\u00e9. Nos experts en nettoyage et entretien sont [&hellip;]","og_url":"https:\/\/www.artisanlocal.ch\/c\/entreprise-de-nettoyage-de-bureaux-et-de-logements-a-pully\/","og_site_name":"Artisanlocal","article_modified_time":"2025-08-26T23:33:29+00:00","og_image":[{"width":1920,"height":300,"url":"https:\/\/www.artisanlocal.ch\/c\/wp-content\/uploads\/2024\/10\/agent-proprete.jpg","type":"image\/jpeg"}],"twitter_card":"summary_large_image","twitter_misc":{"Dur\u00e9e de lecture estim\u00e9e":"5 minutes"},"schema":{"@context":"https:\/\/schema.org","@graph":[{"@type":"WebPage","@id":"https:\/\/www.artisanlocal.ch\/c\/entreprise-de-nettoyage-de-bureaux-et-de-logements-a-pully\/","url":"https:\/\/www.artisanlocal.ch\/c\/entreprise-de-nettoyage-de-bureaux-et-de-logements-a-pully\/","name":"Entreprise de nettoyage de bureaux et de logements \u00e0 Pully - Artisanlocal","isPartOf":{"@id":"https:\/\/www.artisanlocal.ch\/c\/#website"},"primaryImageOfPage":{"@id":"https:\/\/www.artisanlocal.ch\/c\/entreprise-de-nettoyage-de-bureaux-et-de-logements-a-pully\/#primaryimage"},"image":{"@id":"https:\/\/www.artisanlocal.ch\/c\/entreprise-de-nettoyage-de-bureaux-et-de-logements-a-pully\/#primaryimage"},"thumbnailUrl":"https:\/\/www.artisanlocal.ch\/c\/wp-content\/uploads\/2024\/10\/agent-proprete.jpg","datePublished":"2024-04-16T16:38:34+00:00","dateModified":"2025-08-26T23:33:29+00:00","breadcrumb":{"@id":"https:\/\/www.artisanlocal.ch\/c\/entreprise-de-nettoyage-de-bureaux-et-de-logements-a-pully\/#breadcrumb"},"inLanguage":"fr-FR","potentialAction":[{"@type":"ReadAction","target":["https:\/\/www.artisanlocal.ch\/c\/entreprise-de-nettoyage-de-bureaux-et-de-logements-a-pully\/"]}]},{"@type":"ImageObject","inLanguage":"fr-FR","@id":"https:\/\/www.artisanlocal.ch\/c\/entreprise-de-nettoyage-de-bureaux-et-de-logements-a-pully\/#primaryimage","url":"https:\/\/www.artisanlocal.ch\/c\/wp-content\/uploads\/2024\/10\/agent-proprete.jpg","contentUrl":"https:\/\/www.artisanlocal.ch\/c\/wp-content\/uploads\/2024\/10\/agent-proprete.jpg","width":1920,"height":300},{"@type":"BreadcrumbList","@id":"https:\/\/www.artisanlocal.ch\/c\/entreprise-de-nettoyage-de-bureaux-et-de-logements-a-pully\/#breadcrumb","itemListElement":[{"@type":"ListItem","position":1,"name":"Accueil","item":"https:\/\/www.artisanlocal.ch\/c\/"},{"@type":"ListItem","position":2,"name":"Entreprise de nettoyage de bureaux et de logements \u00e0 Pully"}]},{"@type":"WebSite","@id":"https:\/\/www.artisanlocal.ch\/c\/#website","url":"https:\/\/www.artisanlocal.ch\/c\/","name":"Artisanlocal","description":"","publisher":{"@id":"https:\/\/www.artisanlocal.ch\/c\/#organization"},"potentialAction":[{"@type":"SearchAction","target":{"@type":"EntryPoint","urlTemplate":"https:\/\/www.artisanlocal.ch\/c\/?s={search_term_string}"},"query-input":{"@type":"PropertyValueSpecification","valueRequired":true,"valueName":"search_term_string"}}],"inLanguage":"fr-FR"},{"@type":"Organization","@id":"https:\/\/www.artisanlocal.ch\/c\/#organization","name":"Artisanlocal","url":"https:\/\/www.artisanlocal.ch\/c\/","logo":{"@type":"ImageObject","inLanguage":"fr-FR","@id":"https:\/\/www.artisanlocal.ch\/c\/#\/schema\/logo\/image\/","url":"https:\/\/www.artisanlocal.ch\/c\/wp-content\/uploads\/2024\/02\/logo-artisanlocal-h.svg","contentUrl":"https:\/\/www.artisanlocal.ch\/c\/wp-content\/uploads\/2024\/02\/logo-artisanlocal-h.svg","caption":"Artisanlocal"},"image":{"@id":"https:\/\/www.artisanlocal.ch\/c\/#\/schema\/logo\/image\/"}}]}},"_links":{"self":[{"href":"https:\/\/www.artisanlocal.ch\/c\/wp-json\/wp\/v2\/pages\/434","targetHints":{"allow":["GET"]}}],"collection":[{"href":"https:\/\/www.artisanlocal.ch\/c\/wp-json\/wp\/v2\/pages"}],"about":[{"href":"https:\/\/www.artisanlocal.ch\/c\/wp-json\/wp\/v2\/types\/page"}],"author":[{"embeddable":true,"href":"https:\/\/www.artisanlocal.ch\/c\/wp-json\/wp\/v2\/users\/4"}],"replies":[{"embeddable":true,"href":"https:\/\/www.artisanlocal.ch\/c\/wp-json\/wp\/v2\/comments?post=434"}],"version-history":[{"count":0,"href":"https:\/\/www.artisanlocal.ch\/c\/wp-json\/wp\/v2\/pages\/434\/revisions"}],"wp:featuredmedia":[{"embeddable":true,"href":"https:\/\/www.artisanlocal.ch\/c\/wp-json\/wp\/v2\/media\/2754"}],"wp:attachment":[{"href":"https:\/\/www.artisanlocal.ch\/c\/wp-json\/wp\/v2\/media?parent=434"}],"wp:term":[{"taxonomy":"profession","embeddable":true,"href":"https:\/\/www.artisanlocal.ch\/c\/wp-json\/wp\/v2\/profession?post=434"},{"taxonomy":"location","embeddable":true,"href":"https:\/\/www.artisanlocal.ch\/c\/wp-json\/wp\/v2\/location?post=434"},{"taxonomy":"canton","embeddable":true,"href":"https:\/\/www.artisanlocal.ch\/c\/wp-json\/wp\/v2\/canton?post=434"}],"curies":[{"name":"wp","href":"https:\/\/api.w.org\/{rel}","templated":true}]}}