{"id":436,"date":"2024-04-16T18:38:34","date_gmt":"2024-04-16T16:38:34","guid":{"rendered":"https:\/\/www.artisanlocal.ch\/c\/entreprise-de-nettoyage-professionnel-pour-domicile-et-bureau-a-bussigny-pres-lausanne\/"},"modified":"2025-08-27T01:33:27","modified_gmt":"2025-08-26T23:33:27","slug":"entreprise-de-nettoyage-professionnel-pour-domicile-et-bureau-a-bussigny-pres-lausanne","status":"publish","type":"page","link":"https:\/\/www.artisanlocal.ch\/c\/entreprise-de-nettoyage-professionnel-pour-domicile-et-bureau-a-bussigny-pres-lausanne\/","title":{"rendered":"Entreprise de nettoyage professionnel pour domicile et bureau \u00e0 Bussigny"},"content":{"rendered":"<p>Nous proposons un service de nettoyage entier de votre domicile ou de vos bureaux \u00e0 Bussigny. Notre soci\u00e9t\u00e9 est compos\u00e9e d&rsquo;experts qualifi\u00e9s qui s&rsquo;efforcent d&rsquo;apporter \u00e0 nos clients des services de la meilleure qualit\u00e9 possible.<\/p>\n\r\n<div class=\"box\">\r\n            <div class=\"company-info\">\r\n            <img decoding=\"async\" class=\"company-info__logo\" src=\"https:\/\/www.artisanlocal.ch\/media\/cache\/thumb\/images\/companies\/68be98810e6ea126160679.png\" alt=\"Logo\">\r\n            <h2 class=\"company-info__name\">BCM Multiservices S\u00e0rl<\/h2>\r\n            <p class=\"company-info__business\">D\u00e9m\u00e9nagement - D\u00e9barras - Nettoyage<\/p>\r\n        <\/div>\r\n        <div class=\"company-contact\">\r\n            <p class=\"company-info__address\">Chemin de Maillefer 137<\/p>\r\n                            <div class=\"links\">\r\n                                            <a class=\"btn has-accent-background-color js-phoneNumber\" href=\"tel:0789278535\" title=\"Appelez\" data-id=\"27285\" data-type=\"11\">078 927 85 35<\/a>\r\n                                                                <a class=\"btn has-accent-background-color\" href=\"https:\/\/bcm-multiservices.ch\/\" target=\"_blank\" title=\"Voir le site internet\" data-id=\"27285\" data-type=\"20\">Site internet<\/a>\r\n                                    <\/div>\r\n                    <\/div>\r\n    \r\n            \r\n<form action=\"https:\/\/www.artisanlocal.ch\/c\/wp-admin\/admin-ajax.php\" method=\"post\" class=\"form-contact\" id=\"artisan_form_contact_company_inline\">\r\n    <div><input type=\"hidden\" name=\"action\" value=\"company_contact\"><\/div>\r\n    <div><input type=\"hidden\" name=\"nonce\" value=\"85ec494698\"><\/div>\r\n    <div><input type=\"hidden\" name=\"company_id\" value=\"27285\"><\/div>\r\n    <div><input type=\"hidden\" name=\"form_id\" value=\"artisan_form_contact_company_inline\"><\/div>\r\n    <div class=\"gglcptch gglcptch_v3 gglcptch_custom\"><input type=\"hidden\" id=\"g-recaptcha-response\" name=\"g-recaptcha-response\" \/><br \/><div class=\"gglcptch_error_text\">La p\u00e9riode de v\u00e9rification reCAPTCHA a expir\u00e9. Veuillez recharger la page.<\/div><\/div>    <div class=\"form-content\">\r\n        <div class=\"form-group\">\r\n            <label for=\"contact_firstName\" class=\"required\">Pr\u00e9nom<\/label>\r\n            <input type=\"text\" name=\"firstName\" class=\"form-control\" required>\r\n        <\/div>\r\n        <div class=\"form-group\">\r\n            <label for=\"contact_lastName\" class=\"required\">Nom<\/label>\r\n            <input type=\"text\" name=\"lastName\" class=\"form-control\" required>\r\n        <\/div>\r\n        <div class=\"form-group\">\r\n            <label for=\"contact_email\" class=\"required\">Email<\/label>\r\n            <input type=\"email\" name=\"email\" class=\"form-control\" required>\r\n        <\/div>\r\n        <div class=\"form-group\">\r\n            <label for=\"contact_phone\" class=\"required\">Num\u00e9ro de t\u00e9l\u00e9phone<\/label>\r\n            <input type=\"tel\" name=\"phone\" class=\"form-control\" placeholder=\"0787117165\" pattern=\"^[0-9]{10}$\" required>\r\n        <\/div>\r\n        <div class=\"form-group\">\r\n            <label for=\"contact_postalCode\" class=\"required\">Code postal et localit\u00e9<\/label>\r\n            <input type=\"text\" name=\"postalCode\" class=\"form-control\" required>\r\n        <\/div>\r\n        <div class=\"form-group\">\r\n            <label for=\"contact_address\" class=\"required\">Adresse<\/label>\r\n            <input type=\"text\" name=\"address\" class=\"form-control\" required>\r\n        <\/div>\r\n        <div class=\"full-width topic\">\r\n            <p class=\"required\">Je souhaite \u00eatre contact\u00e9 pour :<\/p>\r\n            <div class=\"form-check\">\r\n                <input type=\"radio\" name=\"topic\" value=\"D\u00e9pannage\" class=\"form-control\" required>\r\n                <label for=\"d\u00e9pannage\">D\u00e9pannage<\/label>\r\n            <\/div>\r\n            <div class=\"form-check\">\r\n                <input type=\"radio\" name=\"topic\" value=\"Entretien\" class=\"form-control\" required>\r\n                <label for=\"entretien\">Entretien<\/label>\r\n            <\/div>\r\n            <div class=\"form-check\">\r\n                <input type=\"radio\" name=\"topic\" value=\"R\u00e9novation\" class=\"form-control\" required>\r\n                <label for=\"r\u00e9novation\">R\u00e9novation<\/label>\r\n            <\/div>\r\n            <div class=\"form-check\">\r\n                <input type=\"radio\" name=\"topic\" value=\"Autre\" class=\"form-control\" required>\r\n                <label for=\"autre\">Autre<\/label>\r\n            <\/div>\r\n        <\/div>\r\n        <div class=\"form-group full-width\">\r\n            <label for=\"contact_message\">Message<\/label>\r\n            <textarea name=\"message\" rows=\"3\" class=\"form-control\"><\/textarea>\r\n        <\/div>\r\n    <\/div>\r\n    <div class=\"form-actions\">\r\n        <button class=\"wp-block-button__link has-accent-background-color\">Contacter<\/button>\r\n    <\/div>\r\n<\/form>\r\n<div class=\"form-feedback\"><\/div>    <\/div>\n<h2>Pourquoi travailler avec notre soci\u00e9t\u00e9 ?<\/h2>\n<ul>\n<li>Il est possible de planifier un rendez-vous avec notre entreprise aujourd&rsquo;hui.<\/li>\n<li>Nos sp\u00e9cialistes en nettoyage et entretien sont tous familiaris\u00e9s avec les derni\u00e8res m\u00e9thodes.<\/li>\n<li>L&rsquo;entretien est r\u00e9alis\u00e9 avec des produits \u00e9cologiques.<\/li>\n<li>Nos devis sont sans frais.<\/li>\n<\/ul>\n<h2>Services de m\u00e9nage \u00e0 Bussigny<\/h2>\n<p>Nous fournissons une gamme de prestations de nettoyage personnalis\u00e9 pour r\u00e9pondre aux besoins de nos clients.<\/p>\n<p>Qu&rsquo;il s&rsquo;agisse d&rsquo;un nettoyage complet, d\u2019un m\u00e9nage r\u00e9gulier ou d&rsquo;un entretien continu, nous pouvons cr\u00e9er des prestations sur mesure, voici les interventions que nous effectuons le plus souvent \u00e0 Bussigny, vous pouvez profiter :<\/p>\n<ul>\n<li>D&rsquo;un m\u00e9nage apr\u00e8s d\u00e9m\u00e9nagement\/avant emm\u00e9nagement pour les locataires.<\/li>\n<li>D&rsquo;un nettoyage d&rsquo;h\u00e9bergements Airbnb.<\/li>\n<li>D&rsquo;un lavage des espaces de bureaux et des commerces.<\/li>\n<li>D&rsquo;un service de nettoyage apr\u00e8s une r\u00e9novation d&rsquo;appartement.<\/li>\n<\/ul>\n<h2>Quelles sont les solutions de nettoyage qu&rsquo;artisanlocal propose\u202f?<\/h2>\n<ul>\n<li>Services de m\u00e9nage pour les conciergeries d&rsquo;appartements et maisons Airbnb,<\/li>\n<li>service de m\u00e9nage et de nettoyage d&rsquo;appartements,<\/li>\n<li>nettoyage et entretien des appareils \u00e9lectrom\u00e9nagers,<\/li>\n<li>nettoyage de balcon,<\/li>\n<li>service de nettoyage de sous-sols,<\/li>\n<li>d\u00e9sinfection des surfaces pour lutter contre les virus comme la Covid,<\/li>\n<li>nettoyage de la vaisselle,<\/li>\n<li>nettoyage des salles de sports,<\/li>\n<li>lavage des sols,<\/li>\n<li>nettoyage sanitaire en milieu hospitalier,<\/li>\n<li>m\u00e9nage et nettoyage apr\u00e8s un changement de logement,<\/li>\n<li>nettoyage des espaces de travail,<\/li>\n<li>nettoyage apr\u00e8s une r\u00e9novation,<\/li>\n<li>nettoyage des salles d&rsquo;eau,<\/li>\n<li>nettoyage des commerces locaux,<\/li>\n<li>service de m\u00e9nage et entretien des salles de classe,<\/li>\n<li>nettoyage de vitres.<\/li>\n<\/ul>\n<h2>Une soci\u00e9t\u00e9 de confiance en Suisse<\/h2>\n<h3>Nettoyage d&rsquo;appartement \u00e0 Bussigny<\/h3>\n<p>Si vous r\u00e9sidez \u00e0 Bussigny, nous pouvons r\u00e9aliser le m\u00e9nage de votre logement en amont de l&rsquo;\u00e9tat des lieux.<\/p>\n<p>Il est n\u00e9cessaire de comprendre que si le m\u00e9nage de votre int\u00e9rieur n&rsquo;est pas effectu\u00e9 correctement, le bailleur peut faire appel \u00e0 une soci\u00e9t\u00e9 de nettoyage et conserver une part de votre d\u00e9p\u00f4t de garantie.<\/p>\n<p>Les services de nettoyage pour la remise des cl\u00e9s incluent :<\/p>\n<p>&#8211; L&rsquo;entretien des surfaces : carrelages, sols, parquets, moquettes et murs.<\/p>\n<p>&#8211; Le nettoyage des fen\u00eatres et vitres.<\/p>\n<p>&#8211; Entretien des toilettes et de la salle de bains.<\/p>\n<p>&#8211; L&rsquo;entretien de l&rsquo;espace de cuisson et du syst\u00e8me de ventilation de la cuisine.<\/p>\n<p>&#8211; Le service de d\u00e9poussi\u00e9rage du mobilier.<\/p>\n<h3>Vous avez besoin d&rsquo;un entretien ponctuel de votre studio?<\/h3>\n<p>Notre \u00e9tablissement propose des solutions d&rsquo;entretien adapt\u00e9es \u00e0 vos besoins, avec des interventions hebdomadaires, toutes les deux semaines ou chaque mois.<\/p>\n<h3>Service pour un nettoyage approfondi de votre maison \u00e0 Bussigny<\/h3>\n<p>Artisanlocal propose des services de nettoyage approfondis pour votre propri\u00e9t\u00e9 ou votre studio, en plus de notre prestation de nettoyage standard.<\/p>\n<h3>Quels sont les avantages de r\u00e9aliser un m\u00e9nage approfondi avec notre soci\u00e9t\u00e9 ?<\/h3>\n<p>Le principal avantage de l&rsquo;entretien approfondi est de supprimer la salet\u00e9, la poussi\u00e8re et la crasse qui se sont accumul\u00e9es progressivement, ce qui participe \u00e0 un meilleur environnement int\u00e9rieur de votre habitat. De plus, un nettoyage en profondeur facilite l&rsquo;\u00e9limination des odeurs d\u00e9sagr\u00e9ables.<\/p>\n<h3>Nettoyage de locaux professionnels \u00e0 Bussigny<\/h3>\n<p>S&rsquo;adresser \u00e0 Artisanlocal pour le nettoyage de bureaux est la meilleure alternative. Vous ferez des \u00e9conomies de temps et d&rsquo;\u00e9nergie ! Nous proposons des prestations de m\u00e9nages \u00e0 l&rsquo;ann\u00e9e qui s&rsquo;ajustera \u00e0 vos besoins et \u00e0 votre enveloppe budg\u00e9taire. D\u00e9couvrez nos services de m\u00e9nage pour les lieux de travail :<\/p>\n<ul>\n<li>Nettoyage de vos tapis et des vitres.<\/li>\n<li>Entretien des \u00e9quipements de bureau en cuir ou tissu (des canap\u00e9s, des bureaux et des fauteuils).<\/li>\n<li>Gestion des d\u00e9chets.<\/li>\n<li>\u00c9limination des amas de poussi\u00e8re.<\/li>\n<li>Nettoyage des surfaces au sol et passage de l&rsquo;aspirateur.<\/li>\n<\/ul>\n<h3>Service de nettoyage de maison \u00e0 Bussigny<\/h3>\n<p>Pour garantir que votre r\u00e9sidence reste continuellement aussi net, un m\u00e9nage fr\u00e9quent doit faire partie de vos habitudes. H\u00e9las, un agenda charg\u00e9 peut rendre cette mission difficile, voire irr\u00e9alisable, d\u00e9l\u00e9guez \u00e0 notre entreprise le nettoyage de votre maison.<\/p>\n<h2>Quel est l&rsquo;int\u00e9r\u00eat de recourir \u00e0 une entreprise pour nettoyer son habitation \u00e0 Bussigny ?<\/h2>\n<p>Si vous habitez \u00e0 Bussigny vous avez peut-\u00eatre du mal \u00e0 garder votre appartement bien rang\u00e9 et nettoy\u00e9. Notre gamme de services vous aidera \u00e0 garder votre r\u00e9sidence aussi propre que possible. En faisant appel \u00e0 notre entreprise, vous allez pouvoir :<\/p>\n<h3>Mieux organiser l&rsquo;int\u00e9rieur de votre r\u00e9sidence<\/h3>\n<p>Un appartement en d\u00e9sordre peut \u00eatre une source de probl\u00e8mes (perte de temps, discordes avec son conjoint, etc.). Artisanlocal offre des services professionnels de nettoyage pour votre maison de fa\u00e7on \u00e0 mieux organiser votre espace, ce qui vous donne la possibilit\u00e9, de :<\/p>\n<h3>Cr\u00e9er un cadre plus avenant<\/h3>\n<p>Effectivement, une r\u00e9sidence bien rang\u00e9e vous aidera ainsi que vos invit\u00e9s \u00e0 vous sentir mieux.<\/p>\n<h3>Prot\u00e9ger sa sant\u00e9 et rester heureux<\/h3>\n<p>Ne pas \u00e9liminer la salet\u00e9 et la poussi\u00e8re dans votre habitation peut provoquer des risques pour la sant\u00e9, comme d\u00e9clencher des allergies ou augmenter celles d\u00e9j\u00e0 pr\u00e9sentes. En sollicitant les services de notre entreprise de m\u00e9nage, vous r\u00e9duisez les possibles expositions aux allerg\u00e8nes.<\/p>\n<h3>Avoir une meilleure disposition de votre espace int\u00e9rieur<\/h3>\n<p>Comme beaucoup de foyers, votre habitation peut \u00eatre en d\u00e9sordre, ce qui rend la vie difficile. Opter pour notre service de m\u00e9nage pour vous garantir la bonne organisation et propret\u00e9 de votre propri\u00e9t\u00e9. D&rsquo;autre part, nous pouvons aussi intervenir \u00e0 : Chavannes-pr\u00e8s-Renens, Ecublens VD, St-Sulpice VD, Denges, Echandens, Lonay, Pr\u00e9verenges, Villars-Ste-Croix, Morges, Echichens, St-Saphorin-sur-Morges, Colombier VD, Vullierens, Bremblens, Romanel-sur-Morges, Aclens, Monnaz, Vaux-sur-Morges, Clarmont, Reverolle, Tolochenaz, Lully VD, Chigny, Vufflens-le-Ch\u00e2teau, Denens, Bussy-Chardonney, St-Prex, Lussy-sur-Morges.<\/p>\n","protected":false},"excerpt":{"rendered":"<p>Nous proposons un service de nettoyage entier de votre domicile ou de vos bureaux \u00e0 Bussigny. Notre soci\u00e9t\u00e9 est compos\u00e9e d&rsquo;experts qualifi\u00e9s qui s&rsquo;efforcent d&rsquo;apporter \u00e0 nos clients des services de la meilleure qualit\u00e9 possible. Pourquoi travailler avec notre soci\u00e9t\u00e9 ? Il est possible de planifier un rendez-vous avec notre entreprise aujourd&rsquo;hui. Nos sp\u00e9cialistes en [&hellip;]<\/p>\n","protected":false},"author":4,"featured_media":2754,"parent":0,"menu_order":0,"comment_status":"closed","ping_status":"closed","template":"","meta":{"footnotes":""},"profession":[108],"location":[5],"canton":[113],"class_list":["post-436","page","type-page","status-publish","has-post-thumbnail","hentry","profession-agent-de-proprete","location-bussigny","canton-vd"],"yoast_head":"<!-- This site is optimized with the Yoast SEO Premium plugin v25.7.1 (Yoast SEO v27.3) - https:\/\/yoast.com\/product\/yoast-seo-premium-wordpress\/ -->\n<title>Entreprise de nettoyage professionnel pour domicile et bureau \u00e0 Bussigny - Artisanlocal<\/title>\n<meta name=\"robots\" content=\"index, follow, max-snippet:-1, max-image-preview:large, max-video-preview:-1\" \/>\n<link rel=\"canonical\" href=\"https:\/\/www.artisanlocal.ch\/c\/entreprise-de-nettoyage-professionnel-pour-domicile-et-bureau-a-bussigny-pres-lausanne\/\" \/>\n<meta property=\"og:locale\" content=\"fr_FR\" \/>\n<meta property=\"og:type\" content=\"article\" \/>\n<meta property=\"og:title\" content=\"Entreprise de nettoyage professionnel pour domicile et bureau \u00e0 Bussigny\" \/>\n<meta property=\"og:description\" content=\"Nous proposons un service de nettoyage entier de votre domicile ou de vos bureaux \u00e0 Bussigny. Notre soci\u00e9t\u00e9 est compos\u00e9e d&rsquo;experts qualifi\u00e9s qui s&rsquo;efforcent d&rsquo;apporter \u00e0 nos clients des services de la meilleure qualit\u00e9 possible. Pourquoi travailler avec notre soci\u00e9t\u00e9 ? Il est possible de planifier un rendez-vous avec notre entreprise aujourd&rsquo;hui. Nos sp\u00e9cialistes en [&hellip;]\" \/>\n<meta property=\"og:url\" content=\"https:\/\/www.artisanlocal.ch\/c\/entreprise-de-nettoyage-professionnel-pour-domicile-et-bureau-a-bussigny-pres-lausanne\/\" \/>\n<meta property=\"og:site_name\" content=\"Artisanlocal\" \/>\n<meta property=\"article:modified_time\" content=\"2025-08-26T23:33:27+00:00\" \/>\n<meta property=\"og:image\" content=\"https:\/\/www.artisanlocal.ch\/c\/wp-content\/uploads\/2024\/10\/agent-proprete.jpg\" \/>\n\t<meta property=\"og:image:width\" content=\"1920\" \/>\n\t<meta property=\"og:image:height\" content=\"300\" \/>\n\t<meta property=\"og:image:type\" content=\"image\/jpeg\" \/>\n<meta name=\"twitter:card\" content=\"summary_large_image\" \/>\n<meta name=\"twitter:label1\" content=\"Dur\u00e9e de lecture estim\u00e9e\" \/>\n\t<meta name=\"twitter:data1\" content=\"5 minutes\" \/>\n<script type=\"application\/ld+json\" class=\"yoast-schema-graph\">{\"@context\":\"https:\\\/\\\/schema.org\",\"@graph\":[{\"@type\":\"WebPage\",\"@id\":\"https:\\\/\\\/www.artisanlocal.ch\\\/c\\\/entreprise-de-nettoyage-professionnel-pour-domicile-et-bureau-a-bussigny-pres-lausanne\\\/\",\"url\":\"https:\\\/\\\/www.artisanlocal.ch\\\/c\\\/entreprise-de-nettoyage-professionnel-pour-domicile-et-bureau-a-bussigny-pres-lausanne\\\/\",\"name\":\"Entreprise de nettoyage professionnel pour domicile et bureau \u00e0 Bussigny - Artisanlocal\",\"isPartOf\":{\"@id\":\"https:\\\/\\\/www.artisanlocal.ch\\\/c\\\/#website\"},\"primaryImageOfPage\":{\"@id\":\"https:\\\/\\\/www.artisanlocal.ch\\\/c\\\/entreprise-de-nettoyage-professionnel-pour-domicile-et-bureau-a-bussigny-pres-lausanne\\\/#primaryimage\"},\"image\":{\"@id\":\"https:\\\/\\\/www.artisanlocal.ch\\\/c\\\/entreprise-de-nettoyage-professionnel-pour-domicile-et-bureau-a-bussigny-pres-lausanne\\\/#primaryimage\"},\"thumbnailUrl\":\"https:\\\/\\\/www.artisanlocal.ch\\\/c\\\/wp-content\\\/uploads\\\/2024\\\/10\\\/agent-proprete.jpg\",\"datePublished\":\"2024-04-16T16:38:34+00:00\",\"dateModified\":\"2025-08-26T23:33:27+00:00\",\"breadcrumb\":{\"@id\":\"https:\\\/\\\/www.artisanlocal.ch\\\/c\\\/entreprise-de-nettoyage-professionnel-pour-domicile-et-bureau-a-bussigny-pres-lausanne\\\/#breadcrumb\"},\"inLanguage\":\"fr-FR\",\"potentialAction\":[{\"@type\":\"ReadAction\",\"target\":[\"https:\\\/\\\/www.artisanlocal.ch\\\/c\\\/entreprise-de-nettoyage-professionnel-pour-domicile-et-bureau-a-bussigny-pres-lausanne\\\/\"]}]},{\"@type\":\"ImageObject\",\"inLanguage\":\"fr-FR\",\"@id\":\"https:\\\/\\\/www.artisanlocal.ch\\\/c\\\/entreprise-de-nettoyage-professionnel-pour-domicile-et-bureau-a-bussigny-pres-lausanne\\\/#primaryimage\",\"url\":\"https:\\\/\\\/www.artisanlocal.ch\\\/c\\\/wp-content\\\/uploads\\\/2024\\\/10\\\/agent-proprete.jpg\",\"contentUrl\":\"https:\\\/\\\/www.artisanlocal.ch\\\/c\\\/wp-content\\\/uploads\\\/2024\\\/10\\\/agent-proprete.jpg\",\"width\":1920,\"height\":300},{\"@type\":\"BreadcrumbList\",\"@id\":\"https:\\\/\\\/www.artisanlocal.ch\\\/c\\\/entreprise-de-nettoyage-professionnel-pour-domicile-et-bureau-a-bussigny-pres-lausanne\\\/#breadcrumb\",\"itemListElement\":[{\"@type\":\"ListItem\",\"position\":1,\"name\":\"Accueil\",\"item\":\"https:\\\/\\\/www.artisanlocal.ch\\\/c\\\/\"},{\"@type\":\"ListItem\",\"position\":2,\"name\":\"Entreprise de nettoyage professionnel pour domicile et bureau \u00e0 Bussigny-pr\u00e8s-Lausanne\"}]},{\"@type\":\"WebSite\",\"@id\":\"https:\\\/\\\/www.artisanlocal.ch\\\/c\\\/#website\",\"url\":\"https:\\\/\\\/www.artisanlocal.ch\\\/c\\\/\",\"name\":\"Artisanlocal\",\"description\":\"\",\"publisher\":{\"@id\":\"https:\\\/\\\/www.artisanlocal.ch\\\/c\\\/#organization\"},\"potentialAction\":[{\"@type\":\"SearchAction\",\"target\":{\"@type\":\"EntryPoint\",\"urlTemplate\":\"https:\\\/\\\/www.artisanlocal.ch\\\/c\\\/?s={search_term_string}\"},\"query-input\":{\"@type\":\"PropertyValueSpecification\",\"valueRequired\":true,\"valueName\":\"search_term_string\"}}],\"inLanguage\":\"fr-FR\"},{\"@type\":\"Organization\",\"@id\":\"https:\\\/\\\/www.artisanlocal.ch\\\/c\\\/#organization\",\"name\":\"Artisanlocal\",\"url\":\"https:\\\/\\\/www.artisanlocal.ch\\\/c\\\/\",\"logo\":{\"@type\":\"ImageObject\",\"inLanguage\":\"fr-FR\",\"@id\":\"https:\\\/\\\/www.artisanlocal.ch\\\/c\\\/#\\\/schema\\\/logo\\\/image\\\/\",\"url\":\"https:\\\/\\\/www.artisanlocal.ch\\\/c\\\/wp-content\\\/uploads\\\/2024\\\/02\\\/logo-artisanlocal-h.svg\",\"contentUrl\":\"https:\\\/\\\/www.artisanlocal.ch\\\/c\\\/wp-content\\\/uploads\\\/2024\\\/02\\\/logo-artisanlocal-h.svg\",\"caption\":\"Artisanlocal\"},\"image\":{\"@id\":\"https:\\\/\\\/www.artisanlocal.ch\\\/c\\\/#\\\/schema\\\/logo\\\/image\\\/\"}}]}<\/script>\n<!-- \/ Yoast SEO Premium plugin. -->","yoast_head_json":{"title":"Entreprise de nettoyage professionnel pour domicile et bureau \u00e0 Bussigny - Artisanlocal","robots":{"index":"index","follow":"follow","max-snippet":"max-snippet:-1","max-image-preview":"max-image-preview:large","max-video-preview":"max-video-preview:-1"},"canonical":"https:\/\/www.artisanlocal.ch\/c\/entreprise-de-nettoyage-professionnel-pour-domicile-et-bureau-a-bussigny-pres-lausanne\/","og_locale":"fr_FR","og_type":"article","og_title":"Entreprise de nettoyage professionnel pour domicile et bureau \u00e0 Bussigny","og_description":"Nous proposons un service de nettoyage entier de votre domicile ou de vos bureaux \u00e0 Bussigny. Notre soci\u00e9t\u00e9 est compos\u00e9e d&rsquo;experts qualifi\u00e9s qui s&rsquo;efforcent d&rsquo;apporter \u00e0 nos clients des services de la meilleure qualit\u00e9 possible. Pourquoi travailler avec notre soci\u00e9t\u00e9 ? Il est possible de planifier un rendez-vous avec notre entreprise aujourd&rsquo;hui. Nos sp\u00e9cialistes en [&hellip;]","og_url":"https:\/\/www.artisanlocal.ch\/c\/entreprise-de-nettoyage-professionnel-pour-domicile-et-bureau-a-bussigny-pres-lausanne\/","og_site_name":"Artisanlocal","article_modified_time":"2025-08-26T23:33:27+00:00","og_image":[{"width":1920,"height":300,"url":"https:\/\/www.artisanlocal.ch\/c\/wp-content\/uploads\/2024\/10\/agent-proprete.jpg","type":"image\/jpeg"}],"twitter_card":"summary_large_image","twitter_misc":{"Dur\u00e9e de lecture estim\u00e9e":"5 minutes"},"schema":{"@context":"https:\/\/schema.org","@graph":[{"@type":"WebPage","@id":"https:\/\/www.artisanlocal.ch\/c\/entreprise-de-nettoyage-professionnel-pour-domicile-et-bureau-a-bussigny-pres-lausanne\/","url":"https:\/\/www.artisanlocal.ch\/c\/entreprise-de-nettoyage-professionnel-pour-domicile-et-bureau-a-bussigny-pres-lausanne\/","name":"Entreprise de nettoyage professionnel pour domicile et bureau \u00e0 Bussigny - Artisanlocal","isPartOf":{"@id":"https:\/\/www.artisanlocal.ch\/c\/#website"},"primaryImageOfPage":{"@id":"https:\/\/www.artisanlocal.ch\/c\/entreprise-de-nettoyage-professionnel-pour-domicile-et-bureau-a-bussigny-pres-lausanne\/#primaryimage"},"image":{"@id":"https:\/\/www.artisanlocal.ch\/c\/entreprise-de-nettoyage-professionnel-pour-domicile-et-bureau-a-bussigny-pres-lausanne\/#primaryimage"},"thumbnailUrl":"https:\/\/www.artisanlocal.ch\/c\/wp-content\/uploads\/2024\/10\/agent-proprete.jpg","datePublished":"2024-04-16T16:38:34+00:00","dateModified":"2025-08-26T23:33:27+00:00","breadcrumb":{"@id":"https:\/\/www.artisanlocal.ch\/c\/entreprise-de-nettoyage-professionnel-pour-domicile-et-bureau-a-bussigny-pres-lausanne\/#breadcrumb"},"inLanguage":"fr-FR","potentialAction":[{"@type":"ReadAction","target":["https:\/\/www.artisanlocal.ch\/c\/entreprise-de-nettoyage-professionnel-pour-domicile-et-bureau-a-bussigny-pres-lausanne\/"]}]},{"@type":"ImageObject","inLanguage":"fr-FR","@id":"https:\/\/www.artisanlocal.ch\/c\/entreprise-de-nettoyage-professionnel-pour-domicile-et-bureau-a-bussigny-pres-lausanne\/#primaryimage","url":"https:\/\/www.artisanlocal.ch\/c\/wp-content\/uploads\/2024\/10\/agent-proprete.jpg","contentUrl":"https:\/\/www.artisanlocal.ch\/c\/wp-content\/uploads\/2024\/10\/agent-proprete.jpg","width":1920,"height":300},{"@type":"BreadcrumbList","@id":"https:\/\/www.artisanlocal.ch\/c\/entreprise-de-nettoyage-professionnel-pour-domicile-et-bureau-a-bussigny-pres-lausanne\/#breadcrumb","itemListElement":[{"@type":"ListItem","position":1,"name":"Accueil","item":"https:\/\/www.artisanlocal.ch\/c\/"},{"@type":"ListItem","position":2,"name":"Entreprise de nettoyage professionnel pour domicile et bureau \u00e0 Bussigny-pr\u00e8s-Lausanne"}]},{"@type":"WebSite","@id":"https:\/\/www.artisanlocal.ch\/c\/#website","url":"https:\/\/www.artisanlocal.ch\/c\/","name":"Artisanlocal","description":"","publisher":{"@id":"https:\/\/www.artisanlocal.ch\/c\/#organization"},"potentialAction":[{"@type":"SearchAction","target":{"@type":"EntryPoint","urlTemplate":"https:\/\/www.artisanlocal.ch\/c\/?s={search_term_string}"},"query-input":{"@type":"PropertyValueSpecification","valueRequired":true,"valueName":"search_term_string"}}],"inLanguage":"fr-FR"},{"@type":"Organization","@id":"https:\/\/www.artisanlocal.ch\/c\/#organization","name":"Artisanlocal","url":"https:\/\/www.artisanlocal.ch\/c\/","logo":{"@type":"ImageObject","inLanguage":"fr-FR","@id":"https:\/\/www.artisanlocal.ch\/c\/#\/schema\/logo\/image\/","url":"https:\/\/www.artisanlocal.ch\/c\/wp-content\/uploads\/2024\/02\/logo-artisanlocal-h.svg","contentUrl":"https:\/\/www.artisanlocal.ch\/c\/wp-content\/uploads\/2024\/02\/logo-artisanlocal-h.svg","caption":"Artisanlocal"},"image":{"@id":"https:\/\/www.artisanlocal.ch\/c\/#\/schema\/logo\/image\/"}}]}},"_links":{"self":[{"href":"https:\/\/www.artisanlocal.ch\/c\/wp-json\/wp\/v2\/pages\/436","targetHints":{"allow":["GET"]}}],"collection":[{"href":"https:\/\/www.artisanlocal.ch\/c\/wp-json\/wp\/v2\/pages"}],"about":[{"href":"https:\/\/www.artisanlocal.ch\/c\/wp-json\/wp\/v2\/types\/page"}],"author":[{"embeddable":true,"href":"https:\/\/www.artisanlocal.ch\/c\/wp-json\/wp\/v2\/users\/4"}],"replies":[{"embeddable":true,"href":"https:\/\/www.artisanlocal.ch\/c\/wp-json\/wp\/v2\/comments?post=436"}],"version-history":[{"count":0,"href":"https:\/\/www.artisanlocal.ch\/c\/wp-json\/wp\/v2\/pages\/436\/revisions"}],"wp:featuredmedia":[{"embeddable":true,"href":"https:\/\/www.artisanlocal.ch\/c\/wp-json\/wp\/v2\/media\/2754"}],"wp:attachment":[{"href":"https:\/\/www.artisanlocal.ch\/c\/wp-json\/wp\/v2\/media?parent=436"}],"wp:term":[{"taxonomy":"profession","embeddable":true,"href":"https:\/\/www.artisanlocal.ch\/c\/wp-json\/wp\/v2\/profession?post=436"},{"taxonomy":"location","embeddable":true,"href":"https:\/\/www.artisanlocal.ch\/c\/wp-json\/wp\/v2\/location?post=436"},{"taxonomy":"canton","embeddable":true,"href":"https:\/\/www.artisanlocal.ch\/c\/wp-json\/wp\/v2\/canton?post=436"}],"curies":[{"name":"wp","href":"https:\/\/api.w.org\/{rel}","templated":true}]}}