{"id":438,"date":"2024-04-16T18:38:34","date_gmt":"2024-04-16T16:38:34","guid":{"rendered":"https:\/\/www.artisanlocal.ch\/c\/nettoyage-de-bureaux-et-dhabitats-a-chavornay\/"},"modified":"2025-08-27T01:33:24","modified_gmt":"2025-08-26T23:33:24","slug":"nettoyage-de-bureaux-et-dhabitats-a-chavornay","status":"publish","type":"page","link":"https:\/\/www.artisanlocal.ch\/c\/nettoyage-de-bureaux-et-dhabitats-a-chavornay\/","title":{"rendered":"Nettoyage de bureaux et d&rsquo;habitats \u00e0 Chavornay"},"content":{"rendered":"<p>Nous fournissons un nettoyage complet de votre studio ou de vos bureaux \u00e0 Chavornay. Notre entreprise est constitu\u00e9e d&rsquo;experts qui s&rsquo;efforcent d&rsquo;apporter \u00e0 nos clients des services de la meilleure qualit\u00e9 possible.<\/p>\n\r\n<div class=\"box\">\r\n            <div class=\"company-info\">\r\n            <img decoding=\"async\" class=\"company-info__logo\" src=\"https:\/\/www.artisanlocal.ch\/media\/cache\/thumb\/images\/companies\/68e77129b6d9e982235061.png\" alt=\"Logo\">\r\n            <h2 class=\"company-info__name\">Crystal Services Eco SA<\/h2>\r\n            <p class=\"company-info__business\">Entreprise de nettoyage - Conciergerie - Entretien d'immeuble - Nettoyage fin de chantier \/ de bail, de stores<\/p>\r\n        <\/div>\r\n        <div class=\"company-contact\">\r\n            <p class=\"company-info__address\">Route de Lausanne 10<\/p>\r\n                            <div class=\"links\">\r\n                                            <a class=\"btn has-accent-background-color js-phoneNumber\" href=\"tel:0797270351\" title=\"Appelez\" data-id=\"27322\" data-type=\"11\">079 727 03 51<\/a>\r\n                                                                <a class=\"btn has-accent-background-color\" href=\"https:\/\/www.crystalservices.ch\/\" target=\"_blank\" title=\"Voir le site internet\" data-id=\"27322\" data-type=\"20\">Site internet<\/a>\r\n                                    <\/div>\r\n                    <\/div>\r\n    \r\n            \r\n<form action=\"https:\/\/www.artisanlocal.ch\/c\/wp-admin\/admin-ajax.php\" method=\"post\" class=\"form-contact\" id=\"artisan_form_contact_company_inline\">\r\n    <div><input type=\"hidden\" name=\"action\" value=\"company_contact\"><\/div>\r\n    <div><input type=\"hidden\" name=\"nonce\" value=\"972bc58192\"><\/div>\r\n    <div><input type=\"hidden\" name=\"company_id\" value=\"27322\"><\/div>\r\n    <div><input type=\"hidden\" name=\"form_id\" value=\"artisan_form_contact_company_inline\"><\/div>\r\n    <div class=\"gglcptch gglcptch_v3 gglcptch_custom\"><input type=\"hidden\" id=\"g-recaptcha-response\" name=\"g-recaptcha-response\" \/><br \/><div class=\"gglcptch_error_text\">La p\u00e9riode de v\u00e9rification reCAPTCHA a expir\u00e9. Veuillez recharger la page.<\/div><\/div>    <div class=\"form-content\">\r\n        <div class=\"form-group\">\r\n            <label for=\"contact_firstName\" class=\"required\">Pr\u00e9nom<\/label>\r\n            <input type=\"text\" name=\"firstName\" class=\"form-control\" required>\r\n        <\/div>\r\n        <div class=\"form-group\">\r\n            <label for=\"contact_lastName\" class=\"required\">Nom<\/label>\r\n            <input type=\"text\" name=\"lastName\" class=\"form-control\" required>\r\n        <\/div>\r\n        <div class=\"form-group\">\r\n            <label for=\"contact_email\" class=\"required\">Email<\/label>\r\n            <input type=\"email\" name=\"email\" class=\"form-control\" required>\r\n        <\/div>\r\n        <div class=\"form-group\">\r\n            <label for=\"contact_phone\" class=\"required\">Num\u00e9ro de t\u00e9l\u00e9phone<\/label>\r\n            <input type=\"tel\" name=\"phone\" class=\"form-control\" placeholder=\"0787117165\" pattern=\"^[0-9]{10}$\" required>\r\n        <\/div>\r\n        <div class=\"form-group\">\r\n            <label for=\"contact_postalCode\" class=\"required\">Code postal et localit\u00e9<\/label>\r\n            <input type=\"text\" name=\"postalCode\" class=\"form-control\" required>\r\n        <\/div>\r\n        <div class=\"form-group\">\r\n            <label for=\"contact_address\" class=\"required\">Adresse<\/label>\r\n            <input type=\"text\" name=\"address\" class=\"form-control\" required>\r\n        <\/div>\r\n        <div class=\"full-width topic\">\r\n            <p class=\"required\">Je souhaite \u00eatre contact\u00e9 pour :<\/p>\r\n            <div class=\"form-check\">\r\n                <input type=\"radio\" name=\"topic\" value=\"D\u00e9pannage\" class=\"form-control\" required>\r\n                <label for=\"d\u00e9pannage\">D\u00e9pannage<\/label>\r\n            <\/div>\r\n            <div class=\"form-check\">\r\n                <input type=\"radio\" name=\"topic\" value=\"Entretien\" class=\"form-control\" required>\r\n                <label for=\"entretien\">Entretien<\/label>\r\n            <\/div>\r\n            <div class=\"form-check\">\r\n                <input type=\"radio\" name=\"topic\" value=\"R\u00e9novation\" class=\"form-control\" required>\r\n                <label for=\"r\u00e9novation\">R\u00e9novation<\/label>\r\n            <\/div>\r\n            <div class=\"form-check\">\r\n                <input type=\"radio\" name=\"topic\" value=\"Autre\" class=\"form-control\" required>\r\n                <label for=\"autre\">Autre<\/label>\r\n            <\/div>\r\n        <\/div>\r\n        <div class=\"form-group full-width\">\r\n            <label for=\"contact_message\">Message<\/label>\r\n            <textarea name=\"message\" rows=\"3\" class=\"form-control\"><\/textarea>\r\n        <\/div>\r\n    <\/div>\r\n    <div class=\"form-actions\">\r\n        <button class=\"wp-block-button__link has-accent-background-color\">Contacter<\/button>\r\n    <\/div>\r\n<\/form>\r\n<div class=\"form-feedback\"><\/div>    <\/div>\n<h2>Pourquoi travailler avec notre entreprise ?<\/h2>\n<ul>\n<li>Vous pouvez r\u00e9server un rendez-vous aujourd&rsquo;hui avec notre entreprise.<\/li>\n<li>Nos experts en nettoyage et entretien sont tous form\u00e9s avec les derni\u00e8res techniques.<\/li>\n<li>Nous utilisons des produits \u00e9cologiques.<\/li>\n<li>Nous vous fournissons une estimation gratuite.<\/li>\n<\/ul>\n<h2>Services de m\u00e9nage \u00e0 Chavornay<\/h2>\n<p>Nous fournissons une large gamme de prestations de nettoyage personnalis\u00e9 pour r\u00e9pondre aux besoins de nos clients.<\/p>\n<p>Si vous avez besoin d&rsquo;un nettoyage int\u00e9gral de votre int\u00e9rieur, d&rsquo;un m\u00e9nage occasionnel ou d&rsquo;un service d&rsquo;entretien continu, notre soci\u00e9t\u00e9 est l\u00e0 pour vous. D\u00e9couvrez nos services les plus g\u00e9n\u00e9ralement r\u00e9alis\u00e9s \u00e0 Chavornay et b\u00e9n\u00e9ficiez :<\/p>\n<ul>\n<li>De service de nettoyage pour votre d\u00e9m\u00e9nagement.<\/li>\n<li>D&rsquo;un nettoyage Airbnb.<\/li>\n<li>D&rsquo;un nettoyage professionnel de bureaux et locaux commerciaux.<\/li>\n<li>D&rsquo;un service de nettoyage apr\u00e8s une r\u00e9novation de maison.<\/li>\n<\/ul>\n<h2>Quelles sont les solutions de nettoyage qu&rsquo;artisanlocal propose\u202f?<\/h2>\n<ul>\n<li>Services de propret\u00e9 pour les locations temporaires,<\/li>\n<li>service de nettoyage et de m\u00e9nage d&rsquo;appartements,<\/li>\n<li>nettoyage d&rsquo;appareils \u00e9lectrom\u00e9nagers,<\/li>\n<li>nettoyage de balcon,<\/li>\n<li>nettoyage de sous-sols,<\/li>\n<li>assainissement des surfaces pour lutter contre les virus,<\/li>\n<li> lavage de la vaisselle,<\/li>\n<li>nettoyage des installations sportives,<\/li>\n<li>nettoyage des sols,<\/li>\n<li>nettoyage sanitaire en milieu m\u00e9dical,<\/li>\n<li>m\u00e9nage et nettoyage apr\u00e8s un d\u00e9m\u00e9nagement,<\/li>\n<li>nettoyage des locaux professionnels,<\/li>\n<li>nettoyage apr\u00e8s travaux de r\u00e9novation,<\/li>\n<li>nettoyage des salles d&rsquo;eau,<\/li>\n<li>nettoyage des petits commerces,<\/li>\n<li>nettoyage des salles de classe,<\/li>\n<li>nettoyage de vitres.<\/li>\n<\/ul>\n<h2>Une entreprise Helv\u00e9tique de confiance<\/h2>\n<h3>M\u00e9nage complet d&rsquo;appartement \u00e0 Chavornay<\/h3>\n<p>Si vous habitez \u00e0 Chavornay, nous pouvons effectuer le m\u00e9nage de votre appartement avant l&rsquo;\u00e9tat des lieux.<\/p>\n<p>Il est important de savoir que si le m\u00e9nage de votre int\u00e9rieur n&rsquo;est pas r\u00e9alis\u00e9 correctement, le bailleur peut solliciter une entreprise de nettoyage et garder une part de votre d\u00e9p\u00f4t de garantie.<\/p>\n<p>Le m\u00e9nage avant l&rsquo;\u00e9tat des lieux englobe en particulier les prestations suivantes :<\/p>\n<p>&#8211; L&rsquo;entretien des surfaces : murs, sols, parquets, moquettes et carrelages.<\/p>\n<p>&#8211; Le nettoyage des vitres et fen\u00eatres.<\/p>\n<p>&#8211; Entretien de la salle de bains et des toilettes.<\/p>\n<p>&#8211; Le nettoyage de la cuisine et de la hotte de cuisson.<\/p>\n<p>&#8211; Le d\u00e9poussi\u00e9rage des meubles.<\/p>\n<h3>Vous d\u00e9sirez un nettoyage fr\u00e9quent de votre logement?<\/h3>\n<p>Notre soci\u00e9t\u00e9 offre des services d&rsquo;entretien personnalis\u00e9s, adapt\u00e9s \u00e0 vos exigences, nous pouvons op\u00e9rer de fa\u00e7ons hebdomadaires, bihebdomadaires ou mensuelles.<\/p>\n<h3>Entretien approfondi de votre villa et de votre appartement \u00e0 Chavornay<\/h3>\n<p>Artisanlocal propose des services pour nettoyer en profondeur votre villa ou votre appartement, en compl\u00e9ment de notre prestation de nettoyage classique.<\/p>\n<h3>Quels sont les avantages de faire un entretien approfondi avec notre entreprise ?<\/h3>\n<p>Le principal avantage de l&rsquo;entretien approfondi est de supprimer les particules, les salet\u00e9s et les salissures qui se sont entass\u00e9es au fil du temps, ce qui am\u00e9liore la qualit\u00e9 de l&rsquo;aire int\u00e9rieure de votre appartement. De plus, un m\u00e9nage approfondi facilite l&rsquo;\u00e9limination des mauvaises odeurs.<\/p>\n<h3>Service de m\u00e9nage de bureaux \u00e0 Chavornay<\/h3>\n<p>Pour le nettoyage de vos espaces de travail, comptez sur Artisanlocal. Gagnez du temps et de l&rsquo;\u00e9nergie gr\u00e2ce \u00e0 notre entreprise ! D\u00e9couvrez nos contrats de m\u00e9nage personnalis\u00e9s pour vos locaux. Nos contrats s&rsquo;adaptent \u00e0 vos besoins et \u00e0 vos moyens. D\u00e9couvrez nos services de m\u00e9nage pour les bureaux :<\/p>\n<ul>\n<li>Entretien de moquettes et nettoyage des vitres de vos locaux professionnels.<\/li>\n<li>Entretien des mobiliers de bureau en tissu ou cuir (des canap\u00e9s, des espaces de travail et des fauteuils).<\/li>\n<li>Gestion des poubelles.<\/li>\n<li>Nettoyage des poussi\u00e8res.<\/li>\n<li>Nettoyage des surfaces au sol et utilisation de l&rsquo;aspirateur.<\/li>\n<\/ul>\n<h3>Nettoyage de la propri\u00e9t\u00e9 \u00e0 Chavornay<\/h3>\n<p>Pour maintenir l&rsquo;int\u00e9rieur de votre propri\u00e9t\u00e9 propre, il est indispensable de r\u00e9aliser un m\u00e9nage fr\u00e9quent. Malheureusement, un agenda surcharg\u00e9 peut rendre cette t\u00e2che compliqu\u00e9e, voire infaisable, confiez \u00e0 notre entreprise le m\u00e9nage de votre habitation.<\/p>\n<h2>Pourquoi faire appel \u00e0 une soci\u00e9t\u00e9 pour r\u00e9aliser le nettoyage de sa propri\u00e9t\u00e9 \u00e0 Chavornay ?<\/h2>\n<p>Si vous r\u00e9sidez \u00e0 Chavornay vous avez peut-\u00eatre du mal \u00e0 garder votre habitat bien rang\u00e9 et propre. Nos prestations sont adapt\u00e9es aux habitants de Chavornay. Avec notre soci\u00e9t\u00e9, vous avez la possibilit\u00e9 de :<\/p>\n<h3>Mieux g\u00e9rer votre espace<\/h3>\n<p>Un h\u00e9bergement mal rang\u00e9 peut \u00eatre une source de difficult\u00e9s dans votre quotidien (perte de temps, discordes avec son conjoint, etc.). Artisanlocal propose des services de m\u00e9nage pour votre maison de fa\u00e7on \u00e0 mieux ranger votre espace, ce qui vous offre la possibilit\u00e9, de :<\/p>\n<h3>Cr\u00e9er une ambiance plus accueillante<\/h3>\n<p>Effectivement, une habitation bien organis\u00e9e permet \u00e0 vos invit\u00e9s de vous sentir plus \u00e0 l&rsquo;aise.<\/p>\n<h3>Pr\u00e9server sa sant\u00e9 et son bien-\u00eatre \u00e9motionnel<\/h3>\n<p>Ne pas retirer la salet\u00e9 et la poussi\u00e8re dans votre habitation peut causer des risques pour votre sant\u00e9, comme activer des r\u00e9actions allergiques ou intensifier celles d\u00e9j\u00e0 pr\u00e9sentes. En sollicitant les services de notre soci\u00e9t\u00e9 de m\u00e9nage, vous r\u00e9duisez les possibles expositions aux allerg\u00e8nes.<\/p>\n<h3>Avoir une meilleure configuration de votre espace int\u00e9rieur<\/h3>\n<p>Comme un grand nombre de foyers, votre maison peut \u00eatre en pagaille, ce qui cr\u00e9e des soucis dans la vie de tous les jours. Choisissez notre service de m\u00e9nage pour vous garantir la bonne propret\u00e9 et organisation de votre habitation. De plus, nous pouvons aussi intervenir \u00e0 : La Praz, Arnex-sur-Orbe, Croy, Romainm\u00f4tier, Premier, Vaulion, Juriens, Bretonni\u00e8res, Vallorbe, Ballaigues, Orbe, Agiez, Bofflens, Montcherand, L'Abergement, Sergey, La Russille, Les Cl\u00e9es, Lignerolle, Valeyres-sous-Rances, Bavois, Corcelles-sur-Chavornay, Rances, Baulmes.<\/p>\n","protected":false},"excerpt":{"rendered":"<p>Nous fournissons un nettoyage complet de votre studio ou de vos bureaux \u00e0 Chavornay. Notre entreprise est constitu\u00e9e d&rsquo;experts qui s&rsquo;efforcent d&rsquo;apporter \u00e0 nos clients des services de la meilleure qualit\u00e9 possible. Pourquoi travailler avec notre entreprise ? Vous pouvez r\u00e9server un rendez-vous aujourd&rsquo;hui avec notre entreprise. Nos experts en nettoyage et entretien sont tous [&hellip;]<\/p>\n","protected":false},"author":4,"featured_media":2754,"parent":0,"menu_order":0,"comment_status":"closed","ping_status":"closed","template":"","meta":{"footnotes":""},"profession":[108],"location":[86],"canton":[113],"class_list":["post-438","page","type-page","status-publish","has-post-thumbnail","hentry","profession-agent-de-proprete","location-chavornay","canton-vd"],"yoast_head":"<!-- This site is optimized with the Yoast SEO Premium plugin v25.7.1 (Yoast SEO v27.4) - https:\/\/yoast.com\/product\/yoast-seo-premium-wordpress\/ -->\n<title>Nettoyage de bureaux et d&#039;habitats \u00e0 Chavornay - Artisanlocal<\/title>\n<meta name=\"robots\" content=\"index, follow, max-snippet:-1, max-image-preview:large, max-video-preview:-1\" \/>\n<link rel=\"canonical\" href=\"https:\/\/www.artisanlocal.ch\/c\/nettoyage-de-bureaux-et-dhabitats-a-chavornay\/\" \/>\n<meta property=\"og:locale\" content=\"fr_FR\" \/>\n<meta property=\"og:type\" content=\"article\" \/>\n<meta property=\"og:title\" content=\"Nettoyage de bureaux et d&#039;habitats \u00e0 Chavornay\" \/>\n<meta property=\"og:description\" content=\"Nous fournissons un nettoyage complet de votre studio ou de vos bureaux \u00e0 Chavornay. Notre entreprise est constitu\u00e9e d&rsquo;experts qui s&rsquo;efforcent d&rsquo;apporter \u00e0 nos clients des services de la meilleure qualit\u00e9 possible. Pourquoi travailler avec notre entreprise ? Vous pouvez r\u00e9server un rendez-vous aujourd&rsquo;hui avec notre entreprise. Nos experts en nettoyage et entretien sont tous [&hellip;]\" \/>\n<meta property=\"og:url\" content=\"https:\/\/www.artisanlocal.ch\/c\/nettoyage-de-bureaux-et-dhabitats-a-chavornay\/\" \/>\n<meta property=\"og:site_name\" content=\"Artisanlocal\" \/>\n<meta property=\"article:modified_time\" content=\"2025-08-26T23:33:24+00:00\" \/>\n<meta property=\"og:image\" content=\"https:\/\/www.artisanlocal.ch\/c\/wp-content\/uploads\/2024\/10\/agent-proprete.jpg\" \/>\n\t<meta property=\"og:image:width\" content=\"1920\" \/>\n\t<meta property=\"og:image:height\" content=\"300\" \/>\n\t<meta property=\"og:image:type\" content=\"image\/jpeg\" \/>\n<meta name=\"twitter:card\" content=\"summary_large_image\" \/>\n<meta name=\"twitter:label1\" content=\"Dur\u00e9e de lecture estim\u00e9e\" \/>\n\t<meta name=\"twitter:data1\" content=\"5 minutes\" \/>\n<script type=\"application\/ld+json\" class=\"yoast-schema-graph\">{\"@context\":\"https:\\\/\\\/schema.org\",\"@graph\":[{\"@type\":\"WebPage\",\"@id\":\"https:\\\/\\\/www.artisanlocal.ch\\\/c\\\/nettoyage-de-bureaux-et-dhabitats-a-chavornay\\\/\",\"url\":\"https:\\\/\\\/www.artisanlocal.ch\\\/c\\\/nettoyage-de-bureaux-et-dhabitats-a-chavornay\\\/\",\"name\":\"Nettoyage de bureaux et d'habitats \u00e0 Chavornay - Artisanlocal\",\"isPartOf\":{\"@id\":\"https:\\\/\\\/www.artisanlocal.ch\\\/c\\\/#website\"},\"primaryImageOfPage\":{\"@id\":\"https:\\\/\\\/www.artisanlocal.ch\\\/c\\\/nettoyage-de-bureaux-et-dhabitats-a-chavornay\\\/#primaryimage\"},\"image\":{\"@id\":\"https:\\\/\\\/www.artisanlocal.ch\\\/c\\\/nettoyage-de-bureaux-et-dhabitats-a-chavornay\\\/#primaryimage\"},\"thumbnailUrl\":\"https:\\\/\\\/www.artisanlocal.ch\\\/c\\\/wp-content\\\/uploads\\\/2024\\\/10\\\/agent-proprete.jpg\",\"datePublished\":\"2024-04-16T16:38:34+00:00\",\"dateModified\":\"2025-08-26T23:33:24+00:00\",\"breadcrumb\":{\"@id\":\"https:\\\/\\\/www.artisanlocal.ch\\\/c\\\/nettoyage-de-bureaux-et-dhabitats-a-chavornay\\\/#breadcrumb\"},\"inLanguage\":\"fr-FR\",\"potentialAction\":[{\"@type\":\"ReadAction\",\"target\":[\"https:\\\/\\\/www.artisanlocal.ch\\\/c\\\/nettoyage-de-bureaux-et-dhabitats-a-chavornay\\\/\"]}]},{\"@type\":\"ImageObject\",\"inLanguage\":\"fr-FR\",\"@id\":\"https:\\\/\\\/www.artisanlocal.ch\\\/c\\\/nettoyage-de-bureaux-et-dhabitats-a-chavornay\\\/#primaryimage\",\"url\":\"https:\\\/\\\/www.artisanlocal.ch\\\/c\\\/wp-content\\\/uploads\\\/2024\\\/10\\\/agent-proprete.jpg\",\"contentUrl\":\"https:\\\/\\\/www.artisanlocal.ch\\\/c\\\/wp-content\\\/uploads\\\/2024\\\/10\\\/agent-proprete.jpg\",\"width\":1920,\"height\":300},{\"@type\":\"BreadcrumbList\",\"@id\":\"https:\\\/\\\/www.artisanlocal.ch\\\/c\\\/nettoyage-de-bureaux-et-dhabitats-a-chavornay\\\/#breadcrumb\",\"itemListElement\":[{\"@type\":\"ListItem\",\"position\":1,\"name\":\"Accueil\",\"item\":\"https:\\\/\\\/www.artisanlocal.ch\\\/c\\\/\"},{\"@type\":\"ListItem\",\"position\":2,\"name\":\"Nettoyage de bureaux et d&rsquo;habitats \u00e0 Chavornay\"}]},{\"@type\":\"WebSite\",\"@id\":\"https:\\\/\\\/www.artisanlocal.ch\\\/c\\\/#website\",\"url\":\"https:\\\/\\\/www.artisanlocal.ch\\\/c\\\/\",\"name\":\"Artisanlocal\",\"description\":\"\",\"publisher\":{\"@id\":\"https:\\\/\\\/www.artisanlocal.ch\\\/c\\\/#organization\"},\"potentialAction\":[{\"@type\":\"SearchAction\",\"target\":{\"@type\":\"EntryPoint\",\"urlTemplate\":\"https:\\\/\\\/www.artisanlocal.ch\\\/c\\\/?s={search_term_string}\"},\"query-input\":{\"@type\":\"PropertyValueSpecification\",\"valueRequired\":true,\"valueName\":\"search_term_string\"}}],\"inLanguage\":\"fr-FR\"},{\"@type\":\"Organization\",\"@id\":\"https:\\\/\\\/www.artisanlocal.ch\\\/c\\\/#organization\",\"name\":\"Artisanlocal\",\"url\":\"https:\\\/\\\/www.artisanlocal.ch\\\/c\\\/\",\"logo\":{\"@type\":\"ImageObject\",\"inLanguage\":\"fr-FR\",\"@id\":\"https:\\\/\\\/www.artisanlocal.ch\\\/c\\\/#\\\/schema\\\/logo\\\/image\\\/\",\"url\":\"https:\\\/\\\/www.artisanlocal.ch\\\/c\\\/wp-content\\\/uploads\\\/2024\\\/02\\\/logo-artisanlocal-h.svg\",\"contentUrl\":\"https:\\\/\\\/www.artisanlocal.ch\\\/c\\\/wp-content\\\/uploads\\\/2024\\\/02\\\/logo-artisanlocal-h.svg\",\"caption\":\"Artisanlocal\"},\"image\":{\"@id\":\"https:\\\/\\\/www.artisanlocal.ch\\\/c\\\/#\\\/schema\\\/logo\\\/image\\\/\"}}]}<\/script>\n<!-- \/ Yoast SEO Premium plugin. -->","yoast_head_json":{"title":"Nettoyage de bureaux et d'habitats \u00e0 Chavornay - Artisanlocal","robots":{"index":"index","follow":"follow","max-snippet":"max-snippet:-1","max-image-preview":"max-image-preview:large","max-video-preview":"max-video-preview:-1"},"canonical":"https:\/\/www.artisanlocal.ch\/c\/nettoyage-de-bureaux-et-dhabitats-a-chavornay\/","og_locale":"fr_FR","og_type":"article","og_title":"Nettoyage de bureaux et d'habitats \u00e0 Chavornay","og_description":"Nous fournissons un nettoyage complet de votre studio ou de vos bureaux \u00e0 Chavornay. Notre entreprise est constitu\u00e9e d&rsquo;experts qui s&rsquo;efforcent d&rsquo;apporter \u00e0 nos clients des services de la meilleure qualit\u00e9 possible. Pourquoi travailler avec notre entreprise ? Vous pouvez r\u00e9server un rendez-vous aujourd&rsquo;hui avec notre entreprise. Nos experts en nettoyage et entretien sont tous [&hellip;]","og_url":"https:\/\/www.artisanlocal.ch\/c\/nettoyage-de-bureaux-et-dhabitats-a-chavornay\/","og_site_name":"Artisanlocal","article_modified_time":"2025-08-26T23:33:24+00:00","og_image":[{"width":1920,"height":300,"url":"https:\/\/www.artisanlocal.ch\/c\/wp-content\/uploads\/2024\/10\/agent-proprete.jpg","type":"image\/jpeg"}],"twitter_card":"summary_large_image","twitter_misc":{"Dur\u00e9e de lecture estim\u00e9e":"5 minutes"},"schema":{"@context":"https:\/\/schema.org","@graph":[{"@type":"WebPage","@id":"https:\/\/www.artisanlocal.ch\/c\/nettoyage-de-bureaux-et-dhabitats-a-chavornay\/","url":"https:\/\/www.artisanlocal.ch\/c\/nettoyage-de-bureaux-et-dhabitats-a-chavornay\/","name":"Nettoyage de bureaux et d'habitats \u00e0 Chavornay - Artisanlocal","isPartOf":{"@id":"https:\/\/www.artisanlocal.ch\/c\/#website"},"primaryImageOfPage":{"@id":"https:\/\/www.artisanlocal.ch\/c\/nettoyage-de-bureaux-et-dhabitats-a-chavornay\/#primaryimage"},"image":{"@id":"https:\/\/www.artisanlocal.ch\/c\/nettoyage-de-bureaux-et-dhabitats-a-chavornay\/#primaryimage"},"thumbnailUrl":"https:\/\/www.artisanlocal.ch\/c\/wp-content\/uploads\/2024\/10\/agent-proprete.jpg","datePublished":"2024-04-16T16:38:34+00:00","dateModified":"2025-08-26T23:33:24+00:00","breadcrumb":{"@id":"https:\/\/www.artisanlocal.ch\/c\/nettoyage-de-bureaux-et-dhabitats-a-chavornay\/#breadcrumb"},"inLanguage":"fr-FR","potentialAction":[{"@type":"ReadAction","target":["https:\/\/www.artisanlocal.ch\/c\/nettoyage-de-bureaux-et-dhabitats-a-chavornay\/"]}]},{"@type":"ImageObject","inLanguage":"fr-FR","@id":"https:\/\/www.artisanlocal.ch\/c\/nettoyage-de-bureaux-et-dhabitats-a-chavornay\/#primaryimage","url":"https:\/\/www.artisanlocal.ch\/c\/wp-content\/uploads\/2024\/10\/agent-proprete.jpg","contentUrl":"https:\/\/www.artisanlocal.ch\/c\/wp-content\/uploads\/2024\/10\/agent-proprete.jpg","width":1920,"height":300},{"@type":"BreadcrumbList","@id":"https:\/\/www.artisanlocal.ch\/c\/nettoyage-de-bureaux-et-dhabitats-a-chavornay\/#breadcrumb","itemListElement":[{"@type":"ListItem","position":1,"name":"Accueil","item":"https:\/\/www.artisanlocal.ch\/c\/"},{"@type":"ListItem","position":2,"name":"Nettoyage de bureaux et d&rsquo;habitats \u00e0 Chavornay"}]},{"@type":"WebSite","@id":"https:\/\/www.artisanlocal.ch\/c\/#website","url":"https:\/\/www.artisanlocal.ch\/c\/","name":"Artisanlocal","description":"","publisher":{"@id":"https:\/\/www.artisanlocal.ch\/c\/#organization"},"potentialAction":[{"@type":"SearchAction","target":{"@type":"EntryPoint","urlTemplate":"https:\/\/www.artisanlocal.ch\/c\/?s={search_term_string}"},"query-input":{"@type":"PropertyValueSpecification","valueRequired":true,"valueName":"search_term_string"}}],"inLanguage":"fr-FR"},{"@type":"Organization","@id":"https:\/\/www.artisanlocal.ch\/c\/#organization","name":"Artisanlocal","url":"https:\/\/www.artisanlocal.ch\/c\/","logo":{"@type":"ImageObject","inLanguage":"fr-FR","@id":"https:\/\/www.artisanlocal.ch\/c\/#\/schema\/logo\/image\/","url":"https:\/\/www.artisanlocal.ch\/c\/wp-content\/uploads\/2024\/02\/logo-artisanlocal-h.svg","contentUrl":"https:\/\/www.artisanlocal.ch\/c\/wp-content\/uploads\/2024\/02\/logo-artisanlocal-h.svg","caption":"Artisanlocal"},"image":{"@id":"https:\/\/www.artisanlocal.ch\/c\/#\/schema\/logo\/image\/"}}]}},"_links":{"self":[{"href":"https:\/\/www.artisanlocal.ch\/c\/wp-json\/wp\/v2\/pages\/438","targetHints":{"allow":["GET"]}}],"collection":[{"href":"https:\/\/www.artisanlocal.ch\/c\/wp-json\/wp\/v2\/pages"}],"about":[{"href":"https:\/\/www.artisanlocal.ch\/c\/wp-json\/wp\/v2\/types\/page"}],"author":[{"embeddable":true,"href":"https:\/\/www.artisanlocal.ch\/c\/wp-json\/wp\/v2\/users\/4"}],"replies":[{"embeddable":true,"href":"https:\/\/www.artisanlocal.ch\/c\/wp-json\/wp\/v2\/comments?post=438"}],"version-history":[{"count":0,"href":"https:\/\/www.artisanlocal.ch\/c\/wp-json\/wp\/v2\/pages\/438\/revisions"}],"wp:featuredmedia":[{"embeddable":true,"href":"https:\/\/www.artisanlocal.ch\/c\/wp-json\/wp\/v2\/media\/2754"}],"wp:attachment":[{"href":"https:\/\/www.artisanlocal.ch\/c\/wp-json\/wp\/v2\/media?parent=438"}],"wp:term":[{"taxonomy":"profession","embeddable":true,"href":"https:\/\/www.artisanlocal.ch\/c\/wp-json\/wp\/v2\/profession?post=438"},{"taxonomy":"location","embeddable":true,"href":"https:\/\/www.artisanlocal.ch\/c\/wp-json\/wp\/v2\/location?post=438"},{"taxonomy":"canton","embeddable":true,"href":"https:\/\/www.artisanlocal.ch\/c\/wp-json\/wp\/v2\/canton?post=438"}],"curies":[{"name":"wp","href":"https:\/\/api.w.org\/{rel}","templated":true}]}}