{"id":439,"date":"2024-04-16T18:38:34","date_gmt":"2024-04-16T16:38:34","guid":{"rendered":"https:\/\/www.artisanlocal.ch\/c\/nettoyage-de-bureaux-et-dhabitats-a-savigny\/"},"modified":"2025-08-27T01:33:21","modified_gmt":"2025-08-26T23:33:21","slug":"nettoyage-de-bureaux-et-dhabitats-a-savigny","status":"publish","type":"page","link":"https:\/\/www.artisanlocal.ch\/c\/nettoyage-de-bureaux-et-dhabitats-a-savigny\/","title":{"rendered":"Nettoyage de bureaux et d&rsquo;habitats \u00e0 Savigny"},"content":{"rendered":"<p>Nous offrons un service de nettoyage entier de votre domicile ou de vos locaux commerciaux \u00e0 Savigny. Notre entreprise est compos\u00e9e d&rsquo;experts qui s&rsquo;appliquent \u00e0 fournir des services de la meilleure qualit\u00e9 possible.<\/p>\n\r\n<div class=\"box\">\r\n            <div class=\"company-info\">\r\n            <img decoding=\"async\" class=\"company-info__logo\" src=\"https:\/\/www.artisanlocal.ch\/media\/cache\/thumb\/images\/companies\/68b6bd19afd1c524227327.png\" alt=\"Logo\">\r\n            <h2 class=\"company-info__name\">La Gouvernante Solution PRO Sarl<\/h2>\r\n            <p class=\"company-info__business\">Entreprise de nettoyage - Entretien - Entretien de jardin - Nettoyage de b\u00e2timents - Conciergerie - Entretien d'immeuble - D\u00e9m\u00e9nagements - D\u00e9barras - Peinture<\/p>\r\n        <\/div>\r\n        <div class=\"company-contact\">\r\n            <p class=\"company-info__address\">Chemin du Publoz 2<\/p>\r\n                            <div class=\"links\">\r\n                                            <a class=\"btn has-accent-background-color js-phoneNumber\" href=\"tel:0791281156\" title=\"Appelez\" data-id=\"26965\" data-type=\"11\">079 128 11 56<\/a>\r\n                                                                <a class=\"btn has-accent-background-color\" href=\"http:\/\/www.lagouvernante.ch\/\" target=\"_blank\" title=\"Voir le site internet\" data-id=\"26965\" data-type=\"20\">Site internet<\/a>\r\n                                    <\/div>\r\n                    <\/div>\r\n    \r\n            \r\n<form action=\"https:\/\/www.artisanlocal.ch\/c\/wp-admin\/admin-ajax.php\" method=\"post\" class=\"form-contact\" id=\"artisan_form_contact_company_inline\">\r\n    <div><input type=\"hidden\" name=\"action\" value=\"company_contact\"><\/div>\r\n    <div><input type=\"hidden\" name=\"nonce\" value=\"90ac9c78b3\"><\/div>\r\n    <div><input type=\"hidden\" name=\"company_id\" value=\"26965\"><\/div>\r\n    <div><input type=\"hidden\" name=\"form_id\" value=\"artisan_form_contact_company_inline\"><\/div>\r\n    <div class=\"gglcptch gglcptch_v3 gglcptch_custom\"><input type=\"hidden\" id=\"g-recaptcha-response\" name=\"g-recaptcha-response\" \/><br \/><div class=\"gglcptch_error_text\">La p\u00e9riode de v\u00e9rification reCAPTCHA a expir\u00e9. Veuillez recharger la page.<\/div><\/div>    <div class=\"form-content\">\r\n        <div class=\"form-group\">\r\n            <label for=\"contact_firstName\" class=\"required\">Pr\u00e9nom<\/label>\r\n            <input type=\"text\" name=\"firstName\" class=\"form-control\" required>\r\n        <\/div>\r\n        <div class=\"form-group\">\r\n            <label for=\"contact_lastName\" class=\"required\">Nom<\/label>\r\n            <input type=\"text\" name=\"lastName\" class=\"form-control\" required>\r\n        <\/div>\r\n        <div class=\"form-group\">\r\n            <label for=\"contact_email\" class=\"required\">Email<\/label>\r\n            <input type=\"email\" name=\"email\" class=\"form-control\" required>\r\n        <\/div>\r\n        <div class=\"form-group\">\r\n            <label for=\"contact_phone\" class=\"required\">Num\u00e9ro de t\u00e9l\u00e9phone<\/label>\r\n            <input type=\"tel\" name=\"phone\" class=\"form-control\" placeholder=\"0787117165\" pattern=\"^[0-9]{10}$\" required>\r\n        <\/div>\r\n        <div class=\"form-group\">\r\n            <label for=\"contact_postalCode\" class=\"required\">Code postal et localit\u00e9<\/label>\r\n            <input type=\"text\" name=\"postalCode\" class=\"form-control\" required>\r\n        <\/div>\r\n        <div class=\"form-group\">\r\n            <label for=\"contact_address\" class=\"required\">Adresse<\/label>\r\n            <input type=\"text\" name=\"address\" class=\"form-control\" required>\r\n        <\/div>\r\n        <div class=\"full-width topic\">\r\n            <p class=\"required\">Je souhaite \u00eatre contact\u00e9 pour :<\/p>\r\n            <div class=\"form-check\">\r\n                <input type=\"radio\" name=\"topic\" value=\"D\u00e9pannage\" class=\"form-control\" required>\r\n                <label for=\"d\u00e9pannage\">D\u00e9pannage<\/label>\r\n            <\/div>\r\n            <div class=\"form-check\">\r\n                <input type=\"radio\" name=\"topic\" value=\"Entretien\" class=\"form-control\" required>\r\n                <label for=\"entretien\">Entretien<\/label>\r\n            <\/div>\r\n            <div class=\"form-check\">\r\n                <input type=\"radio\" name=\"topic\" value=\"R\u00e9novation\" class=\"form-control\" required>\r\n                <label for=\"r\u00e9novation\">R\u00e9novation<\/label>\r\n            <\/div>\r\n            <div class=\"form-check\">\r\n                <input type=\"radio\" name=\"topic\" value=\"Autre\" class=\"form-control\" required>\r\n                <label for=\"autre\">Autre<\/label>\r\n            <\/div>\r\n        <\/div>\r\n        <div class=\"form-group full-width\">\r\n            <label for=\"contact_message\">Message<\/label>\r\n            <textarea name=\"message\" rows=\"3\" class=\"form-control\"><\/textarea>\r\n        <\/div>\r\n    <\/div>\r\n    <div class=\"form-actions\">\r\n        <button class=\"wp-block-button__link has-accent-background-color\">Contacter<\/button>\r\n    <\/div>\r\n<\/form>\r\n<div class=\"form-feedback\"><\/div>    <\/div>\n<h2>Pourquoi travailler avec notre entreprise ?<\/h2>\n<ul>\n<li>Vous pouvez r\u00e9server un rendez-vous le jour m\u00eame.<\/li>\n<li>Nos sp\u00e9cialistes en nettoyage sont tous form\u00e9s avec les derni\u00e8res techniques.<\/li>\n<li>L&rsquo;entretien est r\u00e9alis\u00e9 avec des produits \u00e9cologiques.<\/li>\n<li>Nous vous fournissons un devis gratuit.<\/li>\n<\/ul>\n<h2>Services de m\u00e9nage \u00e0 Savigny<\/h2>\n<p>Nous proposons une large gamme de services de nettoyage sur mesure pour r\u00e9pondre aux besoins de nos clients.<\/p>\n<p>Dans le cas d&rsquo;un nettoyage en profondeur, d\u2019un m\u00e9nage ponctuel ou d&rsquo;un entretien continu, nous pouvons \u00e9laborer des prestations sur mesure, voici les interventions que nous pratiquons le plus souvent \u00e0 Savigny, vous pouvez b\u00e9n\u00e9ficier :<\/p>\n<ul>\n<li>De service de m\u00e9nage pour votre d\u00e9m\u00e9nagement.<\/li>\n<li>D&rsquo;une solution de nettoyage, si vous \u00eates propri\u00e9taires de locations Airbnb.<\/li>\n<li>D&rsquo;un service d&rsquo;entretien pour le nettoyage de bureaux et locaux commerciaux.<\/li>\n<li>D&rsquo;un nettoyage apr\u00e8s une r\u00e9novation.<\/li>\n<\/ul>\n<h2>Quelles sont les solutions de m\u00e9nage d&rsquo;artisanlocal\u202f?<\/h2>\n<ul>\n<li>Nettoyage pour les conciergeries Airbnb,<\/li>\n<li>service de m\u00e9nage et de nettoyage de logements,<\/li>\n<li>entretien et nettoyage des appareils m\u00e9nagers,<\/li>\n<li>nettoyage de l&rsquo;ext\u00e9rieur,<\/li>\n<li>services de propret\u00e9 pour les sous-sols,<\/li>\n<li>assainissement des surfaces pour lutter contre les pathog\u00e8nes,<\/li>\n<li>service de lavage de la vaisselle,<\/li>\n<li>nettoyage des salles de sports,<\/li>\n<li>lavage des sols,<\/li>\n<li>nettoyage sanitaire en milieu hospitalier,<\/li>\n<li>nettoyage apr\u00e8s un d\u00e9m\u00e9nagement,<\/li>\n<li>nettoyage des espaces de travail,<\/li>\n<li>service de m\u00e9nage apr\u00e8s des travaux,<\/li>\n<li>m\u00e9nage de salles de bains,<\/li>\n<li>nettoyage des commerces locaux,<\/li>\n<li>nettoyage des salles de classe,<\/li>\n<li>nettoyage des fen\u00eatres.<\/li>\n<\/ul>\n<h2>Une soci\u00e9t\u00e9 Helv\u00e9tique de confiance<\/h2>\n<h3>Nettoyage d&rsquo;appartement \u00e0 Savigny<\/h3>\n<p>Si vous habitez \u00e0 Savigny, nous pouvons effectuer le m\u00e9nage de votre logement en amont de l&rsquo;\u00e9tat des lieux de sortie.<\/p>\n<p>Il est important de savoir que si le nettoyage de l&rsquo;appartement n&rsquo;est pas r\u00e9alis\u00e9 proprement, le propri\u00e9taire peut faire appel \u00e0 une soci\u00e9t\u00e9 de m\u00e9nage et retenir une part de votre caution.<\/p>\n<p>Les services de nettoyage pour la remise des cl\u00e9s comprennent :<\/p>\n<p>&#8211; Le nettoyage des espaces : les murs, les sols, les parquets, les moquettes et les carrelages.<\/p>\n<p>&#8211; Nettoyage des vitres et des fen\u00eatres.<\/p>\n<p>&#8211; Le nettoyage de la salle de bain et des WC.<\/p>\n<p>&#8211; Le nettoyage de l&rsquo;espace de cuisson et du syst\u00e8me de ventilation de la cuisine.<\/p>\n<p>&#8211; Le d\u00e9poussi\u00e9rage des meubles.<\/p>\n<h3>Vous avez besoin d&rsquo;un nettoyage continu de votre logement?<\/h3>\n<p>Notre compagnie offre des services de propret\u00e9 personnalis\u00e9s, adapt\u00e9s \u00e0 vos demandes, nous pouvons intervenir de mani\u00e8res hebdomadaires, bihebdomadaires ou mensuelles.<\/p>\n<h3>Service pour un nettoyage approfondi de votre habitation \u00e0 Savigny<\/h3>\n<p>Artisanlocal offre des services de m\u00e9nage minutieux pour votre logement ou maison, en compl\u00e9ment de notre prestation de m\u00e9nage standard.<\/p>\n<h3>Quels sont les b\u00e9n\u00e9fices d\u2019un m\u00e9nage approfondi avec Artisanlocal ?<\/h3>\n<p>L\u2019avantage majeur du m\u00e9nage en profondeur est d\u2019\u00e9liminer la salet\u00e9, la poussi\u00e8re et la crasse qui se sont empil\u00e9es avec le temps, afin de rendre votre logement plus sain. Un nettoyage en profondeur est aussi un excellent moyen d&rsquo;\u00e9liminer les odeurs d\u00e9sagr\u00e9ables.<\/p>\n<h3>Nettoyage de locaux professionnels \u00e0 Savigny<\/h3>\n<p>Pour le nettoyage de vos espaces de travail, faites confiance \u00e0 Artisanlocal. Gagnez du temps et de l&rsquo;\u00e9nergie gr\u00e2ce \u00e0 nos prestations ! Nous proposons des services de m\u00e9nages \u00e0 l&rsquo;ann\u00e9e qui s&rsquo;ajustera \u00e0 vos exigences et \u00e0 votre budget. Voici les prestations que nous offrons pour le m\u00e9nage de vos espaces de travail :<\/p>\n<ul>\n<li>Traitement des tapis et nettoyage des fen\u00eatres de vos locaux professionnels.<\/li>\n<li>Entretien de sofas, de si\u00e8ges de travail, de canap\u00e9 en textile ou en cuir.<\/li>\n<li>Gestion des poubelles.<\/li>\n<li>\u00c9limination des amas de poussi\u00e8re.<\/li>\n<li>Lavement des surfaces au sol et passage de l&rsquo;aspirateur.<\/li>\n<\/ul>\n<h3>Service de nettoyage de propri\u00e9t\u00e9 \u00e0 Savigny<\/h3>\n<p>Pour garder l&rsquo;int\u00e9rieur de votre propri\u00e9t\u00e9 entretenue, il faut r\u00e9aliser un nettoyage fr\u00e9quent. H\u00e9las, un calendrier charg\u00e9 peut rendre cette t\u00e2che compliqu\u00e9e, voire irr\u00e9alisable, d\u00e9l\u00e9guez \u00e0 notre entreprise le m\u00e9nage de votre villa.<\/p>\n<h2>Pourquoi faire appel \u00e0 une entreprise de nettoyage \u00e0 Savigny ?<\/h2>\n<p>Si vous \u00eates un Savignolan, vous avez sans doute des probl\u00e8mes \u00e0 maintenir votre int\u00e9rieur bien entretenu. Nos solutions sont adapt\u00e9es aux habitants de Savigny. Avec notre soci\u00e9t\u00e9, vous avez la possibilit\u00e9 de :<\/p>\n<h3>Mieux organiser l&rsquo;int\u00e9rieur de votre propri\u00e9t\u00e9<\/h3>\n<p>Un h\u00e9bergement mal rang\u00e9 peut \u00eatre une cause de difficult\u00e9s dans votre quotidien (perte de temps, disputes avec son conjoint, etc.). Artisanlocal propose des services de nettoyage d&rsquo;int\u00e9rieur pour les maisons et appartements. Afin de :<\/p>\n<h3>Cr\u00e9er une atmosph\u00e8re plus accueillante<\/h3>\n<p>En effet, une propri\u00e9t\u00e9 bien organis\u00e9e vous aidera ainsi que vos invit\u00e9s \u00e0 vous sentir mieux.<\/p>\n<h3>Pr\u00e9server sa vitalit\u00e9 et rester heureux<\/h3>\n<p>Ne pas enlever la salet\u00e9 et la poussi\u00e8re dans votre habitation peut causer des risques pour votre sant\u00e9, comme causer des allergies ou intensifier celles d\u00e9j\u00e0 pr\u00e9sentes. En faisant appel \u00e0 une soci\u00e9t\u00e9 de m\u00e9nage, vous r\u00e9duisez les allerg\u00e8nes.<\/p>\n<h3>B\u00e9n\u00e9ficier d&rsquo;une meilleure disposition de votre int\u00e9rieur<\/h3>\n<p>Comme beaucoup de foyers, votre r\u00e9sidence peut \u00eatre en d\u00e9sordre, ce qui rend la vie difficile. Choisissez notre service de m\u00e9nage pour vous assurer la bonne propret\u00e9 et organisation de votre habitation. D&rsquo;autre part, nous pouvons aussi intervenir \u00e0 : Peney-le-Jorat, Forel (Lavaux), Mollie-Margot, Ferlens VD, Servion, Essertes, Les Cullayes, Montpreveyres, Corcelles-le-Jorat, M\u00e9zi\u00e8res VD, Carrouge VD, Vulliens, Ropraz, Les Tavernes, Les Thioleyres, Pal\u00e9zieux, Pal\u00e9zieux-Village, Oron-le-Ch\u00e2tel, Chapelle (Gl\u00e2ne), Bussigny-sur-Oron, Chesalles-sur-Oron, Ch\u00e2tillens, Oron-la-Ville, Vuibroye, Le Cr\u00eat-pr\u00e8s-Semsales, Ecoteaux, Maracon.<\/p>\n","protected":false},"excerpt":{"rendered":"<p>Nous offrons un service de nettoyage entier de votre domicile ou de vos locaux commerciaux \u00e0 Savigny. Notre entreprise est compos\u00e9e d&rsquo;experts qui s&rsquo;appliquent \u00e0 fournir des services de la meilleure qualit\u00e9 possible. Pourquoi travailler avec notre entreprise ? Vous pouvez r\u00e9server un rendez-vous le jour m\u00eame. Nos sp\u00e9cialistes en nettoyage sont tous form\u00e9s avec [&hellip;]<\/p>\n","protected":false},"author":4,"featured_media":2754,"parent":0,"menu_order":0,"comment_status":"closed","ping_status":"closed","template":"","meta":{"footnotes":""},"profession":[108],"location":[94],"canton":[113],"class_list":["post-439","page","type-page","status-publish","has-post-thumbnail","hentry","profession-agent-de-proprete","location-savigny","canton-vd"],"yoast_head":"<!-- This site is optimized with the Yoast SEO Premium plugin v25.7.1 (Yoast SEO v27.3) - https:\/\/yoast.com\/product\/yoast-seo-premium-wordpress\/ -->\n<title>Nettoyage de bureaux et d&#039;habitats \u00e0 Savigny - Artisanlocal<\/title>\n<meta name=\"robots\" content=\"index, follow, max-snippet:-1, max-image-preview:large, max-video-preview:-1\" \/>\n<link rel=\"canonical\" href=\"https:\/\/www.artisanlocal.ch\/c\/nettoyage-de-bureaux-et-dhabitats-a-savigny\/\" \/>\n<meta property=\"og:locale\" content=\"fr_FR\" \/>\n<meta property=\"og:type\" content=\"article\" \/>\n<meta property=\"og:title\" content=\"Nettoyage de bureaux et d&#039;habitats \u00e0 Savigny\" \/>\n<meta property=\"og:description\" content=\"Nous offrons un service de nettoyage entier de votre domicile ou de vos locaux commerciaux \u00e0 Savigny. Notre entreprise est compos\u00e9e d&rsquo;experts qui s&rsquo;appliquent \u00e0 fournir des services de la meilleure qualit\u00e9 possible. Pourquoi travailler avec notre entreprise ? Vous pouvez r\u00e9server un rendez-vous le jour m\u00eame. Nos sp\u00e9cialistes en nettoyage sont tous form\u00e9s avec [&hellip;]\" \/>\n<meta property=\"og:url\" content=\"https:\/\/www.artisanlocal.ch\/c\/nettoyage-de-bureaux-et-dhabitats-a-savigny\/\" \/>\n<meta property=\"og:site_name\" content=\"Artisanlocal\" \/>\n<meta property=\"article:modified_time\" content=\"2025-08-26T23:33:21+00:00\" \/>\n<meta property=\"og:image\" content=\"https:\/\/www.artisanlocal.ch\/c\/wp-content\/uploads\/2024\/10\/agent-proprete.jpg\" \/>\n\t<meta property=\"og:image:width\" content=\"1920\" \/>\n\t<meta property=\"og:image:height\" content=\"300\" \/>\n\t<meta property=\"og:image:type\" content=\"image\/jpeg\" \/>\n<meta name=\"twitter:card\" content=\"summary_large_image\" \/>\n<meta name=\"twitter:label1\" content=\"Dur\u00e9e de lecture estim\u00e9e\" \/>\n\t<meta name=\"twitter:data1\" content=\"5 minutes\" \/>\n<script type=\"application\/ld+json\" class=\"yoast-schema-graph\">{\"@context\":\"https:\\\/\\\/schema.org\",\"@graph\":[{\"@type\":\"WebPage\",\"@id\":\"https:\\\/\\\/www.artisanlocal.ch\\\/c\\\/nettoyage-de-bureaux-et-dhabitats-a-savigny\\\/\",\"url\":\"https:\\\/\\\/www.artisanlocal.ch\\\/c\\\/nettoyage-de-bureaux-et-dhabitats-a-savigny\\\/\",\"name\":\"Nettoyage de bureaux et d'habitats \u00e0 Savigny - Artisanlocal\",\"isPartOf\":{\"@id\":\"https:\\\/\\\/www.artisanlocal.ch\\\/c\\\/#website\"},\"primaryImageOfPage\":{\"@id\":\"https:\\\/\\\/www.artisanlocal.ch\\\/c\\\/nettoyage-de-bureaux-et-dhabitats-a-savigny\\\/#primaryimage\"},\"image\":{\"@id\":\"https:\\\/\\\/www.artisanlocal.ch\\\/c\\\/nettoyage-de-bureaux-et-dhabitats-a-savigny\\\/#primaryimage\"},\"thumbnailUrl\":\"https:\\\/\\\/www.artisanlocal.ch\\\/c\\\/wp-content\\\/uploads\\\/2024\\\/10\\\/agent-proprete.jpg\",\"datePublished\":\"2024-04-16T16:38:34+00:00\",\"dateModified\":\"2025-08-26T23:33:21+00:00\",\"breadcrumb\":{\"@id\":\"https:\\\/\\\/www.artisanlocal.ch\\\/c\\\/nettoyage-de-bureaux-et-dhabitats-a-savigny\\\/#breadcrumb\"},\"inLanguage\":\"fr-FR\",\"potentialAction\":[{\"@type\":\"ReadAction\",\"target\":[\"https:\\\/\\\/www.artisanlocal.ch\\\/c\\\/nettoyage-de-bureaux-et-dhabitats-a-savigny\\\/\"]}]},{\"@type\":\"ImageObject\",\"inLanguage\":\"fr-FR\",\"@id\":\"https:\\\/\\\/www.artisanlocal.ch\\\/c\\\/nettoyage-de-bureaux-et-dhabitats-a-savigny\\\/#primaryimage\",\"url\":\"https:\\\/\\\/www.artisanlocal.ch\\\/c\\\/wp-content\\\/uploads\\\/2024\\\/10\\\/agent-proprete.jpg\",\"contentUrl\":\"https:\\\/\\\/www.artisanlocal.ch\\\/c\\\/wp-content\\\/uploads\\\/2024\\\/10\\\/agent-proprete.jpg\",\"width\":1920,\"height\":300},{\"@type\":\"BreadcrumbList\",\"@id\":\"https:\\\/\\\/www.artisanlocal.ch\\\/c\\\/nettoyage-de-bureaux-et-dhabitats-a-savigny\\\/#breadcrumb\",\"itemListElement\":[{\"@type\":\"ListItem\",\"position\":1,\"name\":\"Accueil\",\"item\":\"https:\\\/\\\/www.artisanlocal.ch\\\/c\\\/\"},{\"@type\":\"ListItem\",\"position\":2,\"name\":\"Nettoyage de bureaux et d&rsquo;habitats \u00e0 Savigny\"}]},{\"@type\":\"WebSite\",\"@id\":\"https:\\\/\\\/www.artisanlocal.ch\\\/c\\\/#website\",\"url\":\"https:\\\/\\\/www.artisanlocal.ch\\\/c\\\/\",\"name\":\"Artisanlocal\",\"description\":\"\",\"publisher\":{\"@id\":\"https:\\\/\\\/www.artisanlocal.ch\\\/c\\\/#organization\"},\"potentialAction\":[{\"@type\":\"SearchAction\",\"target\":{\"@type\":\"EntryPoint\",\"urlTemplate\":\"https:\\\/\\\/www.artisanlocal.ch\\\/c\\\/?s={search_term_string}\"},\"query-input\":{\"@type\":\"PropertyValueSpecification\",\"valueRequired\":true,\"valueName\":\"search_term_string\"}}],\"inLanguage\":\"fr-FR\"},{\"@type\":\"Organization\",\"@id\":\"https:\\\/\\\/www.artisanlocal.ch\\\/c\\\/#organization\",\"name\":\"Artisanlocal\",\"url\":\"https:\\\/\\\/www.artisanlocal.ch\\\/c\\\/\",\"logo\":{\"@type\":\"ImageObject\",\"inLanguage\":\"fr-FR\",\"@id\":\"https:\\\/\\\/www.artisanlocal.ch\\\/c\\\/#\\\/schema\\\/logo\\\/image\\\/\",\"url\":\"https:\\\/\\\/www.artisanlocal.ch\\\/c\\\/wp-content\\\/uploads\\\/2024\\\/02\\\/logo-artisanlocal-h.svg\",\"contentUrl\":\"https:\\\/\\\/www.artisanlocal.ch\\\/c\\\/wp-content\\\/uploads\\\/2024\\\/02\\\/logo-artisanlocal-h.svg\",\"caption\":\"Artisanlocal\"},\"image\":{\"@id\":\"https:\\\/\\\/www.artisanlocal.ch\\\/c\\\/#\\\/schema\\\/logo\\\/image\\\/\"}}]}<\/script>\n<!-- \/ Yoast SEO Premium plugin. -->","yoast_head_json":{"title":"Nettoyage de bureaux et d'habitats \u00e0 Savigny - Artisanlocal","robots":{"index":"index","follow":"follow","max-snippet":"max-snippet:-1","max-image-preview":"max-image-preview:large","max-video-preview":"max-video-preview:-1"},"canonical":"https:\/\/www.artisanlocal.ch\/c\/nettoyage-de-bureaux-et-dhabitats-a-savigny\/","og_locale":"fr_FR","og_type":"article","og_title":"Nettoyage de bureaux et d'habitats \u00e0 Savigny","og_description":"Nous offrons un service de nettoyage entier de votre domicile ou de vos locaux commerciaux \u00e0 Savigny. Notre entreprise est compos\u00e9e d&rsquo;experts qui s&rsquo;appliquent \u00e0 fournir des services de la meilleure qualit\u00e9 possible. Pourquoi travailler avec notre entreprise ? Vous pouvez r\u00e9server un rendez-vous le jour m\u00eame. Nos sp\u00e9cialistes en nettoyage sont tous form\u00e9s avec [&hellip;]","og_url":"https:\/\/www.artisanlocal.ch\/c\/nettoyage-de-bureaux-et-dhabitats-a-savigny\/","og_site_name":"Artisanlocal","article_modified_time":"2025-08-26T23:33:21+00:00","og_image":[{"width":1920,"height":300,"url":"https:\/\/www.artisanlocal.ch\/c\/wp-content\/uploads\/2024\/10\/agent-proprete.jpg","type":"image\/jpeg"}],"twitter_card":"summary_large_image","twitter_misc":{"Dur\u00e9e de lecture estim\u00e9e":"5 minutes"},"schema":{"@context":"https:\/\/schema.org","@graph":[{"@type":"WebPage","@id":"https:\/\/www.artisanlocal.ch\/c\/nettoyage-de-bureaux-et-dhabitats-a-savigny\/","url":"https:\/\/www.artisanlocal.ch\/c\/nettoyage-de-bureaux-et-dhabitats-a-savigny\/","name":"Nettoyage de bureaux et d'habitats \u00e0 Savigny - Artisanlocal","isPartOf":{"@id":"https:\/\/www.artisanlocal.ch\/c\/#website"},"primaryImageOfPage":{"@id":"https:\/\/www.artisanlocal.ch\/c\/nettoyage-de-bureaux-et-dhabitats-a-savigny\/#primaryimage"},"image":{"@id":"https:\/\/www.artisanlocal.ch\/c\/nettoyage-de-bureaux-et-dhabitats-a-savigny\/#primaryimage"},"thumbnailUrl":"https:\/\/www.artisanlocal.ch\/c\/wp-content\/uploads\/2024\/10\/agent-proprete.jpg","datePublished":"2024-04-16T16:38:34+00:00","dateModified":"2025-08-26T23:33:21+00:00","breadcrumb":{"@id":"https:\/\/www.artisanlocal.ch\/c\/nettoyage-de-bureaux-et-dhabitats-a-savigny\/#breadcrumb"},"inLanguage":"fr-FR","potentialAction":[{"@type":"ReadAction","target":["https:\/\/www.artisanlocal.ch\/c\/nettoyage-de-bureaux-et-dhabitats-a-savigny\/"]}]},{"@type":"ImageObject","inLanguage":"fr-FR","@id":"https:\/\/www.artisanlocal.ch\/c\/nettoyage-de-bureaux-et-dhabitats-a-savigny\/#primaryimage","url":"https:\/\/www.artisanlocal.ch\/c\/wp-content\/uploads\/2024\/10\/agent-proprete.jpg","contentUrl":"https:\/\/www.artisanlocal.ch\/c\/wp-content\/uploads\/2024\/10\/agent-proprete.jpg","width":1920,"height":300},{"@type":"BreadcrumbList","@id":"https:\/\/www.artisanlocal.ch\/c\/nettoyage-de-bureaux-et-dhabitats-a-savigny\/#breadcrumb","itemListElement":[{"@type":"ListItem","position":1,"name":"Accueil","item":"https:\/\/www.artisanlocal.ch\/c\/"},{"@type":"ListItem","position":2,"name":"Nettoyage de bureaux et d&rsquo;habitats \u00e0 Savigny"}]},{"@type":"WebSite","@id":"https:\/\/www.artisanlocal.ch\/c\/#website","url":"https:\/\/www.artisanlocal.ch\/c\/","name":"Artisanlocal","description":"","publisher":{"@id":"https:\/\/www.artisanlocal.ch\/c\/#organization"},"potentialAction":[{"@type":"SearchAction","target":{"@type":"EntryPoint","urlTemplate":"https:\/\/www.artisanlocal.ch\/c\/?s={search_term_string}"},"query-input":{"@type":"PropertyValueSpecification","valueRequired":true,"valueName":"search_term_string"}}],"inLanguage":"fr-FR"},{"@type":"Organization","@id":"https:\/\/www.artisanlocal.ch\/c\/#organization","name":"Artisanlocal","url":"https:\/\/www.artisanlocal.ch\/c\/","logo":{"@type":"ImageObject","inLanguage":"fr-FR","@id":"https:\/\/www.artisanlocal.ch\/c\/#\/schema\/logo\/image\/","url":"https:\/\/www.artisanlocal.ch\/c\/wp-content\/uploads\/2024\/02\/logo-artisanlocal-h.svg","contentUrl":"https:\/\/www.artisanlocal.ch\/c\/wp-content\/uploads\/2024\/02\/logo-artisanlocal-h.svg","caption":"Artisanlocal"},"image":{"@id":"https:\/\/www.artisanlocal.ch\/c\/#\/schema\/logo\/image\/"}}]}},"_links":{"self":[{"href":"https:\/\/www.artisanlocal.ch\/c\/wp-json\/wp\/v2\/pages\/439","targetHints":{"allow":["GET"]}}],"collection":[{"href":"https:\/\/www.artisanlocal.ch\/c\/wp-json\/wp\/v2\/pages"}],"about":[{"href":"https:\/\/www.artisanlocal.ch\/c\/wp-json\/wp\/v2\/types\/page"}],"author":[{"embeddable":true,"href":"https:\/\/www.artisanlocal.ch\/c\/wp-json\/wp\/v2\/users\/4"}],"replies":[{"embeddable":true,"href":"https:\/\/www.artisanlocal.ch\/c\/wp-json\/wp\/v2\/comments?post=439"}],"version-history":[{"count":0,"href":"https:\/\/www.artisanlocal.ch\/c\/wp-json\/wp\/v2\/pages\/439\/revisions"}],"wp:featuredmedia":[{"embeddable":true,"href":"https:\/\/www.artisanlocal.ch\/c\/wp-json\/wp\/v2\/media\/2754"}],"wp:attachment":[{"href":"https:\/\/www.artisanlocal.ch\/c\/wp-json\/wp\/v2\/media?parent=439"}],"wp:term":[{"taxonomy":"profession","embeddable":true,"href":"https:\/\/www.artisanlocal.ch\/c\/wp-json\/wp\/v2\/profession?post=439"},{"taxonomy":"location","embeddable":true,"href":"https:\/\/www.artisanlocal.ch\/c\/wp-json\/wp\/v2\/location?post=439"},{"taxonomy":"canton","embeddable":true,"href":"https:\/\/www.artisanlocal.ch\/c\/wp-json\/wp\/v2\/canton?post=439"}],"curies":[{"name":"wp","href":"https:\/\/api.w.org\/{rel}","templated":true}]}}