{"id":440,"date":"2024-04-16T18:38:34","date_gmt":"2024-04-16T16:38:34","guid":{"rendered":"https:\/\/www.artisanlocal.ch\/c\/nettoyage-pour-domicile-et-bureau-a-fetigny\/"},"modified":"2025-08-27T01:33:20","modified_gmt":"2025-08-26T23:33:20","slug":"nettoyage-pour-domicile-et-bureau-a-fetigny","status":"publish","type":"page","link":"https:\/\/www.artisanlocal.ch\/c\/nettoyage-pour-domicile-et-bureau-a-fetigny\/","title":{"rendered":"Nettoyage pour domicile et bureau \u00e0 F\u00e9tigny"},"content":{"rendered":"<p>Nous offrons un nettoyage entier de votre habitat ou de vos locaux \u00e0 F\u00e9tigny. Notre entreprise est constitu\u00e9e d&rsquo;experts qualifi\u00e9s qui s&rsquo;efforcent d&rsquo;apporter \u00e0 notre client\u00e8le des services de la meilleure qualit\u00e9 possible.<\/p>\n\r\n<div class=\"box\">\r\n            <div class=\"company-info\">\r\n            <img decoding=\"async\" class=\"company-info__logo\" src=\"https:\/\/www.artisanlocal.ch\/media\/cache\/thumb\/images\/companies\/64c376034a608904694498.png\" alt=\"Logo\">\r\n            <h2 class=\"company-info__name\">HB NETTOYAGE & SERVICE A LA PERSONNE<\/h2>\r\n            <p class=\"company-info__business\">Entreprise de nettoyage - Entretien - Babysitting<\/p>\r\n        <\/div>\r\n        <div class=\"company-contact\">\r\n            <p class=\"company-info__address\">Route de Rontemard 2A<\/p>\r\n                            <div class=\"links\">\r\n                                            <a class=\"btn has-accent-background-color js-phoneNumber\" href=\"tel:0799164460\" title=\"Appelez\" data-id=\"12718\" data-type=\"11\">079 916 44 60<\/a>\r\n                                                                <a class=\"btn has-accent-background-color\" href=\"https:\/\/nettoyageservice.ch\/\" target=\"_blank\" title=\"Voir le site internet\" data-id=\"12718\" data-type=\"20\">Site internet<\/a>\r\n                                    <\/div>\r\n                    <\/div>\r\n    \r\n            \r\n<form action=\"https:\/\/www.artisanlocal.ch\/c\/wp-admin\/admin-ajax.php\" method=\"post\" class=\"form-contact\" id=\"artisan_form_contact_company_inline\">\r\n    <div><input type=\"hidden\" name=\"action\" value=\"company_contact\"><\/div>\r\n    <div><input type=\"hidden\" name=\"nonce\" value=\"086cf01f96\"><\/div>\r\n    <div><input type=\"hidden\" name=\"company_id\" value=\"12718\"><\/div>\r\n    <div><input type=\"hidden\" name=\"form_id\" value=\"artisan_form_contact_company_inline\"><\/div>\r\n    <div class=\"gglcptch gglcptch_v3 gglcptch_custom\"><input type=\"hidden\" id=\"g-recaptcha-response\" name=\"g-recaptcha-response\" \/><br \/><div class=\"gglcptch_error_text\">La p\u00e9riode de v\u00e9rification reCAPTCHA a expir\u00e9. Veuillez recharger la page.<\/div><\/div>    <div class=\"form-content\">\r\n        <div class=\"form-group\">\r\n            <label for=\"contact_firstName\" class=\"required\">Pr\u00e9nom<\/label>\r\n            <input type=\"text\" name=\"firstName\" class=\"form-control\" required>\r\n        <\/div>\r\n        <div class=\"form-group\">\r\n            <label for=\"contact_lastName\" class=\"required\">Nom<\/label>\r\n            <input type=\"text\" name=\"lastName\" class=\"form-control\" required>\r\n        <\/div>\r\n        <div class=\"form-group\">\r\n            <label for=\"contact_email\" class=\"required\">Email<\/label>\r\n            <input type=\"email\" name=\"email\" class=\"form-control\" required>\r\n        <\/div>\r\n        <div class=\"form-group\">\r\n            <label for=\"contact_phone\" class=\"required\">Num\u00e9ro de t\u00e9l\u00e9phone<\/label>\r\n            <input type=\"tel\" name=\"phone\" class=\"form-control\" placeholder=\"0787117165\" pattern=\"^[0-9]{10}$\" required>\r\n        <\/div>\r\n        <div class=\"form-group\">\r\n            <label for=\"contact_postalCode\" class=\"required\">Code postal et localit\u00e9<\/label>\r\n            <input type=\"text\" name=\"postalCode\" class=\"form-control\" required>\r\n        <\/div>\r\n        <div class=\"form-group\">\r\n            <label for=\"contact_address\" class=\"required\">Adresse<\/label>\r\n            <input type=\"text\" name=\"address\" class=\"form-control\" required>\r\n        <\/div>\r\n        <div class=\"full-width topic\">\r\n            <p class=\"required\">Je souhaite \u00eatre contact\u00e9 pour :<\/p>\r\n            <div class=\"form-check\">\r\n                <input type=\"radio\" name=\"topic\" value=\"D\u00e9pannage\" class=\"form-control\" required>\r\n                <label for=\"d\u00e9pannage\">D\u00e9pannage<\/label>\r\n            <\/div>\r\n            <div class=\"form-check\">\r\n                <input type=\"radio\" name=\"topic\" value=\"Entretien\" class=\"form-control\" required>\r\n                <label for=\"entretien\">Entretien<\/label>\r\n            <\/div>\r\n            <div class=\"form-check\">\r\n                <input type=\"radio\" name=\"topic\" value=\"R\u00e9novation\" class=\"form-control\" required>\r\n                <label for=\"r\u00e9novation\">R\u00e9novation<\/label>\r\n            <\/div>\r\n            <div class=\"form-check\">\r\n                <input type=\"radio\" name=\"topic\" value=\"Autre\" class=\"form-control\" required>\r\n                <label for=\"autre\">Autre<\/label>\r\n            <\/div>\r\n        <\/div>\r\n        <div class=\"form-group full-width\">\r\n            <label for=\"contact_message\">Message<\/label>\r\n            <textarea name=\"message\" rows=\"3\" class=\"form-control\"><\/textarea>\r\n        <\/div>\r\n    <\/div>\r\n    <div class=\"form-actions\">\r\n        <button class=\"wp-block-button__link has-accent-background-color\">Contacter<\/button>\r\n    <\/div>\r\n<\/form>\r\n<div class=\"form-feedback\"><\/div>    <\/div>\n<h2>Pourquoi travailler avec notre soci\u00e9t\u00e9 ?<\/h2>\n<ul>\n<li>Vous pouvez r\u00e9server un rendez-vous aujourd&rsquo;hui avec notre entreprise.<\/li>\n<li>Nos sp\u00e9cialistes en nettoyage sont tous familiaris\u00e9s avec les derni\u00e8res m\u00e9thodes.<\/li>\n<li>Notre service de nettoyage est effectu\u00e9 avec des produits \u00e9cologiques.<\/li>\n<li>Nos devis sont gratuits.<\/li>\n<\/ul>\n<h2>Services de m\u00e9nage \u00e0 F\u00e9tigny<\/h2>\n<p>Nous proposons des solutions de nettoyage pour satisfaire nos clients.<\/p>\n<p>Qu&rsquo;il s&rsquo;agisse d&rsquo;un m\u00e9nage m\u00e9ticuleux, d\u2019un m\u00e9nage ponctuel ou d&rsquo;un service constant, nous pouvons cr\u00e9er des prestations personnalis\u00e9es, voici les interventions que nous r\u00e9alisons le plus souvent \u00e0 F\u00e9tigny, vous pouvez profiter :<\/p>\n<ul>\n<li>De service de m\u00e9nage pour votre d\u00e9m\u00e9nagement.<\/li>\n<li>D&rsquo;un nettoyage Airbnb.<\/li>\n<li>D&rsquo;un lavage des espaces de bureaux et des espaces commerciaux.<\/li>\n<li>D&rsquo;un nettoyage apr\u00e8s une r\u00e9novation de maison.<\/li>\n<\/ul>\n<h2>Quels sont les services de nettoyage qu&rsquo;artisanlocal propose\u202f?<\/h2>\n<ul>\n<li>Nettoyage pour les locations courtes,<\/li>\n<li>service de nettoyage et de m\u00e9nage de studios,<\/li>\n<li>nettoyage des \u00e9quipements m\u00e9nagers,<\/li>\n<li>nettoyage de l&rsquo;ext\u00e9rieur,<\/li>\n<li>services de m\u00e9nage pour les sous-sols,<\/li>\n<li>assainissement des surfaces pour lutter contre les virus,<\/li>\n<li>nettoyage de la vaisselle,<\/li>\n<li>nettoyage des installations sportives,<\/li>\n<li>lavage des sols,<\/li>\n<li>nettoyage sanitaire en milieu m\u00e9dical,<\/li>\n<li>nettoyage apr\u00e8s un d\u00e9m\u00e9nagement,<\/li>\n<li>nettoyage des lieux de travail,<\/li>\n<li>nettoyage apr\u00e8s des travaux,<\/li>\n<li>nettoyage des salles d&rsquo;eau,<\/li>\n<li>nettoyage des commerces locaux,<\/li>\n<li>nettoyage des salles de classe,<\/li>\n<li>nettoyage de vitres.<\/li>\n<\/ul>\n<h2>Une soci\u00e9t\u00e9 sp\u00e9cialis\u00e9e dans les services de nettoyage fiable situ\u00e9e en Suisse<\/h2>\n<h3>M\u00e9nage d&rsquo;int\u00e9rieur pour appartement \u00e0 F\u00e9tigny<\/h3>\n<p>Si vous habitez \u00e0 F\u00e9tigny, nous pouvons effectuer le m\u00e9nage de votre studio avant l&rsquo;\u00e9tat des lieux.<\/p>\n<p>Il faut savoir que si le nettoyage int\u00e9rieur de l&rsquo;appartement n&rsquo;est pas effectu\u00e9 correctement, le gestionnaire immobilier peut faire appel \u00e0 une soci\u00e9t\u00e9 de service de nettoyage et retenir une part de votre d\u00e9p\u00f4t de garantie.<\/p>\n<p>Les services de nettoyage pour l&rsquo;\u00e9tat des lieux incluent :<\/p>\n<p>&#8211; L&rsquo;entretien et le nettoyage des surfaces : les murs, les sols, les planchers, les moquettes et les carrelages.<\/p>\n<p>&#8211; Le nettoyage des vitres et fen\u00eatres.<\/p>\n<p>&#8211; Le nettoyage de la salle de bain et des toilettes.<\/p>\n<p>&#8211; Le nettoyage de l&rsquo;espace de cuisson et du syst\u00e8me d&rsquo;a\u00e9ration de la cuisine.<\/p>\n<p>&#8211; Le service de d\u00e9poussi\u00e9rage des meubles.<\/p>\n<h3>Vous souhaitez un nettoyage p\u00e9riodique de votre studio?<\/h3>\n<p>Notre soci\u00e9t\u00e9 propose des services d&rsquo;entretien sur mesure, adapt\u00e9s \u00e0 vos exigences, nous pouvons op\u00e9rer de mani\u00e8res mensuelles, bihebdomadaires ou hebdomadaires.<\/p>\n<h3>Nettoyage en profondeur de votre propri\u00e9t\u00e9 et de votre appartement \u00e0 F\u00e9tigny<\/h3>\n<p>Artisanlocal offre des services pour nettoyer en profondeur votre villa ou votre studio, en plus de notre service de nettoyage standard.<\/p>\n<h3>Quels sont les avantages de faire un entretien en profondeur avec notre entreprise ?<\/h3>\n<p>Le principal avantage de l&rsquo;entretien approfondi est d&rsquo;\u00e9liminer la salet\u00e9, la poussi\u00e8re et la crasse qui se sont accumul\u00e9es au fil du temps, ce qui participe \u00e0 un meilleur environnement int\u00e9rieur de votre logement. De plus, un entretien approfondi permet aussi d&rsquo;\u00e9liminer efficacement les mauvaises odeurs.<\/p>\n<h3>M\u00e9nage de locaux professionnels \u00e0 F\u00e9tigny<\/h3>\n<p>Pour le m\u00e9nage de vos espaces de travail, faites confiance \u00e0 Artisanlocal. Gagnez du temps et de l&rsquo;\u00e9nergie gr\u00e2ce \u00e0 nos services ! Nous proposons des prestations de m\u00e9nages \u00e0 l&rsquo;ann\u00e9e qui s&rsquo;adaptera \u00e0 vos besoins et \u00e0 votre budget. D\u00e9couvrez nos services de nettoyage pour les bureaux :<\/p>\n<ul>\n<li>Lavage de vos moquettes et des vitres.<\/li>\n<li>Entretien de fauteuils, de si\u00e8ges de travail, de canap\u00e9 en tissu ou en cuir brut ou naturel.<\/li>\n<li>Gestion des d\u00e9chets m\u00e9nagers.<\/li>\n<li>\u00c9limination des amas de poussi\u00e8re.<\/li>\n<li>Lavement des sols et passage de l&rsquo;aspirateur.<\/li>\n<\/ul>\n<h3>Service de m\u00e9nage de propri\u00e9t\u00e9 \u00e0 F\u00e9tigny<\/h3>\n<p>Pour pr\u00e9server l&rsquo;int\u00e9rieur de votre maison propre, il est n\u00e9cessaire de r\u00e9aliser un m\u00e9nage journalier. Malheureusement, un emploi du temps rempli peut rendre cette mission difficile, voire impossible, d\u00e9l\u00e9guez \u00e0 notre entreprise le nettoyage de votre habitation.<\/p>\n<h2>Quel est l&rsquo;int\u00e9r\u00eat de recourir \u00e0 une entreprise pour nettoyer sa propri\u00e9t\u00e9 \u00e0 F\u00e9tigny ?<\/h2>\n<p>Si vous vivez \u00e0 F\u00e9tigny vous pouvez rencontrer des difficult\u00e9s \u00e0 garder votre habitat bien rang\u00e9 et nettoy\u00e9. Nos prestations sont adapt\u00e9es aux habitants de F\u00e9tigny. Avec notre entreprise, vous \u00eates capable de :<\/p>\n<h3>Mieux organiser votre espace<\/h3>\n<p>Un studio mal organis\u00e9 peut \u00eatre une source de probl\u00e8mes (perte de temps, tensions avec son conjoint, etc.). Artisanlocal propose des services de nettoyage pour votre maison de mani\u00e8re \u00e0 mieux ranger votre lieu de vie, ce qui vous donne la possibilit\u00e9, de :<\/p>\n<h3>Cr\u00e9er une ambiance plus confortable<\/h3>\n<p>En effet, une maison bien organis\u00e9e permet \u00e0 vos invit\u00e9s de vous sentir plus \u00e0 l&rsquo;aise.<\/p>\n<h3>Pr\u00e9server sa bonne sant\u00e9 et rester heureux<\/h3>\n<p>L&rsquo;accumulation des particules de poussi\u00e8res fines dans votre habitation peut engendrer des risques pour la sant\u00e9, et provoquer des allergies ou aggraver celles qui sont d\u00e9j\u00e0 pr\u00e9sentes. En engageant une entreprise de m\u00e9nage, vous diminuez les allerg\u00e8nes.<\/p>\n<h3>Optimiser la disposition g\u00e9n\u00e9rale de votre maison<\/h3>\n<p>Comme beaucoup de foyers, votre propri\u00e9t\u00e9 peut \u00eatre d\u00e9sorganis\u00e9e, ce qui rend la vie difficile. Opter pour notre service de nettoyage pour vous garantir la bonne organisation et propret\u00e9 de votre propri\u00e9t\u00e9. Par ailleurs, nous pouvons aussi intervenir \u00e0 : Cheyres, Estavayer-le-Lac, Bollion, Lully FR, Seiry, Ch\u00e2tillon FR, Font, Ch\u00e2bles FR, Autavaux, Forel FR, Montbrelloz, Cugy FR, Vesin, Frasses, Montet (Broye), Aumont, Granges-de-Vesin, Nuvilly, Murist, Payerne, M\u00e9ni\u00e8res, Treytorrens (Payerne), Bussy FR, Morens FR, S\u00e9vaz, Rueyres-les-Pr\u00e9s, Grandcour, Chevroux, Vers-chez-Perrin, Trey, Ch\u00e2tonnaye, Corcelles-pr\u00e8s-Payerne, Missy, Cerniat FR, Middes, Cousset, Montagny-les-Monts, Grandsivaz, Mannens, Montagny-la-Ville.<\/p>\n","protected":false},"excerpt":{"rendered":"<p>Nous offrons un nettoyage entier de votre habitat ou de vos locaux \u00e0 F\u00e9tigny. Notre entreprise est constitu\u00e9e d&rsquo;experts qualifi\u00e9s qui s&rsquo;efforcent d&rsquo;apporter \u00e0 notre client\u00e8le des services de la meilleure qualit\u00e9 possible. Pourquoi travailler avec notre soci\u00e9t\u00e9 ? Vous pouvez r\u00e9server un rendez-vous aujourd&rsquo;hui avec notre entreprise. Nos sp\u00e9cialistes en nettoyage sont tous familiaris\u00e9s [&hellip;]<\/p>\n","protected":false},"author":4,"featured_media":2754,"parent":0,"menu_order":0,"comment_status":"closed","ping_status":"closed","template":"","meta":{"footnotes":""},"profession":[108],"location":[76],"canton":[109],"class_list":["post-440","page","type-page","status-publish","has-post-thumbnail","hentry","profession-agent-de-proprete","location-fetigny","canton-fr"],"yoast_head":"<!-- This site is optimized with the Yoast SEO Premium plugin v25.7.1 (Yoast SEO v27.3) - https:\/\/yoast.com\/product\/yoast-seo-premium-wordpress\/ -->\n<title>Nettoyage pour domicile et bureau \u00e0 F\u00e9tigny - Artisanlocal<\/title>\n<meta name=\"robots\" content=\"index, follow, max-snippet:-1, max-image-preview:large, max-video-preview:-1\" \/>\n<link rel=\"canonical\" href=\"https:\/\/www.artisanlocal.ch\/c\/nettoyage-pour-domicile-et-bureau-a-fetigny\/\" \/>\n<meta property=\"og:locale\" content=\"fr_FR\" \/>\n<meta property=\"og:type\" content=\"article\" \/>\n<meta property=\"og:title\" content=\"Nettoyage pour domicile et bureau \u00e0 F\u00e9tigny\" \/>\n<meta property=\"og:description\" content=\"Nous offrons un nettoyage entier de votre habitat ou de vos locaux \u00e0 F\u00e9tigny. Notre entreprise est constitu\u00e9e d&rsquo;experts qualifi\u00e9s qui s&rsquo;efforcent d&rsquo;apporter \u00e0 notre client\u00e8le des services de la meilleure qualit\u00e9 possible. Pourquoi travailler avec notre soci\u00e9t\u00e9 ? Vous pouvez r\u00e9server un rendez-vous aujourd&rsquo;hui avec notre entreprise. Nos sp\u00e9cialistes en nettoyage sont tous familiaris\u00e9s [&hellip;]\" \/>\n<meta property=\"og:url\" content=\"https:\/\/www.artisanlocal.ch\/c\/nettoyage-pour-domicile-et-bureau-a-fetigny\/\" \/>\n<meta property=\"og:site_name\" content=\"Artisanlocal\" \/>\n<meta property=\"article:modified_time\" content=\"2025-08-26T23:33:20+00:00\" \/>\n<meta property=\"og:image\" content=\"https:\/\/www.artisanlocal.ch\/c\/wp-content\/uploads\/2024\/10\/agent-proprete.jpg\" \/>\n\t<meta property=\"og:image:width\" content=\"1920\" \/>\n\t<meta property=\"og:image:height\" content=\"300\" \/>\n\t<meta property=\"og:image:type\" content=\"image\/jpeg\" \/>\n<meta name=\"twitter:card\" content=\"summary_large_image\" \/>\n<meta name=\"twitter:label1\" content=\"Dur\u00e9e de lecture estim\u00e9e\" \/>\n\t<meta name=\"twitter:data1\" content=\"5 minutes\" \/>\n<script type=\"application\/ld+json\" class=\"yoast-schema-graph\">{\"@context\":\"https:\\\/\\\/schema.org\",\"@graph\":[{\"@type\":\"WebPage\",\"@id\":\"https:\\\/\\\/www.artisanlocal.ch\\\/c\\\/nettoyage-pour-domicile-et-bureau-a-fetigny\\\/\",\"url\":\"https:\\\/\\\/www.artisanlocal.ch\\\/c\\\/nettoyage-pour-domicile-et-bureau-a-fetigny\\\/\",\"name\":\"Nettoyage pour domicile et bureau \u00e0 F\u00e9tigny - Artisanlocal\",\"isPartOf\":{\"@id\":\"https:\\\/\\\/www.artisanlocal.ch\\\/c\\\/#website\"},\"primaryImageOfPage\":{\"@id\":\"https:\\\/\\\/www.artisanlocal.ch\\\/c\\\/nettoyage-pour-domicile-et-bureau-a-fetigny\\\/#primaryimage\"},\"image\":{\"@id\":\"https:\\\/\\\/www.artisanlocal.ch\\\/c\\\/nettoyage-pour-domicile-et-bureau-a-fetigny\\\/#primaryimage\"},\"thumbnailUrl\":\"https:\\\/\\\/www.artisanlocal.ch\\\/c\\\/wp-content\\\/uploads\\\/2024\\\/10\\\/agent-proprete.jpg\",\"datePublished\":\"2024-04-16T16:38:34+00:00\",\"dateModified\":\"2025-08-26T23:33:20+00:00\",\"breadcrumb\":{\"@id\":\"https:\\\/\\\/www.artisanlocal.ch\\\/c\\\/nettoyage-pour-domicile-et-bureau-a-fetigny\\\/#breadcrumb\"},\"inLanguage\":\"fr-FR\",\"potentialAction\":[{\"@type\":\"ReadAction\",\"target\":[\"https:\\\/\\\/www.artisanlocal.ch\\\/c\\\/nettoyage-pour-domicile-et-bureau-a-fetigny\\\/\"]}]},{\"@type\":\"ImageObject\",\"inLanguage\":\"fr-FR\",\"@id\":\"https:\\\/\\\/www.artisanlocal.ch\\\/c\\\/nettoyage-pour-domicile-et-bureau-a-fetigny\\\/#primaryimage\",\"url\":\"https:\\\/\\\/www.artisanlocal.ch\\\/c\\\/wp-content\\\/uploads\\\/2024\\\/10\\\/agent-proprete.jpg\",\"contentUrl\":\"https:\\\/\\\/www.artisanlocal.ch\\\/c\\\/wp-content\\\/uploads\\\/2024\\\/10\\\/agent-proprete.jpg\",\"width\":1920,\"height\":300},{\"@type\":\"BreadcrumbList\",\"@id\":\"https:\\\/\\\/www.artisanlocal.ch\\\/c\\\/nettoyage-pour-domicile-et-bureau-a-fetigny\\\/#breadcrumb\",\"itemListElement\":[{\"@type\":\"ListItem\",\"position\":1,\"name\":\"Accueil\",\"item\":\"https:\\\/\\\/www.artisanlocal.ch\\\/c\\\/\"},{\"@type\":\"ListItem\",\"position\":2,\"name\":\"Nettoyage pour domicile et bureau \u00e0 F\u00e9tigny\"}]},{\"@type\":\"WebSite\",\"@id\":\"https:\\\/\\\/www.artisanlocal.ch\\\/c\\\/#website\",\"url\":\"https:\\\/\\\/www.artisanlocal.ch\\\/c\\\/\",\"name\":\"Artisanlocal\",\"description\":\"\",\"publisher\":{\"@id\":\"https:\\\/\\\/www.artisanlocal.ch\\\/c\\\/#organization\"},\"potentialAction\":[{\"@type\":\"SearchAction\",\"target\":{\"@type\":\"EntryPoint\",\"urlTemplate\":\"https:\\\/\\\/www.artisanlocal.ch\\\/c\\\/?s={search_term_string}\"},\"query-input\":{\"@type\":\"PropertyValueSpecification\",\"valueRequired\":true,\"valueName\":\"search_term_string\"}}],\"inLanguage\":\"fr-FR\"},{\"@type\":\"Organization\",\"@id\":\"https:\\\/\\\/www.artisanlocal.ch\\\/c\\\/#organization\",\"name\":\"Artisanlocal\",\"url\":\"https:\\\/\\\/www.artisanlocal.ch\\\/c\\\/\",\"logo\":{\"@type\":\"ImageObject\",\"inLanguage\":\"fr-FR\",\"@id\":\"https:\\\/\\\/www.artisanlocal.ch\\\/c\\\/#\\\/schema\\\/logo\\\/image\\\/\",\"url\":\"https:\\\/\\\/www.artisanlocal.ch\\\/c\\\/wp-content\\\/uploads\\\/2024\\\/02\\\/logo-artisanlocal-h.svg\",\"contentUrl\":\"https:\\\/\\\/www.artisanlocal.ch\\\/c\\\/wp-content\\\/uploads\\\/2024\\\/02\\\/logo-artisanlocal-h.svg\",\"caption\":\"Artisanlocal\"},\"image\":{\"@id\":\"https:\\\/\\\/www.artisanlocal.ch\\\/c\\\/#\\\/schema\\\/logo\\\/image\\\/\"}}]}<\/script>\n<!-- \/ Yoast SEO Premium plugin. -->","yoast_head_json":{"title":"Nettoyage pour domicile et bureau \u00e0 F\u00e9tigny - Artisanlocal","robots":{"index":"index","follow":"follow","max-snippet":"max-snippet:-1","max-image-preview":"max-image-preview:large","max-video-preview":"max-video-preview:-1"},"canonical":"https:\/\/www.artisanlocal.ch\/c\/nettoyage-pour-domicile-et-bureau-a-fetigny\/","og_locale":"fr_FR","og_type":"article","og_title":"Nettoyage pour domicile et bureau \u00e0 F\u00e9tigny","og_description":"Nous offrons un nettoyage entier de votre habitat ou de vos locaux \u00e0 F\u00e9tigny. Notre entreprise est constitu\u00e9e d&rsquo;experts qualifi\u00e9s qui s&rsquo;efforcent d&rsquo;apporter \u00e0 notre client\u00e8le des services de la meilleure qualit\u00e9 possible. Pourquoi travailler avec notre soci\u00e9t\u00e9 ? Vous pouvez r\u00e9server un rendez-vous aujourd&rsquo;hui avec notre entreprise. Nos sp\u00e9cialistes en nettoyage sont tous familiaris\u00e9s [&hellip;]","og_url":"https:\/\/www.artisanlocal.ch\/c\/nettoyage-pour-domicile-et-bureau-a-fetigny\/","og_site_name":"Artisanlocal","article_modified_time":"2025-08-26T23:33:20+00:00","og_image":[{"width":1920,"height":300,"url":"https:\/\/www.artisanlocal.ch\/c\/wp-content\/uploads\/2024\/10\/agent-proprete.jpg","type":"image\/jpeg"}],"twitter_card":"summary_large_image","twitter_misc":{"Dur\u00e9e de lecture estim\u00e9e":"5 minutes"},"schema":{"@context":"https:\/\/schema.org","@graph":[{"@type":"WebPage","@id":"https:\/\/www.artisanlocal.ch\/c\/nettoyage-pour-domicile-et-bureau-a-fetigny\/","url":"https:\/\/www.artisanlocal.ch\/c\/nettoyage-pour-domicile-et-bureau-a-fetigny\/","name":"Nettoyage pour domicile et bureau \u00e0 F\u00e9tigny - Artisanlocal","isPartOf":{"@id":"https:\/\/www.artisanlocal.ch\/c\/#website"},"primaryImageOfPage":{"@id":"https:\/\/www.artisanlocal.ch\/c\/nettoyage-pour-domicile-et-bureau-a-fetigny\/#primaryimage"},"image":{"@id":"https:\/\/www.artisanlocal.ch\/c\/nettoyage-pour-domicile-et-bureau-a-fetigny\/#primaryimage"},"thumbnailUrl":"https:\/\/www.artisanlocal.ch\/c\/wp-content\/uploads\/2024\/10\/agent-proprete.jpg","datePublished":"2024-04-16T16:38:34+00:00","dateModified":"2025-08-26T23:33:20+00:00","breadcrumb":{"@id":"https:\/\/www.artisanlocal.ch\/c\/nettoyage-pour-domicile-et-bureau-a-fetigny\/#breadcrumb"},"inLanguage":"fr-FR","potentialAction":[{"@type":"ReadAction","target":["https:\/\/www.artisanlocal.ch\/c\/nettoyage-pour-domicile-et-bureau-a-fetigny\/"]}]},{"@type":"ImageObject","inLanguage":"fr-FR","@id":"https:\/\/www.artisanlocal.ch\/c\/nettoyage-pour-domicile-et-bureau-a-fetigny\/#primaryimage","url":"https:\/\/www.artisanlocal.ch\/c\/wp-content\/uploads\/2024\/10\/agent-proprete.jpg","contentUrl":"https:\/\/www.artisanlocal.ch\/c\/wp-content\/uploads\/2024\/10\/agent-proprete.jpg","width":1920,"height":300},{"@type":"BreadcrumbList","@id":"https:\/\/www.artisanlocal.ch\/c\/nettoyage-pour-domicile-et-bureau-a-fetigny\/#breadcrumb","itemListElement":[{"@type":"ListItem","position":1,"name":"Accueil","item":"https:\/\/www.artisanlocal.ch\/c\/"},{"@type":"ListItem","position":2,"name":"Nettoyage pour domicile et bureau \u00e0 F\u00e9tigny"}]},{"@type":"WebSite","@id":"https:\/\/www.artisanlocal.ch\/c\/#website","url":"https:\/\/www.artisanlocal.ch\/c\/","name":"Artisanlocal","description":"","publisher":{"@id":"https:\/\/www.artisanlocal.ch\/c\/#organization"},"potentialAction":[{"@type":"SearchAction","target":{"@type":"EntryPoint","urlTemplate":"https:\/\/www.artisanlocal.ch\/c\/?s={search_term_string}"},"query-input":{"@type":"PropertyValueSpecification","valueRequired":true,"valueName":"search_term_string"}}],"inLanguage":"fr-FR"},{"@type":"Organization","@id":"https:\/\/www.artisanlocal.ch\/c\/#organization","name":"Artisanlocal","url":"https:\/\/www.artisanlocal.ch\/c\/","logo":{"@type":"ImageObject","inLanguage":"fr-FR","@id":"https:\/\/www.artisanlocal.ch\/c\/#\/schema\/logo\/image\/","url":"https:\/\/www.artisanlocal.ch\/c\/wp-content\/uploads\/2024\/02\/logo-artisanlocal-h.svg","contentUrl":"https:\/\/www.artisanlocal.ch\/c\/wp-content\/uploads\/2024\/02\/logo-artisanlocal-h.svg","caption":"Artisanlocal"},"image":{"@id":"https:\/\/www.artisanlocal.ch\/c\/#\/schema\/logo\/image\/"}}]}},"_links":{"self":[{"href":"https:\/\/www.artisanlocal.ch\/c\/wp-json\/wp\/v2\/pages\/440","targetHints":{"allow":["GET"]}}],"collection":[{"href":"https:\/\/www.artisanlocal.ch\/c\/wp-json\/wp\/v2\/pages"}],"about":[{"href":"https:\/\/www.artisanlocal.ch\/c\/wp-json\/wp\/v2\/types\/page"}],"author":[{"embeddable":true,"href":"https:\/\/www.artisanlocal.ch\/c\/wp-json\/wp\/v2\/users\/4"}],"replies":[{"embeddable":true,"href":"https:\/\/www.artisanlocal.ch\/c\/wp-json\/wp\/v2\/comments?post=440"}],"version-history":[{"count":0,"href":"https:\/\/www.artisanlocal.ch\/c\/wp-json\/wp\/v2\/pages\/440\/revisions"}],"wp:featuredmedia":[{"embeddable":true,"href":"https:\/\/www.artisanlocal.ch\/c\/wp-json\/wp\/v2\/media\/2754"}],"wp:attachment":[{"href":"https:\/\/www.artisanlocal.ch\/c\/wp-json\/wp\/v2\/media?parent=440"}],"wp:term":[{"taxonomy":"profession","embeddable":true,"href":"https:\/\/www.artisanlocal.ch\/c\/wp-json\/wp\/v2\/profession?post=440"},{"taxonomy":"location","embeddable":true,"href":"https:\/\/www.artisanlocal.ch\/c\/wp-json\/wp\/v2\/location?post=440"},{"taxonomy":"canton","embeddable":true,"href":"https:\/\/www.artisanlocal.ch\/c\/wp-json\/wp\/v2\/canton?post=440"}],"curies":[{"name":"wp","href":"https:\/\/api.w.org\/{rel}","templated":true}]}}