{"id":441,"date":"2024-04-16T18:38:34","date_gmt":"2024-04-16T16:38:34","guid":{"rendered":"https:\/\/www.artisanlocal.ch\/c\/service-de-nettoyage-pour-domicile-et-local-dentreprise-a-chexbres\/"},"modified":"2025-08-27T01:33:19","modified_gmt":"2025-08-26T23:33:19","slug":"service-de-nettoyage-pour-domicile-et-local-dentreprise-a-chexbres","status":"publish","type":"page","link":"https:\/\/www.artisanlocal.ch\/c\/service-de-nettoyage-pour-domicile-et-local-dentreprise-a-chexbres\/","title":{"rendered":"Service de nettoyage pour domicile et local d&rsquo;entreprise \u00e0 Chexbres"},"content":{"rendered":"<p>Nous sommes une soci\u00e9t\u00e9 \u00e0 Chexbres qui offre un service de nettoyage pour les professionnels et les particuliers. Notre \u00e9quipe d&rsquo;experts qualifi\u00e9s s&rsquo;efforce d&rsquo;apporter des services de qualit\u00e9.<\/p>\n\r\n<div class=\"box\">\r\n            <div class=\"company-info\">\r\n            <img decoding=\"async\" class=\"company-info__logo\" src=\"https:\/\/www.artisanlocal.ch\/media\/cache\/thumb\/images\/companies\/6874d312006b8512916948.png\" alt=\"Logo\">\r\n            <h2 class=\"company-info__name\">Dini Services S\u00e0rl<\/h2>\r\n            <p class=\"company-info__business\">Entreprise de nettoyage - Conciergerie - Entretien d'immeuble - Nettoyage fin de chantier \/ de bail<\/p>\r\n        <\/div>\r\n        <div class=\"company-contact\">\r\n            <p class=\"company-info__address\">Chemin des Saules 9<\/p>\r\n                            <div class=\"links\">\r\n                                            <a class=\"btn has-accent-background-color js-phoneNumber\" href=\"tel:0767001432\" title=\"Appelez\" data-id=\"27181\" data-type=\"11\">076 700 14 32<\/a>\r\n                                                                <a class=\"btn has-accent-background-color\" href=\"https:\/\/dini-services.ch\/\" target=\"_blank\" title=\"Voir le site internet\" data-id=\"27181\" data-type=\"20\">Site internet<\/a>\r\n                                    <\/div>\r\n                    <\/div>\r\n    \r\n            \r\n<form action=\"https:\/\/www.artisanlocal.ch\/c\/wp-admin\/admin-ajax.php\" method=\"post\" class=\"form-contact\" id=\"artisan_form_contact_company_inline\">\r\n    <div><input type=\"hidden\" name=\"action\" value=\"company_contact\"><\/div>\r\n    <div><input type=\"hidden\" name=\"nonce\" value=\"1dbf28e6f0\"><\/div>\r\n    <div><input type=\"hidden\" name=\"company_id\" value=\"27181\"><\/div>\r\n    <div><input type=\"hidden\" name=\"form_id\" value=\"artisan_form_contact_company_inline\"><\/div>\r\n    <div class=\"gglcptch gglcptch_v3 gglcptch_custom\"><input type=\"hidden\" id=\"g-recaptcha-response\" name=\"g-recaptcha-response\" \/><br \/><div class=\"gglcptch_error_text\">La p\u00e9riode de v\u00e9rification reCAPTCHA a expir\u00e9. Veuillez recharger la page.<\/div><\/div>    <div class=\"form-content\">\r\n        <div class=\"form-group\">\r\n            <label for=\"contact_firstName\" class=\"required\">Pr\u00e9nom<\/label>\r\n            <input type=\"text\" name=\"firstName\" class=\"form-control\" required>\r\n        <\/div>\r\n        <div class=\"form-group\">\r\n            <label for=\"contact_lastName\" class=\"required\">Nom<\/label>\r\n            <input type=\"text\" name=\"lastName\" class=\"form-control\" required>\r\n        <\/div>\r\n        <div class=\"form-group\">\r\n            <label for=\"contact_email\" class=\"required\">Email<\/label>\r\n            <input type=\"email\" name=\"email\" class=\"form-control\" required>\r\n        <\/div>\r\n        <div class=\"form-group\">\r\n            <label for=\"contact_phone\" class=\"required\">Num\u00e9ro de t\u00e9l\u00e9phone<\/label>\r\n            <input type=\"tel\" name=\"phone\" class=\"form-control\" placeholder=\"0787117165\" pattern=\"^[0-9]{10}$\" required>\r\n        <\/div>\r\n        <div class=\"form-group\">\r\n            <label for=\"contact_postalCode\" class=\"required\">Code postal et localit\u00e9<\/label>\r\n            <input type=\"text\" name=\"postalCode\" class=\"form-control\" required>\r\n        <\/div>\r\n        <div class=\"form-group\">\r\n            <label for=\"contact_address\" class=\"required\">Adresse<\/label>\r\n            <input type=\"text\" name=\"address\" class=\"form-control\" required>\r\n        <\/div>\r\n        <div class=\"full-width topic\">\r\n            <p class=\"required\">Je souhaite \u00eatre contact\u00e9 pour :<\/p>\r\n            <div class=\"form-check\">\r\n                <input type=\"radio\" name=\"topic\" value=\"D\u00e9pannage\" class=\"form-control\" required>\r\n                <label for=\"d\u00e9pannage\">D\u00e9pannage<\/label>\r\n            <\/div>\r\n            <div class=\"form-check\">\r\n                <input type=\"radio\" name=\"topic\" value=\"Entretien\" class=\"form-control\" required>\r\n                <label for=\"entretien\">Entretien<\/label>\r\n            <\/div>\r\n            <div class=\"form-check\">\r\n                <input type=\"radio\" name=\"topic\" value=\"R\u00e9novation\" class=\"form-control\" required>\r\n                <label for=\"r\u00e9novation\">R\u00e9novation<\/label>\r\n            <\/div>\r\n            <div class=\"form-check\">\r\n                <input type=\"radio\" name=\"topic\" value=\"Autre\" class=\"form-control\" required>\r\n                <label for=\"autre\">Autre<\/label>\r\n            <\/div>\r\n        <\/div>\r\n        <div class=\"form-group full-width\">\r\n            <label for=\"contact_message\">Message<\/label>\r\n            <textarea name=\"message\" rows=\"3\" class=\"form-control\"><\/textarea>\r\n        <\/div>\r\n    <\/div>\r\n    <div class=\"form-actions\">\r\n        <button class=\"wp-block-button__link has-accent-background-color\">Contacter<\/button>\r\n    <\/div>\r\n<\/form>\r\n<div class=\"form-feedback\"><\/div>    <\/div>\n<h2>Pourquoi collaborer avec notre soci\u00e9t\u00e9 ?<\/h2>\n<ul>\n<li>Vous avez la possibilit\u00e9 de r\u00e9server un rendez-vous aujourd&rsquo;hui avec notre soci\u00e9t\u00e9.<\/li>\n<li>Nos sp\u00e9cialistes en nettoyage sont tous familiaris\u00e9s avec les derni\u00e8res techniques.<\/li>\n<li>Le nettoyage est r\u00e9alis\u00e9 avec des produits respectueux de l&rsquo;environnement.<\/li>\n<li>Nos devis sont sans frais.<\/li>\n<\/ul>\n<h2>Services de m\u00e9nage \u00e0 Chexbres<\/h2>\n<p>Nous proposons une large gamme de services de nettoyage sur mesure pour r\u00e9pondre aux besoins de nos clients.<\/p>\n<p>Si vous avez besoin d&rsquo;un nettoyage complet, d&rsquo;un m\u00e9nage occasionnel ou d&rsquo;un service d&rsquo;entretien r\u00e9gulier, nous sommes l\u00e0 pour vous. D\u00e9couvrez nos services les plus souvent r\u00e9alis\u00e9s \u00e0 Chexbres et b\u00e9n\u00e9ficiez :<\/p>\n<ul>\n<li>D&rsquo;un m\u00e9nage apr\u00e8s d\u00e9m\u00e9nagement\/avant emm\u00e9nagement pour les occupants.<\/li>\n<li>D&rsquo;un nettoyage d&rsquo;h\u00e9bergements Airbnb.<\/li>\n<li>D&rsquo;un nettoyage professionnel de bureaux et locaux commerciaux.<\/li>\n<li>D&rsquo;un service de nettoyage apr\u00e8s une r\u00e9novation d&rsquo;int\u00e9rieur.<\/li>\n<\/ul>\n<h2>Quelles sont les solutions de nettoyage d&rsquo;artisanlocal\u202f?<\/h2>\n<ul>\n<li>Services de propret\u00e9 pour les locations courtes,<\/li>\n<li>service de m\u00e9nage et de nettoyage de logements,<\/li>\n<li>entretien et nettoyage des appareils m\u00e9nagers,<\/li>\n<li>nettoyage et entretien du jardin,<\/li>\n<li>services de m\u00e9nage pour les caves,<\/li>\n<li>assainissement des surfaces pour lutter contre les agents pathog\u00e8nes,<\/li>\n<li>service de lavage de la vaisselle,<\/li>\n<li>nettoyage des salles de gym,<\/li>\n<li>entretien des sols,<\/li>\n<li>nettoyage sanitaire en milieu m\u00e9dical,<\/li>\n<li>nettoyage apr\u00e8s un changement de logement,<\/li>\n<li>nettoyage des espaces de coworking,<\/li>\n<li>nettoyage apr\u00e8s une r\u00e9novation,<\/li>\n<li>entretien de salles de bains,<\/li>\n<li>nettoyage de magasins de proximit\u00e9,<\/li>\n<li>nettoyage des \u00e9coles,<\/li>\n<li>lavage de vitres.<\/li>\n<\/ul>\n<h2>Une soci\u00e9t\u00e9 de m\u00e9nage fiable situ\u00e9e en Suisse<\/h2>\n<h3>Nettoyage d&rsquo;appartement \u00e0 Chexbres<\/h3>\n<p>Nous r\u00e9alisons le m\u00e9nage d&rsquo;appartement \u00e0 Chexbres, par exemple, nous pouvons nettoyer l&rsquo;int\u00e9rieur de votre appartement, en amont de la remise des cl\u00e9s en fin de bail.<\/p>\n<p>Il est important de savoir que si le m\u00e9nage de votre int\u00e9rieur n&rsquo;est pas effectu\u00e9 correctement, le bailleur a le pouvoir de faire appel \u00e0 une entreprise de nettoyage et retenir une part de votre d\u00e9p\u00f4t de garantie.<\/p>\n<p>Le m\u00e9nage avant l&rsquo;\u00e9tat des lieux englobe en particulier les services suivants :<\/p>\n<p>&#8211; Le nettoyage des surfaces : les murs, les sols, les parquets, les tapis et les carrelages.<\/p>\n<p>&#8211; Le lavage des vitres et fen\u00eatres.<\/p>\n<p>&#8211; L&rsquo;entretien et le nettoyage de la salle d&rsquo;eau et des WC.<\/p>\n<p>&#8211; Le nettoyage de la cuisine et de la hotte de cuisson.<\/p>\n<p>&#8211; Le service de d\u00e9poussi\u00e9rage des meubles.<\/p>\n<h3>Vous d\u00e9sirez un nettoyage r\u00e9gulier de votre studio?<\/h3>\n<p>Notre entreprise propose des solutions d&rsquo;entretien adapt\u00e9es \u00e0 vos attentes, avec des interventions chaque semaine, bihebdomadaires ou mensuelles.<\/p>\n<h3>Service pour un m\u00e9nage m\u00e9ticuleux de votre maison \u00e0 Chexbres<\/h3>\n<p>Artisanlocal offre des services pour nettoyer en profondeur votre villa ou votre studio, en compl\u00e9ment de notre prestation de nettoyage classique.<\/p>\n<h3>Quels sont les avantages d\u2019un nettoyage en profondeur avec Artisanlocal ?<\/h3>\n<p>Le principal avantage du m\u00e9nage en profondeur est d&rsquo;\u00e9liminer la salet\u00e9, la poussi\u00e8re et la crasse qui se sont accumul\u00e9es progressivement, ce qui am\u00e9liore la qualit\u00e9 de l&rsquo;aire int\u00e9rieure de votre appartement. De plus, un nettoyage approfondi facilite l&rsquo;\u00e9limination des odeurs d\u00e9sagr\u00e9ables.<\/p>\n<h3>M\u00e9nage de locaux professionnels \u00e0 Chexbres<\/h3>\n<p>S&rsquo;adresser \u00e0 Artisanlocal pour le m\u00e9nage de locaux professionnels est la solution la plus efficace. Vous gagnerez du temps et de l&rsquo;\u00e9nergie ! Nous proposons des prestations de m\u00e9nages \u00e0 l&rsquo;ann\u00e9e qui s&rsquo;adaptera \u00e0 vos besoins et \u00e0 votre enveloppe budg\u00e9taire. D\u00e9couvrez nos services d&rsquo;entretien pour les espaces de travail :<\/p>\n<ul>\n<li>Lavage de vos moquettes et des vitres.<\/li>\n<li>Nettoyage de fauteuils, de si\u00e8ges de bureau, de canap\u00e9 en textile ou en cuir brut ou naturel.<\/li>\n<li>Enl\u00e8vement des poubelles.<\/li>\n<li>D\u00e9poussi\u00e9rage de tous les ameublements et zones de travail.<\/li>\n<li>Lavement des surfaces au sol et utilisation de l&rsquo;aspirateur.<\/li>\n<\/ul>\n<h3>Service de m\u00e9nage de maison \u00e0 Chexbres<\/h3>\n<p>Pour que votre propri\u00e9t\u00e9 soit tout le temps aussi propre, un nettoyage fr\u00e9quent exige d&rsquo;\u00eatre inclus dans vos habitudes. Malheureusement, un calendrier charg\u00e9 peut rendre cette mission difficile, voire impossible, d\u00e9l\u00e9guez \u00e0 notre entreprise le m\u00e9nage de votre maison.<\/p>\n<h2>Pourquoi faire appel \u00e0 une entreprise de m\u00e9nage des habitations \u00e0 Chexbres ?<\/h2>\n<p>Si vous vivez \u00e0 Chexbres vous avez peut-\u00eatre du mal \u00e0 garder votre habitat propre et bien entretenu. Nos prestations de service sont adapt\u00e9es aux habitants de Chexbres. Avec notre entreprise, vous avez la possibilit\u00e9 de :<\/p>\n<h3>Mieux g\u00e9rer votre espace<\/h3>\n<p>Si votre appartement est d\u00e9sorganis\u00e9, il est compliqu\u00e9 de se sentir bien dans son logement. Artisanlocal propose des services professionnels de nettoyage pour votre r\u00e9sidence afin de mieux ranger votre espace, ce qui vous permet, de :<\/p>\n<h3>Cr\u00e9er une ambiance plus accueillante<\/h3>\n<p>En effet, une maison bien organis\u00e9e permet \u00e0 vos invit\u00e9s de vous sentir plus \u00e0 l&rsquo;aise.<\/p>\n<h3>Vivre en bonne forme et heureux<\/h3>\n<p>La concentration de poussi\u00e8re et de salet\u00e9 dans votre r\u00e9sidence peut engendrer des dangers pour votre \u00e9tat de sant\u00e9, et provoquer des r\u00e9actions allergiques ou aggraver celles qui sont d\u00e9j\u00e0 pr\u00e9sentes. En faisant appel \u00e0 une entreprise de nettoyage, vous diminuez les allerg\u00e8nes.<\/p>\n<h3>Optimiser la disposition g\u00e9n\u00e9rale de votre habitation<\/h3>\n<p>Il est habituel que l&rsquo;espace int\u00e9rieur des propri\u00e9t\u00e9s soit mal rang\u00e9, ce qui peut rendre difficile la vie de tous les jours. Nos prestations peuvent s&rsquo;av\u00e9rer utiles pour pr\u00e9server votre maison bien ordonn\u00e9e. Par ailleurs, nous pouvons aussi intervenir \u00e0 : Puidoux, Rivaz, St-Saphorin (Lavaux), Aran, Chenaux, Grandvaux, Cully, Villette (Lavaux), Riex, Epesses, Vevey, Le Mont-P\u00e8lerin, Corseaux, Chardonne, Corsier-sur-Vevey, Jongny, St-L\u00e9gier-La Chi\u00e9saz, Blonay, Les Monts-de-Corsier, Fenil-sur-Corsier, La Tour-de-Peilz, Clarens, Chailly-Montreux, Brent, Montreux, Territet, Veytaux, Chernex, Glion, Caux, Chamby, Villard-sur-Chamby, Les Avants.<\/p>\n","protected":false},"excerpt":{"rendered":"<p>Nous sommes une soci\u00e9t\u00e9 \u00e0 Chexbres qui offre un service de nettoyage pour les professionnels et les particuliers. Notre \u00e9quipe d&rsquo;experts qualifi\u00e9s s&rsquo;efforce d&rsquo;apporter des services de qualit\u00e9. Pourquoi collaborer avec notre soci\u00e9t\u00e9 ? Vous avez la possibilit\u00e9 de r\u00e9server un rendez-vous aujourd&rsquo;hui avec notre soci\u00e9t\u00e9. Nos sp\u00e9cialistes en nettoyage sont tous familiaris\u00e9s avec les [&hellip;]<\/p>\n","protected":false},"author":4,"featured_media":2754,"parent":0,"menu_order":0,"comment_status":"closed","ping_status":"closed","template":"","meta":{"footnotes":""},"profession":[108],"location":[38],"canton":[113],"class_list":["post-441","page","type-page","status-publish","has-post-thumbnail","hentry","profession-agent-de-proprete","location-chexbres","canton-vd"],"yoast_head":"<!-- This site is optimized with the Yoast SEO Premium plugin v25.7.1 (Yoast SEO v27.3) - https:\/\/yoast.com\/product\/yoast-seo-premium-wordpress\/ -->\n<title>Service de nettoyage pour domicile et local d&#039;entreprise \u00e0 Chexbres - Artisanlocal<\/title>\n<meta name=\"robots\" content=\"index, follow, max-snippet:-1, max-image-preview:large, max-video-preview:-1\" \/>\n<link rel=\"canonical\" href=\"https:\/\/www.artisanlocal.ch\/c\/service-de-nettoyage-pour-domicile-et-local-dentreprise-a-chexbres\/\" \/>\n<meta property=\"og:locale\" content=\"fr_FR\" \/>\n<meta property=\"og:type\" content=\"article\" \/>\n<meta property=\"og:title\" content=\"Service de nettoyage pour domicile et local d&#039;entreprise \u00e0 Chexbres\" \/>\n<meta property=\"og:description\" content=\"Nous sommes une soci\u00e9t\u00e9 \u00e0 Chexbres qui offre un service de nettoyage pour les professionnels et les particuliers. Notre \u00e9quipe d&rsquo;experts qualifi\u00e9s s&rsquo;efforce d&rsquo;apporter des services de qualit\u00e9. Pourquoi collaborer avec notre soci\u00e9t\u00e9 ? Vous avez la possibilit\u00e9 de r\u00e9server un rendez-vous aujourd&rsquo;hui avec notre soci\u00e9t\u00e9. Nos sp\u00e9cialistes en nettoyage sont tous familiaris\u00e9s avec les [&hellip;]\" \/>\n<meta property=\"og:url\" content=\"https:\/\/www.artisanlocal.ch\/c\/service-de-nettoyage-pour-domicile-et-local-dentreprise-a-chexbres\/\" \/>\n<meta property=\"og:site_name\" content=\"Artisanlocal\" \/>\n<meta property=\"article:modified_time\" content=\"2025-08-26T23:33:19+00:00\" \/>\n<meta property=\"og:image\" content=\"https:\/\/www.artisanlocal.ch\/c\/wp-content\/uploads\/2024\/10\/agent-proprete.jpg\" \/>\n\t<meta property=\"og:image:width\" content=\"1920\" \/>\n\t<meta property=\"og:image:height\" content=\"300\" \/>\n\t<meta property=\"og:image:type\" content=\"image\/jpeg\" \/>\n<meta name=\"twitter:card\" content=\"summary_large_image\" \/>\n<meta name=\"twitter:label1\" content=\"Dur\u00e9e de lecture estim\u00e9e\" \/>\n\t<meta name=\"twitter:data1\" content=\"5 minutes\" \/>\n<script type=\"application\/ld+json\" class=\"yoast-schema-graph\">{\"@context\":\"https:\\\/\\\/schema.org\",\"@graph\":[{\"@type\":\"WebPage\",\"@id\":\"https:\\\/\\\/www.artisanlocal.ch\\\/c\\\/service-de-nettoyage-pour-domicile-et-local-dentreprise-a-chexbres\\\/\",\"url\":\"https:\\\/\\\/www.artisanlocal.ch\\\/c\\\/service-de-nettoyage-pour-domicile-et-local-dentreprise-a-chexbres\\\/\",\"name\":\"Service de nettoyage pour domicile et local d'entreprise \u00e0 Chexbres - Artisanlocal\",\"isPartOf\":{\"@id\":\"https:\\\/\\\/www.artisanlocal.ch\\\/c\\\/#website\"},\"primaryImageOfPage\":{\"@id\":\"https:\\\/\\\/www.artisanlocal.ch\\\/c\\\/service-de-nettoyage-pour-domicile-et-local-dentreprise-a-chexbres\\\/#primaryimage\"},\"image\":{\"@id\":\"https:\\\/\\\/www.artisanlocal.ch\\\/c\\\/service-de-nettoyage-pour-domicile-et-local-dentreprise-a-chexbres\\\/#primaryimage\"},\"thumbnailUrl\":\"https:\\\/\\\/www.artisanlocal.ch\\\/c\\\/wp-content\\\/uploads\\\/2024\\\/10\\\/agent-proprete.jpg\",\"datePublished\":\"2024-04-16T16:38:34+00:00\",\"dateModified\":\"2025-08-26T23:33:19+00:00\",\"breadcrumb\":{\"@id\":\"https:\\\/\\\/www.artisanlocal.ch\\\/c\\\/service-de-nettoyage-pour-domicile-et-local-dentreprise-a-chexbres\\\/#breadcrumb\"},\"inLanguage\":\"fr-FR\",\"potentialAction\":[{\"@type\":\"ReadAction\",\"target\":[\"https:\\\/\\\/www.artisanlocal.ch\\\/c\\\/service-de-nettoyage-pour-domicile-et-local-dentreprise-a-chexbres\\\/\"]}]},{\"@type\":\"ImageObject\",\"inLanguage\":\"fr-FR\",\"@id\":\"https:\\\/\\\/www.artisanlocal.ch\\\/c\\\/service-de-nettoyage-pour-domicile-et-local-dentreprise-a-chexbres\\\/#primaryimage\",\"url\":\"https:\\\/\\\/www.artisanlocal.ch\\\/c\\\/wp-content\\\/uploads\\\/2024\\\/10\\\/agent-proprete.jpg\",\"contentUrl\":\"https:\\\/\\\/www.artisanlocal.ch\\\/c\\\/wp-content\\\/uploads\\\/2024\\\/10\\\/agent-proprete.jpg\",\"width\":1920,\"height\":300},{\"@type\":\"BreadcrumbList\",\"@id\":\"https:\\\/\\\/www.artisanlocal.ch\\\/c\\\/service-de-nettoyage-pour-domicile-et-local-dentreprise-a-chexbres\\\/#breadcrumb\",\"itemListElement\":[{\"@type\":\"ListItem\",\"position\":1,\"name\":\"Accueil\",\"item\":\"https:\\\/\\\/www.artisanlocal.ch\\\/c\\\/\"},{\"@type\":\"ListItem\",\"position\":2,\"name\":\"Service de nettoyage pour domicile et local d&rsquo;entreprise \u00e0 Chexbres\"}]},{\"@type\":\"WebSite\",\"@id\":\"https:\\\/\\\/www.artisanlocal.ch\\\/c\\\/#website\",\"url\":\"https:\\\/\\\/www.artisanlocal.ch\\\/c\\\/\",\"name\":\"Artisanlocal\",\"description\":\"\",\"publisher\":{\"@id\":\"https:\\\/\\\/www.artisanlocal.ch\\\/c\\\/#organization\"},\"potentialAction\":[{\"@type\":\"SearchAction\",\"target\":{\"@type\":\"EntryPoint\",\"urlTemplate\":\"https:\\\/\\\/www.artisanlocal.ch\\\/c\\\/?s={search_term_string}\"},\"query-input\":{\"@type\":\"PropertyValueSpecification\",\"valueRequired\":true,\"valueName\":\"search_term_string\"}}],\"inLanguage\":\"fr-FR\"},{\"@type\":\"Organization\",\"@id\":\"https:\\\/\\\/www.artisanlocal.ch\\\/c\\\/#organization\",\"name\":\"Artisanlocal\",\"url\":\"https:\\\/\\\/www.artisanlocal.ch\\\/c\\\/\",\"logo\":{\"@type\":\"ImageObject\",\"inLanguage\":\"fr-FR\",\"@id\":\"https:\\\/\\\/www.artisanlocal.ch\\\/c\\\/#\\\/schema\\\/logo\\\/image\\\/\",\"url\":\"https:\\\/\\\/www.artisanlocal.ch\\\/c\\\/wp-content\\\/uploads\\\/2024\\\/02\\\/logo-artisanlocal-h.svg\",\"contentUrl\":\"https:\\\/\\\/www.artisanlocal.ch\\\/c\\\/wp-content\\\/uploads\\\/2024\\\/02\\\/logo-artisanlocal-h.svg\",\"caption\":\"Artisanlocal\"},\"image\":{\"@id\":\"https:\\\/\\\/www.artisanlocal.ch\\\/c\\\/#\\\/schema\\\/logo\\\/image\\\/\"}}]}<\/script>\n<!-- \/ Yoast SEO Premium plugin. -->","yoast_head_json":{"title":"Service de nettoyage pour domicile et local d'entreprise \u00e0 Chexbres - Artisanlocal","robots":{"index":"index","follow":"follow","max-snippet":"max-snippet:-1","max-image-preview":"max-image-preview:large","max-video-preview":"max-video-preview:-1"},"canonical":"https:\/\/www.artisanlocal.ch\/c\/service-de-nettoyage-pour-domicile-et-local-dentreprise-a-chexbres\/","og_locale":"fr_FR","og_type":"article","og_title":"Service de nettoyage pour domicile et local d'entreprise \u00e0 Chexbres","og_description":"Nous sommes une soci\u00e9t\u00e9 \u00e0 Chexbres qui offre un service de nettoyage pour les professionnels et les particuliers. Notre \u00e9quipe d&rsquo;experts qualifi\u00e9s s&rsquo;efforce d&rsquo;apporter des services de qualit\u00e9. Pourquoi collaborer avec notre soci\u00e9t\u00e9 ? Vous avez la possibilit\u00e9 de r\u00e9server un rendez-vous aujourd&rsquo;hui avec notre soci\u00e9t\u00e9. Nos sp\u00e9cialistes en nettoyage sont tous familiaris\u00e9s avec les [&hellip;]","og_url":"https:\/\/www.artisanlocal.ch\/c\/service-de-nettoyage-pour-domicile-et-local-dentreprise-a-chexbres\/","og_site_name":"Artisanlocal","article_modified_time":"2025-08-26T23:33:19+00:00","og_image":[{"width":1920,"height":300,"url":"https:\/\/www.artisanlocal.ch\/c\/wp-content\/uploads\/2024\/10\/agent-proprete.jpg","type":"image\/jpeg"}],"twitter_card":"summary_large_image","twitter_misc":{"Dur\u00e9e de lecture estim\u00e9e":"5 minutes"},"schema":{"@context":"https:\/\/schema.org","@graph":[{"@type":"WebPage","@id":"https:\/\/www.artisanlocal.ch\/c\/service-de-nettoyage-pour-domicile-et-local-dentreprise-a-chexbres\/","url":"https:\/\/www.artisanlocal.ch\/c\/service-de-nettoyage-pour-domicile-et-local-dentreprise-a-chexbres\/","name":"Service de nettoyage pour domicile et local d'entreprise \u00e0 Chexbres - Artisanlocal","isPartOf":{"@id":"https:\/\/www.artisanlocal.ch\/c\/#website"},"primaryImageOfPage":{"@id":"https:\/\/www.artisanlocal.ch\/c\/service-de-nettoyage-pour-domicile-et-local-dentreprise-a-chexbres\/#primaryimage"},"image":{"@id":"https:\/\/www.artisanlocal.ch\/c\/service-de-nettoyage-pour-domicile-et-local-dentreprise-a-chexbres\/#primaryimage"},"thumbnailUrl":"https:\/\/www.artisanlocal.ch\/c\/wp-content\/uploads\/2024\/10\/agent-proprete.jpg","datePublished":"2024-04-16T16:38:34+00:00","dateModified":"2025-08-26T23:33:19+00:00","breadcrumb":{"@id":"https:\/\/www.artisanlocal.ch\/c\/service-de-nettoyage-pour-domicile-et-local-dentreprise-a-chexbres\/#breadcrumb"},"inLanguage":"fr-FR","potentialAction":[{"@type":"ReadAction","target":["https:\/\/www.artisanlocal.ch\/c\/service-de-nettoyage-pour-domicile-et-local-dentreprise-a-chexbres\/"]}]},{"@type":"ImageObject","inLanguage":"fr-FR","@id":"https:\/\/www.artisanlocal.ch\/c\/service-de-nettoyage-pour-domicile-et-local-dentreprise-a-chexbres\/#primaryimage","url":"https:\/\/www.artisanlocal.ch\/c\/wp-content\/uploads\/2024\/10\/agent-proprete.jpg","contentUrl":"https:\/\/www.artisanlocal.ch\/c\/wp-content\/uploads\/2024\/10\/agent-proprete.jpg","width":1920,"height":300},{"@type":"BreadcrumbList","@id":"https:\/\/www.artisanlocal.ch\/c\/service-de-nettoyage-pour-domicile-et-local-dentreprise-a-chexbres\/#breadcrumb","itemListElement":[{"@type":"ListItem","position":1,"name":"Accueil","item":"https:\/\/www.artisanlocal.ch\/c\/"},{"@type":"ListItem","position":2,"name":"Service de nettoyage pour domicile et local d&rsquo;entreprise \u00e0 Chexbres"}]},{"@type":"WebSite","@id":"https:\/\/www.artisanlocal.ch\/c\/#website","url":"https:\/\/www.artisanlocal.ch\/c\/","name":"Artisanlocal","description":"","publisher":{"@id":"https:\/\/www.artisanlocal.ch\/c\/#organization"},"potentialAction":[{"@type":"SearchAction","target":{"@type":"EntryPoint","urlTemplate":"https:\/\/www.artisanlocal.ch\/c\/?s={search_term_string}"},"query-input":{"@type":"PropertyValueSpecification","valueRequired":true,"valueName":"search_term_string"}}],"inLanguage":"fr-FR"},{"@type":"Organization","@id":"https:\/\/www.artisanlocal.ch\/c\/#organization","name":"Artisanlocal","url":"https:\/\/www.artisanlocal.ch\/c\/","logo":{"@type":"ImageObject","inLanguage":"fr-FR","@id":"https:\/\/www.artisanlocal.ch\/c\/#\/schema\/logo\/image\/","url":"https:\/\/www.artisanlocal.ch\/c\/wp-content\/uploads\/2024\/02\/logo-artisanlocal-h.svg","contentUrl":"https:\/\/www.artisanlocal.ch\/c\/wp-content\/uploads\/2024\/02\/logo-artisanlocal-h.svg","caption":"Artisanlocal"},"image":{"@id":"https:\/\/www.artisanlocal.ch\/c\/#\/schema\/logo\/image\/"}}]}},"_links":{"self":[{"href":"https:\/\/www.artisanlocal.ch\/c\/wp-json\/wp\/v2\/pages\/441","targetHints":{"allow":["GET"]}}],"collection":[{"href":"https:\/\/www.artisanlocal.ch\/c\/wp-json\/wp\/v2\/pages"}],"about":[{"href":"https:\/\/www.artisanlocal.ch\/c\/wp-json\/wp\/v2\/types\/page"}],"author":[{"embeddable":true,"href":"https:\/\/www.artisanlocal.ch\/c\/wp-json\/wp\/v2\/users\/4"}],"replies":[{"embeddable":true,"href":"https:\/\/www.artisanlocal.ch\/c\/wp-json\/wp\/v2\/comments?post=441"}],"version-history":[{"count":0,"href":"https:\/\/www.artisanlocal.ch\/c\/wp-json\/wp\/v2\/pages\/441\/revisions"}],"wp:featuredmedia":[{"embeddable":true,"href":"https:\/\/www.artisanlocal.ch\/c\/wp-json\/wp\/v2\/media\/2754"}],"wp:attachment":[{"href":"https:\/\/www.artisanlocal.ch\/c\/wp-json\/wp\/v2\/media?parent=441"}],"wp:term":[{"taxonomy":"profession","embeddable":true,"href":"https:\/\/www.artisanlocal.ch\/c\/wp-json\/wp\/v2\/profession?post=441"},{"taxonomy":"location","embeddable":true,"href":"https:\/\/www.artisanlocal.ch\/c\/wp-json\/wp\/v2\/location?post=441"},{"taxonomy":"canton","embeddable":true,"href":"https:\/\/www.artisanlocal.ch\/c\/wp-json\/wp\/v2\/canton?post=441"}],"curies":[{"name":"wp","href":"https:\/\/api.w.org\/{rel}","templated":true}]}}