{"id":442,"date":"2024-04-16T18:38:34","date_gmt":"2024-04-16T16:38:34","guid":{"rendered":"https:\/\/www.artisanlocal.ch\/c\/nettoyage-pour-domicile-et-bureau-dentreprise-a-saxon\/"},"modified":"2025-11-07T12:58:19","modified_gmt":"2025-11-07T11:58:19","slug":"nettoyage-pour-domicile-et-bureau-dentreprise-a-saxon","status":"publish","type":"page","link":"https:\/\/www.artisanlocal.ch\/c\/nettoyage-pour-domicile-et-bureau-dentreprise-a-saxon\/","title":{"rendered":"Entreprise de nettoyage \u00e0 Saxon"},"content":{"rendered":"<p>Besoin d&rsquo;une entreprise de nettoyage \u00e0 Saxon ? Artisanlocal est une entreprise de nettoyer pour les particuliers et professionnels \u00e0 Saxon et dans les villes proches.<\/p>\n\r\n<div class=\"box\">\r\n            <div class=\"company-info\">\r\n            <img decoding=\"async\" class=\"company-info__logo\" src=\"https:\/\/www.artisanlocal.ch\/media\/cache\/thumb\/images\/companies\/6909ec6fcdbf6840312531.png\" alt=\"Logo\">\r\n            <h2 class=\"company-info__name\">Fournier nettoyage<\/h2>\r\n            <p class=\"company-info__business\">Entreprise de nettoyage - Fin de bail - Apr\u00e8s travaux - De printemps - R\u00e9gulier<\/p>\r\n        <\/div>\r\n        <div class=\"company-contact\">\r\n            <p class=\"company-info__address\">Rue des Caves 8<\/p>\r\n                            <div class=\"links\">\r\n                                            <a class=\"btn has-accent-background-color js-phoneNumber\" href=\"tel:0796485901\" title=\"Appelez\" data-id=\"38829\" data-type=\"11\">079 648 59 01<\/a>\r\n                                                                <a class=\"btn has-accent-background-color\" href=\"https:\/\/www.fourniernettoyage.ch\/\" target=\"_blank\" title=\"Voir le site internet\" data-id=\"38829\" data-type=\"20\">Site internet<\/a>\r\n                                    <\/div>\r\n                    <\/div>\r\n    \r\n            \r\n<form action=\"https:\/\/www.artisanlocal.ch\/c\/wp-admin\/admin-ajax.php\" method=\"post\" class=\"form-contact\" id=\"artisan_form_contact_company_inline\">\r\n    <div><input type=\"hidden\" name=\"action\" value=\"company_contact\"><\/div>\r\n    <div><input type=\"hidden\" name=\"nonce\" value=\"086cf01f96\"><\/div>\r\n    <div><input type=\"hidden\" name=\"company_id\" value=\"38829\"><\/div>\r\n    <div><input type=\"hidden\" name=\"form_id\" value=\"artisan_form_contact_company_inline\"><\/div>\r\n    <div class=\"gglcptch gglcptch_v3 gglcptch_custom\"><input type=\"hidden\" id=\"g-recaptcha-response\" name=\"g-recaptcha-response\" \/><br \/><div class=\"gglcptch_error_text\">La p\u00e9riode de v\u00e9rification reCAPTCHA a expir\u00e9. Veuillez recharger la page.<\/div><\/div>    <div class=\"form-content\">\r\n        <div class=\"form-group\">\r\n            <label for=\"contact_firstName\" class=\"required\">Pr\u00e9nom<\/label>\r\n            <input type=\"text\" name=\"firstName\" class=\"form-control\" required>\r\n        <\/div>\r\n        <div class=\"form-group\">\r\n            <label for=\"contact_lastName\" class=\"required\">Nom<\/label>\r\n            <input type=\"text\" name=\"lastName\" class=\"form-control\" required>\r\n        <\/div>\r\n        <div class=\"form-group\">\r\n            <label for=\"contact_email\" class=\"required\">Email<\/label>\r\n            <input type=\"email\" name=\"email\" class=\"form-control\" required>\r\n        <\/div>\r\n        <div class=\"form-group\">\r\n            <label for=\"contact_phone\" class=\"required\">Num\u00e9ro de t\u00e9l\u00e9phone<\/label>\r\n            <input type=\"tel\" name=\"phone\" class=\"form-control\" placeholder=\"0787117165\" pattern=\"^[0-9]{10}$\" required>\r\n        <\/div>\r\n        <div class=\"form-group\">\r\n            <label for=\"contact_postalCode\" class=\"required\">Code postal et localit\u00e9<\/label>\r\n            <input type=\"text\" name=\"postalCode\" class=\"form-control\" required>\r\n        <\/div>\r\n        <div class=\"form-group\">\r\n            <label for=\"contact_address\" class=\"required\">Adresse<\/label>\r\n            <input type=\"text\" name=\"address\" class=\"form-control\" required>\r\n        <\/div>\r\n        <div class=\"full-width topic\">\r\n            <p class=\"required\">Je souhaite \u00eatre contact\u00e9 pour :<\/p>\r\n            <div class=\"form-check\">\r\n                <input type=\"radio\" name=\"topic\" value=\"D\u00e9pannage\" class=\"form-control\" required>\r\n                <label for=\"d\u00e9pannage\">D\u00e9pannage<\/label>\r\n            <\/div>\r\n            <div class=\"form-check\">\r\n                <input type=\"radio\" name=\"topic\" value=\"Entretien\" class=\"form-control\" required>\r\n                <label for=\"entretien\">Entretien<\/label>\r\n            <\/div>\r\n            <div class=\"form-check\">\r\n                <input type=\"radio\" name=\"topic\" value=\"R\u00e9novation\" class=\"form-control\" required>\r\n                <label for=\"r\u00e9novation\">R\u00e9novation<\/label>\r\n            <\/div>\r\n            <div class=\"form-check\">\r\n                <input type=\"radio\" name=\"topic\" value=\"Autre\" class=\"form-control\" required>\r\n                <label for=\"autre\">Autre<\/label>\r\n            <\/div>\r\n        <\/div>\r\n        <div class=\"form-group full-width\">\r\n            <label for=\"contact_message\">Message<\/label>\r\n            <textarea name=\"message\" rows=\"3\" class=\"form-control\"><\/textarea>\r\n        <\/div>\r\n    <\/div>\r\n    <div class=\"form-actions\">\r\n        <button class=\"wp-block-button__link has-accent-background-color\">Contacter<\/button>\r\n    <\/div>\r\n<\/form>\r\n<div class=\"form-feedback\"><\/div>    <\/div>\n<h2>Pourquoi travailler avec notre entreprise ?<\/h2>\n<ul>\n<li>Des techniciens form\u00e9s aux derni\u00e8res m\u00e9thodes et techniques.<\/li>\n<li>Nettoyage r\u00e9alis\u00e9 avec des produits respectueux de l&rsquo;environnement.<\/li>\n<li>Des devis gratuits et d\u00e9taill\u00e9s.<\/li>\n<li>Entreprise locale pour intervenir rapidement.<\/li>\n<\/ul>\n<h2>Services de m\u00e9nage \u00e0 Saxon<\/h2>\n<ul>\n<li>M\u00e9nage avant d\u00e9m\u00e9nagement.<\/li>\n<li>Nettoyage pour propri\u00e9taires Airbnb.<\/li>\n<li>Nettoyage de bureaux et locaux commerciaux.<\/li>\n<li>Nettoyage apr\u00e8s une r\u00e9novation de logement.<\/li>\n<li>Nettoyage et de m\u00e9nage de studios, lofts, maisons et appartement.<\/li>\n<li>Entretien de vos appareils m\u00e9nagers.<\/li>\n<li>Nettoyage de terrasse et caves.<\/li>\n<li>D\u00e9sinfection des surfaces pour lutter contre les pathog\u00e8nes.<\/li>\n<li>Nettoyage de la vaisselle,<\/li>\n<li>Nettoyage des salles de sports.<\/li>\n<li>Entretien des sols.<\/li>\n<li>Nettoyage en milieu m\u00e9dical.<\/li>\n<li>Nettoyage des espaces de coworking.<\/li>\n<li>Nettoyage de salles de bains.<\/li>\n<li>Nettoyage des locaux, commerces et bureaux.<\/li>\n<li>Nettoyage des \u00e9tablissements scolaires.<\/li>\n<li>Lavage de vitres.<\/li>\n<\/ul>\n<h2>Soci\u00e9t\u00e9 de propret\u00e9 fiable situ\u00e9e \u00e0 Saxon<\/h2>\n<p>G\u00e9n\u00e9ralement, nous intervenons pour r\u00e9aliser le m\u00e9nage des appartements \u00e0 Saxon avant la remise des cl\u00e9s en fin de bail.<\/p>\n<p>Il faut comprendre que si le m\u00e9nage de l&rsquo;appartement n&rsquo;est pas r\u00e9alis\u00e9 de fa\u00e7on convenable, le bailleur est autoris\u00e9 \u00e0 faire appel \u00e0 une soci\u00e9t\u00e9 priv\u00e9e de m\u00e9nage et garder une partie de votre d\u00e9p\u00f4t de garantie.<\/p>\n<p>Ce nettoyage avant l&rsquo;\u00e9tat des lieux comprend les prestations suivantes :<\/p>\n<ul>\n<li>L&rsquo;entretien et le nettoyage des surfaces : les sols, les murs, les parquets, les moquettes et les carrelages.<\/li>\n<li>Le lavage des vitres et fen\u00eatres.<\/li>\n<li>Le nettoyage de la salle de bains et des toilettes.<\/li>\n<li>Le service de nettoyage de la cuisine et de la h\u00f4te de cuisine.<\/li>\n<li>Le d\u00e9poussi\u00e9rage des meubles.<\/li>\n<\/ul>\n<h3>Vous d\u00e9sirez un nettoyage r\u00e9gulier de votre appartement\u202f?<\/h3>\n<p>Notre entreprise propose des services de nettoyage personnalis\u00e9, adapt\u00e9s \u00e0 vos besoins, avec des interventions chaque semaine, toutes les deux semaines ou chaque mois.<\/p>\n<h3>Service de nettoyage en profondeur \u00e0 Saxon<\/h3>\n<p>Artisanlocal offre des services pour nettoyer en profondeur votre propri\u00e9t\u00e9 ou votre appartement, en compl\u00e9ment de notre prestation de nettoyage classique.<\/p>\n<p><strong>Quels sont les avantages d\u2019un nettoyage en profondeur avec Artisanlocal ?<\/strong><\/p>\n<p>L&rsquo;avantage du m\u00e9nage en profondeur est de supprimer la salet\u00e9, la poussi\u00e8re et la crasse qui se sont empil\u00e9es au fil du temps, ce qui am\u00e9liore la qualit\u00e9 de l&rsquo;aire int\u00e9rieure de votre logement. De plus, un nettoyage en profondeur permet aussi d&rsquo;\u00e9liminer efficacement les odeurs d\u00e9sagr\u00e9ables.<\/p>\n<h3>Service de nettoyage de bureaux \u00e0 Saxon<\/h3>\n<p>Nous proposons des prestations de nettoyage pour les bureaux, comme :<\/p>\n<ul>\n<li>L&rsquo;entretien de moquettes et nettoyage des surfaces vitr\u00e9es de vos locaux professionnels.<\/li>\n<li>L&rsquo;entretien du mobilier de bureau en cuir ou tissu (des canap\u00e9s, des bureaux et des si\u00e8ges).<\/li>\n<li>La gestion de vos poubelles.<\/li>\n<li>L&rsquo;\u00e9limination des poussi\u00e8res.<\/li>\n<li>Le passage de l&rsquo;aspirateur et le nettoyage des sols.<\/li>\n<\/ul>\n<h2>Pourquoi choisir Artisanlocal \u00e0 Saxon ?<\/h2>\n<p>Si vous habitez \u00e0 Saxon, vous pouvez rencontrer des difficult\u00e9s \u00e0 garder votre int\u00e9rieur propre et bien rang\u00e9. Notre gamme de services vous aidera \u00e0 garder votre r\u00e9sidence dans un \u00e9tat irr\u00e9prochable. En ayant recours \u00e0 notre entreprise, vous serez en mesure de :<\/p>\n<h3>Mieux organiser l&rsquo;int\u00e9rieur de votre r\u00e9sidence<\/h3>\n<p>Un habitat mal organis\u00e9 peut \u00eatre une cause de probl\u00e8mes (perte de temps ou disputes avec son conjoint). Artisanlocal propose des services de nettoyage d&rsquo;int\u00e9rieur pour les studios et les maisons. Afin de :<\/p>\n<h3>Cr\u00e9er un milieu plus accueillant<\/h3>\n<p>Effectivement, une propri\u00e9t\u00e9 bien rang\u00e9e vous aidera ainsi que vos invit\u00e9s \u00e0 vous sentir plus \u00e0 l&rsquo;aise.<\/p>\n<h3>Vivre en bonne sant\u00e9<\/h3>\n<p>La concentration de poussi\u00e8re et de salet\u00e9 peut engendrer des dangers pour votre \u00e9tat de sant\u00e9, et causer des allergies ou aggraver celles qui existent d\u00e9j\u00e0. En faisant appel \u00e0 une soci\u00e9t\u00e9 de m\u00e9nage, vous limitez les allerg\u00e8nes dans l&rsquo;air.<\/p>\n<h3>Intervention \u00e0 Saxon et dans les villes aux alentours<\/h3>\n<p>Nos techniciens interviennent \u00e0 Saxon et dans les villes proches, telles que : Charrat, Riddes, Dugny (Leytron), Leytron, Montagnon (Leytron), Produit (Leytron), Saillon, Is\u00e9rables, Auddes-sur-Riddes, La Tzoumaz, Martigny, Martigny-Croix, Fully, Chemin, Ravoire, Trient, Bovernier, Les Valettes (Bovernier), Chamoille (Sembrancher), La Garde (Sembrancher), Sembrancher, Vens (Sembrancher), Bruson, Le Ch\u00e2ble VS, Verbier, Orsi\u00e8res, Champex-Lac, Cries (Voll\u00e8ges), Voll\u00e8ges, Levron, Praz-de-Fort, La Fouly VS, Chandonne (Liddes), Chez Petit (Liddes), Dranse (Liddes), Fontaine Dessous (Liddes), Fontaine Dessus (Liddes), Fornex (Liddes), Les Moulins VS (Liddes), Liddes, Palasuit (Liddes), Petit Vich\u00e8res (Liddes), Rive Haute (Liddes), Vich\u00e8res (Liddes), Bourg-St-Pierre, Champsec, Verseg\u00e8res, Fionnay, Lourtier, Sarreyer, Mayens-de-Chamoson, Ovronnaz.<\/p>\n","protected":false},"excerpt":{"rendered":"<p>Besoin d&rsquo;une entreprise de nettoyage \u00e0 Saxon ? Artisanlocal est une entreprise de nettoyer pour les particuliers et professionnels \u00e0 Saxon et dans les villes proches. Pourquoi travailler avec notre entreprise ? Des techniciens form\u00e9s aux derni\u00e8res m\u00e9thodes et techniques. Nettoyage r\u00e9alis\u00e9 avec des produits respectueux de l&rsquo;environnement. Des devis gratuits et d\u00e9taill\u00e9s. Entreprise locale [&hellip;]<\/p>\n","protected":false},"author":4,"featured_media":2754,"parent":0,"menu_order":0,"comment_status":"closed","ping_status":"closed","template":"","meta":{"footnotes":""},"profession":[108],"location":[39],"canton":[110],"class_list":["post-442","page","type-page","status-publish","has-post-thumbnail","hentry","profession-agent-de-proprete","location-saxon","canton-vs"],"yoast_head":"<!-- This site is optimized with the Yoast SEO Premium plugin v25.7.1 (Yoast SEO v27.3) - https:\/\/yoast.com\/product\/yoast-seo-premium-wordpress\/ -->\n<title>Entreprise de nettoyage \u00e0 Saxon - Artisanlocal<\/title>\n<meta name=\"robots\" content=\"index, follow, max-snippet:-1, max-image-preview:large, max-video-preview:-1\" \/>\n<link rel=\"canonical\" href=\"https:\/\/www.artisanlocal.ch\/c\/nettoyage-pour-domicile-et-bureau-dentreprise-a-saxon\/\" \/>\n<meta property=\"og:locale\" content=\"fr_FR\" \/>\n<meta property=\"og:type\" content=\"article\" \/>\n<meta property=\"og:title\" content=\"Entreprise de nettoyage \u00e0 Saxon\" \/>\n<meta property=\"og:description\" content=\"Besoin d&rsquo;une entreprise de nettoyage \u00e0 Saxon ? Artisanlocal est une entreprise de nettoyer pour les particuliers et professionnels \u00e0 Saxon et dans les villes proches. Pourquoi travailler avec notre entreprise ? Des techniciens form\u00e9s aux derni\u00e8res m\u00e9thodes et techniques. Nettoyage r\u00e9alis\u00e9 avec des produits respectueux de l&rsquo;environnement. Des devis gratuits et d\u00e9taill\u00e9s. Entreprise locale [&hellip;]\" \/>\n<meta property=\"og:url\" content=\"https:\/\/www.artisanlocal.ch\/c\/nettoyage-pour-domicile-et-bureau-dentreprise-a-saxon\/\" \/>\n<meta property=\"og:site_name\" content=\"Artisanlocal\" \/>\n<meta property=\"article:modified_time\" content=\"2025-11-07T11:58:19+00:00\" \/>\n<meta property=\"og:image\" content=\"https:\/\/www.artisanlocal.ch\/c\/wp-content\/uploads\/2024\/10\/agent-proprete.jpg\" \/>\n\t<meta property=\"og:image:width\" content=\"1920\" \/>\n\t<meta property=\"og:image:height\" content=\"300\" \/>\n\t<meta property=\"og:image:type\" content=\"image\/jpeg\" \/>\n<meta name=\"twitter:card\" content=\"summary_large_image\" \/>\n<meta name=\"twitter:label1\" content=\"Dur\u00e9e de lecture estim\u00e9e\" \/>\n\t<meta name=\"twitter:data1\" content=\"4 minutes\" \/>\n<script type=\"application\/ld+json\" class=\"yoast-schema-graph\">{\"@context\":\"https:\\\/\\\/schema.org\",\"@graph\":[{\"@type\":\"WebPage\",\"@id\":\"https:\\\/\\\/www.artisanlocal.ch\\\/c\\\/nettoyage-pour-domicile-et-bureau-dentreprise-a-saxon\\\/\",\"url\":\"https:\\\/\\\/www.artisanlocal.ch\\\/c\\\/nettoyage-pour-domicile-et-bureau-dentreprise-a-saxon\\\/\",\"name\":\"Entreprise de nettoyage \u00e0 Saxon - Artisanlocal\",\"isPartOf\":{\"@id\":\"https:\\\/\\\/www.artisanlocal.ch\\\/c\\\/#website\"},\"primaryImageOfPage\":{\"@id\":\"https:\\\/\\\/www.artisanlocal.ch\\\/c\\\/nettoyage-pour-domicile-et-bureau-dentreprise-a-saxon\\\/#primaryimage\"},\"image\":{\"@id\":\"https:\\\/\\\/www.artisanlocal.ch\\\/c\\\/nettoyage-pour-domicile-et-bureau-dentreprise-a-saxon\\\/#primaryimage\"},\"thumbnailUrl\":\"https:\\\/\\\/www.artisanlocal.ch\\\/c\\\/wp-content\\\/uploads\\\/2024\\\/10\\\/agent-proprete.jpg\",\"datePublished\":\"2024-04-16T16:38:34+00:00\",\"dateModified\":\"2025-11-07T11:58:19+00:00\",\"breadcrumb\":{\"@id\":\"https:\\\/\\\/www.artisanlocal.ch\\\/c\\\/nettoyage-pour-domicile-et-bureau-dentreprise-a-saxon\\\/#breadcrumb\"},\"inLanguage\":\"fr-FR\",\"potentialAction\":[{\"@type\":\"ReadAction\",\"target\":[\"https:\\\/\\\/www.artisanlocal.ch\\\/c\\\/nettoyage-pour-domicile-et-bureau-dentreprise-a-saxon\\\/\"]}]},{\"@type\":\"ImageObject\",\"inLanguage\":\"fr-FR\",\"@id\":\"https:\\\/\\\/www.artisanlocal.ch\\\/c\\\/nettoyage-pour-domicile-et-bureau-dentreprise-a-saxon\\\/#primaryimage\",\"url\":\"https:\\\/\\\/www.artisanlocal.ch\\\/c\\\/wp-content\\\/uploads\\\/2024\\\/10\\\/agent-proprete.jpg\",\"contentUrl\":\"https:\\\/\\\/www.artisanlocal.ch\\\/c\\\/wp-content\\\/uploads\\\/2024\\\/10\\\/agent-proprete.jpg\",\"width\":1920,\"height\":300},{\"@type\":\"BreadcrumbList\",\"@id\":\"https:\\\/\\\/www.artisanlocal.ch\\\/c\\\/nettoyage-pour-domicile-et-bureau-dentreprise-a-saxon\\\/#breadcrumb\",\"itemListElement\":[{\"@type\":\"ListItem\",\"position\":1,\"name\":\"Accueil\",\"item\":\"https:\\\/\\\/www.artisanlocal.ch\\\/c\\\/\"},{\"@type\":\"ListItem\",\"position\":2,\"name\":\"Entreprise de nettoyage \u00e0 Saxon\"}]},{\"@type\":\"WebSite\",\"@id\":\"https:\\\/\\\/www.artisanlocal.ch\\\/c\\\/#website\",\"url\":\"https:\\\/\\\/www.artisanlocal.ch\\\/c\\\/\",\"name\":\"Artisanlocal\",\"description\":\"\",\"publisher\":{\"@id\":\"https:\\\/\\\/www.artisanlocal.ch\\\/c\\\/#organization\"},\"potentialAction\":[{\"@type\":\"SearchAction\",\"target\":{\"@type\":\"EntryPoint\",\"urlTemplate\":\"https:\\\/\\\/www.artisanlocal.ch\\\/c\\\/?s={search_term_string}\"},\"query-input\":{\"@type\":\"PropertyValueSpecification\",\"valueRequired\":true,\"valueName\":\"search_term_string\"}}],\"inLanguage\":\"fr-FR\"},{\"@type\":\"Organization\",\"@id\":\"https:\\\/\\\/www.artisanlocal.ch\\\/c\\\/#organization\",\"name\":\"Artisanlocal\",\"url\":\"https:\\\/\\\/www.artisanlocal.ch\\\/c\\\/\",\"logo\":{\"@type\":\"ImageObject\",\"inLanguage\":\"fr-FR\",\"@id\":\"https:\\\/\\\/www.artisanlocal.ch\\\/c\\\/#\\\/schema\\\/logo\\\/image\\\/\",\"url\":\"https:\\\/\\\/www.artisanlocal.ch\\\/c\\\/wp-content\\\/uploads\\\/2024\\\/02\\\/logo-artisanlocal-h.svg\",\"contentUrl\":\"https:\\\/\\\/www.artisanlocal.ch\\\/c\\\/wp-content\\\/uploads\\\/2024\\\/02\\\/logo-artisanlocal-h.svg\",\"caption\":\"Artisanlocal\"},\"image\":{\"@id\":\"https:\\\/\\\/www.artisanlocal.ch\\\/c\\\/#\\\/schema\\\/logo\\\/image\\\/\"}}]}<\/script>\n<!-- \/ Yoast SEO Premium plugin. -->","yoast_head_json":{"title":"Entreprise de nettoyage \u00e0 Saxon - Artisanlocal","robots":{"index":"index","follow":"follow","max-snippet":"max-snippet:-1","max-image-preview":"max-image-preview:large","max-video-preview":"max-video-preview:-1"},"canonical":"https:\/\/www.artisanlocal.ch\/c\/nettoyage-pour-domicile-et-bureau-dentreprise-a-saxon\/","og_locale":"fr_FR","og_type":"article","og_title":"Entreprise de nettoyage \u00e0 Saxon","og_description":"Besoin d&rsquo;une entreprise de nettoyage \u00e0 Saxon ? Artisanlocal est une entreprise de nettoyer pour les particuliers et professionnels \u00e0 Saxon et dans les villes proches. Pourquoi travailler avec notre entreprise ? Des techniciens form\u00e9s aux derni\u00e8res m\u00e9thodes et techniques. Nettoyage r\u00e9alis\u00e9 avec des produits respectueux de l&rsquo;environnement. Des devis gratuits et d\u00e9taill\u00e9s. Entreprise locale [&hellip;]","og_url":"https:\/\/www.artisanlocal.ch\/c\/nettoyage-pour-domicile-et-bureau-dentreprise-a-saxon\/","og_site_name":"Artisanlocal","article_modified_time":"2025-11-07T11:58:19+00:00","og_image":[{"width":1920,"height":300,"url":"https:\/\/www.artisanlocal.ch\/c\/wp-content\/uploads\/2024\/10\/agent-proprete.jpg","type":"image\/jpeg"}],"twitter_card":"summary_large_image","twitter_misc":{"Dur\u00e9e de lecture estim\u00e9e":"4 minutes"},"schema":{"@context":"https:\/\/schema.org","@graph":[{"@type":"WebPage","@id":"https:\/\/www.artisanlocal.ch\/c\/nettoyage-pour-domicile-et-bureau-dentreprise-a-saxon\/","url":"https:\/\/www.artisanlocal.ch\/c\/nettoyage-pour-domicile-et-bureau-dentreprise-a-saxon\/","name":"Entreprise de nettoyage \u00e0 Saxon - Artisanlocal","isPartOf":{"@id":"https:\/\/www.artisanlocal.ch\/c\/#website"},"primaryImageOfPage":{"@id":"https:\/\/www.artisanlocal.ch\/c\/nettoyage-pour-domicile-et-bureau-dentreprise-a-saxon\/#primaryimage"},"image":{"@id":"https:\/\/www.artisanlocal.ch\/c\/nettoyage-pour-domicile-et-bureau-dentreprise-a-saxon\/#primaryimage"},"thumbnailUrl":"https:\/\/www.artisanlocal.ch\/c\/wp-content\/uploads\/2024\/10\/agent-proprete.jpg","datePublished":"2024-04-16T16:38:34+00:00","dateModified":"2025-11-07T11:58:19+00:00","breadcrumb":{"@id":"https:\/\/www.artisanlocal.ch\/c\/nettoyage-pour-domicile-et-bureau-dentreprise-a-saxon\/#breadcrumb"},"inLanguage":"fr-FR","potentialAction":[{"@type":"ReadAction","target":["https:\/\/www.artisanlocal.ch\/c\/nettoyage-pour-domicile-et-bureau-dentreprise-a-saxon\/"]}]},{"@type":"ImageObject","inLanguage":"fr-FR","@id":"https:\/\/www.artisanlocal.ch\/c\/nettoyage-pour-domicile-et-bureau-dentreprise-a-saxon\/#primaryimage","url":"https:\/\/www.artisanlocal.ch\/c\/wp-content\/uploads\/2024\/10\/agent-proprete.jpg","contentUrl":"https:\/\/www.artisanlocal.ch\/c\/wp-content\/uploads\/2024\/10\/agent-proprete.jpg","width":1920,"height":300},{"@type":"BreadcrumbList","@id":"https:\/\/www.artisanlocal.ch\/c\/nettoyage-pour-domicile-et-bureau-dentreprise-a-saxon\/#breadcrumb","itemListElement":[{"@type":"ListItem","position":1,"name":"Accueil","item":"https:\/\/www.artisanlocal.ch\/c\/"},{"@type":"ListItem","position":2,"name":"Entreprise de nettoyage \u00e0 Saxon"}]},{"@type":"WebSite","@id":"https:\/\/www.artisanlocal.ch\/c\/#website","url":"https:\/\/www.artisanlocal.ch\/c\/","name":"Artisanlocal","description":"","publisher":{"@id":"https:\/\/www.artisanlocal.ch\/c\/#organization"},"potentialAction":[{"@type":"SearchAction","target":{"@type":"EntryPoint","urlTemplate":"https:\/\/www.artisanlocal.ch\/c\/?s={search_term_string}"},"query-input":{"@type":"PropertyValueSpecification","valueRequired":true,"valueName":"search_term_string"}}],"inLanguage":"fr-FR"},{"@type":"Organization","@id":"https:\/\/www.artisanlocal.ch\/c\/#organization","name":"Artisanlocal","url":"https:\/\/www.artisanlocal.ch\/c\/","logo":{"@type":"ImageObject","inLanguage":"fr-FR","@id":"https:\/\/www.artisanlocal.ch\/c\/#\/schema\/logo\/image\/","url":"https:\/\/www.artisanlocal.ch\/c\/wp-content\/uploads\/2024\/02\/logo-artisanlocal-h.svg","contentUrl":"https:\/\/www.artisanlocal.ch\/c\/wp-content\/uploads\/2024\/02\/logo-artisanlocal-h.svg","caption":"Artisanlocal"},"image":{"@id":"https:\/\/www.artisanlocal.ch\/c\/#\/schema\/logo\/image\/"}}]}},"_links":{"self":[{"href":"https:\/\/www.artisanlocal.ch\/c\/wp-json\/wp\/v2\/pages\/442","targetHints":{"allow":["GET"]}}],"collection":[{"href":"https:\/\/www.artisanlocal.ch\/c\/wp-json\/wp\/v2\/pages"}],"about":[{"href":"https:\/\/www.artisanlocal.ch\/c\/wp-json\/wp\/v2\/types\/page"}],"author":[{"embeddable":true,"href":"https:\/\/www.artisanlocal.ch\/c\/wp-json\/wp\/v2\/users\/4"}],"replies":[{"embeddable":true,"href":"https:\/\/www.artisanlocal.ch\/c\/wp-json\/wp\/v2\/comments?post=442"}],"version-history":[{"count":0,"href":"https:\/\/www.artisanlocal.ch\/c\/wp-json\/wp\/v2\/pages\/442\/revisions"}],"wp:featuredmedia":[{"embeddable":true,"href":"https:\/\/www.artisanlocal.ch\/c\/wp-json\/wp\/v2\/media\/2754"}],"wp:attachment":[{"href":"https:\/\/www.artisanlocal.ch\/c\/wp-json\/wp\/v2\/media?parent=442"}],"wp:term":[{"taxonomy":"profession","embeddable":true,"href":"https:\/\/www.artisanlocal.ch\/c\/wp-json\/wp\/v2\/profession?post=442"},{"taxonomy":"location","embeddable":true,"href":"https:\/\/www.artisanlocal.ch\/c\/wp-json\/wp\/v2\/location?post=442"},{"taxonomy":"canton","embeddable":true,"href":"https:\/\/www.artisanlocal.ch\/c\/wp-json\/wp\/v2\/canton?post=442"}],"curies":[{"name":"wp","href":"https:\/\/api.w.org\/{rel}","templated":true}]}}