{"id":443,"date":"2024-04-16T18:38:34","date_gmt":"2024-04-16T16:38:34","guid":{"rendered":"https:\/\/www.artisanlocal.ch\/c\/nettoyage-pour-habitation-et-bureau-dentreprise-a-bex\/"},"modified":"2025-11-27T15:34:25","modified_gmt":"2025-11-27T14:34:25","slug":"nettoyage-pour-habitation-et-bureau-dentreprise-a-bex","status":"publish","type":"page","link":"https:\/\/www.artisanlocal.ch\/c\/nettoyage-pour-habitation-et-bureau-dentreprise-a-bex\/","title":{"rendered":"Entreprise de Nettoyage \u00e0 Bex"},"content":{"rendered":"<p>Besoin d&rsquo;une entreprise de nettoyage \u00e0 Bex ? Artisanlocal intervient chez les professionnels et les particuliers \u00e0 Bex et dans les villes proches.<br \/>\r\n<div class=\"box\">\r\n    <h2 class=\"text-dark\">Nous cherchons un <em class=\"text-primary\">Agent de propret\u00e9<\/em> dans la r\u00e9gion de <em class=\"text-primary\">Bex<\/em>  en exclusivit\u00e9, afin de proposer vos services \u00e0 nos clients propri\u00e9taires.<\/h2>\r\n    <p>Une opportunit\u00e9 unique pour booster votre activit\u00e9 \u00e0 <strong>Bex<\/strong> et aux alentours dans votre domaine (Agent de propret\u00e9).<\/p>\r\n    <p>Nous travaillons en exclusivit\u00e9 avec qu'une soci\u00e9t\u00e9 par m\u00e9tier et par r\u00e9gion. <br>Votre entreprise est pr\u00e9sente sur tous les documents immobiliers. Afin d'\u00eatre mieux vu sur le net, vous \u00eates \u00e9galement visible sur nos deux sites et sur les pages de r\u00e9f\u00e9rencement de votre r\u00e9gion.<\/p>\r\n    <a href=\"\/contact\" class=\"wp-block-button__link has-accent-background-color has-text-align-center wp-element-button\">R\u00e9server<\/a>\r\n<\/div><\/p>\n<h2>Pourquoi travailler avec Artisanlocal ?<\/h2>\n<ul>\n<li>Nos techniciens utilisent les derni\u00e8res techniques de nettoyage.<\/li>\n<li>Nous utilisons des produits \u00e9cologiques et durables.<\/li>\n<li>Nous proposons des services sur mesures.<\/li>\n<li>Nos devis sont gratuits et d\u00e9taill\u00e9s.<\/li>\n<li>Intervention sous 48 heures.<\/li>\n<\/ul>\n<h2>Services de nettoyage \u00e0 Bex<\/h2>\n<ul>\n<li>Service de m\u00e9nage pour votre d\u00e9m\u00e9nagement.<\/li>\n<li>Service de nettoyage pour Airbnb.<\/li>\n<li>Service de nettoyage des bureaux, salles de sports et commerces.<\/li>\n<li>Service de nettoyage apr\u00e8s r\u00e9novation d&rsquo;appartement.<\/li>\n<li>Service de m\u00e9nage et de nettoyage de logements, studios, lofts.<\/li>\n<li>Nettoyage et entretien des appareils m\u00e9nagers.<\/li>\n<li>Nettoyage de terrasse et\u00a0caves.<\/li>\n<li>D\u00e9sinfection des surfaces pour lutter contre les agents pathog\u00e8nes.<\/li>\n<li>Lavage de vaisselle.<\/li>\n<li>Lavage des sols et vitres.<\/li>\n<li>Nettoyage des h\u00f4pitaux, espaces de coworking et \u00e9tablissements scolaires.<\/li>\n<\/ul>\n<h3>Vous avez besoin d&rsquo;un service de m\u00e9nage sur mesure de votre logement ?<\/h3>\n<p>Notre entreprise propose des services de nettoyage personnalis\u00e9, adapt\u00e9s \u00e0 vos demandes, avec des interventions hebdomadaires, bihebdomadaires ou mensuelles.<\/p>\n<h3>Service pour un m\u00e9nage en profondeur de votre habitation \u00e0 Bex<\/h3>\n<p>Artisanlocal propose des services de nettoyage en profondeur de votre habitation, en plus de notre prestation de nettoyage standard.<\/p>\n<h3>Quels sont les avantages d\u2019un m\u00e9nage en profondeur avec Artisanlocal ?<\/h3>\n<p>Le principal avantage de l&rsquo;entretien approfondi est d&rsquo;\u00e9liminer les particules, les salet\u00e9s et les salissures qui se sont regroup\u00e9e avec le temps, ce qui am\u00e9liore la qualit\u00e9 de l&rsquo;aire int\u00e9rieure et permet d&rsquo;\u00e9liminer les mauvaises odeurs.<\/p>\n<h3>Service de m\u00e9nage pour professionnel \u00e0 Bex<\/h3>\n<p>S&rsquo;adresser \u00e0 Artisanlocal pour le m\u00e9nage de vos locaux est la meilleure solution. Vous ferez des \u00e9conomies de temps et d&rsquo;\u00e9nergie ! Nous proposons des prestations \u00e0 l&rsquo;ann\u00e9e qui s&rsquo;ajusteront \u00e0 vos exigences et \u00e0 votre budget. Nous r\u00e9alisons :<\/p>\n<ul>\n<li>Le nettoyage de vos tapis, fen\u00eatres et vos espaces de travail.<\/li>\n<li>Le nettoyage de vos fauteuils, si\u00e8ges de bureau, canap\u00e9s en textile ou en cuir.<\/li>\n<li>La gestion de vos poubelles.<\/li>\n<li>L&rsquo;\u00e9limination des poussi\u00e8res.<\/li>\n<li>Le nettoyage de vos parquets.<\/li>\n<\/ul>\n<h2>Pourquoi engager une entreprise de nettoyage pour le m\u00e9nage de votre habitation ou soci\u00e9t\u00e9 \u00e0 Bex ?<\/h2>\n<p>Si vous habitez \u00e0 Bex, vous pouvez rencontrer des difficult\u00e9s \u00e0 conserver un int\u00e9rieur propre et bien rang\u00e9. Nos services vous aideront \u00e0 garder votre logement propre. En ayant recours \u00e0 notre soci\u00e9t\u00e9, vous allez pouvoir :<\/p>\n<h3>Mieux contr\u00f4ler votre lieu de vie<\/h3>\n<p>Un habitat mal rang\u00e9 peut \u00eatre une cause de probl\u00e8mes (perte de temps ou tensions avec son conjoint). Artisanlocal.ch, vous propose des services de nettoyage pour vous aider a mieux organis\u00e9 votre lieu de vie.<\/p>\n<h3>Cr\u00e9er une atmosph\u00e8re plus accueillante<\/h3>\n<p>En effet, une habitation bien rang\u00e9e vous aidera ainsi que vos invit\u00e9s \u00e0 vous sentir plus \u00e0 l&rsquo;aise.<\/p>\n<h3>Rester en bonne forme et heureux<\/h3>\n<p>L&rsquo;accumulation des poussi\u00e8res dans votre maison peut engendrer des risques pour votre \u00e9tat de sant\u00e9, et entra\u00eener des allergies ou exacerber celles qui existent d\u00e9j\u00e0.<\/p>\n<h3>Intervenez-vous dans les villes proches de Bex ?<\/h3>\n<p>Oui, nous intervenons \u00e0 Bex et dans les villes proches, comme\u00a0 : La Tine, Rossini\u00e8re, Flendruz, Rougemont, Ch\u00e2teau-d'Oex, L'Etivaz, La L\u00e9cherette, Les Moulins, Villeneuve VD, Noville, Chessel, Rennaz, Roche VD, Yvorne, Leysin, Corbeyrier, Aigle, La Comballaz, Les Mosses, Le S\u00e9pey, Vers-l'Eglise, Les Diablerets, La Forclaz VD, Ollon VD, Panex, St-Triphon, Fenalet-sur-Bex, Freni\u00e8res-sur-Bex, Les Plans-sur-Bex, Gryon, Les Posses-sur-Bex, Arveyes, Hu\u00e9moz, Villars-sur-Ollon, Chesi\u00e8res, Lavey-les-Bains, Lavey-Village.<\/p>\n\n\n<p><\/p>\n","protected":false},"excerpt":{"rendered":"<p>Besoin d&rsquo;une entreprise de nettoyage \u00e0 Bex ? Artisanlocal intervient chez les professionnels et les particuliers \u00e0 Bex et dans les villes proches. Pourquoi travailler avec Artisanlocal ? Nos techniciens utilisent les derni\u00e8res techniques de nettoyage. Nous utilisons des produits \u00e9cologiques et durables. Nous proposons des services sur mesures. Nos devis sont gratuits et d\u00e9taill\u00e9s. [&hellip;]<\/p>\n","protected":false},"author":4,"featured_media":2754,"parent":0,"menu_order":0,"comment_status":"closed","ping_status":"closed","template":"","meta":{"footnotes":""},"profession":[108],"location":[84],"canton":[113],"class_list":["post-443","page","type-page","status-publish","has-post-thumbnail","hentry","profession-agent-de-proprete","location-bex","canton-vd"],"yoast_head":"<!-- This site is optimized with the Yoast SEO Premium plugin v25.7.1 (Yoast SEO v27.6) - https:\/\/yoast.com\/product\/yoast-seo-premium-wordpress\/ -->\n<title>Entreprise de Nettoyage \u00e0 Bex - Artisanlocal<\/title>\n<meta name=\"robots\" content=\"index, follow, max-snippet:-1, max-image-preview:large, max-video-preview:-1\" \/>\n<link rel=\"canonical\" href=\"https:\/\/www.artisanlocal.ch\/c\/nettoyage-pour-habitation-et-bureau-dentreprise-a-bex\/\" \/>\n<meta property=\"og:locale\" content=\"fr_FR\" \/>\n<meta property=\"og:type\" content=\"article\" \/>\n<meta property=\"og:title\" content=\"Entreprise de Nettoyage \u00e0 Bex\" \/>\n<meta property=\"og:description\" content=\"Besoin d&rsquo;une entreprise de nettoyage \u00e0 Bex ? Artisanlocal intervient chez les professionnels et les particuliers \u00e0 Bex et dans les villes proches. Pourquoi travailler avec Artisanlocal ? Nos techniciens utilisent les derni\u00e8res techniques de nettoyage. Nous utilisons des produits \u00e9cologiques et durables. Nous proposons des services sur mesures. Nos devis sont gratuits et d\u00e9taill\u00e9s. [&hellip;]\" \/>\n<meta property=\"og:url\" content=\"https:\/\/www.artisanlocal.ch\/c\/nettoyage-pour-habitation-et-bureau-dentreprise-a-bex\/\" \/>\n<meta property=\"og:site_name\" content=\"Artisanlocal\" \/>\n<meta property=\"article:modified_time\" content=\"2025-11-27T14:34:25+00:00\" \/>\n<meta property=\"og:image\" content=\"https:\/\/www.artisanlocal.ch\/c\/wp-content\/uploads\/2024\/10\/agent-proprete.jpg\" \/>\n\t<meta property=\"og:image:width\" content=\"1920\" \/>\n\t<meta property=\"og:image:height\" content=\"300\" \/>\n\t<meta property=\"og:image:type\" content=\"image\/jpeg\" \/>\n<meta name=\"twitter:card\" content=\"summary_large_image\" \/>\n<meta name=\"twitter:label1\" content=\"Dur\u00e9e de lecture estim\u00e9e\" \/>\n\t<meta name=\"twitter:data1\" content=\"3 minutes\" \/>\n<script type=\"application\/ld+json\" class=\"yoast-schema-graph\">{\"@context\":\"https:\\\/\\\/schema.org\",\"@graph\":[{\"@type\":\"WebPage\",\"@id\":\"https:\\\/\\\/www.artisanlocal.ch\\\/c\\\/nettoyage-pour-habitation-et-bureau-dentreprise-a-bex\\\/\",\"url\":\"https:\\\/\\\/www.artisanlocal.ch\\\/c\\\/nettoyage-pour-habitation-et-bureau-dentreprise-a-bex\\\/\",\"name\":\"Entreprise de Nettoyage \u00e0 Bex - Artisanlocal\",\"isPartOf\":{\"@id\":\"https:\\\/\\\/www.artisanlocal.ch\\\/c\\\/#website\"},\"primaryImageOfPage\":{\"@id\":\"https:\\\/\\\/www.artisanlocal.ch\\\/c\\\/nettoyage-pour-habitation-et-bureau-dentreprise-a-bex\\\/#primaryimage\"},\"image\":{\"@id\":\"https:\\\/\\\/www.artisanlocal.ch\\\/c\\\/nettoyage-pour-habitation-et-bureau-dentreprise-a-bex\\\/#primaryimage\"},\"thumbnailUrl\":\"https:\\\/\\\/www.artisanlocal.ch\\\/c\\\/wp-content\\\/uploads\\\/2024\\\/10\\\/agent-proprete.jpg\",\"datePublished\":\"2024-04-16T16:38:34+00:00\",\"dateModified\":\"2025-11-27T14:34:25+00:00\",\"breadcrumb\":{\"@id\":\"https:\\\/\\\/www.artisanlocal.ch\\\/c\\\/nettoyage-pour-habitation-et-bureau-dentreprise-a-bex\\\/#breadcrumb\"},\"inLanguage\":\"fr-FR\",\"potentialAction\":[{\"@type\":\"ReadAction\",\"target\":[\"https:\\\/\\\/www.artisanlocal.ch\\\/c\\\/nettoyage-pour-habitation-et-bureau-dentreprise-a-bex\\\/\"]}]},{\"@type\":\"ImageObject\",\"inLanguage\":\"fr-FR\",\"@id\":\"https:\\\/\\\/www.artisanlocal.ch\\\/c\\\/nettoyage-pour-habitation-et-bureau-dentreprise-a-bex\\\/#primaryimage\",\"url\":\"https:\\\/\\\/www.artisanlocal.ch\\\/c\\\/wp-content\\\/uploads\\\/2024\\\/10\\\/agent-proprete.jpg\",\"contentUrl\":\"https:\\\/\\\/www.artisanlocal.ch\\\/c\\\/wp-content\\\/uploads\\\/2024\\\/10\\\/agent-proprete.jpg\",\"width\":1920,\"height\":300},{\"@type\":\"BreadcrumbList\",\"@id\":\"https:\\\/\\\/www.artisanlocal.ch\\\/c\\\/nettoyage-pour-habitation-et-bureau-dentreprise-a-bex\\\/#breadcrumb\",\"itemListElement\":[{\"@type\":\"ListItem\",\"position\":1,\"name\":\"Accueil\",\"item\":\"https:\\\/\\\/www.artisanlocal.ch\\\/c\\\/\"},{\"@type\":\"ListItem\",\"position\":2,\"name\":\"Entreprise de Nettoyage \u00e0 Bex\"}]},{\"@type\":\"WebSite\",\"@id\":\"https:\\\/\\\/www.artisanlocal.ch\\\/c\\\/#website\",\"url\":\"https:\\\/\\\/www.artisanlocal.ch\\\/c\\\/\",\"name\":\"Artisanlocal\",\"description\":\"\",\"publisher\":{\"@id\":\"https:\\\/\\\/www.artisanlocal.ch\\\/c\\\/#organization\"},\"potentialAction\":[{\"@type\":\"SearchAction\",\"target\":{\"@type\":\"EntryPoint\",\"urlTemplate\":\"https:\\\/\\\/www.artisanlocal.ch\\\/c\\\/?s={search_term_string}\"},\"query-input\":{\"@type\":\"PropertyValueSpecification\",\"valueRequired\":true,\"valueName\":\"search_term_string\"}}],\"inLanguage\":\"fr-FR\"},{\"@type\":\"Organization\",\"@id\":\"https:\\\/\\\/www.artisanlocal.ch\\\/c\\\/#organization\",\"name\":\"Artisanlocal\",\"url\":\"https:\\\/\\\/www.artisanlocal.ch\\\/c\\\/\",\"logo\":{\"@type\":\"ImageObject\",\"inLanguage\":\"fr-FR\",\"@id\":\"https:\\\/\\\/www.artisanlocal.ch\\\/c\\\/#\\\/schema\\\/logo\\\/image\\\/\",\"url\":\"https:\\\/\\\/www.artisanlocal.ch\\\/c\\\/wp-content\\\/uploads\\\/2024\\\/02\\\/logo-artisanlocal-h.svg\",\"contentUrl\":\"https:\\\/\\\/www.artisanlocal.ch\\\/c\\\/wp-content\\\/uploads\\\/2024\\\/02\\\/logo-artisanlocal-h.svg\",\"caption\":\"Artisanlocal\"},\"image\":{\"@id\":\"https:\\\/\\\/www.artisanlocal.ch\\\/c\\\/#\\\/schema\\\/logo\\\/image\\\/\"}}]}<\/script>\n<!-- \/ Yoast SEO Premium plugin. -->","yoast_head_json":{"title":"Entreprise de Nettoyage \u00e0 Bex - Artisanlocal","robots":{"index":"index","follow":"follow","max-snippet":"max-snippet:-1","max-image-preview":"max-image-preview:large","max-video-preview":"max-video-preview:-1"},"canonical":"https:\/\/www.artisanlocal.ch\/c\/nettoyage-pour-habitation-et-bureau-dentreprise-a-bex\/","og_locale":"fr_FR","og_type":"article","og_title":"Entreprise de Nettoyage \u00e0 Bex","og_description":"Besoin d&rsquo;une entreprise de nettoyage \u00e0 Bex ? Artisanlocal intervient chez les professionnels et les particuliers \u00e0 Bex et dans les villes proches. Pourquoi travailler avec Artisanlocal ? Nos techniciens utilisent les derni\u00e8res techniques de nettoyage. Nous utilisons des produits \u00e9cologiques et durables. Nous proposons des services sur mesures. Nos devis sont gratuits et d\u00e9taill\u00e9s. [&hellip;]","og_url":"https:\/\/www.artisanlocal.ch\/c\/nettoyage-pour-habitation-et-bureau-dentreprise-a-bex\/","og_site_name":"Artisanlocal","article_modified_time":"2025-11-27T14:34:25+00:00","og_image":[{"width":1920,"height":300,"url":"https:\/\/www.artisanlocal.ch\/c\/wp-content\/uploads\/2024\/10\/agent-proprete.jpg","type":"image\/jpeg"}],"twitter_card":"summary_large_image","twitter_misc":{"Dur\u00e9e de lecture estim\u00e9e":"3 minutes"},"schema":{"@context":"https:\/\/schema.org","@graph":[{"@type":"WebPage","@id":"https:\/\/www.artisanlocal.ch\/c\/nettoyage-pour-habitation-et-bureau-dentreprise-a-bex\/","url":"https:\/\/www.artisanlocal.ch\/c\/nettoyage-pour-habitation-et-bureau-dentreprise-a-bex\/","name":"Entreprise de Nettoyage \u00e0 Bex - Artisanlocal","isPartOf":{"@id":"https:\/\/www.artisanlocal.ch\/c\/#website"},"primaryImageOfPage":{"@id":"https:\/\/www.artisanlocal.ch\/c\/nettoyage-pour-habitation-et-bureau-dentreprise-a-bex\/#primaryimage"},"image":{"@id":"https:\/\/www.artisanlocal.ch\/c\/nettoyage-pour-habitation-et-bureau-dentreprise-a-bex\/#primaryimage"},"thumbnailUrl":"https:\/\/www.artisanlocal.ch\/c\/wp-content\/uploads\/2024\/10\/agent-proprete.jpg","datePublished":"2024-04-16T16:38:34+00:00","dateModified":"2025-11-27T14:34:25+00:00","breadcrumb":{"@id":"https:\/\/www.artisanlocal.ch\/c\/nettoyage-pour-habitation-et-bureau-dentreprise-a-bex\/#breadcrumb"},"inLanguage":"fr-FR","potentialAction":[{"@type":"ReadAction","target":["https:\/\/www.artisanlocal.ch\/c\/nettoyage-pour-habitation-et-bureau-dentreprise-a-bex\/"]}]},{"@type":"ImageObject","inLanguage":"fr-FR","@id":"https:\/\/www.artisanlocal.ch\/c\/nettoyage-pour-habitation-et-bureau-dentreprise-a-bex\/#primaryimage","url":"https:\/\/www.artisanlocal.ch\/c\/wp-content\/uploads\/2024\/10\/agent-proprete.jpg","contentUrl":"https:\/\/www.artisanlocal.ch\/c\/wp-content\/uploads\/2024\/10\/agent-proprete.jpg","width":1920,"height":300},{"@type":"BreadcrumbList","@id":"https:\/\/www.artisanlocal.ch\/c\/nettoyage-pour-habitation-et-bureau-dentreprise-a-bex\/#breadcrumb","itemListElement":[{"@type":"ListItem","position":1,"name":"Accueil","item":"https:\/\/www.artisanlocal.ch\/c\/"},{"@type":"ListItem","position":2,"name":"Entreprise de Nettoyage \u00e0 Bex"}]},{"@type":"WebSite","@id":"https:\/\/www.artisanlocal.ch\/c\/#website","url":"https:\/\/www.artisanlocal.ch\/c\/","name":"Artisanlocal","description":"","publisher":{"@id":"https:\/\/www.artisanlocal.ch\/c\/#organization"},"potentialAction":[{"@type":"SearchAction","target":{"@type":"EntryPoint","urlTemplate":"https:\/\/www.artisanlocal.ch\/c\/?s={search_term_string}"},"query-input":{"@type":"PropertyValueSpecification","valueRequired":true,"valueName":"search_term_string"}}],"inLanguage":"fr-FR"},{"@type":"Organization","@id":"https:\/\/www.artisanlocal.ch\/c\/#organization","name":"Artisanlocal","url":"https:\/\/www.artisanlocal.ch\/c\/","logo":{"@type":"ImageObject","inLanguage":"fr-FR","@id":"https:\/\/www.artisanlocal.ch\/c\/#\/schema\/logo\/image\/","url":"https:\/\/www.artisanlocal.ch\/c\/wp-content\/uploads\/2024\/02\/logo-artisanlocal-h.svg","contentUrl":"https:\/\/www.artisanlocal.ch\/c\/wp-content\/uploads\/2024\/02\/logo-artisanlocal-h.svg","caption":"Artisanlocal"},"image":{"@id":"https:\/\/www.artisanlocal.ch\/c\/#\/schema\/logo\/image\/"}}]}},"_links":{"self":[{"href":"https:\/\/www.artisanlocal.ch\/c\/wp-json\/wp\/v2\/pages\/443","targetHints":{"allow":["GET"]}}],"collection":[{"href":"https:\/\/www.artisanlocal.ch\/c\/wp-json\/wp\/v2\/pages"}],"about":[{"href":"https:\/\/www.artisanlocal.ch\/c\/wp-json\/wp\/v2\/types\/page"}],"author":[{"embeddable":true,"href":"https:\/\/www.artisanlocal.ch\/c\/wp-json\/wp\/v2\/users\/4"}],"replies":[{"embeddable":true,"href":"https:\/\/www.artisanlocal.ch\/c\/wp-json\/wp\/v2\/comments?post=443"}],"version-history":[{"count":0,"href":"https:\/\/www.artisanlocal.ch\/c\/wp-json\/wp\/v2\/pages\/443\/revisions"}],"wp:featuredmedia":[{"embeddable":true,"href":"https:\/\/www.artisanlocal.ch\/c\/wp-json\/wp\/v2\/media\/2754"}],"wp:attachment":[{"href":"https:\/\/www.artisanlocal.ch\/c\/wp-json\/wp\/v2\/media?parent=443"}],"wp:term":[{"taxonomy":"profession","embeddable":true,"href":"https:\/\/www.artisanlocal.ch\/c\/wp-json\/wp\/v2\/profession?post=443"},{"taxonomy":"location","embeddable":true,"href":"https:\/\/www.artisanlocal.ch\/c\/wp-json\/wp\/v2\/location?post=443"},{"taxonomy":"canton","embeddable":true,"href":"https:\/\/www.artisanlocal.ch\/c\/wp-json\/wp\/v2\/canton?post=443"}],"curies":[{"name":"wp","href":"https:\/\/api.w.org\/{rel}","templated":true}]}}