{"id":444,"date":"2024-04-16T18:38:34","date_gmt":"2024-04-16T16:38:34","guid":{"rendered":"https:\/\/www.artisanlocal.ch\/c\/nettoyage-professionnel-pour-habitation-et-bureau-a-romanel-sur-lausanne\/"},"modified":"2025-08-27T01:33:16","modified_gmt":"2025-08-26T23:33:16","slug":"nettoyage-professionnel-pour-habitation-et-bureau-a-romanel-sur-lausanne","status":"publish","type":"page","link":"https:\/\/www.artisanlocal.ch\/c\/nettoyage-professionnel-pour-habitation-et-bureau-a-romanel-sur-lausanne\/","title":{"rendered":"Nettoyage professionnel pour habitation et bureau \u00e0 Romanel-sur-Lausanne"},"content":{"rendered":"<p>Nous proposons un nettoyage entier de votre studio ou de vos bureaux \u00e0 Romanel-sur-Lausanne. Notre entreprise est compos\u00e9e d&rsquo;experts form\u00e9s aux derni\u00e8res techniques qui s&rsquo;appliquent \u00e0 fournir des services de qualit\u00e9.<\/p>\n\r\n<div class=\"box\">\r\n            <div class=\"company-info\">\r\n            <img decoding=\"async\" class=\"company-info__logo\" src=\"https:\/\/www.artisanlocal.ch\/media\/cache\/thumb\/images\/companies\/cleantec-entretiens-sarl.png\" alt=\"Logo\">\r\n            <h2 class=\"company-info__name\">CLEANTEC ENTRETIENS S\u00c0RL<\/h2>\r\n            <p class=\"company-info__business\">Entreprise de nettoyage - Entretiens - Conciergeries - B\u00e2timents - Sols - Nettoyage apr\u00e8s d\u00e9m\u00e9nagements - D\u00e9barras<\/p>\r\n        <\/div>\r\n        <div class=\"company-contact\">\r\n            <p class=\"company-info__address\">Chemin de Pierrefleur 60<\/p>\r\n                            <div class=\"links\">\r\n                                            <a class=\"btn has-accent-background-color js-phoneNumber\" href=\"tel:0791735150\" title=\"Appelez\" data-id=\"1724\" data-type=\"11\">079 173 51 50<\/a>\r\n                                                                <a class=\"btn has-accent-background-color\" href=\"https:\/\/cleantec-entretiens.digitalone.site\/\" target=\"_blank\" title=\"Voir le site internet\" data-id=\"1724\" data-type=\"20\">Site internet<\/a>\r\n                                    <\/div>\r\n                    <\/div>\r\n    \r\n            \r\n<form action=\"https:\/\/www.artisanlocal.ch\/c\/wp-admin\/admin-ajax.php\" method=\"post\" class=\"form-contact\" id=\"artisan_form_contact_company_inline\">\r\n    <div><input type=\"hidden\" name=\"action\" value=\"company_contact\"><\/div>\r\n    <div><input type=\"hidden\" name=\"nonce\" value=\"1289a079ae\"><\/div>\r\n    <div><input type=\"hidden\" name=\"company_id\" value=\"1724\"><\/div>\r\n    <div><input type=\"hidden\" name=\"form_id\" value=\"artisan_form_contact_company_inline\"><\/div>\r\n    <div class=\"gglcptch gglcptch_v3 gglcptch_custom\"><input type=\"hidden\" id=\"g-recaptcha-response\" name=\"g-recaptcha-response\" \/><br \/><div class=\"gglcptch_error_text\">La p\u00e9riode de v\u00e9rification reCAPTCHA a expir\u00e9. Veuillez recharger la page.<\/div><\/div>    <div class=\"form-content\">\r\n        <div class=\"form-group\">\r\n            <label for=\"contact_firstName\" class=\"required\">Pr\u00e9nom<\/label>\r\n            <input type=\"text\" name=\"firstName\" class=\"form-control\" required>\r\n        <\/div>\r\n        <div class=\"form-group\">\r\n            <label for=\"contact_lastName\" class=\"required\">Nom<\/label>\r\n            <input type=\"text\" name=\"lastName\" class=\"form-control\" required>\r\n        <\/div>\r\n        <div class=\"form-group\">\r\n            <label for=\"contact_email\" class=\"required\">Email<\/label>\r\n            <input type=\"email\" name=\"email\" class=\"form-control\" required>\r\n        <\/div>\r\n        <div class=\"form-group\">\r\n            <label for=\"contact_phone\" class=\"required\">Num\u00e9ro de t\u00e9l\u00e9phone<\/label>\r\n            <input type=\"tel\" name=\"phone\" class=\"form-control\" placeholder=\"0787117165\" pattern=\"^[0-9]{10}$\" required>\r\n        <\/div>\r\n        <div class=\"form-group\">\r\n            <label for=\"contact_postalCode\" class=\"required\">Code postal et localit\u00e9<\/label>\r\n            <input type=\"text\" name=\"postalCode\" class=\"form-control\" required>\r\n        <\/div>\r\n        <div class=\"form-group\">\r\n            <label for=\"contact_address\" class=\"required\">Adresse<\/label>\r\n            <input type=\"text\" name=\"address\" class=\"form-control\" required>\r\n        <\/div>\r\n        <div class=\"full-width topic\">\r\n            <p class=\"required\">Je souhaite \u00eatre contact\u00e9 pour :<\/p>\r\n            <div class=\"form-check\">\r\n                <input type=\"radio\" name=\"topic\" value=\"D\u00e9pannage\" class=\"form-control\" required>\r\n                <label for=\"d\u00e9pannage\">D\u00e9pannage<\/label>\r\n            <\/div>\r\n            <div class=\"form-check\">\r\n                <input type=\"radio\" name=\"topic\" value=\"Entretien\" class=\"form-control\" required>\r\n                <label for=\"entretien\">Entretien<\/label>\r\n            <\/div>\r\n            <div class=\"form-check\">\r\n                <input type=\"radio\" name=\"topic\" value=\"R\u00e9novation\" class=\"form-control\" required>\r\n                <label for=\"r\u00e9novation\">R\u00e9novation<\/label>\r\n            <\/div>\r\n            <div class=\"form-check\">\r\n                <input type=\"radio\" name=\"topic\" value=\"Autre\" class=\"form-control\" required>\r\n                <label for=\"autre\">Autre<\/label>\r\n            <\/div>\r\n        <\/div>\r\n        <div class=\"form-group full-width\">\r\n            <label for=\"contact_message\">Message<\/label>\r\n            <textarea name=\"message\" rows=\"3\" class=\"form-control\"><\/textarea>\r\n        <\/div>\r\n    <\/div>\r\n    <div class=\"form-actions\">\r\n        <button class=\"wp-block-button__link has-accent-background-color\">Contacter<\/button>\r\n    <\/div>\r\n<\/form>\r\n<div class=\"form-feedback\"><\/div>    <\/div>\n<h2>Quelles sont les raisons de collaborer avec notre entreprise ?<\/h2>\n<ul>\n<li>Il est envisageable de r\u00e9server un rendez-vous avec notre soci\u00e9t\u00e9 aujourd&rsquo;hui.<\/li>\n<li>Nos experts en nettoyage sont tous form\u00e9s avec les derni\u00e8res techniques.<\/li>\n<li>Le nettoyage est r\u00e9alis\u00e9 avec des produits respectueux de l&rsquo;environnement.<\/li>\n<li>Nos devis sont sans frais.<\/li>\n<\/ul>\n<h2>Prestations de nettoyage \u00e0 Romanel-sur-Lausanne<\/h2>\n<p>Nous proposons une gamme de services de nettoyage personnalis\u00e9 pour r\u00e9pondre aux besoins de nos clients.<\/p>\n<p>Si vous avez besoin d&rsquo;un nettoyage complet, d&rsquo;un m\u00e9nage ponctuel ou d&rsquo;un service d&rsquo;entretien r\u00e9gulier, nous sommes l\u00e0 pour vous. D\u00e9couvrez nos services les plus souvent r\u00e9alis\u00e9s \u00e0 Romanel-sur-Lausanne et profitez :<\/p>\n<ul>\n<li>De service de m\u00e9nage pour votre changement de domicile.<\/li>\n<li>D&rsquo;une solution de m\u00e9nage, si vous \u00eates propri\u00e9taires de locations Airbnb.<\/li>\n<li>D&rsquo;un lavage des espaces de bureaux et des espaces commerciaux.<\/li>\n<li>D&rsquo;un service de nettoyage apr\u00e8s une r\u00e9novation d&rsquo;int\u00e9rieur.<\/li>\n<\/ul>\n<h2>Quelles sont les prestations de m\u00e9nage d&rsquo;artisanlocal\u202f?<\/h2>\n<ul>\n<li>Services de m\u00e9nage pour les locations temporaires,<\/li>\n<li>nettoyage de studios,<\/li>\n<li>nettoyage des \u00e9quipements m\u00e9nagers,<\/li>\n<li>nettoyage et entretien du jardin,<\/li>\n<li>nettoyage de sous-sols,<\/li>\n<li>assainissement des surfaces pour lutter contre les virus,<\/li>\n<li>service de lavage de la vaisselle,<\/li>\n<li>nettoyage et entretien des installations sportives,<\/li>\n<li>lavage des sols,<\/li>\n<li>nettoyage des \u00e9tablissements de sant\u00e9,<\/li>\n<li>m\u00e9nage et nettoyage apr\u00e8s un changement de logement,<\/li>\n<li>nettoyage des espaces de coworking,<\/li>\n<li>service de m\u00e9nage apr\u00e8s travaux de r\u00e9novation,<\/li>\n<li>nettoyage des salles d&rsquo;eau,<\/li>\n<li>nettoyage de magasins de proximit\u00e9,<\/li>\n<li>service de m\u00e9nage et entretien des \u00e9tablissements scolaires,<\/li>\n<li>lavage de vitres.<\/li>\n<\/ul>\n<h2>Une soci\u00e9t\u00e9 de m\u00e9nage fiable implant\u00e9e en Suisse<\/h2>\n<h3>M\u00e9nage d&rsquo;appartement \u00e0 Romanel-sur-Lausanne<\/h3>\n<p>Si vous habitez \u00e0 Romanel-sur-Lausanne, nous pouvons r\u00e9aliser le m\u00e9nage de votre logement en amont de l&rsquo;\u00e9tat des lieux.<\/p>\n<p>Il faut comprendre que si le m\u00e9nage de l&rsquo;appartement n&rsquo;est pas r\u00e9alis\u00e9 de fa\u00e7on convenable, le propri\u00e9taire peut faire appel \u00e0 une entreprise de nettoyage et conserver une part de votre d\u00e9p\u00f4t de garantie.<\/p>\n<p>Les services de m\u00e9nage pour la remise des cl\u00e9s comprennent :<\/p>\n<p>&#8211; L&rsquo;entretien des surfaces : carrelages, sols, parquets, murs et moquettes.<\/p>\n<p>&#8211; Service de nettoyage des vitres et des fen\u00eatres.<\/p>\n<p>&#8211; Le nettoyage de la salle d&rsquo;eau et des toilettes.<\/p>\n<p>&#8211; Le service de nettoyage de la cuisine et de la hotte de cuisson.<\/p>\n<p>&#8211; Le d\u00e9poussi\u00e9rage du mobilier.<\/p>\n<h3>Vous avez besoin d&rsquo;un service de nettoyage fr\u00e9quent de votre studio?<\/h3>\n<p>Notre entreprise propose des services d&rsquo;entretien personnalis\u00e9s, adapt\u00e9s \u00e0 vos exigences, nous pouvons op\u00e9rer de fa\u00e7ons mensuelles, bihebdomadaires ou hebdomadaires.<\/p>\n<h3>Nettoyage approfondi de votre villa et de votre studio \u00e0 Romanel-sur-Lausanne<\/h3>\n<p>Artisanlocal propose des services pour nettoyer en profondeur votre maison ou votre appartement, en plus de notre prestation de nettoyage classique.<\/p>\n<h3>Quels sont les b\u00e9n\u00e9fices d\u2019un entretien en profondeur avec Artisanlocal ?<\/h3>\n<p>L\u2019avantage majeur du m\u00e9nage approfondi est d\u2019\u00e9liminer les amas de poussi\u00e8res qui se sont entass\u00e9es avec le temps, pour rendre votre logement sans poussi\u00e8re. Un grand nettoyage est \u00e9galement un moyen d&rsquo;\u00e9liminer les odeurs d\u00e9sagr\u00e9ables.<\/p>\n<h3>M\u00e9nage de locaux professionnels \u00e0 Romanel-sur-Lausanne<\/h3>\n<p>S&rsquo;adresser \u00e0 Artisanlocal pour le m\u00e9nage de bureaux est la meilleure solution. Vous ferez des \u00e9conomies de temps et d&rsquo;\u00e9nergie ! Nous proposons des services de nettoyage \u00e0 l&rsquo;ann\u00e9e qui s&rsquo;ajustera \u00e0 vos besoins et \u00e0 votre budget. Voici les prestations que nous proposons pour le nettoyage de vos espaces de travail :<\/p>\n<ul>\n<li>Nettoyage de vos moquettes et des vitres.<\/li>\n<li>Entretien des \u00e9quipements de bureau en cuir ou tissu (des chaises, des locaux professionnels, des canap\u00e9s).<\/li>\n<li>Enl\u00e8vement des poubelles.<\/li>\n<li>\u00c9limination des poussi\u00e8res.<\/li>\n<li>D\u00e9poussi\u00e9rage des sols avec l&rsquo;aspirateur et lavage des sols.<\/li>\n<\/ul>\n<h3>Nettoyage de la maison \u00e0 Romanel-sur-Lausanne<\/h3>\n<p>Pour que votre propri\u00e9t\u00e9 soit continuellement aussi propre, un m\u00e9nage fr\u00e9quent n\u00e9cessite d&rsquo;\u00eatre inclus dans votre routine. \u00c0 l&rsquo;heure actuelle, la grande majorit\u00e9 des suisses ont un agenda charg\u00e9 et cela rend difficile la r\u00e9alisation des corv\u00e9es m\u00e9nag\u00e8res courantes, c&rsquo;est ici que notre entreprise peut vous aider dans vos corv\u00e9es m\u00e9nag\u00e8res.<\/p>\n<h2>Pourquoi faire appel \u00e0 une entreprise de nettoyage \u00e0 Romanel-sur-Lausanne ?<\/h2>\n<p>Si vous \u00eates un Romanellois, vous avez potentiellement des probl\u00e8mes \u00e0 tenir votre espace int\u00e9rieur bien entretenu. Nos services, vous aideront \u00e0 garder votre r\u00e9sidence dans un \u00e9tat irr\u00e9prochable. En faisant appel \u00e0 notre soci\u00e9t\u00e9, vous allez pouvoir :<\/p>\n<h3>Mieux contr\u00f4ler votre espace<\/h3>\n<p>Si votre logement est d\u00e9sorganis\u00e9, il est compliqu\u00e9 de se sentir bien chez soi. Artisanlocal propose des services de nettoyage d&rsquo;int\u00e9rieur pour les maisons et appartements. Dans le but de :<\/p>\n<h3>Cr\u00e9er un cadre plus accueillant<\/h3>\n<p>Effectivement, une maison bien organis\u00e9e vous aidera ainsi que vos invit\u00e9s \u00e0 vous sentir plus \u00e0 l&rsquo;aise.<\/p>\n<h3>Conserver sa vitalit\u00e9 et rester heureux<\/h3>\n<p>Ne pas \u00e9liminer la poussi\u00e8re et la salet\u00e9 dans votre int\u00e9rieur peut entrainer des risques pour votre sant\u00e9, comme causer des allergies ou augmenter celles d\u00e9j\u00e0 pr\u00e9sentes. En sollicitant les services de notre entreprise de nettoyage, vous limitez les potentiels risques d&rsquo;allergies.<\/p>\n<h3>Avoir une meilleure disposition de votre int\u00e9rieur<\/h3>\n<p>Comme beaucoup de domiciles, votre habitation peut \u00eatre en pagaille, ce qui provoque des soucis dans la vie de tous les jours. Notre service de nettoyage peut s&rsquo;av\u00e9rer utile pour conserver votre maison bien ordonn\u00e9e. D&rsquo;autre part, nous pouvons aussi op\u00e9rer \u00e0 : Cheseaux-sur-Lausanne, Le Mont-sur-Lausanne, Bretigny-sur-Morrens, Cugy VD, Morrens VD, Froideville, Epalinges.<\/p>\n","protected":false},"excerpt":{"rendered":"<p>Nous proposons un nettoyage entier de votre studio ou de vos bureaux \u00e0 Romanel-sur-Lausanne. Notre entreprise est compos\u00e9e d&rsquo;experts form\u00e9s aux derni\u00e8res techniques qui s&rsquo;appliquent \u00e0 fournir des services de qualit\u00e9. Quelles sont les raisons de collaborer avec notre entreprise ? Il est envisageable de r\u00e9server un rendez-vous avec notre soci\u00e9t\u00e9 aujourd&rsquo;hui. Nos experts en [&hellip;]<\/p>\n","protected":false},"author":4,"featured_media":2754,"parent":0,"menu_order":0,"comment_status":"closed","ping_status":"closed","template":"","meta":{"footnotes":""},"profession":[108],"location":[90],"canton":[113],"class_list":["post-444","page","type-page","status-publish","has-post-thumbnail","hentry","profession-agent-de-proprete","location-romanel-sur-lausanne","canton-vd"],"yoast_head":"<!-- This site is optimized with the Yoast SEO Premium plugin v25.7.1 (Yoast SEO v27.3) - https:\/\/yoast.com\/product\/yoast-seo-premium-wordpress\/ -->\n<title>Nettoyage professionnel pour habitation et bureau \u00e0 Romanel-sur-Lausanne - Artisanlocal<\/title>\n<meta name=\"robots\" content=\"index, follow, max-snippet:-1, max-image-preview:large, max-video-preview:-1\" \/>\n<link rel=\"canonical\" href=\"https:\/\/www.artisanlocal.ch\/c\/nettoyage-professionnel-pour-habitation-et-bureau-a-romanel-sur-lausanne\/\" \/>\n<meta property=\"og:locale\" content=\"fr_FR\" \/>\n<meta property=\"og:type\" content=\"article\" \/>\n<meta property=\"og:title\" content=\"Nettoyage professionnel pour habitation et bureau \u00e0 Romanel-sur-Lausanne\" \/>\n<meta property=\"og:description\" content=\"Nous proposons un nettoyage entier de votre studio ou de vos bureaux \u00e0 Romanel-sur-Lausanne. Notre entreprise est compos\u00e9e d&rsquo;experts form\u00e9s aux derni\u00e8res techniques qui s&rsquo;appliquent \u00e0 fournir des services de qualit\u00e9. Quelles sont les raisons de collaborer avec notre entreprise ? Il est envisageable de r\u00e9server un rendez-vous avec notre soci\u00e9t\u00e9 aujourd&rsquo;hui. Nos experts en [&hellip;]\" \/>\n<meta property=\"og:url\" content=\"https:\/\/www.artisanlocal.ch\/c\/nettoyage-professionnel-pour-habitation-et-bureau-a-romanel-sur-lausanne\/\" \/>\n<meta property=\"og:site_name\" content=\"Artisanlocal\" \/>\n<meta property=\"article:modified_time\" content=\"2025-08-26T23:33:16+00:00\" \/>\n<meta property=\"og:image\" content=\"https:\/\/www.artisanlocal.ch\/c\/wp-content\/uploads\/2024\/10\/agent-proprete.jpg\" \/>\n\t<meta property=\"og:image:width\" content=\"1920\" \/>\n\t<meta property=\"og:image:height\" content=\"300\" \/>\n\t<meta property=\"og:image:type\" content=\"image\/jpeg\" \/>\n<meta name=\"twitter:card\" content=\"summary_large_image\" \/>\n<meta name=\"twitter:label1\" content=\"Dur\u00e9e de lecture estim\u00e9e\" \/>\n\t<meta name=\"twitter:data1\" content=\"5 minutes\" \/>\n<script type=\"application\/ld+json\" class=\"yoast-schema-graph\">{\"@context\":\"https:\\\/\\\/schema.org\",\"@graph\":[{\"@type\":\"WebPage\",\"@id\":\"https:\\\/\\\/www.artisanlocal.ch\\\/c\\\/nettoyage-professionnel-pour-habitation-et-bureau-a-romanel-sur-lausanne\\\/\",\"url\":\"https:\\\/\\\/www.artisanlocal.ch\\\/c\\\/nettoyage-professionnel-pour-habitation-et-bureau-a-romanel-sur-lausanne\\\/\",\"name\":\"Nettoyage professionnel pour habitation et bureau \u00e0 Romanel-sur-Lausanne - Artisanlocal\",\"isPartOf\":{\"@id\":\"https:\\\/\\\/www.artisanlocal.ch\\\/c\\\/#website\"},\"primaryImageOfPage\":{\"@id\":\"https:\\\/\\\/www.artisanlocal.ch\\\/c\\\/nettoyage-professionnel-pour-habitation-et-bureau-a-romanel-sur-lausanne\\\/#primaryimage\"},\"image\":{\"@id\":\"https:\\\/\\\/www.artisanlocal.ch\\\/c\\\/nettoyage-professionnel-pour-habitation-et-bureau-a-romanel-sur-lausanne\\\/#primaryimage\"},\"thumbnailUrl\":\"https:\\\/\\\/www.artisanlocal.ch\\\/c\\\/wp-content\\\/uploads\\\/2024\\\/10\\\/agent-proprete.jpg\",\"datePublished\":\"2024-04-16T16:38:34+00:00\",\"dateModified\":\"2025-08-26T23:33:16+00:00\",\"breadcrumb\":{\"@id\":\"https:\\\/\\\/www.artisanlocal.ch\\\/c\\\/nettoyage-professionnel-pour-habitation-et-bureau-a-romanel-sur-lausanne\\\/#breadcrumb\"},\"inLanguage\":\"fr-FR\",\"potentialAction\":[{\"@type\":\"ReadAction\",\"target\":[\"https:\\\/\\\/www.artisanlocal.ch\\\/c\\\/nettoyage-professionnel-pour-habitation-et-bureau-a-romanel-sur-lausanne\\\/\"]}]},{\"@type\":\"ImageObject\",\"inLanguage\":\"fr-FR\",\"@id\":\"https:\\\/\\\/www.artisanlocal.ch\\\/c\\\/nettoyage-professionnel-pour-habitation-et-bureau-a-romanel-sur-lausanne\\\/#primaryimage\",\"url\":\"https:\\\/\\\/www.artisanlocal.ch\\\/c\\\/wp-content\\\/uploads\\\/2024\\\/10\\\/agent-proprete.jpg\",\"contentUrl\":\"https:\\\/\\\/www.artisanlocal.ch\\\/c\\\/wp-content\\\/uploads\\\/2024\\\/10\\\/agent-proprete.jpg\",\"width\":1920,\"height\":300},{\"@type\":\"BreadcrumbList\",\"@id\":\"https:\\\/\\\/www.artisanlocal.ch\\\/c\\\/nettoyage-professionnel-pour-habitation-et-bureau-a-romanel-sur-lausanne\\\/#breadcrumb\",\"itemListElement\":[{\"@type\":\"ListItem\",\"position\":1,\"name\":\"Accueil\",\"item\":\"https:\\\/\\\/www.artisanlocal.ch\\\/c\\\/\"},{\"@type\":\"ListItem\",\"position\":2,\"name\":\"Nettoyage professionnel pour habitation et bureau \u00e0 Romanel-sur-Lausanne\"}]},{\"@type\":\"WebSite\",\"@id\":\"https:\\\/\\\/www.artisanlocal.ch\\\/c\\\/#website\",\"url\":\"https:\\\/\\\/www.artisanlocal.ch\\\/c\\\/\",\"name\":\"Artisanlocal\",\"description\":\"\",\"publisher\":{\"@id\":\"https:\\\/\\\/www.artisanlocal.ch\\\/c\\\/#organization\"},\"potentialAction\":[{\"@type\":\"SearchAction\",\"target\":{\"@type\":\"EntryPoint\",\"urlTemplate\":\"https:\\\/\\\/www.artisanlocal.ch\\\/c\\\/?s={search_term_string}\"},\"query-input\":{\"@type\":\"PropertyValueSpecification\",\"valueRequired\":true,\"valueName\":\"search_term_string\"}}],\"inLanguage\":\"fr-FR\"},{\"@type\":\"Organization\",\"@id\":\"https:\\\/\\\/www.artisanlocal.ch\\\/c\\\/#organization\",\"name\":\"Artisanlocal\",\"url\":\"https:\\\/\\\/www.artisanlocal.ch\\\/c\\\/\",\"logo\":{\"@type\":\"ImageObject\",\"inLanguage\":\"fr-FR\",\"@id\":\"https:\\\/\\\/www.artisanlocal.ch\\\/c\\\/#\\\/schema\\\/logo\\\/image\\\/\",\"url\":\"https:\\\/\\\/www.artisanlocal.ch\\\/c\\\/wp-content\\\/uploads\\\/2024\\\/02\\\/logo-artisanlocal-h.svg\",\"contentUrl\":\"https:\\\/\\\/www.artisanlocal.ch\\\/c\\\/wp-content\\\/uploads\\\/2024\\\/02\\\/logo-artisanlocal-h.svg\",\"caption\":\"Artisanlocal\"},\"image\":{\"@id\":\"https:\\\/\\\/www.artisanlocal.ch\\\/c\\\/#\\\/schema\\\/logo\\\/image\\\/\"}}]}<\/script>\n<!-- \/ Yoast SEO Premium plugin. -->","yoast_head_json":{"title":"Nettoyage professionnel pour habitation et bureau \u00e0 Romanel-sur-Lausanne - Artisanlocal","robots":{"index":"index","follow":"follow","max-snippet":"max-snippet:-1","max-image-preview":"max-image-preview:large","max-video-preview":"max-video-preview:-1"},"canonical":"https:\/\/www.artisanlocal.ch\/c\/nettoyage-professionnel-pour-habitation-et-bureau-a-romanel-sur-lausanne\/","og_locale":"fr_FR","og_type":"article","og_title":"Nettoyage professionnel pour habitation et bureau \u00e0 Romanel-sur-Lausanne","og_description":"Nous proposons un nettoyage entier de votre studio ou de vos bureaux \u00e0 Romanel-sur-Lausanne. Notre entreprise est compos\u00e9e d&rsquo;experts form\u00e9s aux derni\u00e8res techniques qui s&rsquo;appliquent \u00e0 fournir des services de qualit\u00e9. Quelles sont les raisons de collaborer avec notre entreprise ? Il est envisageable de r\u00e9server un rendez-vous avec notre soci\u00e9t\u00e9 aujourd&rsquo;hui. Nos experts en [&hellip;]","og_url":"https:\/\/www.artisanlocal.ch\/c\/nettoyage-professionnel-pour-habitation-et-bureau-a-romanel-sur-lausanne\/","og_site_name":"Artisanlocal","article_modified_time":"2025-08-26T23:33:16+00:00","og_image":[{"width":1920,"height":300,"url":"https:\/\/www.artisanlocal.ch\/c\/wp-content\/uploads\/2024\/10\/agent-proprete.jpg","type":"image\/jpeg"}],"twitter_card":"summary_large_image","twitter_misc":{"Dur\u00e9e de lecture estim\u00e9e":"5 minutes"},"schema":{"@context":"https:\/\/schema.org","@graph":[{"@type":"WebPage","@id":"https:\/\/www.artisanlocal.ch\/c\/nettoyage-professionnel-pour-habitation-et-bureau-a-romanel-sur-lausanne\/","url":"https:\/\/www.artisanlocal.ch\/c\/nettoyage-professionnel-pour-habitation-et-bureau-a-romanel-sur-lausanne\/","name":"Nettoyage professionnel pour habitation et bureau \u00e0 Romanel-sur-Lausanne - Artisanlocal","isPartOf":{"@id":"https:\/\/www.artisanlocal.ch\/c\/#website"},"primaryImageOfPage":{"@id":"https:\/\/www.artisanlocal.ch\/c\/nettoyage-professionnel-pour-habitation-et-bureau-a-romanel-sur-lausanne\/#primaryimage"},"image":{"@id":"https:\/\/www.artisanlocal.ch\/c\/nettoyage-professionnel-pour-habitation-et-bureau-a-romanel-sur-lausanne\/#primaryimage"},"thumbnailUrl":"https:\/\/www.artisanlocal.ch\/c\/wp-content\/uploads\/2024\/10\/agent-proprete.jpg","datePublished":"2024-04-16T16:38:34+00:00","dateModified":"2025-08-26T23:33:16+00:00","breadcrumb":{"@id":"https:\/\/www.artisanlocal.ch\/c\/nettoyage-professionnel-pour-habitation-et-bureau-a-romanel-sur-lausanne\/#breadcrumb"},"inLanguage":"fr-FR","potentialAction":[{"@type":"ReadAction","target":["https:\/\/www.artisanlocal.ch\/c\/nettoyage-professionnel-pour-habitation-et-bureau-a-romanel-sur-lausanne\/"]}]},{"@type":"ImageObject","inLanguage":"fr-FR","@id":"https:\/\/www.artisanlocal.ch\/c\/nettoyage-professionnel-pour-habitation-et-bureau-a-romanel-sur-lausanne\/#primaryimage","url":"https:\/\/www.artisanlocal.ch\/c\/wp-content\/uploads\/2024\/10\/agent-proprete.jpg","contentUrl":"https:\/\/www.artisanlocal.ch\/c\/wp-content\/uploads\/2024\/10\/agent-proprete.jpg","width":1920,"height":300},{"@type":"BreadcrumbList","@id":"https:\/\/www.artisanlocal.ch\/c\/nettoyage-professionnel-pour-habitation-et-bureau-a-romanel-sur-lausanne\/#breadcrumb","itemListElement":[{"@type":"ListItem","position":1,"name":"Accueil","item":"https:\/\/www.artisanlocal.ch\/c\/"},{"@type":"ListItem","position":2,"name":"Nettoyage professionnel pour habitation et bureau \u00e0 Romanel-sur-Lausanne"}]},{"@type":"WebSite","@id":"https:\/\/www.artisanlocal.ch\/c\/#website","url":"https:\/\/www.artisanlocal.ch\/c\/","name":"Artisanlocal","description":"","publisher":{"@id":"https:\/\/www.artisanlocal.ch\/c\/#organization"},"potentialAction":[{"@type":"SearchAction","target":{"@type":"EntryPoint","urlTemplate":"https:\/\/www.artisanlocal.ch\/c\/?s={search_term_string}"},"query-input":{"@type":"PropertyValueSpecification","valueRequired":true,"valueName":"search_term_string"}}],"inLanguage":"fr-FR"},{"@type":"Organization","@id":"https:\/\/www.artisanlocal.ch\/c\/#organization","name":"Artisanlocal","url":"https:\/\/www.artisanlocal.ch\/c\/","logo":{"@type":"ImageObject","inLanguage":"fr-FR","@id":"https:\/\/www.artisanlocal.ch\/c\/#\/schema\/logo\/image\/","url":"https:\/\/www.artisanlocal.ch\/c\/wp-content\/uploads\/2024\/02\/logo-artisanlocal-h.svg","contentUrl":"https:\/\/www.artisanlocal.ch\/c\/wp-content\/uploads\/2024\/02\/logo-artisanlocal-h.svg","caption":"Artisanlocal"},"image":{"@id":"https:\/\/www.artisanlocal.ch\/c\/#\/schema\/logo\/image\/"}}]}},"_links":{"self":[{"href":"https:\/\/www.artisanlocal.ch\/c\/wp-json\/wp\/v2\/pages\/444","targetHints":{"allow":["GET"]}}],"collection":[{"href":"https:\/\/www.artisanlocal.ch\/c\/wp-json\/wp\/v2\/pages"}],"about":[{"href":"https:\/\/www.artisanlocal.ch\/c\/wp-json\/wp\/v2\/types\/page"}],"author":[{"embeddable":true,"href":"https:\/\/www.artisanlocal.ch\/c\/wp-json\/wp\/v2\/users\/4"}],"replies":[{"embeddable":true,"href":"https:\/\/www.artisanlocal.ch\/c\/wp-json\/wp\/v2\/comments?post=444"}],"version-history":[{"count":0,"href":"https:\/\/www.artisanlocal.ch\/c\/wp-json\/wp\/v2\/pages\/444\/revisions"}],"wp:featuredmedia":[{"embeddable":true,"href":"https:\/\/www.artisanlocal.ch\/c\/wp-json\/wp\/v2\/media\/2754"}],"wp:attachment":[{"href":"https:\/\/www.artisanlocal.ch\/c\/wp-json\/wp\/v2\/media?parent=444"}],"wp:term":[{"taxonomy":"profession","embeddable":true,"href":"https:\/\/www.artisanlocal.ch\/c\/wp-json\/wp\/v2\/profession?post=444"},{"taxonomy":"location","embeddable":true,"href":"https:\/\/www.artisanlocal.ch\/c\/wp-json\/wp\/v2\/location?post=444"},{"taxonomy":"canton","embeddable":true,"href":"https:\/\/www.artisanlocal.ch\/c\/wp-json\/wp\/v2\/canton?post=444"}],"curies":[{"name":"wp","href":"https:\/\/api.w.org\/{rel}","templated":true}]}}