{"id":447,"date":"2024-04-16T18:38:34","date_gmt":"2024-04-16T16:38:34","guid":{"rendered":"https:\/\/www.artisanlocal.ch\/c\/nettoyage-de-bureaux-et-de-domiciles-a-forel\/"},"modified":"2025-08-27T01:33:14","modified_gmt":"2025-08-26T23:33:14","slug":"nettoyage-de-bureaux-et-de-domiciles-a-forel","status":"publish","type":"page","link":"https:\/\/www.artisanlocal.ch\/c\/nettoyage-de-bureaux-et-de-domiciles-a-forel\/","title":{"rendered":"Entreprise de Nettoyage \u00e0 Forel (Lavaux)"},"content":{"rendered":"<p>Besoin d&rsquo;un nettoyage de votre logement ou de vos bureaux \u00e0 Forel (Lavaux) ? Artisanlocal intervient \u00e0 Forel (Lavaux) pour nettoyer votre int\u00e9rieur, de plus, nos services sont personnalis\u00e9s pour r\u00e9pondre \u00e0 toutes vos attentes.<br \/>\n\r\n<div class=\"box\">\r\n            <div class=\"company-info\">\r\n            <img decoding=\"async\" class=\"company-info__logo\" src=\"https:\/\/www.artisanlocal.ch\/media\/cache\/thumb\/images\/companies\/68b6bd19afd1c524227327.png\" alt=\"Logo\">\r\n            <h2 class=\"company-info__name\">La Gouvernante Solution PRO Sarl<\/h2>\r\n            <p class=\"company-info__business\">Entreprise de nettoyage - Entretien - Entretien de jardin - Nettoyage de b\u00e2timents - Conciergerie - Entretien d'immeuble - D\u00e9m\u00e9nagements - D\u00e9barras - Peinture<\/p>\r\n        <\/div>\r\n        <div class=\"company-contact\">\r\n            <p class=\"company-info__address\">Chemin du Publoz 2<\/p>\r\n                            <div class=\"links\">\r\n                                            <a class=\"btn has-accent-background-color js-phoneNumber\" href=\"tel:0791281156\" title=\"Appelez\" data-id=\"26965\" data-type=\"11\">079 128 11 56<\/a>\r\n                                                                <a class=\"btn has-accent-background-color\" href=\"http:\/\/www.lagouvernante.ch\/\" target=\"_blank\" title=\"Voir le site internet\" data-id=\"26965\" data-type=\"20\">Site internet<\/a>\r\n                                    <\/div>\r\n                    <\/div>\r\n    \r\n            \r\n<form action=\"https:\/\/www.artisanlocal.ch\/c\/wp-admin\/admin-ajax.php\" method=\"post\" class=\"form-contact\" id=\"artisan_form_contact_company_inline\">\r\n    <div><input type=\"hidden\" name=\"action\" value=\"company_contact\"><\/div>\r\n    <div><input type=\"hidden\" name=\"nonce\" value=\"90ac9c78b3\"><\/div>\r\n    <div><input type=\"hidden\" name=\"company_id\" value=\"26965\"><\/div>\r\n    <div><input type=\"hidden\" name=\"form_id\" value=\"artisan_form_contact_company_inline\"><\/div>\r\n    <div class=\"gglcptch gglcptch_v3 gglcptch_custom\"><input type=\"hidden\" id=\"g-recaptcha-response\" name=\"g-recaptcha-response\" \/><br \/><div class=\"gglcptch_error_text\">La p\u00e9riode de v\u00e9rification reCAPTCHA a expir\u00e9. Veuillez recharger la page.<\/div><\/div>    <div class=\"form-content\">\r\n        <div class=\"form-group\">\r\n            <label for=\"contact_firstName\" class=\"required\">Pr\u00e9nom<\/label>\r\n            <input type=\"text\" name=\"firstName\" class=\"form-control\" required>\r\n        <\/div>\r\n        <div class=\"form-group\">\r\n            <label for=\"contact_lastName\" class=\"required\">Nom<\/label>\r\n            <input type=\"text\" name=\"lastName\" class=\"form-control\" required>\r\n        <\/div>\r\n        <div class=\"form-group\">\r\n            <label for=\"contact_email\" class=\"required\">Email<\/label>\r\n            <input type=\"email\" name=\"email\" class=\"form-control\" required>\r\n        <\/div>\r\n        <div class=\"form-group\">\r\n            <label for=\"contact_phone\" class=\"required\">Num\u00e9ro de t\u00e9l\u00e9phone<\/label>\r\n            <input type=\"tel\" name=\"phone\" class=\"form-control\" placeholder=\"0787117165\" pattern=\"^[0-9]{10}$\" required>\r\n        <\/div>\r\n        <div class=\"form-group\">\r\n            <label for=\"contact_postalCode\" class=\"required\">Code postal et localit\u00e9<\/label>\r\n            <input type=\"text\" name=\"postalCode\" class=\"form-control\" required>\r\n        <\/div>\r\n        <div class=\"form-group\">\r\n            <label for=\"contact_address\" class=\"required\">Adresse<\/label>\r\n            <input type=\"text\" name=\"address\" class=\"form-control\" required>\r\n        <\/div>\r\n        <div class=\"full-width topic\">\r\n            <p class=\"required\">Je souhaite \u00eatre contact\u00e9 pour :<\/p>\r\n            <div class=\"form-check\">\r\n                <input type=\"radio\" name=\"topic\" value=\"D\u00e9pannage\" class=\"form-control\" required>\r\n                <label for=\"d\u00e9pannage\">D\u00e9pannage<\/label>\r\n            <\/div>\r\n            <div class=\"form-check\">\r\n                <input type=\"radio\" name=\"topic\" value=\"Entretien\" class=\"form-control\" required>\r\n                <label for=\"entretien\">Entretien<\/label>\r\n            <\/div>\r\n            <div class=\"form-check\">\r\n                <input type=\"radio\" name=\"topic\" value=\"R\u00e9novation\" class=\"form-control\" required>\r\n                <label for=\"r\u00e9novation\">R\u00e9novation<\/label>\r\n            <\/div>\r\n            <div class=\"form-check\">\r\n                <input type=\"radio\" name=\"topic\" value=\"Autre\" class=\"form-control\" required>\r\n                <label for=\"autre\">Autre<\/label>\r\n            <\/div>\r\n        <\/div>\r\n        <div class=\"form-group full-width\">\r\n            <label for=\"contact_message\">Message<\/label>\r\n            <textarea name=\"message\" rows=\"3\" class=\"form-control\"><\/textarea>\r\n        <\/div>\r\n    <\/div>\r\n    <div class=\"form-actions\">\r\n        <button class=\"wp-block-button__link has-accent-background-color\">Contacter<\/button>\r\n    <\/div>\r\n<\/form>\r\n<div class=\"form-feedback\"><\/div>    <\/div><\/p>\n<h2>Pourquoi choisir notre soci\u00e9t\u00e9 ?<\/h2>\n<ul>\n<li>Il est possible de planifier un rendez-vous avec notre entreprise aujourd&rsquo;hui.<\/li>\n<li>Nos experts en nettoyage sont tous form\u00e9s avec les derni\u00e8res techniques.<\/li>\n<li>Nous utilisons des produits \u00e9cologiques.<\/li>\n<li>Nos devis sont sans frais.<\/li>\n<\/ul>\n<h2>Services de m\u00e9nage \u00e0 Forel (Lavaux)<\/h2>\n<p>Nous fournissons une large gamme de prestations de m\u00e9nage personnalis\u00e9 pour r\u00e9pondre aux besoins de nos clients.<\/p>\n<p>Si vous avez besoin d&rsquo;un nettoyage complet de votre int\u00e9rieur, d&rsquo;un m\u00e9nage occasionnel ou d&rsquo;un service d&rsquo;entretien fr\u00e9quent, notre soci\u00e9t\u00e9 est l\u00e0 pour vous. D\u00e9couvrez nos services les plus g\u00e9n\u00e9ralement r\u00e9alis\u00e9s \u00e0 Forel (Lavaux) :<\/p>\n<ul>\n<li>Service de m\u00e9nage avant ou apr\u00e8s le d\u00e9m\u00e9nagement.<\/li>\n<li>Prestation de m\u00e9nage pour les propri\u00e9taires d&rsquo;Airbnb.<\/li>\n<li>Service de m\u00e9nage pour bureaux et locaux commerciaux.<\/li>\n<li>Service de nettoyage apr\u00e8s une r\u00e9novation.<\/li>\n<\/ul>\n<h2>Quels sont les services de nettoyage qu&rsquo;artisanlocal propose\u202f?<\/h2>\n<ul>\n<li>Nettoyage pour les conciergeries d&rsquo;appartements et maisons Airbnb,<\/li>\n<li>service de nettoyage et de m\u00e9nage d&rsquo;appartements,<\/li>\n<li>entretien des \u00e9quipements m\u00e9nagers,<\/li>\n<li>nettoyage de terrasse,<\/li>\n<li>services de m\u00e9nage pour les sous-sols,<\/li>\n<li>assainissement des surfaces pour lutter contre les virus,<\/li>\n<li>service de lavage de la vaisselle,<\/li>\n<li>nettoyage des installations sportives,<\/li>\n<li>nettoyage des sols,<\/li>\n<li>nettoyage des \u00e9tablissements de sant\u00e9,<\/li>\n<li>m\u00e9nage et nettoyage apr\u00e8s un d\u00e9m\u00e9nagement,<\/li>\n<li>nettoyage de bureaux,<\/li>\n<li>nettoyage apr\u00e8s des travaux,<\/li>\n<li>m\u00e9nage de salles de bains,<\/li>\n<li>nettoyage des commerces locaux,<\/li>\n<li>service de m\u00e9nage et entretien des \u00e9coles,<\/li>\n<li>lavage de vitres.<\/li>\n<\/ul>\n<h2>Nettoyage d&rsquo;appartement \u00e0 Forel (Lavaux)<\/h2>\n<p>Si vous vivez \u00e0 Forel (Lavaux), nous pouvons r\u00e9aliser le m\u00e9nage de votre int\u00e9rieur. Nous intervenons tr\u00e8s souvent \u00e0 Forel (Lavaux) ou dans les environs pour nettoyer les int\u00e9rieurs avant l&rsquo;\u00e9tat des lieux.<\/p>\n<p>Il faut comprendre que si le nettoyage de l&rsquo;appartement n&rsquo;est pas r\u00e9alis\u00e9 correctement, le propri\u00e9taire a le droit de faire appel \u00e0 une entreprise de service de nettoyage et de conserver une part de votre caution.<\/p>\n<p>Les services de m\u00e9nage pour la remise des cl\u00e9s comprennent :<\/p>\n<p>&#8211; L&rsquo;entretien des surfaces : carrelages, sols, parquets, murs et moquettes.<\/p>\n<p>&#8211; Nettoyage des fen\u00eatres et des vitres.<\/p>\n<p>&#8211; L&rsquo;entretien et le nettoyage de la salle d&rsquo;eau et des toilettes.<\/p>\n<p>&#8211; Le nettoyage de l&rsquo;espace de cuisson et du syst\u00e8me de ventilation de la cuisine.<\/p>\n<p>&#8211; Le d\u00e9poussi\u00e9rage du mobilier.<\/p>\n<h3>Vous avez besoin d&rsquo;un entretien continu de votre logement\u202f?<\/h3>\n<p>Notre compagnie propose des services d&rsquo;entretien personnalis\u00e9s, adapt\u00e9s \u00e0 vos demandes. De plus, nous pouvons op\u00e9rer de mani\u00e8res mensuelles, bihebdomadaires ou hebdomadaires.<\/p>\n<h3>Service pour un m\u00e9nage m\u00e9ticuleux de votre habitation \u00e0 Forel (Lavaux)<\/h3>\n<p>Artisanlocal offre des services de nettoyage approfondis pour habitation, en plus de notre service de m\u00e9nage classique.<\/p>\n<h3>Quels sont les avantages de faire un nettoyage approfondi ?<\/h3>\n<p>L&rsquo;avantage de l&rsquo;entretien approfondi est d&rsquo;enlever un maximum de poussi\u00e8res, salet\u00e9s et autres t\u00e2ches qui se sont accumul\u00e9es progressivement. Un nettoyage en profondeur permet d&rsquo;am\u00e9liorer la qualit\u00e9 de l&rsquo;aire int\u00e9rieure et d&rsquo;\u00e9liminer les mauvaises odeurs.<\/p>\n<h3>Nettoyage de bureaux \u00e0 Forel (Lavaux)<\/h3>\n<p>Faire appel \u00e0 Artisanlocal pour le nettoyage de bureaux est la meilleure alternative. Vous ferez des \u00e9conomies de temps et d&rsquo;\u00e9nergie ! D\u00e9couvrez nos contrats de m\u00e9nage adapt\u00e9s pour vos locaux. Nos contrats sont adapt\u00e9s \u00e0 votre budget et \u00e0 vos besoins. D\u00e9couvrez nos services d&rsquo;entretien pour les espaces de travail :<\/p>\n<ul>\n<li>Lavage de vos tapis et des fen\u00eatres.<\/li>\n<li>Nettoyage de fauteuils, de chaises de travail, de canap\u00e9 en tissu ou en cuir brut ou naturel.<\/li>\n<li>Enl\u00e8vement des d\u00e9chets.<\/li>\n<li>D\u00e9poussi\u00e9rage de toutes les surfaces et mobilier.<\/li>\n<li>Lavage des parquets et passage de l&rsquo;aspirateur.<\/li>\n<\/ul>\n<h3>M\u00e9nage de votre maison \u00e0 Forel (Lavaux)<\/h3>\n<p>Afin que votre maison soit tout le temps aussi propre que possible, vous devez r\u00e9aliser un nettoyage fr\u00e9quent. Mais, de nos jours, la majorit\u00e9 des personnes ont un agenda rempli et cela rend difficile la r\u00e9alisation des t\u00e2ches m\u00e9nag\u00e8res, c&rsquo;est ici que notre entreprise peut vous assister dans votre m\u00e9nage de tous les jours.<\/p>\n<h2>Quel est l&rsquo;int\u00e9r\u00eat de recourir \u00e0 une entreprise pour r\u00e9aliser le nettoyage de son habitation \u00e0 Forel (Lavaux) ?<\/h2>\n<p>Si vous \u00eates un Forel (Lavaux)lois, vous rencontrez sans doute des difficult\u00e9s \u00e0 garder votre int\u00e9rieur propre et en ordre. Nos solutions sont personnalis\u00e9es \u00e0 vos besoins. Avec notre soci\u00e9t\u00e9, vous avez la possibilit\u00e9 de :<\/p>\n<h3>Mieux g\u00e9rer votre lieu de vie<\/h3>\n<p>Si votre int\u00e9rieur est en d\u00e9sordre, il est compliqu\u00e9 de se sentir bien dans son logement. Artisanlocal propose des services de nettoyage pour votre maison et de rangement, ce qui vous permet, de :<\/p>\n<h3>Cr\u00e9er une atmosph\u00e8re plus confortable<\/h3>\n<p>Une habitation bien rang\u00e9e vous permet et \u00e0 vos futurs invit\u00e9s de vous sentir mieux.<\/p>\n<h3>Pr\u00e9server sa sant\u00e9 et son bien-\u00eatre \u00e9motionnel<\/h3>\n<p>L&rsquo;accumulation des particules de poussi\u00e8res dans votre int\u00e9rieur peut cr\u00e9er un danger pour votre sant\u00e9, et entra\u00eener des allergies ou aggraver celles qui existent d\u00e9j\u00e0. En sollicitant les services de notre entreprise de m\u00e9nage, vous limitez les risques d&rsquo;allergies.<\/p>\n<h3>Service de m\u00e9nage \u00e0 Forel (Lavaux) et dans les villes \u00e0 proximit\u00e9<\/h3>\n<p>Nous intervenons \u00e0 Forel (Lavaux) et dans les villes \u00e0 proximit\u00e9, comme : Peney-le-Jorat, Mollie-Margot, Savigny, Ferlens VD, Servion, Essertes, Les Cullayes, Montpreveyres, Corcelles-le-Jorat, M\u00e9zi\u00e8res VD, Carrouge VD, Vulliens, Ropraz, Les Tavernes, Les Thioleyres, Pal\u00e9zieux, Pal\u00e9zieux-Village, Oron-le-Ch\u00e2tel, Chapelle (Gl\u00e2ne), Bussigny-sur-Oron, Chesalles-sur-Oron, Ch\u00e2tillens, Oron-la-Ville, Vuibroye, Le Cr\u00eat-pr\u00e8s-Semsales, Ecoteaux, Maracon.<\/p>\n","protected":false},"excerpt":{"rendered":"<p>Besoin d&rsquo;un nettoyage de votre logement ou de vos bureaux \u00e0 Forel (Lavaux) ? Artisanlocal intervient \u00e0 Forel (Lavaux) pour nettoyer votre int\u00e9rieur, de plus, nos services sont personnalis\u00e9s pour r\u00e9pondre \u00e0 toutes vos attentes. Pourquoi choisir notre soci\u00e9t\u00e9 ? Il est possible de planifier un rendez-vous avec notre entreprise aujourd&rsquo;hui. Nos experts en nettoyage [&hellip;]<\/p>\n","protected":false},"author":4,"featured_media":2754,"parent":0,"menu_order":0,"comment_status":"closed","ping_status":"closed","template":"","meta":{"footnotes":""},"profession":[108],"location":[15],"canton":[113],"class_list":["post-447","page","type-page","status-publish","has-post-thumbnail","hentry","profession-agent-de-proprete","location-forel-lavaux","canton-vd"],"yoast_head":"<!-- This site is optimized with the Yoast SEO Premium plugin v25.7.1 (Yoast SEO v27.3) - https:\/\/yoast.com\/product\/yoast-seo-premium-wordpress\/ -->\n<title>Entreprise de Nettoyage \u00e0 Forel (Lavaux) - Artisanlocal<\/title>\n<meta name=\"robots\" content=\"index, follow, max-snippet:-1, max-image-preview:large, max-video-preview:-1\" \/>\n<link rel=\"canonical\" href=\"https:\/\/www.artisanlocal.ch\/c\/nettoyage-de-bureaux-et-de-domiciles-a-forel\/\" \/>\n<meta property=\"og:locale\" content=\"fr_FR\" \/>\n<meta property=\"og:type\" content=\"article\" \/>\n<meta property=\"og:title\" content=\"Entreprise de Nettoyage \u00e0 Forel (Lavaux)\" \/>\n<meta property=\"og:description\" content=\"Besoin d&rsquo;un nettoyage de votre logement ou de vos bureaux \u00e0 Forel (Lavaux) ? Artisanlocal intervient \u00e0 Forel (Lavaux) pour nettoyer votre int\u00e9rieur, de plus, nos services sont personnalis\u00e9s pour r\u00e9pondre \u00e0 toutes vos attentes. Pourquoi choisir notre soci\u00e9t\u00e9 ? Il est possible de planifier un rendez-vous avec notre entreprise aujourd&rsquo;hui. Nos experts en nettoyage [&hellip;]\" \/>\n<meta property=\"og:url\" content=\"https:\/\/www.artisanlocal.ch\/c\/nettoyage-de-bureaux-et-de-domiciles-a-forel\/\" \/>\n<meta property=\"og:site_name\" content=\"Artisanlocal\" \/>\n<meta property=\"article:modified_time\" content=\"2025-08-26T23:33:14+00:00\" \/>\n<meta property=\"og:image\" content=\"https:\/\/www.artisanlocal.ch\/c\/wp-content\/uploads\/2024\/10\/agent-proprete.jpg\" \/>\n\t<meta property=\"og:image:width\" content=\"1920\" \/>\n\t<meta property=\"og:image:height\" content=\"300\" \/>\n\t<meta property=\"og:image:type\" content=\"image\/jpeg\" \/>\n<meta name=\"twitter:card\" content=\"summary_large_image\" \/>\n<meta name=\"twitter:label1\" content=\"Dur\u00e9e de lecture estim\u00e9e\" \/>\n\t<meta name=\"twitter:data1\" content=\"5 minutes\" \/>\n<script type=\"application\/ld+json\" class=\"yoast-schema-graph\">{\"@context\":\"https:\\\/\\\/schema.org\",\"@graph\":[{\"@type\":\"WebPage\",\"@id\":\"https:\\\/\\\/www.artisanlocal.ch\\\/c\\\/nettoyage-de-bureaux-et-de-domiciles-a-forel\\\/\",\"url\":\"https:\\\/\\\/www.artisanlocal.ch\\\/c\\\/nettoyage-de-bureaux-et-de-domiciles-a-forel\\\/\",\"name\":\"Entreprise de Nettoyage \u00e0 Forel (Lavaux) - Artisanlocal\",\"isPartOf\":{\"@id\":\"https:\\\/\\\/www.artisanlocal.ch\\\/c\\\/#website\"},\"primaryImageOfPage\":{\"@id\":\"https:\\\/\\\/www.artisanlocal.ch\\\/c\\\/nettoyage-de-bureaux-et-de-domiciles-a-forel\\\/#primaryimage\"},\"image\":{\"@id\":\"https:\\\/\\\/www.artisanlocal.ch\\\/c\\\/nettoyage-de-bureaux-et-de-domiciles-a-forel\\\/#primaryimage\"},\"thumbnailUrl\":\"https:\\\/\\\/www.artisanlocal.ch\\\/c\\\/wp-content\\\/uploads\\\/2024\\\/10\\\/agent-proprete.jpg\",\"datePublished\":\"2024-04-16T16:38:34+00:00\",\"dateModified\":\"2025-08-26T23:33:14+00:00\",\"breadcrumb\":{\"@id\":\"https:\\\/\\\/www.artisanlocal.ch\\\/c\\\/nettoyage-de-bureaux-et-de-domiciles-a-forel\\\/#breadcrumb\"},\"inLanguage\":\"fr-FR\",\"potentialAction\":[{\"@type\":\"ReadAction\",\"target\":[\"https:\\\/\\\/www.artisanlocal.ch\\\/c\\\/nettoyage-de-bureaux-et-de-domiciles-a-forel\\\/\"]}]},{\"@type\":\"ImageObject\",\"inLanguage\":\"fr-FR\",\"@id\":\"https:\\\/\\\/www.artisanlocal.ch\\\/c\\\/nettoyage-de-bureaux-et-de-domiciles-a-forel\\\/#primaryimage\",\"url\":\"https:\\\/\\\/www.artisanlocal.ch\\\/c\\\/wp-content\\\/uploads\\\/2024\\\/10\\\/agent-proprete.jpg\",\"contentUrl\":\"https:\\\/\\\/www.artisanlocal.ch\\\/c\\\/wp-content\\\/uploads\\\/2024\\\/10\\\/agent-proprete.jpg\",\"width\":1920,\"height\":300},{\"@type\":\"BreadcrumbList\",\"@id\":\"https:\\\/\\\/www.artisanlocal.ch\\\/c\\\/nettoyage-de-bureaux-et-de-domiciles-a-forel\\\/#breadcrumb\",\"itemListElement\":[{\"@type\":\"ListItem\",\"position\":1,\"name\":\"Accueil\",\"item\":\"https:\\\/\\\/www.artisanlocal.ch\\\/c\\\/\"},{\"@type\":\"ListItem\",\"position\":2,\"name\":\"Entreprise de Nettoyage \u00e0 Forel\"}]},{\"@type\":\"WebSite\",\"@id\":\"https:\\\/\\\/www.artisanlocal.ch\\\/c\\\/#website\",\"url\":\"https:\\\/\\\/www.artisanlocal.ch\\\/c\\\/\",\"name\":\"Artisanlocal\",\"description\":\"\",\"publisher\":{\"@id\":\"https:\\\/\\\/www.artisanlocal.ch\\\/c\\\/#organization\"},\"potentialAction\":[{\"@type\":\"SearchAction\",\"target\":{\"@type\":\"EntryPoint\",\"urlTemplate\":\"https:\\\/\\\/www.artisanlocal.ch\\\/c\\\/?s={search_term_string}\"},\"query-input\":{\"@type\":\"PropertyValueSpecification\",\"valueRequired\":true,\"valueName\":\"search_term_string\"}}],\"inLanguage\":\"fr-FR\"},{\"@type\":\"Organization\",\"@id\":\"https:\\\/\\\/www.artisanlocal.ch\\\/c\\\/#organization\",\"name\":\"Artisanlocal\",\"url\":\"https:\\\/\\\/www.artisanlocal.ch\\\/c\\\/\",\"logo\":{\"@type\":\"ImageObject\",\"inLanguage\":\"fr-FR\",\"@id\":\"https:\\\/\\\/www.artisanlocal.ch\\\/c\\\/#\\\/schema\\\/logo\\\/image\\\/\",\"url\":\"https:\\\/\\\/www.artisanlocal.ch\\\/c\\\/wp-content\\\/uploads\\\/2024\\\/02\\\/logo-artisanlocal-h.svg\",\"contentUrl\":\"https:\\\/\\\/www.artisanlocal.ch\\\/c\\\/wp-content\\\/uploads\\\/2024\\\/02\\\/logo-artisanlocal-h.svg\",\"caption\":\"Artisanlocal\"},\"image\":{\"@id\":\"https:\\\/\\\/www.artisanlocal.ch\\\/c\\\/#\\\/schema\\\/logo\\\/image\\\/\"}}]}<\/script>\n<!-- \/ Yoast SEO Premium plugin. -->","yoast_head_json":{"title":"Entreprise de Nettoyage \u00e0 Forel (Lavaux) - Artisanlocal","robots":{"index":"index","follow":"follow","max-snippet":"max-snippet:-1","max-image-preview":"max-image-preview:large","max-video-preview":"max-video-preview:-1"},"canonical":"https:\/\/www.artisanlocal.ch\/c\/nettoyage-de-bureaux-et-de-domiciles-a-forel\/","og_locale":"fr_FR","og_type":"article","og_title":"Entreprise de Nettoyage \u00e0 Forel (Lavaux)","og_description":"Besoin d&rsquo;un nettoyage de votre logement ou de vos bureaux \u00e0 Forel (Lavaux) ? Artisanlocal intervient \u00e0 Forel (Lavaux) pour nettoyer votre int\u00e9rieur, de plus, nos services sont personnalis\u00e9s pour r\u00e9pondre \u00e0 toutes vos attentes. Pourquoi choisir notre soci\u00e9t\u00e9 ? Il est possible de planifier un rendez-vous avec notre entreprise aujourd&rsquo;hui. Nos experts en nettoyage [&hellip;]","og_url":"https:\/\/www.artisanlocal.ch\/c\/nettoyage-de-bureaux-et-de-domiciles-a-forel\/","og_site_name":"Artisanlocal","article_modified_time":"2025-08-26T23:33:14+00:00","og_image":[{"width":1920,"height":300,"url":"https:\/\/www.artisanlocal.ch\/c\/wp-content\/uploads\/2024\/10\/agent-proprete.jpg","type":"image\/jpeg"}],"twitter_card":"summary_large_image","twitter_misc":{"Dur\u00e9e de lecture estim\u00e9e":"5 minutes"},"schema":{"@context":"https:\/\/schema.org","@graph":[{"@type":"WebPage","@id":"https:\/\/www.artisanlocal.ch\/c\/nettoyage-de-bureaux-et-de-domiciles-a-forel\/","url":"https:\/\/www.artisanlocal.ch\/c\/nettoyage-de-bureaux-et-de-domiciles-a-forel\/","name":"Entreprise de Nettoyage \u00e0 Forel (Lavaux) - Artisanlocal","isPartOf":{"@id":"https:\/\/www.artisanlocal.ch\/c\/#website"},"primaryImageOfPage":{"@id":"https:\/\/www.artisanlocal.ch\/c\/nettoyage-de-bureaux-et-de-domiciles-a-forel\/#primaryimage"},"image":{"@id":"https:\/\/www.artisanlocal.ch\/c\/nettoyage-de-bureaux-et-de-domiciles-a-forel\/#primaryimage"},"thumbnailUrl":"https:\/\/www.artisanlocal.ch\/c\/wp-content\/uploads\/2024\/10\/agent-proprete.jpg","datePublished":"2024-04-16T16:38:34+00:00","dateModified":"2025-08-26T23:33:14+00:00","breadcrumb":{"@id":"https:\/\/www.artisanlocal.ch\/c\/nettoyage-de-bureaux-et-de-domiciles-a-forel\/#breadcrumb"},"inLanguage":"fr-FR","potentialAction":[{"@type":"ReadAction","target":["https:\/\/www.artisanlocal.ch\/c\/nettoyage-de-bureaux-et-de-domiciles-a-forel\/"]}]},{"@type":"ImageObject","inLanguage":"fr-FR","@id":"https:\/\/www.artisanlocal.ch\/c\/nettoyage-de-bureaux-et-de-domiciles-a-forel\/#primaryimage","url":"https:\/\/www.artisanlocal.ch\/c\/wp-content\/uploads\/2024\/10\/agent-proprete.jpg","contentUrl":"https:\/\/www.artisanlocal.ch\/c\/wp-content\/uploads\/2024\/10\/agent-proprete.jpg","width":1920,"height":300},{"@type":"BreadcrumbList","@id":"https:\/\/www.artisanlocal.ch\/c\/nettoyage-de-bureaux-et-de-domiciles-a-forel\/#breadcrumb","itemListElement":[{"@type":"ListItem","position":1,"name":"Accueil","item":"https:\/\/www.artisanlocal.ch\/c\/"},{"@type":"ListItem","position":2,"name":"Entreprise de Nettoyage \u00e0 Forel"}]},{"@type":"WebSite","@id":"https:\/\/www.artisanlocal.ch\/c\/#website","url":"https:\/\/www.artisanlocal.ch\/c\/","name":"Artisanlocal","description":"","publisher":{"@id":"https:\/\/www.artisanlocal.ch\/c\/#organization"},"potentialAction":[{"@type":"SearchAction","target":{"@type":"EntryPoint","urlTemplate":"https:\/\/www.artisanlocal.ch\/c\/?s={search_term_string}"},"query-input":{"@type":"PropertyValueSpecification","valueRequired":true,"valueName":"search_term_string"}}],"inLanguage":"fr-FR"},{"@type":"Organization","@id":"https:\/\/www.artisanlocal.ch\/c\/#organization","name":"Artisanlocal","url":"https:\/\/www.artisanlocal.ch\/c\/","logo":{"@type":"ImageObject","inLanguage":"fr-FR","@id":"https:\/\/www.artisanlocal.ch\/c\/#\/schema\/logo\/image\/","url":"https:\/\/www.artisanlocal.ch\/c\/wp-content\/uploads\/2024\/02\/logo-artisanlocal-h.svg","contentUrl":"https:\/\/www.artisanlocal.ch\/c\/wp-content\/uploads\/2024\/02\/logo-artisanlocal-h.svg","caption":"Artisanlocal"},"image":{"@id":"https:\/\/www.artisanlocal.ch\/c\/#\/schema\/logo\/image\/"}}]}},"_links":{"self":[{"href":"https:\/\/www.artisanlocal.ch\/c\/wp-json\/wp\/v2\/pages\/447","targetHints":{"allow":["GET"]}}],"collection":[{"href":"https:\/\/www.artisanlocal.ch\/c\/wp-json\/wp\/v2\/pages"}],"about":[{"href":"https:\/\/www.artisanlocal.ch\/c\/wp-json\/wp\/v2\/types\/page"}],"author":[{"embeddable":true,"href":"https:\/\/www.artisanlocal.ch\/c\/wp-json\/wp\/v2\/users\/4"}],"replies":[{"embeddable":true,"href":"https:\/\/www.artisanlocal.ch\/c\/wp-json\/wp\/v2\/comments?post=447"}],"version-history":[{"count":0,"href":"https:\/\/www.artisanlocal.ch\/c\/wp-json\/wp\/v2\/pages\/447\/revisions"}],"wp:featuredmedia":[{"embeddable":true,"href":"https:\/\/www.artisanlocal.ch\/c\/wp-json\/wp\/v2\/media\/2754"}],"wp:attachment":[{"href":"https:\/\/www.artisanlocal.ch\/c\/wp-json\/wp\/v2\/media?parent=447"}],"wp:term":[{"taxonomy":"profession","embeddable":true,"href":"https:\/\/www.artisanlocal.ch\/c\/wp-json\/wp\/v2\/profession?post=447"},{"taxonomy":"location","embeddable":true,"href":"https:\/\/www.artisanlocal.ch\/c\/wp-json\/wp\/v2\/location?post=447"},{"taxonomy":"canton","embeddable":true,"href":"https:\/\/www.artisanlocal.ch\/c\/wp-json\/wp\/v2\/canton?post=447"}],"curies":[{"name":"wp","href":"https:\/\/api.w.org\/{rel}","templated":true}]}}