{"id":448,"date":"2024-04-16T18:38:47","date_gmt":"2024-04-16T16:38:47","guid":{"rendered":"https:\/\/www.artisanlocal.ch\/c\/entreprise-de-nettoyage-de-bureaux-et-dhabitats-a-estavayer-le-lac\/"},"modified":"2025-08-27T01:33:13","modified_gmt":"2025-08-26T23:33:13","slug":"entreprise-de-nettoyage-de-bureaux-et-dhabitats-a-estavayer-le-lac","status":"publish","type":"page","link":"https:\/\/www.artisanlocal.ch\/c\/entreprise-de-nettoyage-de-bureaux-et-dhabitats-a-estavayer-le-lac\/","title":{"rendered":"Entreprise de nettoyage \u00e0 Estavayer-le-lac"},"content":{"rendered":"<p>Nous proposons un service de nettoyage pour votre appartement ou de vos locaux commerciaux \u00e0 Estavayer-le-lac. Notre entreprise est compos\u00e9e d&rsquo;experts qui s&rsquo;appliquent \u00e0 fournir les meilleurs services possible.<br \/>\n\r\n<div class=\"box\">\r\n            <div class=\"company-info\">\r\n            <img decoding=\"async\" class=\"company-info__logo\" src=\"https:\/\/www.artisanlocal.ch\/media\/cache\/thumb\/images\/companies\/64c376034a608904694498.png\" alt=\"Logo\">\r\n            <h2 class=\"company-info__name\">HB NETTOYAGE & SERVICE A LA PERSONNE<\/h2>\r\n            <p class=\"company-info__business\">Entreprise de nettoyage - Entretien - Babysitting<\/p>\r\n        <\/div>\r\n        <div class=\"company-contact\">\r\n            <p class=\"company-info__address\">Route de Rontemard 2A<\/p>\r\n                            <div class=\"links\">\r\n                                            <a class=\"btn has-accent-background-color js-phoneNumber\" href=\"tel:0799164460\" title=\"Appelez\" data-id=\"12718\" data-type=\"11\">079 916 44 60<\/a>\r\n                                                                <a class=\"btn has-accent-background-color\" href=\"https:\/\/nettoyageservice.ch\/\" target=\"_blank\" title=\"Voir le site internet\" data-id=\"12718\" data-type=\"20\">Site internet<\/a>\r\n                                    <\/div>\r\n                    <\/div>\r\n    \r\n            \r\n<form action=\"https:\/\/www.artisanlocal.ch\/c\/wp-admin\/admin-ajax.php\" method=\"post\" class=\"form-contact\" id=\"artisan_form_contact_company_inline\">\r\n    <div><input type=\"hidden\" name=\"action\" value=\"company_contact\"><\/div>\r\n    <div><input type=\"hidden\" name=\"nonce\" value=\"086cf01f96\"><\/div>\r\n    <div><input type=\"hidden\" name=\"company_id\" value=\"12718\"><\/div>\r\n    <div><input type=\"hidden\" name=\"form_id\" value=\"artisan_form_contact_company_inline\"><\/div>\r\n    <div class=\"gglcptch gglcptch_v3 gglcptch_custom\"><input type=\"hidden\" id=\"g-recaptcha-response\" name=\"g-recaptcha-response\" \/><br \/><div class=\"gglcptch_error_text\">La p\u00e9riode de v\u00e9rification reCAPTCHA a expir\u00e9. Veuillez recharger la page.<\/div><\/div>    <div class=\"form-content\">\r\n        <div class=\"form-group\">\r\n            <label for=\"contact_firstName\" class=\"required\">Pr\u00e9nom<\/label>\r\n            <input type=\"text\" name=\"firstName\" class=\"form-control\" required>\r\n        <\/div>\r\n        <div class=\"form-group\">\r\n            <label for=\"contact_lastName\" class=\"required\">Nom<\/label>\r\n            <input type=\"text\" name=\"lastName\" class=\"form-control\" required>\r\n        <\/div>\r\n        <div class=\"form-group\">\r\n            <label for=\"contact_email\" class=\"required\">Email<\/label>\r\n            <input type=\"email\" name=\"email\" class=\"form-control\" required>\r\n        <\/div>\r\n        <div class=\"form-group\">\r\n            <label for=\"contact_phone\" class=\"required\">Num\u00e9ro de t\u00e9l\u00e9phone<\/label>\r\n            <input type=\"tel\" name=\"phone\" class=\"form-control\" placeholder=\"0787117165\" pattern=\"^[0-9]{10}$\" required>\r\n        <\/div>\r\n        <div class=\"form-group\">\r\n            <label for=\"contact_postalCode\" class=\"required\">Code postal et localit\u00e9<\/label>\r\n            <input type=\"text\" name=\"postalCode\" class=\"form-control\" required>\r\n        <\/div>\r\n        <div class=\"form-group\">\r\n            <label for=\"contact_address\" class=\"required\">Adresse<\/label>\r\n            <input type=\"text\" name=\"address\" class=\"form-control\" required>\r\n        <\/div>\r\n        <div class=\"full-width topic\">\r\n            <p class=\"required\">Je souhaite \u00eatre contact\u00e9 pour :<\/p>\r\n            <div class=\"form-check\">\r\n                <input type=\"radio\" name=\"topic\" value=\"D\u00e9pannage\" class=\"form-control\" required>\r\n                <label for=\"d\u00e9pannage\">D\u00e9pannage<\/label>\r\n            <\/div>\r\n            <div class=\"form-check\">\r\n                <input type=\"radio\" name=\"topic\" value=\"Entretien\" class=\"form-control\" required>\r\n                <label for=\"entretien\">Entretien<\/label>\r\n            <\/div>\r\n            <div class=\"form-check\">\r\n                <input type=\"radio\" name=\"topic\" value=\"R\u00e9novation\" class=\"form-control\" required>\r\n                <label for=\"r\u00e9novation\">R\u00e9novation<\/label>\r\n            <\/div>\r\n            <div class=\"form-check\">\r\n                <input type=\"radio\" name=\"topic\" value=\"Autre\" class=\"form-control\" required>\r\n                <label for=\"autre\">Autre<\/label>\r\n            <\/div>\r\n        <\/div>\r\n        <div class=\"form-group full-width\">\r\n            <label for=\"contact_message\">Message<\/label>\r\n            <textarea name=\"message\" rows=\"3\" class=\"form-control\"><\/textarea>\r\n        <\/div>\r\n    <\/div>\r\n    <div class=\"form-actions\">\r\n        <button class=\"wp-block-button__link has-accent-background-color\">Contacter<\/button>\r\n    <\/div>\r\n<\/form>\r\n<div class=\"form-feedback\"><\/div>    <\/div><\/p>\n<h2>Pourquoi travailler avec Artisanlocal ?<\/h2>\n<ul>\n<li>Vous avez la possibilit\u00e9 de prendre un rendez-vous le jour m\u00eame.<\/li>\n<li>Nous utilisons les derni\u00e8res techniques de nettoyage.<\/li>\n<li>Notre service de nettoyage est r\u00e9alis\u00e9 avec des produits \u00e9cologiques.<\/li>\n<li>Nous vous fournissons un devis gratuit.<\/li>\n<\/ul>\n<h2>Services de m\u00e9nage \u00e0 Estavayer-le-lac<\/h2>\n<p>Nous fournissons une large gamme de services de nettoyage pour r\u00e9pondre aux besoins de nos clients.<\/p>\n<p>Qu&rsquo;il s&rsquo;agisse d&rsquo;un nettoyage m\u00e9ticuleux ou d\u2019un m\u00e9nage r\u00e9gulier, nous pouvons \u00e9tablir des solutions sur mesure, voici les services que nous effectuons le plus souvent \u00e0 Estavayer-le-lac :<\/p>\n<ul>\n<li>Service de m\u00e9nage pour votre changement de domicile.<\/li>\n<li>Prestation de nettoyage, si vous \u00eates h\u00f4tes Airbnb.<\/li>\n<li>Nettoyage professionnel de bureaux et locaux commerciaux.<\/li>\n<li>Service de nettoyage apr\u00e8s une r\u00e9novation.<\/li>\n<\/ul>\n<h2>Quels sont les services de nettoyage qu&rsquo;artisanlocal propose\u202f?<\/h2>\n<ul>\n<li>Nettoyage pour les conciergeries d&rsquo;appartements et de maisons Airbnb,<\/li>\n<li>service de m\u00e9nage d&rsquo;appartements,<\/li>\n<li>entretien d&rsquo;appareils \u00e9lectrom\u00e9nagers,<\/li>\n<li>nettoyage de balcon,<\/li>\n<li>services de m\u00e9nage pour les caves,<\/li>\n<li>d\u00e9sinfection des surfaces pour lutter contre les virus,<\/li>\n<li>nettoyage de la vaisselle,<\/li>\n<li>nettoyage des salles de gym,<\/li>\n<li>lavage des sols,<\/li>\n<li>nettoyage des \u00e9tablissements de sant\u00e9,<\/li>\n<li>nettoyage apr\u00e8s un d\u00e9m\u00e9nagement,<\/li>\n<li>nettoyage des espaces de coworking,<\/li>\n<li>nettoyage apr\u00e8s travaux de r\u00e9novation,<\/li>\n<li>entretien de salles de bains,<\/li>\n<li>nettoyage des petits commerces,<\/li>\n<li>nettoyage des \u00e9tablissements p\u00e9dagogiques,<\/li>\n<li>nettoyage des fen\u00eatres.<\/li>\n<\/ul>\n<h2>Une soci\u00e9t\u00e9 sp\u00e9cialis\u00e9e dans les services de nettoyage fiable implant\u00e9e \u00e0 Estavayer-le-lac<\/h2>\n<h3>Entretien et m\u00e9nage d&rsquo;appartement<\/h3>\n<p>Nous r\u00e9alisons le m\u00e9nage d\u2019appartement \u00e0 Estavayer-le-lac, par exemple, nous pouvons nettoyer votre appartement, avant la remise des cl\u00e9s en fin de bail.<\/p>\n<p>Il est important de comprendre que si le m\u00e9nage de l&rsquo;appartement n&rsquo;est pas effectu\u00e9 correctement, le propri\u00e9taire a le pouvoir de faire appel \u00e0 une soci\u00e9t\u00e9 de nettoyage et de retenir une partie de votre caution.<\/p>\n<p>Les services de m\u00e9nage pour l&rsquo;\u00e9tat des lieux incluent :<\/p>\n<p>&#8211; L&rsquo;entretien des surfaces : carrelages, sols, parquets, moquettes et murs.<\/p>\n<p>&#8211; Service de nettoyage des fen\u00eatres et des vitres.<\/p>\n<p>&#8211; L&rsquo;entretien et le nettoyage de la salle de bain et des WC.<\/p>\n<p>&#8211; Le service de nettoyage de la cuisine et de la hotte de cuisson.<\/p>\n<p>&#8211; L&rsquo;\u00e9limination des poussi\u00e8res sur les meubles.<\/p>\n<h3>Vous d\u00e9sirez un nettoyage ponctuel de votre logement\u202f?<\/h3>\n<p>Notre soci\u00e9t\u00e9 offre des services d&rsquo;entretien sur mesure, adapt\u00e9s \u00e0 vos exigences, nous pouvons op\u00e9rer de mani\u00e8res mensuelles, bihebdomadaires ou hebdomadaires.<\/p>\n<h3>Service pour un m\u00e9nage complet de votre habitation \u00e0 Estavayer-le-lac<\/h3>\n<p>Artisanlocal offre des services de m\u00e9nage complet pour votre logement ou maison, en plus de notre service de nettoyage standard.<\/p>\n<h3>Quels sont les avantages d&rsquo;effectuer un nettoyage en profondeur avec notre soci\u00e9t\u00e9 ?<\/h3>\n<p>L&rsquo;avantage de l&rsquo;entretien approfondi est de supprimer les particules, les salet\u00e9s et les salissures qui se sont entass\u00e9es avec le temps, ce qui am\u00e9liore la qualit\u00e9 de l&rsquo;aire int\u00e9rieure de votre habitat. De plus, un entretien approfondi permet aussi d&rsquo;\u00e9liminer efficacement les mauvaises odeurs.<\/p>\n<h3>Nettoyage de bureaux \u00e0 Estavayer-le-lac<\/h3>\n<p>Faire appel \u00e0 Artisanlocal pour le m\u00e9nage de locaux professionnels est la meilleure solution. Vous \u00e9conomiserez du temps et de l&rsquo;\u00e9nergie ! D\u00e9couvrez nos contrats d&rsquo;entretien personnalis\u00e9s pour vos bureaux. Nos contrats s&rsquo;adaptent \u00e0 vos besoins et \u00e0 vos moyens. Voici les prestations que nous offrons pour le nettoyage de vos bureaux :<\/p>\n<ul>\n<li>Nettoyage de vos moquettes et des vitres.<\/li>\n<li>Nettoyage de sofas, de chaises de travail, de divan en tissu ou en cuir brut ou naturel.<\/li>\n<li>Gestion des d\u00e9tritus.<\/li>\n<li>D\u00e9poussi\u00e9rage de toutes les surfaces et mobilier.<\/li>\n<li>Passage de l&rsquo;aspirateur et nettoyage des planchers.<\/li>\n<\/ul>\n<h3>Nettoyage de la propri\u00e9t\u00e9 \u00e0 Estavayer-le-lac<\/h3>\n<p>Pour maintenir l&rsquo;int\u00e9rieur de votre propri\u00e9t\u00e9 soign\u00e9e, il est n\u00e9cessaire de r\u00e9aliser un m\u00e9nage fr\u00e9quent. H\u00e9las, un emploi du temps rempli peut rendre cette t\u00e2che difficile, voire infaisable, d\u00e9l\u00e9guez \u00e0 notre entreprise le nettoyage de votre maison.<\/p>\n<h2>Pourquoi faire appel \u00e0 une entreprise pour r\u00e9aliser le nettoyage de son domicile \u00e0 Estavayer-le-lac ?<\/h2>\n<p>Si vous \u00eates un Staviacois, vous rencontrez peut-\u00eatre des difficult\u00e9s \u00e0 conserver votre int\u00e9rieur bien entretenu. Artinsanlocal vous aide \u00e0 pr\u00e9server votre habition propre. En faisant appel \u00e0 notre soci\u00e9t\u00e9, vous allez pouvoir :<\/p>\n<h3>Mieux organiser votre espace<\/h3>\n<p>Un domicile en d\u00e9sordre peut \u00eatre une source de difficult\u00e9s dans votre quotidien (perte de temps, disputes avec son conjoint, etc.). Notre entreprise Artisanlocal propose des prestations de m\u00e9nage pour les studios et les maisons. Dans le but de :<\/p>\n<h3>Cr\u00e9er une ambiance plus confortable<\/h3>\n<p>En effet, une r\u00e9sidence bien rang\u00e9e permet \u00e0 vos invit\u00e9s de vous sentir mieux.<\/p>\n<h3>Rester en bonne sant\u00e9 et heureux<\/h3>\n<p>Ne pas enlever la poussi\u00e8re et la salet\u00e9 dans votre habitation peut provoquer des risques pour la sant\u00e9, et provoquer des r\u00e9actions allergiques ou aggraver celles d\u00e9j\u00e0 existantes.<\/p>\n<h3>B\u00e9n\u00e9ficier d&rsquo;une meilleure disposition de votre espace int\u00e9rieur<\/h3>\n<p>Il est courant que l&rsquo;espace int\u00e9rieur des habitations soit mal organis\u00e9, ce qui peut vous compliquer la vie. Opter pour nos services de nettoyage pour garder votre int\u00e9rieur propre et organis\u00e9. De plus, nous pouvons aussi intervenir \u00e0 : Cheyres, Estavayer-le-Lac, Bollion, Lully FR, Seiry, Ch\u00e2tillon FR, Font, Ch\u00e2bles FR, Autavaux, Forel FR, Montbrelloz, Cugy FR, Vesin, Frasses, Montet (Broye), Aumont, Granges-de-Vesin, Nuvilly, Murist, Payerne, F\u00e9tigny, M\u00e9ni\u00e8res, Treytorrens (Payerne), Bussy FR, Morens FR, S\u00e9vaz, Rueyres-les-Pr\u00e9s, Grandcour, Chevroux, Vers-chez-Perrin, Trey, Ch\u00e2tonnaye, Corcelles-pr\u00e8s-Payerne, Missy, Cerniat FR, Middes, Cousset, Montagny-les-Monts, Grandsivaz, Mannens, Montagny-la-Ville.<\/p>\n","protected":false},"excerpt":{"rendered":"<p>Nous proposons un service de nettoyage pour votre appartement ou de vos locaux commerciaux \u00e0 Estavayer-le-lac. Notre entreprise est compos\u00e9e d&rsquo;experts qui s&rsquo;appliquent \u00e0 fournir les meilleurs services possible. Pourquoi travailler avec Artisanlocal ? Vous avez la possibilit\u00e9 de prendre un rendez-vous le jour m\u00eame. Nous utilisons les derni\u00e8res techniques de nettoyage. Notre service de [&hellip;]<\/p>\n","protected":false},"author":4,"featured_media":2754,"parent":0,"menu_order":0,"comment_status":"closed","ping_status":"closed","template":"","meta":{"footnotes":""},"profession":[108],"location":[42],"canton":[109],"class_list":["post-448","page","type-page","status-publish","has-post-thumbnail","hentry","profession-agent-de-proprete","location-estavayer-le-lac","canton-fr"],"yoast_head":"<!-- This site is optimized with the Yoast SEO Premium plugin v25.7.1 (Yoast SEO v27.3) - https:\/\/yoast.com\/product\/yoast-seo-premium-wordpress\/ -->\n<title>Entreprise de nettoyage \u00e0 Estavayer-le-lac - Artisanlocal<\/title>\n<meta name=\"robots\" content=\"index, follow, max-snippet:-1, max-image-preview:large, max-video-preview:-1\" \/>\n<link rel=\"canonical\" href=\"https:\/\/www.artisanlocal.ch\/c\/entreprise-de-nettoyage-de-bureaux-et-dhabitats-a-estavayer-le-lac\/\" \/>\n<meta property=\"og:locale\" content=\"fr_FR\" \/>\n<meta property=\"og:type\" content=\"article\" \/>\n<meta property=\"og:title\" content=\"Entreprise de nettoyage \u00e0 Estavayer-le-lac\" \/>\n<meta property=\"og:description\" content=\"Nous proposons un service de nettoyage pour votre appartement ou de vos locaux commerciaux \u00e0 Estavayer-le-lac. Notre entreprise est compos\u00e9e d&rsquo;experts qui s&rsquo;appliquent \u00e0 fournir les meilleurs services possible. Pourquoi travailler avec Artisanlocal ? Vous avez la possibilit\u00e9 de prendre un rendez-vous le jour m\u00eame. Nous utilisons les derni\u00e8res techniques de nettoyage. Notre service de [&hellip;]\" \/>\n<meta property=\"og:url\" content=\"https:\/\/www.artisanlocal.ch\/c\/entreprise-de-nettoyage-de-bureaux-et-dhabitats-a-estavayer-le-lac\/\" \/>\n<meta property=\"og:site_name\" content=\"Artisanlocal\" \/>\n<meta property=\"article:modified_time\" content=\"2025-08-26T23:33:13+00:00\" \/>\n<meta property=\"og:image\" content=\"https:\/\/www.artisanlocal.ch\/c\/wp-content\/uploads\/2024\/10\/agent-proprete.jpg\" \/>\n\t<meta property=\"og:image:width\" content=\"1920\" \/>\n\t<meta property=\"og:image:height\" content=\"300\" \/>\n\t<meta property=\"og:image:type\" content=\"image\/jpeg\" \/>\n<meta name=\"twitter:card\" content=\"summary_large_image\" \/>\n<meta name=\"twitter:label1\" content=\"Dur\u00e9e de lecture estim\u00e9e\" \/>\n\t<meta name=\"twitter:data1\" content=\"5 minutes\" \/>\n<script type=\"application\/ld+json\" class=\"yoast-schema-graph\">{\"@context\":\"https:\\\/\\\/schema.org\",\"@graph\":[{\"@type\":\"WebPage\",\"@id\":\"https:\\\/\\\/www.artisanlocal.ch\\\/c\\\/entreprise-de-nettoyage-de-bureaux-et-dhabitats-a-estavayer-le-lac\\\/\",\"url\":\"https:\\\/\\\/www.artisanlocal.ch\\\/c\\\/entreprise-de-nettoyage-de-bureaux-et-dhabitats-a-estavayer-le-lac\\\/\",\"name\":\"Entreprise de nettoyage \u00e0 Estavayer-le-lac - Artisanlocal\",\"isPartOf\":{\"@id\":\"https:\\\/\\\/www.artisanlocal.ch\\\/c\\\/#website\"},\"primaryImageOfPage\":{\"@id\":\"https:\\\/\\\/www.artisanlocal.ch\\\/c\\\/entreprise-de-nettoyage-de-bureaux-et-dhabitats-a-estavayer-le-lac\\\/#primaryimage\"},\"image\":{\"@id\":\"https:\\\/\\\/www.artisanlocal.ch\\\/c\\\/entreprise-de-nettoyage-de-bureaux-et-dhabitats-a-estavayer-le-lac\\\/#primaryimage\"},\"thumbnailUrl\":\"https:\\\/\\\/www.artisanlocal.ch\\\/c\\\/wp-content\\\/uploads\\\/2024\\\/10\\\/agent-proprete.jpg\",\"datePublished\":\"2024-04-16T16:38:47+00:00\",\"dateModified\":\"2025-08-26T23:33:13+00:00\",\"breadcrumb\":{\"@id\":\"https:\\\/\\\/www.artisanlocal.ch\\\/c\\\/entreprise-de-nettoyage-de-bureaux-et-dhabitats-a-estavayer-le-lac\\\/#breadcrumb\"},\"inLanguage\":\"fr-FR\",\"potentialAction\":[{\"@type\":\"ReadAction\",\"target\":[\"https:\\\/\\\/www.artisanlocal.ch\\\/c\\\/entreprise-de-nettoyage-de-bureaux-et-dhabitats-a-estavayer-le-lac\\\/\"]}]},{\"@type\":\"ImageObject\",\"inLanguage\":\"fr-FR\",\"@id\":\"https:\\\/\\\/www.artisanlocal.ch\\\/c\\\/entreprise-de-nettoyage-de-bureaux-et-dhabitats-a-estavayer-le-lac\\\/#primaryimage\",\"url\":\"https:\\\/\\\/www.artisanlocal.ch\\\/c\\\/wp-content\\\/uploads\\\/2024\\\/10\\\/agent-proprete.jpg\",\"contentUrl\":\"https:\\\/\\\/www.artisanlocal.ch\\\/c\\\/wp-content\\\/uploads\\\/2024\\\/10\\\/agent-proprete.jpg\",\"width\":1920,\"height\":300},{\"@type\":\"BreadcrumbList\",\"@id\":\"https:\\\/\\\/www.artisanlocal.ch\\\/c\\\/entreprise-de-nettoyage-de-bureaux-et-dhabitats-a-estavayer-le-lac\\\/#breadcrumb\",\"itemListElement\":[{\"@type\":\"ListItem\",\"position\":1,\"name\":\"Accueil\",\"item\":\"https:\\\/\\\/www.artisanlocal.ch\\\/c\\\/\"},{\"@type\":\"ListItem\",\"position\":2,\"name\":\"Entreprise de nettoyage \u00e0 Estavayer-le-lac\"}]},{\"@type\":\"WebSite\",\"@id\":\"https:\\\/\\\/www.artisanlocal.ch\\\/c\\\/#website\",\"url\":\"https:\\\/\\\/www.artisanlocal.ch\\\/c\\\/\",\"name\":\"Artisanlocal\",\"description\":\"\",\"publisher\":{\"@id\":\"https:\\\/\\\/www.artisanlocal.ch\\\/c\\\/#organization\"},\"potentialAction\":[{\"@type\":\"SearchAction\",\"target\":{\"@type\":\"EntryPoint\",\"urlTemplate\":\"https:\\\/\\\/www.artisanlocal.ch\\\/c\\\/?s={search_term_string}\"},\"query-input\":{\"@type\":\"PropertyValueSpecification\",\"valueRequired\":true,\"valueName\":\"search_term_string\"}}],\"inLanguage\":\"fr-FR\"},{\"@type\":\"Organization\",\"@id\":\"https:\\\/\\\/www.artisanlocal.ch\\\/c\\\/#organization\",\"name\":\"Artisanlocal\",\"url\":\"https:\\\/\\\/www.artisanlocal.ch\\\/c\\\/\",\"logo\":{\"@type\":\"ImageObject\",\"inLanguage\":\"fr-FR\",\"@id\":\"https:\\\/\\\/www.artisanlocal.ch\\\/c\\\/#\\\/schema\\\/logo\\\/image\\\/\",\"url\":\"https:\\\/\\\/www.artisanlocal.ch\\\/c\\\/wp-content\\\/uploads\\\/2024\\\/02\\\/logo-artisanlocal-h.svg\",\"contentUrl\":\"https:\\\/\\\/www.artisanlocal.ch\\\/c\\\/wp-content\\\/uploads\\\/2024\\\/02\\\/logo-artisanlocal-h.svg\",\"caption\":\"Artisanlocal\"},\"image\":{\"@id\":\"https:\\\/\\\/www.artisanlocal.ch\\\/c\\\/#\\\/schema\\\/logo\\\/image\\\/\"}}]}<\/script>\n<!-- \/ Yoast SEO Premium plugin. -->","yoast_head_json":{"title":"Entreprise de nettoyage \u00e0 Estavayer-le-lac - Artisanlocal","robots":{"index":"index","follow":"follow","max-snippet":"max-snippet:-1","max-image-preview":"max-image-preview:large","max-video-preview":"max-video-preview:-1"},"canonical":"https:\/\/www.artisanlocal.ch\/c\/entreprise-de-nettoyage-de-bureaux-et-dhabitats-a-estavayer-le-lac\/","og_locale":"fr_FR","og_type":"article","og_title":"Entreprise de nettoyage \u00e0 Estavayer-le-lac","og_description":"Nous proposons un service de nettoyage pour votre appartement ou de vos locaux commerciaux \u00e0 Estavayer-le-lac. Notre entreprise est compos\u00e9e d&rsquo;experts qui s&rsquo;appliquent \u00e0 fournir les meilleurs services possible. Pourquoi travailler avec Artisanlocal ? Vous avez la possibilit\u00e9 de prendre un rendez-vous le jour m\u00eame. Nous utilisons les derni\u00e8res techniques de nettoyage. Notre service de [&hellip;]","og_url":"https:\/\/www.artisanlocal.ch\/c\/entreprise-de-nettoyage-de-bureaux-et-dhabitats-a-estavayer-le-lac\/","og_site_name":"Artisanlocal","article_modified_time":"2025-08-26T23:33:13+00:00","og_image":[{"width":1920,"height":300,"url":"https:\/\/www.artisanlocal.ch\/c\/wp-content\/uploads\/2024\/10\/agent-proprete.jpg","type":"image\/jpeg"}],"twitter_card":"summary_large_image","twitter_misc":{"Dur\u00e9e de lecture estim\u00e9e":"5 minutes"},"schema":{"@context":"https:\/\/schema.org","@graph":[{"@type":"WebPage","@id":"https:\/\/www.artisanlocal.ch\/c\/entreprise-de-nettoyage-de-bureaux-et-dhabitats-a-estavayer-le-lac\/","url":"https:\/\/www.artisanlocal.ch\/c\/entreprise-de-nettoyage-de-bureaux-et-dhabitats-a-estavayer-le-lac\/","name":"Entreprise de nettoyage \u00e0 Estavayer-le-lac - Artisanlocal","isPartOf":{"@id":"https:\/\/www.artisanlocal.ch\/c\/#website"},"primaryImageOfPage":{"@id":"https:\/\/www.artisanlocal.ch\/c\/entreprise-de-nettoyage-de-bureaux-et-dhabitats-a-estavayer-le-lac\/#primaryimage"},"image":{"@id":"https:\/\/www.artisanlocal.ch\/c\/entreprise-de-nettoyage-de-bureaux-et-dhabitats-a-estavayer-le-lac\/#primaryimage"},"thumbnailUrl":"https:\/\/www.artisanlocal.ch\/c\/wp-content\/uploads\/2024\/10\/agent-proprete.jpg","datePublished":"2024-04-16T16:38:47+00:00","dateModified":"2025-08-26T23:33:13+00:00","breadcrumb":{"@id":"https:\/\/www.artisanlocal.ch\/c\/entreprise-de-nettoyage-de-bureaux-et-dhabitats-a-estavayer-le-lac\/#breadcrumb"},"inLanguage":"fr-FR","potentialAction":[{"@type":"ReadAction","target":["https:\/\/www.artisanlocal.ch\/c\/entreprise-de-nettoyage-de-bureaux-et-dhabitats-a-estavayer-le-lac\/"]}]},{"@type":"ImageObject","inLanguage":"fr-FR","@id":"https:\/\/www.artisanlocal.ch\/c\/entreprise-de-nettoyage-de-bureaux-et-dhabitats-a-estavayer-le-lac\/#primaryimage","url":"https:\/\/www.artisanlocal.ch\/c\/wp-content\/uploads\/2024\/10\/agent-proprete.jpg","contentUrl":"https:\/\/www.artisanlocal.ch\/c\/wp-content\/uploads\/2024\/10\/agent-proprete.jpg","width":1920,"height":300},{"@type":"BreadcrumbList","@id":"https:\/\/www.artisanlocal.ch\/c\/entreprise-de-nettoyage-de-bureaux-et-dhabitats-a-estavayer-le-lac\/#breadcrumb","itemListElement":[{"@type":"ListItem","position":1,"name":"Accueil","item":"https:\/\/www.artisanlocal.ch\/c\/"},{"@type":"ListItem","position":2,"name":"Entreprise de nettoyage \u00e0 Estavayer-le-lac"}]},{"@type":"WebSite","@id":"https:\/\/www.artisanlocal.ch\/c\/#website","url":"https:\/\/www.artisanlocal.ch\/c\/","name":"Artisanlocal","description":"","publisher":{"@id":"https:\/\/www.artisanlocal.ch\/c\/#organization"},"potentialAction":[{"@type":"SearchAction","target":{"@type":"EntryPoint","urlTemplate":"https:\/\/www.artisanlocal.ch\/c\/?s={search_term_string}"},"query-input":{"@type":"PropertyValueSpecification","valueRequired":true,"valueName":"search_term_string"}}],"inLanguage":"fr-FR"},{"@type":"Organization","@id":"https:\/\/www.artisanlocal.ch\/c\/#organization","name":"Artisanlocal","url":"https:\/\/www.artisanlocal.ch\/c\/","logo":{"@type":"ImageObject","inLanguage":"fr-FR","@id":"https:\/\/www.artisanlocal.ch\/c\/#\/schema\/logo\/image\/","url":"https:\/\/www.artisanlocal.ch\/c\/wp-content\/uploads\/2024\/02\/logo-artisanlocal-h.svg","contentUrl":"https:\/\/www.artisanlocal.ch\/c\/wp-content\/uploads\/2024\/02\/logo-artisanlocal-h.svg","caption":"Artisanlocal"},"image":{"@id":"https:\/\/www.artisanlocal.ch\/c\/#\/schema\/logo\/image\/"}}]}},"_links":{"self":[{"href":"https:\/\/www.artisanlocal.ch\/c\/wp-json\/wp\/v2\/pages\/448","targetHints":{"allow":["GET"]}}],"collection":[{"href":"https:\/\/www.artisanlocal.ch\/c\/wp-json\/wp\/v2\/pages"}],"about":[{"href":"https:\/\/www.artisanlocal.ch\/c\/wp-json\/wp\/v2\/types\/page"}],"author":[{"embeddable":true,"href":"https:\/\/www.artisanlocal.ch\/c\/wp-json\/wp\/v2\/users\/4"}],"replies":[{"embeddable":true,"href":"https:\/\/www.artisanlocal.ch\/c\/wp-json\/wp\/v2\/comments?post=448"}],"version-history":[{"count":0,"href":"https:\/\/www.artisanlocal.ch\/c\/wp-json\/wp\/v2\/pages\/448\/revisions"}],"wp:featuredmedia":[{"embeddable":true,"href":"https:\/\/www.artisanlocal.ch\/c\/wp-json\/wp\/v2\/media\/2754"}],"wp:attachment":[{"href":"https:\/\/www.artisanlocal.ch\/c\/wp-json\/wp\/v2\/media?parent=448"}],"wp:term":[{"taxonomy":"profession","embeddable":true,"href":"https:\/\/www.artisanlocal.ch\/c\/wp-json\/wp\/v2\/profession?post=448"},{"taxonomy":"location","embeddable":true,"href":"https:\/\/www.artisanlocal.ch\/c\/wp-json\/wp\/v2\/location?post=448"},{"taxonomy":"canton","embeddable":true,"href":"https:\/\/www.artisanlocal.ch\/c\/wp-json\/wp\/v2\/canton?post=448"}],"curies":[{"name":"wp","href":"https:\/\/api.w.org\/{rel}","templated":true}]}}