{"id":449,"date":"2024-04-16T18:38:47","date_gmt":"2024-04-16T16:38:47","guid":{"rendered":"https:\/\/www.artisanlocal.ch\/c\/entreprise-de-nettoyage-de-bureaux-et-de-domiciles-a-chardonne\/"},"modified":"2025-09-04T14:41:48","modified_gmt":"2025-09-04T12:41:48","slug":"entreprise-de-nettoyage-de-bureaux-et-de-domiciles-a-chardonne","status":"publish","type":"page","link":"https:\/\/www.artisanlocal.ch\/c\/entreprise-de-nettoyage-de-bureaux-et-de-domiciles-a-chardonne\/","title":{"rendered":"Entreprise de nettoyage \u00e0 Chardonne"},"content":{"rendered":"<p>Besoin d&rsquo;une entreprise de nettoyage \u00e0 Chardonne ? Artisanlocal nettoie votre habitation ou votre entreprise.<br \/>\n\r\n<div class=\"box\">\r\n            <div class=\"company-info\">\r\n            <img decoding=\"async\" class=\"company-info__logo\" src=\"https:\/\/www.artisanlocal.ch\/media\/cache\/thumb\/images\/companies\/6874d312006b8512916948.png\" alt=\"Logo\">\r\n            <h2 class=\"company-info__name\">Dini Services S\u00e0rl<\/h2>\r\n            <p class=\"company-info__business\">Entreprise de nettoyage - Conciergerie - Entretien d'immeuble - Nettoyage fin de chantier \/ de bail<\/p>\r\n        <\/div>\r\n        <div class=\"company-contact\">\r\n            <p class=\"company-info__address\">Chemin des Saules 9<\/p>\r\n                            <div class=\"links\">\r\n                                            <a class=\"btn has-accent-background-color js-phoneNumber\" href=\"tel:0767001432\" title=\"Appelez\" data-id=\"27181\" data-type=\"11\">076 700 14 32<\/a>\r\n                                                                <a class=\"btn has-accent-background-color\" href=\"https:\/\/dini-services.ch\/\" target=\"_blank\" title=\"Voir le site internet\" data-id=\"27181\" data-type=\"20\">Site internet<\/a>\r\n                                    <\/div>\r\n                    <\/div>\r\n    \r\n            \r\n<form action=\"https:\/\/www.artisanlocal.ch\/c\/wp-admin\/admin-ajax.php\" method=\"post\" class=\"form-contact\" id=\"artisan_form_contact_company_inline\">\r\n    <div><input type=\"hidden\" name=\"action\" value=\"company_contact\"><\/div>\r\n    <div><input type=\"hidden\" name=\"nonce\" value=\"1289a079ae\"><\/div>\r\n    <div><input type=\"hidden\" name=\"company_id\" value=\"27181\"><\/div>\r\n    <div><input type=\"hidden\" name=\"form_id\" value=\"artisan_form_contact_company_inline\"><\/div>\r\n    <div class=\"gglcptch gglcptch_v3 gglcptch_custom\"><input type=\"hidden\" id=\"g-recaptcha-response\" name=\"g-recaptcha-response\" \/><br \/><div class=\"gglcptch_error_text\">La p\u00e9riode de v\u00e9rification reCAPTCHA a expir\u00e9. Veuillez recharger la page.<\/div><\/div>    <div class=\"form-content\">\r\n        <div class=\"form-group\">\r\n            <label for=\"contact_firstName\" class=\"required\">Pr\u00e9nom<\/label>\r\n            <input type=\"text\" name=\"firstName\" class=\"form-control\" required>\r\n        <\/div>\r\n        <div class=\"form-group\">\r\n            <label for=\"contact_lastName\" class=\"required\">Nom<\/label>\r\n            <input type=\"text\" name=\"lastName\" class=\"form-control\" required>\r\n        <\/div>\r\n        <div class=\"form-group\">\r\n            <label for=\"contact_email\" class=\"required\">Email<\/label>\r\n            <input type=\"email\" name=\"email\" class=\"form-control\" required>\r\n        <\/div>\r\n        <div class=\"form-group\">\r\n            <label for=\"contact_phone\" class=\"required\">Num\u00e9ro de t\u00e9l\u00e9phone<\/label>\r\n            <input type=\"tel\" name=\"phone\" class=\"form-control\" placeholder=\"0787117165\" pattern=\"^[0-9]{10}$\" required>\r\n        <\/div>\r\n        <div class=\"form-group\">\r\n            <label for=\"contact_postalCode\" class=\"required\">Code postal et localit\u00e9<\/label>\r\n            <input type=\"text\" name=\"postalCode\" class=\"form-control\" required>\r\n        <\/div>\r\n        <div class=\"form-group\">\r\n            <label for=\"contact_address\" class=\"required\">Adresse<\/label>\r\n            <input type=\"text\" name=\"address\" class=\"form-control\" required>\r\n        <\/div>\r\n        <div class=\"full-width topic\">\r\n            <p class=\"required\">Je souhaite \u00eatre contact\u00e9 pour :<\/p>\r\n            <div class=\"form-check\">\r\n                <input type=\"radio\" name=\"topic\" value=\"D\u00e9pannage\" class=\"form-control\" required>\r\n                <label for=\"d\u00e9pannage\">D\u00e9pannage<\/label>\r\n            <\/div>\r\n            <div class=\"form-check\">\r\n                <input type=\"radio\" name=\"topic\" value=\"Entretien\" class=\"form-control\" required>\r\n                <label for=\"entretien\">Entretien<\/label>\r\n            <\/div>\r\n            <div class=\"form-check\">\r\n                <input type=\"radio\" name=\"topic\" value=\"R\u00e9novation\" class=\"form-control\" required>\r\n                <label for=\"r\u00e9novation\">R\u00e9novation<\/label>\r\n            <\/div>\r\n            <div class=\"form-check\">\r\n                <input type=\"radio\" name=\"topic\" value=\"Autre\" class=\"form-control\" required>\r\n                <label for=\"autre\">Autre<\/label>\r\n            <\/div>\r\n        <\/div>\r\n        <div class=\"form-group full-width\">\r\n            <label for=\"contact_message\">Message<\/label>\r\n            <textarea name=\"message\" rows=\"3\" class=\"form-control\"><\/textarea>\r\n        <\/div>\r\n    <\/div>\r\n    <div class=\"form-actions\">\r\n        <button class=\"wp-block-button__link has-accent-background-color\">Contacter<\/button>\r\n    <\/div>\r\n<\/form>\r\n<div class=\"form-feedback\"><\/div>    <\/div><\/p>\n<h2>Pourquoi travailler avec Artisanlocal ?<\/h2>\n<ul>\n<li>Planifier un rendez-vous avec notre entreprise aujourd&rsquo;hui.<\/li>\n<li>Des techniciens form\u00e9s avec les derni\u00e8res techniques.<\/li>\n<li>Nettoyage r\u00e9alis\u00e9 avec des produits \u00e9cologiques.<\/li>\n<li>Devis gratuits.<\/li>\n<\/ul>\n<h2>Quels sont les services d&rsquo;Artisanlocal\u202f?<\/h2>\n<ul>\n<li>M\u00e9nage pour les locations temporaires,<\/li>\n<li>Nettoyage et d&rsquo;appartements.<\/li>\n<li>M\u00e9nage avant emm\u00e9nagement\/apr\u00e8s d\u00e9m\u00e9nagement.<\/li>\n<li>M\u00e9nage pour propri\u00e9taire Airbnb.<\/li>\n<li>Nettoyage des espaces de bureaux et des commerces.<\/li>\n<li>Nettoyage apr\u00e8s une r\u00e9novation.<\/li>\n<li>D\u00e9poussi\u00e9rage d&rsquo;appareils \u00e9lectrom\u00e9nagers.<\/li>\n<li>Nettoyage et entretien de votre ext\u00e9rieur.<\/li>\n<li>Nettoyage de sous-sols.<\/li>\n<li>Assainissement des surfaces pour lutter contre les virus.<\/li>\n<li>Nettoyage de la vaisselle.<\/li>\n<li>Nettoyage des installations sportives.<\/li>\n<li>Nettoyage des sols.<\/li>\n<li>Nettoyage sanitaire en milieu m\u00e9dical,<\/li>\n<li>Nettoyage apr\u00e8s un changement de domicile.<\/li>\n<li>Nettoyage des locaux professionnels.<\/li>\n<li>Nettoyage et m\u00e9nage apr\u00e8s des travaux.<\/li>\n<li>Nettoyage de salles de bains.<\/li>\n<li>Nettoyage des locaux commerciaux.<\/li>\n<li>Nettoyage d&rsquo;\u00e9coles.<\/li>\n<li>Lavage de vitres.<\/li>\n<\/ul>\n<h2>Une soci\u00e9t\u00e9 de m\u00e9nage fiable implant\u00e9e en Suisse<\/h2>\n<h3>M\u00e9nage d&rsquo;int\u00e9rieur pour appartement \u00e0 Chardonne<\/h3>\n<p>Si vous habitez \u00e0 Chardonne, nous intervenons g\u00e9n\u00e9ralement pour r\u00e9aliser le m\u00e9nage d&rsquo;appartement en amont de l&rsquo;\u00e9tat des lieux de sortie.<\/p>\n<p>Il est important de savoir que si le m\u00e9nage de l&rsquo;appartement n&rsquo;est pas effectu\u00e9 correctement, le propri\u00e9taire peut faire appel \u00e0 une entreprise de nettoyage et conserver une partie de votre caution.<\/p>\n<p>Les services de nettoyage pour l&rsquo;\u00e9tat des lieux comprennent :<\/p>\n<ul>\n<li>Le nettoyage des surfaces : les sols, les murs, les planchers, les tapis et les carrelages.<\/li>\n<li>Service de nettoyage des vitres et des fen\u00eatres.<\/li>\n<li>L&rsquo;entretien et le nettoyage de la salle de bain et des WC.<\/li>\n<li>Le nettoyage de l&rsquo;espace de cuisson et du syst\u00e8me de ventilation du coin cuisine.<\/li>\n<li>Le d\u00e9poussi\u00e9rage des meubles.<\/li>\n<\/ul>\n<h3>Vous avez besoin d&rsquo;un nettoyage continu de votre logement\u202f?<\/h3>\n<p>Notre entreprise propose des solutions d&rsquo;entretien adapt\u00e9es \u00e0 vos attentes, avec des interventions chaque semaine, bihebdomadaires ou chaque mois.<\/p>\n<h3>Service pour un nettoyage en profondeur de votre maison \u00e0 Chardonne<\/h3>\n<p>Artisanlocal propose des services de nettoyage approfondis pour votre villa ou votre studio, en compl\u00e9ment de notre service de nettoyage standard.<\/p>\n<h3>Quels sont les avantages de faire un entretien en profondeur avec notre soci\u00e9t\u00e9 ?<\/h3>\n<p>Le principal avantage du m\u00e9nage en profondeur est d&rsquo;\u00e9liminer la salet\u00e9, la poussi\u00e8re et la crasse qui se sont empil\u00e9es progressivement, ce qui am\u00e9liore la qualit\u00e9 de l&rsquo;air int\u00e9rieur. De plus, un nettoyage en profondeur permet aussi d&rsquo;\u00e9liminer efficacement les mauvaises odeurs.<\/p>\n<h3>Service de m\u00e9nage de bureaux \u00e0 Chardonne<\/h3>\n<ul>\n<li>Traitement des tapis et lavage de vitres de bureau.<\/li>\n<li>Entretien de sofas, de si\u00e8ges de travail, de canap\u00e9 en textile ou en cuir.<\/li>\n<li>Gestion des d\u00e9chets.<\/li>\n<li>Nettoyage des poussi\u00e8res.<\/li>\n<li>D\u00e9poussi\u00e9rage des sols avec l&rsquo;aspirateur et nettoyage des planchers.<\/li>\n<\/ul>\n<h3>M\u00e9nage de votre habitation \u00e0 Chardonne<\/h3>\n<p>Pour que votre habitation reste toujours aussi impeccable, un m\u00e9nage quotidien doit faire partie de vos habitudes. De nos jours, la plupart des gens ont un calendrier charg\u00e9 et cela rend difficile la r\u00e9alisation des corv\u00e9es m\u00e9nag\u00e8res courantes, c&rsquo;est ici que notre entreprise peut vous aider dans vos corv\u00e9es m\u00e9nag\u00e8res.<\/p>\n<h2>Pourquoi faire appel \u00e0 une entreprise de nettoyage \u00e0 Chardonne ?<\/h2>\n<p>Si vous \u00eates un Chardonneret, vous rencontrez peut-\u00eatre des probl\u00e8mes \u00e0 conserver votre int\u00e9rieur bien entretenu. Nos services vous aideront \u00e0 pr\u00e9server votre habitation aussi propre que possible. En ayant recours \u00e0 notre entreprise, vous allez pouvoir :<\/p>\n<h3>Mieux organiser votre espace<\/h3>\n<p>Si votre domicile est d\u00e9sorganis\u00e9, il est compliqu\u00e9 de se sentir bien chez soi.<\/p>\n<h3>Cr\u00e9er une atmosph\u00e8re plus confortable<\/h3>\n<p>En effet, une r\u00e9sidence bien organis\u00e9e vous permet et \u00e0 vos invit\u00e9s de vous sentir mieux.<\/p>\n<h3>Rester en bonne forme et content<\/h3>\n<p>Ne pas \u00e9liminer la poussi\u00e8re et la salet\u00e9 dans votre maison peut provoquer des r\u00e9actions allergiques ou augmenter celles d\u00e9j\u00e0 existantes. En engageant une soci\u00e9t\u00e9 de m\u00e9nage, vous r\u00e9duisez le risque d&rsquo;allergies.<\/p>\n<h3>B\u00e9n\u00e9ficier d&rsquo;une meilleure configuration de votre espace int\u00e9rieur<\/h3>\n<p>Comme beaucoup de domiciles, votre habitation peut \u00eatre en d\u00e9sordre, ce qui rend la vie difficile. Notre service de m\u00e9nage peut s&rsquo;av\u00e9rer utile pour conserver votre int\u00e9rieur bien rang\u00e9. De plus, nous intervenons dans les villes aux alentours, comme : Puidoux, Chexbres, Rivaz, St-Saphorin (Lavaux), Aran, Chenaux, Grandvaux, Cully, Villette (Lavaux), Riex, Epesses, Vevey, Le Mont-P\u00e8lerin, Corseaux, Corsier-sur-Vevey, Jongny, St-L\u00e9gier-La Chi\u00e9saz, Blonay, Les Monts-de-Corsier, Fenil-sur-Corsier, La Tour-de-Peilz, Clarens, Chailly-Montreux, Brent, Montreux, Territet, Veytaux, Chernex, Glion, Caux, Chamby, Villard-sur-Chamby, Les Avants.<\/p>\n","protected":false},"excerpt":{"rendered":"<p>Besoin d&rsquo;une entreprise de nettoyage \u00e0 Chardonne ? Artisanlocal nettoie votre habitation ou votre entreprise. Pourquoi travailler avec Artisanlocal ? Planifier un rendez-vous avec notre entreprise aujourd&rsquo;hui. Des techniciens form\u00e9s avec les derni\u00e8res techniques. Nettoyage r\u00e9alis\u00e9 avec des produits \u00e9cologiques. Devis gratuits. Quels sont les services d&rsquo;Artisanlocal\u202f? M\u00e9nage pour les locations temporaires, Nettoyage et d&rsquo;appartements. [&hellip;]<\/p>\n","protected":false},"author":4,"featured_media":2754,"parent":0,"menu_order":0,"comment_status":"closed","ping_status":"closed","template":"","meta":{"footnotes":""},"profession":[108],"location":[54],"canton":[113],"class_list":["post-449","page","type-page","status-publish","has-post-thumbnail","hentry","profession-agent-de-proprete","location-chardonne","canton-vd"],"yoast_head":"<!-- This site is optimized with the Yoast SEO Premium plugin v25.7.1 (Yoast SEO v27.3) - https:\/\/yoast.com\/product\/yoast-seo-premium-wordpress\/ -->\n<title>Entreprise de nettoyage \u00e0 Chardonne - Artisanlocal<\/title>\n<meta name=\"robots\" content=\"index, follow, max-snippet:-1, max-image-preview:large, max-video-preview:-1\" \/>\n<link rel=\"canonical\" href=\"https:\/\/www.artisanlocal.ch\/c\/entreprise-de-nettoyage-de-bureaux-et-de-domiciles-a-chardonne\/\" \/>\n<meta property=\"og:locale\" content=\"fr_FR\" \/>\n<meta property=\"og:type\" content=\"article\" \/>\n<meta property=\"og:title\" content=\"Entreprise de nettoyage \u00e0 Chardonne\" \/>\n<meta property=\"og:description\" content=\"Besoin d&rsquo;une entreprise de nettoyage \u00e0 Chardonne ? Artisanlocal nettoie votre habitation ou votre entreprise. Pourquoi travailler avec Artisanlocal ? Planifier un rendez-vous avec notre entreprise aujourd&rsquo;hui. Des techniciens form\u00e9s avec les derni\u00e8res techniques. Nettoyage r\u00e9alis\u00e9 avec des produits \u00e9cologiques. Devis gratuits. Quels sont les services d&rsquo;Artisanlocal\u202f? M\u00e9nage pour les locations temporaires, Nettoyage et d&rsquo;appartements. [&hellip;]\" \/>\n<meta property=\"og:url\" content=\"https:\/\/www.artisanlocal.ch\/c\/entreprise-de-nettoyage-de-bureaux-et-de-domiciles-a-chardonne\/\" \/>\n<meta property=\"og:site_name\" content=\"Artisanlocal\" \/>\n<meta property=\"article:modified_time\" content=\"2025-09-04T12:41:48+00:00\" \/>\n<meta property=\"og:image\" content=\"https:\/\/www.artisanlocal.ch\/c\/wp-content\/uploads\/2024\/10\/agent-proprete.jpg\" \/>\n\t<meta property=\"og:image:width\" content=\"1920\" \/>\n\t<meta property=\"og:image:height\" content=\"300\" \/>\n\t<meta property=\"og:image:type\" content=\"image\/jpeg\" \/>\n<meta name=\"twitter:card\" content=\"summary_large_image\" \/>\n<meta name=\"twitter:label1\" content=\"Dur\u00e9e de lecture estim\u00e9e\" \/>\n\t<meta name=\"twitter:data1\" content=\"4 minutes\" \/>\n<script type=\"application\/ld+json\" class=\"yoast-schema-graph\">{\"@context\":\"https:\\\/\\\/schema.org\",\"@graph\":[{\"@type\":\"WebPage\",\"@id\":\"https:\\\/\\\/www.artisanlocal.ch\\\/c\\\/entreprise-de-nettoyage-de-bureaux-et-de-domiciles-a-chardonne\\\/\",\"url\":\"https:\\\/\\\/www.artisanlocal.ch\\\/c\\\/entreprise-de-nettoyage-de-bureaux-et-de-domiciles-a-chardonne\\\/\",\"name\":\"Entreprise de nettoyage \u00e0 Chardonne - Artisanlocal\",\"isPartOf\":{\"@id\":\"https:\\\/\\\/www.artisanlocal.ch\\\/c\\\/#website\"},\"primaryImageOfPage\":{\"@id\":\"https:\\\/\\\/www.artisanlocal.ch\\\/c\\\/entreprise-de-nettoyage-de-bureaux-et-de-domiciles-a-chardonne\\\/#primaryimage\"},\"image\":{\"@id\":\"https:\\\/\\\/www.artisanlocal.ch\\\/c\\\/entreprise-de-nettoyage-de-bureaux-et-de-domiciles-a-chardonne\\\/#primaryimage\"},\"thumbnailUrl\":\"https:\\\/\\\/www.artisanlocal.ch\\\/c\\\/wp-content\\\/uploads\\\/2024\\\/10\\\/agent-proprete.jpg\",\"datePublished\":\"2024-04-16T16:38:47+00:00\",\"dateModified\":\"2025-09-04T12:41:48+00:00\",\"breadcrumb\":{\"@id\":\"https:\\\/\\\/www.artisanlocal.ch\\\/c\\\/entreprise-de-nettoyage-de-bureaux-et-de-domiciles-a-chardonne\\\/#breadcrumb\"},\"inLanguage\":\"fr-FR\",\"potentialAction\":[{\"@type\":\"ReadAction\",\"target\":[\"https:\\\/\\\/www.artisanlocal.ch\\\/c\\\/entreprise-de-nettoyage-de-bureaux-et-de-domiciles-a-chardonne\\\/\"]}]},{\"@type\":\"ImageObject\",\"inLanguage\":\"fr-FR\",\"@id\":\"https:\\\/\\\/www.artisanlocal.ch\\\/c\\\/entreprise-de-nettoyage-de-bureaux-et-de-domiciles-a-chardonne\\\/#primaryimage\",\"url\":\"https:\\\/\\\/www.artisanlocal.ch\\\/c\\\/wp-content\\\/uploads\\\/2024\\\/10\\\/agent-proprete.jpg\",\"contentUrl\":\"https:\\\/\\\/www.artisanlocal.ch\\\/c\\\/wp-content\\\/uploads\\\/2024\\\/10\\\/agent-proprete.jpg\",\"width\":1920,\"height\":300},{\"@type\":\"BreadcrumbList\",\"@id\":\"https:\\\/\\\/www.artisanlocal.ch\\\/c\\\/entreprise-de-nettoyage-de-bureaux-et-de-domiciles-a-chardonne\\\/#breadcrumb\",\"itemListElement\":[{\"@type\":\"ListItem\",\"position\":1,\"name\":\"Accueil\",\"item\":\"https:\\\/\\\/www.artisanlocal.ch\\\/c\\\/\"},{\"@type\":\"ListItem\",\"position\":2,\"name\":\"Entreprise de nettoyage \u00e0 Chardonne\"}]},{\"@type\":\"WebSite\",\"@id\":\"https:\\\/\\\/www.artisanlocal.ch\\\/c\\\/#website\",\"url\":\"https:\\\/\\\/www.artisanlocal.ch\\\/c\\\/\",\"name\":\"Artisanlocal\",\"description\":\"\",\"publisher\":{\"@id\":\"https:\\\/\\\/www.artisanlocal.ch\\\/c\\\/#organization\"},\"potentialAction\":[{\"@type\":\"SearchAction\",\"target\":{\"@type\":\"EntryPoint\",\"urlTemplate\":\"https:\\\/\\\/www.artisanlocal.ch\\\/c\\\/?s={search_term_string}\"},\"query-input\":{\"@type\":\"PropertyValueSpecification\",\"valueRequired\":true,\"valueName\":\"search_term_string\"}}],\"inLanguage\":\"fr-FR\"},{\"@type\":\"Organization\",\"@id\":\"https:\\\/\\\/www.artisanlocal.ch\\\/c\\\/#organization\",\"name\":\"Artisanlocal\",\"url\":\"https:\\\/\\\/www.artisanlocal.ch\\\/c\\\/\",\"logo\":{\"@type\":\"ImageObject\",\"inLanguage\":\"fr-FR\",\"@id\":\"https:\\\/\\\/www.artisanlocal.ch\\\/c\\\/#\\\/schema\\\/logo\\\/image\\\/\",\"url\":\"https:\\\/\\\/www.artisanlocal.ch\\\/c\\\/wp-content\\\/uploads\\\/2024\\\/02\\\/logo-artisanlocal-h.svg\",\"contentUrl\":\"https:\\\/\\\/www.artisanlocal.ch\\\/c\\\/wp-content\\\/uploads\\\/2024\\\/02\\\/logo-artisanlocal-h.svg\",\"caption\":\"Artisanlocal\"},\"image\":{\"@id\":\"https:\\\/\\\/www.artisanlocal.ch\\\/c\\\/#\\\/schema\\\/logo\\\/image\\\/\"}}]}<\/script>\n<!-- \/ Yoast SEO Premium plugin. -->","yoast_head_json":{"title":"Entreprise de nettoyage \u00e0 Chardonne - Artisanlocal","robots":{"index":"index","follow":"follow","max-snippet":"max-snippet:-1","max-image-preview":"max-image-preview:large","max-video-preview":"max-video-preview:-1"},"canonical":"https:\/\/www.artisanlocal.ch\/c\/entreprise-de-nettoyage-de-bureaux-et-de-domiciles-a-chardonne\/","og_locale":"fr_FR","og_type":"article","og_title":"Entreprise de nettoyage \u00e0 Chardonne","og_description":"Besoin d&rsquo;une entreprise de nettoyage \u00e0 Chardonne ? Artisanlocal nettoie votre habitation ou votre entreprise. Pourquoi travailler avec Artisanlocal ? Planifier un rendez-vous avec notre entreprise aujourd&rsquo;hui. Des techniciens form\u00e9s avec les derni\u00e8res techniques. Nettoyage r\u00e9alis\u00e9 avec des produits \u00e9cologiques. Devis gratuits. Quels sont les services d&rsquo;Artisanlocal\u202f? M\u00e9nage pour les locations temporaires, Nettoyage et d&rsquo;appartements. [&hellip;]","og_url":"https:\/\/www.artisanlocal.ch\/c\/entreprise-de-nettoyage-de-bureaux-et-de-domiciles-a-chardonne\/","og_site_name":"Artisanlocal","article_modified_time":"2025-09-04T12:41:48+00:00","og_image":[{"width":1920,"height":300,"url":"https:\/\/www.artisanlocal.ch\/c\/wp-content\/uploads\/2024\/10\/agent-proprete.jpg","type":"image\/jpeg"}],"twitter_card":"summary_large_image","twitter_misc":{"Dur\u00e9e de lecture estim\u00e9e":"4 minutes"},"schema":{"@context":"https:\/\/schema.org","@graph":[{"@type":"WebPage","@id":"https:\/\/www.artisanlocal.ch\/c\/entreprise-de-nettoyage-de-bureaux-et-de-domiciles-a-chardonne\/","url":"https:\/\/www.artisanlocal.ch\/c\/entreprise-de-nettoyage-de-bureaux-et-de-domiciles-a-chardonne\/","name":"Entreprise de nettoyage \u00e0 Chardonne - Artisanlocal","isPartOf":{"@id":"https:\/\/www.artisanlocal.ch\/c\/#website"},"primaryImageOfPage":{"@id":"https:\/\/www.artisanlocal.ch\/c\/entreprise-de-nettoyage-de-bureaux-et-de-domiciles-a-chardonne\/#primaryimage"},"image":{"@id":"https:\/\/www.artisanlocal.ch\/c\/entreprise-de-nettoyage-de-bureaux-et-de-domiciles-a-chardonne\/#primaryimage"},"thumbnailUrl":"https:\/\/www.artisanlocal.ch\/c\/wp-content\/uploads\/2024\/10\/agent-proprete.jpg","datePublished":"2024-04-16T16:38:47+00:00","dateModified":"2025-09-04T12:41:48+00:00","breadcrumb":{"@id":"https:\/\/www.artisanlocal.ch\/c\/entreprise-de-nettoyage-de-bureaux-et-de-domiciles-a-chardonne\/#breadcrumb"},"inLanguage":"fr-FR","potentialAction":[{"@type":"ReadAction","target":["https:\/\/www.artisanlocal.ch\/c\/entreprise-de-nettoyage-de-bureaux-et-de-domiciles-a-chardonne\/"]}]},{"@type":"ImageObject","inLanguage":"fr-FR","@id":"https:\/\/www.artisanlocal.ch\/c\/entreprise-de-nettoyage-de-bureaux-et-de-domiciles-a-chardonne\/#primaryimage","url":"https:\/\/www.artisanlocal.ch\/c\/wp-content\/uploads\/2024\/10\/agent-proprete.jpg","contentUrl":"https:\/\/www.artisanlocal.ch\/c\/wp-content\/uploads\/2024\/10\/agent-proprete.jpg","width":1920,"height":300},{"@type":"BreadcrumbList","@id":"https:\/\/www.artisanlocal.ch\/c\/entreprise-de-nettoyage-de-bureaux-et-de-domiciles-a-chardonne\/#breadcrumb","itemListElement":[{"@type":"ListItem","position":1,"name":"Accueil","item":"https:\/\/www.artisanlocal.ch\/c\/"},{"@type":"ListItem","position":2,"name":"Entreprise de nettoyage \u00e0 Chardonne"}]},{"@type":"WebSite","@id":"https:\/\/www.artisanlocal.ch\/c\/#website","url":"https:\/\/www.artisanlocal.ch\/c\/","name":"Artisanlocal","description":"","publisher":{"@id":"https:\/\/www.artisanlocal.ch\/c\/#organization"},"potentialAction":[{"@type":"SearchAction","target":{"@type":"EntryPoint","urlTemplate":"https:\/\/www.artisanlocal.ch\/c\/?s={search_term_string}"},"query-input":{"@type":"PropertyValueSpecification","valueRequired":true,"valueName":"search_term_string"}}],"inLanguage":"fr-FR"},{"@type":"Organization","@id":"https:\/\/www.artisanlocal.ch\/c\/#organization","name":"Artisanlocal","url":"https:\/\/www.artisanlocal.ch\/c\/","logo":{"@type":"ImageObject","inLanguage":"fr-FR","@id":"https:\/\/www.artisanlocal.ch\/c\/#\/schema\/logo\/image\/","url":"https:\/\/www.artisanlocal.ch\/c\/wp-content\/uploads\/2024\/02\/logo-artisanlocal-h.svg","contentUrl":"https:\/\/www.artisanlocal.ch\/c\/wp-content\/uploads\/2024\/02\/logo-artisanlocal-h.svg","caption":"Artisanlocal"},"image":{"@id":"https:\/\/www.artisanlocal.ch\/c\/#\/schema\/logo\/image\/"}}]}},"_links":{"self":[{"href":"https:\/\/www.artisanlocal.ch\/c\/wp-json\/wp\/v2\/pages\/449","targetHints":{"allow":["GET"]}}],"collection":[{"href":"https:\/\/www.artisanlocal.ch\/c\/wp-json\/wp\/v2\/pages"}],"about":[{"href":"https:\/\/www.artisanlocal.ch\/c\/wp-json\/wp\/v2\/types\/page"}],"author":[{"embeddable":true,"href":"https:\/\/www.artisanlocal.ch\/c\/wp-json\/wp\/v2\/users\/4"}],"replies":[{"embeddable":true,"href":"https:\/\/www.artisanlocal.ch\/c\/wp-json\/wp\/v2\/comments?post=449"}],"version-history":[{"count":0,"href":"https:\/\/www.artisanlocal.ch\/c\/wp-json\/wp\/v2\/pages\/449\/revisions"}],"wp:featuredmedia":[{"embeddable":true,"href":"https:\/\/www.artisanlocal.ch\/c\/wp-json\/wp\/v2\/media\/2754"}],"wp:attachment":[{"href":"https:\/\/www.artisanlocal.ch\/c\/wp-json\/wp\/v2\/media?parent=449"}],"wp:term":[{"taxonomy":"profession","embeddable":true,"href":"https:\/\/www.artisanlocal.ch\/c\/wp-json\/wp\/v2\/profession?post=449"},{"taxonomy":"location","embeddable":true,"href":"https:\/\/www.artisanlocal.ch\/c\/wp-json\/wp\/v2\/location?post=449"},{"taxonomy":"canton","embeddable":true,"href":"https:\/\/www.artisanlocal.ch\/c\/wp-json\/wp\/v2\/canton?post=449"}],"curies":[{"name":"wp","href":"https:\/\/api.w.org\/{rel}","templated":true}]}}