{"id":451,"date":"2024-04-16T18:38:47","date_gmt":"2024-04-16T16:38:47","guid":{"rendered":"https:\/\/www.artisanlocal.ch\/c\/entreprise-de-nettoyage-professionnel-pour-habitation-et-local-dentreprise-a-mezieres\/"},"modified":"2025-08-27T01:33:10","modified_gmt":"2025-08-26T23:33:10","slug":"entreprise-de-nettoyage-professionnel-pour-habitation-et-local-dentreprise-a-mezieres","status":"publish","type":"page","link":"https:\/\/www.artisanlocal.ch\/c\/entreprise-de-nettoyage-professionnel-pour-habitation-et-local-dentreprise-a-mezieres\/","title":{"rendered":"Entreprise de nettoyage professionnel pour habitation et local d&rsquo;entreprise \u00e0 M\u00e9zi\u00e8res VD"},"content":{"rendered":"<p>Nous proposons un service de nettoyage entier de votre appartement ou de vos locaux commerciaux \u00e0 M\u00e9zi\u00e8res VD. Notre soci\u00e9t\u00e9 est constitu\u00e9e d&rsquo;experts qualifi\u00e9s qui s&rsquo;efforcent de fournir \u00e0 notre client\u00e8le des services de la meilleure qualit\u00e9 possible.<\/p>\n\r\n<div class=\"box\">\r\n            <div class=\"company-info\">\r\n            <img decoding=\"async\" class=\"company-info__logo\" src=\"https:\/\/www.artisanlocal.ch\/media\/cache\/thumb\/images\/companies\/68b6bd19afd1c524227327.png\" alt=\"Logo\">\r\n            <h2 class=\"company-info__name\">La Gouvernante Solution PRO Sarl<\/h2>\r\n            <p class=\"company-info__business\">Entreprise de nettoyage - Entretien - Entretien de jardin - Nettoyage de b\u00e2timents - Conciergerie - Entretien d'immeuble - D\u00e9m\u00e9nagements - D\u00e9barras - Peinture<\/p>\r\n        <\/div>\r\n        <div class=\"company-contact\">\r\n            <p class=\"company-info__address\">Chemin du Publoz 2<\/p>\r\n                            <div class=\"links\">\r\n                                            <a class=\"btn has-accent-background-color js-phoneNumber\" href=\"tel:0791281156\" title=\"Appelez\" data-id=\"26965\" data-type=\"11\">079 128 11 56<\/a>\r\n                                                                <a class=\"btn has-accent-background-color\" href=\"http:\/\/www.lagouvernante.ch\/\" target=\"_blank\" title=\"Voir le site internet\" data-id=\"26965\" data-type=\"20\">Site internet<\/a>\r\n                                    <\/div>\r\n                    <\/div>\r\n    \r\n            \r\n<form action=\"https:\/\/www.artisanlocal.ch\/c\/wp-admin\/admin-ajax.php\" method=\"post\" class=\"form-contact\" id=\"artisan_form_contact_company_inline\">\r\n    <div><input type=\"hidden\" name=\"action\" value=\"company_contact\"><\/div>\r\n    <div><input type=\"hidden\" name=\"nonce\" value=\"ef263162e6\"><\/div>\r\n    <div><input type=\"hidden\" name=\"company_id\" value=\"26965\"><\/div>\r\n    <div><input type=\"hidden\" name=\"form_id\" value=\"artisan_form_contact_company_inline\"><\/div>\r\n    <div class=\"gglcptch gglcptch_v3 gglcptch_custom\"><input type=\"hidden\" id=\"g-recaptcha-response\" name=\"g-recaptcha-response\" \/><br \/><div class=\"gglcptch_error_text\">La p\u00e9riode de v\u00e9rification reCAPTCHA a expir\u00e9. Veuillez recharger la page.<\/div><\/div>    <div class=\"form-content\">\r\n        <div class=\"form-group\">\r\n            <label for=\"contact_firstName\" class=\"required\">Pr\u00e9nom<\/label>\r\n            <input type=\"text\" name=\"firstName\" class=\"form-control\" required>\r\n        <\/div>\r\n        <div class=\"form-group\">\r\n            <label for=\"contact_lastName\" class=\"required\">Nom<\/label>\r\n            <input type=\"text\" name=\"lastName\" class=\"form-control\" required>\r\n        <\/div>\r\n        <div class=\"form-group\">\r\n            <label for=\"contact_email\" class=\"required\">Email<\/label>\r\n            <input type=\"email\" name=\"email\" class=\"form-control\" required>\r\n        <\/div>\r\n        <div class=\"form-group\">\r\n            <label for=\"contact_phone\" class=\"required\">Num\u00e9ro de t\u00e9l\u00e9phone<\/label>\r\n            <input type=\"tel\" name=\"phone\" class=\"form-control\" placeholder=\"0787117165\" pattern=\"^[0-9]{10}$\" required>\r\n        <\/div>\r\n        <div class=\"form-group\">\r\n            <label for=\"contact_postalCode\" class=\"required\">Code postal et localit\u00e9<\/label>\r\n            <input type=\"text\" name=\"postalCode\" class=\"form-control\" required>\r\n        <\/div>\r\n        <div class=\"form-group\">\r\n            <label for=\"contact_address\" class=\"required\">Adresse<\/label>\r\n            <input type=\"text\" name=\"address\" class=\"form-control\" required>\r\n        <\/div>\r\n        <div class=\"full-width topic\">\r\n            <p class=\"required\">Je souhaite \u00eatre contact\u00e9 pour :<\/p>\r\n            <div class=\"form-check\">\r\n                <input type=\"radio\" name=\"topic\" value=\"D\u00e9pannage\" class=\"form-control\" required>\r\n                <label for=\"d\u00e9pannage\">D\u00e9pannage<\/label>\r\n            <\/div>\r\n            <div class=\"form-check\">\r\n                <input type=\"radio\" name=\"topic\" value=\"Entretien\" class=\"form-control\" required>\r\n                <label for=\"entretien\">Entretien<\/label>\r\n            <\/div>\r\n            <div class=\"form-check\">\r\n                <input type=\"radio\" name=\"topic\" value=\"R\u00e9novation\" class=\"form-control\" required>\r\n                <label for=\"r\u00e9novation\">R\u00e9novation<\/label>\r\n            <\/div>\r\n            <div class=\"form-check\">\r\n                <input type=\"radio\" name=\"topic\" value=\"Autre\" class=\"form-control\" required>\r\n                <label for=\"autre\">Autre<\/label>\r\n            <\/div>\r\n        <\/div>\r\n        <div class=\"form-group full-width\">\r\n            <label for=\"contact_message\">Message<\/label>\r\n            <textarea name=\"message\" rows=\"3\" class=\"form-control\"><\/textarea>\r\n        <\/div>\r\n    <\/div>\r\n    <div class=\"form-actions\">\r\n        <button class=\"wp-block-button__link has-accent-background-color\">Contacter<\/button>\r\n    <\/div>\r\n<\/form>\r\n<div class=\"form-feedback\"><\/div>    <\/div>\n<h2>Quelles sont les raisons de collaborer avec notre soci\u00e9t\u00e9 ?<\/h2>\n<ul>\n<li>Vous pouvez r\u00e9server un rendez-vous le jour m\u00eame.<\/li>\n<li>Nos experts en nettoyage et entretien sont tous familiaris\u00e9s avec les derni\u00e8res m\u00e9thodes.<\/li>\n<li>L&rsquo;entretien est r\u00e9alis\u00e9 avec des produits \u00e9cologiques.<\/li>\n<li>Nous vous fournissons un devis gratuit.<\/li>\n<\/ul>\n<h2>Services de m\u00e9nage \u00e0 M\u00e9zi\u00e8res VD<\/h2>\n<p>Nous proposons des services de m\u00e9nage pour satisfaire nos clients.<\/p>\n<p>Dans le cas d&rsquo;un nettoyage complet, d\u2019un m\u00e9nage ponctuel ou d&rsquo;un entretien continu, nous pouvons \u00e9tablir des prestations sur mesure, voici les services que nous r\u00e9alisons le plus souvent \u00e0 M\u00e9zi\u00e8res VD, vous pouvez b\u00e9n\u00e9ficier :<\/p>\n<ul>\n<li>De service de m\u00e9nage pour votre changement de domicile.<\/li>\n<li>D&rsquo;une prestation de nettoyage, si vous \u00eates h\u00f4tes Airbnb.<\/li>\n<li>D&rsquo;un nettoyage professionnel de bureaux et locaux commerciaux.<\/li>\n<li>D&rsquo;un service de nettoyage apr\u00e8s une r\u00e9novation d&rsquo;appartement.<\/li>\n<\/ul>\n<h2>Quels sont les services de nettoyage qu&rsquo;artisanlocal propose\u202f?<\/h2>\n<ul>\n<li>Services de propret\u00e9 pour les locations temporaires,<\/li>\n<li>service de nettoyage de logements,<\/li>\n<li>nettoyage et entretien des appareils m\u00e9nagers,<\/li>\n<li>nettoyage de balcon,<\/li>\n<li>services de m\u00e9nage pour les caves,<\/li>\n<li>d\u00e9sinfection des surfaces pour lutter contre les agents pathog\u00e8nes,<\/li>\n<li>service de lavage de la vaisselle,<\/li>\n<li>nettoyage des installations sportives,<\/li>\n<li>lavage des sols,<\/li>\n<li>nettoyage sanitaire en milieu hospitalier,<\/li>\n<li>m\u00e9nage et nettoyage apr\u00e8s un d\u00e9m\u00e9nagement,<\/li>\n<li>nettoyage de bureaux,<\/li>\n<li>nettoyage apr\u00e8s des travaux,<\/li>\n<li>entretien de salles de bains,<\/li>\n<li>nettoyage des commerces de proximit\u00e9,<\/li>\n<li>nettoyage des \u00e9tablissements p\u00e9dagogiques,<\/li>\n<li>nettoyage des fen\u00eatres.<\/li>\n<\/ul>\n<h2>Une soci\u00e9t\u00e9 sp\u00e9cialis\u00e9e dans les services de nettoyage fiable situ\u00e9e en Suisse<\/h2>\n<h3>Entretien et m\u00e9nage d&rsquo;appartement \u00e0 M\u00e9zi\u00e8res VD<\/h3>\n<p>Si vous r\u00e9sidez \u00e0 M\u00e9zi\u00e8res VD, nous pouvons effectuer le m\u00e9nage de votre studio avant l&rsquo;\u00e9tat des lieux.<\/p>\n<p>Il faut comprendre que si le m\u00e9nage de l&rsquo;appartement n&rsquo;est pas r\u00e9alis\u00e9 de fa\u00e7on convenable, le propri\u00e9taire a le droit de faire appel \u00e0 une soci\u00e9t\u00e9 priv\u00e9e de nettoyage et conserver une part de votre d\u00e9p\u00f4t de garantie.<\/p>\n<p>Ce nettoyage avant l&rsquo;\u00e9tat des lieux inclut notamment les services suivants :<\/p>\n<p>&#8211; Le nettoyage des espaces : les murs, les sols, les parquets, les moquettes et les carrelages.<\/p>\n<p>&#8211; Le nettoyage des vitres et fen\u00eatres.<\/p>\n<p>&#8211; Entretien des toilettes et de la salle de bains.<\/p>\n<p>&#8211; L&rsquo;entretien de l&rsquo;espace de cuisson et du syst\u00e8me de ventilation du coin cuisine.<\/p>\n<p>&#8211; Le d\u00e9poussi\u00e9rage des meubles.<\/p>\n<h3>Vous souhaitez un nettoyage p\u00e9riodique de votre studio?<\/h3>\n<p>Notre entreprise propose des services de propret\u00e9 personnalis\u00e9s, adapt\u00e9s \u00e0 vos demandes, nous pouvons op\u00e9rer de fa\u00e7ons hebdomadaires, bihebdomadaires ou mensuelles.<\/p>\n<h3>Service pour un nettoyage en profondeur de votre maison \u00e0 M\u00e9zi\u00e8res VD<\/h3>\n<p>Artisanlocal offre des services de m\u00e9nage en profondeur pour votre villa ou studio, en compl\u00e9ment de notre prestation de m\u00e9nage standard.<\/p>\n<h3>Quels sont les avantages de faire un entretien en profondeur avec notre entreprise ?<\/h3>\n<p>L&rsquo;avantage du m\u00e9nage en profondeur est de supprimer les particules, les salet\u00e9s et les salissures qui se sont entass\u00e9es progressivement, ce qui contribue \u00e0 un meilleur environnement int\u00e9rieur de votre domicile. De plus, un nettoyage en profondeur permet aussi d&rsquo;\u00e9liminer efficacement les odeurs d\u00e9sagr\u00e9ables.<\/p>\n<h3>M\u00e9nage de bureaux \u00e0 M\u00e9zi\u00e8res VD<\/h3>\n<p>S&rsquo;adresser \u00e0 Artisanlocal pour l&rsquo;entretien de locaux professionnels est la meilleure solution. Vous gagnerez du temps et de l&rsquo;\u00e9nergie ! D\u00e9couvrez nos contrats de m\u00e9nage sur mesures pour vos locaux. Nos contrats sont adapt\u00e9s \u00e0 votre budget et \u00e0 vos besoins. D\u00e9couvrez nos services de nettoyage pour les lieux de travail :<\/p>\n<ul>\n<li>Nettoyage de vos moquettes et des vitres.<\/li>\n<li>Service d&rsquo;entretien des mobiliers de bureau en cuir ou tissu (des fauteuils, des locaux professionnels, des divans).<\/li>\n<li>Gestion des poubelles.<\/li>\n<li>\u00c9limination de la poussi\u00e8re sur toutes les surfaces et mobilier.<\/li>\n<li>D\u00e9poussi\u00e9rage des sols avec l&rsquo;aspirateur et lavage des planchers.<\/li>\n<\/ul>\n<h3>Service de nettoyage de propri\u00e9t\u00e9 \u00e0 M\u00e9zi\u00e8res VD<\/h3>\n<p>Pour que votre propri\u00e9t\u00e9 reste continuellement aussi net, un m\u00e9nage quotidien n\u00e9cessite d&rsquo;\u00eatre inclus dans votre routine. H\u00e9las, un calendrier rempli peut rendre cette mission compliqu\u00e9e, voire impossible, d\u00e9l\u00e9guez \u00e0 notre entreprise le nettoyage de votre maison.<\/p>\n<h2>Pourquoi faire appel \u00e0 une entreprise de nettoyage \u00e0 M\u00e9zi\u00e8res VD ?<\/h2>\n<p>Si vous habitez \u00e0 M\u00e9zi\u00e8res VD vous avez peut-\u00eatre du mal \u00e0 garder votre habitat bien rang\u00e9 et propre. Nos services, vous aideront \u00e0 garder votre r\u00e9sidence aussi propre que possible. En faisant appel \u00e0 notre entreprise, vous serez en mesure de :<\/p>\n<h3>Mieux g\u00e9rer l&rsquo;int\u00e9rieur de votre maison<\/h3>\n<p>Si votre habitat est en d\u00e9sordre, il est compliqu\u00e9 de se sentir bien dans son logement. Artisanlocal propose des prestations de m\u00e9nage pour les studios et les maisons. Dans le but de :<\/p>\n<h3>Cr\u00e9er une ambiance plus accueillante<\/h3>\n<p>En effet, une propri\u00e9t\u00e9 bien organis\u00e9e vous aidera ainsi que vos invit\u00e9s \u00e0 vous sentir plus \u00e0 l&rsquo;aise.<\/p>\n<h3>Rester en bonne sant\u00e9 et heureux<\/h3>\n<p>Ne pas enlever la poussi\u00e8re et la salet\u00e9 dans votre habitation peut pr\u00e9senter des risques pour la sant\u00e9, comme causer des r\u00e9actions allergiques ou intensifier celles d\u00e9j\u00e0 existantes. En engageant une entreprise de m\u00e9nage, vous r\u00e9duisez les allerg\u00e8nes.<\/p>\n<h3>Optimiser la disposition g\u00e9n\u00e9rale de votre habitation<\/h3>\n<p>Il est habituel que l&rsquo;int\u00e9rieur des propri\u00e9t\u00e9s soit mal rang\u00e9, ce qui peut rendre difficile la vie quotidienne. Choisissez notre service de m\u00e9nage pour vous assurer la bonne organisation et propret\u00e9 de votre propri\u00e9t\u00e9. Par ailleurs, nous pouvons aussi intervenir \u00e0 : Peney-le-Jorat, Forel (Lavaux), Mollie-Margot, Savigny, Ferlens VD, Servion, Essertes, Les Cullayes, Montpreveyres, Corcelles-le-Jorat, Carrouge VD, Vulliens, Ropraz, Les Tavernes, Les Thioleyres, Pal\u00e9zieux, Pal\u00e9zieux-Village, Oron-le-Ch\u00e2tel, Chapelle (Gl\u00e2ne), Bussigny-sur-Oron, Chesalles-sur-Oron, Ch\u00e2tillens, Oron-la-Ville, Vuibroye, Le Cr\u00eat-pr\u00e8s-Semsales, Ecoteaux, Maracon.<\/p>\n","protected":false},"excerpt":{"rendered":"<p>Nous proposons un service de nettoyage entier de votre appartement ou de vos locaux commerciaux \u00e0 M\u00e9zi\u00e8res VD. Notre soci\u00e9t\u00e9 est constitu\u00e9e d&rsquo;experts qualifi\u00e9s qui s&rsquo;efforcent de fournir \u00e0 notre client\u00e8le des services de la meilleure qualit\u00e9 possible. Quelles sont les raisons de collaborer avec notre soci\u00e9t\u00e9 ? Vous pouvez r\u00e9server un rendez-vous le jour [&hellip;]<\/p>\n","protected":false},"author":4,"featured_media":2754,"parent":0,"menu_order":0,"comment_status":"closed","ping_status":"closed","template":"","meta":{"footnotes":""},"profession":[108],"location":[95],"canton":[113],"class_list":["post-451","page","type-page","status-publish","has-post-thumbnail","hentry","profession-agent-de-proprete","location-mezieres-vd","canton-vd"],"yoast_head":"<!-- This site is optimized with the Yoast SEO Premium plugin v25.7.1 (Yoast SEO v27.3) - https:\/\/yoast.com\/product\/yoast-seo-premium-wordpress\/ -->\n<title>Entreprise de nettoyage professionnel pour habitation et local d&#039;entreprise \u00e0 M\u00e9zi\u00e8res VD - Artisanlocal<\/title>\n<meta name=\"robots\" content=\"index, follow, max-snippet:-1, max-image-preview:large, max-video-preview:-1\" \/>\n<link rel=\"canonical\" href=\"https:\/\/www.artisanlocal.ch\/c\/entreprise-de-nettoyage-professionnel-pour-habitation-et-local-dentreprise-a-mezieres\/\" \/>\n<meta property=\"og:locale\" content=\"fr_FR\" \/>\n<meta property=\"og:type\" content=\"article\" \/>\n<meta property=\"og:title\" content=\"Entreprise de nettoyage professionnel pour habitation et local d&#039;entreprise \u00e0 M\u00e9zi\u00e8res VD\" \/>\n<meta property=\"og:description\" content=\"Nous proposons un service de nettoyage entier de votre appartement ou de vos locaux commerciaux \u00e0 M\u00e9zi\u00e8res VD. Notre soci\u00e9t\u00e9 est constitu\u00e9e d&rsquo;experts qualifi\u00e9s qui s&rsquo;efforcent de fournir \u00e0 notre client\u00e8le des services de la meilleure qualit\u00e9 possible. Quelles sont les raisons de collaborer avec notre soci\u00e9t\u00e9 ? Vous pouvez r\u00e9server un rendez-vous le jour [&hellip;]\" \/>\n<meta property=\"og:url\" content=\"https:\/\/www.artisanlocal.ch\/c\/entreprise-de-nettoyage-professionnel-pour-habitation-et-local-dentreprise-a-mezieres\/\" \/>\n<meta property=\"og:site_name\" content=\"Artisanlocal\" \/>\n<meta property=\"article:modified_time\" content=\"2025-08-26T23:33:10+00:00\" \/>\n<meta property=\"og:image\" content=\"https:\/\/www.artisanlocal.ch\/c\/wp-content\/uploads\/2024\/10\/agent-proprete.jpg\" \/>\n\t<meta property=\"og:image:width\" content=\"1920\" \/>\n\t<meta property=\"og:image:height\" content=\"300\" \/>\n\t<meta property=\"og:image:type\" content=\"image\/jpeg\" \/>\n<meta name=\"twitter:card\" content=\"summary_large_image\" \/>\n<meta name=\"twitter:label1\" content=\"Dur\u00e9e de lecture estim\u00e9e\" \/>\n\t<meta name=\"twitter:data1\" content=\"5 minutes\" \/>\n<script type=\"application\/ld+json\" class=\"yoast-schema-graph\">{\"@context\":\"https:\\\/\\\/schema.org\",\"@graph\":[{\"@type\":\"WebPage\",\"@id\":\"https:\\\/\\\/www.artisanlocal.ch\\\/c\\\/entreprise-de-nettoyage-professionnel-pour-habitation-et-local-dentreprise-a-mezieres\\\/\",\"url\":\"https:\\\/\\\/www.artisanlocal.ch\\\/c\\\/entreprise-de-nettoyage-professionnel-pour-habitation-et-local-dentreprise-a-mezieres\\\/\",\"name\":\"Entreprise de nettoyage professionnel pour habitation et local d'entreprise \u00e0 M\u00e9zi\u00e8res VD - Artisanlocal\",\"isPartOf\":{\"@id\":\"https:\\\/\\\/www.artisanlocal.ch\\\/c\\\/#website\"},\"primaryImageOfPage\":{\"@id\":\"https:\\\/\\\/www.artisanlocal.ch\\\/c\\\/entreprise-de-nettoyage-professionnel-pour-habitation-et-local-dentreprise-a-mezieres\\\/#primaryimage\"},\"image\":{\"@id\":\"https:\\\/\\\/www.artisanlocal.ch\\\/c\\\/entreprise-de-nettoyage-professionnel-pour-habitation-et-local-dentreprise-a-mezieres\\\/#primaryimage\"},\"thumbnailUrl\":\"https:\\\/\\\/www.artisanlocal.ch\\\/c\\\/wp-content\\\/uploads\\\/2024\\\/10\\\/agent-proprete.jpg\",\"datePublished\":\"2024-04-16T16:38:47+00:00\",\"dateModified\":\"2025-08-26T23:33:10+00:00\",\"breadcrumb\":{\"@id\":\"https:\\\/\\\/www.artisanlocal.ch\\\/c\\\/entreprise-de-nettoyage-professionnel-pour-habitation-et-local-dentreprise-a-mezieres\\\/#breadcrumb\"},\"inLanguage\":\"fr-FR\",\"potentialAction\":[{\"@type\":\"ReadAction\",\"target\":[\"https:\\\/\\\/www.artisanlocal.ch\\\/c\\\/entreprise-de-nettoyage-professionnel-pour-habitation-et-local-dentreprise-a-mezieres\\\/\"]}]},{\"@type\":\"ImageObject\",\"inLanguage\":\"fr-FR\",\"@id\":\"https:\\\/\\\/www.artisanlocal.ch\\\/c\\\/entreprise-de-nettoyage-professionnel-pour-habitation-et-local-dentreprise-a-mezieres\\\/#primaryimage\",\"url\":\"https:\\\/\\\/www.artisanlocal.ch\\\/c\\\/wp-content\\\/uploads\\\/2024\\\/10\\\/agent-proprete.jpg\",\"contentUrl\":\"https:\\\/\\\/www.artisanlocal.ch\\\/c\\\/wp-content\\\/uploads\\\/2024\\\/10\\\/agent-proprete.jpg\",\"width\":1920,\"height\":300},{\"@type\":\"BreadcrumbList\",\"@id\":\"https:\\\/\\\/www.artisanlocal.ch\\\/c\\\/entreprise-de-nettoyage-professionnel-pour-habitation-et-local-dentreprise-a-mezieres\\\/#breadcrumb\",\"itemListElement\":[{\"@type\":\"ListItem\",\"position\":1,\"name\":\"Accueil\",\"item\":\"https:\\\/\\\/www.artisanlocal.ch\\\/c\\\/\"},{\"@type\":\"ListItem\",\"position\":2,\"name\":\"Entreprise de nettoyage professionnel pour habitation et local d&rsquo;entreprise \u00e0 M\u00e9zi\u00e8res\"}]},{\"@type\":\"WebSite\",\"@id\":\"https:\\\/\\\/www.artisanlocal.ch\\\/c\\\/#website\",\"url\":\"https:\\\/\\\/www.artisanlocal.ch\\\/c\\\/\",\"name\":\"Artisanlocal\",\"description\":\"\",\"publisher\":{\"@id\":\"https:\\\/\\\/www.artisanlocal.ch\\\/c\\\/#organization\"},\"potentialAction\":[{\"@type\":\"SearchAction\",\"target\":{\"@type\":\"EntryPoint\",\"urlTemplate\":\"https:\\\/\\\/www.artisanlocal.ch\\\/c\\\/?s={search_term_string}\"},\"query-input\":{\"@type\":\"PropertyValueSpecification\",\"valueRequired\":true,\"valueName\":\"search_term_string\"}}],\"inLanguage\":\"fr-FR\"},{\"@type\":\"Organization\",\"@id\":\"https:\\\/\\\/www.artisanlocal.ch\\\/c\\\/#organization\",\"name\":\"Artisanlocal\",\"url\":\"https:\\\/\\\/www.artisanlocal.ch\\\/c\\\/\",\"logo\":{\"@type\":\"ImageObject\",\"inLanguage\":\"fr-FR\",\"@id\":\"https:\\\/\\\/www.artisanlocal.ch\\\/c\\\/#\\\/schema\\\/logo\\\/image\\\/\",\"url\":\"https:\\\/\\\/www.artisanlocal.ch\\\/c\\\/wp-content\\\/uploads\\\/2024\\\/02\\\/logo-artisanlocal-h.svg\",\"contentUrl\":\"https:\\\/\\\/www.artisanlocal.ch\\\/c\\\/wp-content\\\/uploads\\\/2024\\\/02\\\/logo-artisanlocal-h.svg\",\"caption\":\"Artisanlocal\"},\"image\":{\"@id\":\"https:\\\/\\\/www.artisanlocal.ch\\\/c\\\/#\\\/schema\\\/logo\\\/image\\\/\"}}]}<\/script>\n<!-- \/ Yoast SEO Premium plugin. -->","yoast_head_json":{"title":"Entreprise de nettoyage professionnel pour habitation et local d'entreprise \u00e0 M\u00e9zi\u00e8res VD - Artisanlocal","robots":{"index":"index","follow":"follow","max-snippet":"max-snippet:-1","max-image-preview":"max-image-preview:large","max-video-preview":"max-video-preview:-1"},"canonical":"https:\/\/www.artisanlocal.ch\/c\/entreprise-de-nettoyage-professionnel-pour-habitation-et-local-dentreprise-a-mezieres\/","og_locale":"fr_FR","og_type":"article","og_title":"Entreprise de nettoyage professionnel pour habitation et local d'entreprise \u00e0 M\u00e9zi\u00e8res VD","og_description":"Nous proposons un service de nettoyage entier de votre appartement ou de vos locaux commerciaux \u00e0 M\u00e9zi\u00e8res VD. Notre soci\u00e9t\u00e9 est constitu\u00e9e d&rsquo;experts qualifi\u00e9s qui s&rsquo;efforcent de fournir \u00e0 notre client\u00e8le des services de la meilleure qualit\u00e9 possible. Quelles sont les raisons de collaborer avec notre soci\u00e9t\u00e9 ? Vous pouvez r\u00e9server un rendez-vous le jour [&hellip;]","og_url":"https:\/\/www.artisanlocal.ch\/c\/entreprise-de-nettoyage-professionnel-pour-habitation-et-local-dentreprise-a-mezieres\/","og_site_name":"Artisanlocal","article_modified_time":"2025-08-26T23:33:10+00:00","og_image":[{"width":1920,"height":300,"url":"https:\/\/www.artisanlocal.ch\/c\/wp-content\/uploads\/2024\/10\/agent-proprete.jpg","type":"image\/jpeg"}],"twitter_card":"summary_large_image","twitter_misc":{"Dur\u00e9e de lecture estim\u00e9e":"5 minutes"},"schema":{"@context":"https:\/\/schema.org","@graph":[{"@type":"WebPage","@id":"https:\/\/www.artisanlocal.ch\/c\/entreprise-de-nettoyage-professionnel-pour-habitation-et-local-dentreprise-a-mezieres\/","url":"https:\/\/www.artisanlocal.ch\/c\/entreprise-de-nettoyage-professionnel-pour-habitation-et-local-dentreprise-a-mezieres\/","name":"Entreprise de nettoyage professionnel pour habitation et local d'entreprise \u00e0 M\u00e9zi\u00e8res VD - Artisanlocal","isPartOf":{"@id":"https:\/\/www.artisanlocal.ch\/c\/#website"},"primaryImageOfPage":{"@id":"https:\/\/www.artisanlocal.ch\/c\/entreprise-de-nettoyage-professionnel-pour-habitation-et-local-dentreprise-a-mezieres\/#primaryimage"},"image":{"@id":"https:\/\/www.artisanlocal.ch\/c\/entreprise-de-nettoyage-professionnel-pour-habitation-et-local-dentreprise-a-mezieres\/#primaryimage"},"thumbnailUrl":"https:\/\/www.artisanlocal.ch\/c\/wp-content\/uploads\/2024\/10\/agent-proprete.jpg","datePublished":"2024-04-16T16:38:47+00:00","dateModified":"2025-08-26T23:33:10+00:00","breadcrumb":{"@id":"https:\/\/www.artisanlocal.ch\/c\/entreprise-de-nettoyage-professionnel-pour-habitation-et-local-dentreprise-a-mezieres\/#breadcrumb"},"inLanguage":"fr-FR","potentialAction":[{"@type":"ReadAction","target":["https:\/\/www.artisanlocal.ch\/c\/entreprise-de-nettoyage-professionnel-pour-habitation-et-local-dentreprise-a-mezieres\/"]}]},{"@type":"ImageObject","inLanguage":"fr-FR","@id":"https:\/\/www.artisanlocal.ch\/c\/entreprise-de-nettoyage-professionnel-pour-habitation-et-local-dentreprise-a-mezieres\/#primaryimage","url":"https:\/\/www.artisanlocal.ch\/c\/wp-content\/uploads\/2024\/10\/agent-proprete.jpg","contentUrl":"https:\/\/www.artisanlocal.ch\/c\/wp-content\/uploads\/2024\/10\/agent-proprete.jpg","width":1920,"height":300},{"@type":"BreadcrumbList","@id":"https:\/\/www.artisanlocal.ch\/c\/entreprise-de-nettoyage-professionnel-pour-habitation-et-local-dentreprise-a-mezieres\/#breadcrumb","itemListElement":[{"@type":"ListItem","position":1,"name":"Accueil","item":"https:\/\/www.artisanlocal.ch\/c\/"},{"@type":"ListItem","position":2,"name":"Entreprise de nettoyage professionnel pour habitation et local d&rsquo;entreprise \u00e0 M\u00e9zi\u00e8res"}]},{"@type":"WebSite","@id":"https:\/\/www.artisanlocal.ch\/c\/#website","url":"https:\/\/www.artisanlocal.ch\/c\/","name":"Artisanlocal","description":"","publisher":{"@id":"https:\/\/www.artisanlocal.ch\/c\/#organization"},"potentialAction":[{"@type":"SearchAction","target":{"@type":"EntryPoint","urlTemplate":"https:\/\/www.artisanlocal.ch\/c\/?s={search_term_string}"},"query-input":{"@type":"PropertyValueSpecification","valueRequired":true,"valueName":"search_term_string"}}],"inLanguage":"fr-FR"},{"@type":"Organization","@id":"https:\/\/www.artisanlocal.ch\/c\/#organization","name":"Artisanlocal","url":"https:\/\/www.artisanlocal.ch\/c\/","logo":{"@type":"ImageObject","inLanguage":"fr-FR","@id":"https:\/\/www.artisanlocal.ch\/c\/#\/schema\/logo\/image\/","url":"https:\/\/www.artisanlocal.ch\/c\/wp-content\/uploads\/2024\/02\/logo-artisanlocal-h.svg","contentUrl":"https:\/\/www.artisanlocal.ch\/c\/wp-content\/uploads\/2024\/02\/logo-artisanlocal-h.svg","caption":"Artisanlocal"},"image":{"@id":"https:\/\/www.artisanlocal.ch\/c\/#\/schema\/logo\/image\/"}}]}},"_links":{"self":[{"href":"https:\/\/www.artisanlocal.ch\/c\/wp-json\/wp\/v2\/pages\/451","targetHints":{"allow":["GET"]}}],"collection":[{"href":"https:\/\/www.artisanlocal.ch\/c\/wp-json\/wp\/v2\/pages"}],"about":[{"href":"https:\/\/www.artisanlocal.ch\/c\/wp-json\/wp\/v2\/types\/page"}],"author":[{"embeddable":true,"href":"https:\/\/www.artisanlocal.ch\/c\/wp-json\/wp\/v2\/users\/4"}],"replies":[{"embeddable":true,"href":"https:\/\/www.artisanlocal.ch\/c\/wp-json\/wp\/v2\/comments?post=451"}],"version-history":[{"count":0,"href":"https:\/\/www.artisanlocal.ch\/c\/wp-json\/wp\/v2\/pages\/451\/revisions"}],"wp:featuredmedia":[{"embeddable":true,"href":"https:\/\/www.artisanlocal.ch\/c\/wp-json\/wp\/v2\/media\/2754"}],"wp:attachment":[{"href":"https:\/\/www.artisanlocal.ch\/c\/wp-json\/wp\/v2\/media?parent=451"}],"wp:term":[{"taxonomy":"profession","embeddable":true,"href":"https:\/\/www.artisanlocal.ch\/c\/wp-json\/wp\/v2\/profession?post=451"},{"taxonomy":"location","embeddable":true,"href":"https:\/\/www.artisanlocal.ch\/c\/wp-json\/wp\/v2\/location?post=451"},{"taxonomy":"canton","embeddable":true,"href":"https:\/\/www.artisanlocal.ch\/c\/wp-json\/wp\/v2\/canton?post=451"}],"curies":[{"name":"wp","href":"https:\/\/api.w.org\/{rel}","templated":true}]}}