{"id":452,"date":"2024-04-16T18:38:47","date_gmt":"2024-04-16T16:38:47","guid":{"rendered":"https:\/\/www.artisanlocal.ch\/c\/entreprise-de-nettoyage-de-bureaux-et-dhebergements-a-montreux\/"},"modified":"2025-08-27T01:33:08","modified_gmt":"2025-08-26T23:33:08","slug":"entreprise-de-nettoyage-de-bureaux-et-dhebergements-a-montreux","status":"publish","type":"page","link":"https:\/\/www.artisanlocal.ch\/c\/entreprise-de-nettoyage-de-bureaux-et-dhebergements-a-montreux\/","title":{"rendered":"Entreprise de nettoyage de bureaux et d&rsquo;h\u00e9bergements \u00e0 Montreux"},"content":{"rendered":"<p>Nous sommes une entreprise \u00e0 Montreux proposant un service de nettoyage pour les professionnels et les particuliers. Notre \u00e9quipe d&rsquo;experts exp\u00e9riment\u00e9s s&rsquo;engage \u00e0 r\u00e9aliser des prestations de qualit\u00e9.<\/p>\n\r\n<div class=\"box\">\r\n            <div class=\"company-info\">\r\n            <img decoding=\"async\" class=\"company-info__logo\" src=\"https:\/\/www.artisanlocal.ch\/media\/cache\/thumb\/images\/companies\/6874d312006b8512916948.png\" alt=\"Logo\">\r\n            <h2 class=\"company-info__name\">Dini Services S\u00e0rl<\/h2>\r\n            <p class=\"company-info__business\">Entreprise de nettoyage - Conciergerie - Entretien d'immeuble - Nettoyage fin de chantier \/ de bail<\/p>\r\n        <\/div>\r\n        <div class=\"company-contact\">\r\n            <p class=\"company-info__address\">Chemin des Saules 9<\/p>\r\n                            <div class=\"links\">\r\n                                            <a class=\"btn has-accent-background-color js-phoneNumber\" href=\"tel:0767001432\" title=\"Appelez\" data-id=\"27181\" data-type=\"11\">076 700 14 32<\/a>\r\n                                                                <a class=\"btn has-accent-background-color\" href=\"https:\/\/dini-services.ch\/\" target=\"_blank\" title=\"Voir le site internet\" data-id=\"27181\" data-type=\"20\">Site internet<\/a>\r\n                                    <\/div>\r\n                    <\/div>\r\n    \r\n            \r\n<form action=\"https:\/\/www.artisanlocal.ch\/c\/wp-admin\/admin-ajax.php\" method=\"post\" class=\"form-contact\" id=\"artisan_form_contact_company_inline\">\r\n    <div><input type=\"hidden\" name=\"action\" value=\"company_contact\"><\/div>\r\n    <div><input type=\"hidden\" name=\"nonce\" value=\"1dbf28e6f0\"><\/div>\r\n    <div><input type=\"hidden\" name=\"company_id\" value=\"27181\"><\/div>\r\n    <div><input type=\"hidden\" name=\"form_id\" value=\"artisan_form_contact_company_inline\"><\/div>\r\n    <div class=\"gglcptch gglcptch_v3 gglcptch_custom\"><input type=\"hidden\" id=\"g-recaptcha-response\" name=\"g-recaptcha-response\" \/><br \/><div class=\"gglcptch_error_text\">La p\u00e9riode de v\u00e9rification reCAPTCHA a expir\u00e9. Veuillez recharger la page.<\/div><\/div>    <div class=\"form-content\">\r\n        <div class=\"form-group\">\r\n            <label for=\"contact_firstName\" class=\"required\">Pr\u00e9nom<\/label>\r\n            <input type=\"text\" name=\"firstName\" class=\"form-control\" required>\r\n        <\/div>\r\n        <div class=\"form-group\">\r\n            <label for=\"contact_lastName\" class=\"required\">Nom<\/label>\r\n            <input type=\"text\" name=\"lastName\" class=\"form-control\" required>\r\n        <\/div>\r\n        <div class=\"form-group\">\r\n            <label for=\"contact_email\" class=\"required\">Email<\/label>\r\n            <input type=\"email\" name=\"email\" class=\"form-control\" required>\r\n        <\/div>\r\n        <div class=\"form-group\">\r\n            <label for=\"contact_phone\" class=\"required\">Num\u00e9ro de t\u00e9l\u00e9phone<\/label>\r\n            <input type=\"tel\" name=\"phone\" class=\"form-control\" placeholder=\"0787117165\" pattern=\"^[0-9]{10}$\" required>\r\n        <\/div>\r\n        <div class=\"form-group\">\r\n            <label for=\"contact_postalCode\" class=\"required\">Code postal et localit\u00e9<\/label>\r\n            <input type=\"text\" name=\"postalCode\" class=\"form-control\" required>\r\n        <\/div>\r\n        <div class=\"form-group\">\r\n            <label for=\"contact_address\" class=\"required\">Adresse<\/label>\r\n            <input type=\"text\" name=\"address\" class=\"form-control\" required>\r\n        <\/div>\r\n        <div class=\"full-width topic\">\r\n            <p class=\"required\">Je souhaite \u00eatre contact\u00e9 pour :<\/p>\r\n            <div class=\"form-check\">\r\n                <input type=\"radio\" name=\"topic\" value=\"D\u00e9pannage\" class=\"form-control\" required>\r\n                <label for=\"d\u00e9pannage\">D\u00e9pannage<\/label>\r\n            <\/div>\r\n            <div class=\"form-check\">\r\n                <input type=\"radio\" name=\"topic\" value=\"Entretien\" class=\"form-control\" required>\r\n                <label for=\"entretien\">Entretien<\/label>\r\n            <\/div>\r\n            <div class=\"form-check\">\r\n                <input type=\"radio\" name=\"topic\" value=\"R\u00e9novation\" class=\"form-control\" required>\r\n                <label for=\"r\u00e9novation\">R\u00e9novation<\/label>\r\n            <\/div>\r\n            <div class=\"form-check\">\r\n                <input type=\"radio\" name=\"topic\" value=\"Autre\" class=\"form-control\" required>\r\n                <label for=\"autre\">Autre<\/label>\r\n            <\/div>\r\n        <\/div>\r\n        <div class=\"form-group full-width\">\r\n            <label for=\"contact_message\">Message<\/label>\r\n            <textarea name=\"message\" rows=\"3\" class=\"form-control\"><\/textarea>\r\n        <\/div>\r\n    <\/div>\r\n    <div class=\"form-actions\">\r\n        <button class=\"wp-block-button__link has-accent-background-color\">Contacter<\/button>\r\n    <\/div>\r\n<\/form>\r\n<div class=\"form-feedback\"><\/div>    <\/div>\n<h2>Quelles sont les raisons de travailler avec notre entreprise ?<\/h2>\n<ul>\n<li>Il est envisageable de planifier un rendez-vous avec notre soci\u00e9t\u00e9 dans la journ\u00e9e.<\/li>\n<li>Nous utilisons les derni\u00e8res techniques de nettoyage.<\/li>\n<li>Nous utilisons des produits durables.<\/li>\n<li>Nous vous fournissons une estimation gratuite.<\/li>\n<\/ul>\n<h2>Services de m\u00e9nage \u00e0 Montreux<\/h2>\n<p>Nous proposons une gamme de services de nettoyage sur mesure pour satisfaire les attentes de nos clients.<\/p>\n<p>Dans le cas d&rsquo;un m\u00e9nage m\u00e9ticuleux, d&rsquo;un m\u00e9nage r\u00e9gulier ou d&rsquo;un entretien constant, nous pouvons \u00e9laborer des solutions adapt\u00e9es \u00e0 vos besoins, voici les services que nous r\u00e9alisons le plus souvent \u00e0 Montreux, vous pouvez profiter :<\/p>\n<ul>\n<li>D&rsquo;un m\u00e9nage avant emm\u00e9nagement\/apr\u00e8s d\u00e9m\u00e9nagement pour les habitants.<\/li>\n<li>D&rsquo;une solution de m\u00e9nage, si vous \u00eates h\u00f4tes Airbnb.<\/li>\n<li>D&rsquo;un lavage des espaces de bureaux et des locaux commerciaux.<\/li>\n<li>D&rsquo;un service de nettoyage professionnel apr\u00e8s des travaux de r\u00e9novation.<\/li>\n<\/ul>\n<h2>Quelles sont les solutions de nettoyage qu&rsquo;artisanlocal propose\u202f?<\/h2>\n<ul>\n<li>Service de nettoyage pour les locations de courte dur\u00e9e,<\/li>\n<li>service de m\u00e9nage de logements,<\/li>\n<li>entretien et nettoyage des appareils \u00e9lectrom\u00e9nagers,<\/li>\n<li>nettoyage du jardin,<\/li>\n<li>services de propret\u00e9 pour les sous-sols,<\/li>\n<li>assainissement des surfaces pour lutter contre les agents pathog\u00e8nes,<\/li>\n<li> lavage de la vaisselle,<\/li>\n<li>nettoyage des salles de sports,<\/li>\n<li>entretien des sols,<\/li>\n<li>nettoyage sanitaire en milieu m\u00e9dical,<\/li>\n<li>m\u00e9nage et nettoyage apr\u00e8s un d\u00e9m\u00e9nagement,<\/li>\n<li>nettoyage de bureaux,<\/li>\n<li>service de m\u00e9nage apr\u00e8s travaux de r\u00e9novation,<\/li>\n<li>m\u00e9nage de salles de bains,<\/li>\n<li>nettoyage des petits commerces,<\/li>\n<li>nettoyage des \u00e9tablissements p\u00e9dagogiques,<\/li>\n<li>lavage de vitres.<\/li>\n<\/ul>\n<h2>Une soci\u00e9t\u00e9 sp\u00e9cialis\u00e9e dans les services de m\u00e9nage fiable situ\u00e9e en Suisse<\/h2>\n<h3>Service de nettoyage d&rsquo;appartement \u00e0 Montreux<\/h3>\n<p>Si vous habitez \u00e0 Montreux, nous pouvons effectuer le m\u00e9nage de votre studio avant l&rsquo;\u00e9tat des lieux de sortie.<\/p>\n<p>Il faut savoir que si le m\u00e9nage de l&rsquo;appartement n&rsquo;est pas effectu\u00e9 de mani\u00e8re satisfaisante, le gestionnaire immobilier a le droit de faire appel \u00e0 une soci\u00e9t\u00e9 de nettoyage et conserver une partie de votre d\u00e9p\u00f4t de garantie.<\/p>\n<p>Les services de m\u00e9nage pour la remise des cl\u00e9s incluent :<\/p>\n<p>&#8211; L&rsquo;entretien des surfaces : carrelages, sols, parquets, moquettes et murs.<\/p>\n<p>&#8211; Le lavage des vitres et fen\u00eatres.<\/p>\n<p>&#8211; Entretien de la salle de bains et des toilettes.<\/p>\n<p>&#8211; Le nettoyage de l&rsquo;espace de cuisson et du syst\u00e8me d&rsquo;a\u00e9ration de la cuisine.<\/p>\n<p>&#8211; Le service de d\u00e9poussi\u00e9rage des meubles.<\/p>\n<h3>Vous souhaitez un nettoyage p\u00e9riodique de votre studio?<\/h3>\n<p>Notre soci\u00e9t\u00e9 propose des services de nettoyage sur mesure, adapt\u00e9s \u00e0 vos demandes, nous pouvons intervenir de mani\u00e8res mensuelles, bihebdomadaires ou hebdomadaires.<\/p>\n<h3>Service pour un m\u00e9nage approfondi de votre maison \u00e0 Montreux<\/h3>\n<p>Artisanlocal offre des services de nettoyage complet pour votre appartement ou maison, en plus de notre service de nettoyage standard.<\/p>\n<h3>Quels sont les b\u00e9n\u00e9fices d\u2019un entretien approfondi avec Artisanlocal ?<\/h3>\n<p>L&rsquo;avantage de l&rsquo;entretien approfondi est de supprimer la salet\u00e9, la poussi\u00e8re et la crasse qui se sont regroup\u00e9e au fil du temps, ce qui participe \u00e0 un meilleur environnement int\u00e9rieur de votre appartement. De plus, un nettoyage en profondeur aide \u00e0 l&rsquo;\u00e9limination des mauvaises odeurs.<\/p>\n<h3>M\u00e9nage de bureaux \u00e0 Montreux<\/h3>\n<p>Pour le nettoyage de vos bureaux, faites confiance \u00e0 Artisanlocal. \u00c9conomisez du temps, de l&rsquo;\u00e9nergie gr\u00e2ce \u00e0 notre entreprise ! Nous proposons des services de nettoyage \u00e0 l&rsquo;ann\u00e9e qui s&rsquo;ajustera \u00e0 vos exigences et \u00e0 votre enveloppe budg\u00e9taire. D\u00e9couvrez nos services de propret\u00e9 pour les bureaux :<\/p>\n<ul>\n<li>Nettoyage de vos tapis et des vitres.<\/li>\n<li>Entretien de fauteuils, de chaises de bureau, de divan en textile ou en cuir brut ou naturel.<\/li>\n<li>Enl\u00e8vement des d\u00e9chets.<\/li>\n<li>\u00c9limination des amas de poussi\u00e8re.<\/li>\n<li>Nettoyage des sols et utilisation de l&rsquo;aspirateur.<\/li>\n<\/ul>\n<h3>Service de m\u00e9nage de maison \u00e0 Montreux<\/h3>\n<p>Pour que votre propri\u00e9t\u00e9 soit tout le temps aussi net, un m\u00e9nage quotidien doit faire partie de votre routine. H\u00e9las, un agenda surcharg\u00e9 peut rendre cette obligation difficile, voire impossible, confiez \u00e0 notre soci\u00e9t\u00e9 le nettoyage de votre maison.<\/p>\n<h2>Pourquoi faire appel \u00e0 une entreprise pour r\u00e9aliser le nettoyage de son habitation \u00e0 Montreux ?<\/h2>\n<p>Si vous \u00eates un Montreusien, vous avez sans doute des difficult\u00e9s \u00e0 garder votre int\u00e9rieur propre et en ordre. Nos solutions sont adapt\u00e9es aux r\u00e9sidents de Montreux. Avec notre soci\u00e9t\u00e9, vous avez la possibilit\u00e9 de :<\/p>\n<h3>Mieux organiser votre espace<\/h3>\n<p>Si votre domicile est en d\u00e9sordre, il est compliqu\u00e9 de se sentir bien dans son logement. Artisanlocal propose des services de nettoyage pour votre maison de fa\u00e7on \u00e0 mieux organiser votre espace, ce qui vous permet, de :<\/p>\n<h3>Cr\u00e9er une ambiance plus accueillante<\/h3>\n<p>Effectivement, une propri\u00e9t\u00e9 bien rang\u00e9e vous aidera ainsi que vos invit\u00e9s \u00e0 vous sentir plus \u00e0 l&rsquo;aise.<\/p>\n<h3>Vivre en bonne sant\u00e9 et heureux<\/h3>\n<p>L&rsquo;accumulation des poussi\u00e8res dans votre propri\u00e9t\u00e9 peut engendrer des risques pour la sant\u00e9, et causer des allergies ou augmenter celles qui existent d\u00e9j\u00e0. En sollicitant les services de notre entreprise de m\u00e9nage, vous limitez les potentiels expositions aux allerg\u00e8nes.<\/p>\n<h3>Avoir une meilleure organisation de votre int\u00e9rieur<\/h3>\n<p>Comme beaucoup de foyers, votre propri\u00e9t\u00e9 peut \u00eatre en pagaille, ce qui provoque des d\u00e9sagr\u00e9ments dans la vie de tous les jours. Nos services peuvent s&rsquo;av\u00e9rer utiles pour conserver votre maison bien organis\u00e9e. D&rsquo;autre part, nous pouvons aussi op\u00e9rer \u00e0 : Puidoux, Chexbres, Rivaz, St-Saphorin (Lavaux), Aran, Chenaux, Grandvaux, Cully, Villette (Lavaux), Riex, Epesses, Vevey, Le Mont-P\u00e8lerin, Corseaux, Chardonne, Corsier-sur-Vevey, Jongny, St-L\u00e9gier-La Chi\u00e9saz, Blonay, Les Monts-de-Corsier, Fenil-sur-Corsier, La Tour-de-Peilz, Clarens, Chailly-Montreux, Brent, Territet, Veytaux, Chernex, Glion, Caux, Chamby, Villard-sur-Chamby, Les Avants.<\/p>\n","protected":false},"excerpt":{"rendered":"<p>Nous sommes une entreprise \u00e0 Montreux proposant un service de nettoyage pour les professionnels et les particuliers. Notre \u00e9quipe d&rsquo;experts exp\u00e9riment\u00e9s s&rsquo;engage \u00e0 r\u00e9aliser des prestations de qualit\u00e9. Quelles sont les raisons de travailler avec notre entreprise ? Il est envisageable de planifier un rendez-vous avec notre soci\u00e9t\u00e9 dans la journ\u00e9e. Nous utilisons les derni\u00e8res [&hellip;]<\/p>\n","protected":false},"author":4,"featured_media":2754,"parent":0,"menu_order":0,"comment_status":"closed","ping_status":"closed","template":"","meta":{"footnotes":""},"profession":[108],"location":[17],"canton":[113],"class_list":["post-452","page","type-page","status-publish","has-post-thumbnail","hentry","profession-agent-de-proprete","location-montreux","canton-vd"],"yoast_head":"<!-- This site is optimized with the Yoast SEO Premium plugin v25.7.1 (Yoast SEO v27.3) - https:\/\/yoast.com\/product\/yoast-seo-premium-wordpress\/ -->\n<title>Entreprise de nettoyage de bureaux et d&#039;h\u00e9bergements \u00e0 Montreux - Artisanlocal<\/title>\n<meta name=\"robots\" content=\"index, follow, max-snippet:-1, max-image-preview:large, max-video-preview:-1\" \/>\n<link rel=\"canonical\" href=\"https:\/\/www.artisanlocal.ch\/c\/entreprise-de-nettoyage-de-bureaux-et-dhebergements-a-montreux\/\" \/>\n<meta property=\"og:locale\" content=\"fr_FR\" \/>\n<meta property=\"og:type\" content=\"article\" \/>\n<meta property=\"og:title\" content=\"Entreprise de nettoyage de bureaux et d&#039;h\u00e9bergements \u00e0 Montreux\" \/>\n<meta property=\"og:description\" content=\"Nous sommes une entreprise \u00e0 Montreux proposant un service de nettoyage pour les professionnels et les particuliers. Notre \u00e9quipe d&rsquo;experts exp\u00e9riment\u00e9s s&rsquo;engage \u00e0 r\u00e9aliser des prestations de qualit\u00e9. Quelles sont les raisons de travailler avec notre entreprise ? Il est envisageable de planifier un rendez-vous avec notre soci\u00e9t\u00e9 dans la journ\u00e9e. Nous utilisons les derni\u00e8res [&hellip;]\" \/>\n<meta property=\"og:url\" content=\"https:\/\/www.artisanlocal.ch\/c\/entreprise-de-nettoyage-de-bureaux-et-dhebergements-a-montreux\/\" \/>\n<meta property=\"og:site_name\" content=\"Artisanlocal\" \/>\n<meta property=\"article:modified_time\" content=\"2025-08-26T23:33:08+00:00\" \/>\n<meta property=\"og:image\" content=\"https:\/\/www.artisanlocal.ch\/c\/wp-content\/uploads\/2024\/10\/agent-proprete.jpg\" \/>\n\t<meta property=\"og:image:width\" content=\"1920\" \/>\n\t<meta property=\"og:image:height\" content=\"300\" \/>\n\t<meta property=\"og:image:type\" content=\"image\/jpeg\" \/>\n<meta name=\"twitter:card\" content=\"summary_large_image\" \/>\n<meta name=\"twitter:label1\" content=\"Dur\u00e9e de lecture estim\u00e9e\" \/>\n\t<meta name=\"twitter:data1\" content=\"5 minutes\" \/>\n<script type=\"application\/ld+json\" class=\"yoast-schema-graph\">{\"@context\":\"https:\\\/\\\/schema.org\",\"@graph\":[{\"@type\":\"WebPage\",\"@id\":\"https:\\\/\\\/www.artisanlocal.ch\\\/c\\\/entreprise-de-nettoyage-de-bureaux-et-dhebergements-a-montreux\\\/\",\"url\":\"https:\\\/\\\/www.artisanlocal.ch\\\/c\\\/entreprise-de-nettoyage-de-bureaux-et-dhebergements-a-montreux\\\/\",\"name\":\"Entreprise de nettoyage de bureaux et d'h\u00e9bergements \u00e0 Montreux - Artisanlocal\",\"isPartOf\":{\"@id\":\"https:\\\/\\\/www.artisanlocal.ch\\\/c\\\/#website\"},\"primaryImageOfPage\":{\"@id\":\"https:\\\/\\\/www.artisanlocal.ch\\\/c\\\/entreprise-de-nettoyage-de-bureaux-et-dhebergements-a-montreux\\\/#primaryimage\"},\"image\":{\"@id\":\"https:\\\/\\\/www.artisanlocal.ch\\\/c\\\/entreprise-de-nettoyage-de-bureaux-et-dhebergements-a-montreux\\\/#primaryimage\"},\"thumbnailUrl\":\"https:\\\/\\\/www.artisanlocal.ch\\\/c\\\/wp-content\\\/uploads\\\/2024\\\/10\\\/agent-proprete.jpg\",\"datePublished\":\"2024-04-16T16:38:47+00:00\",\"dateModified\":\"2025-08-26T23:33:08+00:00\",\"breadcrumb\":{\"@id\":\"https:\\\/\\\/www.artisanlocal.ch\\\/c\\\/entreprise-de-nettoyage-de-bureaux-et-dhebergements-a-montreux\\\/#breadcrumb\"},\"inLanguage\":\"fr-FR\",\"potentialAction\":[{\"@type\":\"ReadAction\",\"target\":[\"https:\\\/\\\/www.artisanlocal.ch\\\/c\\\/entreprise-de-nettoyage-de-bureaux-et-dhebergements-a-montreux\\\/\"]}]},{\"@type\":\"ImageObject\",\"inLanguage\":\"fr-FR\",\"@id\":\"https:\\\/\\\/www.artisanlocal.ch\\\/c\\\/entreprise-de-nettoyage-de-bureaux-et-dhebergements-a-montreux\\\/#primaryimage\",\"url\":\"https:\\\/\\\/www.artisanlocal.ch\\\/c\\\/wp-content\\\/uploads\\\/2024\\\/10\\\/agent-proprete.jpg\",\"contentUrl\":\"https:\\\/\\\/www.artisanlocal.ch\\\/c\\\/wp-content\\\/uploads\\\/2024\\\/10\\\/agent-proprete.jpg\",\"width\":1920,\"height\":300},{\"@type\":\"BreadcrumbList\",\"@id\":\"https:\\\/\\\/www.artisanlocal.ch\\\/c\\\/entreprise-de-nettoyage-de-bureaux-et-dhebergements-a-montreux\\\/#breadcrumb\",\"itemListElement\":[{\"@type\":\"ListItem\",\"position\":1,\"name\":\"Accueil\",\"item\":\"https:\\\/\\\/www.artisanlocal.ch\\\/c\\\/\"},{\"@type\":\"ListItem\",\"position\":2,\"name\":\"Entreprise de nettoyage de bureaux et d&rsquo;h\u00e9bergements \u00e0 Montreux\"}]},{\"@type\":\"WebSite\",\"@id\":\"https:\\\/\\\/www.artisanlocal.ch\\\/c\\\/#website\",\"url\":\"https:\\\/\\\/www.artisanlocal.ch\\\/c\\\/\",\"name\":\"Artisanlocal\",\"description\":\"\",\"publisher\":{\"@id\":\"https:\\\/\\\/www.artisanlocal.ch\\\/c\\\/#organization\"},\"potentialAction\":[{\"@type\":\"SearchAction\",\"target\":{\"@type\":\"EntryPoint\",\"urlTemplate\":\"https:\\\/\\\/www.artisanlocal.ch\\\/c\\\/?s={search_term_string}\"},\"query-input\":{\"@type\":\"PropertyValueSpecification\",\"valueRequired\":true,\"valueName\":\"search_term_string\"}}],\"inLanguage\":\"fr-FR\"},{\"@type\":\"Organization\",\"@id\":\"https:\\\/\\\/www.artisanlocal.ch\\\/c\\\/#organization\",\"name\":\"Artisanlocal\",\"url\":\"https:\\\/\\\/www.artisanlocal.ch\\\/c\\\/\",\"logo\":{\"@type\":\"ImageObject\",\"inLanguage\":\"fr-FR\",\"@id\":\"https:\\\/\\\/www.artisanlocal.ch\\\/c\\\/#\\\/schema\\\/logo\\\/image\\\/\",\"url\":\"https:\\\/\\\/www.artisanlocal.ch\\\/c\\\/wp-content\\\/uploads\\\/2024\\\/02\\\/logo-artisanlocal-h.svg\",\"contentUrl\":\"https:\\\/\\\/www.artisanlocal.ch\\\/c\\\/wp-content\\\/uploads\\\/2024\\\/02\\\/logo-artisanlocal-h.svg\",\"caption\":\"Artisanlocal\"},\"image\":{\"@id\":\"https:\\\/\\\/www.artisanlocal.ch\\\/c\\\/#\\\/schema\\\/logo\\\/image\\\/\"}}]}<\/script>\n<!-- \/ Yoast SEO Premium plugin. -->","yoast_head_json":{"title":"Entreprise de nettoyage de bureaux et d'h\u00e9bergements \u00e0 Montreux - Artisanlocal","robots":{"index":"index","follow":"follow","max-snippet":"max-snippet:-1","max-image-preview":"max-image-preview:large","max-video-preview":"max-video-preview:-1"},"canonical":"https:\/\/www.artisanlocal.ch\/c\/entreprise-de-nettoyage-de-bureaux-et-dhebergements-a-montreux\/","og_locale":"fr_FR","og_type":"article","og_title":"Entreprise de nettoyage de bureaux et d'h\u00e9bergements \u00e0 Montreux","og_description":"Nous sommes une entreprise \u00e0 Montreux proposant un service de nettoyage pour les professionnels et les particuliers. Notre \u00e9quipe d&rsquo;experts exp\u00e9riment\u00e9s s&rsquo;engage \u00e0 r\u00e9aliser des prestations de qualit\u00e9. Quelles sont les raisons de travailler avec notre entreprise ? Il est envisageable de planifier un rendez-vous avec notre soci\u00e9t\u00e9 dans la journ\u00e9e. Nous utilisons les derni\u00e8res [&hellip;]","og_url":"https:\/\/www.artisanlocal.ch\/c\/entreprise-de-nettoyage-de-bureaux-et-dhebergements-a-montreux\/","og_site_name":"Artisanlocal","article_modified_time":"2025-08-26T23:33:08+00:00","og_image":[{"width":1920,"height":300,"url":"https:\/\/www.artisanlocal.ch\/c\/wp-content\/uploads\/2024\/10\/agent-proprete.jpg","type":"image\/jpeg"}],"twitter_card":"summary_large_image","twitter_misc":{"Dur\u00e9e de lecture estim\u00e9e":"5 minutes"},"schema":{"@context":"https:\/\/schema.org","@graph":[{"@type":"WebPage","@id":"https:\/\/www.artisanlocal.ch\/c\/entreprise-de-nettoyage-de-bureaux-et-dhebergements-a-montreux\/","url":"https:\/\/www.artisanlocal.ch\/c\/entreprise-de-nettoyage-de-bureaux-et-dhebergements-a-montreux\/","name":"Entreprise de nettoyage de bureaux et d'h\u00e9bergements \u00e0 Montreux - Artisanlocal","isPartOf":{"@id":"https:\/\/www.artisanlocal.ch\/c\/#website"},"primaryImageOfPage":{"@id":"https:\/\/www.artisanlocal.ch\/c\/entreprise-de-nettoyage-de-bureaux-et-dhebergements-a-montreux\/#primaryimage"},"image":{"@id":"https:\/\/www.artisanlocal.ch\/c\/entreprise-de-nettoyage-de-bureaux-et-dhebergements-a-montreux\/#primaryimage"},"thumbnailUrl":"https:\/\/www.artisanlocal.ch\/c\/wp-content\/uploads\/2024\/10\/agent-proprete.jpg","datePublished":"2024-04-16T16:38:47+00:00","dateModified":"2025-08-26T23:33:08+00:00","breadcrumb":{"@id":"https:\/\/www.artisanlocal.ch\/c\/entreprise-de-nettoyage-de-bureaux-et-dhebergements-a-montreux\/#breadcrumb"},"inLanguage":"fr-FR","potentialAction":[{"@type":"ReadAction","target":["https:\/\/www.artisanlocal.ch\/c\/entreprise-de-nettoyage-de-bureaux-et-dhebergements-a-montreux\/"]}]},{"@type":"ImageObject","inLanguage":"fr-FR","@id":"https:\/\/www.artisanlocal.ch\/c\/entreprise-de-nettoyage-de-bureaux-et-dhebergements-a-montreux\/#primaryimage","url":"https:\/\/www.artisanlocal.ch\/c\/wp-content\/uploads\/2024\/10\/agent-proprete.jpg","contentUrl":"https:\/\/www.artisanlocal.ch\/c\/wp-content\/uploads\/2024\/10\/agent-proprete.jpg","width":1920,"height":300},{"@type":"BreadcrumbList","@id":"https:\/\/www.artisanlocal.ch\/c\/entreprise-de-nettoyage-de-bureaux-et-dhebergements-a-montreux\/#breadcrumb","itemListElement":[{"@type":"ListItem","position":1,"name":"Accueil","item":"https:\/\/www.artisanlocal.ch\/c\/"},{"@type":"ListItem","position":2,"name":"Entreprise de nettoyage de bureaux et d&rsquo;h\u00e9bergements \u00e0 Montreux"}]},{"@type":"WebSite","@id":"https:\/\/www.artisanlocal.ch\/c\/#website","url":"https:\/\/www.artisanlocal.ch\/c\/","name":"Artisanlocal","description":"","publisher":{"@id":"https:\/\/www.artisanlocal.ch\/c\/#organization"},"potentialAction":[{"@type":"SearchAction","target":{"@type":"EntryPoint","urlTemplate":"https:\/\/www.artisanlocal.ch\/c\/?s={search_term_string}"},"query-input":{"@type":"PropertyValueSpecification","valueRequired":true,"valueName":"search_term_string"}}],"inLanguage":"fr-FR"},{"@type":"Organization","@id":"https:\/\/www.artisanlocal.ch\/c\/#organization","name":"Artisanlocal","url":"https:\/\/www.artisanlocal.ch\/c\/","logo":{"@type":"ImageObject","inLanguage":"fr-FR","@id":"https:\/\/www.artisanlocal.ch\/c\/#\/schema\/logo\/image\/","url":"https:\/\/www.artisanlocal.ch\/c\/wp-content\/uploads\/2024\/02\/logo-artisanlocal-h.svg","contentUrl":"https:\/\/www.artisanlocal.ch\/c\/wp-content\/uploads\/2024\/02\/logo-artisanlocal-h.svg","caption":"Artisanlocal"},"image":{"@id":"https:\/\/www.artisanlocal.ch\/c\/#\/schema\/logo\/image\/"}}]}},"_links":{"self":[{"href":"https:\/\/www.artisanlocal.ch\/c\/wp-json\/wp\/v2\/pages\/452","targetHints":{"allow":["GET"]}}],"collection":[{"href":"https:\/\/www.artisanlocal.ch\/c\/wp-json\/wp\/v2\/pages"}],"about":[{"href":"https:\/\/www.artisanlocal.ch\/c\/wp-json\/wp\/v2\/types\/page"}],"author":[{"embeddable":true,"href":"https:\/\/www.artisanlocal.ch\/c\/wp-json\/wp\/v2\/users\/4"}],"replies":[{"embeddable":true,"href":"https:\/\/www.artisanlocal.ch\/c\/wp-json\/wp\/v2\/comments?post=452"}],"version-history":[{"count":0,"href":"https:\/\/www.artisanlocal.ch\/c\/wp-json\/wp\/v2\/pages\/452\/revisions"}],"wp:featuredmedia":[{"embeddable":true,"href":"https:\/\/www.artisanlocal.ch\/c\/wp-json\/wp\/v2\/media\/2754"}],"wp:attachment":[{"href":"https:\/\/www.artisanlocal.ch\/c\/wp-json\/wp\/v2\/media?parent=452"}],"wp:term":[{"taxonomy":"profession","embeddable":true,"href":"https:\/\/www.artisanlocal.ch\/c\/wp-json\/wp\/v2\/profession?post=452"},{"taxonomy":"location","embeddable":true,"href":"https:\/\/www.artisanlocal.ch\/c\/wp-json\/wp\/v2\/location?post=452"},{"taxonomy":"canton","embeddable":true,"href":"https:\/\/www.artisanlocal.ch\/c\/wp-json\/wp\/v2\/canton?post=452"}],"curies":[{"name":"wp","href":"https:\/\/api.w.org\/{rel}","templated":true}]}}