{"id":453,"date":"2024-04-16T18:38:47","date_gmt":"2024-04-16T16:38:47","guid":{"rendered":"https:\/\/www.artisanlocal.ch\/c\/entreprise-de-nettoyage-de-bureaux-et-de-domiciles-a-mont-sur-lausanne\/"},"modified":"2025-08-27T01:33:07","modified_gmt":"2025-08-26T23:33:07","slug":"entreprise-de-nettoyage-de-bureaux-et-de-domiciles-a-mont-sur-lausanne","status":"publish","type":"page","link":"https:\/\/www.artisanlocal.ch\/c\/entreprise-de-nettoyage-de-bureaux-et-de-domiciles-a-mont-sur-lausanne\/","title":{"rendered":"Entreprise de nettoyage de bureaux et de domiciles \u00e0 Le Mont-sur-Lausanne"},"content":{"rendered":"<p>Nous fournissons un nettoyage complet de votre domicile ou de vos bureaux \u00e0 Le Mont-sur-Lausanne. Notre soci\u00e9t\u00e9 est compos\u00e9e d&rsquo;experts qualifi\u00e9s qui s&rsquo;efforcent de fournir \u00e0 nos clients des services de la meilleure qualit\u00e9 possible.<\/p>\n\r\n<div class=\"box\">\r\n            <div class=\"company-info\">\r\n            <img decoding=\"async\" class=\"company-info__logo\" src=\"https:\/\/www.artisanlocal.ch\/media\/cache\/thumb\/images\/companies\/cleantec-entretiens-sarl.png\" alt=\"Logo\">\r\n            <h2 class=\"company-info__name\">CLEANTEC ENTRETIENS S\u00c0RL<\/h2>\r\n            <p class=\"company-info__business\">Entreprise de nettoyage - Entretiens - Conciergeries - B\u00e2timents - Sols - Nettoyage apr\u00e8s d\u00e9m\u00e9nagements - D\u00e9barras<\/p>\r\n        <\/div>\r\n        <div class=\"company-contact\">\r\n            <p class=\"company-info__address\">Chemin de Pierrefleur 60<\/p>\r\n                            <div class=\"links\">\r\n                                            <a class=\"btn has-accent-background-color js-phoneNumber\" href=\"tel:0791735150\" title=\"Appelez\" data-id=\"1724\" data-type=\"11\">079 173 51 50<\/a>\r\n                                                                <a class=\"btn has-accent-background-color\" href=\"https:\/\/cleantec-entretiens.digitalone.site\/\" target=\"_blank\" title=\"Voir le site internet\" data-id=\"1724\" data-type=\"20\">Site internet<\/a>\r\n                                    <\/div>\r\n                    <\/div>\r\n    \r\n            \r\n<form action=\"https:\/\/www.artisanlocal.ch\/c\/wp-admin\/admin-ajax.php\" method=\"post\" class=\"form-contact\" id=\"artisan_form_contact_company_inline\">\r\n    <div><input type=\"hidden\" name=\"action\" value=\"company_contact\"><\/div>\r\n    <div><input type=\"hidden\" name=\"nonce\" value=\"086cf01f96\"><\/div>\r\n    <div><input type=\"hidden\" name=\"company_id\" value=\"1724\"><\/div>\r\n    <div><input type=\"hidden\" name=\"form_id\" value=\"artisan_form_contact_company_inline\"><\/div>\r\n    <div class=\"gglcptch gglcptch_v3 gglcptch_custom\"><input type=\"hidden\" id=\"g-recaptcha-response\" name=\"g-recaptcha-response\" \/><br \/><div class=\"gglcptch_error_text\">La p\u00e9riode de v\u00e9rification reCAPTCHA a expir\u00e9. Veuillez recharger la page.<\/div><\/div>    <div class=\"form-content\">\r\n        <div class=\"form-group\">\r\n            <label for=\"contact_firstName\" class=\"required\">Pr\u00e9nom<\/label>\r\n            <input type=\"text\" name=\"firstName\" class=\"form-control\" required>\r\n        <\/div>\r\n        <div class=\"form-group\">\r\n            <label for=\"contact_lastName\" class=\"required\">Nom<\/label>\r\n            <input type=\"text\" name=\"lastName\" class=\"form-control\" required>\r\n        <\/div>\r\n        <div class=\"form-group\">\r\n            <label for=\"contact_email\" class=\"required\">Email<\/label>\r\n            <input type=\"email\" name=\"email\" class=\"form-control\" required>\r\n        <\/div>\r\n        <div class=\"form-group\">\r\n            <label for=\"contact_phone\" class=\"required\">Num\u00e9ro de t\u00e9l\u00e9phone<\/label>\r\n            <input type=\"tel\" name=\"phone\" class=\"form-control\" placeholder=\"0787117165\" pattern=\"^[0-9]{10}$\" required>\r\n        <\/div>\r\n        <div class=\"form-group\">\r\n            <label for=\"contact_postalCode\" class=\"required\">Code postal et localit\u00e9<\/label>\r\n            <input type=\"text\" name=\"postalCode\" class=\"form-control\" required>\r\n        <\/div>\r\n        <div class=\"form-group\">\r\n            <label for=\"contact_address\" class=\"required\">Adresse<\/label>\r\n            <input type=\"text\" name=\"address\" class=\"form-control\" required>\r\n        <\/div>\r\n        <div class=\"full-width topic\">\r\n            <p class=\"required\">Je souhaite \u00eatre contact\u00e9 pour :<\/p>\r\n            <div class=\"form-check\">\r\n                <input type=\"radio\" name=\"topic\" value=\"D\u00e9pannage\" class=\"form-control\" required>\r\n                <label for=\"d\u00e9pannage\">D\u00e9pannage<\/label>\r\n            <\/div>\r\n            <div class=\"form-check\">\r\n                <input type=\"radio\" name=\"topic\" value=\"Entretien\" class=\"form-control\" required>\r\n                <label for=\"entretien\">Entretien<\/label>\r\n            <\/div>\r\n            <div class=\"form-check\">\r\n                <input type=\"radio\" name=\"topic\" value=\"R\u00e9novation\" class=\"form-control\" required>\r\n                <label for=\"r\u00e9novation\">R\u00e9novation<\/label>\r\n            <\/div>\r\n            <div class=\"form-check\">\r\n                <input type=\"radio\" name=\"topic\" value=\"Autre\" class=\"form-control\" required>\r\n                <label for=\"autre\">Autre<\/label>\r\n            <\/div>\r\n        <\/div>\r\n        <div class=\"form-group full-width\">\r\n            <label for=\"contact_message\">Message<\/label>\r\n            <textarea name=\"message\" rows=\"3\" class=\"form-control\"><\/textarea>\r\n        <\/div>\r\n    <\/div>\r\n    <div class=\"form-actions\">\r\n        <button class=\"wp-block-button__link has-accent-background-color\">Contacter<\/button>\r\n    <\/div>\r\n<\/form>\r\n<div class=\"form-feedback\"><\/div>    <\/div>\n<h2>Pourquoi travailler avec notre soci\u00e9t\u00e9 ?<\/h2>\n<ul>\n<li>Il est possible de r\u00e9server un rendez-vous avec notre soci\u00e9t\u00e9 dans la journ\u00e9e.<\/li>\n<li>Nos sp\u00e9cialistes en nettoyage sont tous familiaris\u00e9s avec les derni\u00e8res m\u00e9thodes.<\/li>\n<li>Notre service de nettoyage est r\u00e9alis\u00e9 avec des produits respectueux de l&rsquo;environnement.<\/li>\n<li>Nos devis sont gratuits.<\/li>\n<\/ul>\n<h2>Nettoyage de votre habitation ou de votre bureau \u00e0 Le Mont-sur-Lausanne<\/h2>\n<p>Nous offrons des services de nettoyage pour r\u00e9pondre aux attentes de chacun de nos clients.<\/p>\n<p>Si vous avez besoin d&rsquo;un service de nettoyage complet, d&rsquo;un m\u00e9nage ponctuel ou d&rsquo;un service d&rsquo;entretien fr\u00e9quent, notre entreprise est l\u00e0 pour vous. D\u00e9couvrez nos services les plus g\u00e9n\u00e9ralement r\u00e9alis\u00e9s \u00e0 Le Mont-sur-Lausanne et profitez :<\/p>\n<ul>\n<li>D&rsquo;un m\u00e9nage complet apr\u00e8s d\u00e9m\u00e9nagement\/avant emm\u00e9nagement pour les habitants.<\/li>\n<li>D&rsquo;une solution de m\u00e9nage, si vous \u00eates propri\u00e9taires de locations Airbnb.<\/li>\n<li>D&rsquo;un lavage des espaces de bureaux et des commerces.<\/li>\n<li>D&rsquo;un nettoyage apr\u00e8s une r\u00e9novation de maison.<\/li>\n<\/ul>\n<h2>Quelles sont les solutions de nettoyage d&rsquo;artisanlocal\u202f?<\/h2>\n<ul>\n<li>Service de nettoyage pour les conciergeries Airbnb,<\/li>\n<li>service de nettoyage de studios,<\/li>\n<li>nettoyage des \u00e9quipements m\u00e9nagers,<\/li>\n<li>nettoyage de l&rsquo;ext\u00e9rieur,<\/li>\n<li>nettoyage des espaces souterrains,<\/li>\n<li>d\u00e9sinfection des surfaces pour lutter contre les virus,<\/li>\n<li>nettoyage de la vaisselle,<\/li>\n<li>nettoyage des installations sportives,<\/li>\n<li>entretien des sols,<\/li>\n<li>nettoyage des \u00e9tablissements de sant\u00e9,<\/li>\n<li>nettoyage apr\u00e8s un d\u00e9m\u00e9nagement,<\/li>\n<li>nettoyage des espaces de travail,<\/li>\n<li>nettoyage apr\u00e8s travaux de r\u00e9novation,<\/li>\n<li>nettoyage des salles d&rsquo;eau,<\/li>\n<li>nettoyage des commerces locaux,<\/li>\n<li>nettoyage des \u00e9tablissements p\u00e9dagogiques,<\/li>\n<li>lavage de vitres.<\/li>\n<\/ul>\n<h2>Une entreprise Helv\u00e9tique de confiance<\/h2>\n<h3>M\u00e9nage complet d&rsquo;appartement \u00e0 Le Mont-sur-Lausanne<\/h3>\n<p>Nous r\u00e9alisons le m\u00e9nage des appartements \u00e0 Le Mont-sur-Lausanne, par exemple, nous pouvons nettoyer votre appartement, en amont de la remise des cl\u00e9s en fin de bail.<\/p>\n<p>Il est n\u00e9cessaire de savoir que si le m\u00e9nage de votre int\u00e9rieur n&rsquo;est pas r\u00e9alis\u00e9 correctement, le propri\u00e9taire a le droit de faire appel \u00e0 une soci\u00e9t\u00e9 de nettoyage et garder une partie de votre d\u00e9p\u00f4t de garantie.<\/p>\n<p>Ce nettoyage avant l&rsquo;\u00e9tat des lieux comprend notamment les prestations suivantes :<\/p>\n<p>&#8211; L&rsquo;entretien des surfaces : murs, sols, moquettes, parquets et carrelages.<\/p>\n<p>&#8211; Le lavage des vitres et fen\u00eatres.<\/p>\n<p>&#8211; Nettoyage des toilettes et de la salle d&rsquo;eau.<\/p>\n<p>&#8211; Le service de nettoyage de la cuisine et de la hotte de cuisson.<\/p>\n<p>&#8211; Le service de d\u00e9poussi\u00e9rage des meubles.<\/p>\n<h3>Vous d\u00e9sirez un nettoyage ponctuel de votre studio?<\/h3>\n<p>Notre soci\u00e9t\u00e9 propose des services de nettoyage personnalis\u00e9s, adapt\u00e9s \u00e0 vos demandes, nous pouvons op\u00e9rer de mani\u00e8res hebdomadaires, bihebdomadaires ou mensuelles.<\/p>\n<h3>Entretien approfondi de votre propri\u00e9t\u00e9 et de votre studio \u00e0 Le Mont-sur-Lausanne<\/h3>\n<p>Artisanlocal propose des services pour nettoyer en profondeur votre maison ou votre studio, en compl\u00e9ment de notre prestation de nettoyage standard.<\/p>\n<h3>Quels sont les b\u00e9n\u00e9fices d&rsquo;effectuer un m\u00e9nage approfondi avec notre entreprise ?<\/h3>\n<p>L&rsquo;avantage de l&rsquo;entretien approfondi est de supprimer les particules, les salet\u00e9s et les salissures qui se sont regroup\u00e9e progressivement, ce qui am\u00e9liore la qualit\u00e9 de l&rsquo;aire int\u00e9rieure de votre logement. De plus, un nettoyage en profondeur aide \u00e0 l&rsquo;\u00e9limination des odeurs d\u00e9sagr\u00e9ables.<\/p>\n<h3>M\u00e9nage de locaux professionnels \u00e0 Le Mont-sur-Lausanne<\/h3>\n<p>Pour le m\u00e9nage de vos espaces de travail, comptez sur Artisanlocal. \u00c9conomisez du temps, de l&rsquo;\u00e9nergie gr\u00e2ce \u00e0 nos prestations ! D\u00e9couvrez nos contrats d&rsquo;entretien sur mesures pour vos locaux. Nos contrats sont adapt\u00e9s \u00e0 vos besoins et \u00e0 votre budget. Voici les prestations que nous offrons pour le m\u00e9nage de vos espaces de travail :<\/p>\n<ul>\n<li>Nettoyage de vos moquettes et des vitres.<\/li>\n<li>Entretien du mobilier de bureau en tissu ou cuir (des chaises, des bureaux, des divans).<\/li>\n<li>Enl\u00e8vement des d\u00e9tritus.<\/li>\n<li>Service de nettoyage des amas de poussi\u00e8re.<\/li>\n<li>Lavement des surfaces au sol et passage de l&rsquo;aspirateur.<\/li>\n<\/ul>\n<h3>Entreprise de nettoyage pour votre maison \u00e0 Le Mont-sur-Lausanne<\/h3>\n<p>Pour maintenir l&rsquo;int\u00e9rieur de votre r\u00e9sidence propre, il est indispensable de r\u00e9aliser un nettoyage fr\u00e9quent. H\u00e9las, un calendrier surcharg\u00e9 peut rendre cette t\u00e2che difficile, voire infaisable, confiez \u00e0 notre entreprise le nettoyage de votre habitation.<\/p>\n<h2>Pourquoi solliciter artisanlocal pour r\u00e9aliser le nettoyage \u00e0 Le Mont-sur-Lausanne ?<\/h2>\n<p>Si vous vivez \u00e0 Le Mont-sur-Lausanne vous avez peut-\u00eatre du mal \u00e0 garder votre appartement bien rang\u00e9 et nettoy\u00e9. Nos services, vous aideront \u00e0 conserver votre maison dans un \u00e9tat impeccable. En ayant recours \u00e0 notre entreprise, vous allez pouvoir :<\/p>\n<h3>Mieux g\u00e9rer l&rsquo;int\u00e9rieur de votre maison<\/h3>\n<p>Si votre appartement est en d\u00e9sordre, il est compliqu\u00e9 de se sentir bien dans son logement. Artisanlocal propose des services de nettoyage pour votre propri\u00e9t\u00e9 de fa\u00e7on \u00e0 mieux organiser votre espace, ce qui vous donne la possibilit\u00e9, de :<\/p>\n<h3>Cr\u00e9er une atmosph\u00e8re plus accueillante<\/h3>\n<p>Effectivement, une propri\u00e9t\u00e9 bien rang\u00e9e permet \u00e0 vos invit\u00e9s de vous sentir mieux.<\/p>\n<h3>Prot\u00e9ger sa sant\u00e9 et son bien-\u00eatre \u00e9motionnel<\/h3>\n<p>La concentration des particules de poussi\u00e8res fines dans votre r\u00e9sidence peut cr\u00e9er des dangers pour la sant\u00e9, et provoquer des allergies ou exacerber celles qui sont d\u00e9j\u00e0 pr\u00e9sentes. En sollicitant les services de notre entreprise de nettoyage, vous diminuez les potentiels risques d&rsquo;allergies.<\/p>\n<h3>B\u00e9n\u00e9ficier d&rsquo;une meilleure disposition de votre espace int\u00e9rieur<\/h3>\n<p>Il est commun que l&rsquo;espace int\u00e9rieur des maisons soit mal rang\u00e9, ce qui peut compliquer la vie de tous les jours. Choisissez notre service de m\u00e9nage pour vous assurer la bonne propret\u00e9 et organisation de votre habitation. En outre, nous pouvons aussi intervenir \u00e0 : Romanel-sur-Lausanne, Cheseaux-sur-Lausanne, Bretigny-sur-Morrens, Cugy VD, Morrens VD, Froideville, Epalinges.<\/p>\n","protected":false},"excerpt":{"rendered":"<p>Nous fournissons un nettoyage complet de votre domicile ou de vos bureaux \u00e0 Le Mont-sur-Lausanne. Notre soci\u00e9t\u00e9 est compos\u00e9e d&rsquo;experts qualifi\u00e9s qui s&rsquo;efforcent de fournir \u00e0 nos clients des services de la meilleure qualit\u00e9 possible. Pourquoi travailler avec notre soci\u00e9t\u00e9 ? Il est possible de r\u00e9server un rendez-vous avec notre soci\u00e9t\u00e9 dans la journ\u00e9e. Nos [&hellip;]<\/p>\n","protected":false},"author":4,"featured_media":2754,"parent":0,"menu_order":0,"comment_status":"closed","ping_status":"closed","template":"","meta":{"footnotes":""},"profession":[108],"location":[64],"canton":[113],"class_list":["post-453","page","type-page","status-publish","has-post-thumbnail","hentry","profession-agent-de-proprete","location-le-mont-sur-lausanne","canton-vd"],"yoast_head":"<!-- This site is optimized with the Yoast SEO Premium plugin v25.7.1 (Yoast SEO v27.3) - https:\/\/yoast.com\/product\/yoast-seo-premium-wordpress\/ -->\n<title>Entreprise de nettoyage de bureaux et de domiciles \u00e0 Le Mont-sur-Lausanne - Artisanlocal<\/title>\n<meta name=\"robots\" content=\"index, follow, max-snippet:-1, max-image-preview:large, max-video-preview:-1\" \/>\n<link rel=\"canonical\" href=\"https:\/\/www.artisanlocal.ch\/c\/entreprise-de-nettoyage-de-bureaux-et-de-domiciles-a-mont-sur-lausanne\/\" \/>\n<meta property=\"og:locale\" content=\"fr_FR\" \/>\n<meta property=\"og:type\" content=\"article\" \/>\n<meta property=\"og:title\" content=\"Entreprise de nettoyage de bureaux et de domiciles \u00e0 Le Mont-sur-Lausanne\" \/>\n<meta property=\"og:description\" content=\"Nous fournissons un nettoyage complet de votre domicile ou de vos bureaux \u00e0 Le Mont-sur-Lausanne. Notre soci\u00e9t\u00e9 est compos\u00e9e d&rsquo;experts qualifi\u00e9s qui s&rsquo;efforcent de fournir \u00e0 nos clients des services de la meilleure qualit\u00e9 possible. Pourquoi travailler avec notre soci\u00e9t\u00e9 ? Il est possible de r\u00e9server un rendez-vous avec notre soci\u00e9t\u00e9 dans la journ\u00e9e. Nos [&hellip;]\" \/>\n<meta property=\"og:url\" content=\"https:\/\/www.artisanlocal.ch\/c\/entreprise-de-nettoyage-de-bureaux-et-de-domiciles-a-mont-sur-lausanne\/\" \/>\n<meta property=\"og:site_name\" content=\"Artisanlocal\" \/>\n<meta property=\"article:modified_time\" content=\"2025-08-26T23:33:07+00:00\" \/>\n<meta property=\"og:image\" content=\"https:\/\/www.artisanlocal.ch\/c\/wp-content\/uploads\/2024\/10\/agent-proprete.jpg\" \/>\n\t<meta property=\"og:image:width\" content=\"1920\" \/>\n\t<meta property=\"og:image:height\" content=\"300\" \/>\n\t<meta property=\"og:image:type\" content=\"image\/jpeg\" \/>\n<meta name=\"twitter:card\" content=\"summary_large_image\" \/>\n<meta name=\"twitter:label1\" content=\"Dur\u00e9e de lecture estim\u00e9e\" \/>\n\t<meta name=\"twitter:data1\" content=\"5 minutes\" \/>\n<script type=\"application\/ld+json\" class=\"yoast-schema-graph\">{\"@context\":\"https:\\\/\\\/schema.org\",\"@graph\":[{\"@type\":\"WebPage\",\"@id\":\"https:\\\/\\\/www.artisanlocal.ch\\\/c\\\/entreprise-de-nettoyage-de-bureaux-et-de-domiciles-a-mont-sur-lausanne\\\/\",\"url\":\"https:\\\/\\\/www.artisanlocal.ch\\\/c\\\/entreprise-de-nettoyage-de-bureaux-et-de-domiciles-a-mont-sur-lausanne\\\/\",\"name\":\"Entreprise de nettoyage de bureaux et de domiciles \u00e0 Le Mont-sur-Lausanne - Artisanlocal\",\"isPartOf\":{\"@id\":\"https:\\\/\\\/www.artisanlocal.ch\\\/c\\\/#website\"},\"primaryImageOfPage\":{\"@id\":\"https:\\\/\\\/www.artisanlocal.ch\\\/c\\\/entreprise-de-nettoyage-de-bureaux-et-de-domiciles-a-mont-sur-lausanne\\\/#primaryimage\"},\"image\":{\"@id\":\"https:\\\/\\\/www.artisanlocal.ch\\\/c\\\/entreprise-de-nettoyage-de-bureaux-et-de-domiciles-a-mont-sur-lausanne\\\/#primaryimage\"},\"thumbnailUrl\":\"https:\\\/\\\/www.artisanlocal.ch\\\/c\\\/wp-content\\\/uploads\\\/2024\\\/10\\\/agent-proprete.jpg\",\"datePublished\":\"2024-04-16T16:38:47+00:00\",\"dateModified\":\"2025-08-26T23:33:07+00:00\",\"breadcrumb\":{\"@id\":\"https:\\\/\\\/www.artisanlocal.ch\\\/c\\\/entreprise-de-nettoyage-de-bureaux-et-de-domiciles-a-mont-sur-lausanne\\\/#breadcrumb\"},\"inLanguage\":\"fr-FR\",\"potentialAction\":[{\"@type\":\"ReadAction\",\"target\":[\"https:\\\/\\\/www.artisanlocal.ch\\\/c\\\/entreprise-de-nettoyage-de-bureaux-et-de-domiciles-a-mont-sur-lausanne\\\/\"]}]},{\"@type\":\"ImageObject\",\"inLanguage\":\"fr-FR\",\"@id\":\"https:\\\/\\\/www.artisanlocal.ch\\\/c\\\/entreprise-de-nettoyage-de-bureaux-et-de-domiciles-a-mont-sur-lausanne\\\/#primaryimage\",\"url\":\"https:\\\/\\\/www.artisanlocal.ch\\\/c\\\/wp-content\\\/uploads\\\/2024\\\/10\\\/agent-proprete.jpg\",\"contentUrl\":\"https:\\\/\\\/www.artisanlocal.ch\\\/c\\\/wp-content\\\/uploads\\\/2024\\\/10\\\/agent-proprete.jpg\",\"width\":1920,\"height\":300},{\"@type\":\"BreadcrumbList\",\"@id\":\"https:\\\/\\\/www.artisanlocal.ch\\\/c\\\/entreprise-de-nettoyage-de-bureaux-et-de-domiciles-a-mont-sur-lausanne\\\/#breadcrumb\",\"itemListElement\":[{\"@type\":\"ListItem\",\"position\":1,\"name\":\"Accueil\",\"item\":\"https:\\\/\\\/www.artisanlocal.ch\\\/c\\\/\"},{\"@type\":\"ListItem\",\"position\":2,\"name\":\"Entreprise de nettoyage de bureaux et de domiciles \u00e0 Mont-sur-Lausanne\"}]},{\"@type\":\"WebSite\",\"@id\":\"https:\\\/\\\/www.artisanlocal.ch\\\/c\\\/#website\",\"url\":\"https:\\\/\\\/www.artisanlocal.ch\\\/c\\\/\",\"name\":\"Artisanlocal\",\"description\":\"\",\"publisher\":{\"@id\":\"https:\\\/\\\/www.artisanlocal.ch\\\/c\\\/#organization\"},\"potentialAction\":[{\"@type\":\"SearchAction\",\"target\":{\"@type\":\"EntryPoint\",\"urlTemplate\":\"https:\\\/\\\/www.artisanlocal.ch\\\/c\\\/?s={search_term_string}\"},\"query-input\":{\"@type\":\"PropertyValueSpecification\",\"valueRequired\":true,\"valueName\":\"search_term_string\"}}],\"inLanguage\":\"fr-FR\"},{\"@type\":\"Organization\",\"@id\":\"https:\\\/\\\/www.artisanlocal.ch\\\/c\\\/#organization\",\"name\":\"Artisanlocal\",\"url\":\"https:\\\/\\\/www.artisanlocal.ch\\\/c\\\/\",\"logo\":{\"@type\":\"ImageObject\",\"inLanguage\":\"fr-FR\",\"@id\":\"https:\\\/\\\/www.artisanlocal.ch\\\/c\\\/#\\\/schema\\\/logo\\\/image\\\/\",\"url\":\"https:\\\/\\\/www.artisanlocal.ch\\\/c\\\/wp-content\\\/uploads\\\/2024\\\/02\\\/logo-artisanlocal-h.svg\",\"contentUrl\":\"https:\\\/\\\/www.artisanlocal.ch\\\/c\\\/wp-content\\\/uploads\\\/2024\\\/02\\\/logo-artisanlocal-h.svg\",\"caption\":\"Artisanlocal\"},\"image\":{\"@id\":\"https:\\\/\\\/www.artisanlocal.ch\\\/c\\\/#\\\/schema\\\/logo\\\/image\\\/\"}}]}<\/script>\n<!-- \/ Yoast SEO Premium plugin. -->","yoast_head_json":{"title":"Entreprise de nettoyage de bureaux et de domiciles \u00e0 Le Mont-sur-Lausanne - Artisanlocal","robots":{"index":"index","follow":"follow","max-snippet":"max-snippet:-1","max-image-preview":"max-image-preview:large","max-video-preview":"max-video-preview:-1"},"canonical":"https:\/\/www.artisanlocal.ch\/c\/entreprise-de-nettoyage-de-bureaux-et-de-domiciles-a-mont-sur-lausanne\/","og_locale":"fr_FR","og_type":"article","og_title":"Entreprise de nettoyage de bureaux et de domiciles \u00e0 Le Mont-sur-Lausanne","og_description":"Nous fournissons un nettoyage complet de votre domicile ou de vos bureaux \u00e0 Le Mont-sur-Lausanne. Notre soci\u00e9t\u00e9 est compos\u00e9e d&rsquo;experts qualifi\u00e9s qui s&rsquo;efforcent de fournir \u00e0 nos clients des services de la meilleure qualit\u00e9 possible. Pourquoi travailler avec notre soci\u00e9t\u00e9 ? Il est possible de r\u00e9server un rendez-vous avec notre soci\u00e9t\u00e9 dans la journ\u00e9e. Nos [&hellip;]","og_url":"https:\/\/www.artisanlocal.ch\/c\/entreprise-de-nettoyage-de-bureaux-et-de-domiciles-a-mont-sur-lausanne\/","og_site_name":"Artisanlocal","article_modified_time":"2025-08-26T23:33:07+00:00","og_image":[{"width":1920,"height":300,"url":"https:\/\/www.artisanlocal.ch\/c\/wp-content\/uploads\/2024\/10\/agent-proprete.jpg","type":"image\/jpeg"}],"twitter_card":"summary_large_image","twitter_misc":{"Dur\u00e9e de lecture estim\u00e9e":"5 minutes"},"schema":{"@context":"https:\/\/schema.org","@graph":[{"@type":"WebPage","@id":"https:\/\/www.artisanlocal.ch\/c\/entreprise-de-nettoyage-de-bureaux-et-de-domiciles-a-mont-sur-lausanne\/","url":"https:\/\/www.artisanlocal.ch\/c\/entreprise-de-nettoyage-de-bureaux-et-de-domiciles-a-mont-sur-lausanne\/","name":"Entreprise de nettoyage de bureaux et de domiciles \u00e0 Le Mont-sur-Lausanne - Artisanlocal","isPartOf":{"@id":"https:\/\/www.artisanlocal.ch\/c\/#website"},"primaryImageOfPage":{"@id":"https:\/\/www.artisanlocal.ch\/c\/entreprise-de-nettoyage-de-bureaux-et-de-domiciles-a-mont-sur-lausanne\/#primaryimage"},"image":{"@id":"https:\/\/www.artisanlocal.ch\/c\/entreprise-de-nettoyage-de-bureaux-et-de-domiciles-a-mont-sur-lausanne\/#primaryimage"},"thumbnailUrl":"https:\/\/www.artisanlocal.ch\/c\/wp-content\/uploads\/2024\/10\/agent-proprete.jpg","datePublished":"2024-04-16T16:38:47+00:00","dateModified":"2025-08-26T23:33:07+00:00","breadcrumb":{"@id":"https:\/\/www.artisanlocal.ch\/c\/entreprise-de-nettoyage-de-bureaux-et-de-domiciles-a-mont-sur-lausanne\/#breadcrumb"},"inLanguage":"fr-FR","potentialAction":[{"@type":"ReadAction","target":["https:\/\/www.artisanlocal.ch\/c\/entreprise-de-nettoyage-de-bureaux-et-de-domiciles-a-mont-sur-lausanne\/"]}]},{"@type":"ImageObject","inLanguage":"fr-FR","@id":"https:\/\/www.artisanlocal.ch\/c\/entreprise-de-nettoyage-de-bureaux-et-de-domiciles-a-mont-sur-lausanne\/#primaryimage","url":"https:\/\/www.artisanlocal.ch\/c\/wp-content\/uploads\/2024\/10\/agent-proprete.jpg","contentUrl":"https:\/\/www.artisanlocal.ch\/c\/wp-content\/uploads\/2024\/10\/agent-proprete.jpg","width":1920,"height":300},{"@type":"BreadcrumbList","@id":"https:\/\/www.artisanlocal.ch\/c\/entreprise-de-nettoyage-de-bureaux-et-de-domiciles-a-mont-sur-lausanne\/#breadcrumb","itemListElement":[{"@type":"ListItem","position":1,"name":"Accueil","item":"https:\/\/www.artisanlocal.ch\/c\/"},{"@type":"ListItem","position":2,"name":"Entreprise de nettoyage de bureaux et de domiciles \u00e0 Mont-sur-Lausanne"}]},{"@type":"WebSite","@id":"https:\/\/www.artisanlocal.ch\/c\/#website","url":"https:\/\/www.artisanlocal.ch\/c\/","name":"Artisanlocal","description":"","publisher":{"@id":"https:\/\/www.artisanlocal.ch\/c\/#organization"},"potentialAction":[{"@type":"SearchAction","target":{"@type":"EntryPoint","urlTemplate":"https:\/\/www.artisanlocal.ch\/c\/?s={search_term_string}"},"query-input":{"@type":"PropertyValueSpecification","valueRequired":true,"valueName":"search_term_string"}}],"inLanguage":"fr-FR"},{"@type":"Organization","@id":"https:\/\/www.artisanlocal.ch\/c\/#organization","name":"Artisanlocal","url":"https:\/\/www.artisanlocal.ch\/c\/","logo":{"@type":"ImageObject","inLanguage":"fr-FR","@id":"https:\/\/www.artisanlocal.ch\/c\/#\/schema\/logo\/image\/","url":"https:\/\/www.artisanlocal.ch\/c\/wp-content\/uploads\/2024\/02\/logo-artisanlocal-h.svg","contentUrl":"https:\/\/www.artisanlocal.ch\/c\/wp-content\/uploads\/2024\/02\/logo-artisanlocal-h.svg","caption":"Artisanlocal"},"image":{"@id":"https:\/\/www.artisanlocal.ch\/c\/#\/schema\/logo\/image\/"}}]}},"_links":{"self":[{"href":"https:\/\/www.artisanlocal.ch\/c\/wp-json\/wp\/v2\/pages\/453","targetHints":{"allow":["GET"]}}],"collection":[{"href":"https:\/\/www.artisanlocal.ch\/c\/wp-json\/wp\/v2\/pages"}],"about":[{"href":"https:\/\/www.artisanlocal.ch\/c\/wp-json\/wp\/v2\/types\/page"}],"author":[{"embeddable":true,"href":"https:\/\/www.artisanlocal.ch\/c\/wp-json\/wp\/v2\/users\/4"}],"replies":[{"embeddable":true,"href":"https:\/\/www.artisanlocal.ch\/c\/wp-json\/wp\/v2\/comments?post=453"}],"version-history":[{"count":0,"href":"https:\/\/www.artisanlocal.ch\/c\/wp-json\/wp\/v2\/pages\/453\/revisions"}],"wp:featuredmedia":[{"embeddable":true,"href":"https:\/\/www.artisanlocal.ch\/c\/wp-json\/wp\/v2\/media\/2754"}],"wp:attachment":[{"href":"https:\/\/www.artisanlocal.ch\/c\/wp-json\/wp\/v2\/media?parent=453"}],"wp:term":[{"taxonomy":"profession","embeddable":true,"href":"https:\/\/www.artisanlocal.ch\/c\/wp-json\/wp\/v2\/profession?post=453"},{"taxonomy":"location","embeddable":true,"href":"https:\/\/www.artisanlocal.ch\/c\/wp-json\/wp\/v2\/location?post=453"},{"taxonomy":"canton","embeddable":true,"href":"https:\/\/www.artisanlocal.ch\/c\/wp-json\/wp\/v2\/canton?post=453"}],"curies":[{"name":"wp","href":"https:\/\/api.w.org\/{rel}","templated":true}]}}