{"id":455,"date":"2024-04-16T18:38:47","date_gmt":"2024-04-16T16:38:47","guid":{"rendered":"https:\/\/www.artisanlocal.ch\/c\/nettoyage-de-bureaux-et-dhabitats-a-cheseaux-sur-lausanne\/"},"modified":"2025-08-27T01:33:05","modified_gmt":"2025-08-26T23:33:05","slug":"nettoyage-de-bureaux-et-dhabitats-a-cheseaux-sur-lausanne","status":"publish","type":"page","link":"https:\/\/www.artisanlocal.ch\/c\/nettoyage-de-bureaux-et-dhabitats-a-cheseaux-sur-lausanne\/","title":{"rendered":"Entreprise nettoyage \u00e0 Cheseaux-sur-Lausanne"},"content":{"rendered":"<p>Besoin d&rsquo;une entreprise de nettoyage \u00e0 Cheseaux-sur-Lausanne ? Artisanlocal intervient pour nettoyer votre logement ou votre entreprise \u00e0 Cheseaux-sur-Lausanne.<br \/>\n\r\n<div class=\"box\">\r\n            <div class=\"company-info\">\r\n            <img decoding=\"async\" class=\"company-info__logo\" src=\"https:\/\/www.artisanlocal.ch\/media\/cache\/thumb\/images\/companies\/cleantec-entretiens-sarl.png\" alt=\"Logo\">\r\n            <h2 class=\"company-info__name\">CLEANTEC ENTRETIENS S\u00c0RL<\/h2>\r\n            <p class=\"company-info__business\">Entreprise de nettoyage - Entretiens - Conciergeries - B\u00e2timents - Sols - Nettoyage apr\u00e8s d\u00e9m\u00e9nagements - D\u00e9barras<\/p>\r\n        <\/div>\r\n        <div class=\"company-contact\">\r\n            <p class=\"company-info__address\">Chemin de Pierrefleur 60<\/p>\r\n                            <div class=\"links\">\r\n                                            <a class=\"btn has-accent-background-color js-phoneNumber\" href=\"tel:0791735150\" title=\"Appelez\" data-id=\"1724\" data-type=\"11\">079 173 51 50<\/a>\r\n                                                                <a class=\"btn has-accent-background-color\" href=\"https:\/\/cleantec-entretiens.digitalone.site\/\" target=\"_blank\" title=\"Voir le site internet\" data-id=\"1724\" data-type=\"20\">Site internet<\/a>\r\n                                    <\/div>\r\n                    <\/div>\r\n    \r\n            \r\n<form action=\"https:\/\/www.artisanlocal.ch\/c\/wp-admin\/admin-ajax.php\" method=\"post\" class=\"form-contact\" id=\"artisan_form_contact_company_inline\">\r\n    <div><input type=\"hidden\" name=\"action\" value=\"company_contact\"><\/div>\r\n    <div><input type=\"hidden\" name=\"nonce\" value=\"acbc80dde1\"><\/div>\r\n    <div><input type=\"hidden\" name=\"company_id\" value=\"1724\"><\/div>\r\n    <div><input type=\"hidden\" name=\"form_id\" value=\"artisan_form_contact_company_inline\"><\/div>\r\n    <div class=\"gglcptch gglcptch_v3 gglcptch_custom\"><input type=\"hidden\" id=\"g-recaptcha-response\" name=\"g-recaptcha-response\" \/><br \/><div class=\"gglcptch_error_text\">La p\u00e9riode de v\u00e9rification reCAPTCHA a expir\u00e9. Veuillez recharger la page.<\/div><\/div>    <div class=\"form-content\">\r\n        <div class=\"form-group\">\r\n            <label for=\"contact_firstName\" class=\"required\">Pr\u00e9nom<\/label>\r\n            <input type=\"text\" name=\"firstName\" class=\"form-control\" required>\r\n        <\/div>\r\n        <div class=\"form-group\">\r\n            <label for=\"contact_lastName\" class=\"required\">Nom<\/label>\r\n            <input type=\"text\" name=\"lastName\" class=\"form-control\" required>\r\n        <\/div>\r\n        <div class=\"form-group\">\r\n            <label for=\"contact_email\" class=\"required\">Email<\/label>\r\n            <input type=\"email\" name=\"email\" class=\"form-control\" required>\r\n        <\/div>\r\n        <div class=\"form-group\">\r\n            <label for=\"contact_phone\" class=\"required\">Num\u00e9ro de t\u00e9l\u00e9phone<\/label>\r\n            <input type=\"tel\" name=\"phone\" class=\"form-control\" placeholder=\"0787117165\" pattern=\"^[0-9]{10}$\" required>\r\n        <\/div>\r\n        <div class=\"form-group\">\r\n            <label for=\"contact_postalCode\" class=\"required\">Code postal et localit\u00e9<\/label>\r\n            <input type=\"text\" name=\"postalCode\" class=\"form-control\" required>\r\n        <\/div>\r\n        <div class=\"form-group\">\r\n            <label for=\"contact_address\" class=\"required\">Adresse<\/label>\r\n            <input type=\"text\" name=\"address\" class=\"form-control\" required>\r\n        <\/div>\r\n        <div class=\"full-width topic\">\r\n            <p class=\"required\">Je souhaite \u00eatre contact\u00e9 pour :<\/p>\r\n            <div class=\"form-check\">\r\n                <input type=\"radio\" name=\"topic\" value=\"D\u00e9pannage\" class=\"form-control\" required>\r\n                <label for=\"d\u00e9pannage\">D\u00e9pannage<\/label>\r\n            <\/div>\r\n            <div class=\"form-check\">\r\n                <input type=\"radio\" name=\"topic\" value=\"Entretien\" class=\"form-control\" required>\r\n                <label for=\"entretien\">Entretien<\/label>\r\n            <\/div>\r\n            <div class=\"form-check\">\r\n                <input type=\"radio\" name=\"topic\" value=\"R\u00e9novation\" class=\"form-control\" required>\r\n                <label for=\"r\u00e9novation\">R\u00e9novation<\/label>\r\n            <\/div>\r\n            <div class=\"form-check\">\r\n                <input type=\"radio\" name=\"topic\" value=\"Autre\" class=\"form-control\" required>\r\n                <label for=\"autre\">Autre<\/label>\r\n            <\/div>\r\n        <\/div>\r\n        <div class=\"form-group full-width\">\r\n            <label for=\"contact_message\">Message<\/label>\r\n            <textarea name=\"message\" rows=\"3\" class=\"form-control\"><\/textarea>\r\n        <\/div>\r\n    <\/div>\r\n    <div class=\"form-actions\">\r\n        <button class=\"wp-block-button__link has-accent-background-color\">Contacter<\/button>\r\n    <\/div>\r\n<\/form>\r\n<div class=\"form-feedback\"><\/div>    <\/div><\/p>\n<h2>Pourquoi travailler avec notre soci\u00e9t\u00e9 ?<\/h2>\n<ul>\n<li>Obtenez un rendez-vous dans la journ\u00e9e.<\/li>\n<li>Utilisations des derni\u00e8res techniques de nettoyage.<\/li>\n<li>Utilisations de produits \u00e9cologiques.<\/li>\n<li>Devis gratuits.<\/li>\n<\/ul>\n<h2>Services de nettoyage \u00e0 Cheseaux-sur-Lausanne<\/h2>\n<ul>\n<li>Nettoyage avant d\u00e9m\u00e9nagement.<\/li>\n<li>M\u00e9nage pour propri\u00e9taire Airbnb.<\/li>\n<li>Nettoyage de bureaux et commerces.<\/li>\n<li>Nettoyage apr\u00e8s r\u00e9novation d&rsquo;appartement.<\/li>\n<\/ul>\n<h2>Quelles sont les services d&rsquo;entretien d&rsquo;Artisanlocal.ch\u202f?<\/h2>\n<ul>\n<li>Nettoyage pour les conciergeries d&rsquo;appartements et maisons Airbnb,<\/li>\n<li>Nettoyage et m\u00e9nage de studios,<\/li>\n<li>Entretien et nettoyage des appareils m\u00e9nagers,<\/li>\n<li>Nettoyage de terrasse,<\/li>\n<li>M\u00e9nage pour les sous-sols,<\/li>\n<li>D\u00e9sinfection des surfaces pour lutter contre les pathog\u00e8nes,<\/li>\n<li>Nettoyage de la vaisselle,<\/li>\n<li>Nettoyage des salles de sports,<\/li>\n<li>Entretien des sols,<\/li>\n<li>Nettoyage des \u00e9tablissements de sant\u00e9,<\/li>\n<li>M\u00e9nage et nettoyage apr\u00e8s un d\u00e9m\u00e9nagement,<\/li>\n<li>Nettoyage des espaces de travail,<\/li>\n<li>Nettoyage apr\u00e8s travaux de r\u00e9novation,<\/li>\n<li>Entretien de salles de bains,<\/li>\n<li>Nettoyage de magasins de proximit\u00e9,<\/li>\n<li>M\u00e9nage et entretien des \u00e9tablissements scolaires,<\/li>\n<li>Lavage de vitres.<\/li>\n<\/ul>\n<h2>Entreprise de m\u00e9nage situ\u00e9e \u00e0 Cheseaux-sur-Lausanne<\/h2>\n<p>Nous r\u00e9alisons le m\u00e9nage d&rsquo;appartements \u00e0 Cheseaux-sur-Lausanne, par exemple, nous pouvons nettoyer votre appartement, avant la remise des cl\u00e9s en fin de bail.<\/p>\n<p>Il faut savoir que si le m\u00e9nage de l&rsquo;appartement n&rsquo;est pas r\u00e9alis\u00e9 de mani\u00e8re convenable, le gestionnaire immobilier peut faire appel \u00e0 une soci\u00e9t\u00e9 priv\u00e9e de service de nettoyage et garder une part de votre caution.<\/p>\n<p>Les services de m\u00e9nage avant la remise des cl\u00e9s comprennent :<\/p>\n<ul>\n<li>Nettoyage des surfaces : les murs, les sols, les parquets, les moquettes et les carrelages.<\/li>\n<li>Nettoyage des fen\u00eatres et des vitres.<\/li>\n<li>Entretien et le nettoyage de la salle d&rsquo;eau et des WC.<\/li>\n<li>Entretien de l&rsquo;espace de cuisson et du syst\u00e8me d&rsquo;a\u00e9ration du coin cuisine.<\/li>\n<li>D\u00e9poussi\u00e9rage des meubles.<\/li>\n<\/ul>\n<h3>Vous avez besoin d&rsquo;un m\u00e9nage r\u00e9gulier ?<\/h3>\n<p>Notre entreprise propose des solutions de m\u00e9nage adapt\u00e9es \u00e0 vos demandes, avec des interventions hebdomadaires, toutes les deux semaines ou chaque mois.<\/p>\n<h3>Nettoyage approfondi \u00e0 Cheseaux-sur-Lausanne<\/h3>\n<p>Artisanlocal.ch propose des services de nettoyage approfondis pour votre villa ou votre appartement, en compl\u00e9ment de notre service de m\u00e9nage standard.<\/p>\n<h3>Quels sont les avantages de r\u00e9aliser un m\u00e9nage approfondi avec notre entreprise ?<\/h3>\n<p>L\u2019avantage du nettoyage en profondeur est d&rsquo;enlever la salet\u00e9, la poussi\u00e8re et la crasse qui se sont accumul\u00e9es avec le temps, pour rendre votre logement plus sain. Un entretien en profondeur est \u00e9galement un moyen d&rsquo;\u00e9liminer les odeurs d\u00e9sagr\u00e9ables.<\/p>\n<h3>Nettoyage de locaux professionnels \u00e0 Cheseaux-sur-Lausanne<\/h3>\n<p>Les services de nettoyage que nous proposons pour vos locaux :<\/p>\n<ul>\n<li>Traitement des tapis et lavage de vitres de bureau.<\/li>\n<li>Entretien de fauteuils, de chaises de bureau, de canap\u00e9 en tissu ou en cuir.<\/li>\n<li>Enl\u00e8vement des poubelles.<\/li>\n<li>\u00c9limination de la poussi\u00e8re sur toutes les surfaces et mobilier.<\/li>\n<li>Lavement des surfaces au sol et passage de l&rsquo;aspirateur.<\/li>\n<\/ul>\n<h3>M\u00e9nage de votre int\u00e9rieur \u00e0 Cheseaux-sur-Lausanne<\/h3>\n<p>Pour maintenir l&rsquo;int\u00e9rieur de votre maison propre, il est indispensable de r\u00e9aliser un nettoyage fr\u00e9quent. H\u00e9las, un agenda surcharg\u00e9 peut rendre cette t\u00e2che difficile, voire irr\u00e9alisable, confiez \u00e0 notre entreprise le nettoyage de votre r\u00e9sidence.<\/p>\n<h2>Pourquoi engager artisanlocal pour r\u00e9aliser le nettoyage \u00e0 Cheseaux-sur-Lausanne ?<\/h2>\n<p>Si vous \u00eates un Gremaullais, vous rencontrez potentiellement des difficult\u00e9s \u00e0 conserver votre int\u00e9rieur propre et en ordre. Nos prestations sont adapt\u00e9es aux habitants de Cheseaux-sur-Lausanne. Avec notre entreprise, vous avez la possibilit\u00e9 de :<\/p>\n<h3>Mieux organiser l&rsquo;int\u00e9rieur de votre habitation<\/h3>\n<p>Si votre appartement est d\u00e9sorganis\u00e9, il est difficile de se sentir bien.<\/p>\n<h3>Cr\u00e9er une ambiance plus confortable<\/h3>\n<p>En effet, une r\u00e9sidence bien organis\u00e9e permet \u00e0 vos invit\u00e9s de vous sentir plus \u00e0 l&rsquo;aise.<\/p>\n<h3>Pr\u00e9server sa sant\u00e9 et son bien-\u00eatre \u00e9motionnel<\/h3>\n<p>Ne pas retirer la salet\u00e9 et la poussi\u00e8re dans votre habitation peut entrainer des dangers pour la sant\u00e9, comme causer des allergies ou amplifier celles d\u00e9j\u00e0 pr\u00e9sentes. En faisant appel \u00e0 une entreprise de nettoyage, vous r\u00e9duisez le risque d&rsquo;allergies.<\/p>\n<h3>B\u00e9n\u00e9ficier d&rsquo;une meilleure configuration de votre espace int\u00e9rieur<\/h3>\n<p>Il est banal que l&rsquo;espace int\u00e9rieur des habitations soit mal organis\u00e9, ce qui peut compliquer la vie de tous les jours. Notre service de m\u00e9nage peut s&rsquo;av\u00e9rer utile pour pr\u00e9server votre int\u00e9rieur bien rang\u00e9. D&rsquo;autre part, nous pouvons aussi intervenir \u00e0 : Romanel-sur-Lausanne, Le Mont-sur-Lausanne, Bretigny-sur-Morrens, Cugy VD, Morrens VD, Froideville, Epalinges.<\/p>\n","protected":false},"excerpt":{"rendered":"<p>Besoin d&rsquo;une entreprise de nettoyage \u00e0 Cheseaux-sur-Lausanne ? Artisanlocal intervient pour nettoyer votre logement ou votre entreprise \u00e0 Cheseaux-sur-Lausanne. Pourquoi travailler avec notre soci\u00e9t\u00e9 ? Obtenez un rendez-vous dans la journ\u00e9e. Utilisations des derni\u00e8res techniques de nettoyage. Utilisations de produits \u00e9cologiques. Devis gratuits. Services de nettoyage \u00e0 Cheseaux-sur-Lausanne Nettoyage avant d\u00e9m\u00e9nagement. M\u00e9nage pour propri\u00e9taire Airbnb. [&hellip;]<\/p>\n","protected":false},"author":4,"featured_media":2754,"parent":0,"menu_order":0,"comment_status":"closed","ping_status":"closed","template":"","meta":{"footnotes":""},"profession":[108],"location":[9],"canton":[113],"class_list":["post-455","page","type-page","status-publish","has-post-thumbnail","hentry","profession-agent-de-proprete","location-cheseaux-sur-lausanne","canton-vd"],"yoast_head":"<!-- This site is optimized with the Yoast SEO Premium plugin v25.7.1 (Yoast SEO v27.4) - https:\/\/yoast.com\/product\/yoast-seo-premium-wordpress\/ -->\n<title>Entreprise nettoyage \u00e0 Cheseaux-sur-Lausanne - Artisanlocal<\/title>\n<meta name=\"robots\" content=\"index, follow, max-snippet:-1, max-image-preview:large, max-video-preview:-1\" \/>\n<link rel=\"canonical\" href=\"https:\/\/www.artisanlocal.ch\/c\/nettoyage-de-bureaux-et-dhabitats-a-cheseaux-sur-lausanne\/\" \/>\n<meta property=\"og:locale\" content=\"fr_FR\" \/>\n<meta property=\"og:type\" content=\"article\" \/>\n<meta property=\"og:title\" content=\"Entreprise nettoyage \u00e0 Cheseaux-sur-Lausanne\" \/>\n<meta property=\"og:description\" content=\"Besoin d&rsquo;une entreprise de nettoyage \u00e0 Cheseaux-sur-Lausanne ? Artisanlocal intervient pour nettoyer votre logement ou votre entreprise \u00e0 Cheseaux-sur-Lausanne. Pourquoi travailler avec notre soci\u00e9t\u00e9 ? Obtenez un rendez-vous dans la journ\u00e9e. Utilisations des derni\u00e8res techniques de nettoyage. Utilisations de produits \u00e9cologiques. Devis gratuits. Services de nettoyage \u00e0 Cheseaux-sur-Lausanne Nettoyage avant d\u00e9m\u00e9nagement. M\u00e9nage pour propri\u00e9taire Airbnb. [&hellip;]\" \/>\n<meta property=\"og:url\" content=\"https:\/\/www.artisanlocal.ch\/c\/nettoyage-de-bureaux-et-dhabitats-a-cheseaux-sur-lausanne\/\" \/>\n<meta property=\"og:site_name\" content=\"Artisanlocal\" \/>\n<meta property=\"article:modified_time\" content=\"2025-08-26T23:33:05+00:00\" \/>\n<meta property=\"og:image\" content=\"https:\/\/www.artisanlocal.ch\/c\/wp-content\/uploads\/2024\/10\/agent-proprete.jpg\" \/>\n\t<meta property=\"og:image:width\" content=\"1920\" \/>\n\t<meta property=\"og:image:height\" content=\"300\" \/>\n\t<meta property=\"og:image:type\" content=\"image\/jpeg\" \/>\n<meta name=\"twitter:card\" content=\"summary_large_image\" \/>\n<meta name=\"twitter:label1\" content=\"Dur\u00e9e de lecture estim\u00e9e\" \/>\n\t<meta name=\"twitter:data1\" content=\"4 minutes\" \/>\n<script type=\"application\/ld+json\" class=\"yoast-schema-graph\">{\"@context\":\"https:\\\/\\\/schema.org\",\"@graph\":[{\"@type\":\"WebPage\",\"@id\":\"https:\\\/\\\/www.artisanlocal.ch\\\/c\\\/nettoyage-de-bureaux-et-dhabitats-a-cheseaux-sur-lausanne\\\/\",\"url\":\"https:\\\/\\\/www.artisanlocal.ch\\\/c\\\/nettoyage-de-bureaux-et-dhabitats-a-cheseaux-sur-lausanne\\\/\",\"name\":\"Entreprise nettoyage \u00e0 Cheseaux-sur-Lausanne - Artisanlocal\",\"isPartOf\":{\"@id\":\"https:\\\/\\\/www.artisanlocal.ch\\\/c\\\/#website\"},\"primaryImageOfPage\":{\"@id\":\"https:\\\/\\\/www.artisanlocal.ch\\\/c\\\/nettoyage-de-bureaux-et-dhabitats-a-cheseaux-sur-lausanne\\\/#primaryimage\"},\"image\":{\"@id\":\"https:\\\/\\\/www.artisanlocal.ch\\\/c\\\/nettoyage-de-bureaux-et-dhabitats-a-cheseaux-sur-lausanne\\\/#primaryimage\"},\"thumbnailUrl\":\"https:\\\/\\\/www.artisanlocal.ch\\\/c\\\/wp-content\\\/uploads\\\/2024\\\/10\\\/agent-proprete.jpg\",\"datePublished\":\"2024-04-16T16:38:47+00:00\",\"dateModified\":\"2025-08-26T23:33:05+00:00\",\"breadcrumb\":{\"@id\":\"https:\\\/\\\/www.artisanlocal.ch\\\/c\\\/nettoyage-de-bureaux-et-dhabitats-a-cheseaux-sur-lausanne\\\/#breadcrumb\"},\"inLanguage\":\"fr-FR\",\"potentialAction\":[{\"@type\":\"ReadAction\",\"target\":[\"https:\\\/\\\/www.artisanlocal.ch\\\/c\\\/nettoyage-de-bureaux-et-dhabitats-a-cheseaux-sur-lausanne\\\/\"]}]},{\"@type\":\"ImageObject\",\"inLanguage\":\"fr-FR\",\"@id\":\"https:\\\/\\\/www.artisanlocal.ch\\\/c\\\/nettoyage-de-bureaux-et-dhabitats-a-cheseaux-sur-lausanne\\\/#primaryimage\",\"url\":\"https:\\\/\\\/www.artisanlocal.ch\\\/c\\\/wp-content\\\/uploads\\\/2024\\\/10\\\/agent-proprete.jpg\",\"contentUrl\":\"https:\\\/\\\/www.artisanlocal.ch\\\/c\\\/wp-content\\\/uploads\\\/2024\\\/10\\\/agent-proprete.jpg\",\"width\":1920,\"height\":300},{\"@type\":\"BreadcrumbList\",\"@id\":\"https:\\\/\\\/www.artisanlocal.ch\\\/c\\\/nettoyage-de-bureaux-et-dhabitats-a-cheseaux-sur-lausanne\\\/#breadcrumb\",\"itemListElement\":[{\"@type\":\"ListItem\",\"position\":1,\"name\":\"Accueil\",\"item\":\"https:\\\/\\\/www.artisanlocal.ch\\\/c\\\/\"},{\"@type\":\"ListItem\",\"position\":2,\"name\":\"Entreprise nettoyage \u00e0 Cheseaux-sur-Lausanne\"}]},{\"@type\":\"WebSite\",\"@id\":\"https:\\\/\\\/www.artisanlocal.ch\\\/c\\\/#website\",\"url\":\"https:\\\/\\\/www.artisanlocal.ch\\\/c\\\/\",\"name\":\"Artisanlocal\",\"description\":\"\",\"publisher\":{\"@id\":\"https:\\\/\\\/www.artisanlocal.ch\\\/c\\\/#organization\"},\"potentialAction\":[{\"@type\":\"SearchAction\",\"target\":{\"@type\":\"EntryPoint\",\"urlTemplate\":\"https:\\\/\\\/www.artisanlocal.ch\\\/c\\\/?s={search_term_string}\"},\"query-input\":{\"@type\":\"PropertyValueSpecification\",\"valueRequired\":true,\"valueName\":\"search_term_string\"}}],\"inLanguage\":\"fr-FR\"},{\"@type\":\"Organization\",\"@id\":\"https:\\\/\\\/www.artisanlocal.ch\\\/c\\\/#organization\",\"name\":\"Artisanlocal\",\"url\":\"https:\\\/\\\/www.artisanlocal.ch\\\/c\\\/\",\"logo\":{\"@type\":\"ImageObject\",\"inLanguage\":\"fr-FR\",\"@id\":\"https:\\\/\\\/www.artisanlocal.ch\\\/c\\\/#\\\/schema\\\/logo\\\/image\\\/\",\"url\":\"https:\\\/\\\/www.artisanlocal.ch\\\/c\\\/wp-content\\\/uploads\\\/2024\\\/02\\\/logo-artisanlocal-h.svg\",\"contentUrl\":\"https:\\\/\\\/www.artisanlocal.ch\\\/c\\\/wp-content\\\/uploads\\\/2024\\\/02\\\/logo-artisanlocal-h.svg\",\"caption\":\"Artisanlocal\"},\"image\":{\"@id\":\"https:\\\/\\\/www.artisanlocal.ch\\\/c\\\/#\\\/schema\\\/logo\\\/image\\\/\"}}]}<\/script>\n<!-- \/ Yoast SEO Premium plugin. -->","yoast_head_json":{"title":"Entreprise nettoyage \u00e0 Cheseaux-sur-Lausanne - Artisanlocal","robots":{"index":"index","follow":"follow","max-snippet":"max-snippet:-1","max-image-preview":"max-image-preview:large","max-video-preview":"max-video-preview:-1"},"canonical":"https:\/\/www.artisanlocal.ch\/c\/nettoyage-de-bureaux-et-dhabitats-a-cheseaux-sur-lausanne\/","og_locale":"fr_FR","og_type":"article","og_title":"Entreprise nettoyage \u00e0 Cheseaux-sur-Lausanne","og_description":"Besoin d&rsquo;une entreprise de nettoyage \u00e0 Cheseaux-sur-Lausanne ? Artisanlocal intervient pour nettoyer votre logement ou votre entreprise \u00e0 Cheseaux-sur-Lausanne. Pourquoi travailler avec notre soci\u00e9t\u00e9 ? Obtenez un rendez-vous dans la journ\u00e9e. Utilisations des derni\u00e8res techniques de nettoyage. Utilisations de produits \u00e9cologiques. Devis gratuits. Services de nettoyage \u00e0 Cheseaux-sur-Lausanne Nettoyage avant d\u00e9m\u00e9nagement. M\u00e9nage pour propri\u00e9taire Airbnb. [&hellip;]","og_url":"https:\/\/www.artisanlocal.ch\/c\/nettoyage-de-bureaux-et-dhabitats-a-cheseaux-sur-lausanne\/","og_site_name":"Artisanlocal","article_modified_time":"2025-08-26T23:33:05+00:00","og_image":[{"width":1920,"height":300,"url":"https:\/\/www.artisanlocal.ch\/c\/wp-content\/uploads\/2024\/10\/agent-proprete.jpg","type":"image\/jpeg"}],"twitter_card":"summary_large_image","twitter_misc":{"Dur\u00e9e de lecture estim\u00e9e":"4 minutes"},"schema":{"@context":"https:\/\/schema.org","@graph":[{"@type":"WebPage","@id":"https:\/\/www.artisanlocal.ch\/c\/nettoyage-de-bureaux-et-dhabitats-a-cheseaux-sur-lausanne\/","url":"https:\/\/www.artisanlocal.ch\/c\/nettoyage-de-bureaux-et-dhabitats-a-cheseaux-sur-lausanne\/","name":"Entreprise nettoyage \u00e0 Cheseaux-sur-Lausanne - Artisanlocal","isPartOf":{"@id":"https:\/\/www.artisanlocal.ch\/c\/#website"},"primaryImageOfPage":{"@id":"https:\/\/www.artisanlocal.ch\/c\/nettoyage-de-bureaux-et-dhabitats-a-cheseaux-sur-lausanne\/#primaryimage"},"image":{"@id":"https:\/\/www.artisanlocal.ch\/c\/nettoyage-de-bureaux-et-dhabitats-a-cheseaux-sur-lausanne\/#primaryimage"},"thumbnailUrl":"https:\/\/www.artisanlocal.ch\/c\/wp-content\/uploads\/2024\/10\/agent-proprete.jpg","datePublished":"2024-04-16T16:38:47+00:00","dateModified":"2025-08-26T23:33:05+00:00","breadcrumb":{"@id":"https:\/\/www.artisanlocal.ch\/c\/nettoyage-de-bureaux-et-dhabitats-a-cheseaux-sur-lausanne\/#breadcrumb"},"inLanguage":"fr-FR","potentialAction":[{"@type":"ReadAction","target":["https:\/\/www.artisanlocal.ch\/c\/nettoyage-de-bureaux-et-dhabitats-a-cheseaux-sur-lausanne\/"]}]},{"@type":"ImageObject","inLanguage":"fr-FR","@id":"https:\/\/www.artisanlocal.ch\/c\/nettoyage-de-bureaux-et-dhabitats-a-cheseaux-sur-lausanne\/#primaryimage","url":"https:\/\/www.artisanlocal.ch\/c\/wp-content\/uploads\/2024\/10\/agent-proprete.jpg","contentUrl":"https:\/\/www.artisanlocal.ch\/c\/wp-content\/uploads\/2024\/10\/agent-proprete.jpg","width":1920,"height":300},{"@type":"BreadcrumbList","@id":"https:\/\/www.artisanlocal.ch\/c\/nettoyage-de-bureaux-et-dhabitats-a-cheseaux-sur-lausanne\/#breadcrumb","itemListElement":[{"@type":"ListItem","position":1,"name":"Accueil","item":"https:\/\/www.artisanlocal.ch\/c\/"},{"@type":"ListItem","position":2,"name":"Entreprise nettoyage \u00e0 Cheseaux-sur-Lausanne"}]},{"@type":"WebSite","@id":"https:\/\/www.artisanlocal.ch\/c\/#website","url":"https:\/\/www.artisanlocal.ch\/c\/","name":"Artisanlocal","description":"","publisher":{"@id":"https:\/\/www.artisanlocal.ch\/c\/#organization"},"potentialAction":[{"@type":"SearchAction","target":{"@type":"EntryPoint","urlTemplate":"https:\/\/www.artisanlocal.ch\/c\/?s={search_term_string}"},"query-input":{"@type":"PropertyValueSpecification","valueRequired":true,"valueName":"search_term_string"}}],"inLanguage":"fr-FR"},{"@type":"Organization","@id":"https:\/\/www.artisanlocal.ch\/c\/#organization","name":"Artisanlocal","url":"https:\/\/www.artisanlocal.ch\/c\/","logo":{"@type":"ImageObject","inLanguage":"fr-FR","@id":"https:\/\/www.artisanlocal.ch\/c\/#\/schema\/logo\/image\/","url":"https:\/\/www.artisanlocal.ch\/c\/wp-content\/uploads\/2024\/02\/logo-artisanlocal-h.svg","contentUrl":"https:\/\/www.artisanlocal.ch\/c\/wp-content\/uploads\/2024\/02\/logo-artisanlocal-h.svg","caption":"Artisanlocal"},"image":{"@id":"https:\/\/www.artisanlocal.ch\/c\/#\/schema\/logo\/image\/"}}]}},"_links":{"self":[{"href":"https:\/\/www.artisanlocal.ch\/c\/wp-json\/wp\/v2\/pages\/455","targetHints":{"allow":["GET"]}}],"collection":[{"href":"https:\/\/www.artisanlocal.ch\/c\/wp-json\/wp\/v2\/pages"}],"about":[{"href":"https:\/\/www.artisanlocal.ch\/c\/wp-json\/wp\/v2\/types\/page"}],"author":[{"embeddable":true,"href":"https:\/\/www.artisanlocal.ch\/c\/wp-json\/wp\/v2\/users\/4"}],"replies":[{"embeddable":true,"href":"https:\/\/www.artisanlocal.ch\/c\/wp-json\/wp\/v2\/comments?post=455"}],"version-history":[{"count":0,"href":"https:\/\/www.artisanlocal.ch\/c\/wp-json\/wp\/v2\/pages\/455\/revisions"}],"wp:featuredmedia":[{"embeddable":true,"href":"https:\/\/www.artisanlocal.ch\/c\/wp-json\/wp\/v2\/media\/2754"}],"wp:attachment":[{"href":"https:\/\/www.artisanlocal.ch\/c\/wp-json\/wp\/v2\/media?parent=455"}],"wp:term":[{"taxonomy":"profession","embeddable":true,"href":"https:\/\/www.artisanlocal.ch\/c\/wp-json\/wp\/v2\/profession?post=455"},{"taxonomy":"location","embeddable":true,"href":"https:\/\/www.artisanlocal.ch\/c\/wp-json\/wp\/v2\/location?post=455"},{"taxonomy":"canton","embeddable":true,"href":"https:\/\/www.artisanlocal.ch\/c\/wp-json\/wp\/v2\/canton?post=455"}],"curies":[{"name":"wp","href":"https:\/\/api.w.org\/{rel}","templated":true}]}}