{"id":456,"date":"2024-04-16T18:38:47","date_gmt":"2024-04-16T16:38:47","guid":{"rendered":"https:\/\/www.artisanlocal.ch\/c\/nettoyage-de-bureaux-et-dhabitats-a-delemont\/"},"modified":"2025-08-27T01:33:04","modified_gmt":"2025-08-26T23:33:04","slug":"nettoyage-de-bureaux-et-dhabitats-a-delemont","status":"publish","type":"page","link":"https:\/\/www.artisanlocal.ch\/c\/nettoyage-de-bureaux-et-dhabitats-a-delemont\/","title":{"rendered":"Entreprise de nettoyage \u00e0 Del\u00e9mont"},"content":{"rendered":"<p>Artisanlocal est une entreprise de nettoyage \u00e0 Del\u00e9mont, nous proposons des services de nettoyage pour les propri\u00e9taires et les professionnels suisses.<br \/>\n\r\n<div class=\"box\">\r\n    <h2 class=\"text-dark\">Nous cherchons un <em class=\"text-primary\">Agent de propret\u00e9<\/em> dans la r\u00e9gion de <em class=\"text-primary\">Del\u00e9mont<\/em>  en exclusivit\u00e9, afin de proposer vos services \u00e0 nos clients propri\u00e9taires.<\/h2>\r\n    <p>Une opportunit\u00e9 unique pour booster votre activit\u00e9 \u00e0 <strong>Del\u00e9mont<\/strong> et aux alentours dans votre domaine (Agent de propret\u00e9).<\/p>\r\n    <p>Nous travaillons en exclusivit\u00e9 avec qu'une soci\u00e9t\u00e9 par m\u00e9tier et par r\u00e9gion. <br>Votre entreprise est pr\u00e9sente sur tous les documents immobiliers. Afin d'\u00eatre mieux vu sur le net, vous \u00eates \u00e9galement visible sur nos deux sites et sur les pages de r\u00e9f\u00e9rencement de votre r\u00e9gion.<\/p>\r\n    <a href=\"\/contact\" class=\"wp-block-button__link has-accent-background-color has-text-align-center wp-element-button\">R\u00e9server<\/a>\r\n<\/div><\/p>\n<h2>Pourquoi travailler avec notre entreprise ?<\/h2>\n<ul>\n<li>Vous avez la possibilit\u00e9 de r\u00e9server un rendez-vous aujourd&rsquo;hui.<\/li>\n<li>Nous employons les derni\u00e8res techniques de nettoyage.<\/li>\n<li>Notre service de nettoyage est effectu\u00e9 avec des produits \u00e9cologiques.<\/li>\n<li>Nos devis sont gratuits.<\/li>\n<\/ul>\n<h2>Nettoyage de votre habitation ou de votre bureau \u00e0 Del\u00e9mont<\/h2>\n<p>Nous proposons des services de nettoyage pour satisfaire tous nos clients.<\/p>\n<p>Vous avez besoin d&rsquo;un nettoyage complet ou d&rsquo;un m\u00e9nage r\u00e9gulier ? Nous pouvons cr\u00e9er des prestations personnalis\u00e9es, voici les services que nous r\u00e9alisons le plus fr\u00e9quemment \u00e0 Del\u00e9mont :<\/p>\n<ul>\n<li>Service de m\u00e9nage pour votre changement de domicile.<\/li>\n<li>Nettoyage des locations courtes dur\u00e9es Airbnb.<\/li>\n<li>Service de nettoyage de bureaux et locaux commerciaux.<\/li>\n<li>Nettoyage professionnel apr\u00e8s une r\u00e9novation de maison.<\/li>\n<\/ul>\n<h2>Quelles sont les solutions de nettoyage qu&rsquo;artisanlocal propose\u202f?<\/h2>\n<ul>\n<li>Service de nettoyage pour les conciergeries Airbnb,<\/li>\n<li>service de nettoyage et de m\u00e9nage de logements,<\/li>\n<li>nettoyage et entretien des appareils \u00e9lectrom\u00e9nagers,<\/li>\n<li>nettoyage de l&rsquo;ext\u00e9rieur,<\/li>\n<li>nettoyage des espaces souterrains,<\/li>\n<li>d\u00e9sinfection des surfaces pour lutter contre les agents pathog\u00e8nes,<\/li>\n<li>service de lavage de la vaisselle,<\/li>\n<li>nettoyage des installations sportives,<\/li>\n<li>lavage des sols,<\/li>\n<li>nettoyage des h\u00f4pitaux,<\/li>\n<li>m\u00e9nage et nettoyage apr\u00e8s un d\u00e9m\u00e9nagement,<\/li>\n<li>nettoyage des espaces de travail,<\/li>\n<li>service de m\u00e9nage apr\u00e8s des travaux,<\/li>\n<li>m\u00e9nage de salles de bains,<\/li>\n<li>nettoyage des petits commerces,<\/li>\n<li>service de m\u00e9nage et entretien des salles de classe,<\/li>\n<li>lavage de vitres.<\/li>\n<\/ul>\n<h2>Une soci\u00e9t\u00e9 sp\u00e9cialis\u00e9e dans les services de propret\u00e9 fiable situ\u00e9e en Suisse<\/h2>\n<h3>M\u00e9nage d&rsquo;appartement \u00e0 Del\u00e9mont<\/h3>\n<p>Nous vous proposons le m\u00e9nage d&rsquo;appartements \u00e0 Del\u00e9mont, par exemple, nous pouvons nettoyer l&rsquo;int\u00e9rieur de votre appartement, avant l&rsquo;\u00e9tat des lieux.<\/p>\n<p>Il faut savoir que si le nettoyage de l&rsquo;appartement n&rsquo;est pas r\u00e9alis\u00e9 correctement, le propri\u00e9taire est autoris\u00e9 \u00e0 faire appel \u00e0 une soci\u00e9t\u00e9 priv\u00e9e de service de nettoyage et conserver une partie de votre d\u00e9p\u00f4t de garantie.<\/p>\n<p>Ce nettoyage avant l&rsquo;\u00e9tat des lieux englobe notamment les services suivants :<\/p>\n<p>&#8211; L&rsquo;entretien des surfaces : murs, sols, moquettes, parquets et carrelages.<\/p>\n<p>&#8211; Le nettoyage des vitres et des fen\u00eatres.<\/p>\n<p>&#8211; L&rsquo;entretien des toilettes et de la salle d&rsquo;eau.<\/p>\n<p>&#8211; Le nettoyage de l&rsquo;espace de cuisson et du syst\u00e8me de ventilation du coin cuisine.<\/p>\n<p>&#8211; Le d\u00e9poussi\u00e9rage des meubles.<\/p>\n<h3>Vous souhaitez un nettoyage ponctuel de votre logement\u202f?<\/h3>\n<p>Notre soci\u00e9t\u00e9 propose des services d&rsquo;entretien sur mesure, adapt\u00e9s \u00e0 vos demandes, nous pouvons op\u00e9rer de mani\u00e8res mensuelles, bihebdomadaires ou hebdomadaires.<\/p>\n<h3>Nettoyage approfondi de votre propri\u00e9t\u00e9 et de votre appartement \u00e0 Del\u00e9mont<\/h3>\n<p>Artisanlocal offre des services pour nettoyer en profondeur votre maison ou votre appartement, en compl\u00e9ment de notre prestation de nettoyage classique.<\/p>\n<h3>Quels sont les b\u00e9n\u00e9fices de r\u00e9aliser un nettoyage approfondi avec notre entreprise ?<\/h3>\n<p>L&rsquo;avantage du m\u00e9nage en profondeur est d&rsquo;\u00e9liminer les particules, les salet\u00e9s et les salissures qui se sont empil\u00e9es progressivement, ce qui permet d&rsquo;ass\u00e9ner l&rsquo;air de votre int\u00e9rieur. De plus, un nettoyage en profondeur permet aussi d&rsquo;\u00e9liminer efficacement les mauvaises odeurs.<\/p>\n<h3>Service de nettoyage de locaux professionnels \u00e0 Del\u00e9mont<\/h3>\n<p>S&rsquo;adresser \u00e0 Artisanlocal pour le nettoyage de bureaux est la solution la plus efficace. Vous \u00e9conomiserez du temps et de l&rsquo;\u00e9nergie ! Nous proposons des prestations de m\u00e9nages \u00e0 l&rsquo;ann\u00e9e qui s&rsquo;ajustera \u00e0 vos exigences et \u00e0 votre enveloppe budg\u00e9taire. Voici les prestations que nous proposons pour le m\u00e9nage de vos bureaux :<\/p>\n<ul>\n<li>Traitement des tapis et lavage de vitres de bureau.<\/li>\n<li>Entretien du mobilier de bureau en tissu ou cuir (des sofas, des espaces de travail et des fauteuils).<\/li>\n<li>Enl\u00e8vement des d\u00e9chets m\u00e9nagers.<\/li>\n<li>\u00c9limination de la poussi\u00e8re sur toutes les surfaces et mobilier.<\/li>\n<li>D\u00e9poussi\u00e9rage des sols avec l&rsquo;aspirateur et lavage des planchers.<\/li>\n<\/ul>\n<h3>Nettoyage de la maison \u00e0 Del\u00e9mont<\/h3>\n<p>Pour garder l&rsquo;int\u00e9rieur de votre maison entretenue, il faut r\u00e9aliser un nettoyage fr\u00e9quent. De nos jours, la plupart des personnes ont un calendrier rempli et cela rend difficile la r\u00e9alisation des corv\u00e9es domestiques journali\u00e8res, c&rsquo;est ici que notre soci\u00e9t\u00e9 peut vous aider dans votre entretien de tous les jours.<\/p>\n<h2>Pourquoi engager artisanlocal ?<\/h2>\n<p>Si vous r\u00e9sidez \u00e0 Del\u00e9mont, vous pouvez rencontrer des difficult\u00e9s \u00e0 garder votre h\u00e9bergement propre et bien entretenu. Nos services vous aideront \u00e0 pr\u00e9server votre habitation. En ayant recours \u00e0 notre entreprise, vous serez en mesure de :<\/p>\n<h3>Mieux organiser votre espace<\/h3>\n<p>Si votre appartement est en d\u00e9sordre, il est difficile de se sentir bien dans son logement. C&rsquo;est pour cela qu&rsquo;Artisanlocal vous propose des services professionnels de nettoyage de mani\u00e8re \u00e0 vous aider a mieux rang\u00e9 votre lieu de vie.<\/p>\n<h3>Cr\u00e9er une ambiance plus confortable<\/h3>\n<p>Une propri\u00e9t\u00e9 bien organis\u00e9e vous aidera ainsi que vos invit\u00e9s \u00e0 vous sentir mieux.<\/p>\n<h3>Prot\u00e9ger sa bonne sant\u00e9 et son bien-\u00eatre \u00e9motionnel<\/h3>\n<p>Ne pas retirer la poussi\u00e8re et la salet\u00e9 dans votre habitation peut entrainer des risques pour la sant\u00e9, comme d\u00e9clencher des r\u00e9actions allergiques ou amplifier celles d\u00e9j\u00e0 existantes. En sollicitant les services de notre entreprise de m\u00e9nage, vous diminuez les potentiels risques d&rsquo;allergies.<\/p>\n<h3>B\u00e9n\u00e9ficier d&rsquo;une meilleure organisation de votre espace int\u00e9rieur<\/h3>\n<p>Comme un grand nombre de domiciles, votre r\u00e9sidence peut \u00eatre en d\u00e9sordre, ce qui provoque des probl\u00e8mes dans la vie de tous les jours. Notre service de m\u00e9nage peut s&rsquo;av\u00e9rer utile pour conserver votre int\u00e9rieur bien rang\u00e9. En outre, nous pouvons aussi intervenir \u00e0 : Develier, Bourrignon, Soyhi\u00e8res, Mettembert, Pleigne, Lucelle, Movelier, Ederswiler, Roggenburg, Courroux, Courcelon, Vicques, Courchapoix, Corban, Mervelier, Montsevelier, Vermes, Courrendlin, Vellerat, Rebeuvelier, Rossemaison, Ch\u00e2tillon JU, Court\u00e9telle, Courfaivre, Bassecourt, Glovelier, Bo\u00e9court, Montavon, Undervelier, Soulce, Saulcy.<\/p>\n","protected":false},"excerpt":{"rendered":"<p>Artisanlocal est une entreprise de nettoyage \u00e0 Del\u00e9mont, nous proposons des services de nettoyage pour les propri\u00e9taires et les professionnels suisses. Pourquoi travailler avec notre entreprise ? Vous avez la possibilit\u00e9 de r\u00e9server un rendez-vous aujourd&rsquo;hui. Nous employons les derni\u00e8res techniques de nettoyage. Notre service de nettoyage est effectu\u00e9 avec des produits \u00e9cologiques. Nos devis [&hellip;]<\/p>\n","protected":false},"author":4,"featured_media":2754,"parent":0,"menu_order":0,"comment_status":"closed","ping_status":"closed","template":"","meta":{"footnotes":""},"profession":[108],"location":[11],"canton":[111],"class_list":["post-456","page","type-page","status-publish","has-post-thumbnail","hentry","profession-agent-de-proprete","location-delemont","canton-ju"],"yoast_head":"<!-- This site is optimized with the Yoast SEO Premium plugin v25.7.1 (Yoast SEO v27.3) - https:\/\/yoast.com\/product\/yoast-seo-premium-wordpress\/ -->\n<title>Entreprise de nettoyage \u00e0 Del\u00e9mont - Artisanlocal<\/title>\n<meta name=\"robots\" content=\"index, follow, max-snippet:-1, max-image-preview:large, max-video-preview:-1\" \/>\n<link rel=\"canonical\" href=\"https:\/\/www.artisanlocal.ch\/c\/nettoyage-de-bureaux-et-dhabitats-a-delemont\/\" \/>\n<meta property=\"og:locale\" content=\"fr_FR\" \/>\n<meta property=\"og:type\" content=\"article\" \/>\n<meta property=\"og:title\" content=\"Entreprise de nettoyage \u00e0 Del\u00e9mont\" \/>\n<meta property=\"og:description\" content=\"Artisanlocal est une entreprise de nettoyage \u00e0 Del\u00e9mont, nous proposons des services de nettoyage pour les propri\u00e9taires et les professionnels suisses. Pourquoi travailler avec notre entreprise ? Vous avez la possibilit\u00e9 de r\u00e9server un rendez-vous aujourd&rsquo;hui. Nous employons les derni\u00e8res techniques de nettoyage. Notre service de nettoyage est effectu\u00e9 avec des produits \u00e9cologiques. Nos devis [&hellip;]\" \/>\n<meta property=\"og:url\" content=\"https:\/\/www.artisanlocal.ch\/c\/nettoyage-de-bureaux-et-dhabitats-a-delemont\/\" \/>\n<meta property=\"og:site_name\" content=\"Artisanlocal\" \/>\n<meta property=\"article:modified_time\" content=\"2025-08-26T23:33:04+00:00\" \/>\n<meta property=\"og:image\" content=\"https:\/\/www.artisanlocal.ch\/c\/wp-content\/uploads\/2024\/10\/agent-proprete.jpg\" \/>\n\t<meta property=\"og:image:width\" content=\"1920\" \/>\n\t<meta property=\"og:image:height\" content=\"300\" \/>\n\t<meta property=\"og:image:type\" content=\"image\/jpeg\" \/>\n<meta name=\"twitter:card\" content=\"summary_large_image\" \/>\n<meta name=\"twitter:label1\" content=\"Dur\u00e9e de lecture estim\u00e9e\" \/>\n\t<meta name=\"twitter:data1\" content=\"5 minutes\" \/>\n<script type=\"application\/ld+json\" class=\"yoast-schema-graph\">{\"@context\":\"https:\\\/\\\/schema.org\",\"@graph\":[{\"@type\":\"WebPage\",\"@id\":\"https:\\\/\\\/www.artisanlocal.ch\\\/c\\\/nettoyage-de-bureaux-et-dhabitats-a-delemont\\\/\",\"url\":\"https:\\\/\\\/www.artisanlocal.ch\\\/c\\\/nettoyage-de-bureaux-et-dhabitats-a-delemont\\\/\",\"name\":\"Entreprise de nettoyage \u00e0 Del\u00e9mont - Artisanlocal\",\"isPartOf\":{\"@id\":\"https:\\\/\\\/www.artisanlocal.ch\\\/c\\\/#website\"},\"primaryImageOfPage\":{\"@id\":\"https:\\\/\\\/www.artisanlocal.ch\\\/c\\\/nettoyage-de-bureaux-et-dhabitats-a-delemont\\\/#primaryimage\"},\"image\":{\"@id\":\"https:\\\/\\\/www.artisanlocal.ch\\\/c\\\/nettoyage-de-bureaux-et-dhabitats-a-delemont\\\/#primaryimage\"},\"thumbnailUrl\":\"https:\\\/\\\/www.artisanlocal.ch\\\/c\\\/wp-content\\\/uploads\\\/2024\\\/10\\\/agent-proprete.jpg\",\"datePublished\":\"2024-04-16T16:38:47+00:00\",\"dateModified\":\"2025-08-26T23:33:04+00:00\",\"breadcrumb\":{\"@id\":\"https:\\\/\\\/www.artisanlocal.ch\\\/c\\\/nettoyage-de-bureaux-et-dhabitats-a-delemont\\\/#breadcrumb\"},\"inLanguage\":\"fr-FR\",\"potentialAction\":[{\"@type\":\"ReadAction\",\"target\":[\"https:\\\/\\\/www.artisanlocal.ch\\\/c\\\/nettoyage-de-bureaux-et-dhabitats-a-delemont\\\/\"]}]},{\"@type\":\"ImageObject\",\"inLanguage\":\"fr-FR\",\"@id\":\"https:\\\/\\\/www.artisanlocal.ch\\\/c\\\/nettoyage-de-bureaux-et-dhabitats-a-delemont\\\/#primaryimage\",\"url\":\"https:\\\/\\\/www.artisanlocal.ch\\\/c\\\/wp-content\\\/uploads\\\/2024\\\/10\\\/agent-proprete.jpg\",\"contentUrl\":\"https:\\\/\\\/www.artisanlocal.ch\\\/c\\\/wp-content\\\/uploads\\\/2024\\\/10\\\/agent-proprete.jpg\",\"width\":1920,\"height\":300},{\"@type\":\"BreadcrumbList\",\"@id\":\"https:\\\/\\\/www.artisanlocal.ch\\\/c\\\/nettoyage-de-bureaux-et-dhabitats-a-delemont\\\/#breadcrumb\",\"itemListElement\":[{\"@type\":\"ListItem\",\"position\":1,\"name\":\"Accueil\",\"item\":\"https:\\\/\\\/www.artisanlocal.ch\\\/c\\\/\"},{\"@type\":\"ListItem\",\"position\":2,\"name\":\"Entreprise de nettoyage \u00e0 Del\u00e9mont\"}]},{\"@type\":\"WebSite\",\"@id\":\"https:\\\/\\\/www.artisanlocal.ch\\\/c\\\/#website\",\"url\":\"https:\\\/\\\/www.artisanlocal.ch\\\/c\\\/\",\"name\":\"Artisanlocal\",\"description\":\"\",\"publisher\":{\"@id\":\"https:\\\/\\\/www.artisanlocal.ch\\\/c\\\/#organization\"},\"potentialAction\":[{\"@type\":\"SearchAction\",\"target\":{\"@type\":\"EntryPoint\",\"urlTemplate\":\"https:\\\/\\\/www.artisanlocal.ch\\\/c\\\/?s={search_term_string}\"},\"query-input\":{\"@type\":\"PropertyValueSpecification\",\"valueRequired\":true,\"valueName\":\"search_term_string\"}}],\"inLanguage\":\"fr-FR\"},{\"@type\":\"Organization\",\"@id\":\"https:\\\/\\\/www.artisanlocal.ch\\\/c\\\/#organization\",\"name\":\"Artisanlocal\",\"url\":\"https:\\\/\\\/www.artisanlocal.ch\\\/c\\\/\",\"logo\":{\"@type\":\"ImageObject\",\"inLanguage\":\"fr-FR\",\"@id\":\"https:\\\/\\\/www.artisanlocal.ch\\\/c\\\/#\\\/schema\\\/logo\\\/image\\\/\",\"url\":\"https:\\\/\\\/www.artisanlocal.ch\\\/c\\\/wp-content\\\/uploads\\\/2024\\\/02\\\/logo-artisanlocal-h.svg\",\"contentUrl\":\"https:\\\/\\\/www.artisanlocal.ch\\\/c\\\/wp-content\\\/uploads\\\/2024\\\/02\\\/logo-artisanlocal-h.svg\",\"caption\":\"Artisanlocal\"},\"image\":{\"@id\":\"https:\\\/\\\/www.artisanlocal.ch\\\/c\\\/#\\\/schema\\\/logo\\\/image\\\/\"}}]}<\/script>\n<!-- \/ Yoast SEO Premium plugin. -->","yoast_head_json":{"title":"Entreprise de nettoyage \u00e0 Del\u00e9mont - Artisanlocal","robots":{"index":"index","follow":"follow","max-snippet":"max-snippet:-1","max-image-preview":"max-image-preview:large","max-video-preview":"max-video-preview:-1"},"canonical":"https:\/\/www.artisanlocal.ch\/c\/nettoyage-de-bureaux-et-dhabitats-a-delemont\/","og_locale":"fr_FR","og_type":"article","og_title":"Entreprise de nettoyage \u00e0 Del\u00e9mont","og_description":"Artisanlocal est une entreprise de nettoyage \u00e0 Del\u00e9mont, nous proposons des services de nettoyage pour les propri\u00e9taires et les professionnels suisses. Pourquoi travailler avec notre entreprise ? Vous avez la possibilit\u00e9 de r\u00e9server un rendez-vous aujourd&rsquo;hui. Nous employons les derni\u00e8res techniques de nettoyage. Notre service de nettoyage est effectu\u00e9 avec des produits \u00e9cologiques. Nos devis [&hellip;]","og_url":"https:\/\/www.artisanlocal.ch\/c\/nettoyage-de-bureaux-et-dhabitats-a-delemont\/","og_site_name":"Artisanlocal","article_modified_time":"2025-08-26T23:33:04+00:00","og_image":[{"width":1920,"height":300,"url":"https:\/\/www.artisanlocal.ch\/c\/wp-content\/uploads\/2024\/10\/agent-proprete.jpg","type":"image\/jpeg"}],"twitter_card":"summary_large_image","twitter_misc":{"Dur\u00e9e de lecture estim\u00e9e":"5 minutes"},"schema":{"@context":"https:\/\/schema.org","@graph":[{"@type":"WebPage","@id":"https:\/\/www.artisanlocal.ch\/c\/nettoyage-de-bureaux-et-dhabitats-a-delemont\/","url":"https:\/\/www.artisanlocal.ch\/c\/nettoyage-de-bureaux-et-dhabitats-a-delemont\/","name":"Entreprise de nettoyage \u00e0 Del\u00e9mont - Artisanlocal","isPartOf":{"@id":"https:\/\/www.artisanlocal.ch\/c\/#website"},"primaryImageOfPage":{"@id":"https:\/\/www.artisanlocal.ch\/c\/nettoyage-de-bureaux-et-dhabitats-a-delemont\/#primaryimage"},"image":{"@id":"https:\/\/www.artisanlocal.ch\/c\/nettoyage-de-bureaux-et-dhabitats-a-delemont\/#primaryimage"},"thumbnailUrl":"https:\/\/www.artisanlocal.ch\/c\/wp-content\/uploads\/2024\/10\/agent-proprete.jpg","datePublished":"2024-04-16T16:38:47+00:00","dateModified":"2025-08-26T23:33:04+00:00","breadcrumb":{"@id":"https:\/\/www.artisanlocal.ch\/c\/nettoyage-de-bureaux-et-dhabitats-a-delemont\/#breadcrumb"},"inLanguage":"fr-FR","potentialAction":[{"@type":"ReadAction","target":["https:\/\/www.artisanlocal.ch\/c\/nettoyage-de-bureaux-et-dhabitats-a-delemont\/"]}]},{"@type":"ImageObject","inLanguage":"fr-FR","@id":"https:\/\/www.artisanlocal.ch\/c\/nettoyage-de-bureaux-et-dhabitats-a-delemont\/#primaryimage","url":"https:\/\/www.artisanlocal.ch\/c\/wp-content\/uploads\/2024\/10\/agent-proprete.jpg","contentUrl":"https:\/\/www.artisanlocal.ch\/c\/wp-content\/uploads\/2024\/10\/agent-proprete.jpg","width":1920,"height":300},{"@type":"BreadcrumbList","@id":"https:\/\/www.artisanlocal.ch\/c\/nettoyage-de-bureaux-et-dhabitats-a-delemont\/#breadcrumb","itemListElement":[{"@type":"ListItem","position":1,"name":"Accueil","item":"https:\/\/www.artisanlocal.ch\/c\/"},{"@type":"ListItem","position":2,"name":"Entreprise de nettoyage \u00e0 Del\u00e9mont"}]},{"@type":"WebSite","@id":"https:\/\/www.artisanlocal.ch\/c\/#website","url":"https:\/\/www.artisanlocal.ch\/c\/","name":"Artisanlocal","description":"","publisher":{"@id":"https:\/\/www.artisanlocal.ch\/c\/#organization"},"potentialAction":[{"@type":"SearchAction","target":{"@type":"EntryPoint","urlTemplate":"https:\/\/www.artisanlocal.ch\/c\/?s={search_term_string}"},"query-input":{"@type":"PropertyValueSpecification","valueRequired":true,"valueName":"search_term_string"}}],"inLanguage":"fr-FR"},{"@type":"Organization","@id":"https:\/\/www.artisanlocal.ch\/c\/#organization","name":"Artisanlocal","url":"https:\/\/www.artisanlocal.ch\/c\/","logo":{"@type":"ImageObject","inLanguage":"fr-FR","@id":"https:\/\/www.artisanlocal.ch\/c\/#\/schema\/logo\/image\/","url":"https:\/\/www.artisanlocal.ch\/c\/wp-content\/uploads\/2024\/02\/logo-artisanlocal-h.svg","contentUrl":"https:\/\/www.artisanlocal.ch\/c\/wp-content\/uploads\/2024\/02\/logo-artisanlocal-h.svg","caption":"Artisanlocal"},"image":{"@id":"https:\/\/www.artisanlocal.ch\/c\/#\/schema\/logo\/image\/"}}]}},"_links":{"self":[{"href":"https:\/\/www.artisanlocal.ch\/c\/wp-json\/wp\/v2\/pages\/456","targetHints":{"allow":["GET"]}}],"collection":[{"href":"https:\/\/www.artisanlocal.ch\/c\/wp-json\/wp\/v2\/pages"}],"about":[{"href":"https:\/\/www.artisanlocal.ch\/c\/wp-json\/wp\/v2\/types\/page"}],"author":[{"embeddable":true,"href":"https:\/\/www.artisanlocal.ch\/c\/wp-json\/wp\/v2\/users\/4"}],"replies":[{"embeddable":true,"href":"https:\/\/www.artisanlocal.ch\/c\/wp-json\/wp\/v2\/comments?post=456"}],"version-history":[{"count":0,"href":"https:\/\/www.artisanlocal.ch\/c\/wp-json\/wp\/v2\/pages\/456\/revisions"}],"wp:featuredmedia":[{"embeddable":true,"href":"https:\/\/www.artisanlocal.ch\/c\/wp-json\/wp\/v2\/media\/2754"}],"wp:attachment":[{"href":"https:\/\/www.artisanlocal.ch\/c\/wp-json\/wp\/v2\/media?parent=456"}],"wp:term":[{"taxonomy":"profession","embeddable":true,"href":"https:\/\/www.artisanlocal.ch\/c\/wp-json\/wp\/v2\/profession?post=456"},{"taxonomy":"location","embeddable":true,"href":"https:\/\/www.artisanlocal.ch\/c\/wp-json\/wp\/v2\/location?post=456"},{"taxonomy":"canton","embeddable":true,"href":"https:\/\/www.artisanlocal.ch\/c\/wp-json\/wp\/v2\/canton?post=456"}],"curies":[{"name":"wp","href":"https:\/\/api.w.org\/{rel}","templated":true}]}}