{"id":458,"date":"2024-04-16T18:38:47","date_gmt":"2024-04-16T16:38:47","guid":{"rendered":"https:\/\/www.artisanlocal.ch\/c\/nettoyage-pour-habitation-et-bureau-dentreprise-a-porrentruy\/"},"modified":"2025-08-27T01:33:01","modified_gmt":"2025-08-26T23:33:01","slug":"nettoyage-pour-habitation-et-bureau-dentreprise-a-porrentruy","status":"publish","type":"page","link":"https:\/\/www.artisanlocal.ch\/c\/nettoyage-pour-habitation-et-bureau-dentreprise-a-porrentruy\/","title":{"rendered":"Entreprise de nettoyage \u00e0 Porrentruy"},"content":{"rendered":"<p>Artisanlocal est une entreprise de nettoyage \u00e0 Porrentruy, nous proposons des services pour les professionnels et les particuliers. Notre \u00e9quipe d&rsquo;experts exp\u00e9riment\u00e9s s&rsquo;engage \u00e0 r\u00e9aliser des prestations de haute qualit\u00e9.<br \/>\n\r\n<div class=\"box\">\r\n            <div class=\"company-info\">\r\n            <img decoding=\"async\" class=\"company-info__logo\" src=\"https:\/\/www.artisanlocal.ch\/media\/cache\/thumb\/images\/companies\/665dcab16dad4631966207.png\" alt=\"Logo\">\r\n            <h2 class=\"company-info__name\">Sofra Nettoyages S\u00e0rl, Val\u00e9rie et Lionel Bieri<\/h2>\r\n            <p class=\"company-info__business\">Entreprise de nettoyage<\/p>\r\n        <\/div>\r\n        <div class=\"company-contact\">\r\n            <p class=\"company-info__address\">Rue du Rosaire 9<\/p>\r\n                            <div class=\"links\">\r\n                                            <a class=\"btn has-accent-background-color js-phoneNumber\" href=\"tel:0797192523\" title=\"Appelez\" data-id=\"5241\" data-type=\"11\">079 719 25 23<\/a>\r\n                                                                <a class=\"btn has-accent-background-color\" href=\"https:\/\/www.sofra-nettoyages.com\/\" target=\"_blank\" title=\"Voir le site internet\" data-id=\"5241\" data-type=\"20\">Site internet<\/a>\r\n                                    <\/div>\r\n                    <\/div>\r\n    \r\n            \r\n<form action=\"https:\/\/www.artisanlocal.ch\/c\/wp-admin\/admin-ajax.php\" method=\"post\" class=\"form-contact\" id=\"artisan_form_contact_company_inline\">\r\n    <div><input type=\"hidden\" name=\"action\" value=\"company_contact\"><\/div>\r\n    <div><input type=\"hidden\" name=\"nonce\" value=\"f100b05f86\"><\/div>\r\n    <div><input type=\"hidden\" name=\"company_id\" value=\"5241\"><\/div>\r\n    <div><input type=\"hidden\" name=\"form_id\" value=\"artisan_form_contact_company_inline\"><\/div>\r\n    <div class=\"gglcptch gglcptch_v3 gglcptch_custom\"><input type=\"hidden\" id=\"g-recaptcha-response\" name=\"g-recaptcha-response\" \/><br \/><div class=\"gglcptch_error_text\">La p\u00e9riode de v\u00e9rification reCAPTCHA a expir\u00e9. Veuillez recharger la page.<\/div><\/div>    <div class=\"form-content\">\r\n        <div class=\"form-group\">\r\n            <label for=\"contact_firstName\" class=\"required\">Pr\u00e9nom<\/label>\r\n            <input type=\"text\" name=\"firstName\" class=\"form-control\" required>\r\n        <\/div>\r\n        <div class=\"form-group\">\r\n            <label for=\"contact_lastName\" class=\"required\">Nom<\/label>\r\n            <input type=\"text\" name=\"lastName\" class=\"form-control\" required>\r\n        <\/div>\r\n        <div class=\"form-group\">\r\n            <label for=\"contact_email\" class=\"required\">Email<\/label>\r\n            <input type=\"email\" name=\"email\" class=\"form-control\" required>\r\n        <\/div>\r\n        <div class=\"form-group\">\r\n            <label for=\"contact_phone\" class=\"required\">Num\u00e9ro de t\u00e9l\u00e9phone<\/label>\r\n            <input type=\"tel\" name=\"phone\" class=\"form-control\" placeholder=\"0787117165\" pattern=\"^[0-9]{10}$\" required>\r\n        <\/div>\r\n        <div class=\"form-group\">\r\n            <label for=\"contact_postalCode\" class=\"required\">Code postal et localit\u00e9<\/label>\r\n            <input type=\"text\" name=\"postalCode\" class=\"form-control\" required>\r\n        <\/div>\r\n        <div class=\"form-group\">\r\n            <label for=\"contact_address\" class=\"required\">Adresse<\/label>\r\n            <input type=\"text\" name=\"address\" class=\"form-control\" required>\r\n        <\/div>\r\n        <div class=\"full-width topic\">\r\n            <p class=\"required\">Je souhaite \u00eatre contact\u00e9 pour :<\/p>\r\n            <div class=\"form-check\">\r\n                <input type=\"radio\" name=\"topic\" value=\"D\u00e9pannage\" class=\"form-control\" required>\r\n                <label for=\"d\u00e9pannage\">D\u00e9pannage<\/label>\r\n            <\/div>\r\n            <div class=\"form-check\">\r\n                <input type=\"radio\" name=\"topic\" value=\"Entretien\" class=\"form-control\" required>\r\n                <label for=\"entretien\">Entretien<\/label>\r\n            <\/div>\r\n            <div class=\"form-check\">\r\n                <input type=\"radio\" name=\"topic\" value=\"R\u00e9novation\" class=\"form-control\" required>\r\n                <label for=\"r\u00e9novation\">R\u00e9novation<\/label>\r\n            <\/div>\r\n            <div class=\"form-check\">\r\n                <input type=\"radio\" name=\"topic\" value=\"Autre\" class=\"form-control\" required>\r\n                <label for=\"autre\">Autre<\/label>\r\n            <\/div>\r\n        <\/div>\r\n        <div class=\"form-group full-width\">\r\n            <label for=\"contact_message\">Message<\/label>\r\n            <textarea name=\"message\" rows=\"3\" class=\"form-control\"><\/textarea>\r\n        <\/div>\r\n    <\/div>\r\n    <div class=\"form-actions\">\r\n        <button class=\"wp-block-button__link has-accent-background-color\">Contacter<\/button>\r\n    <\/div>\r\n<\/form>\r\n<div class=\"form-feedback\"><\/div>    <\/div><\/p>\n<h2>Pourquoi travailler avec notre entreprise ?<\/h2>\n<ul>\n<li>Vous pouvez r\u00e9server un rendez-vous le jour m\u00eame.<\/li>\n<li>Nous employons les derni\u00e8res techniques de nettoyage.<\/li>\n<li>Nous utilisons des produits durables.<\/li>\n<li>Nous proposons des devis gratuits.<\/li>\n<\/ul>\n<h2>Services de m\u00e9nage \u00e0 Porrentruy<\/h2>\n<p>Nous proposons des services de m\u00e9nage pour r\u00e9pondre aux attentes de chacun de nos clients.<\/p>\n<p>Si vous avez besoin d&rsquo;un nettoyage entier de votre int\u00e9rieur, d&rsquo;un m\u00e9nage occasionnel ou d&rsquo;un service d&rsquo;entretien r\u00e9gulier, nous sommes l\u00e0 pour vous. D\u00e9couvrez nos services les plus g\u00e9n\u00e9ralement r\u00e9alis\u00e9s \u00e0 Porrentruy et b\u00e9n\u00e9ficiez :<\/p>\n<ul>\n<li>De service de nettoyage pour votre changement de domicile.<\/li>\n<li>D&rsquo;un nettoyage Airbnb.<\/li>\n<li>D&rsquo;un lavage des espaces de bureaux et des locaux commerciaux.<\/li>\n<li>D&rsquo;un nettoyage apr\u00e8s une r\u00e9novation.<\/li>\n<\/ul>\n<h2>Quelles sont les solutions de m\u00e9nage d&rsquo;Artisanlocal\u202f?<\/h2>\n<ul>\n<li>Nettoyage pour les conciergeries Airbnb,<\/li>\n<li>service de m\u00e9nage de studios,<\/li>\n<li>entretien d&rsquo;appareils \u00e9lectrom\u00e9nagers,<\/li>\n<li>nettoyage de l&rsquo;ext\u00e9rieur,<\/li>\n<li>services de m\u00e9nage pour les caves,<\/li>\n<li>d\u00e9sinfection des surfaces pour lutter contre les virus,<\/li>\n<li>nettoyage de la vaisselle,<\/li>\n<li>nettoyage et entretien des installations sportives,<\/li>\n<li>lavage des sols,<\/li>\n<li>nettoyage sanitaire en milieu m\u00e9dical,<\/li>\n<li>m\u00e9nage et nettoyage apr\u00e8s un changement de logement,<\/li>\n<li>nettoyage des locaux professionnels,<\/li>\n<li>service de propret\u00e9 apr\u00e8s une r\u00e9novation,<\/li>\n<li>m\u00e9nage des salles d&rsquo;eau,<\/li>\n<li>nettoyage des commerces locaux,<\/li>\n<li>service de m\u00e9nage et entretien des salles de classe,<\/li>\n<li>nettoyage de vitres.<\/li>\n<\/ul>\n<h2>Une entreprise Helv\u00e9tique de confiance<\/h2>\n<h3>M\u00e9nage d&rsquo;appartement \u00e0 Porrentruy<\/h3>\n<p>Si vous vivez \u00e0 Porrentruy, nous pouvons effectuer le m\u00e9nage de votre appartement avant l&rsquo;\u00e9tat des lieux.<\/p>\n<p>Il faut comprendre que si le m\u00e9nage int\u00e9rieur de l&rsquo;appartement n&rsquo;est pas r\u00e9alis\u00e9 de fa\u00e7on convenable, le gestionnaire immobilier peut faire appel \u00e0 une soci\u00e9t\u00e9 priv\u00e9e de nettoyage et retenir une part de votre d\u00e9p\u00f4t de garantie.<\/p>\n<p>Les services de nettoyage pour l&rsquo;\u00e9tat des lieux comprennent :<\/p>\n<p>&#8211; L&rsquo;entretien et le nettoyage des espaces : les sols, les murs, les parquets, les moquettes et les carrelages.<\/p>\n<p>&#8211; Nettoyage des vitres et des fen\u00eatres.<\/p>\n<p>&#8211; L&rsquo;entretien et le nettoyage de la salle de bain et des WC.<\/p>\n<p>&#8211; Le service de nettoyage de la cuisine et de la h\u00f4te de cuisine.<\/p>\n<p>&#8211; L&rsquo;\u00e9limination des poussi\u00e8res sur le mobilier.<\/p>\n<h3>Vous avez besoin d&rsquo;un service de nettoyage fr\u00e9quent de votre studio\u202f?<\/h3>\n<p>Notre soci\u00e9t\u00e9 propose des services d&rsquo;entretien sur mesure, adapt\u00e9s \u00e0 vos demandes, nous pouvons intervenir de mani\u00e8res mensuelles, bihebdomadaires ou hebdomadaires.<\/p>\n<h3>Nettoyage en profondeur de votre r\u00e9sidence et de votre appartement \u00e0 Porrentruy<\/h3>\n<p>Artisanlocal offre des services de nettoyage en profondeur pour votre villa ou appartement, en compl\u00e9ment de notre service de nettoyage standard.<\/p>\n<h3>Quels sont les b\u00e9n\u00e9fices de r\u00e9aliser un entretien en profondeur avec notre soci\u00e9t\u00e9 ?<\/h3>\n<p>L&rsquo;avantage majeur du nettoyage en profondeur est d\u2019\u00e9liminer les amas de poussi\u00e8res qui se sont entass\u00e9es au fur et \u00e0 mesure, pour rendre votre appartement sans poussi\u00e8re. Un entretien en profondeur est par ailleurs une bonne solution pour enlever les mauvaises odeurs.<\/p>\n<h3>Service de nettoyage de bureaux \u00e0 Porrentruy<\/h3>\n<p>S&rsquo;adresser \u00e0 Artisanlocal pour l&rsquo;entretien de bureaux est la meilleure alternative. Vous ferez des \u00e9conomies de temps et d&rsquo;\u00e9nergie ! D\u00e9couvrez nos contrats d&rsquo;entretien qui s&rsquo;adaptent \u00e0 vos besoins et \u00e0 votre budget. D\u00e9couvrez nos services d&rsquo;entretien pour les bureaux :<\/p>\n<ul>\n<li>Nettoyage de vos tapis et des vitres.<\/li>\n<li>Service d&rsquo;entretien du mobilier de bureau en tissu ou cuir (des sofas, des espaces de travail et des fauteuils).<\/li>\n<li>Enl\u00e8vement des d\u00e9chets.<\/li>\n<li>D\u00e9poussi\u00e9rage de toutes les surfaces et mobilier.<\/li>\n<li>Lavement des parquets et utilisation de l&rsquo;aspirateur.<\/li>\n<\/ul>\n<h3>Service de m\u00e9nage de maison \u00e0 Porrentruy<\/h3>\n<p>Pour garantir que votre habitation reste continuellement aussi impeccable, un nettoyage fr\u00e9quent n\u00e9cessite d&rsquo;\u00eatre inclus dans vos habitudes. H\u00e9las, un agenda rempli peut rendre cette t\u00e2che difficile, voire irr\u00e9alisable, confiez \u00e0 notre soci\u00e9t\u00e9 le m\u00e9nage de votre maison.<\/p>\n<h2>Quel est l&rsquo;int\u00e9r\u00eat de recourir \u00e0 une entreprise pour nettoyer son domicile \u00e0 Porrentruy ?<\/h2>\n<p>Si vous \u00eates un Bruntrutain, vous rencontrez potentiellement des probl\u00e8mes \u00e0 maintenir votre logement propre et en ordre. Notre gamme de services vous aidera \u00e0 conserver votre habitation dans un \u00e9tat impeccable. En faisant appel \u00e0 notre soci\u00e9t\u00e9, vous allez pouvoir :<\/p>\n<h3>Mieux contr\u00f4ler votre espace<\/h3>\n<p>Un logement mal organis\u00e9 peut \u00eatre une source de probl\u00e8mes (perte de temps, disputes avec son conjoint, etc.). Notre entreprise Artisanlocal met \u00e0 disposition des prestations de m\u00e9nage pour les maisons et appartements.<\/p>\n<h3>Construire un milieu plus avenant<\/h3>\n<p>Effectivement, une maison bien rang\u00e9e permet \u00e0 vos invit\u00e9s de vous sentir plus \u00e0 l&rsquo;aise.<\/p>\n<h3>Pr\u00e9server sa bonne sant\u00e9 et rester heureux<\/h3>\n<p>La concentration des particules de poussi\u00e8res fines dans votre r\u00e9sidence peut cr\u00e9er des risques pour la sant\u00e9, et entra\u00eener des r\u00e9actions allergiques ou exacerber celles qui existent d\u00e9j\u00e0. En faisant appel \u00e0 une soci\u00e9t\u00e9 de nettoyage, vous diminuez la pr\u00e9sence des allerg\u00e8nes.<\/p>\n<h3>Am\u00e9liorer la disposition globale de votre propri\u00e9t\u00e9<\/h3>\n<p>Comme un grand nombre de foyers, votre maison peut \u00eatre en d\u00e9sordre, ce qui provoque des d\u00e9sagr\u00e9ments dans la vie de tous les jours. Notre service de m\u00e9nage peut s&rsquo;av\u00e9rer utile pour pr\u00e9server votre int\u00e9rieur en ordre. De plus, nous pouvons aussi op\u00e9rer \u00e0 : St-Ursanne, Montmelon, Montenol, Epauvillers, Epiquerez, Seleute, Ocourt, Fontenais, Villars-sur-Fontenais, Bressaucourt, Courtedoux, Chevenez, Rocourt, Grandfontaine, R\u00e9cl\u00e8re, Roche-d'Or, Damvant, Bure, Fahy, Courchavon, Courtema\u00eeche, Montignez, Buix, Boncourt, Coeuve, Damphreux, Lugnez, Beurnev\u00e9sin, Alle, Vendlincourt, Bonfol, Mi\u00e9court, Charmoille, Courgenay, Courtemautruy, Cornol, Fregi\u00e9court, Pleujouse, Asuel.<\/p>\n","protected":false},"excerpt":{"rendered":"<p>Artisanlocal est une entreprise de nettoyage \u00e0 Porrentruy, nous proposons des services pour les professionnels et les particuliers. Notre \u00e9quipe d&rsquo;experts exp\u00e9riment\u00e9s s&rsquo;engage \u00e0 r\u00e9aliser des prestations de haute qualit\u00e9. Pourquoi travailler avec notre entreprise ? Vous pouvez r\u00e9server un rendez-vous le jour m\u00eame. Nous employons les derni\u00e8res techniques de nettoyage. Nous utilisons des produits [&hellip;]<\/p>\n","protected":false},"author":4,"featured_media":2754,"parent":0,"menu_order":0,"comment_status":"closed","ping_status":"closed","template":"","meta":{"footnotes":""},"profession":[108],"location":[72],"canton":[111],"class_list":["post-458","page","type-page","status-publish","has-post-thumbnail","hentry","profession-agent-de-proprete","location-porrentruy","canton-ju"],"yoast_head":"<!-- This site is optimized with the Yoast SEO Premium plugin v25.7.1 (Yoast SEO v27.3) - https:\/\/yoast.com\/product\/yoast-seo-premium-wordpress\/ -->\n<title>Entreprise de nettoyage \u00e0 Porrentruy - Artisanlocal<\/title>\n<meta name=\"robots\" content=\"index, follow, max-snippet:-1, max-image-preview:large, max-video-preview:-1\" \/>\n<link rel=\"canonical\" href=\"https:\/\/www.artisanlocal.ch\/c\/nettoyage-pour-habitation-et-bureau-dentreprise-a-porrentruy\/\" \/>\n<meta property=\"og:locale\" content=\"fr_FR\" \/>\n<meta property=\"og:type\" content=\"article\" \/>\n<meta property=\"og:title\" content=\"Entreprise de nettoyage \u00e0 Porrentruy\" \/>\n<meta property=\"og:description\" content=\"Artisanlocal est une entreprise de nettoyage \u00e0 Porrentruy, nous proposons des services pour les professionnels et les particuliers. Notre \u00e9quipe d&rsquo;experts exp\u00e9riment\u00e9s s&rsquo;engage \u00e0 r\u00e9aliser des prestations de haute qualit\u00e9. Pourquoi travailler avec notre entreprise ? Vous pouvez r\u00e9server un rendez-vous le jour m\u00eame. Nous employons les derni\u00e8res techniques de nettoyage. Nous utilisons des produits [&hellip;]\" \/>\n<meta property=\"og:url\" content=\"https:\/\/www.artisanlocal.ch\/c\/nettoyage-pour-habitation-et-bureau-dentreprise-a-porrentruy\/\" \/>\n<meta property=\"og:site_name\" content=\"Artisanlocal\" \/>\n<meta property=\"article:modified_time\" content=\"2025-08-26T23:33:01+00:00\" \/>\n<meta property=\"og:image\" content=\"https:\/\/www.artisanlocal.ch\/c\/wp-content\/uploads\/2024\/10\/agent-proprete.jpg\" \/>\n\t<meta property=\"og:image:width\" content=\"1920\" \/>\n\t<meta property=\"og:image:height\" content=\"300\" \/>\n\t<meta property=\"og:image:type\" content=\"image\/jpeg\" \/>\n<meta name=\"twitter:card\" content=\"summary_large_image\" \/>\n<meta name=\"twitter:label1\" content=\"Dur\u00e9e de lecture estim\u00e9e\" \/>\n\t<meta name=\"twitter:data1\" content=\"5 minutes\" \/>\n<script type=\"application\/ld+json\" class=\"yoast-schema-graph\">{\"@context\":\"https:\\\/\\\/schema.org\",\"@graph\":[{\"@type\":\"WebPage\",\"@id\":\"https:\\\/\\\/www.artisanlocal.ch\\\/c\\\/nettoyage-pour-habitation-et-bureau-dentreprise-a-porrentruy\\\/\",\"url\":\"https:\\\/\\\/www.artisanlocal.ch\\\/c\\\/nettoyage-pour-habitation-et-bureau-dentreprise-a-porrentruy\\\/\",\"name\":\"Entreprise de nettoyage \u00e0 Porrentruy - Artisanlocal\",\"isPartOf\":{\"@id\":\"https:\\\/\\\/www.artisanlocal.ch\\\/c\\\/#website\"},\"primaryImageOfPage\":{\"@id\":\"https:\\\/\\\/www.artisanlocal.ch\\\/c\\\/nettoyage-pour-habitation-et-bureau-dentreprise-a-porrentruy\\\/#primaryimage\"},\"image\":{\"@id\":\"https:\\\/\\\/www.artisanlocal.ch\\\/c\\\/nettoyage-pour-habitation-et-bureau-dentreprise-a-porrentruy\\\/#primaryimage\"},\"thumbnailUrl\":\"https:\\\/\\\/www.artisanlocal.ch\\\/c\\\/wp-content\\\/uploads\\\/2024\\\/10\\\/agent-proprete.jpg\",\"datePublished\":\"2024-04-16T16:38:47+00:00\",\"dateModified\":\"2025-08-26T23:33:01+00:00\",\"breadcrumb\":{\"@id\":\"https:\\\/\\\/www.artisanlocal.ch\\\/c\\\/nettoyage-pour-habitation-et-bureau-dentreprise-a-porrentruy\\\/#breadcrumb\"},\"inLanguage\":\"fr-FR\",\"potentialAction\":[{\"@type\":\"ReadAction\",\"target\":[\"https:\\\/\\\/www.artisanlocal.ch\\\/c\\\/nettoyage-pour-habitation-et-bureau-dentreprise-a-porrentruy\\\/\"]}]},{\"@type\":\"ImageObject\",\"inLanguage\":\"fr-FR\",\"@id\":\"https:\\\/\\\/www.artisanlocal.ch\\\/c\\\/nettoyage-pour-habitation-et-bureau-dentreprise-a-porrentruy\\\/#primaryimage\",\"url\":\"https:\\\/\\\/www.artisanlocal.ch\\\/c\\\/wp-content\\\/uploads\\\/2024\\\/10\\\/agent-proprete.jpg\",\"contentUrl\":\"https:\\\/\\\/www.artisanlocal.ch\\\/c\\\/wp-content\\\/uploads\\\/2024\\\/10\\\/agent-proprete.jpg\",\"width\":1920,\"height\":300},{\"@type\":\"BreadcrumbList\",\"@id\":\"https:\\\/\\\/www.artisanlocal.ch\\\/c\\\/nettoyage-pour-habitation-et-bureau-dentreprise-a-porrentruy\\\/#breadcrumb\",\"itemListElement\":[{\"@type\":\"ListItem\",\"position\":1,\"name\":\"Accueil\",\"item\":\"https:\\\/\\\/www.artisanlocal.ch\\\/c\\\/\"},{\"@type\":\"ListItem\",\"position\":2,\"name\":\"Entreprise de nettoyage \u00e0 Porrentruy\"}]},{\"@type\":\"WebSite\",\"@id\":\"https:\\\/\\\/www.artisanlocal.ch\\\/c\\\/#website\",\"url\":\"https:\\\/\\\/www.artisanlocal.ch\\\/c\\\/\",\"name\":\"Artisanlocal\",\"description\":\"\",\"publisher\":{\"@id\":\"https:\\\/\\\/www.artisanlocal.ch\\\/c\\\/#organization\"},\"potentialAction\":[{\"@type\":\"SearchAction\",\"target\":{\"@type\":\"EntryPoint\",\"urlTemplate\":\"https:\\\/\\\/www.artisanlocal.ch\\\/c\\\/?s={search_term_string}\"},\"query-input\":{\"@type\":\"PropertyValueSpecification\",\"valueRequired\":true,\"valueName\":\"search_term_string\"}}],\"inLanguage\":\"fr-FR\"},{\"@type\":\"Organization\",\"@id\":\"https:\\\/\\\/www.artisanlocal.ch\\\/c\\\/#organization\",\"name\":\"Artisanlocal\",\"url\":\"https:\\\/\\\/www.artisanlocal.ch\\\/c\\\/\",\"logo\":{\"@type\":\"ImageObject\",\"inLanguage\":\"fr-FR\",\"@id\":\"https:\\\/\\\/www.artisanlocal.ch\\\/c\\\/#\\\/schema\\\/logo\\\/image\\\/\",\"url\":\"https:\\\/\\\/www.artisanlocal.ch\\\/c\\\/wp-content\\\/uploads\\\/2024\\\/02\\\/logo-artisanlocal-h.svg\",\"contentUrl\":\"https:\\\/\\\/www.artisanlocal.ch\\\/c\\\/wp-content\\\/uploads\\\/2024\\\/02\\\/logo-artisanlocal-h.svg\",\"caption\":\"Artisanlocal\"},\"image\":{\"@id\":\"https:\\\/\\\/www.artisanlocal.ch\\\/c\\\/#\\\/schema\\\/logo\\\/image\\\/\"}}]}<\/script>\n<!-- \/ Yoast SEO Premium plugin. -->","yoast_head_json":{"title":"Entreprise de nettoyage \u00e0 Porrentruy - Artisanlocal","robots":{"index":"index","follow":"follow","max-snippet":"max-snippet:-1","max-image-preview":"max-image-preview:large","max-video-preview":"max-video-preview:-1"},"canonical":"https:\/\/www.artisanlocal.ch\/c\/nettoyage-pour-habitation-et-bureau-dentreprise-a-porrentruy\/","og_locale":"fr_FR","og_type":"article","og_title":"Entreprise de nettoyage \u00e0 Porrentruy","og_description":"Artisanlocal est une entreprise de nettoyage \u00e0 Porrentruy, nous proposons des services pour les professionnels et les particuliers. Notre \u00e9quipe d&rsquo;experts exp\u00e9riment\u00e9s s&rsquo;engage \u00e0 r\u00e9aliser des prestations de haute qualit\u00e9. Pourquoi travailler avec notre entreprise ? Vous pouvez r\u00e9server un rendez-vous le jour m\u00eame. Nous employons les derni\u00e8res techniques de nettoyage. Nous utilisons des produits [&hellip;]","og_url":"https:\/\/www.artisanlocal.ch\/c\/nettoyage-pour-habitation-et-bureau-dentreprise-a-porrentruy\/","og_site_name":"Artisanlocal","article_modified_time":"2025-08-26T23:33:01+00:00","og_image":[{"width":1920,"height":300,"url":"https:\/\/www.artisanlocal.ch\/c\/wp-content\/uploads\/2024\/10\/agent-proprete.jpg","type":"image\/jpeg"}],"twitter_card":"summary_large_image","twitter_misc":{"Dur\u00e9e de lecture estim\u00e9e":"5 minutes"},"schema":{"@context":"https:\/\/schema.org","@graph":[{"@type":"WebPage","@id":"https:\/\/www.artisanlocal.ch\/c\/nettoyage-pour-habitation-et-bureau-dentreprise-a-porrentruy\/","url":"https:\/\/www.artisanlocal.ch\/c\/nettoyage-pour-habitation-et-bureau-dentreprise-a-porrentruy\/","name":"Entreprise de nettoyage \u00e0 Porrentruy - Artisanlocal","isPartOf":{"@id":"https:\/\/www.artisanlocal.ch\/c\/#website"},"primaryImageOfPage":{"@id":"https:\/\/www.artisanlocal.ch\/c\/nettoyage-pour-habitation-et-bureau-dentreprise-a-porrentruy\/#primaryimage"},"image":{"@id":"https:\/\/www.artisanlocal.ch\/c\/nettoyage-pour-habitation-et-bureau-dentreprise-a-porrentruy\/#primaryimage"},"thumbnailUrl":"https:\/\/www.artisanlocal.ch\/c\/wp-content\/uploads\/2024\/10\/agent-proprete.jpg","datePublished":"2024-04-16T16:38:47+00:00","dateModified":"2025-08-26T23:33:01+00:00","breadcrumb":{"@id":"https:\/\/www.artisanlocal.ch\/c\/nettoyage-pour-habitation-et-bureau-dentreprise-a-porrentruy\/#breadcrumb"},"inLanguage":"fr-FR","potentialAction":[{"@type":"ReadAction","target":["https:\/\/www.artisanlocal.ch\/c\/nettoyage-pour-habitation-et-bureau-dentreprise-a-porrentruy\/"]}]},{"@type":"ImageObject","inLanguage":"fr-FR","@id":"https:\/\/www.artisanlocal.ch\/c\/nettoyage-pour-habitation-et-bureau-dentreprise-a-porrentruy\/#primaryimage","url":"https:\/\/www.artisanlocal.ch\/c\/wp-content\/uploads\/2024\/10\/agent-proprete.jpg","contentUrl":"https:\/\/www.artisanlocal.ch\/c\/wp-content\/uploads\/2024\/10\/agent-proprete.jpg","width":1920,"height":300},{"@type":"BreadcrumbList","@id":"https:\/\/www.artisanlocal.ch\/c\/nettoyage-pour-habitation-et-bureau-dentreprise-a-porrentruy\/#breadcrumb","itemListElement":[{"@type":"ListItem","position":1,"name":"Accueil","item":"https:\/\/www.artisanlocal.ch\/c\/"},{"@type":"ListItem","position":2,"name":"Entreprise de nettoyage \u00e0 Porrentruy"}]},{"@type":"WebSite","@id":"https:\/\/www.artisanlocal.ch\/c\/#website","url":"https:\/\/www.artisanlocal.ch\/c\/","name":"Artisanlocal","description":"","publisher":{"@id":"https:\/\/www.artisanlocal.ch\/c\/#organization"},"potentialAction":[{"@type":"SearchAction","target":{"@type":"EntryPoint","urlTemplate":"https:\/\/www.artisanlocal.ch\/c\/?s={search_term_string}"},"query-input":{"@type":"PropertyValueSpecification","valueRequired":true,"valueName":"search_term_string"}}],"inLanguage":"fr-FR"},{"@type":"Organization","@id":"https:\/\/www.artisanlocal.ch\/c\/#organization","name":"Artisanlocal","url":"https:\/\/www.artisanlocal.ch\/c\/","logo":{"@type":"ImageObject","inLanguage":"fr-FR","@id":"https:\/\/www.artisanlocal.ch\/c\/#\/schema\/logo\/image\/","url":"https:\/\/www.artisanlocal.ch\/c\/wp-content\/uploads\/2024\/02\/logo-artisanlocal-h.svg","contentUrl":"https:\/\/www.artisanlocal.ch\/c\/wp-content\/uploads\/2024\/02\/logo-artisanlocal-h.svg","caption":"Artisanlocal"},"image":{"@id":"https:\/\/www.artisanlocal.ch\/c\/#\/schema\/logo\/image\/"}}]}},"_links":{"self":[{"href":"https:\/\/www.artisanlocal.ch\/c\/wp-json\/wp\/v2\/pages\/458","targetHints":{"allow":["GET"]}}],"collection":[{"href":"https:\/\/www.artisanlocal.ch\/c\/wp-json\/wp\/v2\/pages"}],"about":[{"href":"https:\/\/www.artisanlocal.ch\/c\/wp-json\/wp\/v2\/types\/page"}],"author":[{"embeddable":true,"href":"https:\/\/www.artisanlocal.ch\/c\/wp-json\/wp\/v2\/users\/4"}],"replies":[{"embeddable":true,"href":"https:\/\/www.artisanlocal.ch\/c\/wp-json\/wp\/v2\/comments?post=458"}],"version-history":[{"count":0,"href":"https:\/\/www.artisanlocal.ch\/c\/wp-json\/wp\/v2\/pages\/458\/revisions"}],"wp:featuredmedia":[{"embeddable":true,"href":"https:\/\/www.artisanlocal.ch\/c\/wp-json\/wp\/v2\/media\/2754"}],"wp:attachment":[{"href":"https:\/\/www.artisanlocal.ch\/c\/wp-json\/wp\/v2\/media?parent=458"}],"wp:term":[{"taxonomy":"profession","embeddable":true,"href":"https:\/\/www.artisanlocal.ch\/c\/wp-json\/wp\/v2\/profession?post=458"},{"taxonomy":"location","embeddable":true,"href":"https:\/\/www.artisanlocal.ch\/c\/wp-json\/wp\/v2\/location?post=458"},{"taxonomy":"canton","embeddable":true,"href":"https:\/\/www.artisanlocal.ch\/c\/wp-json\/wp\/v2\/canton?post=458"}],"curies":[{"name":"wp","href":"https:\/\/api.w.org\/{rel}","templated":true}]}}