{"id":459,"date":"2024-04-16T18:38:47","date_gmt":"2024-04-16T16:38:47","guid":{"rendered":"https:\/\/www.artisanlocal.ch\/c\/entreprise-de-nettoyage-de-bureaux-et-dappartements-a-sierre\/"},"modified":"2025-10-17T11:29:25","modified_gmt":"2025-10-17T09:29:25","slug":"entreprise-de-nettoyage-de-bureaux-et-dappartements-a-sierre","status":"publish","type":"page","link":"https:\/\/www.artisanlocal.ch\/c\/entreprise-de-nettoyage-de-bureaux-et-dappartements-a-sierre\/","title":{"rendered":"Entreprise de nettoyage \u00e0 Sierre"},"content":{"rendered":"<p>Besoin d&rsquo;une entreprise de nettoyage \u00e0 Sierre ? Artisanlocal propose des services de m\u00e9nage pour les entreprises et particuliers \u00e0 Sierre.<br \/>\n\r\n<div class=\"box\">\r\n            <div class=\"company-info\">\r\n            <img decoding=\"async\" class=\"company-info__logo\" src=\"https:\/\/www.artisanlocal.ch\/media\/cache\/thumb\/images\/companies\/ae-nettoyages-sarl.jpg\" alt=\"Logo\">\r\n            <h2 class=\"company-info__name\">AE NETTOYAGES S\u00e0rl<\/h2>\r\n            <p class=\"company-info__business\">Entreprise de nettoyage - Entretien - Nettoyage d'appartements - Nettoyage de b\u00e2timents - Conciergerie - Entretien d'immeubles<\/p>\r\n        <\/div>\r\n        <div class=\"company-contact\">\r\n            <p class=\"company-info__address\">Avenue de France 46<\/p>\r\n                            <div class=\"links\">\r\n                                            <a class=\"btn has-accent-background-color js-phoneNumber\" href=\"tel:0787057870\" title=\"Appelez\" data-id=\"4960\" data-type=\"11\">078 705 78 70<\/a>\r\n                                                                <a class=\"btn has-accent-background-color\" href=\"https:\/\/aenettoyages.ch\/\" target=\"_blank\" title=\"Voir le site internet\" data-id=\"4960\" data-type=\"20\">Site internet<\/a>\r\n                                    <\/div>\r\n                    <\/div>\r\n    \r\n            \r\n<form action=\"https:\/\/www.artisanlocal.ch\/c\/wp-admin\/admin-ajax.php\" method=\"post\" class=\"form-contact\" id=\"artisan_form_contact_company_inline\">\r\n    <div><input type=\"hidden\" name=\"action\" value=\"company_contact\"><\/div>\r\n    <div><input type=\"hidden\" name=\"nonce\" value=\"972bc58192\"><\/div>\r\n    <div><input type=\"hidden\" name=\"company_id\" value=\"4960\"><\/div>\r\n    <div><input type=\"hidden\" name=\"form_id\" value=\"artisan_form_contact_company_inline\"><\/div>\r\n    <div class=\"gglcptch gglcptch_v3 gglcptch_custom\"><input type=\"hidden\" id=\"g-recaptcha-response\" name=\"g-recaptcha-response\" \/><br \/><div class=\"gglcptch_error_text\">La p\u00e9riode de v\u00e9rification reCAPTCHA a expir\u00e9. Veuillez recharger la page.<\/div><\/div>    <div class=\"form-content\">\r\n        <div class=\"form-group\">\r\n            <label for=\"contact_firstName\" class=\"required\">Pr\u00e9nom<\/label>\r\n            <input type=\"text\" name=\"firstName\" class=\"form-control\" required>\r\n        <\/div>\r\n        <div class=\"form-group\">\r\n            <label for=\"contact_lastName\" class=\"required\">Nom<\/label>\r\n            <input type=\"text\" name=\"lastName\" class=\"form-control\" required>\r\n        <\/div>\r\n        <div class=\"form-group\">\r\n            <label for=\"contact_email\" class=\"required\">Email<\/label>\r\n            <input type=\"email\" name=\"email\" class=\"form-control\" required>\r\n        <\/div>\r\n        <div class=\"form-group\">\r\n            <label for=\"contact_phone\" class=\"required\">Num\u00e9ro de t\u00e9l\u00e9phone<\/label>\r\n            <input type=\"tel\" name=\"phone\" class=\"form-control\" placeholder=\"0787117165\" pattern=\"^[0-9]{10}$\" required>\r\n        <\/div>\r\n        <div class=\"form-group\">\r\n            <label for=\"contact_postalCode\" class=\"required\">Code postal et localit\u00e9<\/label>\r\n            <input type=\"text\" name=\"postalCode\" class=\"form-control\" required>\r\n        <\/div>\r\n        <div class=\"form-group\">\r\n            <label for=\"contact_address\" class=\"required\">Adresse<\/label>\r\n            <input type=\"text\" name=\"address\" class=\"form-control\" required>\r\n        <\/div>\r\n        <div class=\"full-width topic\">\r\n            <p class=\"required\">Je souhaite \u00eatre contact\u00e9 pour :<\/p>\r\n            <div class=\"form-check\">\r\n                <input type=\"radio\" name=\"topic\" value=\"D\u00e9pannage\" class=\"form-control\" required>\r\n                <label for=\"d\u00e9pannage\">D\u00e9pannage<\/label>\r\n            <\/div>\r\n            <div class=\"form-check\">\r\n                <input type=\"radio\" name=\"topic\" value=\"Entretien\" class=\"form-control\" required>\r\n                <label for=\"entretien\">Entretien<\/label>\r\n            <\/div>\r\n            <div class=\"form-check\">\r\n                <input type=\"radio\" name=\"topic\" value=\"R\u00e9novation\" class=\"form-control\" required>\r\n                <label for=\"r\u00e9novation\">R\u00e9novation<\/label>\r\n            <\/div>\r\n            <div class=\"form-check\">\r\n                <input type=\"radio\" name=\"topic\" value=\"Autre\" class=\"form-control\" required>\r\n                <label for=\"autre\">Autre<\/label>\r\n            <\/div>\r\n        <\/div>\r\n        <div class=\"form-group full-width\">\r\n            <label for=\"contact_message\">Message<\/label>\r\n            <textarea name=\"message\" rows=\"3\" class=\"form-control\"><\/textarea>\r\n        <\/div>\r\n    <\/div>\r\n    <div class=\"form-actions\">\r\n        <button class=\"wp-block-button__link has-accent-background-color\">Contacter<\/button>\r\n    <\/div>\r\n<\/form>\r\n<div class=\"form-feedback\"><\/div>    <\/div><\/p>\n<h2>Pourquoi choisir notre entreprise \u00e0 Sierre ?<\/h2>\n<ul>\n<li>Des employ\u00e9s form\u00e9s aux derni\u00e8res techniques.<\/li>\n<li>Utilisations de produits \u00e9cologiques.<\/li>\n<li>Devis gratuits.<\/li>\n<\/ul>\n<h2>Quels sont les services d&rsquo;Artisanlocal\u202f?<\/h2>\n<ul>\n<li>Nettoyage pour les locations de courte dur\u00e9e type Airbnb.<\/li>\n<li>Nettoyage de studios.<\/li>\n<li>M\u00e9nage avant d\u00e9m\u00e9nagement.<\/li>\n<li>Nettoyage de bureaux et de locaux commerciaux.<\/li>\n<li>Nettoyage apr\u00e8s r\u00e9novation.<\/li>\n<li>Entretien et nettoyage de vos appareils \u00e9lectrom\u00e9nagers.<\/li>\n<li>Nettoyage de balcon et de terrasse.<\/li>\n<li>M\u00e9nage des sous-sols.<\/li>\n<li>D\u00e9sinfection des surfaces pour lutter contre les virus comme la Covid.<\/li>\n<li>Nettoyage de la vaisselle.<\/li>\n<li>Nettoyage des installations sportives.<\/li>\n<li>Entretien des sols.<\/li>\n<li>Nettoyage sanitaire en milieu m\u00e9dical.<\/li>\n<li>M\u00e9nage des salles d&rsquo;eau.<\/li>\n<li>Service de m\u00e9nage et entretien des \u00e9tablissements scolaires.<\/li>\n<li>Nettoyage des vitres.<\/li>\n<\/ul>\n<h2>Entretien et m\u00e9nage d&rsquo;appartement \u00e0 Sierre<\/h2>\n<p>G\u00e9n\u00e9ralement, nous intervenons \u00e0 Sierre pour r\u00e9aliser le m\u00e9nage d&rsquo;appartement avant l&rsquo;\u00e9tat des lieux.<\/p>\n<p>Il faut savoir que si le nettoyage de votre appartement n&rsquo;est pas bien r\u00e9alis\u00e9, le propri\u00e9taire est autoris\u00e9 \u00e0 faire appel \u00e0 une entreprise de m\u00e9nage et retenir une partie de votre caution.<\/p>\n<p>Le m\u00e9nage avant l&rsquo;\u00e9tat des lieux comprend :<\/p>\n<ul>\n<li>Entretien et nettoyage des espaces : les sols, les murs, les planchers, les moquettes et les carrelages.<\/li>\n<li>Nettoyage des fen\u00eatres et vitres.<\/li>\n<li>Nettoyage des toilettes et de la salle de bains.<\/li>\n<li>Nettoyage du coin cuisine et de la hotte de cuisson.<\/li>\n<li>D\u00e9poussi\u00e9rage du mobilier.<\/li>\n<\/ul>\n<h3>Vous avez besoin d&rsquo;un nettoyage sur mesure de votre logement ?<\/h3>\n<p>Artisanlocal propose des services de nettoyage sur mesure, nous pouvons intervenir de mani\u00e8res hebdomadaires, bihebdomadaires ou mensuelles.<\/p>\n<h3>Entretien approfondi de votre maison et de votre appartement \u00e0 Sierre<\/h3>\n<p>Nous proposons aussi des services de nettoyage approfondi pour votre maison ou votre appartement, en compl\u00e9ment de notre prestation de nettoyage classique.<\/p>\n<h3>Quels sont les avantages d\u2019un m\u00e9nage en profondeur avec Artisanlocal ?<\/h3>\n<p>L\u2019avantage principal du nettoyage approfondi est d\u2019\u00e9liminer la salet\u00e9, la poussi\u00e8re et la crasse qui se sont entass\u00e9es au fil du temps, le but est de rendre votre domicile plus sain et d&rsquo;enlever les odeurs d\u00e9sagr\u00e9ables.<\/p>\n<h3>Nos services pour les bureaux \u00e0 Sierre<\/h3>\n<ul>\n<li>Entretien de moquettes et nettoyage des fen\u00eatres de bureau.<\/li>\n<li>Nettoyage des fauteuils, des chaises, des canap\u00e9s.<\/li>\n<li>Gestion des poubelles.<\/li>\n<li>D\u00e9poussi\u00e9rage de tous les meubles et zones de travail.<\/li>\n<li>Lavage des sols et passage de l&rsquo;aspirateur.<\/li>\n<\/ul>\n<h2>Pourquoi faire appel \u00e0 une soci\u00e9t\u00e9 pour r\u00e9aliser le nettoyage de son habitation \u00e0 Sierre ?<\/h2>\n<p>Si vous \u00eates un Sierrois, vous rencontrez potentiellement des probl\u00e8mes \u00e0 tenir votre espace int\u00e9rieur propre et en ordre. Notre gamme de services vous aidera \u00e0 conserver votre propri\u00e9t\u00e9 dans un \u00e9tat irr\u00e9prochable. En ayant recours \u00e0 notre entreprise, vous serez en mesure de :<\/p>\n<h3>Mieux g\u00e9rer l&rsquo;int\u00e9rieur de votre propri\u00e9t\u00e9<\/h3>\n<p>Un int\u00e9rieur mal organis\u00e9 peut \u00eatre une source de difficult\u00e9s dans votre quotidien (perte de temps ou tensions avec son conjoint).<\/p>\n<h3>D&rsquo;am\u00e9liorer le rangement<\/h3>\n<p>Un int\u00e9rieur bien rang\u00e9, vous aidera ainsi que vos invit\u00e9s \u00e0 vous sentir plus \u00e0 l&rsquo;aise.<\/p>\n<h3>De vivre en bonne sant\u00e9<\/h3>\n<p>L&rsquo;accumulation de poussi\u00e8re et de salet\u00e9 dans votre r\u00e9sidence peut engendrer des risques pour la sant\u00e9, et causer des allergies ou augmenter celles qui sont d\u00e9j\u00e0 pr\u00e9sentes.<\/p>\n<h2>Intervention \u00e0 Sierre et dans les villes aux alentours<\/h2>\n<p>Nos techniciens interviennent \u00e0 Sierre et aussi dans les villes aux alentours, comme : Argnou (Ayent), Blignou (Ayent), Botyre (Ayent), Fortunau (Ayent), La Place (Ayent), Luc (Ayent), Saxonne (Ayent), Sign\u00e8se (Ayent), St-Romain (Ayent), Villa (Ayent), Anz\u00e8re, Icogne, Lens, Corin-de-la-Cr\u00eate, Loc, Muraz (Sierre), Niouc, Ayer, Chandolin, Grimentz, St-Jean VS, St-Luc, Vissoie, Zinal, Aminona, Crans-Montana, Montana, Chippis, Chalais, R\u00e9chy, Vercorin, Veyras, Chermignon, Chermignon-d'en-Bas, Ollon VS, Mi\u00e8ge, Venth\u00f4ne, Mollens VS, Randogne, Champzab\u00e9, No\u00ebs, Granges VS, Flanthey, Gr\u00f4ne.<\/p>\n","protected":false},"excerpt":{"rendered":"<p>Besoin d&rsquo;une entreprise de nettoyage \u00e0 Sierre ? Artisanlocal propose des services de m\u00e9nage pour les entreprises et particuliers \u00e0 Sierre. Pourquoi choisir notre entreprise \u00e0 Sierre ? Des employ\u00e9s form\u00e9s aux derni\u00e8res techniques. Utilisations de produits \u00e9cologiques. Devis gratuits. Quels sont les services d&rsquo;Artisanlocal\u202f? Nettoyage pour les locations de courte dur\u00e9e type Airbnb. Nettoyage [&hellip;]<\/p>\n","protected":false},"author":4,"featured_media":2754,"parent":0,"menu_order":0,"comment_status":"closed","ping_status":"closed","template":"","meta":{"footnotes":""},"profession":[108],"location":[44],"canton":[110],"class_list":["post-459","page","type-page","status-publish","has-post-thumbnail","hentry","profession-agent-de-proprete","location-sierre","canton-vs"],"yoast_head":"<!-- This site is optimized with the Yoast SEO Premium plugin v25.7.1 (Yoast SEO v27.4) - https:\/\/yoast.com\/product\/yoast-seo-premium-wordpress\/ -->\n<title>Entreprise de nettoyage \u00e0 Sierre - Artisanlocal<\/title>\n<meta name=\"robots\" content=\"index, follow, max-snippet:-1, max-image-preview:large, max-video-preview:-1\" \/>\n<link rel=\"canonical\" href=\"https:\/\/www.artisanlocal.ch\/c\/entreprise-de-nettoyage-de-bureaux-et-dappartements-a-sierre\/\" \/>\n<meta property=\"og:locale\" content=\"fr_FR\" \/>\n<meta property=\"og:type\" content=\"article\" \/>\n<meta property=\"og:title\" content=\"Entreprise de nettoyage \u00e0 Sierre\" \/>\n<meta property=\"og:description\" content=\"Besoin d&rsquo;une entreprise de nettoyage \u00e0 Sierre ? Artisanlocal propose des services de m\u00e9nage pour les entreprises et particuliers \u00e0 Sierre. Pourquoi choisir notre entreprise \u00e0 Sierre ? Des employ\u00e9s form\u00e9s aux derni\u00e8res techniques. Utilisations de produits \u00e9cologiques. Devis gratuits. Quels sont les services d&rsquo;Artisanlocal\u202f? Nettoyage pour les locations de courte dur\u00e9e type Airbnb. Nettoyage [&hellip;]\" \/>\n<meta property=\"og:url\" content=\"https:\/\/www.artisanlocal.ch\/c\/entreprise-de-nettoyage-de-bureaux-et-dappartements-a-sierre\/\" \/>\n<meta property=\"og:site_name\" content=\"Artisanlocal\" \/>\n<meta property=\"article:modified_time\" content=\"2025-10-17T09:29:25+00:00\" \/>\n<meta property=\"og:image\" content=\"https:\/\/www.artisanlocal.ch\/c\/wp-content\/uploads\/2024\/10\/agent-proprete.jpg\" \/>\n\t<meta property=\"og:image:width\" content=\"1920\" \/>\n\t<meta property=\"og:image:height\" content=\"300\" \/>\n\t<meta property=\"og:image:type\" content=\"image\/jpeg\" \/>\n<meta name=\"twitter:card\" content=\"summary_large_image\" \/>\n<meta name=\"twitter:label1\" content=\"Dur\u00e9e de lecture estim\u00e9e\" \/>\n\t<meta name=\"twitter:data1\" content=\"3 minutes\" \/>\n<script type=\"application\/ld+json\" class=\"yoast-schema-graph\">{\"@context\":\"https:\\\/\\\/schema.org\",\"@graph\":[{\"@type\":\"WebPage\",\"@id\":\"https:\\\/\\\/www.artisanlocal.ch\\\/c\\\/entreprise-de-nettoyage-de-bureaux-et-dappartements-a-sierre\\\/\",\"url\":\"https:\\\/\\\/www.artisanlocal.ch\\\/c\\\/entreprise-de-nettoyage-de-bureaux-et-dappartements-a-sierre\\\/\",\"name\":\"Entreprise de nettoyage \u00e0 Sierre - Artisanlocal\",\"isPartOf\":{\"@id\":\"https:\\\/\\\/www.artisanlocal.ch\\\/c\\\/#website\"},\"primaryImageOfPage\":{\"@id\":\"https:\\\/\\\/www.artisanlocal.ch\\\/c\\\/entreprise-de-nettoyage-de-bureaux-et-dappartements-a-sierre\\\/#primaryimage\"},\"image\":{\"@id\":\"https:\\\/\\\/www.artisanlocal.ch\\\/c\\\/entreprise-de-nettoyage-de-bureaux-et-dappartements-a-sierre\\\/#primaryimage\"},\"thumbnailUrl\":\"https:\\\/\\\/www.artisanlocal.ch\\\/c\\\/wp-content\\\/uploads\\\/2024\\\/10\\\/agent-proprete.jpg\",\"datePublished\":\"2024-04-16T16:38:47+00:00\",\"dateModified\":\"2025-10-17T09:29:25+00:00\",\"breadcrumb\":{\"@id\":\"https:\\\/\\\/www.artisanlocal.ch\\\/c\\\/entreprise-de-nettoyage-de-bureaux-et-dappartements-a-sierre\\\/#breadcrumb\"},\"inLanguage\":\"fr-FR\",\"potentialAction\":[{\"@type\":\"ReadAction\",\"target\":[\"https:\\\/\\\/www.artisanlocal.ch\\\/c\\\/entreprise-de-nettoyage-de-bureaux-et-dappartements-a-sierre\\\/\"]}]},{\"@type\":\"ImageObject\",\"inLanguage\":\"fr-FR\",\"@id\":\"https:\\\/\\\/www.artisanlocal.ch\\\/c\\\/entreprise-de-nettoyage-de-bureaux-et-dappartements-a-sierre\\\/#primaryimage\",\"url\":\"https:\\\/\\\/www.artisanlocal.ch\\\/c\\\/wp-content\\\/uploads\\\/2024\\\/10\\\/agent-proprete.jpg\",\"contentUrl\":\"https:\\\/\\\/www.artisanlocal.ch\\\/c\\\/wp-content\\\/uploads\\\/2024\\\/10\\\/agent-proprete.jpg\",\"width\":1920,\"height\":300},{\"@type\":\"BreadcrumbList\",\"@id\":\"https:\\\/\\\/www.artisanlocal.ch\\\/c\\\/entreprise-de-nettoyage-de-bureaux-et-dappartements-a-sierre\\\/#breadcrumb\",\"itemListElement\":[{\"@type\":\"ListItem\",\"position\":1,\"name\":\"Accueil\",\"item\":\"https:\\\/\\\/www.artisanlocal.ch\\\/c\\\/\"},{\"@type\":\"ListItem\",\"position\":2,\"name\":\"Entreprise de nettoyage \u00e0 Sierre\"}]},{\"@type\":\"WebSite\",\"@id\":\"https:\\\/\\\/www.artisanlocal.ch\\\/c\\\/#website\",\"url\":\"https:\\\/\\\/www.artisanlocal.ch\\\/c\\\/\",\"name\":\"Artisanlocal\",\"description\":\"\",\"publisher\":{\"@id\":\"https:\\\/\\\/www.artisanlocal.ch\\\/c\\\/#organization\"},\"potentialAction\":[{\"@type\":\"SearchAction\",\"target\":{\"@type\":\"EntryPoint\",\"urlTemplate\":\"https:\\\/\\\/www.artisanlocal.ch\\\/c\\\/?s={search_term_string}\"},\"query-input\":{\"@type\":\"PropertyValueSpecification\",\"valueRequired\":true,\"valueName\":\"search_term_string\"}}],\"inLanguage\":\"fr-FR\"},{\"@type\":\"Organization\",\"@id\":\"https:\\\/\\\/www.artisanlocal.ch\\\/c\\\/#organization\",\"name\":\"Artisanlocal\",\"url\":\"https:\\\/\\\/www.artisanlocal.ch\\\/c\\\/\",\"logo\":{\"@type\":\"ImageObject\",\"inLanguage\":\"fr-FR\",\"@id\":\"https:\\\/\\\/www.artisanlocal.ch\\\/c\\\/#\\\/schema\\\/logo\\\/image\\\/\",\"url\":\"https:\\\/\\\/www.artisanlocal.ch\\\/c\\\/wp-content\\\/uploads\\\/2024\\\/02\\\/logo-artisanlocal-h.svg\",\"contentUrl\":\"https:\\\/\\\/www.artisanlocal.ch\\\/c\\\/wp-content\\\/uploads\\\/2024\\\/02\\\/logo-artisanlocal-h.svg\",\"caption\":\"Artisanlocal\"},\"image\":{\"@id\":\"https:\\\/\\\/www.artisanlocal.ch\\\/c\\\/#\\\/schema\\\/logo\\\/image\\\/\"}}]}<\/script>\n<!-- \/ Yoast SEO Premium plugin. -->","yoast_head_json":{"title":"Entreprise de nettoyage \u00e0 Sierre - Artisanlocal","robots":{"index":"index","follow":"follow","max-snippet":"max-snippet:-1","max-image-preview":"max-image-preview:large","max-video-preview":"max-video-preview:-1"},"canonical":"https:\/\/www.artisanlocal.ch\/c\/entreprise-de-nettoyage-de-bureaux-et-dappartements-a-sierre\/","og_locale":"fr_FR","og_type":"article","og_title":"Entreprise de nettoyage \u00e0 Sierre","og_description":"Besoin d&rsquo;une entreprise de nettoyage \u00e0 Sierre ? Artisanlocal propose des services de m\u00e9nage pour les entreprises et particuliers \u00e0 Sierre. Pourquoi choisir notre entreprise \u00e0 Sierre ? Des employ\u00e9s form\u00e9s aux derni\u00e8res techniques. Utilisations de produits \u00e9cologiques. Devis gratuits. Quels sont les services d&rsquo;Artisanlocal\u202f? Nettoyage pour les locations de courte dur\u00e9e type Airbnb. Nettoyage [&hellip;]","og_url":"https:\/\/www.artisanlocal.ch\/c\/entreprise-de-nettoyage-de-bureaux-et-dappartements-a-sierre\/","og_site_name":"Artisanlocal","article_modified_time":"2025-10-17T09:29:25+00:00","og_image":[{"width":1920,"height":300,"url":"https:\/\/www.artisanlocal.ch\/c\/wp-content\/uploads\/2024\/10\/agent-proprete.jpg","type":"image\/jpeg"}],"twitter_card":"summary_large_image","twitter_misc":{"Dur\u00e9e de lecture estim\u00e9e":"3 minutes"},"schema":{"@context":"https:\/\/schema.org","@graph":[{"@type":"WebPage","@id":"https:\/\/www.artisanlocal.ch\/c\/entreprise-de-nettoyage-de-bureaux-et-dappartements-a-sierre\/","url":"https:\/\/www.artisanlocal.ch\/c\/entreprise-de-nettoyage-de-bureaux-et-dappartements-a-sierre\/","name":"Entreprise de nettoyage \u00e0 Sierre - Artisanlocal","isPartOf":{"@id":"https:\/\/www.artisanlocal.ch\/c\/#website"},"primaryImageOfPage":{"@id":"https:\/\/www.artisanlocal.ch\/c\/entreprise-de-nettoyage-de-bureaux-et-dappartements-a-sierre\/#primaryimage"},"image":{"@id":"https:\/\/www.artisanlocal.ch\/c\/entreprise-de-nettoyage-de-bureaux-et-dappartements-a-sierre\/#primaryimage"},"thumbnailUrl":"https:\/\/www.artisanlocal.ch\/c\/wp-content\/uploads\/2024\/10\/agent-proprete.jpg","datePublished":"2024-04-16T16:38:47+00:00","dateModified":"2025-10-17T09:29:25+00:00","breadcrumb":{"@id":"https:\/\/www.artisanlocal.ch\/c\/entreprise-de-nettoyage-de-bureaux-et-dappartements-a-sierre\/#breadcrumb"},"inLanguage":"fr-FR","potentialAction":[{"@type":"ReadAction","target":["https:\/\/www.artisanlocal.ch\/c\/entreprise-de-nettoyage-de-bureaux-et-dappartements-a-sierre\/"]}]},{"@type":"ImageObject","inLanguage":"fr-FR","@id":"https:\/\/www.artisanlocal.ch\/c\/entreprise-de-nettoyage-de-bureaux-et-dappartements-a-sierre\/#primaryimage","url":"https:\/\/www.artisanlocal.ch\/c\/wp-content\/uploads\/2024\/10\/agent-proprete.jpg","contentUrl":"https:\/\/www.artisanlocal.ch\/c\/wp-content\/uploads\/2024\/10\/agent-proprete.jpg","width":1920,"height":300},{"@type":"BreadcrumbList","@id":"https:\/\/www.artisanlocal.ch\/c\/entreprise-de-nettoyage-de-bureaux-et-dappartements-a-sierre\/#breadcrumb","itemListElement":[{"@type":"ListItem","position":1,"name":"Accueil","item":"https:\/\/www.artisanlocal.ch\/c\/"},{"@type":"ListItem","position":2,"name":"Entreprise de nettoyage \u00e0 Sierre"}]},{"@type":"WebSite","@id":"https:\/\/www.artisanlocal.ch\/c\/#website","url":"https:\/\/www.artisanlocal.ch\/c\/","name":"Artisanlocal","description":"","publisher":{"@id":"https:\/\/www.artisanlocal.ch\/c\/#organization"},"potentialAction":[{"@type":"SearchAction","target":{"@type":"EntryPoint","urlTemplate":"https:\/\/www.artisanlocal.ch\/c\/?s={search_term_string}"},"query-input":{"@type":"PropertyValueSpecification","valueRequired":true,"valueName":"search_term_string"}}],"inLanguage":"fr-FR"},{"@type":"Organization","@id":"https:\/\/www.artisanlocal.ch\/c\/#organization","name":"Artisanlocal","url":"https:\/\/www.artisanlocal.ch\/c\/","logo":{"@type":"ImageObject","inLanguage":"fr-FR","@id":"https:\/\/www.artisanlocal.ch\/c\/#\/schema\/logo\/image\/","url":"https:\/\/www.artisanlocal.ch\/c\/wp-content\/uploads\/2024\/02\/logo-artisanlocal-h.svg","contentUrl":"https:\/\/www.artisanlocal.ch\/c\/wp-content\/uploads\/2024\/02\/logo-artisanlocal-h.svg","caption":"Artisanlocal"},"image":{"@id":"https:\/\/www.artisanlocal.ch\/c\/#\/schema\/logo\/image\/"}}]}},"_links":{"self":[{"href":"https:\/\/www.artisanlocal.ch\/c\/wp-json\/wp\/v2\/pages\/459","targetHints":{"allow":["GET"]}}],"collection":[{"href":"https:\/\/www.artisanlocal.ch\/c\/wp-json\/wp\/v2\/pages"}],"about":[{"href":"https:\/\/www.artisanlocal.ch\/c\/wp-json\/wp\/v2\/types\/page"}],"author":[{"embeddable":true,"href":"https:\/\/www.artisanlocal.ch\/c\/wp-json\/wp\/v2\/users\/4"}],"replies":[{"embeddable":true,"href":"https:\/\/www.artisanlocal.ch\/c\/wp-json\/wp\/v2\/comments?post=459"}],"version-history":[{"count":0,"href":"https:\/\/www.artisanlocal.ch\/c\/wp-json\/wp\/v2\/pages\/459\/revisions"}],"wp:featuredmedia":[{"embeddable":true,"href":"https:\/\/www.artisanlocal.ch\/c\/wp-json\/wp\/v2\/media\/2754"}],"wp:attachment":[{"href":"https:\/\/www.artisanlocal.ch\/c\/wp-json\/wp\/v2\/media?parent=459"}],"wp:term":[{"taxonomy":"profession","embeddable":true,"href":"https:\/\/www.artisanlocal.ch\/c\/wp-json\/wp\/v2\/profession?post=459"},{"taxonomy":"location","embeddable":true,"href":"https:\/\/www.artisanlocal.ch\/c\/wp-json\/wp\/v2\/location?post=459"},{"taxonomy":"canton","embeddable":true,"href":"https:\/\/www.artisanlocal.ch\/c\/wp-json\/wp\/v2\/canton?post=459"}],"curies":[{"name":"wp","href":"https:\/\/api.w.org\/{rel}","templated":true}]}}