{"id":461,"date":"2024-04-16T18:38:47","date_gmt":"2024-04-16T16:38:47","guid":{"rendered":"https:\/\/www.artisanlocal.ch\/c\/nettoyage-professionnel-pour-domicile-et-local-dentreprise-dans-le-canton-du-jura\/"},"modified":"2025-11-06T12:39:39","modified_gmt":"2025-11-06T11:39:39","slug":"nettoyage-professionnel-pour-domicile-et-local-dentreprise-dans-le-canton-du-jura","status":"publish","type":"page","link":"https:\/\/www.artisanlocal.ch\/c\/nettoyage-professionnel-pour-domicile-et-local-dentreprise-dans-le-canton-du-jura\/","title":{"rendered":"Nettoyage professionnel pour domicile et local d&rsquo;entreprise dans le canton du Jura"},"content":{"rendered":"<p>Nous offrons un service de nettoyage complet de votre logement ou de vos locaux dans le canton du Jura. Notre soci\u00e9t\u00e9 est compos\u00e9e d&rsquo;experts qualifi\u00e9s qui s&rsquo;efforcent de fournir \u00e0 nos clients des services de la meilleure qualit\u00e9 possible.<\/p>\n<h2>Pourquoi travailler avec notre soci\u00e9t\u00e9 ?<\/h2>\n<ul>\n<li>Il est envisageable de r\u00e9server un rendez-vous avec notre soci\u00e9t\u00e9 aujourd&rsquo;hui.<\/li>\n<li>Nous utilisons les derni\u00e8res techniques de nettoyage.<\/li>\n<li>Nous utilisons des produits respectueux de l&rsquo;environnement.<\/li>\n<li>Nous vous fournissons un devis sans frais.<\/li>\n<\/ul>\n<h2>Services de nettoyage dans le canton du Jura<\/h2>\n<p>Nous proposons des services de nettoyage pour satisfaire nos clients.<\/p>\n<p>Si vous avez besoin d&rsquo;un nettoyage complet, d&rsquo;un m\u00e9nage occasionnel ou d&rsquo;un service d&rsquo;entretien r\u00e9gulier, nous sommes l\u00e0 pour vous. D\u00e9couvrez nos services les plus fr\u00e9quemment r\u00e9alis\u00e9s dans le canton du Jura et profitez :<\/p>\n<ul>\n<li>D&rsquo;un m\u00e9nage complet avant emm\u00e9nagement\/apr\u00e8s d\u00e9m\u00e9nagement pour les locataires.<\/li>\n<li>D&rsquo;un nettoyage Airbnb.<\/li>\n<li>D&rsquo;un lavage des espaces de bureaux et des espaces commerciaux.<\/li>\n<li>D&rsquo;un service de nettoyage apr\u00e8s une r\u00e9novation d&rsquo;int\u00e9rieur.<\/li>\n<\/ul>\n<h2>Quelles sont les solutions de nettoyage qu&rsquo;artisanlocal propose\u202f?<\/h2>\n<ul>\n<li>Services de m\u00e9nage pour les conciergeries d&rsquo;appartements et maisons Airbnb,<\/li>\n<li>service de m\u00e9nage et de nettoyage de logements,<\/li>\n<li>entretien d&rsquo;appareils \u00e9lectrom\u00e9nagers,<\/li>\n<li>nettoyage de balcon,<\/li>\n<li>services de m\u00e9nage pour les caves,<\/li>\n<li>d\u00e9sinfection des surfaces pour lutter contre les agents pathog\u00e8nes,<\/li>\n<li>service de lavage de la vaisselle,<\/li>\n<li>nettoyage des installations sportives,<\/li>\n<li>nettoyage des sols,<\/li>\n<li>nettoyage des \u00e9tablissements de sant\u00e9,<\/li>\n<li>nettoyage apr\u00e8s un d\u00e9m\u00e9nagement,<\/li>\n<li>nettoyage des espaces de coworking,<\/li>\n<li>service de m\u00e9nage apr\u00e8s des travaux,<\/li>\n<li>m\u00e9nage de salles de bains,<\/li>\n<li>nettoyage des commerces locaux,<\/li>\n<li>nettoyage des salles de classe,<\/li>\n<li>nettoyage de vitres.<\/li>\n<\/ul>\n<h2>Une soci\u00e9t\u00e9 sp\u00e9cialis\u00e9e dans les services de m\u00e9nage fiable situ\u00e9e en Suisse<\/h2>\n<h3>M\u00e9nage complet d&rsquo;appartement dans le canton du Jura<\/h3>\n<p>Nous r\u00e9alisons le m\u00e9nage des appartements dans le canton du Jura, par exemple, nous pouvons nettoyer votre appartement, en amont de votre \u00e9tat des lieux.<\/p>\n<p>Il faut savoir que si le nettoyage de l&rsquo;appartement n&rsquo;est pas r\u00e9alis\u00e9 de mani\u00e8re satisfaisante, le bailleur peut faire appel \u00e0 une soci\u00e9t\u00e9 priv\u00e9e de m\u00e9nage et garder une partie de votre caution.<\/p>\n<p>Ce nettoyage avant l&rsquo;\u00e9tat des lieux inclut en particulier les services suivants :<\/p>\n<p>&#8211; L&rsquo;entretien des surfaces : carrelages, sols, parquets, moquettes et murs.<\/p>\n<p>&#8211; Service de nettoyage des vitres et des fen\u00eatres.<\/p>\n<p>&#8211; Entretien de la salle de bains et des toilettes.<\/p>\n<p>&#8211; L&rsquo;entretien de l&rsquo;espace de cuisson et du syst\u00e8me de ventilation du coin cuisine.<\/p>\n<p>&#8211; Le nettoyage des poussi\u00e8res sur le mobilier d&rsquo;int\u00e9rieur.<\/p>\n<h3>Vous avez besoin d&rsquo;un nettoyage continu de votre studio?<\/h3>\n<p>Notre soci\u00e9t\u00e9 offre des services d&rsquo;entretien sur mesure, adapt\u00e9s \u00e0 vos demandes, nous pouvons op\u00e9rer de mani\u00e8res mensuelles, bihebdomadaires ou hebdomadaires.<\/p>\n<h3>Service pour un m\u00e9nage en profondeur de votre habitation dans le canton du Jura<\/h3>\n<p>Artisanlocal offre des services pour nettoyer en profondeur votre maison ou votre appartement, en plus de notre service de nettoyage standard.<\/p>\n<h3>Quels sont les b\u00e9n\u00e9fices de r\u00e9aliser un nettoyage approfondi avec notre entreprise ?<\/h3>\n<p>L\u2019avantage majeur du m\u00e9nage approfondi est d\u2019\u00e9liminer les amas de poussi\u00e8res qui se sont empil\u00e9es au fil du temps, afin de rendre votre domicile sans danger pour la sant\u00e9. Un m\u00e9nage en profondeur est aussi un excellent moyen d&rsquo;\u00e9liminer les mauvaises odeurs.<\/p>\n<h3>Nettoyage de bureaux dans le canton du Jura<\/h3>\n<p>Pour le m\u00e9nage de vos bureaux, comptez sur Artisanlocal. \u00c9conomisez du temps, de l&rsquo;\u00e9nergie gr\u00e2ce \u00e0 nos services ! D\u00e9couvrez nos contrats d&rsquo;entretien personnalis\u00e9s pour vos locaux. Nos contrats s&rsquo;adaptent \u00e0 vos besoins et \u00e0 votre budget. Voici les services que nous offrons pour le nettoyage de vos espaces de travail :<\/p>\n<ul>\n<li>Nettoyage de vos moquettes et des fen\u00eatres.<\/li>\n<li>Service d&rsquo;entretien du mobilier de bureau en cuir ou tissu (des fauteuils, des locaux professionnels, des canap\u00e9s).<\/li>\n<li>Gestion des d\u00e9tritus.<\/li>\n<li>\u00c9limination des poussi\u00e8res.<\/li>\n<li>Nettoyage des surfaces au sol et passage de l&rsquo;aspirateur.<\/li>\n<\/ul>\n<h3>Nettoyage de la maison dans le canton du Jura<\/h3>\n<p>Pour garder l&rsquo;int\u00e9rieur de votre r\u00e9sidence propre, il est indispensable de r\u00e9aliser un m\u00e9nage quotidien. Malheureusement, un emploi du temps charg\u00e9 peut rendre cette obligation compliqu\u00e9e, voire irr\u00e9alisable, d\u00e9l\u00e9guez \u00e0 notre entreprise le nettoyage de votre villa.<\/p>\n<h2>Pourquoi faire appel \u00e0 une soci\u00e9t\u00e9 pour r\u00e9aliser le nettoyage de sa propri\u00e9t\u00e9 dans le canton du Jura ?<\/h2>\n<p>Si vous habitez dans le canton du Jura et que vous avez peut-\u00eatre du mal \u00e0 garder votre habitat propre et bien entretenu. Nos prestations sont adapt\u00e9es aux habitants dans le canton du Jura. Avec notre soci\u00e9t\u00e9, vous \u00eates capable de :<\/p>\n<h3>Mieux contr\u00f4ler votre lieu de vie<\/h3>\n<p>Si votre appartement est en d\u00e9sordre, il est compliqu\u00e9 de se sentir bien chez soi. Artisanlocal propose des prestations de m\u00e9nage pour les maisons et appartements. Afin de :<\/p>\n<h3>Cr\u00e9er une atmosph\u00e8re plus accueillante<\/h3>\n<p>En effet, une r\u00e9sidence bien rang\u00e9e permet \u00e0 vos invit\u00e9s de vous sentir plus \u00e0 l&rsquo;aise.<\/p>\n<h3>Vivre en bonne sant\u00e9 et content<\/h3>\n<p>L&rsquo;accumulation des particules de poussi\u00e8res fines dans votre r\u00e9sidence peut engendrer des risques pour votre \u00e9tat de sant\u00e9, et entra\u00eener des allergies ou augmenter celles qui sont d\u00e9j\u00e0 pr\u00e9sentes. En engageant une soci\u00e9t\u00e9 de nettoyage, vous baissez le risque d&rsquo;allergies.<\/p>\n<h3>B\u00e9n\u00e9ficier d&rsquo;une meilleure disposition de votre int\u00e9rieur<\/h3>\n<p>Il est banal que l&rsquo;int\u00e9rieur des maisons soit mal rang\u00e9, ce qui peut compliquer la vie de tous les jours. Notre service de m\u00e9nage peut s&rsquo;av\u00e9rer utile pour maintenir votre maison bien rang\u00e9e. De plus, nous pouvons aussi op\u00e9rer \u00e0 : Biel\/Bienne, T\u00fcscherz-Alferm\u00e9e, Twann, Ligerz, Ligni\u00e8res, Le Landeron, Magglingen\/Macolin, Evilard, Les Pr\u00e9s-d'Orvin, Pieterlen, Lengnau BE, Orpund, Safnern, Meinisberg, Br\u00fcgg BE, Scheuren, Schwadernau, Studen BE, Aegerten, Nidau, Port, Ipsach, Bellmund, Jens, M\u00f6rigen, Sutz, Hagneck, Gerolfingen, T\u00e4uffelen, L\u00fcscherz, Finsterhennen, Siselen BE, La Ferri\u00e8re, Pr\u00eales, Lamboing, Diesse, Nods, La Neuveville, Orvin, Frinvillier, Plagne, Vauffelin, Romont BE, P\u00e9ry, La Heutte, Sonceboz-Sombeval, Corg\u00e9mont, Cort\u00e9bert, Courtelary, Montagne-de-Courtelary, Mont-Crosin, Les Pontins, Mont-Soleil, St-Imier, Cormoret, Villeret, Montagne-de-Sonvilier, Sonvilier, Renan BE, Tavannes, Le Fuet, Bellelay, Ch\u00e2telat, Monible, Sornetan, Fornet-Dessous, Reb\u00e9velier, Tramelan, La Tanne, Les Reussilles, Mont-Tramelan, Loveresse, Reconvilier, Saicourt, Saules BE, Pontenet, B\u00e9vilard, Champoz, Malleray, Sorvilier, Court, Moutier, Perrefitte, Eschert, Belprahon, Grandval, Cr\u00e9mines, Corcelles BE, Seehof, Les Ecorcheresses, Souboz, Roches BE, Schelten, Zweisimmen, Blankenburg, St. Stephan, Matten (St. Stephan), Lenk im Simmental, Oeschseite, Saanenm\u00f6ser, Sch\u00f6nried, Gstaad, Turbach, Lauenen b. Gstaad, Grund b. Gstaad, Feutersoey, Gsteig b. Gstaad, Saanen.<\/p>\n","protected":false},"excerpt":{"rendered":"<p>Nous offrons un service de nettoyage complet de votre logement ou de vos locaux dans le canton du Jura. Notre soci\u00e9t\u00e9 est compos\u00e9e d&rsquo;experts qualifi\u00e9s qui s&rsquo;efforcent de fournir \u00e0 nos clients des services de la meilleure qualit\u00e9 possible. Pourquoi travailler avec notre soci\u00e9t\u00e9 ? Il est envisageable de r\u00e9server un rendez-vous avec notre soci\u00e9t\u00e9 [&hellip;]<\/p>\n","protected":false},"author":4,"featured_media":2754,"parent":0,"menu_order":0,"comment_status":"closed","ping_status":"closed","template":"wp-custom-template-page-canton","meta":{"footnotes":""},"profession":[108],"location":[],"canton":[111],"class_list":["post-461","page","type-page","status-publish","has-post-thumbnail","hentry","profession-agent-de-proprete","canton-ju"],"yoast_head":"<!-- This site is optimized with the Yoast SEO Premium plugin v25.7.1 (Yoast SEO v27.3) - https:\/\/yoast.com\/product\/yoast-seo-premium-wordpress\/ -->\n<title>Nettoyage professionnel pour domicile et local d&#039;entreprise dans le canton du Jura - Artisanlocal<\/title>\n<meta name=\"robots\" content=\"index, follow, max-snippet:-1, max-image-preview:large, max-video-preview:-1\" \/>\n<link rel=\"canonical\" href=\"https:\/\/www.artisanlocal.ch\/c\/nettoyage-professionnel-pour-domicile-et-local-dentreprise-dans-le-canton-du-jura\/\" \/>\n<meta property=\"og:locale\" content=\"fr_FR\" \/>\n<meta property=\"og:type\" content=\"article\" \/>\n<meta property=\"og:title\" content=\"Nettoyage professionnel pour domicile et local d&#039;entreprise dans le canton du Jura\" \/>\n<meta property=\"og:description\" content=\"Nous offrons un service de nettoyage complet de votre logement ou de vos locaux dans le canton du Jura. Notre soci\u00e9t\u00e9 est compos\u00e9e d&rsquo;experts qualifi\u00e9s qui s&rsquo;efforcent de fournir \u00e0 nos clients des services de la meilleure qualit\u00e9 possible. Pourquoi travailler avec notre soci\u00e9t\u00e9 ? Il est envisageable de r\u00e9server un rendez-vous avec notre soci\u00e9t\u00e9 [&hellip;]\" \/>\n<meta property=\"og:url\" content=\"https:\/\/www.artisanlocal.ch\/c\/nettoyage-professionnel-pour-domicile-et-local-dentreprise-dans-le-canton-du-jura\/\" \/>\n<meta property=\"og:site_name\" content=\"Artisanlocal\" \/>\n<meta property=\"article:modified_time\" content=\"2025-11-06T11:39:39+00:00\" \/>\n<meta property=\"og:image\" content=\"https:\/\/www.artisanlocal.ch\/c\/wp-content\/uploads\/2024\/10\/agent-proprete.jpg\" \/>\n\t<meta property=\"og:image:width\" content=\"1920\" \/>\n\t<meta property=\"og:image:height\" content=\"300\" \/>\n\t<meta property=\"og:image:type\" content=\"image\/jpeg\" \/>\n<meta name=\"twitter:card\" content=\"summary_large_image\" \/>\n<meta name=\"twitter:label1\" content=\"Dur\u00e9e de lecture estim\u00e9e\" \/>\n\t<meta name=\"twitter:data1\" content=\"5 minutes\" \/>\n<script type=\"application\/ld+json\" class=\"yoast-schema-graph\">{\"@context\":\"https:\\\/\\\/schema.org\",\"@graph\":[{\"@type\":\"WebPage\",\"@id\":\"https:\\\/\\\/www.artisanlocal.ch\\\/c\\\/nettoyage-professionnel-pour-domicile-et-local-dentreprise-dans-le-canton-du-jura\\\/\",\"url\":\"https:\\\/\\\/www.artisanlocal.ch\\\/c\\\/nettoyage-professionnel-pour-domicile-et-local-dentreprise-dans-le-canton-du-jura\\\/\",\"name\":\"Nettoyage professionnel pour domicile et local d'entreprise dans le canton du Jura - Artisanlocal\",\"isPartOf\":{\"@id\":\"https:\\\/\\\/www.artisanlocal.ch\\\/c\\\/#website\"},\"primaryImageOfPage\":{\"@id\":\"https:\\\/\\\/www.artisanlocal.ch\\\/c\\\/nettoyage-professionnel-pour-domicile-et-local-dentreprise-dans-le-canton-du-jura\\\/#primaryimage\"},\"image\":{\"@id\":\"https:\\\/\\\/www.artisanlocal.ch\\\/c\\\/nettoyage-professionnel-pour-domicile-et-local-dentreprise-dans-le-canton-du-jura\\\/#primaryimage\"},\"thumbnailUrl\":\"https:\\\/\\\/www.artisanlocal.ch\\\/c\\\/wp-content\\\/uploads\\\/2024\\\/10\\\/agent-proprete.jpg\",\"datePublished\":\"2024-04-16T16:38:47+00:00\",\"dateModified\":\"2025-11-06T11:39:39+00:00\",\"breadcrumb\":{\"@id\":\"https:\\\/\\\/www.artisanlocal.ch\\\/c\\\/nettoyage-professionnel-pour-domicile-et-local-dentreprise-dans-le-canton-du-jura\\\/#breadcrumb\"},\"inLanguage\":\"fr-FR\",\"potentialAction\":[{\"@type\":\"ReadAction\",\"target\":[\"https:\\\/\\\/www.artisanlocal.ch\\\/c\\\/nettoyage-professionnel-pour-domicile-et-local-dentreprise-dans-le-canton-du-jura\\\/\"]}]},{\"@type\":\"ImageObject\",\"inLanguage\":\"fr-FR\",\"@id\":\"https:\\\/\\\/www.artisanlocal.ch\\\/c\\\/nettoyage-professionnel-pour-domicile-et-local-dentreprise-dans-le-canton-du-jura\\\/#primaryimage\",\"url\":\"https:\\\/\\\/www.artisanlocal.ch\\\/c\\\/wp-content\\\/uploads\\\/2024\\\/10\\\/agent-proprete.jpg\",\"contentUrl\":\"https:\\\/\\\/www.artisanlocal.ch\\\/c\\\/wp-content\\\/uploads\\\/2024\\\/10\\\/agent-proprete.jpg\",\"width\":1920,\"height\":300},{\"@type\":\"BreadcrumbList\",\"@id\":\"https:\\\/\\\/www.artisanlocal.ch\\\/c\\\/nettoyage-professionnel-pour-domicile-et-local-dentreprise-dans-le-canton-du-jura\\\/#breadcrumb\",\"itemListElement\":[{\"@type\":\"ListItem\",\"position\":1,\"name\":\"Accueil\",\"item\":\"https:\\\/\\\/www.artisanlocal.ch\\\/c\\\/\"},{\"@type\":\"ListItem\",\"position\":2,\"name\":\"Nettoyage professionnel pour domicile et local d&rsquo;entreprise dans le canton du Jura\"}]},{\"@type\":\"WebSite\",\"@id\":\"https:\\\/\\\/www.artisanlocal.ch\\\/c\\\/#website\",\"url\":\"https:\\\/\\\/www.artisanlocal.ch\\\/c\\\/\",\"name\":\"Artisanlocal\",\"description\":\"\",\"publisher\":{\"@id\":\"https:\\\/\\\/www.artisanlocal.ch\\\/c\\\/#organization\"},\"potentialAction\":[{\"@type\":\"SearchAction\",\"target\":{\"@type\":\"EntryPoint\",\"urlTemplate\":\"https:\\\/\\\/www.artisanlocal.ch\\\/c\\\/?s={search_term_string}\"},\"query-input\":{\"@type\":\"PropertyValueSpecification\",\"valueRequired\":true,\"valueName\":\"search_term_string\"}}],\"inLanguage\":\"fr-FR\"},{\"@type\":\"Organization\",\"@id\":\"https:\\\/\\\/www.artisanlocal.ch\\\/c\\\/#organization\",\"name\":\"Artisanlocal\",\"url\":\"https:\\\/\\\/www.artisanlocal.ch\\\/c\\\/\",\"logo\":{\"@type\":\"ImageObject\",\"inLanguage\":\"fr-FR\",\"@id\":\"https:\\\/\\\/www.artisanlocal.ch\\\/c\\\/#\\\/schema\\\/logo\\\/image\\\/\",\"url\":\"https:\\\/\\\/www.artisanlocal.ch\\\/c\\\/wp-content\\\/uploads\\\/2024\\\/02\\\/logo-artisanlocal-h.svg\",\"contentUrl\":\"https:\\\/\\\/www.artisanlocal.ch\\\/c\\\/wp-content\\\/uploads\\\/2024\\\/02\\\/logo-artisanlocal-h.svg\",\"caption\":\"Artisanlocal\"},\"image\":{\"@id\":\"https:\\\/\\\/www.artisanlocal.ch\\\/c\\\/#\\\/schema\\\/logo\\\/image\\\/\"}}]}<\/script>\n<!-- \/ Yoast SEO Premium plugin. -->","yoast_head_json":{"title":"Nettoyage professionnel pour domicile et local d'entreprise dans le canton du Jura - Artisanlocal","robots":{"index":"index","follow":"follow","max-snippet":"max-snippet:-1","max-image-preview":"max-image-preview:large","max-video-preview":"max-video-preview:-1"},"canonical":"https:\/\/www.artisanlocal.ch\/c\/nettoyage-professionnel-pour-domicile-et-local-dentreprise-dans-le-canton-du-jura\/","og_locale":"fr_FR","og_type":"article","og_title":"Nettoyage professionnel pour domicile et local d'entreprise dans le canton du Jura","og_description":"Nous offrons un service de nettoyage complet de votre logement ou de vos locaux dans le canton du Jura. Notre soci\u00e9t\u00e9 est compos\u00e9e d&rsquo;experts qualifi\u00e9s qui s&rsquo;efforcent de fournir \u00e0 nos clients des services de la meilleure qualit\u00e9 possible. Pourquoi travailler avec notre soci\u00e9t\u00e9 ? Il est envisageable de r\u00e9server un rendez-vous avec notre soci\u00e9t\u00e9 [&hellip;]","og_url":"https:\/\/www.artisanlocal.ch\/c\/nettoyage-professionnel-pour-domicile-et-local-dentreprise-dans-le-canton-du-jura\/","og_site_name":"Artisanlocal","article_modified_time":"2025-11-06T11:39:39+00:00","og_image":[{"width":1920,"height":300,"url":"https:\/\/www.artisanlocal.ch\/c\/wp-content\/uploads\/2024\/10\/agent-proprete.jpg","type":"image\/jpeg"}],"twitter_card":"summary_large_image","twitter_misc":{"Dur\u00e9e de lecture estim\u00e9e":"5 minutes"},"schema":{"@context":"https:\/\/schema.org","@graph":[{"@type":"WebPage","@id":"https:\/\/www.artisanlocal.ch\/c\/nettoyage-professionnel-pour-domicile-et-local-dentreprise-dans-le-canton-du-jura\/","url":"https:\/\/www.artisanlocal.ch\/c\/nettoyage-professionnel-pour-domicile-et-local-dentreprise-dans-le-canton-du-jura\/","name":"Nettoyage professionnel pour domicile et local d'entreprise dans le canton du Jura - Artisanlocal","isPartOf":{"@id":"https:\/\/www.artisanlocal.ch\/c\/#website"},"primaryImageOfPage":{"@id":"https:\/\/www.artisanlocal.ch\/c\/nettoyage-professionnel-pour-domicile-et-local-dentreprise-dans-le-canton-du-jura\/#primaryimage"},"image":{"@id":"https:\/\/www.artisanlocal.ch\/c\/nettoyage-professionnel-pour-domicile-et-local-dentreprise-dans-le-canton-du-jura\/#primaryimage"},"thumbnailUrl":"https:\/\/www.artisanlocal.ch\/c\/wp-content\/uploads\/2024\/10\/agent-proprete.jpg","datePublished":"2024-04-16T16:38:47+00:00","dateModified":"2025-11-06T11:39:39+00:00","breadcrumb":{"@id":"https:\/\/www.artisanlocal.ch\/c\/nettoyage-professionnel-pour-domicile-et-local-dentreprise-dans-le-canton-du-jura\/#breadcrumb"},"inLanguage":"fr-FR","potentialAction":[{"@type":"ReadAction","target":["https:\/\/www.artisanlocal.ch\/c\/nettoyage-professionnel-pour-domicile-et-local-dentreprise-dans-le-canton-du-jura\/"]}]},{"@type":"ImageObject","inLanguage":"fr-FR","@id":"https:\/\/www.artisanlocal.ch\/c\/nettoyage-professionnel-pour-domicile-et-local-dentreprise-dans-le-canton-du-jura\/#primaryimage","url":"https:\/\/www.artisanlocal.ch\/c\/wp-content\/uploads\/2024\/10\/agent-proprete.jpg","contentUrl":"https:\/\/www.artisanlocal.ch\/c\/wp-content\/uploads\/2024\/10\/agent-proprete.jpg","width":1920,"height":300},{"@type":"BreadcrumbList","@id":"https:\/\/www.artisanlocal.ch\/c\/nettoyage-professionnel-pour-domicile-et-local-dentreprise-dans-le-canton-du-jura\/#breadcrumb","itemListElement":[{"@type":"ListItem","position":1,"name":"Accueil","item":"https:\/\/www.artisanlocal.ch\/c\/"},{"@type":"ListItem","position":2,"name":"Nettoyage professionnel pour domicile et local d&rsquo;entreprise dans le canton du Jura"}]},{"@type":"WebSite","@id":"https:\/\/www.artisanlocal.ch\/c\/#website","url":"https:\/\/www.artisanlocal.ch\/c\/","name":"Artisanlocal","description":"","publisher":{"@id":"https:\/\/www.artisanlocal.ch\/c\/#organization"},"potentialAction":[{"@type":"SearchAction","target":{"@type":"EntryPoint","urlTemplate":"https:\/\/www.artisanlocal.ch\/c\/?s={search_term_string}"},"query-input":{"@type":"PropertyValueSpecification","valueRequired":true,"valueName":"search_term_string"}}],"inLanguage":"fr-FR"},{"@type":"Organization","@id":"https:\/\/www.artisanlocal.ch\/c\/#organization","name":"Artisanlocal","url":"https:\/\/www.artisanlocal.ch\/c\/","logo":{"@type":"ImageObject","inLanguage":"fr-FR","@id":"https:\/\/www.artisanlocal.ch\/c\/#\/schema\/logo\/image\/","url":"https:\/\/www.artisanlocal.ch\/c\/wp-content\/uploads\/2024\/02\/logo-artisanlocal-h.svg","contentUrl":"https:\/\/www.artisanlocal.ch\/c\/wp-content\/uploads\/2024\/02\/logo-artisanlocal-h.svg","caption":"Artisanlocal"},"image":{"@id":"https:\/\/www.artisanlocal.ch\/c\/#\/schema\/logo\/image\/"}}]}},"_links":{"self":[{"href":"https:\/\/www.artisanlocal.ch\/c\/wp-json\/wp\/v2\/pages\/461","targetHints":{"allow":["GET"]}}],"collection":[{"href":"https:\/\/www.artisanlocal.ch\/c\/wp-json\/wp\/v2\/pages"}],"about":[{"href":"https:\/\/www.artisanlocal.ch\/c\/wp-json\/wp\/v2\/types\/page"}],"author":[{"embeddable":true,"href":"https:\/\/www.artisanlocal.ch\/c\/wp-json\/wp\/v2\/users\/4"}],"replies":[{"embeddable":true,"href":"https:\/\/www.artisanlocal.ch\/c\/wp-json\/wp\/v2\/comments?post=461"}],"version-history":[{"count":0,"href":"https:\/\/www.artisanlocal.ch\/c\/wp-json\/wp\/v2\/pages\/461\/revisions"}],"wp:featuredmedia":[{"embeddable":true,"href":"https:\/\/www.artisanlocal.ch\/c\/wp-json\/wp\/v2\/media\/2754"}],"wp:attachment":[{"href":"https:\/\/www.artisanlocal.ch\/c\/wp-json\/wp\/v2\/media?parent=461"}],"wp:term":[{"taxonomy":"profession","embeddable":true,"href":"https:\/\/www.artisanlocal.ch\/c\/wp-json\/wp\/v2\/profession?post=461"},{"taxonomy":"location","embeddable":true,"href":"https:\/\/www.artisanlocal.ch\/c\/wp-json\/wp\/v2\/location?post=461"},{"taxonomy":"canton","embeddable":true,"href":"https:\/\/www.artisanlocal.ch\/c\/wp-json\/wp\/v2\/canton?post=461"}],"curies":[{"name":"wp","href":"https:\/\/api.w.org\/{rel}","templated":true}]}}