{"id":462,"date":"2024-04-16T18:38:47","date_gmt":"2024-04-16T16:38:47","guid":{"rendered":"https:\/\/www.artisanlocal.ch\/c\/entreprise-de-nettoyage-professionnel-pour-domicile-et-bureau-dentreprise-dans-le-canton-de-neuchatel\/"},"modified":"2025-11-06T12:37:38","modified_gmt":"2025-11-06T11:37:38","slug":"entreprise-de-nettoyage-professionnel-pour-domicile-et-bureau-dentreprise-dans-le-canton-de-neuchatel","status":"publish","type":"page","link":"https:\/\/www.artisanlocal.ch\/c\/entreprise-de-nettoyage-professionnel-pour-domicile-et-bureau-dentreprise-dans-le-canton-de-neuchatel\/","title":{"rendered":"Entreprise de nettoyage professionnel pour domicile et bureau d&rsquo;entreprise dans le canton de Neuch\u00e2tel"},"content":{"rendered":"<p>Nous offrons un service de nettoyage complet de votre logement ou de vos bureaux dans le canton de Neuch\u00e2tel. Notre entreprise est compos\u00e9e d&rsquo;experts qui s&rsquo;efforcent de fournir \u00e0 notre client\u00e8le des services de qualit\u00e9.<\/p>\n<h2>Pourquoi travailler avec notre entreprise ?<\/h2>\n<ul>\n<li>Vous pouvez r\u00e9server un rendez-vous aujourd&rsquo;hui avec notre soci\u00e9t\u00e9.<\/li>\n<li>Nos sp\u00e9cialistes en nettoyage et entretien sont tous familiaris\u00e9s avec les derni\u00e8res techniques.<\/li>\n<li>Le nettoyage est effectu\u00e9 avec des produits \u00e9cologiques.<\/li>\n<li>Nous vous fournissons un devis gratuit.<\/li>\n<\/ul>\n<h2>Services de m\u00e9nage dans le canton de Neuch\u00e2tel<\/h2>\n<p>Nous fournissons une gamme de services de nettoyage sur mesure pour satisfaire les attentes de nos clients.<\/p>\n<p>Qu&rsquo;il s&rsquo;agisse d&rsquo;un nettoyage m\u00e9ticuleux, d\u2019un m\u00e9nage r\u00e9gulier ou d&rsquo;un service constant, nous pouvons \u00e9tablir des prestations personnalis\u00e9es, voici les prestations que nous effectuons le plus souvent dans le canton et dans la <a href=\"https:\/\/www.artisanlocal.ch\/c\/nettoyage-de-bureaux-et-dappartements-a-neuchatel\/\">ville de Neuch\u00e2tel<\/a>, vous pouvez profiter :<\/p>\n<ul>\n<li>De service de m\u00e9nage pour votre changement de domicile.<\/li>\n<li>D&rsquo;une solution de m\u00e9nage, si vous \u00eates h\u00f4tes Airbnb.<\/li>\n<li>D&rsquo;un nettoyage des bureaux et des espaces commerciaux.<\/li>\n<li>D&rsquo;un nettoyage professionnel apr\u00e8s une r\u00e9novation d&rsquo;appartement.<\/li>\n<\/ul>\n<h2>Quelles sont les solutions d&rsquo;entretien d&rsquo;artisanlocal\u202f?<\/h2>\n<ul>\n<li>Nettoyage pour les conciergeries d&rsquo;appartements et maisons Airbnb,<\/li>\n<li>service de m\u00e9nage et de nettoyage de studios,<\/li>\n<li>entretien des \u00e9quipements m\u00e9nagers,<\/li>\n<li>nettoyage et entretien de l&rsquo;ext\u00e9rieur,<\/li>\n<li>services de m\u00e9nage pour les sous-sols,<\/li>\n<li>assainissement des surfaces pour lutter contre les virus,<\/li>\n<li>lavage de la vaisselle,<\/li>\n<li>nettoyage des salles de gym,<\/li>\n<li>lavage des sols,<\/li>\n<li>nettoyage sanitaire en milieu hospitalier,<\/li>\n<li>nettoyage apr\u00e8s un changement de domicile,<\/li>\n<li>nettoyage des espaces de travail,<\/li>\n<li>service de m\u00e9nage apr\u00e8s travaux de r\u00e9novation,<\/li>\n<li>entretien des salles d&rsquo;eau,<\/li>\n<li>nettoyage des petits commerces,<\/li>\n<li>service de m\u00e9nage et entretien des salles de classe,<\/li>\n<li>lavage de vitres.<\/li>\n<\/ul>\n<h2>Une soci\u00e9t\u00e9 de confiance en Suisse<\/h2>\n<h3>Entretien et m\u00e9nage d&rsquo;appartement dans le canton de Neuch\u00e2tel<\/h3>\n<p>Nous r\u00e9alisons le nettoyage des appartements dans le canton de Neuch\u00e2tel, par exemple, nous pouvons nettoyer votre appartement, en amont de la remise des cl\u00e9s en fin de bail.<\/p>\n<p>Il est important de savoir que si le nettoyage de votre int\u00e9rieur n&rsquo;est pas effectu\u00e9 proprement, le propri\u00e9taire peut solliciter une entreprise de nettoyage et conserver une part de votre caution.<\/p>\n<p>Les services de nettoyage pour la remise des cl\u00e9s incluent :<\/p>\n<p>&#8211; L&rsquo;entretien des surfaces : murs, sols, parquets, moquettes et carrelages.<\/p>\n<p>&#8211; Le nettoyage des fen\u00eatres et vitres.<\/p>\n<p>&#8211; Nettoyage des toilettes et de la salle d&rsquo;eau.<\/p>\n<p>&#8211; Le nettoyage de l&rsquo;espace de cuisson et du syst\u00e8me de ventilation du coin cuisine.<\/p>\n<p>&#8211; Le d\u00e9poussi\u00e9rage des meubles.<\/p>\n<h3>Vous souhaitez un nettoyage fr\u00e9quent de votre logement?<\/h3>\n<p>Notre compagnie offre des services d&rsquo;entretien personnalis\u00e9s, adapt\u00e9s \u00e0 vos demandes, nous pouvons intervenir de fa\u00e7ons hebdomadaires, bihebdomadaires ou mensuelles.<\/p>\n<h3>Service pour un nettoyage approfondi de votre maison dans le canton de Neuch\u00e2tel<\/h3>\n<p>Artisanlocal offre des services de nettoyage complet pour votre habitation ou studio, en compl\u00e9ment de notre service de nettoyage standard.<\/p>\n<h3>Quels sont les b\u00e9n\u00e9fices de r\u00e9aliser un entretien approfondi avec notre entreprise ?<\/h3>\n<p>Le principal avantage de l&rsquo;entretien approfondi est d&rsquo;\u00e9liminer la salet\u00e9, la poussi\u00e8re et la crasse qui se sont entass\u00e9es au fil du temps, ce qui participe \u00e0 un meilleur environnement int\u00e9rieur de votre domicile. De plus, un nettoyage en profondeur favorise l&rsquo;\u00e9limination des mauvaises odeurs.<\/p>\n<h3>Service de m\u00e9nage de locaux professionnels dans le canton de Neuch\u00e2tel<\/h3>\n<p>Faire appel \u00e0 Artisanlocal pour l&rsquo;entretien de locaux professionnels est la meilleure alternative. Vous gagnerez du temps et de l&rsquo;\u00e9nergie ! D\u00e9couvrez nos contrats de nettoyage personnalis\u00e9s pour vos locaux professionnels. Nos contrats s&rsquo;adaptent \u00e0 votre budget et \u00e0 vos besoins. D\u00e9couvrez nos services de m\u00e9nage pour les lieux de travail :<\/p>\n<ul>\n<li>Entretien de moquettes et lavage de vitres de bureau.<\/li>\n<li>Entretien de fauteuils, de chaises de travail, de canap\u00e9 en tissu ou en cuir brut ou naturel.<\/li>\n<li>Gestion des d\u00e9tritus.<\/li>\n<li>\u00c9limination des amas de poussi\u00e8re.<\/li>\n<li>Passage de l&rsquo;aspirateur et lavage des sols.<\/li>\n<\/ul>\n<h3>Nettoyage de votre propri\u00e9t\u00e9 dans le canton de Neuch\u00e2tel<\/h3>\n<p>Pour maintenir l&rsquo;int\u00e9rieur de votre maison entretenue, il est n\u00e9cessaire de r\u00e9aliser un m\u00e9nage journalier. \u00c0 l&rsquo;heure actuelle, la grande majorit\u00e9 des personnes ont un calendrier rempli et cela complique la r\u00e9alisation des t\u00e2ches m\u00e9nag\u00e8res courantes, c&rsquo;est l\u00e0 que notre entreprise peut vous assister dans vos t\u00e2ches m\u00e9nag\u00e8res.<\/p>\n<h2>Pourquoi faire appel \u00e0 une entreprise de nettoyage dans le canton de Neuch\u00e2tel ?<\/h2>\n<p>Si vous \u00eates un habitant du canton de Neuch\u00e2tel, vous avez peut-\u00eatre des probl\u00e8mes \u00e0 maintenir votre espace int\u00e9rieur bien entretenu. Notre gamme de services vous aidera \u00e0 garder votre habitation dans un \u00e9tat impeccable. En faisant appel \u00e0 notre soci\u00e9t\u00e9, vous allez pouvoir :<\/p>\n<h3>Mieux g\u00e9rer l&rsquo;int\u00e9rieur de votre r\u00e9sidence<\/h3>\n<p>Si votre domicile est d\u00e9sorganis\u00e9, il est compliqu\u00e9 de se sentir bien chez soi. Artisanlocal offre des services professionnels de nettoyage pour votre r\u00e9sidence afin de mieux organiser votre lieu de vie, ce qui vous donne la possibilit\u00e9, de :<\/p>\n<h3>Cr\u00e9er une ambiance plus accueillante<\/h3>\n<p>Effectivement, une r\u00e9sidence bien rang\u00e9e vous aidera ainsi que vos invit\u00e9s \u00e0 vous sentir mieux.<\/p>\n<h3>Rester en bonne forme et heureux<\/h3>\n<p>L&rsquo;accumulation des particules de poussi\u00e8res fines dans votre habitation peut engendrer des risques pour la sant\u00e9, et entra\u00eener des r\u00e9actions allergiques ou intensifier celles qui sont d\u00e9j\u00e0 pr\u00e9sentes. En engageant une soci\u00e9t\u00e9 de nettoyage, vous r\u00e9duisez les allerg\u00e8nes.<\/p>\n<h3>B\u00e9n\u00e9ficier d&rsquo;une meilleure disposition de votre espace int\u00e9rieur<\/h3>\n<p>Il est commun que l&rsquo;int\u00e9rieur des maisons soit mal organis\u00e9, ce qui peut rendre difficile la vie de tous les jours. Choisissez notre service de nettoyage pour vous assurer la bonne organisation et propret\u00e9 de votre habitation. D&rsquo;autre part, nous pouvons intervenir \u00e0 La Chaux-de-Fonds, mais aussi \u00e0 : Noiraigue, Travers, Couvet, M\u00f4tiers NE, Boveresse, Fleurier, Buttes, Mont-de-Buttes, La C\u00f4te-aux-F\u00e9es, St-Sulpice NE, Les Sagnettes, Les Verri\u00e8res, Les Bayards, Brot-Dessous, Fretereules, Petit-Martel, Les Ponts-de-Martel, Brot-Plamboz, Le Locle, Le Pr\u00e9voux, La Chaux-du-Milieu, La Br\u00e9vine, La Ch\u00e2tagne, Le Brouillet, Les Taill\u00e8res, Le Cerneux-P\u00e9quignot, Les Brenets, Neuch\u00e2tel, Auvernier, Colombier NE, B\u00f4le, Areuse, Cortaillod, Boudry, Chambrelien, Rochefort, Bevaix, Gorgier, St-Aubin-Sauges, Chez-le-Bart, Fresens, Montalchez, Vaumarcus, Peseux, Corcelles NE, Cormondr\u00e8che, Hauterive NE, St-Blaise, Enges, Marin-Epagnier, Thielle, Wavre, Cornaux NE, Cressier NE, Champ-du-Moulin, Montmollin, Montezillon, Valangin, Boudevilliers, Fontaines NE, Fontainemelon, La Vue-des-Alpes, Cernier, Ch\u00e9zard-St-Martin, Les Vieux-Pr\u00e9s, Dombresson, Villiers, Le P\u00e2quier NE, Engollon, Fenin, Saules, Vilars NE, Savagnier, Chaumont, Les Geneveys-sur-Coffrane, Coffrane, Les Hauts-Geneveys, La Chaux-de-Fonds, La Sagne NE, Le Cr\u00eat-du-Locle, Les Planchettes, La Cibourg, Les Emibois, Le Cerneux-Veusil, Les Pommerats, Goumois, Montfavergier.<\/p>\n","protected":false},"excerpt":{"rendered":"<p>Nous offrons un service de nettoyage complet de votre logement ou de vos bureaux dans le canton de Neuch\u00e2tel. Notre entreprise est compos\u00e9e d&rsquo;experts qui s&rsquo;efforcent de fournir \u00e0 notre client\u00e8le des services de qualit\u00e9. Pourquoi travailler avec notre entreprise ? Vous pouvez r\u00e9server un rendez-vous aujourd&rsquo;hui avec notre soci\u00e9t\u00e9. Nos sp\u00e9cialistes en nettoyage et [&hellip;]<\/p>\n","protected":false},"author":4,"featured_media":2754,"parent":0,"menu_order":0,"comment_status":"closed","ping_status":"closed","template":"wp-custom-template-page-canton","meta":{"footnotes":""},"profession":[108],"location":[],"canton":[114],"class_list":["post-462","page","type-page","status-publish","has-post-thumbnail","hentry","profession-agent-de-proprete","canton-ne"],"yoast_head":"<!-- This site is optimized with the Yoast SEO Premium plugin v25.7.1 (Yoast SEO v27.4) - https:\/\/yoast.com\/product\/yoast-seo-premium-wordpress\/ -->\n<title>Entreprise de nettoyage professionnel pour domicile et bureau d&#039;entreprise dans le canton de Neuch\u00e2tel - Artisanlocal<\/title>\n<meta name=\"robots\" content=\"index, follow, max-snippet:-1, max-image-preview:large, max-video-preview:-1\" \/>\n<link rel=\"canonical\" href=\"https:\/\/www.artisanlocal.ch\/c\/entreprise-de-nettoyage-professionnel-pour-domicile-et-bureau-dentreprise-dans-le-canton-de-neuchatel\/\" \/>\n<meta property=\"og:locale\" content=\"fr_FR\" \/>\n<meta property=\"og:type\" content=\"article\" \/>\n<meta property=\"og:title\" content=\"Entreprise de nettoyage professionnel pour domicile et bureau d&#039;entreprise dans le canton de Neuch\u00e2tel\" \/>\n<meta property=\"og:description\" content=\"Nous offrons un service de nettoyage complet de votre logement ou de vos bureaux dans le canton de Neuch\u00e2tel. Notre entreprise est compos\u00e9e d&rsquo;experts qui s&rsquo;efforcent de fournir \u00e0 notre client\u00e8le des services de qualit\u00e9. Pourquoi travailler avec notre entreprise ? Vous pouvez r\u00e9server un rendez-vous aujourd&rsquo;hui avec notre soci\u00e9t\u00e9. Nos sp\u00e9cialistes en nettoyage et [&hellip;]\" \/>\n<meta property=\"og:url\" content=\"https:\/\/www.artisanlocal.ch\/c\/entreprise-de-nettoyage-professionnel-pour-domicile-et-bureau-dentreprise-dans-le-canton-de-neuchatel\/\" \/>\n<meta property=\"og:site_name\" content=\"Artisanlocal\" \/>\n<meta property=\"article:modified_time\" content=\"2025-11-06T11:37:38+00:00\" \/>\n<meta property=\"og:image\" content=\"https:\/\/www.artisanlocal.ch\/c\/wp-content\/uploads\/2024\/10\/agent-proprete.jpg\" \/>\n\t<meta property=\"og:image:width\" content=\"1920\" \/>\n\t<meta property=\"og:image:height\" content=\"300\" \/>\n\t<meta property=\"og:image:type\" content=\"image\/jpeg\" \/>\n<meta name=\"twitter:card\" content=\"summary_large_image\" \/>\n<meta name=\"twitter:label1\" content=\"Dur\u00e9e de lecture estim\u00e9e\" \/>\n\t<meta name=\"twitter:data1\" content=\"5 minutes\" \/>\n<script type=\"application\/ld+json\" class=\"yoast-schema-graph\">{\"@context\":\"https:\\\/\\\/schema.org\",\"@graph\":[{\"@type\":\"WebPage\",\"@id\":\"https:\\\/\\\/www.artisanlocal.ch\\\/c\\\/entreprise-de-nettoyage-professionnel-pour-domicile-et-bureau-dentreprise-dans-le-canton-de-neuchatel\\\/\",\"url\":\"https:\\\/\\\/www.artisanlocal.ch\\\/c\\\/entreprise-de-nettoyage-professionnel-pour-domicile-et-bureau-dentreprise-dans-le-canton-de-neuchatel\\\/\",\"name\":\"Entreprise de nettoyage professionnel pour domicile et bureau d'entreprise dans le canton de Neuch\u00e2tel - Artisanlocal\",\"isPartOf\":{\"@id\":\"https:\\\/\\\/www.artisanlocal.ch\\\/c\\\/#website\"},\"primaryImageOfPage\":{\"@id\":\"https:\\\/\\\/www.artisanlocal.ch\\\/c\\\/entreprise-de-nettoyage-professionnel-pour-domicile-et-bureau-dentreprise-dans-le-canton-de-neuchatel\\\/#primaryimage\"},\"image\":{\"@id\":\"https:\\\/\\\/www.artisanlocal.ch\\\/c\\\/entreprise-de-nettoyage-professionnel-pour-domicile-et-bureau-dentreprise-dans-le-canton-de-neuchatel\\\/#primaryimage\"},\"thumbnailUrl\":\"https:\\\/\\\/www.artisanlocal.ch\\\/c\\\/wp-content\\\/uploads\\\/2024\\\/10\\\/agent-proprete.jpg\",\"datePublished\":\"2024-04-16T16:38:47+00:00\",\"dateModified\":\"2025-11-06T11:37:38+00:00\",\"breadcrumb\":{\"@id\":\"https:\\\/\\\/www.artisanlocal.ch\\\/c\\\/entreprise-de-nettoyage-professionnel-pour-domicile-et-bureau-dentreprise-dans-le-canton-de-neuchatel\\\/#breadcrumb\"},\"inLanguage\":\"fr-FR\",\"potentialAction\":[{\"@type\":\"ReadAction\",\"target\":[\"https:\\\/\\\/www.artisanlocal.ch\\\/c\\\/entreprise-de-nettoyage-professionnel-pour-domicile-et-bureau-dentreprise-dans-le-canton-de-neuchatel\\\/\"]}]},{\"@type\":\"ImageObject\",\"inLanguage\":\"fr-FR\",\"@id\":\"https:\\\/\\\/www.artisanlocal.ch\\\/c\\\/entreprise-de-nettoyage-professionnel-pour-domicile-et-bureau-dentreprise-dans-le-canton-de-neuchatel\\\/#primaryimage\",\"url\":\"https:\\\/\\\/www.artisanlocal.ch\\\/c\\\/wp-content\\\/uploads\\\/2024\\\/10\\\/agent-proprete.jpg\",\"contentUrl\":\"https:\\\/\\\/www.artisanlocal.ch\\\/c\\\/wp-content\\\/uploads\\\/2024\\\/10\\\/agent-proprete.jpg\",\"width\":1920,\"height\":300},{\"@type\":\"BreadcrumbList\",\"@id\":\"https:\\\/\\\/www.artisanlocal.ch\\\/c\\\/entreprise-de-nettoyage-professionnel-pour-domicile-et-bureau-dentreprise-dans-le-canton-de-neuchatel\\\/#breadcrumb\",\"itemListElement\":[{\"@type\":\"ListItem\",\"position\":1,\"name\":\"Accueil\",\"item\":\"https:\\\/\\\/www.artisanlocal.ch\\\/c\\\/\"},{\"@type\":\"ListItem\",\"position\":2,\"name\":\"Entreprise de nettoyage professionnel pour domicile et bureau d&rsquo;entreprise dans le canton de Neuch\u00e2tel\"}]},{\"@type\":\"WebSite\",\"@id\":\"https:\\\/\\\/www.artisanlocal.ch\\\/c\\\/#website\",\"url\":\"https:\\\/\\\/www.artisanlocal.ch\\\/c\\\/\",\"name\":\"Artisanlocal\",\"description\":\"\",\"publisher\":{\"@id\":\"https:\\\/\\\/www.artisanlocal.ch\\\/c\\\/#organization\"},\"potentialAction\":[{\"@type\":\"SearchAction\",\"target\":{\"@type\":\"EntryPoint\",\"urlTemplate\":\"https:\\\/\\\/www.artisanlocal.ch\\\/c\\\/?s={search_term_string}\"},\"query-input\":{\"@type\":\"PropertyValueSpecification\",\"valueRequired\":true,\"valueName\":\"search_term_string\"}}],\"inLanguage\":\"fr-FR\"},{\"@type\":\"Organization\",\"@id\":\"https:\\\/\\\/www.artisanlocal.ch\\\/c\\\/#organization\",\"name\":\"Artisanlocal\",\"url\":\"https:\\\/\\\/www.artisanlocal.ch\\\/c\\\/\",\"logo\":{\"@type\":\"ImageObject\",\"inLanguage\":\"fr-FR\",\"@id\":\"https:\\\/\\\/www.artisanlocal.ch\\\/c\\\/#\\\/schema\\\/logo\\\/image\\\/\",\"url\":\"https:\\\/\\\/www.artisanlocal.ch\\\/c\\\/wp-content\\\/uploads\\\/2024\\\/02\\\/logo-artisanlocal-h.svg\",\"contentUrl\":\"https:\\\/\\\/www.artisanlocal.ch\\\/c\\\/wp-content\\\/uploads\\\/2024\\\/02\\\/logo-artisanlocal-h.svg\",\"caption\":\"Artisanlocal\"},\"image\":{\"@id\":\"https:\\\/\\\/www.artisanlocal.ch\\\/c\\\/#\\\/schema\\\/logo\\\/image\\\/\"}}]}<\/script>\n<!-- \/ Yoast SEO Premium plugin. -->","yoast_head_json":{"title":"Entreprise de nettoyage professionnel pour domicile et bureau d'entreprise dans le canton de Neuch\u00e2tel - Artisanlocal","robots":{"index":"index","follow":"follow","max-snippet":"max-snippet:-1","max-image-preview":"max-image-preview:large","max-video-preview":"max-video-preview:-1"},"canonical":"https:\/\/www.artisanlocal.ch\/c\/entreprise-de-nettoyage-professionnel-pour-domicile-et-bureau-dentreprise-dans-le-canton-de-neuchatel\/","og_locale":"fr_FR","og_type":"article","og_title":"Entreprise de nettoyage professionnel pour domicile et bureau d'entreprise dans le canton de Neuch\u00e2tel","og_description":"Nous offrons un service de nettoyage complet de votre logement ou de vos bureaux dans le canton de Neuch\u00e2tel. Notre entreprise est compos\u00e9e d&rsquo;experts qui s&rsquo;efforcent de fournir \u00e0 notre client\u00e8le des services de qualit\u00e9. Pourquoi travailler avec notre entreprise ? Vous pouvez r\u00e9server un rendez-vous aujourd&rsquo;hui avec notre soci\u00e9t\u00e9. Nos sp\u00e9cialistes en nettoyage et [&hellip;]","og_url":"https:\/\/www.artisanlocal.ch\/c\/entreprise-de-nettoyage-professionnel-pour-domicile-et-bureau-dentreprise-dans-le-canton-de-neuchatel\/","og_site_name":"Artisanlocal","article_modified_time":"2025-11-06T11:37:38+00:00","og_image":[{"width":1920,"height":300,"url":"https:\/\/www.artisanlocal.ch\/c\/wp-content\/uploads\/2024\/10\/agent-proprete.jpg","type":"image\/jpeg"}],"twitter_card":"summary_large_image","twitter_misc":{"Dur\u00e9e de lecture estim\u00e9e":"5 minutes"},"schema":{"@context":"https:\/\/schema.org","@graph":[{"@type":"WebPage","@id":"https:\/\/www.artisanlocal.ch\/c\/entreprise-de-nettoyage-professionnel-pour-domicile-et-bureau-dentreprise-dans-le-canton-de-neuchatel\/","url":"https:\/\/www.artisanlocal.ch\/c\/entreprise-de-nettoyage-professionnel-pour-domicile-et-bureau-dentreprise-dans-le-canton-de-neuchatel\/","name":"Entreprise de nettoyage professionnel pour domicile et bureau d'entreprise dans le canton de Neuch\u00e2tel - Artisanlocal","isPartOf":{"@id":"https:\/\/www.artisanlocal.ch\/c\/#website"},"primaryImageOfPage":{"@id":"https:\/\/www.artisanlocal.ch\/c\/entreprise-de-nettoyage-professionnel-pour-domicile-et-bureau-dentreprise-dans-le-canton-de-neuchatel\/#primaryimage"},"image":{"@id":"https:\/\/www.artisanlocal.ch\/c\/entreprise-de-nettoyage-professionnel-pour-domicile-et-bureau-dentreprise-dans-le-canton-de-neuchatel\/#primaryimage"},"thumbnailUrl":"https:\/\/www.artisanlocal.ch\/c\/wp-content\/uploads\/2024\/10\/agent-proprete.jpg","datePublished":"2024-04-16T16:38:47+00:00","dateModified":"2025-11-06T11:37:38+00:00","breadcrumb":{"@id":"https:\/\/www.artisanlocal.ch\/c\/entreprise-de-nettoyage-professionnel-pour-domicile-et-bureau-dentreprise-dans-le-canton-de-neuchatel\/#breadcrumb"},"inLanguage":"fr-FR","potentialAction":[{"@type":"ReadAction","target":["https:\/\/www.artisanlocal.ch\/c\/entreprise-de-nettoyage-professionnel-pour-domicile-et-bureau-dentreprise-dans-le-canton-de-neuchatel\/"]}]},{"@type":"ImageObject","inLanguage":"fr-FR","@id":"https:\/\/www.artisanlocal.ch\/c\/entreprise-de-nettoyage-professionnel-pour-domicile-et-bureau-dentreprise-dans-le-canton-de-neuchatel\/#primaryimage","url":"https:\/\/www.artisanlocal.ch\/c\/wp-content\/uploads\/2024\/10\/agent-proprete.jpg","contentUrl":"https:\/\/www.artisanlocal.ch\/c\/wp-content\/uploads\/2024\/10\/agent-proprete.jpg","width":1920,"height":300},{"@type":"BreadcrumbList","@id":"https:\/\/www.artisanlocal.ch\/c\/entreprise-de-nettoyage-professionnel-pour-domicile-et-bureau-dentreprise-dans-le-canton-de-neuchatel\/#breadcrumb","itemListElement":[{"@type":"ListItem","position":1,"name":"Accueil","item":"https:\/\/www.artisanlocal.ch\/c\/"},{"@type":"ListItem","position":2,"name":"Entreprise de nettoyage professionnel pour domicile et bureau d&rsquo;entreprise dans le canton de Neuch\u00e2tel"}]},{"@type":"WebSite","@id":"https:\/\/www.artisanlocal.ch\/c\/#website","url":"https:\/\/www.artisanlocal.ch\/c\/","name":"Artisanlocal","description":"","publisher":{"@id":"https:\/\/www.artisanlocal.ch\/c\/#organization"},"potentialAction":[{"@type":"SearchAction","target":{"@type":"EntryPoint","urlTemplate":"https:\/\/www.artisanlocal.ch\/c\/?s={search_term_string}"},"query-input":{"@type":"PropertyValueSpecification","valueRequired":true,"valueName":"search_term_string"}}],"inLanguage":"fr-FR"},{"@type":"Organization","@id":"https:\/\/www.artisanlocal.ch\/c\/#organization","name":"Artisanlocal","url":"https:\/\/www.artisanlocal.ch\/c\/","logo":{"@type":"ImageObject","inLanguage":"fr-FR","@id":"https:\/\/www.artisanlocal.ch\/c\/#\/schema\/logo\/image\/","url":"https:\/\/www.artisanlocal.ch\/c\/wp-content\/uploads\/2024\/02\/logo-artisanlocal-h.svg","contentUrl":"https:\/\/www.artisanlocal.ch\/c\/wp-content\/uploads\/2024\/02\/logo-artisanlocal-h.svg","caption":"Artisanlocal"},"image":{"@id":"https:\/\/www.artisanlocal.ch\/c\/#\/schema\/logo\/image\/"}}]}},"_links":{"self":[{"href":"https:\/\/www.artisanlocal.ch\/c\/wp-json\/wp\/v2\/pages\/462","targetHints":{"allow":["GET"]}}],"collection":[{"href":"https:\/\/www.artisanlocal.ch\/c\/wp-json\/wp\/v2\/pages"}],"about":[{"href":"https:\/\/www.artisanlocal.ch\/c\/wp-json\/wp\/v2\/types\/page"}],"author":[{"embeddable":true,"href":"https:\/\/www.artisanlocal.ch\/c\/wp-json\/wp\/v2\/users\/4"}],"replies":[{"embeddable":true,"href":"https:\/\/www.artisanlocal.ch\/c\/wp-json\/wp\/v2\/comments?post=462"}],"version-history":[{"count":0,"href":"https:\/\/www.artisanlocal.ch\/c\/wp-json\/wp\/v2\/pages\/462\/revisions"}],"wp:featuredmedia":[{"embeddable":true,"href":"https:\/\/www.artisanlocal.ch\/c\/wp-json\/wp\/v2\/media\/2754"}],"wp:attachment":[{"href":"https:\/\/www.artisanlocal.ch\/c\/wp-json\/wp\/v2\/media?parent=462"}],"wp:term":[{"taxonomy":"profession","embeddable":true,"href":"https:\/\/www.artisanlocal.ch\/c\/wp-json\/wp\/v2\/profession?post=462"},{"taxonomy":"location","embeddable":true,"href":"https:\/\/www.artisanlocal.ch\/c\/wp-json\/wp\/v2\/location?post=462"},{"taxonomy":"canton","embeddable":true,"href":"https:\/\/www.artisanlocal.ch\/c\/wp-json\/wp\/v2\/canton?post=462"}],"curies":[{"name":"wp","href":"https:\/\/api.w.org\/{rel}","templated":true}]}}