{"id":463,"date":"2024-04-16T18:38:47","date_gmt":"2024-04-16T16:38:47","guid":{"rendered":"https:\/\/www.artisanlocal.ch\/c\/entreprise-de-nettoyage-de-bureaux-et-dappartements-dans-le-canton-du-valais\/"},"modified":"2025-11-06T12:37:37","modified_gmt":"2025-11-06T11:37:37","slug":"entreprise-de-nettoyage-de-bureaux-et-dappartements-dans-le-canton-du-valais","status":"publish","type":"page","link":"https:\/\/www.artisanlocal.ch\/c\/entreprise-de-nettoyage-de-bureaux-et-dappartements-dans-le-canton-du-valais\/","title":{"rendered":"Entreprise de nettoyage de bureaux et d&rsquo;appartements dans le canton du Valais"},"content":{"rendered":"<p>Nous sommes une entreprise dans le canton du Valais offrant un service de nettoyage complet pour les particuliers et les professionnels suisses. Notre \u00e9quipe d&rsquo;experts qualifi\u00e9s s&rsquo;efforce d&rsquo;apporter des services de qualit\u00e9.<\/p>\n<h2>Pourquoi travailler avec notre entreprise ?<\/h2>\n<ul>\n<li>Vous pouvez planifier un rendez-vous le jour m\u00eame.<\/li>\n<li>Nos experts en nettoyage sont tous familiaris\u00e9s avec les derni\u00e8res techniques.<\/li>\n<li>Le nettoyage est r\u00e9alis\u00e9 avec des produits respectueux de l&rsquo;environnement.<\/li>\n<li>Nos devis sont gratuits.<\/li>\n<\/ul>\n<h2>Services de nettoyage dans le canton du Valais<\/h2>\n<p>Nous proposons des services de nettoyage pour r\u00e9pondre aux besoins de chacun de nos clients.<\/p>\n<p>Dans le cas d&rsquo;un m\u00e9nage m\u00e9ticuleux, d&rsquo;un m\u00e9nage r\u00e9gulier ou d&rsquo;un entretien constant, nous pouvons \u00e9laborer des solutions adapt\u00e9es \u00e0 vos besoins, voici les prestations que nous r\u00e9alisons le plus fr\u00e9quemment \u00e0 Valais, vous pouvez b\u00e9n\u00e9ficier :<\/p>\n<ul>\n<li>De service de m\u00e9nage pour votre d\u00e9m\u00e9nagement.<\/li>\n<li>D&rsquo;une solution de nettoyage, si vous \u00eates propri\u00e9taires de locations Airbnb.<\/li>\n<li>D&rsquo;un service d&rsquo;entretien pour le nettoyage de bureaux et locaux commerciaux.<\/li>\n<li>D&rsquo;un service de nettoyage apr\u00e8s une r\u00e9novation.<\/li>\n<\/ul>\n<h2>Quelles sont les solutions d&rsquo;entretien d&rsquo;artisanlocal\u202f?<\/h2>\n<ul>\n<li>Services de propret\u00e9 pour les locations de courte dur\u00e9e,<\/li>\n<li>nettoyage d&rsquo;appartements,<\/li>\n<li>entretien des \u00e9quipements m\u00e9nagers,<\/li>\n<li>nettoyage de balcon,<\/li>\n<li>nettoyage des espaces souterrains,<\/li>\n<li>assainissement des surfaces pour lutter contre les virus,<\/li>\n<li>service de lavage de la vaisselle,<\/li>\n<li>nettoyage des salles de sports,<\/li>\n<li>entretien des sols,<\/li>\n<li>nettoyage des h\u00f4pitaux,<\/li>\n<li>nettoyage apr\u00e8s un d\u00e9m\u00e9nagement,<\/li>\n<li>nettoyage des locaux professionnels,<\/li>\n<li>nettoyage apr\u00e8s une r\u00e9novation,<\/li>\n<li>nettoyage de salles de bains,<\/li>\n<li>nettoyage des petits commerces,<\/li>\n<li>nettoyage des salles de classe,<\/li>\n<li>lavage de vitres.<\/li>\n<\/ul>\n<h2>Une entreprise de confiance en Suisse<\/h2>\n<h3>M\u00e9nage complet d&rsquo;appartement dans le canton du Valais<\/h3>\n<p>Si vous r\u00e9sidez dans le canton du Valais, nous pouvons r\u00e9aliser le m\u00e9nage de votre appartement en amont de l&rsquo;\u00e9tat des lieux.<\/p>\n<p>Il est important de savoir que si le m\u00e9nage de l&rsquo;appartement n&rsquo;est pas r\u00e9alis\u00e9 correctement, le propri\u00e9taire peut solliciter une entreprise de nettoyage et conserver une part de votre d\u00e9p\u00f4t de garantie.<\/p>\n<p>Les services de nettoyage pour l&rsquo;\u00e9tat des lieux comprennent :<\/p>\n<p>&#8211; L&rsquo;entretien des surfaces : carrelages, sols, parquets, moquettes et murs.<\/p>\n<p>&#8211; Le nettoyage des vitres et fen\u00eatres.<\/p>\n<p>&#8211; Nettoyage des toilettes et de la salle de bains.<\/p>\n<p>&#8211; Le nettoyage de l&rsquo;espace de cuisson et du syst\u00e8me d&rsquo;a\u00e9ration du coin cuisine.<\/p>\n<p>&#8211; L&rsquo;\u00e9limination des amas de poussi\u00e8re sur le mobilier d&rsquo;int\u00e9rieur.<\/p>\n<h3>Vous avez besoin d&rsquo;un service de nettoyage continu de votre studio?<\/h3>\n<p>Notre \u00e9tablissement propose des services de nettoyage sur mesure, adapt\u00e9s \u00e0 vos besoins, avec des interventions chaque semaine, bihebdomadaires ou chaque mois.<\/p>\n<h3>Entretien approfondi de votre villa et de votre appartement dans le canton du Valais<\/h3>\n<p>Artisanlocal offre des services pour nettoyer en profondeur votre maison ou votre studio, en compl\u00e9ment de notre prestation de nettoyage standard.<\/p>\n<h3>Quels sont les b\u00e9n\u00e9fices d\u2019un entretien approfondi avec Artisanlocal ?<\/h3>\n<p>L&rsquo;avantage du nettoyage en profondeur est de supprimer la salet\u00e9, la poussi\u00e8re et la crasse qui se sont empil\u00e9es au fil du temps, ce qui am\u00e9liore la qualit\u00e9 de l&rsquo;aire int\u00e9rieure de votre habitat. De plus, un nettoyage approfondi facilite l&rsquo;\u00e9limination des odeurs d\u00e9sagr\u00e9ables.<\/p>\n<h3>M\u00e9nage de bureaux dans le canton du Valais<\/h3>\n<p>Pour le m\u00e9nage de vos espaces de travail, faites confiance \u00e0 Artisanlocal. Gagnez du temps et de l&rsquo;\u00e9nergie gr\u00e2ce \u00e0 nos services ! D\u00e9couvrez nos contrats de nettoyage personnalis\u00e9s pour vos locaux. Nos contrats s&rsquo;adaptent \u00e0 votre budget et \u00e0 vos besoins. D\u00e9couvrez nos services de propret\u00e9 pour les lieux de travail :<\/p>\n<ul>\n<li>Traitement des tapis et lavage de vitres de bureau.<\/li>\n<li>Nettoyage de fauteuils, de si\u00e8ges de travail, de divan en textile ou en cuir.<\/li>\n<li>Gestion des d\u00e9tritus.<\/li>\n<li>\u00c9limination de la poussi\u00e8re sur tous les ameublements et espaces de travail.<\/li>\n<li>Lavage des parquets et passage de l&rsquo;aspirateur.<\/li>\n<\/ul>\n<h3>Nettoyage de la propri\u00e9t\u00e9 dans le canton du Valais<\/h3>\n<p>Afin que votre propri\u00e9t\u00e9 reste toujours aussi impeccable, un m\u00e9nage fr\u00e9quent implique d&rsquo;\u00eatre inclus dans vos habitudes. \u00c0 l&rsquo;heure actuelle, la plupart des gens ont un agenda charg\u00e9 et cela rend difficile la r\u00e9alisation des t\u00e2ches m\u00e9nag\u00e8res courantes, c&rsquo;est l\u00e0 que notre entreprise peut vous aider dans vos t\u00e2ches m\u00e9nag\u00e8res.<\/p>\n<h2>Pourquoi faire appel \u00e0 une soci\u00e9t\u00e9 pour r\u00e9aliser le nettoyage de son habitation dans le canton du Valais ?<\/h2>\n<p>Si vous vivez dans le canton du Valais vous avez peut-\u00eatre du mal \u00e0 conserver votre appartement propre et bien rang\u00e9. Nos services, vous aideront \u00e0 pr\u00e9server votre r\u00e9sidence dans un \u00e9tat irr\u00e9prochable. En faisant appel \u00e0 notre entreprise, vous serez en mesure de :<\/p>\n<h3>Mieux organiser votre espace<\/h3>\n<p>Si votre logement est en d\u00e9sordre, il est difficile de se sentir bien chez soi. Artisanlocal propose des services professionnels de nettoyage pour votre propri\u00e9t\u00e9 de mani\u00e8re \u00e0 mieux organiser votre espace, ce qui vous donne la possibilit\u00e9, de :<\/p>\n<h3>Cr\u00e9er une ambiance plus confortable<\/h3>\n<p>En effet, une maison bien organis\u00e9e vous aidera ainsi que vos invit\u00e9s \u00e0 vous sentir mieux.<\/p>\n<h3>Vivre en bonne sant\u00e9 et content<\/h3>\n<p>Ne pas \u00e9liminer la poussi\u00e8re et la salet\u00e9 dans votre int\u00e9rieur peut pr\u00e9senter des risques pour votre sant\u00e9, comme causer des r\u00e9actions allergiques ou exacerber celles d\u00e9j\u00e0 existantes. En engageant une entreprise de m\u00e9nage, vous baissez les allerg\u00e8nes.<\/p>\n<h3>Optimiser la disposition globale de votre habitation<\/h3>\n<p>Comme beaucoup de domiciles, votre propri\u00e9t\u00e9 peut \u00eatre d\u00e9sorganis\u00e9e, ce qui provoque des soucis dans la vie de tous les jours. Nos prestations peuvent s&rsquo;av\u00e9rer utiles pour maintenir votre int\u00e9rieur en ordre. Par ailleurs, nous pouvons aussi op\u00e9rer \u00e0 : Charrat, Saxon, Riddes, Mayens-de-Chamoson, Ovronnaz, Dugny (Leytron), Leytron, Montagnon (Leytron), Produit (Leytron), Saillon, Is\u00e9rables, Auddes-sur-Riddes, La Tzoumaz, Martigny, Martigny-Croix, Fully, Chemin, Ravoire, Trient, Bovernier, Les Valettes (Bovernier), Chamoille (Sembrancher), La Garde (Sembrancher), Sembrancher, Vens (Sembrancher), Bruson, Le Ch\u00e2ble VS, Verbier, Orsi\u00e8res, Champex-Lac, Cries (Voll\u00e8ges), Voll\u00e8ges, Levron, Praz-de-Fort, La Fouly VS, Chandonne (Liddes), Chez Petit (Liddes), Dranse (Liddes), Fontaine Dessous (Liddes), Fontaine Dessus (Liddes), Fornex (Liddes), Les Moulins VS (Liddes), Liddes, Palasuit (Liddes), Petit Vich\u00e8res (Liddes), Rive Haute (Liddes), Vich\u00e8res (Liddes), Bourg-St-Pierre, Champsec, Verseg\u00e8res, Fionnay, Lourtier, Sarreyer, Collombey, Massongex, Monthey, Cho\u00ebx, Les Giettes, Troistorrents, Champoussin, Les Crosets, Val-d'Illiez, Champ\u00e9ry, Morgins, Mex VS, St-Maurice, V\u00e9rossaz, Morcles, Muraz (Collombey), Vionnaz, Miex, Vouvry, Bouveret, Les Evouettes, St-Gingolph, Torgon, Evionnaz, Collonges, Vernayaz, Dor\u00e9naz, Les Granges (Salvan), Salvan, Le Tr\u00e9tien, Les Mar\u00e9cottes, Finhaut, Le Ch\u00e2telard VS, Sion, Chamoson, Grugnay (Chamoson), Les V\u00e9rines (Chamoson), N\u00e9miaz (Chamoson), St-Pierre-de-Clages, Ardon, St-L\u00e9onard, Uvrier, Vernami\u00e8ge, Pont-de-la-Morge (Sion), V\u00e9troz, Conthey, Savi\u00e8se, Bramois, Mase, Eison (St-Martin), Liez (St-Martin), St-Martin VS, Suen (St-Martin), Trogne (St-Martin), Champlan (Grimisuat), Grimisuat, Nax, Arbaz, St-S\u00e9verin, Aven, Daillon, Erde, Vex, Euseigne, Evol\u00e8ne, Lanna, La Tour VS, Les Haud\u00e8res, La Forclaz VS, La Sage, Villa (Evol\u00e8ne), Arolla, H\u00e9r\u00e9mence, Les Collons, Thyon, Arvillard (Salins), Mis\u00e9riez (Salins), Pravidondaz (Salins), Salins, Turin (Salins), Cr\u00eate-\u00e0-l'Oeil (Les Agettes), La Vernaz (Les Agettes), Les Agettes, Les Mayens-de-Sion, Cl\u00e8bes (Nendaz), Veysonnaz, Aproz (Nendaz), Baar (Nendaz), Basse-Nendaz, Beuson (Nendaz), Bieudron (Nendaz), Brignon (Nendaz), Cond\u00e9mines (Nendaz), Fey (Nendaz), Saclentse, Haute-Nendaz, Siviez (Nendaz), Sornard (Nendaz), Argnou (Ayent), Blignou (Ayent), Botyre (Ayent), Fortunau (Ayent), La Place (Ayent), Luc (Ayent), Saxonne (Ayent), Sign\u00e8se (Ayent), St-Romain (Ayent), Villa (Ayent), Anz\u00e8re, Icogne, Lens, Corin-de-la-Cr\u00eate, Loc, Muraz (Sierre), Sierre, Niouc, Ayer, Chandolin, Grimentz, St-Jean VS, St-Luc, Vissoie, Zinal, Aminona, Crans-Montana, Montana, Chippis, Chalais, R\u00e9chy, Vercorin, Veyras, Chermignon, Chermignon-d'en-Bas, Ollon VS, Mi\u00e8ge, Venth\u00f4ne, Mollens VS, Randogne, Champzab\u00e9, No\u00ebs, Granges VS, Flanthey, Gr\u00f4ne, Saas-Almagell, Saas-Fee, Saas-Balen, Saas-Grund, Ferden, Goppenstein, Kippel, Wiler (L\u00f6tschen), Blatten (L\u00f6tschen), Zermatt, Eisten, Kalpetran, Stalden VS, T\u00f6rbel, St. Niklaus VS, Gr\u00e4chen, Embd, Herbriggen, Randa, T\u00e4sch, Eyholz, Visp, Lalden, Visperterminen, Staldenried, Zeneggen, B\u00fcrchen, Baltschieder, Ausserberg, Steg VS, Niedergesteln, Raron, St. German, Eischoll, Unterb\u00e4ch VS, Gampel, Niedergampel, Gruben, Turtmann, Ergisch, Oberems, Unterems, Hohtenn, Agarn, Susten, Inden, Leuk Stadt, Varen, Leukerbad, Albinen, Guttet-Feschel, Erschmatt, Bratsch, Salgesch, Brig, Brigerbad, Gamsen, Rothwald, Glis, Birgisch, Mund, Naters, Gabi (Simplon), Simplon Dorf, Simplon Hospiz, Gondo, Ried-Brig, Termen, Rosswald, Belalp, Blatten b. Naters, Eggerberg, Bitsch, Bister, Goppisberg, Greich, Filet, M\u00f6rel, Fiesch, Fieschertal, Geschinen, M\u00fcnster VS, Ried-M\u00f6rel, Riederalp, Obergesteln, Ulrichen, Blitzingen, Niederwald, Biel VS, Ritzingen, Selkingen, Betten, Bettmeralp, Grengiols, Lax, Martisberg, Ausserbinn, Ernen, M\u00fchlebach (Goms), Steinhaus, Binn, Bellwald, Gluringen, Reckingen VS, Oberwald.<\/p>\n","protected":false},"excerpt":{"rendered":"<p>Nous sommes une entreprise dans le canton du Valais offrant un service de nettoyage complet pour les particuliers et les professionnels suisses. Notre \u00e9quipe d&rsquo;experts qualifi\u00e9s s&rsquo;efforce d&rsquo;apporter des services de qualit\u00e9. Pourquoi travailler avec notre entreprise ? Vous pouvez planifier un rendez-vous le jour m\u00eame. Nos experts en nettoyage sont tous familiaris\u00e9s avec les [&hellip;]<\/p>\n","protected":false},"author":4,"featured_media":2754,"parent":0,"menu_order":0,"comment_status":"closed","ping_status":"closed","template":"wp-custom-template-page-canton","meta":{"footnotes":""},"profession":[108],"location":[],"canton":[110],"class_list":["post-463","page","type-page","status-publish","has-post-thumbnail","hentry","profession-agent-de-proprete","canton-vs"],"yoast_head":"<!-- This site is optimized with the Yoast SEO Premium plugin v25.7.1 (Yoast SEO v27.4) - https:\/\/yoast.com\/product\/yoast-seo-premium-wordpress\/ -->\n<title>Entreprise de nettoyage de bureaux et d&#039;appartements dans le canton du Valais - Artisanlocal<\/title>\n<meta name=\"robots\" content=\"index, follow, max-snippet:-1, max-image-preview:large, max-video-preview:-1\" \/>\n<link rel=\"canonical\" href=\"https:\/\/www.artisanlocal.ch\/c\/entreprise-de-nettoyage-de-bureaux-et-dappartements-dans-le-canton-du-valais\/\" \/>\n<meta property=\"og:locale\" content=\"fr_FR\" \/>\n<meta property=\"og:type\" content=\"article\" \/>\n<meta property=\"og:title\" content=\"Entreprise de nettoyage de bureaux et d&#039;appartements dans le canton du Valais\" \/>\n<meta property=\"og:description\" content=\"Nous sommes une entreprise dans le canton du Valais offrant un service de nettoyage complet pour les particuliers et les professionnels suisses. Notre \u00e9quipe d&rsquo;experts qualifi\u00e9s s&rsquo;efforce d&rsquo;apporter des services de qualit\u00e9. Pourquoi travailler avec notre entreprise ? Vous pouvez planifier un rendez-vous le jour m\u00eame. Nos experts en nettoyage sont tous familiaris\u00e9s avec les [&hellip;]\" \/>\n<meta property=\"og:url\" content=\"https:\/\/www.artisanlocal.ch\/c\/entreprise-de-nettoyage-de-bureaux-et-dappartements-dans-le-canton-du-valais\/\" \/>\n<meta property=\"og:site_name\" content=\"Artisanlocal\" \/>\n<meta property=\"article:modified_time\" content=\"2025-11-06T11:37:37+00:00\" \/>\n<meta property=\"og:image\" content=\"https:\/\/www.artisanlocal.ch\/c\/wp-content\/uploads\/2024\/10\/agent-proprete.jpg\" \/>\n\t<meta property=\"og:image:width\" content=\"1920\" \/>\n\t<meta property=\"og:image:height\" content=\"300\" \/>\n\t<meta property=\"og:image:type\" content=\"image\/jpeg\" \/>\n<meta name=\"twitter:card\" content=\"summary_large_image\" \/>\n<meta name=\"twitter:label1\" content=\"Dur\u00e9e de lecture estim\u00e9e\" \/>\n\t<meta name=\"twitter:data1\" content=\"5 minutes\" \/>\n<script type=\"application\/ld+json\" class=\"yoast-schema-graph\">{\"@context\":\"https:\\\/\\\/schema.org\",\"@graph\":[{\"@type\":\"WebPage\",\"@id\":\"https:\\\/\\\/www.artisanlocal.ch\\\/c\\\/entreprise-de-nettoyage-de-bureaux-et-dappartements-dans-le-canton-du-valais\\\/\",\"url\":\"https:\\\/\\\/www.artisanlocal.ch\\\/c\\\/entreprise-de-nettoyage-de-bureaux-et-dappartements-dans-le-canton-du-valais\\\/\",\"name\":\"Entreprise de nettoyage de bureaux et d'appartements dans le canton du Valais - Artisanlocal\",\"isPartOf\":{\"@id\":\"https:\\\/\\\/www.artisanlocal.ch\\\/c\\\/#website\"},\"primaryImageOfPage\":{\"@id\":\"https:\\\/\\\/www.artisanlocal.ch\\\/c\\\/entreprise-de-nettoyage-de-bureaux-et-dappartements-dans-le-canton-du-valais\\\/#primaryimage\"},\"image\":{\"@id\":\"https:\\\/\\\/www.artisanlocal.ch\\\/c\\\/entreprise-de-nettoyage-de-bureaux-et-dappartements-dans-le-canton-du-valais\\\/#primaryimage\"},\"thumbnailUrl\":\"https:\\\/\\\/www.artisanlocal.ch\\\/c\\\/wp-content\\\/uploads\\\/2024\\\/10\\\/agent-proprete.jpg\",\"datePublished\":\"2024-04-16T16:38:47+00:00\",\"dateModified\":\"2025-11-06T11:37:37+00:00\",\"breadcrumb\":{\"@id\":\"https:\\\/\\\/www.artisanlocal.ch\\\/c\\\/entreprise-de-nettoyage-de-bureaux-et-dappartements-dans-le-canton-du-valais\\\/#breadcrumb\"},\"inLanguage\":\"fr-FR\",\"potentialAction\":[{\"@type\":\"ReadAction\",\"target\":[\"https:\\\/\\\/www.artisanlocal.ch\\\/c\\\/entreprise-de-nettoyage-de-bureaux-et-dappartements-dans-le-canton-du-valais\\\/\"]}]},{\"@type\":\"ImageObject\",\"inLanguage\":\"fr-FR\",\"@id\":\"https:\\\/\\\/www.artisanlocal.ch\\\/c\\\/entreprise-de-nettoyage-de-bureaux-et-dappartements-dans-le-canton-du-valais\\\/#primaryimage\",\"url\":\"https:\\\/\\\/www.artisanlocal.ch\\\/c\\\/wp-content\\\/uploads\\\/2024\\\/10\\\/agent-proprete.jpg\",\"contentUrl\":\"https:\\\/\\\/www.artisanlocal.ch\\\/c\\\/wp-content\\\/uploads\\\/2024\\\/10\\\/agent-proprete.jpg\",\"width\":1920,\"height\":300},{\"@type\":\"BreadcrumbList\",\"@id\":\"https:\\\/\\\/www.artisanlocal.ch\\\/c\\\/entreprise-de-nettoyage-de-bureaux-et-dappartements-dans-le-canton-du-valais\\\/#breadcrumb\",\"itemListElement\":[{\"@type\":\"ListItem\",\"position\":1,\"name\":\"Accueil\",\"item\":\"https:\\\/\\\/www.artisanlocal.ch\\\/c\\\/\"},{\"@type\":\"ListItem\",\"position\":2,\"name\":\"Entreprise de nettoyage de bureaux et d&rsquo;appartements dans le canton du Valais\"}]},{\"@type\":\"WebSite\",\"@id\":\"https:\\\/\\\/www.artisanlocal.ch\\\/c\\\/#website\",\"url\":\"https:\\\/\\\/www.artisanlocal.ch\\\/c\\\/\",\"name\":\"Artisanlocal\",\"description\":\"\",\"publisher\":{\"@id\":\"https:\\\/\\\/www.artisanlocal.ch\\\/c\\\/#organization\"},\"potentialAction\":[{\"@type\":\"SearchAction\",\"target\":{\"@type\":\"EntryPoint\",\"urlTemplate\":\"https:\\\/\\\/www.artisanlocal.ch\\\/c\\\/?s={search_term_string}\"},\"query-input\":{\"@type\":\"PropertyValueSpecification\",\"valueRequired\":true,\"valueName\":\"search_term_string\"}}],\"inLanguage\":\"fr-FR\"},{\"@type\":\"Organization\",\"@id\":\"https:\\\/\\\/www.artisanlocal.ch\\\/c\\\/#organization\",\"name\":\"Artisanlocal\",\"url\":\"https:\\\/\\\/www.artisanlocal.ch\\\/c\\\/\",\"logo\":{\"@type\":\"ImageObject\",\"inLanguage\":\"fr-FR\",\"@id\":\"https:\\\/\\\/www.artisanlocal.ch\\\/c\\\/#\\\/schema\\\/logo\\\/image\\\/\",\"url\":\"https:\\\/\\\/www.artisanlocal.ch\\\/c\\\/wp-content\\\/uploads\\\/2024\\\/02\\\/logo-artisanlocal-h.svg\",\"contentUrl\":\"https:\\\/\\\/www.artisanlocal.ch\\\/c\\\/wp-content\\\/uploads\\\/2024\\\/02\\\/logo-artisanlocal-h.svg\",\"caption\":\"Artisanlocal\"},\"image\":{\"@id\":\"https:\\\/\\\/www.artisanlocal.ch\\\/c\\\/#\\\/schema\\\/logo\\\/image\\\/\"}}]}<\/script>\n<!-- \/ Yoast SEO Premium plugin. -->","yoast_head_json":{"title":"Entreprise de nettoyage de bureaux et d'appartements dans le canton du Valais - Artisanlocal","robots":{"index":"index","follow":"follow","max-snippet":"max-snippet:-1","max-image-preview":"max-image-preview:large","max-video-preview":"max-video-preview:-1"},"canonical":"https:\/\/www.artisanlocal.ch\/c\/entreprise-de-nettoyage-de-bureaux-et-dappartements-dans-le-canton-du-valais\/","og_locale":"fr_FR","og_type":"article","og_title":"Entreprise de nettoyage de bureaux et d'appartements dans le canton du Valais","og_description":"Nous sommes une entreprise dans le canton du Valais offrant un service de nettoyage complet pour les particuliers et les professionnels suisses. Notre \u00e9quipe d&rsquo;experts qualifi\u00e9s s&rsquo;efforce d&rsquo;apporter des services de qualit\u00e9. Pourquoi travailler avec notre entreprise ? Vous pouvez planifier un rendez-vous le jour m\u00eame. Nos experts en nettoyage sont tous familiaris\u00e9s avec les [&hellip;]","og_url":"https:\/\/www.artisanlocal.ch\/c\/entreprise-de-nettoyage-de-bureaux-et-dappartements-dans-le-canton-du-valais\/","og_site_name":"Artisanlocal","article_modified_time":"2025-11-06T11:37:37+00:00","og_image":[{"width":1920,"height":300,"url":"https:\/\/www.artisanlocal.ch\/c\/wp-content\/uploads\/2024\/10\/agent-proprete.jpg","type":"image\/jpeg"}],"twitter_card":"summary_large_image","twitter_misc":{"Dur\u00e9e de lecture estim\u00e9e":"5 minutes"},"schema":{"@context":"https:\/\/schema.org","@graph":[{"@type":"WebPage","@id":"https:\/\/www.artisanlocal.ch\/c\/entreprise-de-nettoyage-de-bureaux-et-dappartements-dans-le-canton-du-valais\/","url":"https:\/\/www.artisanlocal.ch\/c\/entreprise-de-nettoyage-de-bureaux-et-dappartements-dans-le-canton-du-valais\/","name":"Entreprise de nettoyage de bureaux et d'appartements dans le canton du Valais - Artisanlocal","isPartOf":{"@id":"https:\/\/www.artisanlocal.ch\/c\/#website"},"primaryImageOfPage":{"@id":"https:\/\/www.artisanlocal.ch\/c\/entreprise-de-nettoyage-de-bureaux-et-dappartements-dans-le-canton-du-valais\/#primaryimage"},"image":{"@id":"https:\/\/www.artisanlocal.ch\/c\/entreprise-de-nettoyage-de-bureaux-et-dappartements-dans-le-canton-du-valais\/#primaryimage"},"thumbnailUrl":"https:\/\/www.artisanlocal.ch\/c\/wp-content\/uploads\/2024\/10\/agent-proprete.jpg","datePublished":"2024-04-16T16:38:47+00:00","dateModified":"2025-11-06T11:37:37+00:00","breadcrumb":{"@id":"https:\/\/www.artisanlocal.ch\/c\/entreprise-de-nettoyage-de-bureaux-et-dappartements-dans-le-canton-du-valais\/#breadcrumb"},"inLanguage":"fr-FR","potentialAction":[{"@type":"ReadAction","target":["https:\/\/www.artisanlocal.ch\/c\/entreprise-de-nettoyage-de-bureaux-et-dappartements-dans-le-canton-du-valais\/"]}]},{"@type":"ImageObject","inLanguage":"fr-FR","@id":"https:\/\/www.artisanlocal.ch\/c\/entreprise-de-nettoyage-de-bureaux-et-dappartements-dans-le-canton-du-valais\/#primaryimage","url":"https:\/\/www.artisanlocal.ch\/c\/wp-content\/uploads\/2024\/10\/agent-proprete.jpg","contentUrl":"https:\/\/www.artisanlocal.ch\/c\/wp-content\/uploads\/2024\/10\/agent-proprete.jpg","width":1920,"height":300},{"@type":"BreadcrumbList","@id":"https:\/\/www.artisanlocal.ch\/c\/entreprise-de-nettoyage-de-bureaux-et-dappartements-dans-le-canton-du-valais\/#breadcrumb","itemListElement":[{"@type":"ListItem","position":1,"name":"Accueil","item":"https:\/\/www.artisanlocal.ch\/c\/"},{"@type":"ListItem","position":2,"name":"Entreprise de nettoyage de bureaux et d&rsquo;appartements dans le canton du Valais"}]},{"@type":"WebSite","@id":"https:\/\/www.artisanlocal.ch\/c\/#website","url":"https:\/\/www.artisanlocal.ch\/c\/","name":"Artisanlocal","description":"","publisher":{"@id":"https:\/\/www.artisanlocal.ch\/c\/#organization"},"potentialAction":[{"@type":"SearchAction","target":{"@type":"EntryPoint","urlTemplate":"https:\/\/www.artisanlocal.ch\/c\/?s={search_term_string}"},"query-input":{"@type":"PropertyValueSpecification","valueRequired":true,"valueName":"search_term_string"}}],"inLanguage":"fr-FR"},{"@type":"Organization","@id":"https:\/\/www.artisanlocal.ch\/c\/#organization","name":"Artisanlocal","url":"https:\/\/www.artisanlocal.ch\/c\/","logo":{"@type":"ImageObject","inLanguage":"fr-FR","@id":"https:\/\/www.artisanlocal.ch\/c\/#\/schema\/logo\/image\/","url":"https:\/\/www.artisanlocal.ch\/c\/wp-content\/uploads\/2024\/02\/logo-artisanlocal-h.svg","contentUrl":"https:\/\/www.artisanlocal.ch\/c\/wp-content\/uploads\/2024\/02\/logo-artisanlocal-h.svg","caption":"Artisanlocal"},"image":{"@id":"https:\/\/www.artisanlocal.ch\/c\/#\/schema\/logo\/image\/"}}]}},"_links":{"self":[{"href":"https:\/\/www.artisanlocal.ch\/c\/wp-json\/wp\/v2\/pages\/463","targetHints":{"allow":["GET"]}}],"collection":[{"href":"https:\/\/www.artisanlocal.ch\/c\/wp-json\/wp\/v2\/pages"}],"about":[{"href":"https:\/\/www.artisanlocal.ch\/c\/wp-json\/wp\/v2\/types\/page"}],"author":[{"embeddable":true,"href":"https:\/\/www.artisanlocal.ch\/c\/wp-json\/wp\/v2\/users\/4"}],"replies":[{"embeddable":true,"href":"https:\/\/www.artisanlocal.ch\/c\/wp-json\/wp\/v2\/comments?post=463"}],"version-history":[{"count":0,"href":"https:\/\/www.artisanlocal.ch\/c\/wp-json\/wp\/v2\/pages\/463\/revisions"}],"wp:featuredmedia":[{"embeddable":true,"href":"https:\/\/www.artisanlocal.ch\/c\/wp-json\/wp\/v2\/media\/2754"}],"wp:attachment":[{"href":"https:\/\/www.artisanlocal.ch\/c\/wp-json\/wp\/v2\/media?parent=463"}],"wp:term":[{"taxonomy":"profession","embeddable":true,"href":"https:\/\/www.artisanlocal.ch\/c\/wp-json\/wp\/v2\/profession?post=463"},{"taxonomy":"location","embeddable":true,"href":"https:\/\/www.artisanlocal.ch\/c\/wp-json\/wp\/v2\/location?post=463"},{"taxonomy":"canton","embeddable":true,"href":"https:\/\/www.artisanlocal.ch\/c\/wp-json\/wp\/v2\/canton?post=463"}],"curies":[{"name":"wp","href":"https:\/\/api.w.org\/{rel}","templated":true}]}}