{"id":464,"date":"2024-04-16T18:38:47","date_gmt":"2024-04-16T16:38:47","guid":{"rendered":"https:\/\/www.artisanlocal.ch\/c\/nettoyage-de-bureaux-et-de-domiciles-dans-le-canton-de-vaud\/"},"modified":"2025-11-06T12:39:38","modified_gmt":"2025-11-06T11:39:38","slug":"nettoyage-de-bureaux-et-de-domiciles-dans-le-canton-de-vaud","status":"publish","type":"page","link":"https:\/\/www.artisanlocal.ch\/c\/nettoyage-de-bureaux-et-de-domiciles-dans-le-canton-de-vaud\/","title":{"rendered":"Nettoyage de bureaux et de domiciles dans le canton de Vaud"},"content":{"rendered":"<p>Nous sommes une soci\u00e9t\u00e9 dans le canton de Vaud qui offre un service de nettoyage complet pour les professionnels et les particuliers. Notre \u00e9quipe d&rsquo;experts qualifi\u00e9s s&rsquo;efforce d&rsquo;apporter des services de qualit\u00e9.<\/p>\n<h2>Pourquoi choisir notre entreprise ?<\/h2>\n<ul>\n<li>Il est envisageable de r\u00e9server un rendez-vous avec notre soci\u00e9t\u00e9 aujourd&rsquo;hui.<\/li>\n<li>Nous utilisons les derni\u00e8res techniques de nettoyage.<\/li>\n<li>Notre service de nettoyage est effectu\u00e9 avec des produits respectueux de l&rsquo;environnement.<\/li>\n<li>Nos devis sont gratuits.<\/li>\n<\/ul>\n<h2>Nettoyage professionnel dans le canton de Vaud<\/h2>\n<p>Nous proposons des solutions de m\u00e9nage pour r\u00e9pondre aux attentes de chacun de nos clients.<\/p>\n<p>Si vous avez besoin d&rsquo;un nettoyage int\u00e9gral de votre int\u00e9rieur, d&rsquo;un m\u00e9nage occasionnel ou d&rsquo;un service d&rsquo;entretien fr\u00e9quent, notre entreprise est l\u00e0 pour vous. D\u00e9couvrez nos services les plus g\u00e9n\u00e9ralement r\u00e9alis\u00e9s dans le canton de Vaud et profitez :<\/p>\n<ul>\n<li>De service de m\u00e9nage pour votre changement de domicile.<\/li>\n<li>D&rsquo;une prestation de m\u00e9nage, si vous \u00eates h\u00f4tes Airbnb.<\/li>\n<li>D&rsquo;un service pour le nettoyage de bureaux et locaux commerciaux.<\/li>\n<li>D&rsquo;un nettoyage apr\u00e8s une r\u00e9novation d&rsquo;int\u00e9rieur.<\/li>\n<\/ul>\n<h2>Quelles sont les solutions de nettoyage qu&rsquo;artisanlocal propose\u202f?<\/h2>\n<ul>\n<li>Services de propret\u00e9 pour les conciergeries Airbnb,<\/li>\n<li>nettoyage de logements,<\/li>\n<li>nettoyage des \u00e9quipements m\u00e9nagers,<\/li>\n<li>nettoyage et entretien du jardin,<\/li>\n<li>service de nettoyage des espaces souterrains,<\/li>\n<li>assainissement des surfaces pour lutter contre les virus,<\/li>\n<li>nettoyage de la vaisselle,<\/li>\n<li>nettoyage des salles de gym,<\/li>\n<li>lavage des sols,<\/li>\n<li>nettoyage sanitaire en milieu hospitalier,<\/li>\n<li>m\u00e9nage et nettoyage apr\u00e8s un changement de logement,<\/li>\n<li>nettoyage de bureaux,<\/li>\n<li>service de m\u00e9nage apr\u00e8s travaux de r\u00e9novation,<\/li>\n<li>entretien des salles d&rsquo;eau,<\/li>\n<li>nettoyage des commerces locaux,<\/li>\n<li>nettoyage des \u00e9tablissements scolaires,<\/li>\n<li>nettoyage des fen\u00eatres.<\/li>\n<\/ul>\n<h2>Une entreprise de confiance en Suisse<\/h2>\n<h3>M\u00e9nage complet d&rsquo;appartement dans le canton de Vaud<\/h3>\n<p>Nous r\u00e9alisons le m\u00e9nage d&rsquo;appartement dans le canton de Vaud, par exemple, nous pouvons nettoyer l&rsquo;int\u00e9rieur de votre appartement, avant la remise des cl\u00e9s en fin de bail.<\/p>\n<p>Il est important de savoir que si le m\u00e9nage de l&rsquo;appartement n&rsquo;est pas r\u00e9alis\u00e9 correctement, le propri\u00e9taire a le droit de faire appel \u00e0 une soci\u00e9t\u00e9 de nettoyage et retenir une partie de votre d\u00e9p\u00f4t de garantie.<\/p>\n<p>Les services de m\u00e9nage pour la remise des cl\u00e9s incluent :<\/p>\n<p>&#8211; L&rsquo;entretien et le nettoyage des surfaces : les sols, les murs, les parquets, les moquettes et les carrelages.<\/p>\n<p>&#8211; Le nettoyage des fen\u00eatres et vitres.<\/p>\n<p>&#8211; Entretien de la salle de bains et des toilettes.<\/p>\n<p>&#8211; Le service de nettoyage du coin cuisine et de la h\u00f4te de cuisine.<\/p>\n<p>&#8211; Le nettoyage des poussi\u00e8res sur les meubles.<\/p>\n<h3>Vous souhaitez un nettoyage p\u00e9riodique de votre studio?<\/h3>\n<p>Notre soci\u00e9t\u00e9 propose des services de nettoyage personnalis\u00e9s, adapt\u00e9s \u00e0 vos demandes, nous pouvons op\u00e9rer de mani\u00e8res mensuelles, bihebdomadaires ou hebdomadaires.<\/p>\n<h3>Service pour un nettoyage m\u00e9ticuleux de votre maison dans le canton de Vaud<\/h3>\n<p>Artisanlocal offre des services pour nettoyer en profondeur votre villa ou votre studio, en compl\u00e9ment de notre prestation de nettoyage standard.<\/p>\n<h3>Quels sont les avantages de r\u00e9aliser un entretien en profondeur avec notre entreprise ?<\/h3>\n<p>L\u2019avantage principal du m\u00e9nage approfondi est d\u2019\u00e9liminer les amas de poussi\u00e8res qui se sont accumul\u00e9es avec le temps, pour rendre votre domicile sans poussi\u00e8re. Un entretien en profondeur est \u00e9galement une bonne solution pour enlever les odeurs d\u00e9sagr\u00e9ables.<\/p>\n<h3>Service d&rsquo;entretien de locaux professionnels dans le canton de Vaud<\/h3>\n<p>Pour le nettoyage de vos bureaux, comptez sur Artisanlocal. \u00c9conomisez du temps, de l&rsquo;\u00e9nergie gr\u00e2ce \u00e0 notre entreprise ! D\u00e9couvrez nos contrats de m\u00e9nage sur mesures pour vos bureaux. Nos contrats s&rsquo;adaptent \u00e0 votre enveloppe budg\u00e9taire et \u00e0 vos besoins. Voici les services que nous proposons pour le nettoyage de vos bureaux :<\/p>\n<ul>\n<li>Nettoyage de vos moquettes et des fen\u00eatres.<\/li>\n<li>Nettoyage de fauteuils, de si\u00e8ges de bureau, de divan en tissu ou en cuir brut ou naturel.<\/li>\n<li>Gestion des d\u00e9chets m\u00e9nagers.<\/li>\n<li>D\u00e9poussi\u00e9rage de toutes les surfaces et mobilier.<\/li>\n<li>Passage de l&rsquo;aspirateur et lavage des sols.<\/li>\n<\/ul>\n<h3>Nettoyage de la propri\u00e9t\u00e9 dans le canton de Vaud<\/h3>\n<p>Afin que votre villa soit continuellement aussi propre, un nettoyage quotidien exige d&rsquo;\u00eatre inclus dans votre routine. H\u00e9las, un calendrier rempli peut rendre cette t\u00e2che difficile, voire infaisable, d\u00e9l\u00e9guez \u00e0 notre soci\u00e9t\u00e9 le nettoyage de votre r\u00e9sidence.<\/p>\n<h2>Pourquoi solliciter artisanlocal pour r\u00e9aliser le nettoyage dans le canton de Vaud ?<\/h2>\n<p>Si vous vivez dans le canton de Vaud vous avez peut-\u00eatre du mal \u00e0 garder votre h\u00e9bergement bien rang\u00e9 et propre. Nos services, vous aideront \u00e0 pr\u00e9server votre propri\u00e9t\u00e9 aussi propre que possible. En faisant appel \u00e0 notre entreprise, vous allez pouvoir :<\/p>\n<h3>Mieux g\u00e9rer l&rsquo;int\u00e9rieur de votre habitation<\/h3>\n<p>Si votre logement est en d\u00e9sordre, il est compliqu\u00e9 de se sentir bien chez soi. Notre soci\u00e9t\u00e9 Artisanlocal offre des prestations de m\u00e9nage pour les appartements et les maisons. Afin de :<\/p>\n<h3>Cr\u00e9er une atmosph\u00e8re plus accueillante<\/h3>\n<p>En effet, une propri\u00e9t\u00e9 bien rang\u00e9e permet \u00e0 vos invit\u00e9s de vous sentir plus \u00e0 l&rsquo;aise.<\/p>\n<h3>Vivre en bonne sant\u00e9 et heureux<\/h3>\n<p>L&rsquo;accumulation des particules de poussi\u00e8res fines dans votre habitation peut engendrer des risques pour la sant\u00e9, et causer des r\u00e9actions allergiques ou exacerber celles qui sont d\u00e9j\u00e0 pr\u00e9sentes. En faisant appel \u00e0 une entreprise de nettoyage, vous diminuez les allerg\u00e8nes.<\/p>\n<h3>Optimiser la disposition globale de votre r\u00e9sidence<\/h3>\n<p>Comme un grand nombre de foyers, votre maison peut \u00eatre en pagaille, ce qui cr\u00e9e des d\u00e9sagr\u00e9ments dans la vie de tous les jours. Nos prestations peuvent s&rsquo;av\u00e9rer utiles pour conserver votre maison bien ordonn\u00e9e. D&rsquo;autre part, nous pouvons aussi intervenir \u00e0 : Bogis-Bossey, Chavannes-de-Bogis, Chavannes-des-Bois, Versoix, Commugny, Bellevue, Genthod, Mies, Tannay, Coppet, Founex, C\u00e9ligny, Gland, Prangins, Nyon, Le Vaud, Eysins, Crassier, St-Cergue, La Cure, Duillier, Coinsins, Vich, Begnins, Bassins, Tr\u00e9lex, Givrins, Genolier, Arzier-Le Muids, Grens, Signy, Ch\u00e9serex, Gingins, Arnex-sur-Nyon, Borex, La Rippe, Crans VD, Rolle, Tartegnin, Gilly, Bursins, Luins, Vinzel, Mont-sur-Rolle, Essertines-sur-Rolle, St-Oyens, Gimel, St-George, Bursinel, Dully, Longirod, Marchissy, Burtigny, Apples, Ballens, Bi\u00e8re, Mollens VD, Berolle, Etoy, Buchillon, Allaman, Perroy, Villars-sous-Yens, Yens, Aubonne, Bougy-Villars, F\u00e9chy, Pizy, Montherod, Lavigny, St-Livres, Saubraz, Chavannes-pr\u00e8s-Renens, Ecublens VD, St-Sulpice VD, Denges, Echandens, Lonay, Pr\u00e9verenges, Villars-Ste-Croix, Bussigny, Morges, Echichens, St-Saphorin-sur-Morges, Colombier VD, Vullierens, Bremblens, Romanel-sur-Morges, Aclens, Monnaz, Vaux-sur-Morges, Clarmont, Reverolle, Tolochenaz, Lully VD, Chigny, Vufflens-le-Ch\u00e2teau, Denens, Bussy-Chardonney, St-Prex, Lussy-sur-Morges, Mex VD, Boussens, Bournens, Sullens, Bettens, Cottens VD, Grancy, Gollion, S\u00e9very, Pampigny, Montricher, Chavannes-le-Veyron, Cuarnens, L'Isle, La Coudre, Villars-Bozon, Mauraz, Moiry VD, Mont-la-Ville, Vufflens-la-Ville, Penthaz, Allens, Cossonay-Ville, Dizy, Senarclens, Penthalaz, Daillens, Lussery-Villars, La Chaux (Cossonay), Ecl\u00e9pens, Ferreyres, La Sarraz, Chevilly, Orny, Pompaples, Puidoux, Chexbres, Rivaz, St-Saphorin (Lavaux), Aran, Chenaux, Grandvaux, Cully, Villette (Lavaux), Riex, Epesses, Vevey, Le Mont-P\u00e8lerin, Corseaux, Chardonne, Corsier-sur-Vevey, Jongny, St-L\u00e9gier-La Chi\u00e9saz, Blonay, Les Monts-de-Corsier, Fenil-sur-Corsier, La Tour-de-Peilz, Clarens, Chailly-Montreux, Brent, Montreux, Territet, Veytaux, Chernex, Glion, Caux, Chamby, Villard-sur-Chamby, Les Avants, La Tine, Rossini\u00e8re, Flendruz, Rougemont, Ch\u00e2teau-d'Oex, L'Etivaz, La L\u00e9cherette, Les Moulins, Villeneuve VD, Noville, Chessel, Rennaz, Roche VD, Yvorne, Leysin, Corbeyrier, Aigle, La Comballaz, Les Mosses, Le S\u00e9pey, Vers-l'Eglise, Les Diablerets, La Forclaz VD, Ollon VD, Panex, St-Triphon, Bex, Fenalet-sur-Bex, Freni\u00e8res-sur-Bex, Les Plans-sur-Bex, Gryon, Les Posses-sur-Bex, Arveyes, Hu\u00e9moz, Villars-sur-Ollon, Chesi\u00e8res, Lavey-les-Bains, Lavey-Village, Peney-le-Jorat, Forel (Lavaux), Mollie-Margot, Savigny, Ferlens VD, Servion, Essertes, Les Cullayes, Montpreveyres, Corcelles-le-Jorat, M\u00e9zi\u00e8res VD, Carrouge VD, Vulliens, Ropraz, Les Tavernes, Les Thioleyres, Pal\u00e9zieux, Pal\u00e9zieux-Village, Chapelle (Gl\u00e2ne), Bussigny-sur-Oron, Chesalles-sur-Oron, Oron-le-Ch\u00e2tel, Ch\u00e2tillens, Oron-la-Ville, Vuibroye, Le Cr\u00eat-pr\u00e8s-Semsales, Ecoteaux, Maracon, Etagni\u00e8res, Bercher, Echallens, St-Barth\u00e9lemy VD, Villars-le-Terroir, Bottens, Poliez-Pittet, Dommartin, Naz, Poliez-le-Grand, Montaubion-Chardonney, Assens, Bioley-Orjulaz, Sugnens, Fey, Rueyres, Villars-Tiercelin, Penth\u00e9r\u00e9az, Eclagnens, Goumoens-la-Ville, Goumoens-le-Jux, Oulens-sous-Echallens, Pailly, Vuarrens, La Praz, Arnex-sur-Orbe, Croy, Romainm\u00f4tier, Premier, Vaulion, Juriens, Bretonni\u00e8res, Vallorbe, Ballaigues, Orbe, Agiez, Bofflens, Montcherand, L'Abergement, Sergey, La Russille, Les Cl\u00e9es, Lignerolle, Valeyres-sous-Rances, Bavois, Chavornay, Corcelles-sur-Chavornay, Rances, Baulmes, Oppens, Cheseaux-Nor\u00e9az, Yverdon-les-Bains, Cuarny, Villars-Epeney, Pomy, Cronay, Bioley-Magnoux, Donneloye, Gossens, M\u00e9zery-pr\u00e8s-Donneloye, Prahins, Ursins, Valeyres-sous-Ursins, Orzens, D\u00e9moret, Molondin, Epautheyres, Essertines-sur-Yverdon, Belmont-sur-Yverdon, Gressy, Suchy, Ependes VD, Essert-Pittet, Chamblon, Treycovagnes, Susc\u00e9vaz, Mathod, Valeyres-sous-Montagny, Montagny-pr\u00e8s-Yverdon, Champvent, Essert-sous-Champvent, Villars-sous-Champvent, Yvonand, Rovray, Chavannes-le-Ch\u00eane, Ch\u00eane-P\u00e2quier, Ogens, Villars-Mendraz, Sottens, Boulens, Chapelle-sur-Moudon, Martherenges, Peyres-Possens, Chan\u00e9az, Pr\u00e9vondavaux, Correvon, Denezy, St-Cierges, Thierrens, Vuissens, Vucherens, Moudon, Syens, Chavannes-sur-Moudon, Hermenches, Rossenges, Bussy-sur-Moudon, Neyruz-sur-Moudon, Villars-le-Comte, Curtilles, Lucens, Oulens-sur-Lucens, Granges-pr\u00e8s-Marnand, Marnand, Henniez, Seigneux, Cremin, Forel-sur-Lucens, Villeneuve FR, Praratoud, Surpierre, Cheiry, Chapelle (Broye), Sassel, Combremont-le-Grand, Combremont-le-Petit, Champtauroz, Rossens VD, S\u00e9deilles, Villarzel, Dompierre VD, Lovatens, Pr\u00e9vonloup, Cerniaz VD, Villars-Bramard, Brenles, Chesalles-sur-Moudon, Sarzens, Fiez, Fontaines-sur-Grandson, Grandevent, Grandson, Fontanezier, Romairon, Vaugondry, Villars-Burquin, Champagne, Onnens VD, Concise, Corcelles-pr\u00e8s-Concise, Bonvillars, Mutrux, Provence, Giez, Orges, Novalles, Vugelles-La Mothe, Vuiteboeuf, La Sagne (Ste-croix), Le Ch\u00e2teau-de-Ste-Croix, Ste-Croix, Les Rasses, Bullet, Mauborget, L'Auberson, La Vraconnaz, L'Orient, Le Pont, Les Charbonni\u00e8res, L'Abbaye, Le Lieu, Les Bioux, Le Sentier, Le Solliat, Le Brassus, Cheyres, Estavayer-le-Lac, Bollion, Lully FR, Seiry, Ch\u00e2tillon FR, Font, Ch\u00e2bles FR, Autavaux, Forel FR, Montbrelloz, Cugy FR, Vesin, Frasses, Montet (Broye), Aumont, Granges-de-Vesin, Nuvilly, Murist, Payerne, F\u00e9tigny, M\u00e9ni\u00e8res, Treytorrens (Payerne), Bussy FR, Morens FR, S\u00e9vaz, Rueyres-les-Pr\u00e9s, Grandcour, Chevroux, Vers-chez-Perrin, Trey, Ch\u00e2tonnaye, Corcelles-pr\u00e8s-Payerne, Missy, Cerniat FR, Middes, Cousset, Montagny-les-Monts, Grandsivaz, Mannens, Montagny-la-Ville, Gletterens, Dompierre FR, Domdidier, Vallon, Les Friques, St-Aubin FR, Delley, Portalban, Avenches, Oleyres, Donatyre, Villarepos, Villars-le-Grand, Bellerive VD, Cotterd, Salavaux, Vallamand, Constantine, Montmagny, Cudrefin, Chabrey, Clavaleyres, Faoug, Corm\u00e9rod, Courtion, Misery, Chandon, L\u00e9chelles, Russy, Sugiez, Mur (Vully) FR, M\u00f4tier (Vully), Mur (Vully) VD, Praz (Vully), Lugnorre, Pully, Les Monts-de-Pully, La Croix (Lutry), Belmont-sur-Lausanne, La Conversion, Paudex, Lutry, Jouxtens-M\u00e9zery, Prilly, Renens VD, Crissier, Romanel-sur-Lausanne, Cheseaux-sur-Lausanne, Le Mont-sur-Lausanne, Bretigny-sur-Morrens, Cugy VD, Morrens VD, Froideville, Epalinges.<\/p>\n","protected":false},"excerpt":{"rendered":"<p>Nous sommes une soci\u00e9t\u00e9 dans le canton de Vaud qui offre un service de nettoyage complet pour les professionnels et les particuliers. Notre \u00e9quipe d&rsquo;experts qualifi\u00e9s s&rsquo;efforce d&rsquo;apporter des services de qualit\u00e9. Pourquoi choisir notre entreprise ? Il est envisageable de r\u00e9server un rendez-vous avec notre soci\u00e9t\u00e9 aujourd&rsquo;hui. Nous utilisons les derni\u00e8res techniques de nettoyage. [&hellip;]<\/p>\n","protected":false},"author":4,"featured_media":2754,"parent":0,"menu_order":0,"comment_status":"closed","ping_status":"closed","template":"wp-custom-template-page-canton","meta":{"footnotes":""},"profession":[108],"location":[],"canton":[113],"class_list":["post-464","page","type-page","status-publish","has-post-thumbnail","hentry","profession-agent-de-proprete","canton-vd"],"yoast_head":"<!-- This site is optimized with the Yoast SEO Premium plugin v25.7.1 (Yoast SEO v27.3) - https:\/\/yoast.com\/product\/yoast-seo-premium-wordpress\/ -->\n<title>Nettoyage de bureaux et de domiciles dans le canton de Vaud - Artisanlocal<\/title>\n<meta name=\"robots\" content=\"index, follow, max-snippet:-1, max-image-preview:large, max-video-preview:-1\" \/>\n<link rel=\"canonical\" href=\"https:\/\/www.artisanlocal.ch\/c\/nettoyage-de-bureaux-et-de-domiciles-dans-le-canton-de-vaud\/\" \/>\n<meta property=\"og:locale\" content=\"fr_FR\" \/>\n<meta property=\"og:type\" content=\"article\" \/>\n<meta property=\"og:title\" content=\"Nettoyage de bureaux et de domiciles dans le canton de Vaud\" \/>\n<meta property=\"og:description\" content=\"Nous sommes une soci\u00e9t\u00e9 dans le canton de Vaud qui offre un service de nettoyage complet pour les professionnels et les particuliers. Notre \u00e9quipe d&rsquo;experts qualifi\u00e9s s&rsquo;efforce d&rsquo;apporter des services de qualit\u00e9. Pourquoi choisir notre entreprise ? Il est envisageable de r\u00e9server un rendez-vous avec notre soci\u00e9t\u00e9 aujourd&rsquo;hui. Nous utilisons les derni\u00e8res techniques de nettoyage. [&hellip;]\" \/>\n<meta property=\"og:url\" content=\"https:\/\/www.artisanlocal.ch\/c\/nettoyage-de-bureaux-et-de-domiciles-dans-le-canton-de-vaud\/\" \/>\n<meta property=\"og:site_name\" content=\"Artisanlocal\" \/>\n<meta property=\"article:modified_time\" content=\"2025-11-06T11:39:38+00:00\" \/>\n<meta property=\"og:image\" content=\"https:\/\/www.artisanlocal.ch\/c\/wp-content\/uploads\/2024\/10\/agent-proprete.jpg\" \/>\n\t<meta property=\"og:image:width\" content=\"1920\" \/>\n\t<meta property=\"og:image:height\" content=\"300\" \/>\n\t<meta property=\"og:image:type\" content=\"image\/jpeg\" \/>\n<meta name=\"twitter:card\" content=\"summary_large_image\" \/>\n<meta name=\"twitter:label1\" content=\"Dur\u00e9e de lecture estim\u00e9e\" \/>\n\t<meta name=\"twitter:data1\" content=\"5 minutes\" \/>\n<script type=\"application\/ld+json\" class=\"yoast-schema-graph\">{\"@context\":\"https:\\\/\\\/schema.org\",\"@graph\":[{\"@type\":\"WebPage\",\"@id\":\"https:\\\/\\\/www.artisanlocal.ch\\\/c\\\/nettoyage-de-bureaux-et-de-domiciles-dans-le-canton-de-vaud\\\/\",\"url\":\"https:\\\/\\\/www.artisanlocal.ch\\\/c\\\/nettoyage-de-bureaux-et-de-domiciles-dans-le-canton-de-vaud\\\/\",\"name\":\"Nettoyage de bureaux et de domiciles dans le canton de Vaud - Artisanlocal\",\"isPartOf\":{\"@id\":\"https:\\\/\\\/www.artisanlocal.ch\\\/c\\\/#website\"},\"primaryImageOfPage\":{\"@id\":\"https:\\\/\\\/www.artisanlocal.ch\\\/c\\\/nettoyage-de-bureaux-et-de-domiciles-dans-le-canton-de-vaud\\\/#primaryimage\"},\"image\":{\"@id\":\"https:\\\/\\\/www.artisanlocal.ch\\\/c\\\/nettoyage-de-bureaux-et-de-domiciles-dans-le-canton-de-vaud\\\/#primaryimage\"},\"thumbnailUrl\":\"https:\\\/\\\/www.artisanlocal.ch\\\/c\\\/wp-content\\\/uploads\\\/2024\\\/10\\\/agent-proprete.jpg\",\"datePublished\":\"2024-04-16T16:38:47+00:00\",\"dateModified\":\"2025-11-06T11:39:38+00:00\",\"breadcrumb\":{\"@id\":\"https:\\\/\\\/www.artisanlocal.ch\\\/c\\\/nettoyage-de-bureaux-et-de-domiciles-dans-le-canton-de-vaud\\\/#breadcrumb\"},\"inLanguage\":\"fr-FR\",\"potentialAction\":[{\"@type\":\"ReadAction\",\"target\":[\"https:\\\/\\\/www.artisanlocal.ch\\\/c\\\/nettoyage-de-bureaux-et-de-domiciles-dans-le-canton-de-vaud\\\/\"]}]},{\"@type\":\"ImageObject\",\"inLanguage\":\"fr-FR\",\"@id\":\"https:\\\/\\\/www.artisanlocal.ch\\\/c\\\/nettoyage-de-bureaux-et-de-domiciles-dans-le-canton-de-vaud\\\/#primaryimage\",\"url\":\"https:\\\/\\\/www.artisanlocal.ch\\\/c\\\/wp-content\\\/uploads\\\/2024\\\/10\\\/agent-proprete.jpg\",\"contentUrl\":\"https:\\\/\\\/www.artisanlocal.ch\\\/c\\\/wp-content\\\/uploads\\\/2024\\\/10\\\/agent-proprete.jpg\",\"width\":1920,\"height\":300},{\"@type\":\"BreadcrumbList\",\"@id\":\"https:\\\/\\\/www.artisanlocal.ch\\\/c\\\/nettoyage-de-bureaux-et-de-domiciles-dans-le-canton-de-vaud\\\/#breadcrumb\",\"itemListElement\":[{\"@type\":\"ListItem\",\"position\":1,\"name\":\"Accueil\",\"item\":\"https:\\\/\\\/www.artisanlocal.ch\\\/c\\\/\"},{\"@type\":\"ListItem\",\"position\":2,\"name\":\"Nettoyage de bureaux et de domiciles dans le canton de Vaud\"}]},{\"@type\":\"WebSite\",\"@id\":\"https:\\\/\\\/www.artisanlocal.ch\\\/c\\\/#website\",\"url\":\"https:\\\/\\\/www.artisanlocal.ch\\\/c\\\/\",\"name\":\"Artisanlocal\",\"description\":\"\",\"publisher\":{\"@id\":\"https:\\\/\\\/www.artisanlocal.ch\\\/c\\\/#organization\"},\"potentialAction\":[{\"@type\":\"SearchAction\",\"target\":{\"@type\":\"EntryPoint\",\"urlTemplate\":\"https:\\\/\\\/www.artisanlocal.ch\\\/c\\\/?s={search_term_string}\"},\"query-input\":{\"@type\":\"PropertyValueSpecification\",\"valueRequired\":true,\"valueName\":\"search_term_string\"}}],\"inLanguage\":\"fr-FR\"},{\"@type\":\"Organization\",\"@id\":\"https:\\\/\\\/www.artisanlocal.ch\\\/c\\\/#organization\",\"name\":\"Artisanlocal\",\"url\":\"https:\\\/\\\/www.artisanlocal.ch\\\/c\\\/\",\"logo\":{\"@type\":\"ImageObject\",\"inLanguage\":\"fr-FR\",\"@id\":\"https:\\\/\\\/www.artisanlocal.ch\\\/c\\\/#\\\/schema\\\/logo\\\/image\\\/\",\"url\":\"https:\\\/\\\/www.artisanlocal.ch\\\/c\\\/wp-content\\\/uploads\\\/2024\\\/02\\\/logo-artisanlocal-h.svg\",\"contentUrl\":\"https:\\\/\\\/www.artisanlocal.ch\\\/c\\\/wp-content\\\/uploads\\\/2024\\\/02\\\/logo-artisanlocal-h.svg\",\"caption\":\"Artisanlocal\"},\"image\":{\"@id\":\"https:\\\/\\\/www.artisanlocal.ch\\\/c\\\/#\\\/schema\\\/logo\\\/image\\\/\"}}]}<\/script>\n<!-- \/ Yoast SEO Premium plugin. -->","yoast_head_json":{"title":"Nettoyage de bureaux et de domiciles dans le canton de Vaud - Artisanlocal","robots":{"index":"index","follow":"follow","max-snippet":"max-snippet:-1","max-image-preview":"max-image-preview:large","max-video-preview":"max-video-preview:-1"},"canonical":"https:\/\/www.artisanlocal.ch\/c\/nettoyage-de-bureaux-et-de-domiciles-dans-le-canton-de-vaud\/","og_locale":"fr_FR","og_type":"article","og_title":"Nettoyage de bureaux et de domiciles dans le canton de Vaud","og_description":"Nous sommes une soci\u00e9t\u00e9 dans le canton de Vaud qui offre un service de nettoyage complet pour les professionnels et les particuliers. Notre \u00e9quipe d&rsquo;experts qualifi\u00e9s s&rsquo;efforce d&rsquo;apporter des services de qualit\u00e9. Pourquoi choisir notre entreprise ? Il est envisageable de r\u00e9server un rendez-vous avec notre soci\u00e9t\u00e9 aujourd&rsquo;hui. Nous utilisons les derni\u00e8res techniques de nettoyage. [&hellip;]","og_url":"https:\/\/www.artisanlocal.ch\/c\/nettoyage-de-bureaux-et-de-domiciles-dans-le-canton-de-vaud\/","og_site_name":"Artisanlocal","article_modified_time":"2025-11-06T11:39:38+00:00","og_image":[{"width":1920,"height":300,"url":"https:\/\/www.artisanlocal.ch\/c\/wp-content\/uploads\/2024\/10\/agent-proprete.jpg","type":"image\/jpeg"}],"twitter_card":"summary_large_image","twitter_misc":{"Dur\u00e9e de lecture estim\u00e9e":"5 minutes"},"schema":{"@context":"https:\/\/schema.org","@graph":[{"@type":"WebPage","@id":"https:\/\/www.artisanlocal.ch\/c\/nettoyage-de-bureaux-et-de-domiciles-dans-le-canton-de-vaud\/","url":"https:\/\/www.artisanlocal.ch\/c\/nettoyage-de-bureaux-et-de-domiciles-dans-le-canton-de-vaud\/","name":"Nettoyage de bureaux et de domiciles dans le canton de Vaud - Artisanlocal","isPartOf":{"@id":"https:\/\/www.artisanlocal.ch\/c\/#website"},"primaryImageOfPage":{"@id":"https:\/\/www.artisanlocal.ch\/c\/nettoyage-de-bureaux-et-de-domiciles-dans-le-canton-de-vaud\/#primaryimage"},"image":{"@id":"https:\/\/www.artisanlocal.ch\/c\/nettoyage-de-bureaux-et-de-domiciles-dans-le-canton-de-vaud\/#primaryimage"},"thumbnailUrl":"https:\/\/www.artisanlocal.ch\/c\/wp-content\/uploads\/2024\/10\/agent-proprete.jpg","datePublished":"2024-04-16T16:38:47+00:00","dateModified":"2025-11-06T11:39:38+00:00","breadcrumb":{"@id":"https:\/\/www.artisanlocal.ch\/c\/nettoyage-de-bureaux-et-de-domiciles-dans-le-canton-de-vaud\/#breadcrumb"},"inLanguage":"fr-FR","potentialAction":[{"@type":"ReadAction","target":["https:\/\/www.artisanlocal.ch\/c\/nettoyage-de-bureaux-et-de-domiciles-dans-le-canton-de-vaud\/"]}]},{"@type":"ImageObject","inLanguage":"fr-FR","@id":"https:\/\/www.artisanlocal.ch\/c\/nettoyage-de-bureaux-et-de-domiciles-dans-le-canton-de-vaud\/#primaryimage","url":"https:\/\/www.artisanlocal.ch\/c\/wp-content\/uploads\/2024\/10\/agent-proprete.jpg","contentUrl":"https:\/\/www.artisanlocal.ch\/c\/wp-content\/uploads\/2024\/10\/agent-proprete.jpg","width":1920,"height":300},{"@type":"BreadcrumbList","@id":"https:\/\/www.artisanlocal.ch\/c\/nettoyage-de-bureaux-et-de-domiciles-dans-le-canton-de-vaud\/#breadcrumb","itemListElement":[{"@type":"ListItem","position":1,"name":"Accueil","item":"https:\/\/www.artisanlocal.ch\/c\/"},{"@type":"ListItem","position":2,"name":"Nettoyage de bureaux et de domiciles dans le canton de Vaud"}]},{"@type":"WebSite","@id":"https:\/\/www.artisanlocal.ch\/c\/#website","url":"https:\/\/www.artisanlocal.ch\/c\/","name":"Artisanlocal","description":"","publisher":{"@id":"https:\/\/www.artisanlocal.ch\/c\/#organization"},"potentialAction":[{"@type":"SearchAction","target":{"@type":"EntryPoint","urlTemplate":"https:\/\/www.artisanlocal.ch\/c\/?s={search_term_string}"},"query-input":{"@type":"PropertyValueSpecification","valueRequired":true,"valueName":"search_term_string"}}],"inLanguage":"fr-FR"},{"@type":"Organization","@id":"https:\/\/www.artisanlocal.ch\/c\/#organization","name":"Artisanlocal","url":"https:\/\/www.artisanlocal.ch\/c\/","logo":{"@type":"ImageObject","inLanguage":"fr-FR","@id":"https:\/\/www.artisanlocal.ch\/c\/#\/schema\/logo\/image\/","url":"https:\/\/www.artisanlocal.ch\/c\/wp-content\/uploads\/2024\/02\/logo-artisanlocal-h.svg","contentUrl":"https:\/\/www.artisanlocal.ch\/c\/wp-content\/uploads\/2024\/02\/logo-artisanlocal-h.svg","caption":"Artisanlocal"},"image":{"@id":"https:\/\/www.artisanlocal.ch\/c\/#\/schema\/logo\/image\/"}}]}},"_links":{"self":[{"href":"https:\/\/www.artisanlocal.ch\/c\/wp-json\/wp\/v2\/pages\/464","targetHints":{"allow":["GET"]}}],"collection":[{"href":"https:\/\/www.artisanlocal.ch\/c\/wp-json\/wp\/v2\/pages"}],"about":[{"href":"https:\/\/www.artisanlocal.ch\/c\/wp-json\/wp\/v2\/types\/page"}],"author":[{"embeddable":true,"href":"https:\/\/www.artisanlocal.ch\/c\/wp-json\/wp\/v2\/users\/4"}],"replies":[{"embeddable":true,"href":"https:\/\/www.artisanlocal.ch\/c\/wp-json\/wp\/v2\/comments?post=464"}],"version-history":[{"count":0,"href":"https:\/\/www.artisanlocal.ch\/c\/wp-json\/wp\/v2\/pages\/464\/revisions"}],"wp:featuredmedia":[{"embeddable":true,"href":"https:\/\/www.artisanlocal.ch\/c\/wp-json\/wp\/v2\/media\/2754"}],"wp:attachment":[{"href":"https:\/\/www.artisanlocal.ch\/c\/wp-json\/wp\/v2\/media?parent=464"}],"wp:term":[{"taxonomy":"profession","embeddable":true,"href":"https:\/\/www.artisanlocal.ch\/c\/wp-json\/wp\/v2\/profession?post=464"},{"taxonomy":"location","embeddable":true,"href":"https:\/\/www.artisanlocal.ch\/c\/wp-json\/wp\/v2\/location?post=464"},{"taxonomy":"canton","embeddable":true,"href":"https:\/\/www.artisanlocal.ch\/c\/wp-json\/wp\/v2\/canton?post=464"}],"curies":[{"name":"wp","href":"https:\/\/api.w.org\/{rel}","templated":true}]}}