{"id":552,"date":"2024-04-21T06:44:46","date_gmt":"2024-04-21T04:44:46","guid":{"rendered":"https:\/\/www.artisanlocal.ch\/c\/entreprise-de-carrelage-a-vuadens\/"},"modified":"2025-11-07T13:39:58","modified_gmt":"2025-11-07T12:39:58","slug":"entreprise-de-carrelage-a-vuadens","status":"publish","type":"page","link":"https:\/\/www.artisanlocal.ch\/c\/entreprise-de-carrelage-a-vuadens\/","title":{"rendered":"Entreprise de carrelage \u00e0 Vuadens"},"content":{"rendered":"<p>Besoin d&rsquo;une entreprise de carrelage \u00e0 Vuadens ? Artisanlocal propose l&rsquo;installation de carrelage \u00e0 Vuadens et dans les villes proches.<\/p>\n\r\n<div class=\"box\">\r\n            <div class=\"company-info\">\r\n            <img decoding=\"async\" class=\"company-info__logo\" src=\"https:\/\/www.artisanlocal.ch\/media\/cache\/thumb\/images\/companies\/6967cedfaeb26677418343.png\" alt=\"Logo\">\r\n            <h2 class=\"company-info__name\">Sassi Carrelages Bulle SA<\/h2>\r\n            <p class=\"company-info__business\">Entreprise de carrelage<\/p>\r\n        <\/div>\r\n        <div class=\"company-contact\">\r\n            <p class=\"company-info__address\">Rue de l'Etang 17<\/p>\r\n                            <div class=\"links\">\r\n                                            <a class=\"btn has-accent-background-color js-phoneNumber\" href=\"tel:0269129445\" title=\"Appelez\" data-id=\"6652\" data-type=\"11\">026 912 94 45<\/a>\r\n                                                                <a class=\"btn has-accent-background-color\" href=\"https:\/\/www.carrelages-sassi.ch\/\" target=\"_blank\" title=\"Voir le site internet\" data-id=\"6652\" data-type=\"20\">Site internet<\/a>\r\n                                    <\/div>\r\n                    <\/div>\r\n    \r\n            \r\n<form action=\"https:\/\/www.artisanlocal.ch\/c\/wp-admin\/admin-ajax.php\" method=\"post\" class=\"form-contact\" id=\"artisan_form_contact_company_inline\">\r\n    <div><input type=\"hidden\" name=\"action\" value=\"company_contact\"><\/div>\r\n    <div><input type=\"hidden\" name=\"nonce\" value=\"5b0b84f6de\"><\/div>\r\n    <div><input type=\"hidden\" name=\"company_id\" value=\"6652\"><\/div>\r\n    <div><input type=\"hidden\" name=\"form_id\" value=\"artisan_form_contact_company_inline\"><\/div>\r\n    <div class=\"gglcptch gglcptch_v3 gglcptch_custom\"><input type=\"hidden\" id=\"g-recaptcha-response\" name=\"g-recaptcha-response\" \/><br \/><div class=\"gglcptch_error_text\">La p\u00e9riode de v\u00e9rification reCAPTCHA a expir\u00e9. Veuillez recharger la page.<\/div><\/div>    <div class=\"form-content\">\r\n        <div class=\"form-group\">\r\n            <label for=\"contact_firstName\" class=\"required\">Pr\u00e9nom<\/label>\r\n            <input type=\"text\" name=\"firstName\" class=\"form-control\" required>\r\n        <\/div>\r\n        <div class=\"form-group\">\r\n            <label for=\"contact_lastName\" class=\"required\">Nom<\/label>\r\n            <input type=\"text\" name=\"lastName\" class=\"form-control\" required>\r\n        <\/div>\r\n        <div class=\"form-group\">\r\n            <label for=\"contact_email\" class=\"required\">Email<\/label>\r\n            <input type=\"email\" name=\"email\" class=\"form-control\" required>\r\n        <\/div>\r\n        <div class=\"form-group\">\r\n            <label for=\"contact_phone\" class=\"required\">Num\u00e9ro de t\u00e9l\u00e9phone<\/label>\r\n            <input type=\"tel\" name=\"phone\" class=\"form-control\" placeholder=\"0787117165\" pattern=\"^[0-9]{10}$\" required>\r\n        <\/div>\r\n        <div class=\"form-group\">\r\n            <label for=\"contact_postalCode\" class=\"required\">Code postal et localit\u00e9<\/label>\r\n            <input type=\"text\" name=\"postalCode\" class=\"form-control\" required>\r\n        <\/div>\r\n        <div class=\"form-group\">\r\n            <label for=\"contact_address\" class=\"required\">Adresse<\/label>\r\n            <input type=\"text\" name=\"address\" class=\"form-control\" required>\r\n        <\/div>\r\n        <div class=\"full-width topic\">\r\n            <p class=\"required\">Je souhaite \u00eatre contact\u00e9 pour :<\/p>\r\n            <div class=\"form-check\">\r\n                <input type=\"radio\" name=\"topic\" value=\"D\u00e9pannage\" class=\"form-control\" required>\r\n                <label for=\"d\u00e9pannage\">D\u00e9pannage<\/label>\r\n            <\/div>\r\n            <div class=\"form-check\">\r\n                <input type=\"radio\" name=\"topic\" value=\"Entretien\" class=\"form-control\" required>\r\n                <label for=\"entretien\">Entretien<\/label>\r\n            <\/div>\r\n            <div class=\"form-check\">\r\n                <input type=\"radio\" name=\"topic\" value=\"R\u00e9novation\" class=\"form-control\" required>\r\n                <label for=\"r\u00e9novation\">R\u00e9novation<\/label>\r\n            <\/div>\r\n            <div class=\"form-check\">\r\n                <input type=\"radio\" name=\"topic\" value=\"Autre\" class=\"form-control\" required>\r\n                <label for=\"autre\">Autre<\/label>\r\n            <\/div>\r\n        <\/div>\r\n        <div class=\"form-group full-width\">\r\n            <label for=\"contact_message\">Message<\/label>\r\n            <textarea name=\"message\" rows=\"3\" class=\"form-control\"><\/textarea>\r\n        <\/div>\r\n    <\/div>\r\n    <div class=\"form-actions\">\r\n        <button class=\"wp-block-button__link has-accent-background-color\">Contacter<\/button>\r\n    <\/div>\r\n<\/form>\r\n<div class=\"form-feedback\"><\/div>    <\/div>\n<h2>Pourquoi travailler avec notre entreprise ?<\/h2>\n<ul>\n<li>Prix comp\u00e9titifs,<\/li>\n<li>installation de carrelage de qualit\u00e9 premium,<\/li>\n<li>entreprise implant\u00e9e \u00e0 Vuadens pour intervenir rapidement \u00e0 votre domicile,<\/li>\n<li>des conseils personnalis\u00e9s,<\/li>\n<li>des devis gratuits,<\/li>\n<li>une \u00e9quipe exp\u00e9riment\u00e9e,<\/li>\n<li>une entreprise de confiance : nous intervenons dans des grandes entreprises et des cabinets d&rsquo;architectes.<\/li>\n<\/ul>\n<h2>Nos services<\/h2>\n<ul>\n<li>Installation de : parquet, carrelage, fa\u00efence, et autres mod\u00e8les de carrelages,<\/li>\n<li>conseils pour vous aider \u00e0 choisir votre carrelage,<\/li>\n<li>pose de joint,<\/li>\n<li>installation de carrelage sur sols et murs,<\/li>\n<li>installation de carrelage int\u00e9rieure et ext\u00e9rieure,<\/li>\n<li>le retrait de votre carrelage actuel,<\/li>\n<li>le retrait de votre plancher flottant.<\/li>\n<\/ul>\n<h2>Comment choisir votre carrelage id\u00e9al ?<\/h2>\n<h3>Bien d\u00e9terminer la zone de la pose<\/h3>\n<p>D\u00e9terminer l&rsquo;endroit et la fr\u00e9quence pendant laquelle le carreau sera soumis \u00e0 un vieillissement, sera-t-il dans un espace avec un important passage pi\u00e9tonnier ? Par ailleurs, marchera-t-on sur les carreaux en chaussures ou en chaussettes ? Sera-t-il confront\u00e9 \u00e0 l&rsquo;humidit\u00e9 ? Pensez par ailleurs aux espaces qu&rsquo;il recouvrira, tel que les murs, les plans de travail de cuisine ou les sols.<\/p>\n<h3>\u00c9valuez la quantit\u00e9 de carrelage<\/h3>\n<p>Pour \u00e9valuer la quantit\u00e9 de carrelages n\u00e9cessaires en m\u00b2 pour votre espace, multipliez sa largeur par sa longueur et ajoutez \u00e0 peu pr\u00e8s 5 % pour obtenir une marge de s\u00e9curit\u00e9. Nous vous recommandons de conserver en stock du carrelage de mani\u00e8re \u00e0 rattraper de possibles d\u00e9g\u00e2ts.<\/p>\n<h3>Choisissez le mat\u00e9riau<\/h3>\n<p>Le mat\u00e9riau a un effet sur : l\u2019apparence, la long\u00e9vit\u00e9, le prix et l&rsquo;entretien. D&rsquo;autre part, les finitions et la texture devraient par ailleurs \u00eatre prises en consid\u00e9ration.<\/p>\n<h3>Nettoyage<\/h3>\n<p>Nous vous sugg\u00e9rons de prendre en consid\u00e9ration la difficult\u00e9 d&rsquo;entretien, exemple : le nettoyage des joints clairs prend plus de temps en raison de leur tendance \u00e0 accumuler la poussi\u00e8re, ce qui les rend plus complexes \u00e0 d\u00e9crasser par rapport aux autres couleurs.<\/p>\n<h2>FAQ<\/h2>\n<h3>De quelle mani\u00e8re marche votre entreprise ?<\/h3>\n<ol>\n<li>Prise de rendez-vous par email ou par t\u00e9l\u00e9phone.<\/li>\n<li>Nous fixons ensemble le rendez-vous en fonction de vos disponibilit\u00e9s.<\/li>\n<li>Visite \u00e0 votre logement pour \u00e9valuer le travail \u00e0 r\u00e9aliser.<\/li>\n<li>Validation du devis et d\u00e9marrage de votre projet.<\/li>\n<\/ol>\n<h3>Intervenez-vous dans les villes aux alentours de Vuadens ?<\/h3>\n<p>Oui, nous intervenons \u00e0 Vuadens, n\u00e9anmoins, notre \u00e9quipe intervient dans les communes aux alentours, \u00e9galement :<\/p>\nMaules, S\u00e2les (Gruy\u00e8re), Romanens, Rueyres-Treyfayes, Treyfayes, Vaulruz, Bulle, Riaz, Marsens, Vuippens, La Roche FR, La Tour-de-Tr\u00eame, Broc, Charmey (Gruy\u00e8re), Morlon, Sorens, Gumefens, Avry-devant-Pont, Le Bry, Echarlens, Corbi\u00e8res, Hauteville, Pont-la-Ville, Villarvolard, Botterens, Villarbeney, Ch\u00e2tel-sur-Montsalvens, Cr\u00e9suz, Im Fang, Jaun, Abl\u00e4ndschen, Le P\u00e2quier-Montbarry, Epagny, Gruy\u00e8res, Mol\u00e9son-sur-Gruy\u00e8res, Pringy, Estavannens, Grandvillard, Villars-sous-Mont, Enney, Albeuve, Lessoc, Montbovon, Neirivue, Les Sciernes-d'Albeuve.\n<h3>Quels types de carrelages sont install\u00e9s le plus souvent\u202f?<\/h3>\n<ul>\n<li>Mosa\u00efques.<\/li>\n<li>Blancs de m\u00e9tro.<\/li>\n<li>Marbres.<\/li>\n<li>En c\u00e9ramiques.<\/li>\n<li>Ciments.<\/li>\n<li>Porcelaines.<\/li>\n<\/ul>\n","protected":false},"excerpt":{"rendered":"<p>Besoin d&rsquo;une entreprise de carrelage \u00e0 Vuadens ? Artisanlocal propose l&rsquo;installation de carrelage \u00e0 Vuadens et dans les villes proches. Pourquoi travailler avec notre entreprise ? Prix comp\u00e9titifs, installation de carrelage de qualit\u00e9 premium, entreprise implant\u00e9e \u00e0 Vuadens pour intervenir rapidement \u00e0 votre domicile, des conseils personnalis\u00e9s, des devis gratuits, une \u00e9quipe exp\u00e9riment\u00e9e, une entreprise [&hellip;]<\/p>\n","protected":false},"author":4,"featured_media":2804,"parent":0,"menu_order":0,"comment_status":"closed","ping_status":"closed","template":"","meta":{"footnotes":""},"profession":[119],"location":[107],"canton":[109],"class_list":["post-552","page","type-page","status-publish","has-post-thumbnail","hentry","profession-carreleur","location-vuadens","canton-fr"],"yoast_head":"<!-- This site is optimized with the Yoast SEO Premium plugin v25.7.1 (Yoast SEO v27.4) - https:\/\/yoast.com\/product\/yoast-seo-premium-wordpress\/ -->\n<title>Entreprise de carrelage \u00e0 Vuadens - Artisanlocal<\/title>\n<meta name=\"robots\" content=\"index, follow, max-snippet:-1, max-image-preview:large, max-video-preview:-1\" \/>\n<link rel=\"canonical\" href=\"https:\/\/www.artisanlocal.ch\/c\/entreprise-de-carrelage-a-vuadens\/\" \/>\n<meta property=\"og:locale\" content=\"fr_FR\" \/>\n<meta property=\"og:type\" content=\"article\" \/>\n<meta property=\"og:title\" content=\"Entreprise de carrelage \u00e0 Vuadens\" \/>\n<meta property=\"og:description\" content=\"Besoin d&rsquo;une entreprise de carrelage \u00e0 Vuadens ? Artisanlocal propose l&rsquo;installation de carrelage \u00e0 Vuadens et dans les villes proches. Pourquoi travailler avec notre entreprise ? Prix comp\u00e9titifs, installation de carrelage de qualit\u00e9 premium, entreprise implant\u00e9e \u00e0 Vuadens pour intervenir rapidement \u00e0 votre domicile, des conseils personnalis\u00e9s, des devis gratuits, une \u00e9quipe exp\u00e9riment\u00e9e, une entreprise [&hellip;]\" \/>\n<meta property=\"og:url\" content=\"https:\/\/www.artisanlocal.ch\/c\/entreprise-de-carrelage-a-vuadens\/\" \/>\n<meta property=\"og:site_name\" content=\"Artisanlocal\" \/>\n<meta property=\"article:modified_time\" content=\"2025-11-07T12:39:58+00:00\" \/>\n<meta property=\"og:image\" content=\"https:\/\/www.artisanlocal.ch\/c\/wp-content\/uploads\/2024\/11\/carreleur.jpg\" \/>\n\t<meta property=\"og:image:width\" content=\"1920\" \/>\n\t<meta property=\"og:image:height\" content=\"300\" \/>\n\t<meta property=\"og:image:type\" content=\"image\/jpeg\" \/>\n<meta name=\"twitter:card\" content=\"summary_large_image\" \/>\n<meta name=\"twitter:label1\" content=\"Dur\u00e9e de lecture estim\u00e9e\" \/>\n\t<meta name=\"twitter:data1\" content=\"3 minutes\" \/>\n<script type=\"application\/ld+json\" class=\"yoast-schema-graph\">{\"@context\":\"https:\\\/\\\/schema.org\",\"@graph\":[{\"@type\":\"WebPage\",\"@id\":\"https:\\\/\\\/www.artisanlocal.ch\\\/c\\\/entreprise-de-carrelage-a-vuadens\\\/\",\"url\":\"https:\\\/\\\/www.artisanlocal.ch\\\/c\\\/entreprise-de-carrelage-a-vuadens\\\/\",\"name\":\"Entreprise de carrelage \u00e0 Vuadens - Artisanlocal\",\"isPartOf\":{\"@id\":\"https:\\\/\\\/www.artisanlocal.ch\\\/c\\\/#website\"},\"primaryImageOfPage\":{\"@id\":\"https:\\\/\\\/www.artisanlocal.ch\\\/c\\\/entreprise-de-carrelage-a-vuadens\\\/#primaryimage\"},\"image\":{\"@id\":\"https:\\\/\\\/www.artisanlocal.ch\\\/c\\\/entreprise-de-carrelage-a-vuadens\\\/#primaryimage\"},\"thumbnailUrl\":\"https:\\\/\\\/www.artisanlocal.ch\\\/c\\\/wp-content\\\/uploads\\\/2024\\\/11\\\/carreleur.jpg\",\"datePublished\":\"2024-04-21T04:44:46+00:00\",\"dateModified\":\"2025-11-07T12:39:58+00:00\",\"breadcrumb\":{\"@id\":\"https:\\\/\\\/www.artisanlocal.ch\\\/c\\\/entreprise-de-carrelage-a-vuadens\\\/#breadcrumb\"},\"inLanguage\":\"fr-FR\",\"potentialAction\":[{\"@type\":\"ReadAction\",\"target\":[\"https:\\\/\\\/www.artisanlocal.ch\\\/c\\\/entreprise-de-carrelage-a-vuadens\\\/\"]}]},{\"@type\":\"ImageObject\",\"inLanguage\":\"fr-FR\",\"@id\":\"https:\\\/\\\/www.artisanlocal.ch\\\/c\\\/entreprise-de-carrelage-a-vuadens\\\/#primaryimage\",\"url\":\"https:\\\/\\\/www.artisanlocal.ch\\\/c\\\/wp-content\\\/uploads\\\/2024\\\/11\\\/carreleur.jpg\",\"contentUrl\":\"https:\\\/\\\/www.artisanlocal.ch\\\/c\\\/wp-content\\\/uploads\\\/2024\\\/11\\\/carreleur.jpg\",\"width\":1920,\"height\":300},{\"@type\":\"BreadcrumbList\",\"@id\":\"https:\\\/\\\/www.artisanlocal.ch\\\/c\\\/entreprise-de-carrelage-a-vuadens\\\/#breadcrumb\",\"itemListElement\":[{\"@type\":\"ListItem\",\"position\":1,\"name\":\"Accueil\",\"item\":\"https:\\\/\\\/www.artisanlocal.ch\\\/c\\\/\"},{\"@type\":\"ListItem\",\"position\":2,\"name\":\"Entreprise de carrelage \u00e0 Vuadens\"}]},{\"@type\":\"WebSite\",\"@id\":\"https:\\\/\\\/www.artisanlocal.ch\\\/c\\\/#website\",\"url\":\"https:\\\/\\\/www.artisanlocal.ch\\\/c\\\/\",\"name\":\"Artisanlocal\",\"description\":\"\",\"publisher\":{\"@id\":\"https:\\\/\\\/www.artisanlocal.ch\\\/c\\\/#organization\"},\"potentialAction\":[{\"@type\":\"SearchAction\",\"target\":{\"@type\":\"EntryPoint\",\"urlTemplate\":\"https:\\\/\\\/www.artisanlocal.ch\\\/c\\\/?s={search_term_string}\"},\"query-input\":{\"@type\":\"PropertyValueSpecification\",\"valueRequired\":true,\"valueName\":\"search_term_string\"}}],\"inLanguage\":\"fr-FR\"},{\"@type\":\"Organization\",\"@id\":\"https:\\\/\\\/www.artisanlocal.ch\\\/c\\\/#organization\",\"name\":\"Artisanlocal\",\"url\":\"https:\\\/\\\/www.artisanlocal.ch\\\/c\\\/\",\"logo\":{\"@type\":\"ImageObject\",\"inLanguage\":\"fr-FR\",\"@id\":\"https:\\\/\\\/www.artisanlocal.ch\\\/c\\\/#\\\/schema\\\/logo\\\/image\\\/\",\"url\":\"https:\\\/\\\/www.artisanlocal.ch\\\/c\\\/wp-content\\\/uploads\\\/2024\\\/02\\\/logo-artisanlocal-h.svg\",\"contentUrl\":\"https:\\\/\\\/www.artisanlocal.ch\\\/c\\\/wp-content\\\/uploads\\\/2024\\\/02\\\/logo-artisanlocal-h.svg\",\"caption\":\"Artisanlocal\"},\"image\":{\"@id\":\"https:\\\/\\\/www.artisanlocal.ch\\\/c\\\/#\\\/schema\\\/logo\\\/image\\\/\"}}]}<\/script>\n<!-- \/ Yoast SEO Premium plugin. -->","yoast_head_json":{"title":"Entreprise de carrelage \u00e0 Vuadens - Artisanlocal","robots":{"index":"index","follow":"follow","max-snippet":"max-snippet:-1","max-image-preview":"max-image-preview:large","max-video-preview":"max-video-preview:-1"},"canonical":"https:\/\/www.artisanlocal.ch\/c\/entreprise-de-carrelage-a-vuadens\/","og_locale":"fr_FR","og_type":"article","og_title":"Entreprise de carrelage \u00e0 Vuadens","og_description":"Besoin d&rsquo;une entreprise de carrelage \u00e0 Vuadens ? Artisanlocal propose l&rsquo;installation de carrelage \u00e0 Vuadens et dans les villes proches. Pourquoi travailler avec notre entreprise ? Prix comp\u00e9titifs, installation de carrelage de qualit\u00e9 premium, entreprise implant\u00e9e \u00e0 Vuadens pour intervenir rapidement \u00e0 votre domicile, des conseils personnalis\u00e9s, des devis gratuits, une \u00e9quipe exp\u00e9riment\u00e9e, une entreprise [&hellip;]","og_url":"https:\/\/www.artisanlocal.ch\/c\/entreprise-de-carrelage-a-vuadens\/","og_site_name":"Artisanlocal","article_modified_time":"2025-11-07T12:39:58+00:00","og_image":[{"width":1920,"height":300,"url":"https:\/\/www.artisanlocal.ch\/c\/wp-content\/uploads\/2024\/11\/carreleur.jpg","type":"image\/jpeg"}],"twitter_card":"summary_large_image","twitter_misc":{"Dur\u00e9e de lecture estim\u00e9e":"3 minutes"},"schema":{"@context":"https:\/\/schema.org","@graph":[{"@type":"WebPage","@id":"https:\/\/www.artisanlocal.ch\/c\/entreprise-de-carrelage-a-vuadens\/","url":"https:\/\/www.artisanlocal.ch\/c\/entreprise-de-carrelage-a-vuadens\/","name":"Entreprise de carrelage \u00e0 Vuadens - Artisanlocal","isPartOf":{"@id":"https:\/\/www.artisanlocal.ch\/c\/#website"},"primaryImageOfPage":{"@id":"https:\/\/www.artisanlocal.ch\/c\/entreprise-de-carrelage-a-vuadens\/#primaryimage"},"image":{"@id":"https:\/\/www.artisanlocal.ch\/c\/entreprise-de-carrelage-a-vuadens\/#primaryimage"},"thumbnailUrl":"https:\/\/www.artisanlocal.ch\/c\/wp-content\/uploads\/2024\/11\/carreleur.jpg","datePublished":"2024-04-21T04:44:46+00:00","dateModified":"2025-11-07T12:39:58+00:00","breadcrumb":{"@id":"https:\/\/www.artisanlocal.ch\/c\/entreprise-de-carrelage-a-vuadens\/#breadcrumb"},"inLanguage":"fr-FR","potentialAction":[{"@type":"ReadAction","target":["https:\/\/www.artisanlocal.ch\/c\/entreprise-de-carrelage-a-vuadens\/"]}]},{"@type":"ImageObject","inLanguage":"fr-FR","@id":"https:\/\/www.artisanlocal.ch\/c\/entreprise-de-carrelage-a-vuadens\/#primaryimage","url":"https:\/\/www.artisanlocal.ch\/c\/wp-content\/uploads\/2024\/11\/carreleur.jpg","contentUrl":"https:\/\/www.artisanlocal.ch\/c\/wp-content\/uploads\/2024\/11\/carreleur.jpg","width":1920,"height":300},{"@type":"BreadcrumbList","@id":"https:\/\/www.artisanlocal.ch\/c\/entreprise-de-carrelage-a-vuadens\/#breadcrumb","itemListElement":[{"@type":"ListItem","position":1,"name":"Accueil","item":"https:\/\/www.artisanlocal.ch\/c\/"},{"@type":"ListItem","position":2,"name":"Entreprise de carrelage \u00e0 Vuadens"}]},{"@type":"WebSite","@id":"https:\/\/www.artisanlocal.ch\/c\/#website","url":"https:\/\/www.artisanlocal.ch\/c\/","name":"Artisanlocal","description":"","publisher":{"@id":"https:\/\/www.artisanlocal.ch\/c\/#organization"},"potentialAction":[{"@type":"SearchAction","target":{"@type":"EntryPoint","urlTemplate":"https:\/\/www.artisanlocal.ch\/c\/?s={search_term_string}"},"query-input":{"@type":"PropertyValueSpecification","valueRequired":true,"valueName":"search_term_string"}}],"inLanguage":"fr-FR"},{"@type":"Organization","@id":"https:\/\/www.artisanlocal.ch\/c\/#organization","name":"Artisanlocal","url":"https:\/\/www.artisanlocal.ch\/c\/","logo":{"@type":"ImageObject","inLanguage":"fr-FR","@id":"https:\/\/www.artisanlocal.ch\/c\/#\/schema\/logo\/image\/","url":"https:\/\/www.artisanlocal.ch\/c\/wp-content\/uploads\/2024\/02\/logo-artisanlocal-h.svg","contentUrl":"https:\/\/www.artisanlocal.ch\/c\/wp-content\/uploads\/2024\/02\/logo-artisanlocal-h.svg","caption":"Artisanlocal"},"image":{"@id":"https:\/\/www.artisanlocal.ch\/c\/#\/schema\/logo\/image\/"}}]}},"_links":{"self":[{"href":"https:\/\/www.artisanlocal.ch\/c\/wp-json\/wp\/v2\/pages\/552","targetHints":{"allow":["GET"]}}],"collection":[{"href":"https:\/\/www.artisanlocal.ch\/c\/wp-json\/wp\/v2\/pages"}],"about":[{"href":"https:\/\/www.artisanlocal.ch\/c\/wp-json\/wp\/v2\/types\/page"}],"author":[{"embeddable":true,"href":"https:\/\/www.artisanlocal.ch\/c\/wp-json\/wp\/v2\/users\/4"}],"replies":[{"embeddable":true,"href":"https:\/\/www.artisanlocal.ch\/c\/wp-json\/wp\/v2\/comments?post=552"}],"version-history":[{"count":0,"href":"https:\/\/www.artisanlocal.ch\/c\/wp-json\/wp\/v2\/pages\/552\/revisions"}],"wp:featuredmedia":[{"embeddable":true,"href":"https:\/\/www.artisanlocal.ch\/c\/wp-json\/wp\/v2\/media\/2804"}],"wp:attachment":[{"href":"https:\/\/www.artisanlocal.ch\/c\/wp-json\/wp\/v2\/media?parent=552"}],"wp:term":[{"taxonomy":"profession","embeddable":true,"href":"https:\/\/www.artisanlocal.ch\/c\/wp-json\/wp\/v2\/profession?post=552"},{"taxonomy":"location","embeddable":true,"href":"https:\/\/www.artisanlocal.ch\/c\/wp-json\/wp\/v2\/location?post=552"},{"taxonomy":"canton","embeddable":true,"href":"https:\/\/www.artisanlocal.ch\/c\/wp-json\/wp\/v2\/canton?post=552"}],"curies":[{"name":"wp","href":"https:\/\/api.w.org\/{rel}","templated":true}]}}