{"id":553,"date":"2024-04-21T02:08:38","date_gmt":"2024-04-21T00:08:38","guid":{"rendered":"https:\/\/www.artisanlocal.ch\/c\/vous-avez-besoin-dun-expert-pour-linstallation-de-votre-carrelage-a-bulle\/"},"modified":"2025-08-26T19:29:40","modified_gmt":"2025-08-26T17:29:40","slug":"vous-avez-besoin-dun-expert-pour-linstallation-de-votre-carrelage-a-bulle","status":"publish","type":"page","link":"https:\/\/www.artisanlocal.ch\/c\/vous-avez-besoin-dun-expert-pour-linstallation-de-votre-carrelage-a-bulle\/","title":{"rendered":"Entreprise de carrelage \u00e0 Bulle"},"content":{"rendered":"<p>Artisanlocal propose des services de pose de carrelage pour r\u00e9pondre \u00e0 tous vos besoins, nous installons : du carrelage classique, carreaux de dosseret, carrelage dans votre salle d&rsquo;eau ou sur votre sol ! Nous proposons aussi nos services dans les villes \u00e0 proximit\u00e9 de Bulle.<br \/>\n\r\n<div class=\"box\">\r\n            <div class=\"company-info\">\r\n            <img decoding=\"async\" class=\"company-info__logo\" src=\"https:\/\/www.artisanlocal.ch\/media\/cache\/thumb\/images\/companies\/6967cedfaeb26677418343.png\" alt=\"Logo\">\r\n            <h2 class=\"company-info__name\">Sassi Carrelages Bulle SA<\/h2>\r\n            <p class=\"company-info__business\">Entreprise de carrelage<\/p>\r\n        <\/div>\r\n        <div class=\"company-contact\">\r\n            <p class=\"company-info__address\">Rue de l'Etang 17<\/p>\r\n                            <div class=\"links\">\r\n                                            <a class=\"btn has-accent-background-color js-phoneNumber\" href=\"tel:0269129445\" title=\"Appelez\" data-id=\"6652\" data-type=\"11\">026 912 94 45<\/a>\r\n                                                                <a class=\"btn has-accent-background-color\" href=\"https:\/\/www.carrelages-sassi.ch\/\" target=\"_blank\" title=\"Voir le site internet\" data-id=\"6652\" data-type=\"20\">Site internet<\/a>\r\n                                    <\/div>\r\n                    <\/div>\r\n    \r\n            \r\n<form action=\"https:\/\/www.artisanlocal.ch\/c\/wp-admin\/admin-ajax.php\" method=\"post\" class=\"form-contact\" id=\"artisan_form_contact_company_inline\">\r\n    <div><input type=\"hidden\" name=\"action\" value=\"company_contact\"><\/div>\r\n    <div><input type=\"hidden\" name=\"nonce\" value=\"5b0b84f6de\"><\/div>\r\n    <div><input type=\"hidden\" name=\"company_id\" value=\"6652\"><\/div>\r\n    <div><input type=\"hidden\" name=\"form_id\" value=\"artisan_form_contact_company_inline\"><\/div>\r\n    <div class=\"gglcptch gglcptch_v3 gglcptch_custom\"><input type=\"hidden\" id=\"g-recaptcha-response\" name=\"g-recaptcha-response\" \/><br \/><div class=\"gglcptch_error_text\">La p\u00e9riode de v\u00e9rification reCAPTCHA a expir\u00e9. Veuillez recharger la page.<\/div><\/div>    <div class=\"form-content\">\r\n        <div class=\"form-group\">\r\n            <label for=\"contact_firstName\" class=\"required\">Pr\u00e9nom<\/label>\r\n            <input type=\"text\" name=\"firstName\" class=\"form-control\" required>\r\n        <\/div>\r\n        <div class=\"form-group\">\r\n            <label for=\"contact_lastName\" class=\"required\">Nom<\/label>\r\n            <input type=\"text\" name=\"lastName\" class=\"form-control\" required>\r\n        <\/div>\r\n        <div class=\"form-group\">\r\n            <label for=\"contact_email\" class=\"required\">Email<\/label>\r\n            <input type=\"email\" name=\"email\" class=\"form-control\" required>\r\n        <\/div>\r\n        <div class=\"form-group\">\r\n            <label for=\"contact_phone\" class=\"required\">Num\u00e9ro de t\u00e9l\u00e9phone<\/label>\r\n            <input type=\"tel\" name=\"phone\" class=\"form-control\" placeholder=\"0787117165\" pattern=\"^[0-9]{10}$\" required>\r\n        <\/div>\r\n        <div class=\"form-group\">\r\n            <label for=\"contact_postalCode\" class=\"required\">Code postal et localit\u00e9<\/label>\r\n            <input type=\"text\" name=\"postalCode\" class=\"form-control\" required>\r\n        <\/div>\r\n        <div class=\"form-group\">\r\n            <label for=\"contact_address\" class=\"required\">Adresse<\/label>\r\n            <input type=\"text\" name=\"address\" class=\"form-control\" required>\r\n        <\/div>\r\n        <div class=\"full-width topic\">\r\n            <p class=\"required\">Je souhaite \u00eatre contact\u00e9 pour :<\/p>\r\n            <div class=\"form-check\">\r\n                <input type=\"radio\" name=\"topic\" value=\"D\u00e9pannage\" class=\"form-control\" required>\r\n                <label for=\"d\u00e9pannage\">D\u00e9pannage<\/label>\r\n            <\/div>\r\n            <div class=\"form-check\">\r\n                <input type=\"radio\" name=\"topic\" value=\"Entretien\" class=\"form-control\" required>\r\n                <label for=\"entretien\">Entretien<\/label>\r\n            <\/div>\r\n            <div class=\"form-check\">\r\n                <input type=\"radio\" name=\"topic\" value=\"R\u00e9novation\" class=\"form-control\" required>\r\n                <label for=\"r\u00e9novation\">R\u00e9novation<\/label>\r\n            <\/div>\r\n            <div class=\"form-check\">\r\n                <input type=\"radio\" name=\"topic\" value=\"Autre\" class=\"form-control\" required>\r\n                <label for=\"autre\">Autre<\/label>\r\n            <\/div>\r\n        <\/div>\r\n        <div class=\"form-group full-width\">\r\n            <label for=\"contact_message\">Message<\/label>\r\n            <textarea name=\"message\" rows=\"3\" class=\"form-control\"><\/textarea>\r\n        <\/div>\r\n    <\/div>\r\n    <div class=\"form-actions\">\r\n        <button class=\"wp-block-button__link has-accent-background-color\">Contacter<\/button>\r\n    <\/div>\r\n<\/form>\r\n<div class=\"form-feedback\"><\/div>    <\/div><\/p>\n<h2>Pour quelle raison choisir notre entreprise ?<\/h2>\n<p>Pour tout projet de pose de carreaux \u00e0 Bulle, comptez sur Artisanlocal, choisissez notre entreprise, car :<\/p>\n<ul>\n<li>nous proposons des tarifs comp\u00e9titifs,<\/li>\n<li>nos carreaux sont de qualit\u00e9s premium,<\/li>\n<li>notre soci\u00e9t\u00e9 est situ\u00e9e \u00e0 Bulle, et intervient en urgence directement chez vous,<\/li>\n<li>nos recommandations sont individualis\u00e9es \u00e0 votre projet,<\/li>\n<li>nos devis sont gratuits,<\/li>\n<li>nos techniciens sont exp\u00e9riment\u00e9s,<\/li>\n<li>un partenaire s\u00fbr et fiable : nous coop\u00e9rons avec des entreprises importantes et des cabinets d&rsquo;architectes pour des installations de parquet, carrelage, fa\u00efence, et autres installations de carreaux.<\/li>\n<\/ul>\n<h2>Contactez-nous d\u00e8s aujourd&rsquo;hui pour obtenir votre devis gratuit<\/h2>\n<p>Sollicitez notre \u00e9quipe pour avoir un devis, nous prendrons contact avec vous d\u00e8s que possible pour \u00e9valuer le prix de votre projet.<\/p>\n<h2>Nos services<\/h2>\n<p>Nos artisans \u00e0 Bulle proposent aux professionnels et aux particuliers, les prestations, suivantes :<\/p>\n<ul>\n<li>L&rsquo;installation des carreaux tels que le parquet, le carrelage classique et la fa\u00efence,<\/li>\n<li>une aide pour bien choisir votre carrelage,<\/li>\n<li>la mise en place de vos carreaux,<\/li>\n<li>la fixation de votre carrelage,<\/li>\n<li>l\u2019installation du carrelage sur les sols\/murs,<\/li>\n<li>l&rsquo;installation de carreaux pour les zones int\u00e9rieures et ext\u00e9rieures de votre r\u00e9sidence,<\/li>\n<li>l\u2019enl\u00e8vement du carrelage existant,<\/li>\n<li>l&rsquo;enl\u00e8vement du plancher flottant,<\/li>\n<li>l&rsquo;installation de carrelage pour votre terrasse.<\/li>\n<\/ul>\n<h2>Comment choisir le carrelage qui vous convient ?<\/h2>\n<h3>R\u00e9fl\u00e9chir au lieu o\u00f9 le carrelage sera install\u00e9<\/h3>\n<p>\u00c9tudiez bien le lieu et la fr\u00e9quence \u00e0 laquelle le carrelage sera expos\u00e9 \u00e0 un vieillissement pr\u00e9matur\u00e9, sera-t-il dans une zone avec un important passage pi\u00e9tonnier\u202f? Par ailleurs, les gens porteront-ils des chaussures ou des chaussettes en marchant sur le carrelage ? Est-il pr\u00e9vu qu&rsquo;il soit soumis \u00e0 de l&rsquo;humidit\u00e9 ? R\u00e9fl\u00e9chissez \u00e9galement aux espaces qu&rsquo;il recouvrira, tel que les murs, les plans de travail, les sols, etc.<\/p>\n<h3>\u00c9valuez le volume<\/h3>\n<p>Afin de d\u00e9terminer la quantit\u00e9 de carrelage pour votre projet, effectuez la multiplication : largeur par sa longueur et rajoutez environ 5 % pour garder une marge de protection. Nous vous sugg\u00e9rons de conserver en stock des carreaux de mani\u00e8re \u00e0 rattraper d&rsquo;\u00e9ventuels dommages.<\/p>\n<h3>S\u00e9lectionnez le bon mat\u00e9riau<\/h3>\n<p>Les carreaux sont cr\u00e9\u00e9s avec plusieurs types de mat\u00e9riaux qui ont un effet sur : l\u2019apparence, la r\u00e9sistance et l&rsquo;entretien. Par ailleurs, il faut tenir compte de la texture et des finitions pour choisir les meilleurs carreaux.<\/p>\n<h3>Entretien<\/h3>\n<p>Nous vous conseillons de prendre en compte le nettoyage, notamment : le scellement du carrelage avec un joint clair demande plus de nettoyage, en effet, il agglom\u00e8re rapidement la poussi\u00e8re.<\/p>\n<h2>Contactez-nous pour obtenir un rendez-vous<\/h2>\n<p>Notre entreprise form\u00e9e d&rsquo;experts dans la pose de carreaux \u00e0 Bulle comprend que le choix des carreaux peut \u00eatre compliqu\u00e9, c&rsquo;est pourquoi nous sommes joignables du lundi au samedi de fa\u00e7on \u00e0 r\u00e9pondre \u00e0 vos questions.<\/p>\n<h2>Questions-r\u00e9ponses<\/h2>\n<h3>De quelle mani\u00e8re fonctionne votre soci\u00e9t\u00e9 ?<\/h3>\n<ol>\n<li>Prise de rendez-vous par t\u00e9l\u00e9phone ou par email.<\/li>\n<li>Nous planifions ensemble le rendez-vous en fonction de votre agenda.<\/li>\n<li>Nous nous d\u00e9pla\u00e7ons dans votre logement pour d\u00e9finir le nombre de carrelages \u00e0 poser.<\/li>\n<li>D\u00e9marrage de votre projet.<\/li>\n<\/ol>\n<h3>Votre entreprise op\u00e8re \u00e0 Bulle et dans les villes aux environs ?<\/h3>\n<p>Oui, nous nous d\u00e9pla\u00e7ons \u00e0 Bulle, mais aussi dans les villes aux environs, comme :<\/p>\nMaules, S\u00e2les (Gruy\u00e8re), Romanens, Rueyres-Treyfayes, Treyfayes, Vaulruz, Vuadens, Riaz, Marsens, Vuippens, La Roche FR, La Tour-de-Tr\u00eame, Broc, Charmey (Gruy\u00e8re), Morlon, Sorens, Gumefens, Avry-devant-Pont, Le Bry, Echarlens, Corbi\u00e8res, Hauteville, Pont-la-Ville, Villarvolard, Botterens, Villarbeney, Ch\u00e2tel-sur-Montsalvens, Cr\u00e9suz, Im Fang, Jaun, Abl\u00e4ndschen, Le P\u00e2quier-Montbarry, Epagny, Gruy\u00e8res, Mol\u00e9son-sur-Gruy\u00e8res, Pringy, Estavannens, Grandvillard, Villars-sous-Mont, Enney, Albeuve, Lessoc, Montbovon, Neirivue, Les Sciernes-d'Albeuve.\n<h3>Quels sont les types de carreaux les plus populaires que vous installez\u202f?<\/h3>\n<p>Voici les carreaux les plus populaires que nous installons :<\/p>\n<ul>\n<li>Les carreaux mosa\u00efques : v\u00e9ritable best-seller, ils ajoutent un style original \u00e0 votre int\u00e9rieur.<\/li>\n<li>Les carreaux de m\u00e9tro blancs : embl\u00e9matiques, nous les recommandons pour votre r\u00e9novation de salle de bain ou de votre cuisine.<\/li>\n<li>Les carrelages de marbre : ils sont plus chers, mais ils permettent d\u2019ajouter une touche luxe \u00e0 votre foyer.<\/li>\n<li>Les carreaux en c\u00e9ramique : ils sont \u00e9conomiques, faciles \u00e0 entretenir et ils sont trouvables dans de multiples variantes.<\/li>\n<li>Les carreaux en ciments : classique, il permet d&rsquo;adoucir la d\u00e9co d&rsquo;un int\u00e9rieur.<\/li>\n<li>Les carreaux porcelaine : ils reproduisent les surfaces naturelles (bois, brique ou pierre) et il ne demande presque pas d\u2019entretien.<\/li>\n<\/ul>\n","protected":false},"excerpt":{"rendered":"<p>Artisanlocal propose des services de pose de carrelage pour r\u00e9pondre \u00e0 tous vos besoins, nous installons : du carrelage classique, carreaux de dosseret, carrelage dans votre salle d&rsquo;eau ou sur votre sol ! Nous proposons aussi nos services dans les villes \u00e0 proximit\u00e9 de Bulle. Pour quelle raison choisir notre entreprise ? Pour tout projet [&hellip;]<\/p>\n","protected":false},"author":4,"featured_media":2804,"parent":0,"menu_order":0,"comment_status":"closed","ping_status":"closed","template":"","meta":{"footnotes":""},"profession":[119],"location":[58],"canton":[109],"class_list":["post-553","page","type-page","status-publish","has-post-thumbnail","hentry","profession-carreleur","location-bulle","canton-fr"],"yoast_head":"<!-- This site is optimized with the Yoast SEO Premium plugin v25.7.1 (Yoast SEO v27.4) - https:\/\/yoast.com\/product\/yoast-seo-premium-wordpress\/ -->\n<title>Entreprise de carrelage \u00e0 Bulle - Artisanlocal<\/title>\n<meta name=\"robots\" content=\"index, follow, max-snippet:-1, max-image-preview:large, max-video-preview:-1\" \/>\n<link rel=\"canonical\" href=\"https:\/\/www.artisanlocal.ch\/c\/vous-avez-besoin-dun-expert-pour-linstallation-de-votre-carrelage-a-bulle\/\" \/>\n<meta property=\"og:locale\" content=\"fr_FR\" \/>\n<meta property=\"og:type\" content=\"article\" \/>\n<meta property=\"og:title\" content=\"Entreprise de carrelage \u00e0 Bulle\" \/>\n<meta property=\"og:description\" content=\"Artisanlocal propose des services de pose de carrelage pour r\u00e9pondre \u00e0 tous vos besoins, nous installons : du carrelage classique, carreaux de dosseret, carrelage dans votre salle d&rsquo;eau ou sur votre sol ! Nous proposons aussi nos services dans les villes \u00e0 proximit\u00e9 de Bulle. Pour quelle raison choisir notre entreprise ? Pour tout projet [&hellip;]\" \/>\n<meta property=\"og:url\" content=\"https:\/\/www.artisanlocal.ch\/c\/vous-avez-besoin-dun-expert-pour-linstallation-de-votre-carrelage-a-bulle\/\" \/>\n<meta property=\"og:site_name\" content=\"Artisanlocal\" \/>\n<meta property=\"article:modified_time\" content=\"2025-08-26T17:29:40+00:00\" \/>\n<meta property=\"og:image\" content=\"https:\/\/www.artisanlocal.ch\/c\/wp-content\/uploads\/2024\/11\/carreleur.jpg\" \/>\n\t<meta property=\"og:image:width\" content=\"1920\" \/>\n\t<meta property=\"og:image:height\" content=\"300\" \/>\n\t<meta property=\"og:image:type\" content=\"image\/jpeg\" \/>\n<meta name=\"twitter:card\" content=\"summary_large_image\" \/>\n<meta name=\"twitter:label1\" content=\"Dur\u00e9e de lecture estim\u00e9e\" \/>\n\t<meta name=\"twitter:data1\" content=\"4 minutes\" \/>\n<script type=\"application\/ld+json\" class=\"yoast-schema-graph\">{\"@context\":\"https:\\\/\\\/schema.org\",\"@graph\":[{\"@type\":\"WebPage\",\"@id\":\"https:\\\/\\\/www.artisanlocal.ch\\\/c\\\/vous-avez-besoin-dun-expert-pour-linstallation-de-votre-carrelage-a-bulle\\\/\",\"url\":\"https:\\\/\\\/www.artisanlocal.ch\\\/c\\\/vous-avez-besoin-dun-expert-pour-linstallation-de-votre-carrelage-a-bulle\\\/\",\"name\":\"Entreprise de carrelage \u00e0 Bulle - Artisanlocal\",\"isPartOf\":{\"@id\":\"https:\\\/\\\/www.artisanlocal.ch\\\/c\\\/#website\"},\"primaryImageOfPage\":{\"@id\":\"https:\\\/\\\/www.artisanlocal.ch\\\/c\\\/vous-avez-besoin-dun-expert-pour-linstallation-de-votre-carrelage-a-bulle\\\/#primaryimage\"},\"image\":{\"@id\":\"https:\\\/\\\/www.artisanlocal.ch\\\/c\\\/vous-avez-besoin-dun-expert-pour-linstallation-de-votre-carrelage-a-bulle\\\/#primaryimage\"},\"thumbnailUrl\":\"https:\\\/\\\/www.artisanlocal.ch\\\/c\\\/wp-content\\\/uploads\\\/2024\\\/11\\\/carreleur.jpg\",\"datePublished\":\"2024-04-21T00:08:38+00:00\",\"dateModified\":\"2025-08-26T17:29:40+00:00\",\"breadcrumb\":{\"@id\":\"https:\\\/\\\/www.artisanlocal.ch\\\/c\\\/vous-avez-besoin-dun-expert-pour-linstallation-de-votre-carrelage-a-bulle\\\/#breadcrumb\"},\"inLanguage\":\"fr-FR\",\"potentialAction\":[{\"@type\":\"ReadAction\",\"target\":[\"https:\\\/\\\/www.artisanlocal.ch\\\/c\\\/vous-avez-besoin-dun-expert-pour-linstallation-de-votre-carrelage-a-bulle\\\/\"]}]},{\"@type\":\"ImageObject\",\"inLanguage\":\"fr-FR\",\"@id\":\"https:\\\/\\\/www.artisanlocal.ch\\\/c\\\/vous-avez-besoin-dun-expert-pour-linstallation-de-votre-carrelage-a-bulle\\\/#primaryimage\",\"url\":\"https:\\\/\\\/www.artisanlocal.ch\\\/c\\\/wp-content\\\/uploads\\\/2024\\\/11\\\/carreleur.jpg\",\"contentUrl\":\"https:\\\/\\\/www.artisanlocal.ch\\\/c\\\/wp-content\\\/uploads\\\/2024\\\/11\\\/carreleur.jpg\",\"width\":1920,\"height\":300},{\"@type\":\"BreadcrumbList\",\"@id\":\"https:\\\/\\\/www.artisanlocal.ch\\\/c\\\/vous-avez-besoin-dun-expert-pour-linstallation-de-votre-carrelage-a-bulle\\\/#breadcrumb\",\"itemListElement\":[{\"@type\":\"ListItem\",\"position\":1,\"name\":\"Accueil\",\"item\":\"https:\\\/\\\/www.artisanlocal.ch\\\/c\\\/\"},{\"@type\":\"ListItem\",\"position\":2,\"name\":\"Entreprise de carrelage \u00e0 Bulle\"}]},{\"@type\":\"WebSite\",\"@id\":\"https:\\\/\\\/www.artisanlocal.ch\\\/c\\\/#website\",\"url\":\"https:\\\/\\\/www.artisanlocal.ch\\\/c\\\/\",\"name\":\"Artisanlocal\",\"description\":\"\",\"publisher\":{\"@id\":\"https:\\\/\\\/www.artisanlocal.ch\\\/c\\\/#organization\"},\"potentialAction\":[{\"@type\":\"SearchAction\",\"target\":{\"@type\":\"EntryPoint\",\"urlTemplate\":\"https:\\\/\\\/www.artisanlocal.ch\\\/c\\\/?s={search_term_string}\"},\"query-input\":{\"@type\":\"PropertyValueSpecification\",\"valueRequired\":true,\"valueName\":\"search_term_string\"}}],\"inLanguage\":\"fr-FR\"},{\"@type\":\"Organization\",\"@id\":\"https:\\\/\\\/www.artisanlocal.ch\\\/c\\\/#organization\",\"name\":\"Artisanlocal\",\"url\":\"https:\\\/\\\/www.artisanlocal.ch\\\/c\\\/\",\"logo\":{\"@type\":\"ImageObject\",\"inLanguage\":\"fr-FR\",\"@id\":\"https:\\\/\\\/www.artisanlocal.ch\\\/c\\\/#\\\/schema\\\/logo\\\/image\\\/\",\"url\":\"https:\\\/\\\/www.artisanlocal.ch\\\/c\\\/wp-content\\\/uploads\\\/2024\\\/02\\\/logo-artisanlocal-h.svg\",\"contentUrl\":\"https:\\\/\\\/www.artisanlocal.ch\\\/c\\\/wp-content\\\/uploads\\\/2024\\\/02\\\/logo-artisanlocal-h.svg\",\"caption\":\"Artisanlocal\"},\"image\":{\"@id\":\"https:\\\/\\\/www.artisanlocal.ch\\\/c\\\/#\\\/schema\\\/logo\\\/image\\\/\"}}]}<\/script>\n<!-- \/ Yoast SEO Premium plugin. -->","yoast_head_json":{"title":"Entreprise de carrelage \u00e0 Bulle - Artisanlocal","robots":{"index":"index","follow":"follow","max-snippet":"max-snippet:-1","max-image-preview":"max-image-preview:large","max-video-preview":"max-video-preview:-1"},"canonical":"https:\/\/www.artisanlocal.ch\/c\/vous-avez-besoin-dun-expert-pour-linstallation-de-votre-carrelage-a-bulle\/","og_locale":"fr_FR","og_type":"article","og_title":"Entreprise de carrelage \u00e0 Bulle","og_description":"Artisanlocal propose des services de pose de carrelage pour r\u00e9pondre \u00e0 tous vos besoins, nous installons : du carrelage classique, carreaux de dosseret, carrelage dans votre salle d&rsquo;eau ou sur votre sol ! Nous proposons aussi nos services dans les villes \u00e0 proximit\u00e9 de Bulle. Pour quelle raison choisir notre entreprise ? Pour tout projet [&hellip;]","og_url":"https:\/\/www.artisanlocal.ch\/c\/vous-avez-besoin-dun-expert-pour-linstallation-de-votre-carrelage-a-bulle\/","og_site_name":"Artisanlocal","article_modified_time":"2025-08-26T17:29:40+00:00","og_image":[{"width":1920,"height":300,"url":"https:\/\/www.artisanlocal.ch\/c\/wp-content\/uploads\/2024\/11\/carreleur.jpg","type":"image\/jpeg"}],"twitter_card":"summary_large_image","twitter_misc":{"Dur\u00e9e de lecture estim\u00e9e":"4 minutes"},"schema":{"@context":"https:\/\/schema.org","@graph":[{"@type":"WebPage","@id":"https:\/\/www.artisanlocal.ch\/c\/vous-avez-besoin-dun-expert-pour-linstallation-de-votre-carrelage-a-bulle\/","url":"https:\/\/www.artisanlocal.ch\/c\/vous-avez-besoin-dun-expert-pour-linstallation-de-votre-carrelage-a-bulle\/","name":"Entreprise de carrelage \u00e0 Bulle - Artisanlocal","isPartOf":{"@id":"https:\/\/www.artisanlocal.ch\/c\/#website"},"primaryImageOfPage":{"@id":"https:\/\/www.artisanlocal.ch\/c\/vous-avez-besoin-dun-expert-pour-linstallation-de-votre-carrelage-a-bulle\/#primaryimage"},"image":{"@id":"https:\/\/www.artisanlocal.ch\/c\/vous-avez-besoin-dun-expert-pour-linstallation-de-votre-carrelage-a-bulle\/#primaryimage"},"thumbnailUrl":"https:\/\/www.artisanlocal.ch\/c\/wp-content\/uploads\/2024\/11\/carreleur.jpg","datePublished":"2024-04-21T00:08:38+00:00","dateModified":"2025-08-26T17:29:40+00:00","breadcrumb":{"@id":"https:\/\/www.artisanlocal.ch\/c\/vous-avez-besoin-dun-expert-pour-linstallation-de-votre-carrelage-a-bulle\/#breadcrumb"},"inLanguage":"fr-FR","potentialAction":[{"@type":"ReadAction","target":["https:\/\/www.artisanlocal.ch\/c\/vous-avez-besoin-dun-expert-pour-linstallation-de-votre-carrelage-a-bulle\/"]}]},{"@type":"ImageObject","inLanguage":"fr-FR","@id":"https:\/\/www.artisanlocal.ch\/c\/vous-avez-besoin-dun-expert-pour-linstallation-de-votre-carrelage-a-bulle\/#primaryimage","url":"https:\/\/www.artisanlocal.ch\/c\/wp-content\/uploads\/2024\/11\/carreleur.jpg","contentUrl":"https:\/\/www.artisanlocal.ch\/c\/wp-content\/uploads\/2024\/11\/carreleur.jpg","width":1920,"height":300},{"@type":"BreadcrumbList","@id":"https:\/\/www.artisanlocal.ch\/c\/vous-avez-besoin-dun-expert-pour-linstallation-de-votre-carrelage-a-bulle\/#breadcrumb","itemListElement":[{"@type":"ListItem","position":1,"name":"Accueil","item":"https:\/\/www.artisanlocal.ch\/c\/"},{"@type":"ListItem","position":2,"name":"Entreprise de carrelage \u00e0 Bulle"}]},{"@type":"WebSite","@id":"https:\/\/www.artisanlocal.ch\/c\/#website","url":"https:\/\/www.artisanlocal.ch\/c\/","name":"Artisanlocal","description":"","publisher":{"@id":"https:\/\/www.artisanlocal.ch\/c\/#organization"},"potentialAction":[{"@type":"SearchAction","target":{"@type":"EntryPoint","urlTemplate":"https:\/\/www.artisanlocal.ch\/c\/?s={search_term_string}"},"query-input":{"@type":"PropertyValueSpecification","valueRequired":true,"valueName":"search_term_string"}}],"inLanguage":"fr-FR"},{"@type":"Organization","@id":"https:\/\/www.artisanlocal.ch\/c\/#organization","name":"Artisanlocal","url":"https:\/\/www.artisanlocal.ch\/c\/","logo":{"@type":"ImageObject","inLanguage":"fr-FR","@id":"https:\/\/www.artisanlocal.ch\/c\/#\/schema\/logo\/image\/","url":"https:\/\/www.artisanlocal.ch\/c\/wp-content\/uploads\/2024\/02\/logo-artisanlocal-h.svg","contentUrl":"https:\/\/www.artisanlocal.ch\/c\/wp-content\/uploads\/2024\/02\/logo-artisanlocal-h.svg","caption":"Artisanlocal"},"image":{"@id":"https:\/\/www.artisanlocal.ch\/c\/#\/schema\/logo\/image\/"}}]}},"_links":{"self":[{"href":"https:\/\/www.artisanlocal.ch\/c\/wp-json\/wp\/v2\/pages\/553","targetHints":{"allow":["GET"]}}],"collection":[{"href":"https:\/\/www.artisanlocal.ch\/c\/wp-json\/wp\/v2\/pages"}],"about":[{"href":"https:\/\/www.artisanlocal.ch\/c\/wp-json\/wp\/v2\/types\/page"}],"author":[{"embeddable":true,"href":"https:\/\/www.artisanlocal.ch\/c\/wp-json\/wp\/v2\/users\/4"}],"replies":[{"embeddable":true,"href":"https:\/\/www.artisanlocal.ch\/c\/wp-json\/wp\/v2\/comments?post=553"}],"version-history":[{"count":0,"href":"https:\/\/www.artisanlocal.ch\/c\/wp-json\/wp\/v2\/pages\/553\/revisions"}],"wp:featuredmedia":[{"embeddable":true,"href":"https:\/\/www.artisanlocal.ch\/c\/wp-json\/wp\/v2\/media\/2804"}],"wp:attachment":[{"href":"https:\/\/www.artisanlocal.ch\/c\/wp-json\/wp\/v2\/media?parent=553"}],"wp:term":[{"taxonomy":"profession","embeddable":true,"href":"https:\/\/www.artisanlocal.ch\/c\/wp-json\/wp\/v2\/profession?post=553"},{"taxonomy":"location","embeddable":true,"href":"https:\/\/www.artisanlocal.ch\/c\/wp-json\/wp\/v2\/location?post=553"},{"taxonomy":"canton","embeddable":true,"href":"https:\/\/www.artisanlocal.ch\/c\/wp-json\/wp\/v2\/canton?post=553"}],"curies":[{"name":"wp","href":"https:\/\/api.w.org\/{rel}","templated":true}]}}