{"id":555,"date":"2024-04-21T10:53:55","date_gmt":"2024-04-21T08:53:55","guid":{"rendered":"https:\/\/www.artisanlocal.ch\/c\/entreprise-de-carrelage-a-romont\/"},"modified":"2025-08-26T19:29:28","modified_gmt":"2025-08-26T17:29:28","slug":"entreprise-de-carrelage-a-romont","status":"publish","type":"page","link":"https:\/\/www.artisanlocal.ch\/c\/entreprise-de-carrelage-a-romont\/","title":{"rendered":"Entreprise de carrelage \u00e0 Romont FR"},"content":{"rendered":"<p>Pour recevoir des estimations de prix sur la pose de carreaux, appelez-nous. Notre entreprise Artisanlocal propose une gamme de services en pose de carreaux classiques, de carreaux de dosseret, de carreaux dans votre salle de bain ou sur votre sol ! Nous proposons aussi nos prestations dans les villes \u00e0 proximit\u00e9 de Romont FR.<\/p>\n\r\n<div class=\"box\">\r\n    <h2 class=\"text-dark\">Nous cherchons un <em class=\"text-primary\">Carreleur<\/em> dans la r\u00e9gion de <em class=\"text-primary\">Romont FR<\/em>  en exclusivit\u00e9, afin de proposer vos services \u00e0 nos clients propri\u00e9taires.<\/h2>\r\n    <p>Une opportunit\u00e9 unique pour booster votre activit\u00e9 \u00e0 <strong>Romont FR<\/strong> et aux alentours dans votre domaine (Carreleur).<\/p>\r\n    <p>Nous travaillons en exclusivit\u00e9 avec qu'une soci\u00e9t\u00e9 par m\u00e9tier et par r\u00e9gion. <br>Votre entreprise est pr\u00e9sente sur tous les documents immobiliers. Afin d'\u00eatre mieux vu sur le net, vous \u00eates \u00e9galement visible sur nos deux sites et sur les pages de r\u00e9f\u00e9rencement de votre r\u00e9gion.<\/p>\r\n    <a href=\"\/contact\" class=\"wp-block-button__link has-accent-background-color has-text-align-center wp-element-button\">R\u00e9server<\/a>\r\n<\/div><h2>Quels sont les avantages qu&rsquo;offre notre entreprise ?<\/h2>\n<p>Pour votre projet de pose de carrelage \u00e0 Romont FR, comptez sur Artisanlocal, choisissez-nous parce que :<\/p>\n<ul>\n<li>nos tarif sont comp\u00e9titifs,<\/li>\n<li>nous posons du carrelage haut de gamme,<\/li>\n<li>notre entreprise est install\u00e9e \u00e0 Romont FR et permet \u00e0 nos techniciens d&rsquo;intervenir en urgence chez vous,<\/li>\n<li>nos recommandations sont individualis\u00e9es \u00e0 votre projet, par exemple : pour s\u00e9lectionner le bon carrelage,<\/li>\n<li>nos devis sont fournis gratuitement,<\/li>\n<li>notre \u00e9quipe est exp\u00e9riment\u00e9e,<\/li>\n<li>un partenaire s\u00fbr et fiable : nous intervenons dans des grandes entreprises et des cabinets d&rsquo;architectes pour r\u00e9aliser l&rsquo;installation de parquet, fa\u00efence, carrelage, et de rev\u00eatements vari\u00e9s.<\/li>\n<\/ul>\n<h2>Recevez une estimation pour l&rsquo;installation de carrelage en prenant contact avec nous maintenant<\/h2>\n<p>N&rsquo;h\u00e9sitez pas \u00e0 nous contacter si vous voulez obtenir un devis gratuit, nous vous r\u00e9pondrons d\u00e8s que possible pour \u00e9valuer le co\u00fbt de la pose de vos carreaux.<\/p>\n<h2>Nos prestations<\/h2>\n<p>Nos techniciens qui interviennent \u00e0 Romont FR fournissent aux Romont FRois et aux entreprises locales, les prestations suivantes :<\/p>\n<ul>\n<li>La mise en place de plusieurs types carreaux tels que le carrelage traditionnel, la fa\u00efence et le parquet,<\/li>\n<li>une assistance pour vous aider \u00e0 choisir vos carreaux,<\/li>\n<li>la pose de carrelage,<\/li>\n<li>le scellement du carrelage,<\/li>\n<li>l&rsquo;application du carrelage sur les sols et les parois,<\/li>\n<li>la pose de carrelage ext\u00e9rieur et int\u00e9rieur,<\/li>\n<li>l\u2019enl\u00e8vement du carrelage actuel,<\/li>\n<li>le d\u00e9montage de votre parquet flottant,<\/li>\n<li>la pose de carrelage pour votre balcon.<\/li>\n<\/ul>\n<h2>Comment s\u00e9lectionner le carrelage adapt\u00e9 \u00e0 vos besoins ?<\/h2>\n<h3>Bien identifier la zone d&rsquo;installation<\/h3>\n<p>\u00c9tudiez bien l&#8217;emplacement et le rythme pendant laquelle le carrelage sera soumis \u00e0 un vieillissement pr\u00e9matur\u00e9, sera-t-il dans un espace avec un important passage ? De plus, marchera-t-on dessus en chaussettes ou en chaussures ? Est-il pr\u00e9vu qu&rsquo;il soit confront\u00e9 \u00e0 des milieux humides? Tenez aussi compte des surfaces qu&rsquo;il va couvrir, par exemple : les murs, les sols, les plans de travail, etc.<\/p>\n<h3>D\u00e9terminez la quantit\u00e9 de carrelage n\u00e9cessaire<\/h3>\n<p>Afin de d\u00e9terminer le volume de carrelage pour votre projet, effectuez la multiplication : largeur par sa longueur et rajoutez environ 5 % pour garder une marge de s\u00e9curit\u00e9. Nous conseillons de garder des carreaux en plus en cas de dommages ult\u00e9rieurs.<\/p>\n<h3>S\u00e9lectionnez le bon mat\u00e9riau<\/h3>\n<p>Les carreaux sont cr\u00e9\u00e9s avec plusieurs sortes de mat\u00e9riaux qui impact : l\u2019apparence, la r\u00e9sistance et le prix de l&rsquo;entretien. D&rsquo;autre part, il faut tenir compte de la texture et des finitions pour s\u00e9lectionner les meilleurs carreaux possible.<\/p>\n<h3>Nettoyage<\/h3>\n<p>Vous devez d&rsquo;autre part prendre en compte le niveau d&rsquo;entretien lors du choix de vos carreaux, par exemple : le nettoyage des carreaux avec un joint clair prend plus de temps \u00e0 cause de leur tendance \u00e0 cumuler la salet\u00e9, ce qui les rend plus complexes \u00e0 d\u00e9crasser par rapport aux autres couleurs.<\/p>\n<h2>Prenez un rendez-vous d\u00e8s \u00e0 pr\u00e9sent<\/h2>\n<p>Notre \u00e9quipe compos\u00e9e d&rsquo;experts dans la pose de carreaux \u00e0 Romont FR ont notion de la complexit\u00e9 de votre projet, c&rsquo;est pourquoi nous sommes joignables du lundi au samedi afin de r\u00e9pondre \u00e0 vos probl\u00e9matiques.<\/p>\n<h2>Questions-r\u00e9ponses<\/h2>\n<h3>Comment marche votre soci\u00e9t\u00e9 ?<\/h3>\n<ol>\n<li>Prise de rendez-vous par email ou par t\u00e9l\u00e9phone.<\/li>\n<li>Par la suite, nous planifions un rendez-vous avec vous.<\/li>\n<li>Visite \u00e0 votre logement pour d\u00e9finir le travail \u00e0 effectuer.<\/li>\n<li>Nous lan\u00e7ons votre projet.<\/li>\n<\/ol>\n<h3>Votre soci\u00e9t\u00e9 intervient \u00e0 Romont FR et dans les communes aux environs ?<\/h3>\n<p>Oui, nous intervenons \u00e0 Romont FR, mais aussi dans les communes aux environs, tels que:<\/p>\nBionnens, Esmonts, Ursy, Auboranges, Ecublens FR, Gillarens, Promasens, Rue, Montet (Gl\u00e2ne), Morlens, Vuarmarens, Blessens, Mossel, Vauderens, Chavannes-les-Forts, Prez-vers-Siviriez, Siviriez, Villaraboud, Berlens, Billens, Hennens, M\u00e9zi\u00e8res FR, Villariaz, Grangettes-pr\u00e8s-Romont, La Neirigue, Est\u00e9venens, La Magne, Vuisternens-devant-Romont, Lieffrens, Sommentier, Le Ch\u00e2telard-pr\u00e8s-Romont, Villaz-St-Pierre, Lussy FR, Villarimboud, Massonnens, Chavannes-sous-Orsonnens, Orsonnens, Villargiroud, Villarsiviriaux, La Joux FR, Les Ecasseys, Torny-le-Grand.\n<h3>Quels sont les mod\u00e8les de carreaux les plus r\u00e9pandus\u202f?<\/h3>\n<p>Voici les carrelages les plus appr\u00e9ci\u00e9s que nous posons:<\/p>\n<ul>\n<li>Les carreaux mosa\u00efques : v\u00e9ritable best-seller, ils apportent un style unique \u00e0 votre int\u00e9rieur.<\/li>\n<li>Les carrelages de m\u00e9tro blancs : retro, nous les recommandons pour votre r\u00e9novation de salle de bain ou de votre cuisine.<\/li>\n<li>Les carreaux de marbre : ils ajoutent un style pr\u00e9cieux \u00e0 n&rsquo;importe quelle pi\u00e8ce de votre propri\u00e9t\u00e9.<\/li>\n<li>Les carreaux en c\u00e9ramique : peu co\u00fbteux, le carreau en c\u00e9ramique a d&rsquo;innombrable avantages (facile \u00e0 laver, et disponibles dans plusieurs teintes).<\/li>\n<li>Les carreaux en ciments : traditionnel, il permet d&rsquo;adoucir la d\u00e9co de votre int\u00e9rieur.<\/li>\n<li>Les carreaux de porcelaine : ressemblant aux surfaces naturelles, il est r\u00e9sistant aux coups, changement de temp\u00e9rature.<\/li>\n<\/ul>\n\n\n<p><\/p>\n","protected":false},"excerpt":{"rendered":"<p>Pour recevoir des estimations de prix sur la pose de carreaux, appelez-nous. Notre entreprise Artisanlocal propose une gamme de services en pose de carreaux classiques, de carreaux de dosseret, de carreaux dans votre salle de bain ou sur votre sol ! Nous proposons aussi nos prestations dans les villes \u00e0 proximit\u00e9 de Romont FR. Quels [&hellip;]<\/p>\n","protected":false},"author":4,"featured_media":2804,"parent":0,"menu_order":0,"comment_status":"closed","ping_status":"closed","template":"","meta":{"footnotes":""},"profession":[119],"location":[43],"canton":[109],"class_list":["post-555","page","type-page","status-publish","has-post-thumbnail","hentry","profession-carreleur","location-romont-fr","canton-fr"],"yoast_head":"<!-- This site is optimized with the Yoast SEO Premium plugin v25.7.1 (Yoast SEO v27.3) - https:\/\/yoast.com\/product\/yoast-seo-premium-wordpress\/ -->\n<title>Entreprise de carrelage \u00e0 Romont FR - Artisanlocal<\/title>\n<meta name=\"robots\" content=\"index, follow, max-snippet:-1, max-image-preview:large, max-video-preview:-1\" \/>\n<link rel=\"canonical\" href=\"https:\/\/www.artisanlocal.ch\/c\/entreprise-de-carrelage-a-romont\/\" \/>\n<meta property=\"og:locale\" content=\"fr_FR\" \/>\n<meta property=\"og:type\" content=\"article\" \/>\n<meta property=\"og:title\" content=\"Entreprise de carrelage \u00e0 Romont FR\" \/>\n<meta property=\"og:description\" content=\"Pour recevoir des estimations de prix sur la pose de carreaux, appelez-nous. Notre entreprise Artisanlocal propose une gamme de services en pose de carreaux classiques, de carreaux de dosseret, de carreaux dans votre salle de bain ou sur votre sol ! Nous proposons aussi nos prestations dans les villes \u00e0 proximit\u00e9 de Romont FR. Quels [&hellip;]\" \/>\n<meta property=\"og:url\" content=\"https:\/\/www.artisanlocal.ch\/c\/entreprise-de-carrelage-a-romont\/\" \/>\n<meta property=\"og:site_name\" content=\"Artisanlocal\" \/>\n<meta property=\"article:modified_time\" content=\"2025-08-26T17:29:28+00:00\" \/>\n<meta property=\"og:image\" content=\"https:\/\/www.artisanlocal.ch\/c\/wp-content\/uploads\/2024\/11\/carreleur.jpg\" \/>\n\t<meta property=\"og:image:width\" content=\"1920\" \/>\n\t<meta property=\"og:image:height\" content=\"300\" \/>\n\t<meta property=\"og:image:type\" content=\"image\/jpeg\" \/>\n<meta name=\"twitter:card\" content=\"summary_large_image\" \/>\n<meta name=\"twitter:label1\" content=\"Dur\u00e9e de lecture estim\u00e9e\" \/>\n\t<meta name=\"twitter:data1\" content=\"4 minutes\" \/>\n<script type=\"application\/ld+json\" class=\"yoast-schema-graph\">{\"@context\":\"https:\\\/\\\/schema.org\",\"@graph\":[{\"@type\":\"WebPage\",\"@id\":\"https:\\\/\\\/www.artisanlocal.ch\\\/c\\\/entreprise-de-carrelage-a-romont\\\/\",\"url\":\"https:\\\/\\\/www.artisanlocal.ch\\\/c\\\/entreprise-de-carrelage-a-romont\\\/\",\"name\":\"Entreprise de carrelage \u00e0 Romont FR - Artisanlocal\",\"isPartOf\":{\"@id\":\"https:\\\/\\\/www.artisanlocal.ch\\\/c\\\/#website\"},\"primaryImageOfPage\":{\"@id\":\"https:\\\/\\\/www.artisanlocal.ch\\\/c\\\/entreprise-de-carrelage-a-romont\\\/#primaryimage\"},\"image\":{\"@id\":\"https:\\\/\\\/www.artisanlocal.ch\\\/c\\\/entreprise-de-carrelage-a-romont\\\/#primaryimage\"},\"thumbnailUrl\":\"https:\\\/\\\/www.artisanlocal.ch\\\/c\\\/wp-content\\\/uploads\\\/2024\\\/11\\\/carreleur.jpg\",\"datePublished\":\"2024-04-21T08:53:55+00:00\",\"dateModified\":\"2025-08-26T17:29:28+00:00\",\"breadcrumb\":{\"@id\":\"https:\\\/\\\/www.artisanlocal.ch\\\/c\\\/entreprise-de-carrelage-a-romont\\\/#breadcrumb\"},\"inLanguage\":\"fr-FR\",\"potentialAction\":[{\"@type\":\"ReadAction\",\"target\":[\"https:\\\/\\\/www.artisanlocal.ch\\\/c\\\/entreprise-de-carrelage-a-romont\\\/\"]}]},{\"@type\":\"ImageObject\",\"inLanguage\":\"fr-FR\",\"@id\":\"https:\\\/\\\/www.artisanlocal.ch\\\/c\\\/entreprise-de-carrelage-a-romont\\\/#primaryimage\",\"url\":\"https:\\\/\\\/www.artisanlocal.ch\\\/c\\\/wp-content\\\/uploads\\\/2024\\\/11\\\/carreleur.jpg\",\"contentUrl\":\"https:\\\/\\\/www.artisanlocal.ch\\\/c\\\/wp-content\\\/uploads\\\/2024\\\/11\\\/carreleur.jpg\",\"width\":1920,\"height\":300},{\"@type\":\"BreadcrumbList\",\"@id\":\"https:\\\/\\\/www.artisanlocal.ch\\\/c\\\/entreprise-de-carrelage-a-romont\\\/#breadcrumb\",\"itemListElement\":[{\"@type\":\"ListItem\",\"position\":1,\"name\":\"Accueil\",\"item\":\"https:\\\/\\\/www.artisanlocal.ch\\\/c\\\/\"},{\"@type\":\"ListItem\",\"position\":2,\"name\":\"Entreprise de carrelage \u00e0 Romont\"}]},{\"@type\":\"WebSite\",\"@id\":\"https:\\\/\\\/www.artisanlocal.ch\\\/c\\\/#website\",\"url\":\"https:\\\/\\\/www.artisanlocal.ch\\\/c\\\/\",\"name\":\"Artisanlocal\",\"description\":\"\",\"publisher\":{\"@id\":\"https:\\\/\\\/www.artisanlocal.ch\\\/c\\\/#organization\"},\"potentialAction\":[{\"@type\":\"SearchAction\",\"target\":{\"@type\":\"EntryPoint\",\"urlTemplate\":\"https:\\\/\\\/www.artisanlocal.ch\\\/c\\\/?s={search_term_string}\"},\"query-input\":{\"@type\":\"PropertyValueSpecification\",\"valueRequired\":true,\"valueName\":\"search_term_string\"}}],\"inLanguage\":\"fr-FR\"},{\"@type\":\"Organization\",\"@id\":\"https:\\\/\\\/www.artisanlocal.ch\\\/c\\\/#organization\",\"name\":\"Artisanlocal\",\"url\":\"https:\\\/\\\/www.artisanlocal.ch\\\/c\\\/\",\"logo\":{\"@type\":\"ImageObject\",\"inLanguage\":\"fr-FR\",\"@id\":\"https:\\\/\\\/www.artisanlocal.ch\\\/c\\\/#\\\/schema\\\/logo\\\/image\\\/\",\"url\":\"https:\\\/\\\/www.artisanlocal.ch\\\/c\\\/wp-content\\\/uploads\\\/2024\\\/02\\\/logo-artisanlocal-h.svg\",\"contentUrl\":\"https:\\\/\\\/www.artisanlocal.ch\\\/c\\\/wp-content\\\/uploads\\\/2024\\\/02\\\/logo-artisanlocal-h.svg\",\"caption\":\"Artisanlocal\"},\"image\":{\"@id\":\"https:\\\/\\\/www.artisanlocal.ch\\\/c\\\/#\\\/schema\\\/logo\\\/image\\\/\"}}]}<\/script>\n<!-- \/ Yoast SEO Premium plugin. -->","yoast_head_json":{"title":"Entreprise de carrelage \u00e0 Romont FR - Artisanlocal","robots":{"index":"index","follow":"follow","max-snippet":"max-snippet:-1","max-image-preview":"max-image-preview:large","max-video-preview":"max-video-preview:-1"},"canonical":"https:\/\/www.artisanlocal.ch\/c\/entreprise-de-carrelage-a-romont\/","og_locale":"fr_FR","og_type":"article","og_title":"Entreprise de carrelage \u00e0 Romont FR","og_description":"Pour recevoir des estimations de prix sur la pose de carreaux, appelez-nous. Notre entreprise Artisanlocal propose une gamme de services en pose de carreaux classiques, de carreaux de dosseret, de carreaux dans votre salle de bain ou sur votre sol ! Nous proposons aussi nos prestations dans les villes \u00e0 proximit\u00e9 de Romont FR. Quels [&hellip;]","og_url":"https:\/\/www.artisanlocal.ch\/c\/entreprise-de-carrelage-a-romont\/","og_site_name":"Artisanlocal","article_modified_time":"2025-08-26T17:29:28+00:00","og_image":[{"width":1920,"height":300,"url":"https:\/\/www.artisanlocal.ch\/c\/wp-content\/uploads\/2024\/11\/carreleur.jpg","type":"image\/jpeg"}],"twitter_card":"summary_large_image","twitter_misc":{"Dur\u00e9e de lecture estim\u00e9e":"4 minutes"},"schema":{"@context":"https:\/\/schema.org","@graph":[{"@type":"WebPage","@id":"https:\/\/www.artisanlocal.ch\/c\/entreprise-de-carrelage-a-romont\/","url":"https:\/\/www.artisanlocal.ch\/c\/entreprise-de-carrelage-a-romont\/","name":"Entreprise de carrelage \u00e0 Romont FR - Artisanlocal","isPartOf":{"@id":"https:\/\/www.artisanlocal.ch\/c\/#website"},"primaryImageOfPage":{"@id":"https:\/\/www.artisanlocal.ch\/c\/entreprise-de-carrelage-a-romont\/#primaryimage"},"image":{"@id":"https:\/\/www.artisanlocal.ch\/c\/entreprise-de-carrelage-a-romont\/#primaryimage"},"thumbnailUrl":"https:\/\/www.artisanlocal.ch\/c\/wp-content\/uploads\/2024\/11\/carreleur.jpg","datePublished":"2024-04-21T08:53:55+00:00","dateModified":"2025-08-26T17:29:28+00:00","breadcrumb":{"@id":"https:\/\/www.artisanlocal.ch\/c\/entreprise-de-carrelage-a-romont\/#breadcrumb"},"inLanguage":"fr-FR","potentialAction":[{"@type":"ReadAction","target":["https:\/\/www.artisanlocal.ch\/c\/entreprise-de-carrelage-a-romont\/"]}]},{"@type":"ImageObject","inLanguage":"fr-FR","@id":"https:\/\/www.artisanlocal.ch\/c\/entreprise-de-carrelage-a-romont\/#primaryimage","url":"https:\/\/www.artisanlocal.ch\/c\/wp-content\/uploads\/2024\/11\/carreleur.jpg","contentUrl":"https:\/\/www.artisanlocal.ch\/c\/wp-content\/uploads\/2024\/11\/carreleur.jpg","width":1920,"height":300},{"@type":"BreadcrumbList","@id":"https:\/\/www.artisanlocal.ch\/c\/entreprise-de-carrelage-a-romont\/#breadcrumb","itemListElement":[{"@type":"ListItem","position":1,"name":"Accueil","item":"https:\/\/www.artisanlocal.ch\/c\/"},{"@type":"ListItem","position":2,"name":"Entreprise de carrelage \u00e0 Romont"}]},{"@type":"WebSite","@id":"https:\/\/www.artisanlocal.ch\/c\/#website","url":"https:\/\/www.artisanlocal.ch\/c\/","name":"Artisanlocal","description":"","publisher":{"@id":"https:\/\/www.artisanlocal.ch\/c\/#organization"},"potentialAction":[{"@type":"SearchAction","target":{"@type":"EntryPoint","urlTemplate":"https:\/\/www.artisanlocal.ch\/c\/?s={search_term_string}"},"query-input":{"@type":"PropertyValueSpecification","valueRequired":true,"valueName":"search_term_string"}}],"inLanguage":"fr-FR"},{"@type":"Organization","@id":"https:\/\/www.artisanlocal.ch\/c\/#organization","name":"Artisanlocal","url":"https:\/\/www.artisanlocal.ch\/c\/","logo":{"@type":"ImageObject","inLanguage":"fr-FR","@id":"https:\/\/www.artisanlocal.ch\/c\/#\/schema\/logo\/image\/","url":"https:\/\/www.artisanlocal.ch\/c\/wp-content\/uploads\/2024\/02\/logo-artisanlocal-h.svg","contentUrl":"https:\/\/www.artisanlocal.ch\/c\/wp-content\/uploads\/2024\/02\/logo-artisanlocal-h.svg","caption":"Artisanlocal"},"image":{"@id":"https:\/\/www.artisanlocal.ch\/c\/#\/schema\/logo\/image\/"}}]}},"_links":{"self":[{"href":"https:\/\/www.artisanlocal.ch\/c\/wp-json\/wp\/v2\/pages\/555","targetHints":{"allow":["GET"]}}],"collection":[{"href":"https:\/\/www.artisanlocal.ch\/c\/wp-json\/wp\/v2\/pages"}],"about":[{"href":"https:\/\/www.artisanlocal.ch\/c\/wp-json\/wp\/v2\/types\/page"}],"author":[{"embeddable":true,"href":"https:\/\/www.artisanlocal.ch\/c\/wp-json\/wp\/v2\/users\/4"}],"replies":[{"embeddable":true,"href":"https:\/\/www.artisanlocal.ch\/c\/wp-json\/wp\/v2\/comments?post=555"}],"version-history":[{"count":0,"href":"https:\/\/www.artisanlocal.ch\/c\/wp-json\/wp\/v2\/pages\/555\/revisions"}],"wp:featuredmedia":[{"embeddable":true,"href":"https:\/\/www.artisanlocal.ch\/c\/wp-json\/wp\/v2\/media\/2804"}],"wp:attachment":[{"href":"https:\/\/www.artisanlocal.ch\/c\/wp-json\/wp\/v2\/media?parent=555"}],"wp:term":[{"taxonomy":"profession","embeddable":true,"href":"https:\/\/www.artisanlocal.ch\/c\/wp-json\/wp\/v2\/profession?post=555"},{"taxonomy":"location","embeddable":true,"href":"https:\/\/www.artisanlocal.ch\/c\/wp-json\/wp\/v2\/location?post=555"},{"taxonomy":"canton","embeddable":true,"href":"https:\/\/www.artisanlocal.ch\/c\/wp-json\/wp\/v2\/canton?post=555"}],"curies":[{"name":"wp","href":"https:\/\/api.w.org\/{rel}","templated":true}]}}