{"id":557,"date":"2024-04-21T17:30:30","date_gmt":"2024-04-21T15:30:30","guid":{"rendered":"https:\/\/www.artisanlocal.ch\/c\/entreprise-de-carrelage-a-villars-sur-glane\/"},"modified":"2025-08-26T19:29:21","modified_gmt":"2025-08-26T17:29:21","slug":"entreprise-de-carrelage-a-villars-sur-glane","status":"publish","type":"page","link":"https:\/\/www.artisanlocal.ch\/c\/entreprise-de-carrelage-a-villars-sur-glane\/","title":{"rendered":"Entreprise de carrelage \u00e0 Villars-sur-Gl\u00e2ne"},"content":{"rendered":"<p>Vous avez besoin d&rsquo;un nouveau carrelage \u00e0 Villars-sur-Gl\u00e2ne ? Artisanlocal vous propose une gamme de services pour la pose de carrelage : classique, de dosseret, pour votre cuisine, salle d&rsquo;eau ou sur votre sol !<br \/>\n\r\n<div class=\"box\">\r\n            <div class=\"company-info\">\r\n            <img decoding=\"async\" class=\"company-info__logo\" src=\"https:\/\/www.artisanlocal.ch\/media\/cache\/thumb\/images\/companies\/kime-carrelage-sarl.png\" alt=\"Logo\">\r\n            <h2 class=\"company-info__name\">Kime Carrelage S\u00e0rl<\/h2>\r\n            <p class=\"company-info__business\">Entreprise de Carrelage - R\u00e9novation<\/p>\r\n        <\/div>\r\n        <div class=\"company-contact\">\r\n            <p class=\"company-info__address\">Route d'Illens 2B<\/p>\r\n                            <div class=\"links\">\r\n                                            <a class=\"btn has-accent-background-color js-phoneNumber\" href=\"tel:0795570238\" title=\"Appelez\" data-id=\"6147\" data-type=\"11\">079 557 02 38<\/a>\r\n                                                                <a class=\"btn has-accent-background-color\" href=\"http:\/\/www.kime-carrelage.ch\/\" target=\"_blank\" title=\"Voir le site internet\" data-id=\"6147\" data-type=\"20\">Site internet<\/a>\r\n                                    <\/div>\r\n                    <\/div>\r\n    \r\n            \r\n<form action=\"https:\/\/www.artisanlocal.ch\/c\/wp-admin\/admin-ajax.php\" method=\"post\" class=\"form-contact\" id=\"artisan_form_contact_company_inline\">\r\n    <div><input type=\"hidden\" name=\"action\" value=\"company_contact\"><\/div>\r\n    <div><input type=\"hidden\" name=\"nonce\" value=\"85ec494698\"><\/div>\r\n    <div><input type=\"hidden\" name=\"company_id\" value=\"6147\"><\/div>\r\n    <div><input type=\"hidden\" name=\"form_id\" value=\"artisan_form_contact_company_inline\"><\/div>\r\n    <div class=\"gglcptch gglcptch_v3 gglcptch_custom\"><input type=\"hidden\" id=\"g-recaptcha-response\" name=\"g-recaptcha-response\" \/><br \/><div class=\"gglcptch_error_text\">La p\u00e9riode de v\u00e9rification reCAPTCHA a expir\u00e9. Veuillez recharger la page.<\/div><\/div>    <div class=\"form-content\">\r\n        <div class=\"form-group\">\r\n            <label for=\"contact_firstName\" class=\"required\">Pr\u00e9nom<\/label>\r\n            <input type=\"text\" name=\"firstName\" class=\"form-control\" required>\r\n        <\/div>\r\n        <div class=\"form-group\">\r\n            <label for=\"contact_lastName\" class=\"required\">Nom<\/label>\r\n            <input type=\"text\" name=\"lastName\" class=\"form-control\" required>\r\n        <\/div>\r\n        <div class=\"form-group\">\r\n            <label for=\"contact_email\" class=\"required\">Email<\/label>\r\n            <input type=\"email\" name=\"email\" class=\"form-control\" required>\r\n        <\/div>\r\n        <div class=\"form-group\">\r\n            <label for=\"contact_phone\" class=\"required\">Num\u00e9ro de t\u00e9l\u00e9phone<\/label>\r\n            <input type=\"tel\" name=\"phone\" class=\"form-control\" placeholder=\"0787117165\" pattern=\"^[0-9]{10}$\" required>\r\n        <\/div>\r\n        <div class=\"form-group\">\r\n            <label for=\"contact_postalCode\" class=\"required\">Code postal et localit\u00e9<\/label>\r\n            <input type=\"text\" name=\"postalCode\" class=\"form-control\" required>\r\n        <\/div>\r\n        <div class=\"form-group\">\r\n            <label for=\"contact_address\" class=\"required\">Adresse<\/label>\r\n            <input type=\"text\" name=\"address\" class=\"form-control\" required>\r\n        <\/div>\r\n        <div class=\"full-width topic\">\r\n            <p class=\"required\">Je souhaite \u00eatre contact\u00e9 pour :<\/p>\r\n            <div class=\"form-check\">\r\n                <input type=\"radio\" name=\"topic\" value=\"D\u00e9pannage\" class=\"form-control\" required>\r\n                <label for=\"d\u00e9pannage\">D\u00e9pannage<\/label>\r\n            <\/div>\r\n            <div class=\"form-check\">\r\n                <input type=\"radio\" name=\"topic\" value=\"Entretien\" class=\"form-control\" required>\r\n                <label for=\"entretien\">Entretien<\/label>\r\n            <\/div>\r\n            <div class=\"form-check\">\r\n                <input type=\"radio\" name=\"topic\" value=\"R\u00e9novation\" class=\"form-control\" required>\r\n                <label for=\"r\u00e9novation\">R\u00e9novation<\/label>\r\n            <\/div>\r\n            <div class=\"form-check\">\r\n                <input type=\"radio\" name=\"topic\" value=\"Autre\" class=\"form-control\" required>\r\n                <label for=\"autre\">Autre<\/label>\r\n            <\/div>\r\n        <\/div>\r\n        <div class=\"form-group full-width\">\r\n            <label for=\"contact_message\">Message<\/label>\r\n            <textarea name=\"message\" rows=\"3\" class=\"form-control\"><\/textarea>\r\n        <\/div>\r\n    <\/div>\r\n    <div class=\"form-actions\">\r\n        <button class=\"wp-block-button__link has-accent-background-color\">Contacter<\/button>\r\n    <\/div>\r\n<\/form>\r\n<div class=\"form-feedback\"><\/div>    <\/div><\/p>\n<h2>Pourquoi choisir notre entreprise ?<\/h2>\n<ul>\n<li>Nous proposons des prix comp\u00e9titifs,<\/li>\n<li>nous installons du carrelage de qualit\u00e9,<\/li>\n<li>notre soci\u00e9t\u00e9 est implant\u00e9e \u00e0 Villars-sur-Gl\u00e2ne et permet \u00e0 nos techniciens d&rsquo;intervenir rapidement chez vous,<\/li>\n<li>nous vous conseillons sur le carrelage \u00e0 installer pour votre projet,<\/li>\n<li>nos devis sont gratuits,<\/li>\n<li>nos techniciens sont exp\u00e9riment\u00e9s,<\/li>\n<li>une soci\u00e9t\u00e9 de confiance : nous coop\u00e9rons avec de grands groupes et des cabinets d&rsquo;architectes pour des installations de carrelage, fa\u00efence, parquet, et autres rev\u00eatements.<\/li>\n<\/ul>\n<h2>Obtenez votre devis gratuit<\/h2>\n<p>Contactez notre \u00e9quipe pour avoir un devis, nous prendrons contact avec vous aussit\u00f4t pour d\u00e9terminer le co\u00fbt de votre projet.<\/p>\n<h2>Nos prestations<\/h2>\n<p>Nos artisans interviennent \u00e0 Villars-sur-Gl\u00e2ne, pour :<\/p>\n<ul>\n<li>L&rsquo;installation de diff\u00e9rents carreaux classique, fa\u00efence et parquet,<\/li>\n<li>vous aidez \u00e0 choisir votre carrelage,<\/li>\n<li>la pose de carrelage,<\/li>\n<li>l&rsquo;application de joint pour vos carreaux,<\/li>\n<li>la pose de carrelage sur les sols et les murs,<\/li>\n<li>l&rsquo;installation de carrelage pour les zones ext\u00e9rieures et int\u00e9rieures,<\/li>\n<li>le retrait du carrelage existant,<\/li>\n<li>le retrait de votre parquet flottant,<\/li>\n<li>la pose des carreaux sur votre terrasse.<\/li>\n<\/ul>\n<h2>Comment choisir le carrelage qui vous convient ?<\/h2>\n<h3>Bien d\u00e9terminer la zone d&rsquo;installation<\/h3>\n<p>Prenez en compte l&rsquo;endroit o\u00f9 le carrelage va \u00eatre install\u00e9, par exemple, vous devez savoir s&rsquo;il se trouve dans un endroit avec du passage\u202f? D&rsquo;ailleurs, marchera-t-on sur le carrelage en chaussettes ou en chaussures ? Sera-t-il soumis aux environnements humides\u202f? Pensez par ailleurs aux espaces qu&rsquo;il couvrira, tel que les sols, les plans de travail ou les murs.<\/p>\n<h3>Calculez le volume de carreaux<\/h3>\n<p>Pour d\u00e9finir le volume en m\u00b2 de carrelage pour votre projet, multipliez sa largeur par sa longueur et rajoutez \u00e0 peu pr\u00e8s 5 % pour avoir une marge de s\u00e9curit\u00e9. Nous sugg\u00e9rons de garder des carreaux suppl\u00e9mentaires en cas de dommages.<\/p>\n<h3>S\u00e9lectionnez le bon mat\u00e9riau<\/h3>\n<p>Les carreaux sont con\u00e7us avec diff\u00e9rentes sortes de mat\u00e9riaux qui ont un effet sur : l\u2019apparence, la r\u00e9sistance et le montant de l&rsquo;entretien. D&rsquo;autre part, il est essentiel de prendre en compte les finitions et la texture pour choisir les meilleurs carreaux possible.<\/p>\n<h3>Maintenance<\/h3>\n<p>Nous vous recommandons de prendre en consid\u00e9ration le niveau de difficult\u00e9 de nettoyage, par exemple : le nettoyage des carreaux avec un joint clair prend plus de temps \u00e0 cause de leur faciliter \u00e0 accumuler la salet\u00e9, ce qui les rend plus complexes \u00e0 laver par rapport aux autres coloris.<\/p>\n<h2>Contactez-nous pour obtenir un rendez-vous<\/h2>\n<p>Nos sp\u00e9cialistes de l&rsquo;installation de carrelage \u00e0 Villars-sur-Gl\u00e2ne savent que le choix des carreaux peut \u00eatre complexe, c&rsquo;est pourquoi nous sommes disponibles du lundi au samedi de mani\u00e8re \u00e0 r\u00e9pondre \u00e0 vos interrogations.<\/p>\n<h2>Questions-r\u00e9ponses<\/h2>\n<h3>Quel est le fonctionnement de votre soci\u00e9t\u00e9 ?<\/h3>\n<ol>\n<li>Prise de contact par t\u00e9l\u00e9phone ou par email.<\/li>\n<li>Nous planifions ensemble le rendez-vous en fonction de votre agenda.<\/li>\n<li>Nous nous d\u00e9pla\u00e7ons \u00e0 votre foyer pour d\u00e9terminer le nombre de carreaux \u00e0 poser.<\/li>\n<li>Nous lan\u00e7ons la pose des carreaux \u00e0 votre logement.<\/li>\n<\/ol>\n<h3>Intervenez-vous dans les localit\u00e9s dans les environs de Villars-sur-Gl\u00e2ne ?<\/h3>\n<p>Oui, nous nous d\u00e9pla\u00e7ons \u00e0 Villars-sur-Gl\u00e2ne et dans les communes aux alentours, telles que :<\/p>\nEstavayer-le-Gibloux, Rueyres-St-Laurent, Villarlod, Villarsel-le-Gibloux, Vuisternens-en-Ogoz, Ch\u00e9sopelloz, Corminboeuf, Bourguillon, Marly, Pierrafortscha, Villarsel-sur-Marly, Ferpicloz, Bonnefontaine, Essert FR, Le Mouret, Mont\u00e9vraz, Oberried FR, Z\u00e9nauva, Sen\u00e8des, Posieux, Farvagny-le-Grand, Farvagny-le-Petit, Grenilles, Posat, Corpataux, Magnedens, Rossens FR, Ecuvillens, Ependes FR, Arconciel, Treyvaux, Neyruz FR, Cottens FR, Autigny, Ch\u00e9nens, Lentigny, Prez-vers-Nor\u00e9az, Corserey, Matran, Avry-sur-Matran, Corjolens, Lovens, Onnens FR, Nor\u00e9az, Givisiez, Granges-Paccot, Grolley, Nierlet-les-Bois, Ponthaux, Autafond, Belfaux, Cormagens, Formangueires, La Corbaz, Lossy, Pensier, Barber\u00eache.\n<h3>Quels sont les styles de carrelages les plus populaires que vous installez\u202f?<\/h3>\n<p>Nous posons les carreaux appr\u00e9ci\u00e9s, suivants :<\/p>\n<ul>\n<li>Les carreaux mosa\u00efques.<\/li>\n<li>Les carrelages int\u00e9rieurs blancs de m\u00e9tro.<\/li>\n<li>Les carrelages de marbre.<\/li>\n<li>Les carreaux en c\u00e9ramique.<\/li>\n<li>Le carrelage ciment.<\/li>\n<li>Les carreaux de porcelaine.<\/li>\n<\/ul>\n","protected":false},"excerpt":{"rendered":"<p>Vous avez besoin d&rsquo;un nouveau carrelage \u00e0 Villars-sur-Gl\u00e2ne ? Artisanlocal vous propose une gamme de services pour la pose de carrelage : classique, de dosseret, pour votre cuisine, salle d&rsquo;eau ou sur votre sol ! Pourquoi choisir notre entreprise ? Nous proposons des prix comp\u00e9titifs, nous installons du carrelage de qualit\u00e9, notre soci\u00e9t\u00e9 est implant\u00e9e [&hellip;]<\/p>\n","protected":false},"author":4,"featured_media":2804,"parent":0,"menu_order":0,"comment_status":"closed","ping_status":"closed","template":"","meta":{"footnotes":""},"profession":[119],"location":[92],"canton":[109],"class_list":["post-557","page","type-page","status-publish","has-post-thumbnail","hentry","profession-carreleur","location-villars-sur-glane","canton-fr"],"yoast_head":"<!-- This site is optimized with the Yoast SEO Premium plugin v25.7.1 (Yoast SEO v27.3) - https:\/\/yoast.com\/product\/yoast-seo-premium-wordpress\/ -->\n<title>Entreprise de carrelage \u00e0 Villars-sur-Gl\u00e2ne - Artisanlocal<\/title>\n<meta name=\"robots\" content=\"index, follow, max-snippet:-1, max-image-preview:large, max-video-preview:-1\" \/>\n<link rel=\"canonical\" href=\"https:\/\/www.artisanlocal.ch\/c\/entreprise-de-carrelage-a-villars-sur-glane\/\" \/>\n<meta property=\"og:locale\" content=\"fr_FR\" \/>\n<meta property=\"og:type\" content=\"article\" \/>\n<meta property=\"og:title\" content=\"Entreprise de carrelage \u00e0 Villars-sur-Gl\u00e2ne\" \/>\n<meta property=\"og:description\" content=\"Vous avez besoin d&rsquo;un nouveau carrelage \u00e0 Villars-sur-Gl\u00e2ne ? Artisanlocal vous propose une gamme de services pour la pose de carrelage : classique, de dosseret, pour votre cuisine, salle d&rsquo;eau ou sur votre sol ! Pourquoi choisir notre entreprise ? Nous proposons des prix comp\u00e9titifs, nous installons du carrelage de qualit\u00e9, notre soci\u00e9t\u00e9 est implant\u00e9e [&hellip;]\" \/>\n<meta property=\"og:url\" content=\"https:\/\/www.artisanlocal.ch\/c\/entreprise-de-carrelage-a-villars-sur-glane\/\" \/>\n<meta property=\"og:site_name\" content=\"Artisanlocal\" \/>\n<meta property=\"article:modified_time\" content=\"2025-08-26T17:29:21+00:00\" \/>\n<meta property=\"og:image\" content=\"https:\/\/www.artisanlocal.ch\/c\/wp-content\/uploads\/2024\/11\/carreleur.jpg\" \/>\n\t<meta property=\"og:image:width\" content=\"1920\" \/>\n\t<meta property=\"og:image:height\" content=\"300\" \/>\n\t<meta property=\"og:image:type\" content=\"image\/jpeg\" \/>\n<meta name=\"twitter:card\" content=\"summary_large_image\" \/>\n<meta name=\"twitter:label1\" content=\"Dur\u00e9e de lecture estim\u00e9e\" \/>\n\t<meta name=\"twitter:data1\" content=\"4 minutes\" \/>\n<script type=\"application\/ld+json\" class=\"yoast-schema-graph\">{\"@context\":\"https:\\\/\\\/schema.org\",\"@graph\":[{\"@type\":\"WebPage\",\"@id\":\"https:\\\/\\\/www.artisanlocal.ch\\\/c\\\/entreprise-de-carrelage-a-villars-sur-glane\\\/\",\"url\":\"https:\\\/\\\/www.artisanlocal.ch\\\/c\\\/entreprise-de-carrelage-a-villars-sur-glane\\\/\",\"name\":\"Entreprise de carrelage \u00e0 Villars-sur-Gl\u00e2ne - Artisanlocal\",\"isPartOf\":{\"@id\":\"https:\\\/\\\/www.artisanlocal.ch\\\/c\\\/#website\"},\"primaryImageOfPage\":{\"@id\":\"https:\\\/\\\/www.artisanlocal.ch\\\/c\\\/entreprise-de-carrelage-a-villars-sur-glane\\\/#primaryimage\"},\"image\":{\"@id\":\"https:\\\/\\\/www.artisanlocal.ch\\\/c\\\/entreprise-de-carrelage-a-villars-sur-glane\\\/#primaryimage\"},\"thumbnailUrl\":\"https:\\\/\\\/www.artisanlocal.ch\\\/c\\\/wp-content\\\/uploads\\\/2024\\\/11\\\/carreleur.jpg\",\"datePublished\":\"2024-04-21T15:30:30+00:00\",\"dateModified\":\"2025-08-26T17:29:21+00:00\",\"breadcrumb\":{\"@id\":\"https:\\\/\\\/www.artisanlocal.ch\\\/c\\\/entreprise-de-carrelage-a-villars-sur-glane\\\/#breadcrumb\"},\"inLanguage\":\"fr-FR\",\"potentialAction\":[{\"@type\":\"ReadAction\",\"target\":[\"https:\\\/\\\/www.artisanlocal.ch\\\/c\\\/entreprise-de-carrelage-a-villars-sur-glane\\\/\"]}]},{\"@type\":\"ImageObject\",\"inLanguage\":\"fr-FR\",\"@id\":\"https:\\\/\\\/www.artisanlocal.ch\\\/c\\\/entreprise-de-carrelage-a-villars-sur-glane\\\/#primaryimage\",\"url\":\"https:\\\/\\\/www.artisanlocal.ch\\\/c\\\/wp-content\\\/uploads\\\/2024\\\/11\\\/carreleur.jpg\",\"contentUrl\":\"https:\\\/\\\/www.artisanlocal.ch\\\/c\\\/wp-content\\\/uploads\\\/2024\\\/11\\\/carreleur.jpg\",\"width\":1920,\"height\":300},{\"@type\":\"BreadcrumbList\",\"@id\":\"https:\\\/\\\/www.artisanlocal.ch\\\/c\\\/entreprise-de-carrelage-a-villars-sur-glane\\\/#breadcrumb\",\"itemListElement\":[{\"@type\":\"ListItem\",\"position\":1,\"name\":\"Accueil\",\"item\":\"https:\\\/\\\/www.artisanlocal.ch\\\/c\\\/\"},{\"@type\":\"ListItem\",\"position\":2,\"name\":\"Entreprise de carrelage \u00e0 Villars-sur-Gl\u00e2ne\"}]},{\"@type\":\"WebSite\",\"@id\":\"https:\\\/\\\/www.artisanlocal.ch\\\/c\\\/#website\",\"url\":\"https:\\\/\\\/www.artisanlocal.ch\\\/c\\\/\",\"name\":\"Artisanlocal\",\"description\":\"\",\"publisher\":{\"@id\":\"https:\\\/\\\/www.artisanlocal.ch\\\/c\\\/#organization\"},\"potentialAction\":[{\"@type\":\"SearchAction\",\"target\":{\"@type\":\"EntryPoint\",\"urlTemplate\":\"https:\\\/\\\/www.artisanlocal.ch\\\/c\\\/?s={search_term_string}\"},\"query-input\":{\"@type\":\"PropertyValueSpecification\",\"valueRequired\":true,\"valueName\":\"search_term_string\"}}],\"inLanguage\":\"fr-FR\"},{\"@type\":\"Organization\",\"@id\":\"https:\\\/\\\/www.artisanlocal.ch\\\/c\\\/#organization\",\"name\":\"Artisanlocal\",\"url\":\"https:\\\/\\\/www.artisanlocal.ch\\\/c\\\/\",\"logo\":{\"@type\":\"ImageObject\",\"inLanguage\":\"fr-FR\",\"@id\":\"https:\\\/\\\/www.artisanlocal.ch\\\/c\\\/#\\\/schema\\\/logo\\\/image\\\/\",\"url\":\"https:\\\/\\\/www.artisanlocal.ch\\\/c\\\/wp-content\\\/uploads\\\/2024\\\/02\\\/logo-artisanlocal-h.svg\",\"contentUrl\":\"https:\\\/\\\/www.artisanlocal.ch\\\/c\\\/wp-content\\\/uploads\\\/2024\\\/02\\\/logo-artisanlocal-h.svg\",\"caption\":\"Artisanlocal\"},\"image\":{\"@id\":\"https:\\\/\\\/www.artisanlocal.ch\\\/c\\\/#\\\/schema\\\/logo\\\/image\\\/\"}}]}<\/script>\n<!-- \/ Yoast SEO Premium plugin. -->","yoast_head_json":{"title":"Entreprise de carrelage \u00e0 Villars-sur-Gl\u00e2ne - Artisanlocal","robots":{"index":"index","follow":"follow","max-snippet":"max-snippet:-1","max-image-preview":"max-image-preview:large","max-video-preview":"max-video-preview:-1"},"canonical":"https:\/\/www.artisanlocal.ch\/c\/entreprise-de-carrelage-a-villars-sur-glane\/","og_locale":"fr_FR","og_type":"article","og_title":"Entreprise de carrelage \u00e0 Villars-sur-Gl\u00e2ne","og_description":"Vous avez besoin d&rsquo;un nouveau carrelage \u00e0 Villars-sur-Gl\u00e2ne ? Artisanlocal vous propose une gamme de services pour la pose de carrelage : classique, de dosseret, pour votre cuisine, salle d&rsquo;eau ou sur votre sol ! Pourquoi choisir notre entreprise ? Nous proposons des prix comp\u00e9titifs, nous installons du carrelage de qualit\u00e9, notre soci\u00e9t\u00e9 est implant\u00e9e [&hellip;]","og_url":"https:\/\/www.artisanlocal.ch\/c\/entreprise-de-carrelage-a-villars-sur-glane\/","og_site_name":"Artisanlocal","article_modified_time":"2025-08-26T17:29:21+00:00","og_image":[{"width":1920,"height":300,"url":"https:\/\/www.artisanlocal.ch\/c\/wp-content\/uploads\/2024\/11\/carreleur.jpg","type":"image\/jpeg"}],"twitter_card":"summary_large_image","twitter_misc":{"Dur\u00e9e de lecture estim\u00e9e":"4 minutes"},"schema":{"@context":"https:\/\/schema.org","@graph":[{"@type":"WebPage","@id":"https:\/\/www.artisanlocal.ch\/c\/entreprise-de-carrelage-a-villars-sur-glane\/","url":"https:\/\/www.artisanlocal.ch\/c\/entreprise-de-carrelage-a-villars-sur-glane\/","name":"Entreprise de carrelage \u00e0 Villars-sur-Gl\u00e2ne - Artisanlocal","isPartOf":{"@id":"https:\/\/www.artisanlocal.ch\/c\/#website"},"primaryImageOfPage":{"@id":"https:\/\/www.artisanlocal.ch\/c\/entreprise-de-carrelage-a-villars-sur-glane\/#primaryimage"},"image":{"@id":"https:\/\/www.artisanlocal.ch\/c\/entreprise-de-carrelage-a-villars-sur-glane\/#primaryimage"},"thumbnailUrl":"https:\/\/www.artisanlocal.ch\/c\/wp-content\/uploads\/2024\/11\/carreleur.jpg","datePublished":"2024-04-21T15:30:30+00:00","dateModified":"2025-08-26T17:29:21+00:00","breadcrumb":{"@id":"https:\/\/www.artisanlocal.ch\/c\/entreprise-de-carrelage-a-villars-sur-glane\/#breadcrumb"},"inLanguage":"fr-FR","potentialAction":[{"@type":"ReadAction","target":["https:\/\/www.artisanlocal.ch\/c\/entreprise-de-carrelage-a-villars-sur-glane\/"]}]},{"@type":"ImageObject","inLanguage":"fr-FR","@id":"https:\/\/www.artisanlocal.ch\/c\/entreprise-de-carrelage-a-villars-sur-glane\/#primaryimage","url":"https:\/\/www.artisanlocal.ch\/c\/wp-content\/uploads\/2024\/11\/carreleur.jpg","contentUrl":"https:\/\/www.artisanlocal.ch\/c\/wp-content\/uploads\/2024\/11\/carreleur.jpg","width":1920,"height":300},{"@type":"BreadcrumbList","@id":"https:\/\/www.artisanlocal.ch\/c\/entreprise-de-carrelage-a-villars-sur-glane\/#breadcrumb","itemListElement":[{"@type":"ListItem","position":1,"name":"Accueil","item":"https:\/\/www.artisanlocal.ch\/c\/"},{"@type":"ListItem","position":2,"name":"Entreprise de carrelage \u00e0 Villars-sur-Gl\u00e2ne"}]},{"@type":"WebSite","@id":"https:\/\/www.artisanlocal.ch\/c\/#website","url":"https:\/\/www.artisanlocal.ch\/c\/","name":"Artisanlocal","description":"","publisher":{"@id":"https:\/\/www.artisanlocal.ch\/c\/#organization"},"potentialAction":[{"@type":"SearchAction","target":{"@type":"EntryPoint","urlTemplate":"https:\/\/www.artisanlocal.ch\/c\/?s={search_term_string}"},"query-input":{"@type":"PropertyValueSpecification","valueRequired":true,"valueName":"search_term_string"}}],"inLanguage":"fr-FR"},{"@type":"Organization","@id":"https:\/\/www.artisanlocal.ch\/c\/#organization","name":"Artisanlocal","url":"https:\/\/www.artisanlocal.ch\/c\/","logo":{"@type":"ImageObject","inLanguage":"fr-FR","@id":"https:\/\/www.artisanlocal.ch\/c\/#\/schema\/logo\/image\/","url":"https:\/\/www.artisanlocal.ch\/c\/wp-content\/uploads\/2024\/02\/logo-artisanlocal-h.svg","contentUrl":"https:\/\/www.artisanlocal.ch\/c\/wp-content\/uploads\/2024\/02\/logo-artisanlocal-h.svg","caption":"Artisanlocal"},"image":{"@id":"https:\/\/www.artisanlocal.ch\/c\/#\/schema\/logo\/image\/"}}]}},"_links":{"self":[{"href":"https:\/\/www.artisanlocal.ch\/c\/wp-json\/wp\/v2\/pages\/557","targetHints":{"allow":["GET"]}}],"collection":[{"href":"https:\/\/www.artisanlocal.ch\/c\/wp-json\/wp\/v2\/pages"}],"about":[{"href":"https:\/\/www.artisanlocal.ch\/c\/wp-json\/wp\/v2\/types\/page"}],"author":[{"embeddable":true,"href":"https:\/\/www.artisanlocal.ch\/c\/wp-json\/wp\/v2\/users\/4"}],"replies":[{"embeddable":true,"href":"https:\/\/www.artisanlocal.ch\/c\/wp-json\/wp\/v2\/comments?post=557"}],"version-history":[{"count":0,"href":"https:\/\/www.artisanlocal.ch\/c\/wp-json\/wp\/v2\/pages\/557\/revisions"}],"wp:featuredmedia":[{"embeddable":true,"href":"https:\/\/www.artisanlocal.ch\/c\/wp-json\/wp\/v2\/media\/2804"}],"wp:attachment":[{"href":"https:\/\/www.artisanlocal.ch\/c\/wp-json\/wp\/v2\/media?parent=557"}],"wp:term":[{"taxonomy":"profession","embeddable":true,"href":"https:\/\/www.artisanlocal.ch\/c\/wp-json\/wp\/v2\/profession?post=557"},{"taxonomy":"location","embeddable":true,"href":"https:\/\/www.artisanlocal.ch\/c\/wp-json\/wp\/v2\/location?post=557"},{"taxonomy":"canton","embeddable":true,"href":"https:\/\/www.artisanlocal.ch\/c\/wp-json\/wp\/v2\/canton?post=557"}],"curies":[{"name":"wp","href":"https:\/\/api.w.org\/{rel}","templated":true}]}}