{"id":558,"date":"2024-04-21T18:53:44","date_gmt":"2024-04-21T16:53:44","guid":{"rendered":"https:\/\/www.artisanlocal.ch\/c\/besoin-dun-expert-de-la-pose-de-carrelage-a-attalens\/"},"modified":"2025-08-26T19:29:19","modified_gmt":"2025-08-26T17:29:19","slug":"besoin-dun-expert-de-la-pose-de-carrelage-a-attalens","status":"publish","type":"page","link":"https:\/\/www.artisanlocal.ch\/c\/besoin-dun-expert-de-la-pose-de-carrelage-a-attalens\/","title":{"rendered":"Entreprise de carrelage \u00e0 Attalens"},"content":{"rendered":"<p>Pour obtenir des devis en ligne, contactez-nous. Artisanlocal propose des prestations de pose de carrelage pour r\u00e9pondre \u00e0 tous vos besoins de pose de carrelage classique, de carreaux de dosseret, de carrelage dans votre salle d&rsquo;eau ou sur votre plancher ! Nous nous d\u00e9pla\u00e7ons aussi dans les villes \u00e0 proximit\u00e9 de Attalens.<\/p>\n\r\n<div class=\"box\">\r\n    <h2 class=\"text-dark\">Nous cherchons un <em class=\"text-primary\">Carreleur<\/em> dans la r\u00e9gion de <em class=\"text-primary\">Attalens<\/em>  en exclusivit\u00e9, afin de proposer vos services \u00e0 nos clients propri\u00e9taires.<\/h2>\r\n    <p>Une opportunit\u00e9 unique pour booster votre activit\u00e9 \u00e0 <strong>Attalens<\/strong> et aux alentours dans votre domaine (Carreleur).<\/p>\r\n    <p>Nous travaillons en exclusivit\u00e9 avec qu'une soci\u00e9t\u00e9 par m\u00e9tier et par r\u00e9gion. <br>Votre entreprise est pr\u00e9sente sur tous les documents immobiliers. Afin d'\u00eatre mieux vu sur le net, vous \u00eates \u00e9galement visible sur nos deux sites et sur les pages de r\u00e9f\u00e9rencement de votre r\u00e9gion.<\/p>\r\n    <a href=\"\/contact\" class=\"wp-block-button__link has-accent-background-color has-text-align-center wp-element-button\">R\u00e9server<\/a>\r\n<\/div>\n<h2>Quelle est la plus-value qu&rsquo;offre notre entreprise ?<\/h2>\n<p>Pour tout projet d&rsquo;installation de carrelage \u00e0 Attalens, comptez sur Artisanlocal, s\u00e9lectionnez notre entreprise, car :<\/p>\n<ul>\n<li>nous offrons un bon rapport qualit\u00e9-prix,<\/li>\n<li>nos carrelages sont de qualit\u00e9s,<\/li>\n<li>notre entreprise est situ\u00e9e \u00e0 Attalens, et se d\u00e9place en urgence \u00e0 votre logement,<\/li>\n<li>nos recommandations sont personnalis\u00e9es \u00e0 votre projet, par exemple : pour s\u00e9lectionner vos carreaux,<\/li>\n<li>nos devis sont gratuits,<\/li>\n<li>notre \u00e9quipe est exp\u00e9riment\u00e9e,<\/li>\n<li>une entreprise de confiance : nous r\u00e9alisons des interventions dans des grandes entreprises et des cabinets d&rsquo;architectes pour r\u00e9aliser l&rsquo;installation de carrelage, de fa\u00efence, de parquet, et de rev\u00eatements vari\u00e9s.<\/li>\n<\/ul>\n<h2>Recevez une estimation pour l&rsquo;installation de carrelage en prenant contact avec nous maintenant<\/h2>\n<p>N&rsquo;h\u00e9sitez pas \u00e0 nous contacter si vous souhaitez obtenir un devis, nous r\u00e9pondrons d\u00e8s que possible pour \u00e9valuer le prix de l&rsquo;installation de votre carrelage.<\/p>\n<h2>Nos prestations<\/h2>\n<p>Nos artisans de la pose de carrelage qui op\u00e8rent \u00e0 Attalens fournissent aux commerces locaux et aux Attalensois, les services suivants :<\/p>\n<ul>\n<li>La mise en place de diff\u00e9rents carreaux tels que le carrelage classique, la fa\u00efence et le parquet,<\/li>\n<li>une aide pour bien choisir votre carrelage,<\/li>\n<li>la mise en place de vos carreaux,<\/li>\n<li>le scellement du carrelage,<\/li>\n<li>la pose de carrelage sur les sols et les parois,<\/li>\n<li>l&rsquo;installation de carreaux pour les zones ext\u00e9rieures et int\u00e9rieures de votre r\u00e9sidence,<\/li>\n<li>l\u2019enl\u00e8vement du carrelage en place,<\/li>\n<li>le d\u00e9montage du parquet flottant,<\/li>\n<li>la pose du carrelage sur votre terrasse.<\/li>\n<\/ul>\n<h2>Comment s\u00e9lectionner le carrelage id\u00e9al pour votre espace ?<\/h2>\n<h3>Songer au lieu o\u00f9 le carrelage sera plac\u00e9<\/h3>\n<p>Prenez en compte l&rsquo;endroit o\u00f9 le carrelage va \u00eatre pos\u00e9 et aussi s&rsquo;il se trouve dans un passage fr\u00e9quent\u00e9? D&rsquo;autre part, les gens porteront-ils des chaussettes ou des chaussures en marchant sur les carreaux? Sera-t-il expos\u00e9 aux climats humides? Pensez aussi aux espaces qu&rsquo;il couvrira, tel que les sols, les plans de travail, les murs, etc.<\/p>\n<h3>\u00c9valuez le volume de carreaux<\/h3>\n<p>Pour calculer la quantit\u00e9 de carreaux n\u00e9cessaires pour votre projet, faites la multiplication : largeur par sa longueur et ajoutez approximativement 5 % pour conserver une marge de protection. Nous sugg\u00e9rons de conserver des carreaux suppl\u00e9mentaires en cas de dommages futurs.<\/p>\n<h3>Choisissez le mat\u00e9riau<\/h3>\n<p>Il existe plusieurs mat\u00e9riaux \u00e0 partir desquels le carrelage est fabriqu\u00e9, le type de mat\u00e9riaux a un effet sur : le co\u00fbt de l&rsquo;entretien, l&rsquo;apparence et la long\u00e9vit\u00e9. De plus, les finitions et la texture devraient par ailleurs \u00eatre prises en compte afin de trouver des carreaux qui sont \u00e0 vos gouts.<\/p>\n<h3>Nettoyage<\/h3>\n<p>Vous devez d&rsquo;autre part prendre en compte le niveau d&rsquo;entretien lors du choix de vos carreaux, notamment : le scellement des carreaux avec un joint clair occasionne un entretien plus long, parce qu&rsquo;il agglom\u00e8re \u00e0 toute vitesse la salet\u00e9, le rendent plus difficile \u00e0 laver que d&rsquo;autres coloris.<\/p>\n<h2>Obtenez un rendez-vous d\u00e8s aujourd&rsquo;hui<\/h2>\n<p>Nos sp\u00e9cialistes de la pose de carreaux \u00e0 Attalens savent que la s\u00e9lection des carreaux peut-\u00eatre complexe, c&rsquo;est pourquoi notre \u00e9quipe est joignable du lundi au samedi pour vous offrir des conseils.<\/p>\n<h2>Questions-r\u00e9ponses<\/h2>\n<h3>Quel est le fonctionnement de votre entreprise ?<\/h3>\n<ol>\n<li>Vous devez prendre contact avec nous par email ou t\u00e9l\u00e9phone.<\/li>\n<li>Nous fixons ensemble le rendez-vous en fonction de votre agenda.<\/li>\n<li>Visite \u00e0 votre domicile pour d\u00e9finir le travail \u00e0 faire.<\/li>\n<li>Nous mettons en route votre projet.<\/li>\n<\/ol>\n<h3>Intervenez-vous dans les localit\u00e9s \u00e0 proximit\u00e9 de Attalens ?<\/h3>\n<p>Oui, nous nous d\u00e9pla\u00e7ons \u00e0 Attalens, cependant, notre \u00e9quipe op\u00e8re dans les villes aux alentours, tels que:<\/p>\nBesencens, Fiaug\u00e8res, St-Martin FR, Granges (Veveyse), Bossonnens, Tatroz, Remaufens, Ch\u00e2tel-St-Denis, Les Paccots, Semsales, Grattavache, La Verrerie, Progens, Bouloz, Pont (Veveyse), Porsel.\n<\/p>\n<h3>Quels sont les styles de carrelages les plus populaires que vous installez\u202f?<\/h3>\n<p>Voici les carrelages les plus appr\u00e9ci\u00e9s que nous posons:<\/p>\n<ul>\n<li>Les carrelages mosa\u00efques : classique, les carreaux mosa\u00efques ajoutent une allure incomparable \u00e0 votre foyer.<\/li>\n<li>Les carrelages de m\u00e9tro blancs : embl\u00e9matiques, nous les recommandons pour votre r\u00e9novation de salle de bain ou de votre cuisine.<\/li>\n<li>Les carreaux de marbre : ils sont plus chers, mais ils permettent d&rsquo;apporter une touche de luxe \u00e0 votre int\u00e9rieur.<\/li>\n<li>Les carrelages en c\u00e9ramique : ils sont \u00e9conomiques, simples \u00e0 nettoyer et ils trouvables dans plusieurs d\u00e9clinaisons.<\/li>\n<li>Le carrelage ciment : ils sont pris\u00e9s et ils accrochent les yeux, ils sont fr\u00e9quemment utilis\u00e9s dans les galeries marchandes et maisons.<\/li>\n<li>Les carreaux de porcelaine : ressemblant aux surfaces naturelles, il est r\u00e9sistant aux chocs, changement de climat.<\/li>\n<\/ul>\n","protected":false},"excerpt":{"rendered":"<p>Pour obtenir des devis en ligne, contactez-nous. Artisanlocal propose des prestations de pose de carrelage pour r\u00e9pondre \u00e0 tous vos besoins de pose de carrelage classique, de carreaux de dosseret, de carrelage dans votre salle d&rsquo;eau ou sur votre plancher ! Nous nous d\u00e9pla\u00e7ons aussi dans les villes \u00e0 proximit\u00e9 de Attalens. Quelle est la [&hellip;]<\/p>\n","protected":false},"author":4,"featured_media":2804,"parent":0,"menu_order":0,"comment_status":"closed","ping_status":"closed","template":"","meta":{"footnotes":""},"profession":[119],"location":[32],"canton":[109],"class_list":["post-558","page","type-page","status-publish","has-post-thumbnail","hentry","profession-carreleur","location-attalens","canton-fr"],"yoast_head":"<!-- This site is optimized with the Yoast SEO Premium plugin v25.7.1 (Yoast SEO v27.3) - https:\/\/yoast.com\/product\/yoast-seo-premium-wordpress\/ -->\n<title>Entreprise de carrelage \u00e0 Attalens - Artisanlocal<\/title>\n<meta name=\"robots\" content=\"index, follow, max-snippet:-1, max-image-preview:large, max-video-preview:-1\" \/>\n<link rel=\"canonical\" href=\"https:\/\/www.artisanlocal.ch\/c\/besoin-dun-expert-de-la-pose-de-carrelage-a-attalens\/\" \/>\n<meta property=\"og:locale\" content=\"fr_FR\" \/>\n<meta property=\"og:type\" content=\"article\" \/>\n<meta property=\"og:title\" content=\"Entreprise de carrelage \u00e0 Attalens\" \/>\n<meta property=\"og:description\" content=\"Pour obtenir des devis en ligne, contactez-nous. Artisanlocal propose des prestations de pose de carrelage pour r\u00e9pondre \u00e0 tous vos besoins de pose de carrelage classique, de carreaux de dosseret, de carrelage dans votre salle d&rsquo;eau ou sur votre plancher ! Nous nous d\u00e9pla\u00e7ons aussi dans les villes \u00e0 proximit\u00e9 de Attalens. Quelle est la [&hellip;]\" \/>\n<meta property=\"og:url\" content=\"https:\/\/www.artisanlocal.ch\/c\/besoin-dun-expert-de-la-pose-de-carrelage-a-attalens\/\" \/>\n<meta property=\"og:site_name\" content=\"Artisanlocal\" \/>\n<meta property=\"article:modified_time\" content=\"2025-08-26T17:29:19+00:00\" \/>\n<meta property=\"og:image\" content=\"https:\/\/www.artisanlocal.ch\/c\/wp-content\/uploads\/2024\/11\/carreleur.jpg\" \/>\n\t<meta property=\"og:image:width\" content=\"1920\" \/>\n\t<meta property=\"og:image:height\" content=\"300\" \/>\n\t<meta property=\"og:image:type\" content=\"image\/jpeg\" \/>\n<meta name=\"twitter:card\" content=\"summary_large_image\" \/>\n<meta name=\"twitter:label1\" content=\"Dur\u00e9e de lecture estim\u00e9e\" \/>\n\t<meta name=\"twitter:data1\" content=\"4 minutes\" \/>\n<script type=\"application\/ld+json\" class=\"yoast-schema-graph\">{\"@context\":\"https:\\\/\\\/schema.org\",\"@graph\":[{\"@type\":\"WebPage\",\"@id\":\"https:\\\/\\\/www.artisanlocal.ch\\\/c\\\/besoin-dun-expert-de-la-pose-de-carrelage-a-attalens\\\/\",\"url\":\"https:\\\/\\\/www.artisanlocal.ch\\\/c\\\/besoin-dun-expert-de-la-pose-de-carrelage-a-attalens\\\/\",\"name\":\"Entreprise de carrelage \u00e0 Attalens - Artisanlocal\",\"isPartOf\":{\"@id\":\"https:\\\/\\\/www.artisanlocal.ch\\\/c\\\/#website\"},\"primaryImageOfPage\":{\"@id\":\"https:\\\/\\\/www.artisanlocal.ch\\\/c\\\/besoin-dun-expert-de-la-pose-de-carrelage-a-attalens\\\/#primaryimage\"},\"image\":{\"@id\":\"https:\\\/\\\/www.artisanlocal.ch\\\/c\\\/besoin-dun-expert-de-la-pose-de-carrelage-a-attalens\\\/#primaryimage\"},\"thumbnailUrl\":\"https:\\\/\\\/www.artisanlocal.ch\\\/c\\\/wp-content\\\/uploads\\\/2024\\\/11\\\/carreleur.jpg\",\"datePublished\":\"2024-04-21T16:53:44+00:00\",\"dateModified\":\"2025-08-26T17:29:19+00:00\",\"breadcrumb\":{\"@id\":\"https:\\\/\\\/www.artisanlocal.ch\\\/c\\\/besoin-dun-expert-de-la-pose-de-carrelage-a-attalens\\\/#breadcrumb\"},\"inLanguage\":\"fr-FR\",\"potentialAction\":[{\"@type\":\"ReadAction\",\"target\":[\"https:\\\/\\\/www.artisanlocal.ch\\\/c\\\/besoin-dun-expert-de-la-pose-de-carrelage-a-attalens\\\/\"]}]},{\"@type\":\"ImageObject\",\"inLanguage\":\"fr-FR\",\"@id\":\"https:\\\/\\\/www.artisanlocal.ch\\\/c\\\/besoin-dun-expert-de-la-pose-de-carrelage-a-attalens\\\/#primaryimage\",\"url\":\"https:\\\/\\\/www.artisanlocal.ch\\\/c\\\/wp-content\\\/uploads\\\/2024\\\/11\\\/carreleur.jpg\",\"contentUrl\":\"https:\\\/\\\/www.artisanlocal.ch\\\/c\\\/wp-content\\\/uploads\\\/2024\\\/11\\\/carreleur.jpg\",\"width\":1920,\"height\":300},{\"@type\":\"BreadcrumbList\",\"@id\":\"https:\\\/\\\/www.artisanlocal.ch\\\/c\\\/besoin-dun-expert-de-la-pose-de-carrelage-a-attalens\\\/#breadcrumb\",\"itemListElement\":[{\"@type\":\"ListItem\",\"position\":1,\"name\":\"Accueil\",\"item\":\"https:\\\/\\\/www.artisanlocal.ch\\\/c\\\/\"},{\"@type\":\"ListItem\",\"position\":2,\"name\":\"Entreprise de carrelage \u00e0 Attalens\"}]},{\"@type\":\"WebSite\",\"@id\":\"https:\\\/\\\/www.artisanlocal.ch\\\/c\\\/#website\",\"url\":\"https:\\\/\\\/www.artisanlocal.ch\\\/c\\\/\",\"name\":\"Artisanlocal\",\"description\":\"\",\"publisher\":{\"@id\":\"https:\\\/\\\/www.artisanlocal.ch\\\/c\\\/#organization\"},\"potentialAction\":[{\"@type\":\"SearchAction\",\"target\":{\"@type\":\"EntryPoint\",\"urlTemplate\":\"https:\\\/\\\/www.artisanlocal.ch\\\/c\\\/?s={search_term_string}\"},\"query-input\":{\"@type\":\"PropertyValueSpecification\",\"valueRequired\":true,\"valueName\":\"search_term_string\"}}],\"inLanguage\":\"fr-FR\"},{\"@type\":\"Organization\",\"@id\":\"https:\\\/\\\/www.artisanlocal.ch\\\/c\\\/#organization\",\"name\":\"Artisanlocal\",\"url\":\"https:\\\/\\\/www.artisanlocal.ch\\\/c\\\/\",\"logo\":{\"@type\":\"ImageObject\",\"inLanguage\":\"fr-FR\",\"@id\":\"https:\\\/\\\/www.artisanlocal.ch\\\/c\\\/#\\\/schema\\\/logo\\\/image\\\/\",\"url\":\"https:\\\/\\\/www.artisanlocal.ch\\\/c\\\/wp-content\\\/uploads\\\/2024\\\/02\\\/logo-artisanlocal-h.svg\",\"contentUrl\":\"https:\\\/\\\/www.artisanlocal.ch\\\/c\\\/wp-content\\\/uploads\\\/2024\\\/02\\\/logo-artisanlocal-h.svg\",\"caption\":\"Artisanlocal\"},\"image\":{\"@id\":\"https:\\\/\\\/www.artisanlocal.ch\\\/c\\\/#\\\/schema\\\/logo\\\/image\\\/\"}}]}<\/script>\n<!-- \/ Yoast SEO Premium plugin. -->","yoast_head_json":{"title":"Entreprise de carrelage \u00e0 Attalens - Artisanlocal","robots":{"index":"index","follow":"follow","max-snippet":"max-snippet:-1","max-image-preview":"max-image-preview:large","max-video-preview":"max-video-preview:-1"},"canonical":"https:\/\/www.artisanlocal.ch\/c\/besoin-dun-expert-de-la-pose-de-carrelage-a-attalens\/","og_locale":"fr_FR","og_type":"article","og_title":"Entreprise de carrelage \u00e0 Attalens","og_description":"Pour obtenir des devis en ligne, contactez-nous. Artisanlocal propose des prestations de pose de carrelage pour r\u00e9pondre \u00e0 tous vos besoins de pose de carrelage classique, de carreaux de dosseret, de carrelage dans votre salle d&rsquo;eau ou sur votre plancher ! Nous nous d\u00e9pla\u00e7ons aussi dans les villes \u00e0 proximit\u00e9 de Attalens. Quelle est la [&hellip;]","og_url":"https:\/\/www.artisanlocal.ch\/c\/besoin-dun-expert-de-la-pose-de-carrelage-a-attalens\/","og_site_name":"Artisanlocal","article_modified_time":"2025-08-26T17:29:19+00:00","og_image":[{"width":1920,"height":300,"url":"https:\/\/www.artisanlocal.ch\/c\/wp-content\/uploads\/2024\/11\/carreleur.jpg","type":"image\/jpeg"}],"twitter_card":"summary_large_image","twitter_misc":{"Dur\u00e9e de lecture estim\u00e9e":"4 minutes"},"schema":{"@context":"https:\/\/schema.org","@graph":[{"@type":"WebPage","@id":"https:\/\/www.artisanlocal.ch\/c\/besoin-dun-expert-de-la-pose-de-carrelage-a-attalens\/","url":"https:\/\/www.artisanlocal.ch\/c\/besoin-dun-expert-de-la-pose-de-carrelage-a-attalens\/","name":"Entreprise de carrelage \u00e0 Attalens - Artisanlocal","isPartOf":{"@id":"https:\/\/www.artisanlocal.ch\/c\/#website"},"primaryImageOfPage":{"@id":"https:\/\/www.artisanlocal.ch\/c\/besoin-dun-expert-de-la-pose-de-carrelage-a-attalens\/#primaryimage"},"image":{"@id":"https:\/\/www.artisanlocal.ch\/c\/besoin-dun-expert-de-la-pose-de-carrelage-a-attalens\/#primaryimage"},"thumbnailUrl":"https:\/\/www.artisanlocal.ch\/c\/wp-content\/uploads\/2024\/11\/carreleur.jpg","datePublished":"2024-04-21T16:53:44+00:00","dateModified":"2025-08-26T17:29:19+00:00","breadcrumb":{"@id":"https:\/\/www.artisanlocal.ch\/c\/besoin-dun-expert-de-la-pose-de-carrelage-a-attalens\/#breadcrumb"},"inLanguage":"fr-FR","potentialAction":[{"@type":"ReadAction","target":["https:\/\/www.artisanlocal.ch\/c\/besoin-dun-expert-de-la-pose-de-carrelage-a-attalens\/"]}]},{"@type":"ImageObject","inLanguage":"fr-FR","@id":"https:\/\/www.artisanlocal.ch\/c\/besoin-dun-expert-de-la-pose-de-carrelage-a-attalens\/#primaryimage","url":"https:\/\/www.artisanlocal.ch\/c\/wp-content\/uploads\/2024\/11\/carreleur.jpg","contentUrl":"https:\/\/www.artisanlocal.ch\/c\/wp-content\/uploads\/2024\/11\/carreleur.jpg","width":1920,"height":300},{"@type":"BreadcrumbList","@id":"https:\/\/www.artisanlocal.ch\/c\/besoin-dun-expert-de-la-pose-de-carrelage-a-attalens\/#breadcrumb","itemListElement":[{"@type":"ListItem","position":1,"name":"Accueil","item":"https:\/\/www.artisanlocal.ch\/c\/"},{"@type":"ListItem","position":2,"name":"Entreprise de carrelage \u00e0 Attalens"}]},{"@type":"WebSite","@id":"https:\/\/www.artisanlocal.ch\/c\/#website","url":"https:\/\/www.artisanlocal.ch\/c\/","name":"Artisanlocal","description":"","publisher":{"@id":"https:\/\/www.artisanlocal.ch\/c\/#organization"},"potentialAction":[{"@type":"SearchAction","target":{"@type":"EntryPoint","urlTemplate":"https:\/\/www.artisanlocal.ch\/c\/?s={search_term_string}"},"query-input":{"@type":"PropertyValueSpecification","valueRequired":true,"valueName":"search_term_string"}}],"inLanguage":"fr-FR"},{"@type":"Organization","@id":"https:\/\/www.artisanlocal.ch\/c\/#organization","name":"Artisanlocal","url":"https:\/\/www.artisanlocal.ch\/c\/","logo":{"@type":"ImageObject","inLanguage":"fr-FR","@id":"https:\/\/www.artisanlocal.ch\/c\/#\/schema\/logo\/image\/","url":"https:\/\/www.artisanlocal.ch\/c\/wp-content\/uploads\/2024\/02\/logo-artisanlocal-h.svg","contentUrl":"https:\/\/www.artisanlocal.ch\/c\/wp-content\/uploads\/2024\/02\/logo-artisanlocal-h.svg","caption":"Artisanlocal"},"image":{"@id":"https:\/\/www.artisanlocal.ch\/c\/#\/schema\/logo\/image\/"}}]}},"_links":{"self":[{"href":"https:\/\/www.artisanlocal.ch\/c\/wp-json\/wp\/v2\/pages\/558","targetHints":{"allow":["GET"]}}],"collection":[{"href":"https:\/\/www.artisanlocal.ch\/c\/wp-json\/wp\/v2\/pages"}],"about":[{"href":"https:\/\/www.artisanlocal.ch\/c\/wp-json\/wp\/v2\/types\/page"}],"author":[{"embeddable":true,"href":"https:\/\/www.artisanlocal.ch\/c\/wp-json\/wp\/v2\/users\/4"}],"replies":[{"embeddable":true,"href":"https:\/\/www.artisanlocal.ch\/c\/wp-json\/wp\/v2\/comments?post=558"}],"version-history":[{"count":0,"href":"https:\/\/www.artisanlocal.ch\/c\/wp-json\/wp\/v2\/pages\/558\/revisions"}],"wp:featuredmedia":[{"embeddable":true,"href":"https:\/\/www.artisanlocal.ch\/c\/wp-json\/wp\/v2\/media\/2804"}],"wp:attachment":[{"href":"https:\/\/www.artisanlocal.ch\/c\/wp-json\/wp\/v2\/media?parent=558"}],"wp:term":[{"taxonomy":"profession","embeddable":true,"href":"https:\/\/www.artisanlocal.ch\/c\/wp-json\/wp\/v2\/profession?post=558"},{"taxonomy":"location","embeddable":true,"href":"https:\/\/www.artisanlocal.ch\/c\/wp-json\/wp\/v2\/location?post=558"},{"taxonomy":"canton","embeddable":true,"href":"https:\/\/www.artisanlocal.ch\/c\/wp-json\/wp\/v2\/canton?post=558"}],"curies":[{"name":"wp","href":"https:\/\/api.w.org\/{rel}","templated":true}]}}