{"id":559,"date":"2024-04-22T09:49:07","date_gmt":"2024-04-22T07:49:07","guid":{"rendered":"https:\/\/www.artisanlocal.ch\/c\/besoin-dun-specialiste-de-la-pose-de-carrelage-a-geneve\/"},"modified":"2025-08-26T19:28:50","modified_gmt":"2025-08-26T17:28:50","slug":"besoin-dun-specialiste-de-la-pose-de-carrelage-a-geneve","status":"publish","type":"page","link":"https:\/\/www.artisanlocal.ch\/c\/besoin-dun-specialiste-de-la-pose-de-carrelage-a-geneve\/","title":{"rendered":"Entreprise de carrelage \u00e0 Gen\u00e8ve"},"content":{"rendered":"<p>Besoin d&rsquo;une entreprise de carrelage \u00e0 Gen\u00e8ve ? Recevez un devis, nous proposons l&rsquo;installation de carrelage pour r\u00e9pondre \u00e0 toutes vos demandes, pour le carrelage : classique, de dosseret, dans votre salle d&rsquo;eau ou sur votre plancher ! Nous nous d\u00e9pla\u00e7ons aussi dans les villes \u00e0 proximit\u00e9 de Gen\u00e8ve.<br \/>\n\r\n<div class=\"box\">\r\n    <h2 class=\"text-dark\">Nous cherchons un <em class=\"text-primary\">Carreleur<\/em> dans la r\u00e9gion de <em class=\"text-primary\">Gen\u00e8ve<\/em>  en exclusivit\u00e9, afin de proposer vos services \u00e0 nos clients propri\u00e9taires.<\/h2>\r\n    <p>Une opportunit\u00e9 unique pour booster votre activit\u00e9 \u00e0 <strong>Gen\u00e8ve<\/strong> et aux alentours dans votre domaine (Carreleur).<\/p>\r\n    <p>Nous travaillons en exclusivit\u00e9 avec qu'une soci\u00e9t\u00e9 par m\u00e9tier et par r\u00e9gion. <br>Votre entreprise est pr\u00e9sente sur tous les documents immobiliers. Afin d'\u00eatre mieux vu sur le net, vous \u00eates \u00e9galement visible sur nos deux sites et sur les pages de r\u00e9f\u00e9rencement de votre r\u00e9gion.<\/p>\r\n    <a href=\"\/contact\" class=\"wp-block-button__link has-accent-background-color has-text-align-center wp-element-button\">R\u00e9server<\/a>\r\n<\/div><\/p>\n<h2>Pourquoi choisir notre soci\u00e9t\u00e9 ?<\/h2>\n<p>Artisanlocal vous aide dans votre projet \u00e0 Gen\u00e8ve, contactez-nous parce que :<\/p>\n<ul>\n<li>nous offrons des tarifs attractifs,<\/li>\n<li>nous posons du carrelage de qualit\u00e9,<\/li>\n<li>notre entreprise est install\u00e9e \u00e0 Gen\u00e8ve et permet \u00e0 nos techniciens d\u2019intervenir rapidement chez vous,<\/li>\n<li>nous vous guidons pour acheter le carrelage le plus adapt\u00e9 \u00e0 votre maison,<\/li>\n<li>nos devis sont gratuits,<\/li>\n<li>nos techniciens ont accumul\u00e9 de l&rsquo;exp\u00e9rience,<\/li>\n<li>une soci\u00e9t\u00e9 de confiance : nous travaillons avec des entreprises importantes et des entreprises d&rsquo;architectures pour des poses de parquet, carrelage, fa\u00efence, et autres poses de carreaux.<\/li>\n<\/ul>\n<h2>Recevez une estimation pour l&rsquo;installation de carrelage en prenant contact avec nous maintenant<\/h2>\n<p>Appelez-nous pour recevoir un devis, nous prendrons contact avec vous d\u00e8s que possible pour estimer le co\u00fbt de votre projet.<\/p>\n<h2>Nos services<\/h2>\n<p>Nos professionnels de l&rsquo;installation de carrelage \u00e0 Gen\u00e8ve proposent aux professionnels et aux particuliers, les solutions, comme :<\/p>\n<ul>\n<li>Les installations de carrelage, fa\u00efence, parquet, et autres mod\u00e8les de carrelages,<\/li>\n<li>la pose de vos carreaux,<\/li>\n<li>le scellement du carrelage,<\/li>\n<li>l\u2019installation du carrelage sur les murs et sols,<\/li>\n<li>l&rsquo;installation de carreaux pour les zones int\u00e9rieures et ext\u00e9rieures de votre propri\u00e9t\u00e9,<\/li>\n<li>la suppression du carrelage existant,<\/li>\n<li>le d\u00e9crochage du parquet flottant,<\/li>\n<li>la pose du carrelage sur votre terrasse.<\/li>\n<\/ul>\n<h2>Comment choisir le carrelage adapt\u00e9 \u00e0 vos besoins ?<\/h2>\n<h3>Bien d\u00e9terminer la zone d&rsquo;installation<\/h3>\n<p>Il faut d\u00e9terminer correctement la zone ou le carrelage sera install\u00e9 et la fr\u00e9quence \u00e0 laquelle le carrelage sera expos\u00e9 au vieillissement, sera-t-il dans une zone avec un important passage pi\u00e9tonnier\u202f? D&rsquo;autre part, marchera-t-on sur les carreaux en chaussettes ou en chaussures ? Sera-t-il expos\u00e9 aux climats humides\u202f? Prenez aussi compte des diverses surfaces qu&rsquo;il va rev\u00eatir, par exemple : les sols, les plans de travail, les murs, etc.<\/p>\n<h3>D\u00e9finissez le volume de carreaux<\/h3>\n<p>Afin de d\u00e9terminer le volume de carrelage pour votre projet, r\u00e9alisez la multiplication : longueur par sa largeur et ajoutez \u00e0 peu pr\u00e8s 5 % pour garder une marge de protection. Nous vous conseillons de garder en r\u00e9serve du carrelage de mani\u00e8re \u00e0 r\u00e9parer d&rsquo;\u00e9ventuels dommages.<\/p>\n<h3>Choisissez le bon mat\u00e9riau<\/h3>\n<p>Il existe plusieurs mat\u00e9riaux \u00e0 partir desquels les carreaux peuvent \u00eatre fabriqu\u00e9s, le type de mat\u00e9riaux a un effet sur : le montant de l&rsquo;entretien, la teinte et la durabilit\u00e9. D&rsquo;autre part, les finitions et la texture devraient par ailleurs \u00eatre prises en consid\u00e9ration pour trouver des carreaux qui sont \u00e0 vos gouts.<\/p>\n<h3>Maintenance<\/h3>\n<p>Vous devez par ailleurs prendre en consid\u00e9ration la complexit\u00e9 d&rsquo;entretien lors du choix de votre carrelage, par exemple : le nettoyage du carrelage avec des joints clairs prend plus de temps \u00e0 cause de leur faciliter \u00e0 accumuler la poussi\u00e8re, ce qui les rend plus difficiles \u00e0 laver par rapport aux autres coloris.<\/p>\n<h2>Contactez-nous pour obtenir un rendez-vous<\/h2>\n<p>Nos carreleurs \u00e0 Gen\u00e8ve ont consciences que bien choisir son carrelage peut \u00eatre compliqu\u00e9, c&rsquo;est la raison pour laquelle notre \u00e9quipe est joignable du lundi au samedi pour vous donner des conseils.<\/p>\n<h2>Questions-r\u00e9ponses<\/h2>\n<h3>Quel est le fonctionnement de votre entreprise ?<\/h3>\n<ol>\n<li>Prise de contact par t\u00e9l\u00e9phone ou par email.<\/li>\n<li>Par la suite, nous planifions un rendez-vous avec vous.<\/li>\n<li>Visite \u00e0 votre domicile pour d\u00e9terminer le travail \u00e0 effectuer.<\/li>\n<li>Commencement de votre projet.<\/li>\n<\/ol>\n<h3>Votre soci\u00e9t\u00e9 intervient-elle \u00e0 Gen\u00e8ve et dans les communes \u00e0 proximit\u00e9 ?<\/h3>\n<p>Oui, nous intervenons \u00e0 Gen\u00e8ve, toutefois, notre \u00e9quipe intervient dans les localit\u00e9s aux alentours, telles que :<\/p>\nGrand-Lancy, Petit-Lancy, Onex, A\u00efre, V\u00e9senaz, Cologny, Ch\u00eane-Bougeries, Ch\u00eane-Bourg, Th\u00f4nex, Carouge GE, Les Acacias, Plan-les-Ouates, Conches, Confignon, Bernex, Vessy, Cartigny, Avully, Puplinge, Presinge, Choulex, Collonge-Bellerive, Corsier GE, Ani\u00e8res, Hermance, Gy, Meinier, Vandoeuvres, Jussy, Veyrier, Troinex, La Croix-de-Rozon, Perly, Chancy, Athenaz (Avusy), Soral, Laconnex, Aire-la-Ville, Vernier, Cointrin, Meyrin, Le Grand-Saconnex, Ch\u00e2telaine, Le Lignon, Les Avanchets, Collex, Satigny, Russin, Dardagny, La Plaine, Chamb\u00e9sy.\n<h3>Vous posez quels types de carreaux le plus fr\u00e9quemment\u202f?<\/h3>\n<p>Voici le carrelage que nous posons le plus fr\u00e9quemment \u00e0 Gen\u00e8ve :<\/p>\n<ul>\n<li>Les carreaux mosa\u00efques : classique, les carrelages mosa\u00efques apportent une apparence incomparable \u00e0 votre foyer.<\/li>\n<li>Les carreaux de m\u00e9tro blancs : embl\u00e9matiques, nous les recommandons pour votre r\u00e9novation de salle de bain ou de votre cuisine.<\/li>\n<li>Les carreaux de marbre : ils sont plus chers, mais ils permettent d\u2019ajouter une apparence luxe \u00e0 votre int\u00e9rieur.<\/li>\n<li>Les carrelages en c\u00e9ramique : ils sont \u00e9conomiques, faciles \u00e0 entretenir et ils existent dans de nombreuses d\u00e9clinaisons.<\/li>\n<li>Les carreaux en ciments : classique, il permet d&rsquo;all\u00e9ger la d\u00e9coration de votre foyer.<\/li>\n<li>Les carreaux en porcelaine : ils reproduisent les surfaces naturelles (brique, pierre ou bois) et il ne demande peu d\u2019entretien.<\/li>\n<\/ul>\n","protected":false},"excerpt":{"rendered":"<p>Besoin d&rsquo;une entreprise de carrelage \u00e0 Gen\u00e8ve ? Recevez un devis, nous proposons l&rsquo;installation de carrelage pour r\u00e9pondre \u00e0 toutes vos demandes, pour le carrelage : classique, de dosseret, dans votre salle d&rsquo;eau ou sur votre plancher ! Nous nous d\u00e9pla\u00e7ons aussi dans les villes \u00e0 proximit\u00e9 de Gen\u00e8ve. Pourquoi choisir notre soci\u00e9t\u00e9 ? Artisanlocal [&hellip;]<\/p>\n","protected":false},"author":4,"featured_media":2804,"parent":0,"menu_order":0,"comment_status":"closed","ping_status":"closed","template":"","meta":{"footnotes":""},"profession":[119],"location":[35],"canton":[112],"class_list":["post-559","page","type-page","status-publish","has-post-thumbnail","hentry","profession-carreleur","location-geneve","canton-ge"],"yoast_head":"<!-- This site is optimized with the Yoast SEO Premium plugin v25.7.1 (Yoast SEO v27.4) - https:\/\/yoast.com\/product\/yoast-seo-premium-wordpress\/ -->\n<title>Entreprise de carrelage \u00e0 Gen\u00e8ve - Artisanlocal<\/title>\n<meta name=\"robots\" content=\"index, follow, max-snippet:-1, max-image-preview:large, max-video-preview:-1\" \/>\n<link rel=\"canonical\" href=\"https:\/\/www.artisanlocal.ch\/c\/besoin-dun-specialiste-de-la-pose-de-carrelage-a-geneve\/\" \/>\n<meta property=\"og:locale\" content=\"fr_FR\" \/>\n<meta property=\"og:type\" content=\"article\" \/>\n<meta property=\"og:title\" content=\"Entreprise de carrelage \u00e0 Gen\u00e8ve\" \/>\n<meta property=\"og:description\" content=\"Besoin d&rsquo;une entreprise de carrelage \u00e0 Gen\u00e8ve ? Recevez un devis, nous proposons l&rsquo;installation de carrelage pour r\u00e9pondre \u00e0 toutes vos demandes, pour le carrelage : classique, de dosseret, dans votre salle d&rsquo;eau ou sur votre plancher ! Nous nous d\u00e9pla\u00e7ons aussi dans les villes \u00e0 proximit\u00e9 de Gen\u00e8ve. Pourquoi choisir notre soci\u00e9t\u00e9 ? Artisanlocal [&hellip;]\" \/>\n<meta property=\"og:url\" content=\"https:\/\/www.artisanlocal.ch\/c\/besoin-dun-specialiste-de-la-pose-de-carrelage-a-geneve\/\" \/>\n<meta property=\"og:site_name\" content=\"Artisanlocal\" \/>\n<meta property=\"article:modified_time\" content=\"2025-08-26T17:28:50+00:00\" \/>\n<meta property=\"og:image\" content=\"https:\/\/www.artisanlocal.ch\/c\/wp-content\/uploads\/2024\/11\/carreleur.jpg\" \/>\n\t<meta property=\"og:image:width\" content=\"1920\" \/>\n\t<meta property=\"og:image:height\" content=\"300\" \/>\n\t<meta property=\"og:image:type\" content=\"image\/jpeg\" \/>\n<meta name=\"twitter:card\" content=\"summary_large_image\" \/>\n<meta name=\"twitter:label1\" content=\"Dur\u00e9e de lecture estim\u00e9e\" \/>\n\t<meta name=\"twitter:data1\" content=\"4 minutes\" \/>\n<script type=\"application\/ld+json\" class=\"yoast-schema-graph\">{\"@context\":\"https:\\\/\\\/schema.org\",\"@graph\":[{\"@type\":\"WebPage\",\"@id\":\"https:\\\/\\\/www.artisanlocal.ch\\\/c\\\/besoin-dun-specialiste-de-la-pose-de-carrelage-a-geneve\\\/\",\"url\":\"https:\\\/\\\/www.artisanlocal.ch\\\/c\\\/besoin-dun-specialiste-de-la-pose-de-carrelage-a-geneve\\\/\",\"name\":\"Entreprise de carrelage \u00e0 Gen\u00e8ve - Artisanlocal\",\"isPartOf\":{\"@id\":\"https:\\\/\\\/www.artisanlocal.ch\\\/c\\\/#website\"},\"primaryImageOfPage\":{\"@id\":\"https:\\\/\\\/www.artisanlocal.ch\\\/c\\\/besoin-dun-specialiste-de-la-pose-de-carrelage-a-geneve\\\/#primaryimage\"},\"image\":{\"@id\":\"https:\\\/\\\/www.artisanlocal.ch\\\/c\\\/besoin-dun-specialiste-de-la-pose-de-carrelage-a-geneve\\\/#primaryimage\"},\"thumbnailUrl\":\"https:\\\/\\\/www.artisanlocal.ch\\\/c\\\/wp-content\\\/uploads\\\/2024\\\/11\\\/carreleur.jpg\",\"datePublished\":\"2024-04-22T07:49:07+00:00\",\"dateModified\":\"2025-08-26T17:28:50+00:00\",\"breadcrumb\":{\"@id\":\"https:\\\/\\\/www.artisanlocal.ch\\\/c\\\/besoin-dun-specialiste-de-la-pose-de-carrelage-a-geneve\\\/#breadcrumb\"},\"inLanguage\":\"fr-FR\",\"potentialAction\":[{\"@type\":\"ReadAction\",\"target\":[\"https:\\\/\\\/www.artisanlocal.ch\\\/c\\\/besoin-dun-specialiste-de-la-pose-de-carrelage-a-geneve\\\/\"]}]},{\"@type\":\"ImageObject\",\"inLanguage\":\"fr-FR\",\"@id\":\"https:\\\/\\\/www.artisanlocal.ch\\\/c\\\/besoin-dun-specialiste-de-la-pose-de-carrelage-a-geneve\\\/#primaryimage\",\"url\":\"https:\\\/\\\/www.artisanlocal.ch\\\/c\\\/wp-content\\\/uploads\\\/2024\\\/11\\\/carreleur.jpg\",\"contentUrl\":\"https:\\\/\\\/www.artisanlocal.ch\\\/c\\\/wp-content\\\/uploads\\\/2024\\\/11\\\/carreleur.jpg\",\"width\":1920,\"height\":300},{\"@type\":\"BreadcrumbList\",\"@id\":\"https:\\\/\\\/www.artisanlocal.ch\\\/c\\\/besoin-dun-specialiste-de-la-pose-de-carrelage-a-geneve\\\/#breadcrumb\",\"itemListElement\":[{\"@type\":\"ListItem\",\"position\":1,\"name\":\"Accueil\",\"item\":\"https:\\\/\\\/www.artisanlocal.ch\\\/c\\\/\"},{\"@type\":\"ListItem\",\"position\":2,\"name\":\"Entreprise de carrelage \u00e0 Gen\u00e8ve\"}]},{\"@type\":\"WebSite\",\"@id\":\"https:\\\/\\\/www.artisanlocal.ch\\\/c\\\/#website\",\"url\":\"https:\\\/\\\/www.artisanlocal.ch\\\/c\\\/\",\"name\":\"Artisanlocal\",\"description\":\"\",\"publisher\":{\"@id\":\"https:\\\/\\\/www.artisanlocal.ch\\\/c\\\/#organization\"},\"potentialAction\":[{\"@type\":\"SearchAction\",\"target\":{\"@type\":\"EntryPoint\",\"urlTemplate\":\"https:\\\/\\\/www.artisanlocal.ch\\\/c\\\/?s={search_term_string}\"},\"query-input\":{\"@type\":\"PropertyValueSpecification\",\"valueRequired\":true,\"valueName\":\"search_term_string\"}}],\"inLanguage\":\"fr-FR\"},{\"@type\":\"Organization\",\"@id\":\"https:\\\/\\\/www.artisanlocal.ch\\\/c\\\/#organization\",\"name\":\"Artisanlocal\",\"url\":\"https:\\\/\\\/www.artisanlocal.ch\\\/c\\\/\",\"logo\":{\"@type\":\"ImageObject\",\"inLanguage\":\"fr-FR\",\"@id\":\"https:\\\/\\\/www.artisanlocal.ch\\\/c\\\/#\\\/schema\\\/logo\\\/image\\\/\",\"url\":\"https:\\\/\\\/www.artisanlocal.ch\\\/c\\\/wp-content\\\/uploads\\\/2024\\\/02\\\/logo-artisanlocal-h.svg\",\"contentUrl\":\"https:\\\/\\\/www.artisanlocal.ch\\\/c\\\/wp-content\\\/uploads\\\/2024\\\/02\\\/logo-artisanlocal-h.svg\",\"caption\":\"Artisanlocal\"},\"image\":{\"@id\":\"https:\\\/\\\/www.artisanlocal.ch\\\/c\\\/#\\\/schema\\\/logo\\\/image\\\/\"}}]}<\/script>\n<!-- \/ Yoast SEO Premium plugin. -->","yoast_head_json":{"title":"Entreprise de carrelage \u00e0 Gen\u00e8ve - Artisanlocal","robots":{"index":"index","follow":"follow","max-snippet":"max-snippet:-1","max-image-preview":"max-image-preview:large","max-video-preview":"max-video-preview:-1"},"canonical":"https:\/\/www.artisanlocal.ch\/c\/besoin-dun-specialiste-de-la-pose-de-carrelage-a-geneve\/","og_locale":"fr_FR","og_type":"article","og_title":"Entreprise de carrelage \u00e0 Gen\u00e8ve","og_description":"Besoin d&rsquo;une entreprise de carrelage \u00e0 Gen\u00e8ve ? Recevez un devis, nous proposons l&rsquo;installation de carrelage pour r\u00e9pondre \u00e0 toutes vos demandes, pour le carrelage : classique, de dosseret, dans votre salle d&rsquo;eau ou sur votre plancher ! Nous nous d\u00e9pla\u00e7ons aussi dans les villes \u00e0 proximit\u00e9 de Gen\u00e8ve. Pourquoi choisir notre soci\u00e9t\u00e9 ? Artisanlocal [&hellip;]","og_url":"https:\/\/www.artisanlocal.ch\/c\/besoin-dun-specialiste-de-la-pose-de-carrelage-a-geneve\/","og_site_name":"Artisanlocal","article_modified_time":"2025-08-26T17:28:50+00:00","og_image":[{"width":1920,"height":300,"url":"https:\/\/www.artisanlocal.ch\/c\/wp-content\/uploads\/2024\/11\/carreleur.jpg","type":"image\/jpeg"}],"twitter_card":"summary_large_image","twitter_misc":{"Dur\u00e9e de lecture estim\u00e9e":"4 minutes"},"schema":{"@context":"https:\/\/schema.org","@graph":[{"@type":"WebPage","@id":"https:\/\/www.artisanlocal.ch\/c\/besoin-dun-specialiste-de-la-pose-de-carrelage-a-geneve\/","url":"https:\/\/www.artisanlocal.ch\/c\/besoin-dun-specialiste-de-la-pose-de-carrelage-a-geneve\/","name":"Entreprise de carrelage \u00e0 Gen\u00e8ve - Artisanlocal","isPartOf":{"@id":"https:\/\/www.artisanlocal.ch\/c\/#website"},"primaryImageOfPage":{"@id":"https:\/\/www.artisanlocal.ch\/c\/besoin-dun-specialiste-de-la-pose-de-carrelage-a-geneve\/#primaryimage"},"image":{"@id":"https:\/\/www.artisanlocal.ch\/c\/besoin-dun-specialiste-de-la-pose-de-carrelage-a-geneve\/#primaryimage"},"thumbnailUrl":"https:\/\/www.artisanlocal.ch\/c\/wp-content\/uploads\/2024\/11\/carreleur.jpg","datePublished":"2024-04-22T07:49:07+00:00","dateModified":"2025-08-26T17:28:50+00:00","breadcrumb":{"@id":"https:\/\/www.artisanlocal.ch\/c\/besoin-dun-specialiste-de-la-pose-de-carrelage-a-geneve\/#breadcrumb"},"inLanguage":"fr-FR","potentialAction":[{"@type":"ReadAction","target":["https:\/\/www.artisanlocal.ch\/c\/besoin-dun-specialiste-de-la-pose-de-carrelage-a-geneve\/"]}]},{"@type":"ImageObject","inLanguage":"fr-FR","@id":"https:\/\/www.artisanlocal.ch\/c\/besoin-dun-specialiste-de-la-pose-de-carrelage-a-geneve\/#primaryimage","url":"https:\/\/www.artisanlocal.ch\/c\/wp-content\/uploads\/2024\/11\/carreleur.jpg","contentUrl":"https:\/\/www.artisanlocal.ch\/c\/wp-content\/uploads\/2024\/11\/carreleur.jpg","width":1920,"height":300},{"@type":"BreadcrumbList","@id":"https:\/\/www.artisanlocal.ch\/c\/besoin-dun-specialiste-de-la-pose-de-carrelage-a-geneve\/#breadcrumb","itemListElement":[{"@type":"ListItem","position":1,"name":"Accueil","item":"https:\/\/www.artisanlocal.ch\/c\/"},{"@type":"ListItem","position":2,"name":"Entreprise de carrelage \u00e0 Gen\u00e8ve"}]},{"@type":"WebSite","@id":"https:\/\/www.artisanlocal.ch\/c\/#website","url":"https:\/\/www.artisanlocal.ch\/c\/","name":"Artisanlocal","description":"","publisher":{"@id":"https:\/\/www.artisanlocal.ch\/c\/#organization"},"potentialAction":[{"@type":"SearchAction","target":{"@type":"EntryPoint","urlTemplate":"https:\/\/www.artisanlocal.ch\/c\/?s={search_term_string}"},"query-input":{"@type":"PropertyValueSpecification","valueRequired":true,"valueName":"search_term_string"}}],"inLanguage":"fr-FR"},{"@type":"Organization","@id":"https:\/\/www.artisanlocal.ch\/c\/#organization","name":"Artisanlocal","url":"https:\/\/www.artisanlocal.ch\/c\/","logo":{"@type":"ImageObject","inLanguage":"fr-FR","@id":"https:\/\/www.artisanlocal.ch\/c\/#\/schema\/logo\/image\/","url":"https:\/\/www.artisanlocal.ch\/c\/wp-content\/uploads\/2024\/02\/logo-artisanlocal-h.svg","contentUrl":"https:\/\/www.artisanlocal.ch\/c\/wp-content\/uploads\/2024\/02\/logo-artisanlocal-h.svg","caption":"Artisanlocal"},"image":{"@id":"https:\/\/www.artisanlocal.ch\/c\/#\/schema\/logo\/image\/"}}]}},"_links":{"self":[{"href":"https:\/\/www.artisanlocal.ch\/c\/wp-json\/wp\/v2\/pages\/559","targetHints":{"allow":["GET"]}}],"collection":[{"href":"https:\/\/www.artisanlocal.ch\/c\/wp-json\/wp\/v2\/pages"}],"about":[{"href":"https:\/\/www.artisanlocal.ch\/c\/wp-json\/wp\/v2\/types\/page"}],"author":[{"embeddable":true,"href":"https:\/\/www.artisanlocal.ch\/c\/wp-json\/wp\/v2\/users\/4"}],"replies":[{"embeddable":true,"href":"https:\/\/www.artisanlocal.ch\/c\/wp-json\/wp\/v2\/comments?post=559"}],"version-history":[{"count":0,"href":"https:\/\/www.artisanlocal.ch\/c\/wp-json\/wp\/v2\/pages\/559\/revisions"}],"wp:featuredmedia":[{"embeddable":true,"href":"https:\/\/www.artisanlocal.ch\/c\/wp-json\/wp\/v2\/media\/2804"}],"wp:attachment":[{"href":"https:\/\/www.artisanlocal.ch\/c\/wp-json\/wp\/v2\/media?parent=559"}],"wp:term":[{"taxonomy":"profession","embeddable":true,"href":"https:\/\/www.artisanlocal.ch\/c\/wp-json\/wp\/v2\/profession?post=559"},{"taxonomy":"location","embeddable":true,"href":"https:\/\/www.artisanlocal.ch\/c\/wp-json\/wp\/v2\/location?post=559"},{"taxonomy":"canton","embeddable":true,"href":"https:\/\/www.artisanlocal.ch\/c\/wp-json\/wp\/v2\/canton?post=559"}],"curies":[{"name":"wp","href":"https:\/\/api.w.org\/{rel}","templated":true}]}}