{"id":560,"date":"2024-04-22T10:53:58","date_gmt":"2024-04-22T08:53:58","guid":{"rendered":"https:\/\/www.artisanlocal.ch\/c\/besoin-dun-specialiste-de-la-pose-de-carrelage-a-neuchatel\/"},"modified":"2025-08-26T19:28:48","modified_gmt":"2025-08-26T17:28:48","slug":"besoin-dun-specialiste-de-la-pose-de-carrelage-a-neuchatel","status":"publish","type":"page","link":"https:\/\/www.artisanlocal.ch\/c\/besoin-dun-specialiste-de-la-pose-de-carrelage-a-neuchatel\/","title":{"rendered":"Entreprise de carrelage \u00e0 Neuch\u00e2tel"},"content":{"rendered":"<p>Vous avez besoin d&rsquo;une entreprise de carrelage \u00e0 Neuch\u00e2tel ? Appelez-nous, Artisanlocal propose des services d&rsquo;installation de carrelage classique, de dosseret, pour votre salle de bain ou sur votre sol ! De plus, nous intervenons aussi dans les villes \u00e0 proximit\u00e9 de Neuch\u00e2tel.<br \/>\n\r\n<div class=\"box\">\r\n            <div class=\"company-info\">\r\n            <img decoding=\"async\" class=\"company-info__logo\" src=\"https:\/\/www.artisanlocal.ch\/media\/cache\/thumb\/images\/companies\/69bbbe0376895636935209.png\" alt=\"Logo\">\r\n            <h2 class=\"company-info__name\">ZH Carrelage.R\u00e9novation - Zindi<\/h2>\r\n            <p class=\"company-info__business\">Carrelage - Petite ma\u00e7onnerie - Chape - R\u00e9novation - D\u00e9molition<\/p>\r\n        <\/div>\r\n        <div class=\"company-contact\">\r\n            <p class=\"company-info__address\">Rue du Pont 8<\/p>\r\n                            <div class=\"links\">\r\n                                            <a class=\"btn has-accent-background-color js-phoneNumber\" href=\"tel:0792616470\" title=\"Appelez\" data-id=\"38856\" data-type=\"11\">079 261 64 70<\/a>\r\n                                                                <a class=\"btn has-accent-background-color\" href=\"https:\/\/www.facebook.com\/people\/ZH-Carrelage-Renovation\/61580925869271\/#\" target=\"_blank\" title=\"Voir le site internet\" data-id=\"38856\" data-type=\"20\">Site internet<\/a>\r\n                                    <\/div>\r\n                    <\/div>\r\n    \r\n            \r\n<form action=\"https:\/\/www.artisanlocal.ch\/c\/wp-admin\/admin-ajax.php\" method=\"post\" class=\"form-contact\" id=\"artisan_form_contact_company_inline\">\r\n    <div><input type=\"hidden\" name=\"action\" value=\"company_contact\"><\/div>\r\n    <div><input type=\"hidden\" name=\"nonce\" value=\"1dbf28e6f0\"><\/div>\r\n    <div><input type=\"hidden\" name=\"company_id\" value=\"38856\"><\/div>\r\n    <div><input type=\"hidden\" name=\"form_id\" value=\"artisan_form_contact_company_inline\"><\/div>\r\n    <div class=\"gglcptch gglcptch_v3 gglcptch_custom\"><input type=\"hidden\" id=\"g-recaptcha-response\" name=\"g-recaptcha-response\" \/><br \/><div class=\"gglcptch_error_text\">La p\u00e9riode de v\u00e9rification reCAPTCHA a expir\u00e9. Veuillez recharger la page.<\/div><\/div>    <div class=\"form-content\">\r\n        <div class=\"form-group\">\r\n            <label for=\"contact_firstName\" class=\"required\">Pr\u00e9nom<\/label>\r\n            <input type=\"text\" name=\"firstName\" class=\"form-control\" required>\r\n        <\/div>\r\n        <div class=\"form-group\">\r\n            <label for=\"contact_lastName\" class=\"required\">Nom<\/label>\r\n            <input type=\"text\" name=\"lastName\" class=\"form-control\" required>\r\n        <\/div>\r\n        <div class=\"form-group\">\r\n            <label for=\"contact_email\" class=\"required\">Email<\/label>\r\n            <input type=\"email\" name=\"email\" class=\"form-control\" required>\r\n        <\/div>\r\n        <div class=\"form-group\">\r\n            <label for=\"contact_phone\" class=\"required\">Num\u00e9ro de t\u00e9l\u00e9phone<\/label>\r\n            <input type=\"tel\" name=\"phone\" class=\"form-control\" placeholder=\"0787117165\" pattern=\"^[0-9]{10}$\" required>\r\n        <\/div>\r\n        <div class=\"form-group\">\r\n            <label for=\"contact_postalCode\" class=\"required\">Code postal et localit\u00e9<\/label>\r\n            <input type=\"text\" name=\"postalCode\" class=\"form-control\" required>\r\n        <\/div>\r\n        <div class=\"form-group\">\r\n            <label for=\"contact_address\" class=\"required\">Adresse<\/label>\r\n            <input type=\"text\" name=\"address\" class=\"form-control\" required>\r\n        <\/div>\r\n        <div class=\"full-width topic\">\r\n            <p class=\"required\">Je souhaite \u00eatre contact\u00e9 pour :<\/p>\r\n            <div class=\"form-check\">\r\n                <input type=\"radio\" name=\"topic\" value=\"D\u00e9pannage\" class=\"form-control\" required>\r\n                <label for=\"d\u00e9pannage\">D\u00e9pannage<\/label>\r\n            <\/div>\r\n            <div class=\"form-check\">\r\n                <input type=\"radio\" name=\"topic\" value=\"Entretien\" class=\"form-control\" required>\r\n                <label for=\"entretien\">Entretien<\/label>\r\n            <\/div>\r\n            <div class=\"form-check\">\r\n                <input type=\"radio\" name=\"topic\" value=\"R\u00e9novation\" class=\"form-control\" required>\r\n                <label for=\"r\u00e9novation\">R\u00e9novation<\/label>\r\n            <\/div>\r\n            <div class=\"form-check\">\r\n                <input type=\"radio\" name=\"topic\" value=\"Autre\" class=\"form-control\" required>\r\n                <label for=\"autre\">Autre<\/label>\r\n            <\/div>\r\n        <\/div>\r\n        <div class=\"form-group full-width\">\r\n            <label for=\"contact_message\">Message<\/label>\r\n            <textarea name=\"message\" rows=\"3\" class=\"form-control\"><\/textarea>\r\n        <\/div>\r\n    <\/div>\r\n    <div class=\"form-actions\">\r\n        <button class=\"wp-block-button__link has-accent-background-color\">Contacter<\/button>\r\n    <\/div>\r\n<\/form>\r\n<div class=\"form-feedback\"><\/div>    <\/div><\/p>\n<h2>Quels sont les avantages qu&rsquo;offre notre soci\u00e9t\u00e9 ?<\/h2>\n<ul>\n<li>Nos tarifs sont comp\u00e9titifs,<\/li>\n<li>nous installons du carrelage haut de gamme,<\/li>\n<li>notre soci\u00e9t\u00e9 est implant\u00e9e au c\u0153ur Neuch\u00e2tel et permet \u00e0 nos artisans d\u2019intervenir en urgence \u00e0 votre domicile,<\/li>\n<li>nos recommandations sont personnalis\u00e9es \u00e0 votre projet, par exemple : pour choisir le bon carrelage,<\/li>\n<li>nous offrons des devis gratuits,<\/li>\n<li>nos techniciens sont exp\u00e9riment\u00e9s,<\/li>\n<li>une soci\u00e9t\u00e9 de confiance : nous r\u00e9alisons des interventions dans des grandes entreprises et des architectes pour r\u00e9aliser l&rsquo;installation de carrelage, de fa\u00efence, de parquet, et de rev\u00eatements vari\u00e9s.<\/li>\n<\/ul>\n<h2>Obtenez votre devis gratuit pour la pose de carrelage en prenant contact avec nous maintenant<\/h2>\n<p>N&rsquo;h\u00e9sitez pas \u00e0 nous contacter si vous d\u00e9sirez obtenir un devis gratuit, nous vous r\u00e9pondrons rapidement pour estimer le co\u00fbt de l&rsquo;installation de votre carrelage.<\/p>\n<h2>Nos solutions<\/h2>\n<p>Nos techniciens qui interviennent \u00e0 Neuch\u00e2tel fournissent aux Neuch\u00e2telois et aux entreprises locales, les solutions suivantes :<\/p>\n<ul>\n<li>L&rsquo;installation de carrelage traditionnel, fa\u00efence et de parquet,<\/li>\n<li>des recommandations pour vous aider \u00e0 choisir,<\/li>\n<li>la pose de carrelage,<\/li>\n<li>l&rsquo;application du carrelage sur vos sols et vos murs,<\/li>\n<li>l&rsquo;installation de carrelages pour les zones int\u00e9rieures et ext\u00e9rieures de votre maison,<\/li>\n<li>l&rsquo;enl\u00e8vement du carrelage existant,<\/li>\n<li>l&rsquo;enl\u00e8vement du plancher flottant,<\/li>\n<li>l\u2019installation du carrelage sur votre terrasse.<\/li>\n<\/ul>\n<h2>Comment choisir le carrelage adapt\u00e9 \u00e0 vos besoins ?<\/h2>\n<h3>Songer \u00e0 l&#8217;emplacement o\u00f9 le carrelage sera plac\u00e9<\/h3>\n<p>\u00c9tudiez bien l&#8217;emplacement et le rythme \u00e0 laquelle le carreau sera expos\u00e9 \u00e0 un vieillissement pr\u00e9matur\u00e9, sera-t-il dans une zone \u00e0 fort passage ? D&rsquo;ailleurs, marchera-t-on sur le carrelage en chaussures ou en chaussettes\u202f? Va-t-il \u00eatre soumis \u00e0 des milieux humides\u202f? Pensez aussi aux espaces qu&rsquo;il recouvrira, tel que les murs, les plans de travail de cuisine, les sols, etc.<\/p>\n<h3>Calculez la quantit\u00e9 de carreaux exig\u00e9e<\/h3>\n<p>Pour estimer la quantit\u00e9 de carreaux n\u00e9cessaires pour votre espace, r\u00e9alisez la multiplication : longueur par sa largeur et rajoutez approximativement 5 % pour garder une marge de s\u00e9curit\u00e9. Nous sugg\u00e9rons de garder des carreaux en plus en cas de dommages futurs.<\/p>\n<h3>S\u00e9lectionnez le bon mat\u00e9riau<\/h3>\n<p>Il y a divers mat\u00e9riaux \u00e0 partir desquels le carrelage est fabriqu\u00e9, le type de mat\u00e9riaux a un effet sur : le co\u00fbt de l&rsquo;entretien, la teinte et la durabilit\u00e9. D&rsquo;autre part, il est indispensable de prendre en compte les finitions et la texture pour choisir les meilleurs carreaux potentiel.<\/p>\n<h3>Entretien<\/h3>\n<p>Vous devez d&rsquo;autre part prendre en compte le niveau d&rsquo;entretien au moment de choisir votre carrelage, par exemple : l&rsquo;entretien du carrelage avec un joint clair prend plus de temps \u00e0 cause de leur tendance \u00e0 cumuler la crasse, ce qui les rend plus compliqu\u00e9s \u00e0 d\u00e9crasser par rapport aux autres coloris.<\/p>\n<h2>Contacter notre entreprise Artisanlocal pour prendre un rendez-vous<\/h2>\n<p>Nos artisans \u00e0 Neuch\u00e2tel savent que le choix de votre carrelage peut \u00eatre complexe, c&rsquo;est pourquoi nous sommes disponibles du lundi au samedi pour r\u00e9pondre \u00e0 toutes vos questions.<\/p>\n<h2>Questions-r\u00e9ponses<\/h2>\n<h3>Comment marche votre soci\u00e9t\u00e9 ?<\/h3>\n<ol>\n<li>Prise de contact par email ou par t\u00e9l\u00e9phone.<\/li>\n<li>Par la suite, nous fixons un rendez-vous avec vous.<\/li>\n<li>Nous nous d\u00e9pla\u00e7ons \u00e0 votre logement pour d\u00e9terminer le nombre de carrelages \u00e0 poser.<\/li>\n<li>Commencement de votre projet.<\/li>\n<\/ol>\n<h3>Op\u00e9rez-vous dans les communes dans les environs de Neuch\u00e2tel ?<\/h3>\n<p>Oui, nous nous d\u00e9pla\u00e7ons \u00e0 Neuch\u00e2tel, mais aussi dans les villes aux alentours, \u00e9galement :<\/p>\nAuvernier, Colombier NE, B\u00f4le, Areuse, Cortaillod, Boudry, Chambrelien, Rochefort, Bevaix, Gorgier, St-Aubin-Sauges, Chez-le-Bart, Fresens, Montalchez, Vaumarcus, Peseux, Corcelles NE, Cormondr\u00e8che, Hauterive NE, St-Blaise, Enges, Marin-Epagnier, Thielle, Wavre, Cornaux NE, Cressier NE, Champ-du-Moulin.\n<h3>Quels sont les types de carrelages les plus populaires que vous posez\u202f?<\/h3>\n<ul>\n<li>Les mosa\u00efques : classique, les carreaux mosa\u00efques apportent une apparence incomparable \u00e0 votre int\u00e9rieur.<\/li>\n<li>Les m\u00e9tros blancs : retro, nous les recommandons pour votre r\u00e9novation de salle de bain ou de votre cuisine.<\/li>\n<li>En marbre : ils ajoutent un style pr\u00e9cieux \u00e0 n&rsquo;importe quelle pi\u00e8ce de votre propri\u00e9t\u00e9.<\/li>\n<li>En c\u00e9ramique : peu cher, le carrelage en c\u00e9ramique a de multiples avantages (simple \u00e0 entretenir, et disponibles dans de nombreuses couleurs).<\/li>\n<li>En ciments : ils sont populaires et ils accrochent les yeux, ils sont g\u00e9n\u00e9ralement pr\u00e9sents dans les centres commerciaux et habitations.<\/li>\n<li>En porcelaine : ils reproduisent les apparences (bois, brique ou pierre) et il ne n\u00e9cessite pratiquement pas d\u2019entretien.<\/li>\n<\/ul>\n","protected":false},"excerpt":{"rendered":"<p>Vous avez besoin d&rsquo;une entreprise de carrelage \u00e0 Neuch\u00e2tel ? Appelez-nous, Artisanlocal propose des services d&rsquo;installation de carrelage classique, de dosseret, pour votre salle de bain ou sur votre sol ! De plus, nous intervenons aussi dans les villes \u00e0 proximit\u00e9 de Neuch\u00e2tel. Quels sont les avantages qu&rsquo;offre notre soci\u00e9t\u00e9 ? Nos tarifs sont comp\u00e9titifs, [&hellip;]<\/p>\n","protected":false},"author":4,"featured_media":2804,"parent":0,"menu_order":0,"comment_status":"closed","ping_status":"closed","template":"","meta":{"footnotes":""},"profession":[119],"location":[62],"canton":[114],"class_list":["post-560","page","type-page","status-publish","has-post-thumbnail","hentry","profession-carreleur","location-neuchatel","canton-ne"],"yoast_head":"<!-- This site is optimized with the Yoast SEO Premium plugin v25.7.1 (Yoast SEO v27.3) - https:\/\/yoast.com\/product\/yoast-seo-premium-wordpress\/ -->\n<title>Entreprise de carrelage \u00e0 Neuch\u00e2tel - Artisanlocal<\/title>\n<meta name=\"robots\" content=\"index, follow, max-snippet:-1, max-image-preview:large, max-video-preview:-1\" \/>\n<link rel=\"canonical\" href=\"https:\/\/www.artisanlocal.ch\/c\/besoin-dun-specialiste-de-la-pose-de-carrelage-a-neuchatel\/\" \/>\n<meta property=\"og:locale\" content=\"fr_FR\" \/>\n<meta property=\"og:type\" content=\"article\" \/>\n<meta property=\"og:title\" content=\"Entreprise de carrelage \u00e0 Neuch\u00e2tel\" \/>\n<meta property=\"og:description\" content=\"Vous avez besoin d&rsquo;une entreprise de carrelage \u00e0 Neuch\u00e2tel ? Appelez-nous, Artisanlocal propose des services d&rsquo;installation de carrelage classique, de dosseret, pour votre salle de bain ou sur votre sol ! De plus, nous intervenons aussi dans les villes \u00e0 proximit\u00e9 de Neuch\u00e2tel. Quels sont les avantages qu&rsquo;offre notre soci\u00e9t\u00e9 ? Nos tarifs sont comp\u00e9titifs, [&hellip;]\" \/>\n<meta property=\"og:url\" content=\"https:\/\/www.artisanlocal.ch\/c\/besoin-dun-specialiste-de-la-pose-de-carrelage-a-neuchatel\/\" \/>\n<meta property=\"og:site_name\" content=\"Artisanlocal\" \/>\n<meta property=\"article:modified_time\" content=\"2025-08-26T17:28:48+00:00\" \/>\n<meta property=\"og:image\" content=\"https:\/\/www.artisanlocal.ch\/c\/wp-content\/uploads\/2024\/11\/carreleur.jpg\" \/>\n\t<meta property=\"og:image:width\" content=\"1920\" \/>\n\t<meta property=\"og:image:height\" content=\"300\" \/>\n\t<meta property=\"og:image:type\" content=\"image\/jpeg\" \/>\n<meta name=\"twitter:card\" content=\"summary_large_image\" \/>\n<meta name=\"twitter:label1\" content=\"Dur\u00e9e de lecture estim\u00e9e\" \/>\n\t<meta name=\"twitter:data1\" content=\"4 minutes\" \/>\n<script type=\"application\/ld+json\" class=\"yoast-schema-graph\">{\"@context\":\"https:\\\/\\\/schema.org\",\"@graph\":[{\"@type\":\"WebPage\",\"@id\":\"https:\\\/\\\/www.artisanlocal.ch\\\/c\\\/besoin-dun-specialiste-de-la-pose-de-carrelage-a-neuchatel\\\/\",\"url\":\"https:\\\/\\\/www.artisanlocal.ch\\\/c\\\/besoin-dun-specialiste-de-la-pose-de-carrelage-a-neuchatel\\\/\",\"name\":\"Entreprise de carrelage \u00e0 Neuch\u00e2tel - Artisanlocal\",\"isPartOf\":{\"@id\":\"https:\\\/\\\/www.artisanlocal.ch\\\/c\\\/#website\"},\"primaryImageOfPage\":{\"@id\":\"https:\\\/\\\/www.artisanlocal.ch\\\/c\\\/besoin-dun-specialiste-de-la-pose-de-carrelage-a-neuchatel\\\/#primaryimage\"},\"image\":{\"@id\":\"https:\\\/\\\/www.artisanlocal.ch\\\/c\\\/besoin-dun-specialiste-de-la-pose-de-carrelage-a-neuchatel\\\/#primaryimage\"},\"thumbnailUrl\":\"https:\\\/\\\/www.artisanlocal.ch\\\/c\\\/wp-content\\\/uploads\\\/2024\\\/11\\\/carreleur.jpg\",\"datePublished\":\"2024-04-22T08:53:58+00:00\",\"dateModified\":\"2025-08-26T17:28:48+00:00\",\"breadcrumb\":{\"@id\":\"https:\\\/\\\/www.artisanlocal.ch\\\/c\\\/besoin-dun-specialiste-de-la-pose-de-carrelage-a-neuchatel\\\/#breadcrumb\"},\"inLanguage\":\"fr-FR\",\"potentialAction\":[{\"@type\":\"ReadAction\",\"target\":[\"https:\\\/\\\/www.artisanlocal.ch\\\/c\\\/besoin-dun-specialiste-de-la-pose-de-carrelage-a-neuchatel\\\/\"]}]},{\"@type\":\"ImageObject\",\"inLanguage\":\"fr-FR\",\"@id\":\"https:\\\/\\\/www.artisanlocal.ch\\\/c\\\/besoin-dun-specialiste-de-la-pose-de-carrelage-a-neuchatel\\\/#primaryimage\",\"url\":\"https:\\\/\\\/www.artisanlocal.ch\\\/c\\\/wp-content\\\/uploads\\\/2024\\\/11\\\/carreleur.jpg\",\"contentUrl\":\"https:\\\/\\\/www.artisanlocal.ch\\\/c\\\/wp-content\\\/uploads\\\/2024\\\/11\\\/carreleur.jpg\",\"width\":1920,\"height\":300},{\"@type\":\"BreadcrumbList\",\"@id\":\"https:\\\/\\\/www.artisanlocal.ch\\\/c\\\/besoin-dun-specialiste-de-la-pose-de-carrelage-a-neuchatel\\\/#breadcrumb\",\"itemListElement\":[{\"@type\":\"ListItem\",\"position\":1,\"name\":\"Accueil\",\"item\":\"https:\\\/\\\/www.artisanlocal.ch\\\/c\\\/\"},{\"@type\":\"ListItem\",\"position\":2,\"name\":\"Entreprise de carrelage \u00e0 Neuch\u00e2tel\"}]},{\"@type\":\"WebSite\",\"@id\":\"https:\\\/\\\/www.artisanlocal.ch\\\/c\\\/#website\",\"url\":\"https:\\\/\\\/www.artisanlocal.ch\\\/c\\\/\",\"name\":\"Artisanlocal\",\"description\":\"\",\"publisher\":{\"@id\":\"https:\\\/\\\/www.artisanlocal.ch\\\/c\\\/#organization\"},\"potentialAction\":[{\"@type\":\"SearchAction\",\"target\":{\"@type\":\"EntryPoint\",\"urlTemplate\":\"https:\\\/\\\/www.artisanlocal.ch\\\/c\\\/?s={search_term_string}\"},\"query-input\":{\"@type\":\"PropertyValueSpecification\",\"valueRequired\":true,\"valueName\":\"search_term_string\"}}],\"inLanguage\":\"fr-FR\"},{\"@type\":\"Organization\",\"@id\":\"https:\\\/\\\/www.artisanlocal.ch\\\/c\\\/#organization\",\"name\":\"Artisanlocal\",\"url\":\"https:\\\/\\\/www.artisanlocal.ch\\\/c\\\/\",\"logo\":{\"@type\":\"ImageObject\",\"inLanguage\":\"fr-FR\",\"@id\":\"https:\\\/\\\/www.artisanlocal.ch\\\/c\\\/#\\\/schema\\\/logo\\\/image\\\/\",\"url\":\"https:\\\/\\\/www.artisanlocal.ch\\\/c\\\/wp-content\\\/uploads\\\/2024\\\/02\\\/logo-artisanlocal-h.svg\",\"contentUrl\":\"https:\\\/\\\/www.artisanlocal.ch\\\/c\\\/wp-content\\\/uploads\\\/2024\\\/02\\\/logo-artisanlocal-h.svg\",\"caption\":\"Artisanlocal\"},\"image\":{\"@id\":\"https:\\\/\\\/www.artisanlocal.ch\\\/c\\\/#\\\/schema\\\/logo\\\/image\\\/\"}}]}<\/script>\n<!-- \/ Yoast SEO Premium plugin. -->","yoast_head_json":{"title":"Entreprise de carrelage \u00e0 Neuch\u00e2tel - Artisanlocal","robots":{"index":"index","follow":"follow","max-snippet":"max-snippet:-1","max-image-preview":"max-image-preview:large","max-video-preview":"max-video-preview:-1"},"canonical":"https:\/\/www.artisanlocal.ch\/c\/besoin-dun-specialiste-de-la-pose-de-carrelage-a-neuchatel\/","og_locale":"fr_FR","og_type":"article","og_title":"Entreprise de carrelage \u00e0 Neuch\u00e2tel","og_description":"Vous avez besoin d&rsquo;une entreprise de carrelage \u00e0 Neuch\u00e2tel ? Appelez-nous, Artisanlocal propose des services d&rsquo;installation de carrelage classique, de dosseret, pour votre salle de bain ou sur votre sol ! De plus, nous intervenons aussi dans les villes \u00e0 proximit\u00e9 de Neuch\u00e2tel. Quels sont les avantages qu&rsquo;offre notre soci\u00e9t\u00e9 ? Nos tarifs sont comp\u00e9titifs, [&hellip;]","og_url":"https:\/\/www.artisanlocal.ch\/c\/besoin-dun-specialiste-de-la-pose-de-carrelage-a-neuchatel\/","og_site_name":"Artisanlocal","article_modified_time":"2025-08-26T17:28:48+00:00","og_image":[{"width":1920,"height":300,"url":"https:\/\/www.artisanlocal.ch\/c\/wp-content\/uploads\/2024\/11\/carreleur.jpg","type":"image\/jpeg"}],"twitter_card":"summary_large_image","twitter_misc":{"Dur\u00e9e de lecture estim\u00e9e":"4 minutes"},"schema":{"@context":"https:\/\/schema.org","@graph":[{"@type":"WebPage","@id":"https:\/\/www.artisanlocal.ch\/c\/besoin-dun-specialiste-de-la-pose-de-carrelage-a-neuchatel\/","url":"https:\/\/www.artisanlocal.ch\/c\/besoin-dun-specialiste-de-la-pose-de-carrelage-a-neuchatel\/","name":"Entreprise de carrelage \u00e0 Neuch\u00e2tel - Artisanlocal","isPartOf":{"@id":"https:\/\/www.artisanlocal.ch\/c\/#website"},"primaryImageOfPage":{"@id":"https:\/\/www.artisanlocal.ch\/c\/besoin-dun-specialiste-de-la-pose-de-carrelage-a-neuchatel\/#primaryimage"},"image":{"@id":"https:\/\/www.artisanlocal.ch\/c\/besoin-dun-specialiste-de-la-pose-de-carrelage-a-neuchatel\/#primaryimage"},"thumbnailUrl":"https:\/\/www.artisanlocal.ch\/c\/wp-content\/uploads\/2024\/11\/carreleur.jpg","datePublished":"2024-04-22T08:53:58+00:00","dateModified":"2025-08-26T17:28:48+00:00","breadcrumb":{"@id":"https:\/\/www.artisanlocal.ch\/c\/besoin-dun-specialiste-de-la-pose-de-carrelage-a-neuchatel\/#breadcrumb"},"inLanguage":"fr-FR","potentialAction":[{"@type":"ReadAction","target":["https:\/\/www.artisanlocal.ch\/c\/besoin-dun-specialiste-de-la-pose-de-carrelage-a-neuchatel\/"]}]},{"@type":"ImageObject","inLanguage":"fr-FR","@id":"https:\/\/www.artisanlocal.ch\/c\/besoin-dun-specialiste-de-la-pose-de-carrelage-a-neuchatel\/#primaryimage","url":"https:\/\/www.artisanlocal.ch\/c\/wp-content\/uploads\/2024\/11\/carreleur.jpg","contentUrl":"https:\/\/www.artisanlocal.ch\/c\/wp-content\/uploads\/2024\/11\/carreleur.jpg","width":1920,"height":300},{"@type":"BreadcrumbList","@id":"https:\/\/www.artisanlocal.ch\/c\/besoin-dun-specialiste-de-la-pose-de-carrelage-a-neuchatel\/#breadcrumb","itemListElement":[{"@type":"ListItem","position":1,"name":"Accueil","item":"https:\/\/www.artisanlocal.ch\/c\/"},{"@type":"ListItem","position":2,"name":"Entreprise de carrelage \u00e0 Neuch\u00e2tel"}]},{"@type":"WebSite","@id":"https:\/\/www.artisanlocal.ch\/c\/#website","url":"https:\/\/www.artisanlocal.ch\/c\/","name":"Artisanlocal","description":"","publisher":{"@id":"https:\/\/www.artisanlocal.ch\/c\/#organization"},"potentialAction":[{"@type":"SearchAction","target":{"@type":"EntryPoint","urlTemplate":"https:\/\/www.artisanlocal.ch\/c\/?s={search_term_string}"},"query-input":{"@type":"PropertyValueSpecification","valueRequired":true,"valueName":"search_term_string"}}],"inLanguage":"fr-FR"},{"@type":"Organization","@id":"https:\/\/www.artisanlocal.ch\/c\/#organization","name":"Artisanlocal","url":"https:\/\/www.artisanlocal.ch\/c\/","logo":{"@type":"ImageObject","inLanguage":"fr-FR","@id":"https:\/\/www.artisanlocal.ch\/c\/#\/schema\/logo\/image\/","url":"https:\/\/www.artisanlocal.ch\/c\/wp-content\/uploads\/2024\/02\/logo-artisanlocal-h.svg","contentUrl":"https:\/\/www.artisanlocal.ch\/c\/wp-content\/uploads\/2024\/02\/logo-artisanlocal-h.svg","caption":"Artisanlocal"},"image":{"@id":"https:\/\/www.artisanlocal.ch\/c\/#\/schema\/logo\/image\/"}}]}},"_links":{"self":[{"href":"https:\/\/www.artisanlocal.ch\/c\/wp-json\/wp\/v2\/pages\/560","targetHints":{"allow":["GET"]}}],"collection":[{"href":"https:\/\/www.artisanlocal.ch\/c\/wp-json\/wp\/v2\/pages"}],"about":[{"href":"https:\/\/www.artisanlocal.ch\/c\/wp-json\/wp\/v2\/types\/page"}],"author":[{"embeddable":true,"href":"https:\/\/www.artisanlocal.ch\/c\/wp-json\/wp\/v2\/users\/4"}],"replies":[{"embeddable":true,"href":"https:\/\/www.artisanlocal.ch\/c\/wp-json\/wp\/v2\/comments?post=560"}],"version-history":[{"count":0,"href":"https:\/\/www.artisanlocal.ch\/c\/wp-json\/wp\/v2\/pages\/560\/revisions"}],"wp:featuredmedia":[{"embeddable":true,"href":"https:\/\/www.artisanlocal.ch\/c\/wp-json\/wp\/v2\/media\/2804"}],"wp:attachment":[{"href":"https:\/\/www.artisanlocal.ch\/c\/wp-json\/wp\/v2\/media?parent=560"}],"wp:term":[{"taxonomy":"profession","embeddable":true,"href":"https:\/\/www.artisanlocal.ch\/c\/wp-json\/wp\/v2\/profession?post=560"},{"taxonomy":"location","embeddable":true,"href":"https:\/\/www.artisanlocal.ch\/c\/wp-json\/wp\/v2\/location?post=560"},{"taxonomy":"canton","embeddable":true,"href":"https:\/\/www.artisanlocal.ch\/c\/wp-json\/wp\/v2\/canton?post=560"}],"curies":[{"name":"wp","href":"https:\/\/api.w.org\/{rel}","templated":true}]}}