{"id":562,"date":"2024-04-21T07:36:00","date_gmt":"2024-04-21T05:36:00","guid":{"rendered":"https:\/\/www.artisanlocal.ch\/c\/societe-specialisee-dans-la-pose-de-carreaux-a-aigle\/"},"modified":"2025-08-26T19:29:32","modified_gmt":"2025-08-26T17:29:32","slug":"societe-specialisee-dans-la-pose-de-carreaux-a-aigle","status":"publish","type":"page","link":"https:\/\/www.artisanlocal.ch\/c\/societe-specialisee-dans-la-pose-de-carreaux-a-aigle\/","title":{"rendered":"Carreleur \u00e0 Aigle"},"content":{"rendered":"<p>Besoin d&rsquo;un nouveau carrelage \u00e0 Aigle ? Artisanlocal vous propose des services d&rsquo;installation : de carrelage classique, de dosseret, de salle de bain ou sur sol !<br \/>\n\r\n<div class=\"box\">\r\n            <div class=\"company-info\">\r\n            <img decoding=\"async\" class=\"company-info__logo\" src=\"https:\/\/www.artisanlocal.ch\/media\/cache\/thumb\/images\/companies\/69ea3f7f85dad491466389.png\" alt=\"Logo\">\r\n            <h2 class=\"company-info__name\">DFR CARRELAGE KRYEZIU<\/h2>\r\n            <p class=\"company-info__business\">Carrelage - Parquet - Transformation et r\u00e9novation<\/p>\r\n        <\/div>\r\n        <div class=\"company-contact\">\r\n            <p class=\"company-info__address\">Chemin de Pr\u00e9 d'Emoz 24<\/p>\r\n                            <div class=\"links\">\r\n                                            <a class=\"btn has-accent-background-color js-phoneNumber\" href=\"tel:0796684789\" title=\"Appelez\" data-id=\"28781\" data-type=\"11\">079 668 47 89<\/a>\r\n                                                                <a class=\"btn has-accent-background-color\" href=\"https:\/\/dfr-carrelage.ch\/\" target=\"_blank\" title=\"Voir le site internet\" data-id=\"28781\" data-type=\"20\">Site internet<\/a>\r\n                                    <\/div>\r\n                    <\/div>\r\n    \r\n            \r\n<form action=\"https:\/\/www.artisanlocal.ch\/c\/wp-admin\/admin-ajax.php\" method=\"post\" class=\"form-contact\" id=\"artisan_form_contact_company_inline\">\r\n    <div><input type=\"hidden\" name=\"action\" value=\"company_contact\"><\/div>\r\n    <div><input type=\"hidden\" name=\"nonce\" value=\"f071462bb9\"><\/div>\r\n    <div><input type=\"hidden\" name=\"company_id\" value=\"28781\"><\/div>\r\n    <div><input type=\"hidden\" name=\"form_id\" value=\"artisan_form_contact_company_inline\"><\/div>\r\n    <div class=\"gglcptch gglcptch_v3 gglcptch_custom\"><input type=\"hidden\" id=\"g-recaptcha-response\" name=\"g-recaptcha-response\" \/><br \/><div class=\"gglcptch_error_text\">La p\u00e9riode de v\u00e9rification reCAPTCHA a expir\u00e9. Veuillez recharger la page.<\/div><\/div>    <div class=\"form-content\">\r\n        <div class=\"form-group\">\r\n            <label for=\"contact_firstName\" class=\"required\">Pr\u00e9nom<\/label>\r\n            <input type=\"text\" name=\"firstName\" class=\"form-control\" required>\r\n        <\/div>\r\n        <div class=\"form-group\">\r\n            <label for=\"contact_lastName\" class=\"required\">Nom<\/label>\r\n            <input type=\"text\" name=\"lastName\" class=\"form-control\" required>\r\n        <\/div>\r\n        <div class=\"form-group\">\r\n            <label for=\"contact_email\" class=\"required\">Email<\/label>\r\n            <input type=\"email\" name=\"email\" class=\"form-control\" required>\r\n        <\/div>\r\n        <div class=\"form-group\">\r\n            <label for=\"contact_phone\" class=\"required\">Num\u00e9ro de t\u00e9l\u00e9phone<\/label>\r\n            <input type=\"tel\" name=\"phone\" class=\"form-control\" placeholder=\"0787117165\" pattern=\"^[0-9]{10}$\" required>\r\n        <\/div>\r\n        <div class=\"form-group\">\r\n            <label for=\"contact_postalCode\" class=\"required\">Code postal et localit\u00e9<\/label>\r\n            <input type=\"text\" name=\"postalCode\" class=\"form-control\" required>\r\n        <\/div>\r\n        <div class=\"form-group\">\r\n            <label for=\"contact_address\" class=\"required\">Adresse<\/label>\r\n            <input type=\"text\" name=\"address\" class=\"form-control\" required>\r\n        <\/div>\r\n        <div class=\"full-width topic\">\r\n            <p class=\"required\">Je souhaite \u00eatre contact\u00e9 pour :<\/p>\r\n            <div class=\"form-check\">\r\n                <input type=\"radio\" name=\"topic\" value=\"D\u00e9pannage\" class=\"form-control\" required>\r\n                <label for=\"d\u00e9pannage\">D\u00e9pannage<\/label>\r\n            <\/div>\r\n            <div class=\"form-check\">\r\n                <input type=\"radio\" name=\"topic\" value=\"Entretien\" class=\"form-control\" required>\r\n                <label for=\"entretien\">Entretien<\/label>\r\n            <\/div>\r\n            <div class=\"form-check\">\r\n                <input type=\"radio\" name=\"topic\" value=\"R\u00e9novation\" class=\"form-control\" required>\r\n                <label for=\"r\u00e9novation\">R\u00e9novation<\/label>\r\n            <\/div>\r\n            <div class=\"form-check\">\r\n                <input type=\"radio\" name=\"topic\" value=\"Autre\" class=\"form-control\" required>\r\n                <label for=\"autre\">Autre<\/label>\r\n            <\/div>\r\n        <\/div>\r\n        <div class=\"form-group full-width\">\r\n            <label for=\"contact_message\">Message<\/label>\r\n            <textarea name=\"message\" rows=\"3\" class=\"form-control\"><\/textarea>\r\n        <\/div>\r\n    <\/div>\r\n    <div class=\"form-actions\">\r\n        <button class=\"wp-block-button__link has-accent-background-color\">Contacter<\/button>\r\n    <\/div>\r\n<\/form>\r\n<div class=\"form-feedback\"><\/div>    <\/div><\/p>\n<h2>Quels sont les avantages qu&rsquo;offre notre entreprise ?<\/h2>\n<ul>\n<li>Nous proposons des services avec un tr\u00e8s bon rapport qualit\u00e9-prix,<\/li>\n<li>nous installons du carrelage haut de gamme,<\/li>\n<li>notre soci\u00e9t\u00e9 est implant\u00e9e \u00e0 Aigle, et intervient en urgence dans votre foyer,<\/li>\n<li>nous vous aidons pour acheter le carrelage le plus adapt\u00e9s \u00e0 votre projet,<\/li>\n<li>nos devis sont gratuits,<\/li>\n<li>nos techniciens sont exp\u00e9riment\u00e9s,<\/li>\n<li>un partenaire s\u00fbr et fiable : nous r\u00e9alisons des interventions dans des grands groupes et des cabinets d&rsquo;architectes pour installer du parquet, de la fa\u00efence, du carrelage ou des autres rev\u00eatements pour les sols.<\/li>\n<\/ul>\n<h2>Contactez-nous d\u00e8s maintenant pour recevoir votre devis gratuit<\/h2>\n<p>Contactez-nous si vous souhaitez obtenir un devis, nous r\u00e9pondrons rapidement pour estimer le prix de la pose de votre carrelage.<\/p>\n<h2>Nos services<\/h2>\n<ul>\n<li>L&rsquo;installation de carrelage traditionnel, fa\u00efence et parquet,<\/li>\n<li>des conseils pour vous aider \u00e0 choisir votre carrelage,<\/li>\n<li>la pr\u00e9paration de la surface avant la pose du carrelage,<\/li>\n<li>la pose de carrelage sur les sols et les murs,<\/li>\n<li>l&rsquo;installation de votre carrelage en ext\u00e9rieur et int\u00e9rieur,<\/li>\n<li>le retrait de votre carrelage existant,<\/li>\n<li>le retrait du parquet flottant,<\/li>\n<li>l&rsquo;installation de votre carrelage sur votre terrasse.<\/li>\n<\/ul>\n<h2>Comment bien choisir le carrelage pour votre espace ?<\/h2>\n<h3>Analysez l&rsquo;endroit o\u00f9 le carrelage sera pos\u00e9<\/h3>\n<p>Vous devez analyser l&#8217;emplacement et le rythme \u00e0 laquelle le carreau sera soumis \u00e0 l&rsquo;usure, sera-t-il dans un endroit avec un fort passage ? Marchera-t-on sur les carreaux en chaussettes ou en chaussures ? Sera-t-il expos\u00e9 \u00e0 l&rsquo;humidit\u00e9\u202f? R\u00e9fl\u00e9chissez aussi aux espaces qu&rsquo;il couvrira, tel que les murs, les plans de travail de cuisine ou les sols.<\/p>\n<h3>\u00c9valuez le volume de carreaux<\/h3>\n<p>Pour d\u00e9terminer le volume en m\u00b2 de carreaux n\u00e9cessaires pour votre projet, effectuez la multiplication : longueur par sa largeur et rajoutez environ 5 % pour garder une marge de s\u00e9curit\u00e9. Nous vous recommandons de garder en r\u00e9serve des carreaux de mani\u00e8re \u00e0 r\u00e9parer de possibles d\u00e9g\u00e2ts.<\/p>\n<h3>S\u00e9lectionnez le mat\u00e9riau<\/h3>\n<p>Le carrelage est fabriqu\u00e9 \u00e0 partir de plusieurs types de mat\u00e9riaux qui impactent : le co\u00fbt, l&rsquo;entretien, l&rsquo;apparence et la durabilit\u00e9. Par ailleurs, il faut tenir compte de la texture et des finitions pour s\u00e9lectionner le meilleur carrelage pour votre projet.<\/p>\n<h3>Entretien<\/h3>\n<p>Nous vous recommandons de prendre en compte la difficult\u00e9 d&rsquo;entretien, notamment : le scellement du carrelage avec un joint de couleur clair n\u00e9cessite un nettoyage plus long, parce qu&rsquo;il accumule vite la poussi\u00e8re, le rendent plus d\u00e9licat \u00e0 entretenir que d&rsquo;autres coloris.<\/p>\n<h2>Prenez un rendez-vous d\u00e8s \u00e0 pr\u00e9sent<\/h2>\n<p>Notre \u00e9quipe est disponible du lundi au samedi pour vous donner des conseils.<\/p>\n<h2>Questions-r\u00e9ponses<\/h2>\n<h3>De quelle mani\u00e8re fonctionne votre soci\u00e9t\u00e9 ?<\/h3>\n<ol>\n<li>Vous devez prendre contact avec nous par t\u00e9l\u00e9phone ou email.<\/li>\n<li>Nous planifions ensemble le rendez-vous en fonction de votre agenda.<\/li>\n<li>Visite \u00e0 votre logement pour d\u00e9limiter le travail \u00e0 effectuer.<\/li>\n<li>D\u00e9marrage de votre projet.<\/li>\n<\/ol>\n<h3>Votre entreprise intervient \u00e0 Aigle et dans les localit\u00e9s aux environs ?<\/h3>\n<p>Oui, nous intervenons \u00e0 Aigle, toutefois, notre \u00e9quipe intervient dans les villes proches, telles que :<\/p>\nLa Tine, Rossini\u00e8re, Flendruz, Rougemont, Ch\u00e2teau-d'Oex, L'Etivaz, La L\u00e9cherette, Les Moulins, Villeneuve VD, Noville, Chessel, Rennaz, Roche VD, Yvorne, Leysin, Corbeyrier, La Comballaz, Les Mosses, Le S\u00e9pey, Vers-l'Eglise, Les Diablerets, La Forclaz VD, Ollon VD, Panex, St-Triphon, Bex, Fenalet-sur-Bex, Freni\u00e8res-sur-Bex, Les Plans-sur-Bex, Gryon, Les Posses-sur-Bex, Arveyes, Hu\u00e9moz, Villars-sur-Ollon, Chesi\u00e8res, Lavey-les-Bains, Lavey-Village.\n<h3>Quels sont les types de carrelages les plus populaires ?<\/h3>\n<ul>\n<li>Les mosa\u00efques.<\/li>\n<li>Les blancs de m\u00e9tro.<\/li>\n<li>En marbre.<\/li>\n<li>En c\u00e9ramique.<\/li>\n<li>En ciments.<\/li>\n<li>En porcelaine.<\/li>\n<\/ul>\n","protected":false},"excerpt":{"rendered":"<p>Besoin d&rsquo;un nouveau carrelage \u00e0 Aigle ? Artisanlocal vous propose des services d&rsquo;installation : de carrelage classique, de dosseret, de salle de bain ou sur sol ! Quels sont les avantages qu&rsquo;offre notre entreprise ? Nous proposons des services avec un tr\u00e8s bon rapport qualit\u00e9-prix, nous installons du carrelage haut de gamme, notre soci\u00e9t\u00e9 est [&hellip;]<\/p>\n","protected":false},"author":4,"featured_media":2804,"parent":0,"menu_order":0,"comment_status":"closed","ping_status":"closed","template":"","meta":{"footnotes":""},"profession":[119],"location":[61],"canton":[113],"class_list":["post-562","page","type-page","status-publish","has-post-thumbnail","hentry","profession-carreleur","location-aigle","canton-vd"],"yoast_head":"<!-- This site is optimized with the Yoast SEO Premium plugin v25.7.1 (Yoast SEO v27.4) - https:\/\/yoast.com\/product\/yoast-seo-premium-wordpress\/ -->\n<title>Carreleur \u00e0 Aigle - Artisanlocal<\/title>\n<meta name=\"robots\" content=\"index, follow, max-snippet:-1, max-image-preview:large, max-video-preview:-1\" \/>\n<link rel=\"canonical\" href=\"https:\/\/www.artisanlocal.ch\/c\/societe-specialisee-dans-la-pose-de-carreaux-a-aigle\/\" \/>\n<meta property=\"og:locale\" content=\"fr_FR\" \/>\n<meta property=\"og:type\" content=\"article\" \/>\n<meta property=\"og:title\" content=\"Carreleur \u00e0 Aigle\" \/>\n<meta property=\"og:description\" content=\"Besoin d&rsquo;un nouveau carrelage \u00e0 Aigle ? Artisanlocal vous propose des services d&rsquo;installation : de carrelage classique, de dosseret, de salle de bain ou sur sol ! Quels sont les avantages qu&rsquo;offre notre entreprise ? Nous proposons des services avec un tr\u00e8s bon rapport qualit\u00e9-prix, nous installons du carrelage haut de gamme, notre soci\u00e9t\u00e9 est [&hellip;]\" \/>\n<meta property=\"og:url\" content=\"https:\/\/www.artisanlocal.ch\/c\/societe-specialisee-dans-la-pose-de-carreaux-a-aigle\/\" \/>\n<meta property=\"og:site_name\" content=\"Artisanlocal\" \/>\n<meta property=\"article:modified_time\" content=\"2025-08-26T17:29:32+00:00\" \/>\n<meta property=\"og:image\" content=\"https:\/\/www.artisanlocal.ch\/c\/wp-content\/uploads\/2024\/11\/carreleur.jpg\" \/>\n\t<meta property=\"og:image:width\" content=\"1920\" \/>\n\t<meta property=\"og:image:height\" content=\"300\" \/>\n\t<meta property=\"og:image:type\" content=\"image\/jpeg\" \/>\n<meta name=\"twitter:card\" content=\"summary_large_image\" \/>\n<meta name=\"twitter:label1\" content=\"Dur\u00e9e de lecture estim\u00e9e\" \/>\n\t<meta name=\"twitter:data1\" content=\"3 minutes\" \/>\n<script type=\"application\/ld+json\" class=\"yoast-schema-graph\">{\"@context\":\"https:\\\/\\\/schema.org\",\"@graph\":[{\"@type\":\"WebPage\",\"@id\":\"https:\\\/\\\/www.artisanlocal.ch\\\/c\\\/societe-specialisee-dans-la-pose-de-carreaux-a-aigle\\\/\",\"url\":\"https:\\\/\\\/www.artisanlocal.ch\\\/c\\\/societe-specialisee-dans-la-pose-de-carreaux-a-aigle\\\/\",\"name\":\"Carreleur \u00e0 Aigle - Artisanlocal\",\"isPartOf\":{\"@id\":\"https:\\\/\\\/www.artisanlocal.ch\\\/c\\\/#website\"},\"primaryImageOfPage\":{\"@id\":\"https:\\\/\\\/www.artisanlocal.ch\\\/c\\\/societe-specialisee-dans-la-pose-de-carreaux-a-aigle\\\/#primaryimage\"},\"image\":{\"@id\":\"https:\\\/\\\/www.artisanlocal.ch\\\/c\\\/societe-specialisee-dans-la-pose-de-carreaux-a-aigle\\\/#primaryimage\"},\"thumbnailUrl\":\"https:\\\/\\\/www.artisanlocal.ch\\\/c\\\/wp-content\\\/uploads\\\/2024\\\/11\\\/carreleur.jpg\",\"datePublished\":\"2024-04-21T05:36:00+00:00\",\"dateModified\":\"2025-08-26T17:29:32+00:00\",\"breadcrumb\":{\"@id\":\"https:\\\/\\\/www.artisanlocal.ch\\\/c\\\/societe-specialisee-dans-la-pose-de-carreaux-a-aigle\\\/#breadcrumb\"},\"inLanguage\":\"fr-FR\",\"potentialAction\":[{\"@type\":\"ReadAction\",\"target\":[\"https:\\\/\\\/www.artisanlocal.ch\\\/c\\\/societe-specialisee-dans-la-pose-de-carreaux-a-aigle\\\/\"]}]},{\"@type\":\"ImageObject\",\"inLanguage\":\"fr-FR\",\"@id\":\"https:\\\/\\\/www.artisanlocal.ch\\\/c\\\/societe-specialisee-dans-la-pose-de-carreaux-a-aigle\\\/#primaryimage\",\"url\":\"https:\\\/\\\/www.artisanlocal.ch\\\/c\\\/wp-content\\\/uploads\\\/2024\\\/11\\\/carreleur.jpg\",\"contentUrl\":\"https:\\\/\\\/www.artisanlocal.ch\\\/c\\\/wp-content\\\/uploads\\\/2024\\\/11\\\/carreleur.jpg\",\"width\":1920,\"height\":300},{\"@type\":\"BreadcrumbList\",\"@id\":\"https:\\\/\\\/www.artisanlocal.ch\\\/c\\\/societe-specialisee-dans-la-pose-de-carreaux-a-aigle\\\/#breadcrumb\",\"itemListElement\":[{\"@type\":\"ListItem\",\"position\":1,\"name\":\"Accueil\",\"item\":\"https:\\\/\\\/www.artisanlocal.ch\\\/c\\\/\"},{\"@type\":\"ListItem\",\"position\":2,\"name\":\"Carreleur \u00e0 Aigle\"}]},{\"@type\":\"WebSite\",\"@id\":\"https:\\\/\\\/www.artisanlocal.ch\\\/c\\\/#website\",\"url\":\"https:\\\/\\\/www.artisanlocal.ch\\\/c\\\/\",\"name\":\"Artisanlocal\",\"description\":\"\",\"publisher\":{\"@id\":\"https:\\\/\\\/www.artisanlocal.ch\\\/c\\\/#organization\"},\"potentialAction\":[{\"@type\":\"SearchAction\",\"target\":{\"@type\":\"EntryPoint\",\"urlTemplate\":\"https:\\\/\\\/www.artisanlocal.ch\\\/c\\\/?s={search_term_string}\"},\"query-input\":{\"@type\":\"PropertyValueSpecification\",\"valueRequired\":true,\"valueName\":\"search_term_string\"}}],\"inLanguage\":\"fr-FR\"},{\"@type\":\"Organization\",\"@id\":\"https:\\\/\\\/www.artisanlocal.ch\\\/c\\\/#organization\",\"name\":\"Artisanlocal\",\"url\":\"https:\\\/\\\/www.artisanlocal.ch\\\/c\\\/\",\"logo\":{\"@type\":\"ImageObject\",\"inLanguage\":\"fr-FR\",\"@id\":\"https:\\\/\\\/www.artisanlocal.ch\\\/c\\\/#\\\/schema\\\/logo\\\/image\\\/\",\"url\":\"https:\\\/\\\/www.artisanlocal.ch\\\/c\\\/wp-content\\\/uploads\\\/2024\\\/02\\\/logo-artisanlocal-h.svg\",\"contentUrl\":\"https:\\\/\\\/www.artisanlocal.ch\\\/c\\\/wp-content\\\/uploads\\\/2024\\\/02\\\/logo-artisanlocal-h.svg\",\"caption\":\"Artisanlocal\"},\"image\":{\"@id\":\"https:\\\/\\\/www.artisanlocal.ch\\\/c\\\/#\\\/schema\\\/logo\\\/image\\\/\"}}]}<\/script>\n<!-- \/ Yoast SEO Premium plugin. -->","yoast_head_json":{"title":"Carreleur \u00e0 Aigle - Artisanlocal","robots":{"index":"index","follow":"follow","max-snippet":"max-snippet:-1","max-image-preview":"max-image-preview:large","max-video-preview":"max-video-preview:-1"},"canonical":"https:\/\/www.artisanlocal.ch\/c\/societe-specialisee-dans-la-pose-de-carreaux-a-aigle\/","og_locale":"fr_FR","og_type":"article","og_title":"Carreleur \u00e0 Aigle","og_description":"Besoin d&rsquo;un nouveau carrelage \u00e0 Aigle ? Artisanlocal vous propose des services d&rsquo;installation : de carrelage classique, de dosseret, de salle de bain ou sur sol ! Quels sont les avantages qu&rsquo;offre notre entreprise ? Nous proposons des services avec un tr\u00e8s bon rapport qualit\u00e9-prix, nous installons du carrelage haut de gamme, notre soci\u00e9t\u00e9 est [&hellip;]","og_url":"https:\/\/www.artisanlocal.ch\/c\/societe-specialisee-dans-la-pose-de-carreaux-a-aigle\/","og_site_name":"Artisanlocal","article_modified_time":"2025-08-26T17:29:32+00:00","og_image":[{"width":1920,"height":300,"url":"https:\/\/www.artisanlocal.ch\/c\/wp-content\/uploads\/2024\/11\/carreleur.jpg","type":"image\/jpeg"}],"twitter_card":"summary_large_image","twitter_misc":{"Dur\u00e9e de lecture estim\u00e9e":"3 minutes"},"schema":{"@context":"https:\/\/schema.org","@graph":[{"@type":"WebPage","@id":"https:\/\/www.artisanlocal.ch\/c\/societe-specialisee-dans-la-pose-de-carreaux-a-aigle\/","url":"https:\/\/www.artisanlocal.ch\/c\/societe-specialisee-dans-la-pose-de-carreaux-a-aigle\/","name":"Carreleur \u00e0 Aigle - Artisanlocal","isPartOf":{"@id":"https:\/\/www.artisanlocal.ch\/c\/#website"},"primaryImageOfPage":{"@id":"https:\/\/www.artisanlocal.ch\/c\/societe-specialisee-dans-la-pose-de-carreaux-a-aigle\/#primaryimage"},"image":{"@id":"https:\/\/www.artisanlocal.ch\/c\/societe-specialisee-dans-la-pose-de-carreaux-a-aigle\/#primaryimage"},"thumbnailUrl":"https:\/\/www.artisanlocal.ch\/c\/wp-content\/uploads\/2024\/11\/carreleur.jpg","datePublished":"2024-04-21T05:36:00+00:00","dateModified":"2025-08-26T17:29:32+00:00","breadcrumb":{"@id":"https:\/\/www.artisanlocal.ch\/c\/societe-specialisee-dans-la-pose-de-carreaux-a-aigle\/#breadcrumb"},"inLanguage":"fr-FR","potentialAction":[{"@type":"ReadAction","target":["https:\/\/www.artisanlocal.ch\/c\/societe-specialisee-dans-la-pose-de-carreaux-a-aigle\/"]}]},{"@type":"ImageObject","inLanguage":"fr-FR","@id":"https:\/\/www.artisanlocal.ch\/c\/societe-specialisee-dans-la-pose-de-carreaux-a-aigle\/#primaryimage","url":"https:\/\/www.artisanlocal.ch\/c\/wp-content\/uploads\/2024\/11\/carreleur.jpg","contentUrl":"https:\/\/www.artisanlocal.ch\/c\/wp-content\/uploads\/2024\/11\/carreleur.jpg","width":1920,"height":300},{"@type":"BreadcrumbList","@id":"https:\/\/www.artisanlocal.ch\/c\/societe-specialisee-dans-la-pose-de-carreaux-a-aigle\/#breadcrumb","itemListElement":[{"@type":"ListItem","position":1,"name":"Accueil","item":"https:\/\/www.artisanlocal.ch\/c\/"},{"@type":"ListItem","position":2,"name":"Carreleur \u00e0 Aigle"}]},{"@type":"WebSite","@id":"https:\/\/www.artisanlocal.ch\/c\/#website","url":"https:\/\/www.artisanlocal.ch\/c\/","name":"Artisanlocal","description":"","publisher":{"@id":"https:\/\/www.artisanlocal.ch\/c\/#organization"},"potentialAction":[{"@type":"SearchAction","target":{"@type":"EntryPoint","urlTemplate":"https:\/\/www.artisanlocal.ch\/c\/?s={search_term_string}"},"query-input":{"@type":"PropertyValueSpecification","valueRequired":true,"valueName":"search_term_string"}}],"inLanguage":"fr-FR"},{"@type":"Organization","@id":"https:\/\/www.artisanlocal.ch\/c\/#organization","name":"Artisanlocal","url":"https:\/\/www.artisanlocal.ch\/c\/","logo":{"@type":"ImageObject","inLanguage":"fr-FR","@id":"https:\/\/www.artisanlocal.ch\/c\/#\/schema\/logo\/image\/","url":"https:\/\/www.artisanlocal.ch\/c\/wp-content\/uploads\/2024\/02\/logo-artisanlocal-h.svg","contentUrl":"https:\/\/www.artisanlocal.ch\/c\/wp-content\/uploads\/2024\/02\/logo-artisanlocal-h.svg","caption":"Artisanlocal"},"image":{"@id":"https:\/\/www.artisanlocal.ch\/c\/#\/schema\/logo\/image\/"}}]}},"_links":{"self":[{"href":"https:\/\/www.artisanlocal.ch\/c\/wp-json\/wp\/v2\/pages\/562","targetHints":{"allow":["GET"]}}],"collection":[{"href":"https:\/\/www.artisanlocal.ch\/c\/wp-json\/wp\/v2\/pages"}],"about":[{"href":"https:\/\/www.artisanlocal.ch\/c\/wp-json\/wp\/v2\/types\/page"}],"author":[{"embeddable":true,"href":"https:\/\/www.artisanlocal.ch\/c\/wp-json\/wp\/v2\/users\/4"}],"replies":[{"embeddable":true,"href":"https:\/\/www.artisanlocal.ch\/c\/wp-json\/wp\/v2\/comments?post=562"}],"version-history":[{"count":0,"href":"https:\/\/www.artisanlocal.ch\/c\/wp-json\/wp\/v2\/pages\/562\/revisions"}],"wp:featuredmedia":[{"embeddable":true,"href":"https:\/\/www.artisanlocal.ch\/c\/wp-json\/wp\/v2\/media\/2804"}],"wp:attachment":[{"href":"https:\/\/www.artisanlocal.ch\/c\/wp-json\/wp\/v2\/media?parent=562"}],"wp:term":[{"taxonomy":"profession","embeddable":true,"href":"https:\/\/www.artisanlocal.ch\/c\/wp-json\/wp\/v2\/profession?post=562"},{"taxonomy":"location","embeddable":true,"href":"https:\/\/www.artisanlocal.ch\/c\/wp-json\/wp\/v2\/location?post=562"},{"taxonomy":"canton","embeddable":true,"href":"https:\/\/www.artisanlocal.ch\/c\/wp-json\/wp\/v2\/canton?post=562"}],"curies":[{"name":"wp","href":"https:\/\/api.w.org\/{rel}","templated":true}]}}