{"id":563,"date":"2024-04-21T06:42:50","date_gmt":"2024-04-21T04:42:50","guid":{"rendered":"https:\/\/www.artisanlocal.ch\/c\/besoin-dun-expert-pour-linstallation-de-votre-carrelage-a-aubonne\/"},"modified":"2025-08-26T19:29:35","modified_gmt":"2025-08-26T17:29:35","slug":"besoin-dun-expert-pour-linstallation-de-votre-carrelage-a-aubonne","status":"publish","type":"page","link":"https:\/\/www.artisanlocal.ch\/c\/besoin-dun-expert-pour-linstallation-de-votre-carrelage-a-aubonne\/","title":{"rendered":"Entreprise de carrelage \u00e0 Aubonne"},"content":{"rendered":"<p>Vous habitez \u00e0 Aubonne ? Et vous avez besoin d&rsquo;installer un nouveau carrelage ? Notre entreprise Artisanlocal propose des services de pose de carrelage classique, de dosseret pour cuisine, dans votre salle d&rsquo;eau ou sur votre parquet ! Nous proposons aussi nos services dans les villes \u00e0 proximit\u00e9 d&rsquo;Aubonne.<br \/>\n\r\n<div class=\"box\">\r\n            <div class=\"company-info\">\r\n            <img decoding=\"async\" class=\"company-info__logo\" src=\"https:\/\/www.artisanlocal.ch\/media\/cache\/thumb\/images\/companies\/692d64a0b4dc8306928127.png\" alt=\"Logo\">\r\n            <h2 class=\"company-info__name\">Berseth Nicolas<\/h2>\r\n            <p class=\"company-info__business\">Entreprise de carrelage - R\u00e9novation<\/p>\r\n        <\/div>\r\n        <div class=\"company-contact\">\r\n            <p class=\"company-info__address\">Route du Ch\u00eane 21<\/p>\r\n                            <div class=\"links\">\r\n                                            <a class=\"btn has-accent-background-color js-phoneNumber\" href=\"tel:0762438675\" title=\"Appelez\" data-id=\"28830\" data-type=\"11\">076 243 86 75<\/a>\r\n                                                                <a class=\"btn has-accent-background-color\" href=\"https:\/\/n.berseth-carrelage.ch\/\" target=\"_blank\" title=\"Voir le site internet\" data-id=\"28830\" data-type=\"20\">Site internet<\/a>\r\n                                    <\/div>\r\n                    <\/div>\r\n    \r\n            \r\n<form action=\"https:\/\/www.artisanlocal.ch\/c\/wp-admin\/admin-ajax.php\" method=\"post\" class=\"form-contact\" id=\"artisan_form_contact_company_inline\">\r\n    <div><input type=\"hidden\" name=\"action\" value=\"company_contact\"><\/div>\r\n    <div><input type=\"hidden\" name=\"nonce\" value=\"2466c6df8f\"><\/div>\r\n    <div><input type=\"hidden\" name=\"company_id\" value=\"28830\"><\/div>\r\n    <div><input type=\"hidden\" name=\"form_id\" value=\"artisan_form_contact_company_inline\"><\/div>\r\n    <div class=\"gglcptch gglcptch_v3 gglcptch_custom\"><input type=\"hidden\" id=\"g-recaptcha-response\" name=\"g-recaptcha-response\" \/><br \/><div class=\"gglcptch_error_text\">La p\u00e9riode de v\u00e9rification reCAPTCHA a expir\u00e9. Veuillez recharger la page.<\/div><\/div>    <div class=\"form-content\">\r\n        <div class=\"form-group\">\r\n            <label for=\"contact_firstName\" class=\"required\">Pr\u00e9nom<\/label>\r\n            <input type=\"text\" name=\"firstName\" class=\"form-control\" required>\r\n        <\/div>\r\n        <div class=\"form-group\">\r\n            <label for=\"contact_lastName\" class=\"required\">Nom<\/label>\r\n            <input type=\"text\" name=\"lastName\" class=\"form-control\" required>\r\n        <\/div>\r\n        <div class=\"form-group\">\r\n            <label for=\"contact_email\" class=\"required\">Email<\/label>\r\n            <input type=\"email\" name=\"email\" class=\"form-control\" required>\r\n        <\/div>\r\n        <div class=\"form-group\">\r\n            <label for=\"contact_phone\" class=\"required\">Num\u00e9ro de t\u00e9l\u00e9phone<\/label>\r\n            <input type=\"tel\" name=\"phone\" class=\"form-control\" placeholder=\"0787117165\" pattern=\"^[0-9]{10}$\" required>\r\n        <\/div>\r\n        <div class=\"form-group\">\r\n            <label for=\"contact_postalCode\" class=\"required\">Code postal et localit\u00e9<\/label>\r\n            <input type=\"text\" name=\"postalCode\" class=\"form-control\" required>\r\n        <\/div>\r\n        <div class=\"form-group\">\r\n            <label for=\"contact_address\" class=\"required\">Adresse<\/label>\r\n            <input type=\"text\" name=\"address\" class=\"form-control\" required>\r\n        <\/div>\r\n        <div class=\"full-width topic\">\r\n            <p class=\"required\">Je souhaite \u00eatre contact\u00e9 pour :<\/p>\r\n            <div class=\"form-check\">\r\n                <input type=\"radio\" name=\"topic\" value=\"D\u00e9pannage\" class=\"form-control\" required>\r\n                <label for=\"d\u00e9pannage\">D\u00e9pannage<\/label>\r\n            <\/div>\r\n            <div class=\"form-check\">\r\n                <input type=\"radio\" name=\"topic\" value=\"Entretien\" class=\"form-control\" required>\r\n                <label for=\"entretien\">Entretien<\/label>\r\n            <\/div>\r\n            <div class=\"form-check\">\r\n                <input type=\"radio\" name=\"topic\" value=\"R\u00e9novation\" class=\"form-control\" required>\r\n                <label for=\"r\u00e9novation\">R\u00e9novation<\/label>\r\n            <\/div>\r\n            <div class=\"form-check\">\r\n                <input type=\"radio\" name=\"topic\" value=\"Autre\" class=\"form-control\" required>\r\n                <label for=\"autre\">Autre<\/label>\r\n            <\/div>\r\n        <\/div>\r\n        <div class=\"form-group full-width\">\r\n            <label for=\"contact_message\">Message<\/label>\r\n            <textarea name=\"message\" rows=\"3\" class=\"form-control\"><\/textarea>\r\n        <\/div>\r\n    <\/div>\r\n    <div class=\"form-actions\">\r\n        <button class=\"wp-block-button__link has-accent-background-color\">Contacter<\/button>\r\n    <\/div>\r\n<\/form>\r\n<div class=\"form-feedback\"><\/div>    <\/div><\/p>\n<h2>Pour quelle raison choisir notre soci\u00e9t\u00e9 ?<\/h2>\n<p>Pour tout projet d&rsquo;installation de carreaux \u00e0 Aubonne, comptez sur Artisanlocal, s\u00e9lectionnez notre soci\u00e9t\u00e9, car :<\/p>\n<ul>\n<li>Nous avons des tarifs attractifs,<\/li>\n<li>nous installons du carrelage haut de gamme,<\/li>\n<li>notre entreprise est situ\u00e9e \u00e0 Aubonne, et intervient en urgence \u00e0 votre domicile,<\/li>\n<li>nous vous guidons pour choisir le carrelage le plus appropri\u00e9 \u00e0 votre habitation,<\/li>\n<li>nous fournissons des devis gratuits,<\/li>\n<li>notre \u00e9quipe est exp\u00e9riment\u00e9e,<\/li>\n<li>un partenaire s\u00fbr et fiable : nous r\u00e9alisons des interventions dans des grands groupes et des architectes pour poser du parquet, de la fa\u00efence, du carrelage ou des autres rev\u00eatements pour les sols.<\/li>\n<\/ul>\n<h2>Obtenez votre devis gratuit pour l&rsquo;installation de carrelage en nous contactant maintenant<\/h2>\n<p>N&rsquo;h\u00e9sitez pas \u00e0 nous contacter si vous souhaitez obtenir un devis, nous r\u00e9pondrons d\u00e8s que possible pour estimer le prix de l&rsquo;installation de votre carrelage.<\/p>\n<h2>Nos prestations<\/h2>\n<p>Nos professionnels de l&rsquo;installation de carreaux \u00e0 Aubonne proposent aux professionnels et aux particuliers, les prestations, telles que :<\/p>\n<ul>\n<li>Les installations de carrelage, fa\u00efence, parquet, et autres mod\u00e8les de carrelages,<\/li>\n<li>des recommandations pour vous aider \u00e0 choisir votre carrelage,<\/li>\n<li>l&rsquo;installation de vos carreaux,<\/li>\n<li>le scellement du carrelage,<\/li>\n<li>l&rsquo;application du carrelage sur les murs et les sols,<\/li>\n<li>l&rsquo;installation de carrelage ext\u00e9rieur et int\u00e9rieur,<\/li>\n<li>le retrait de votre carrelage existant,<\/li>\n<li>l&rsquo;enl\u00e8vement du parquet flottant,<\/li>\n<li>l&rsquo;installation de carrelage pour votre balcon.<\/li>\n<\/ul>\n<h2>Comment trouver le carrelage id\u00e9al ?<\/h2>\n<h3>Bien identifier la zone d&rsquo;installation<\/h3>\n<p>Consid\u00e9rez l&#8217;emplacement sur lequel le carrelage va \u00eatre pos\u00e9 et \u00e9galement s&rsquo;il se trouve dans un passage fr\u00e9quent\u00e9\u202f? D&rsquo;ailleurs, les gens porteront-ils des chaussettes ou des chaussures en marchant sur les carreaux\u202f? Sera-t-il en contact avec l&rsquo;eau ? Pensez par ailleurs aux espaces qu&rsquo;il couvrira, tel que les sols, les plans de travail, les murs, etc.<\/p>\n<h3>Estimez la quantit\u00e9 de carrelage n\u00e9cessaire<\/h3>\n<p>Pour \u00e9tablir la quantit\u00e9 de carreaux n\u00e9cessaires pour votre projet, faites la multiplication : largeur par sa longueur et rajoutez environ 5 % pour garder une marge de protection. Nous recommandons de conserver des carreaux suppl\u00e9mentaires en cas de dommages ult\u00e9rieurs.<\/p>\n<h3>Choisissez le mat\u00e9riau<\/h3>\n<p>Il existe divers mat\u00e9riaux \u00e0 partir desquels le carrelage est fabriqu\u00e9, le type de mat\u00e9riaux a un impact sur : l\u2019apparence, la durabilit\u00e9 et le co\u00fbt de l&rsquo;entretien. Par ailleurs, la texture et les finitions doivent par ailleurs \u00eatre prises en consid\u00e9ration pour trouver des carreaux qui sont \u00e0 vos gouts.<\/p>\n<h3>Maintenance<\/h3>\n<p>Nous vous sugg\u00e9rons de prendre en compte la complexit\u00e9 de nettoyage, par exemple : le nettoyage des carreaux avec des joints clairs est plus long \u00e0 cause de leur tendance \u00e0 cumuler la poussi\u00e8re, ce qui les rend plus difficiles \u00e0 laver par rapport aux autres colorations.<\/p>\n<h2>Contactez-nous pour avoir un rendez-vous<\/h2>\n<p>Notre soci\u00e9t\u00e9 constitu\u00e9e d&rsquo;experts dans la pose de carrelages \u00e0 Aubonne ont connaissance de la complexit\u00e9 de votre objectif, c&rsquo;est pourquoi nous sommes disponibles du lundi au samedi de fa\u00e7on \u00e0 r\u00e9pondre \u00e0 vos interrogations.<\/p>\n<h2>FAQ<\/h2>\n<h3>De quelle mani\u00e8re marche votre entreprise ?<\/h3>\n<ol>\n<li>Prise de contact par email ou par t\u00e9l\u00e9phone.<\/li>\n<li>Ensuite, nous fixons un rendez-vous avec vous.<\/li>\n<li>Nous nous d\u00e9pla\u00e7ons \u00e0 votre domicile pour calculer le nombre de carrelages \u00e0 poser.<\/li>\n<li>D\u00e9but de votre projet.<\/li>\n<\/ol>\n<h3>Votre entreprise intervient \u00e0 Aubonne et dans les villes proches ?<\/h3>\n<p>Oui, nous nous d\u00e9pla\u00e7ons \u00e0 Aubonne, n\u00e9anmoins, notre \u00e9quipe intervient dans les communes aux alentours, telles que :<\/p>\nApples, Ballens, Bi\u00e8re, Mollens VD, Berolle, Etoy, Buchillon, Allaman, Perroy, Villars-sous-Yens, Yens, Bougy-Villars, F\u00e9chy, Pizy, Montherod, Lavigny, St-Livres, Saubraz.\n<h3>Quels sont les types de carrelages les plus r\u00e9pandus\u202f?<\/h3>\n<p>Voici le carrelage le plus recherch\u00e9 que nous posons :<\/p>\n<ul>\n<li>Les mosa\u00efques : v\u00e9ritable best-seller, ils ajoutent un style unique \u00e0 votre int\u00e9rieur.<\/li>\n<li>Les blancs de m\u00e9tro : embl\u00e9matiques, nous les recommandons pour votre r\u00e9novation de salle de bain ou de votre cuisine.<\/li>\n<li>En marbre : ils ajoutent un style soign\u00e9 \u00e0 n&rsquo;importe quelle pi\u00e8ce de votre r\u00e9sidence.<\/li>\n<li>En c\u00e9ramique : peu on\u00e9reux, le carreau en c\u00e9ramique a plusieurs avantages (simple \u00e0 nettoyer, et disponibles dans plusieurs couleurs).<\/li>\n<li>En ciment : traditionnel, il permet d&rsquo;adoucir la d\u00e9co de votre int\u00e9rieur.<\/li>\n<li>En porcelaine : ils imitent les apparences (bois, brique ou pierre) et il n&rsquo;exige pratiquement pas d\u2019entretien.<\/li>\n<\/ul>\n","protected":false},"excerpt":{"rendered":"<p>Vous habitez \u00e0 Aubonne ? Et vous avez besoin d&rsquo;installer un nouveau carrelage ? Notre entreprise Artisanlocal propose des services de pose de carrelage classique, de dosseret pour cuisine, dans votre salle d&rsquo;eau ou sur votre parquet ! Nous proposons aussi nos services dans les villes \u00e0 proximit\u00e9 d&rsquo;Aubonne. Pour quelle raison choisir notre soci\u00e9t\u00e9 [&hellip;]<\/p>\n","protected":false},"author":4,"featured_media":2804,"parent":0,"menu_order":0,"comment_status":"closed","ping_status":"closed","template":"","meta":{"footnotes":""},"profession":[119],"location":[27],"canton":[113],"class_list":["post-563","page","type-page","status-publish","has-post-thumbnail","hentry","profession-carreleur","location-aubonne","canton-vd"],"yoast_head":"<!-- This site is optimized with the Yoast SEO Premium plugin v25.7.1 (Yoast SEO v27.4) - https:\/\/yoast.com\/product\/yoast-seo-premium-wordpress\/ -->\n<title>Entreprise de carrelage \u00e0 Aubonne - Artisanlocal<\/title>\n<meta name=\"robots\" content=\"index, follow, max-snippet:-1, max-image-preview:large, max-video-preview:-1\" \/>\n<link rel=\"canonical\" href=\"https:\/\/www.artisanlocal.ch\/c\/besoin-dun-expert-pour-linstallation-de-votre-carrelage-a-aubonne\/\" \/>\n<meta property=\"og:locale\" content=\"fr_FR\" \/>\n<meta property=\"og:type\" content=\"article\" \/>\n<meta property=\"og:title\" content=\"Entreprise de carrelage \u00e0 Aubonne\" \/>\n<meta property=\"og:description\" content=\"Vous habitez \u00e0 Aubonne ? Et vous avez besoin d&rsquo;installer un nouveau carrelage ? Notre entreprise Artisanlocal propose des services de pose de carrelage classique, de dosseret pour cuisine, dans votre salle d&rsquo;eau ou sur votre parquet ! Nous proposons aussi nos services dans les villes \u00e0 proximit\u00e9 d&rsquo;Aubonne. Pour quelle raison choisir notre soci\u00e9t\u00e9 [&hellip;]\" \/>\n<meta property=\"og:url\" content=\"https:\/\/www.artisanlocal.ch\/c\/besoin-dun-expert-pour-linstallation-de-votre-carrelage-a-aubonne\/\" \/>\n<meta property=\"og:site_name\" content=\"Artisanlocal\" \/>\n<meta property=\"article:modified_time\" content=\"2025-08-26T17:29:35+00:00\" \/>\n<meta property=\"og:image\" content=\"https:\/\/www.artisanlocal.ch\/c\/wp-content\/uploads\/2024\/11\/carreleur.jpg\" \/>\n\t<meta property=\"og:image:width\" content=\"1920\" \/>\n\t<meta property=\"og:image:height\" content=\"300\" \/>\n\t<meta property=\"og:image:type\" content=\"image\/jpeg\" \/>\n<meta name=\"twitter:card\" content=\"summary_large_image\" \/>\n<meta name=\"twitter:label1\" content=\"Dur\u00e9e de lecture estim\u00e9e\" \/>\n\t<meta name=\"twitter:data1\" content=\"4 minutes\" \/>\n<script type=\"application\/ld+json\" class=\"yoast-schema-graph\">{\"@context\":\"https:\\\/\\\/schema.org\",\"@graph\":[{\"@type\":\"WebPage\",\"@id\":\"https:\\\/\\\/www.artisanlocal.ch\\\/c\\\/besoin-dun-expert-pour-linstallation-de-votre-carrelage-a-aubonne\\\/\",\"url\":\"https:\\\/\\\/www.artisanlocal.ch\\\/c\\\/besoin-dun-expert-pour-linstallation-de-votre-carrelage-a-aubonne\\\/\",\"name\":\"Entreprise de carrelage \u00e0 Aubonne - Artisanlocal\",\"isPartOf\":{\"@id\":\"https:\\\/\\\/www.artisanlocal.ch\\\/c\\\/#website\"},\"primaryImageOfPage\":{\"@id\":\"https:\\\/\\\/www.artisanlocal.ch\\\/c\\\/besoin-dun-expert-pour-linstallation-de-votre-carrelage-a-aubonne\\\/#primaryimage\"},\"image\":{\"@id\":\"https:\\\/\\\/www.artisanlocal.ch\\\/c\\\/besoin-dun-expert-pour-linstallation-de-votre-carrelage-a-aubonne\\\/#primaryimage\"},\"thumbnailUrl\":\"https:\\\/\\\/www.artisanlocal.ch\\\/c\\\/wp-content\\\/uploads\\\/2024\\\/11\\\/carreleur.jpg\",\"datePublished\":\"2024-04-21T04:42:50+00:00\",\"dateModified\":\"2025-08-26T17:29:35+00:00\",\"breadcrumb\":{\"@id\":\"https:\\\/\\\/www.artisanlocal.ch\\\/c\\\/besoin-dun-expert-pour-linstallation-de-votre-carrelage-a-aubonne\\\/#breadcrumb\"},\"inLanguage\":\"fr-FR\",\"potentialAction\":[{\"@type\":\"ReadAction\",\"target\":[\"https:\\\/\\\/www.artisanlocal.ch\\\/c\\\/besoin-dun-expert-pour-linstallation-de-votre-carrelage-a-aubonne\\\/\"]}]},{\"@type\":\"ImageObject\",\"inLanguage\":\"fr-FR\",\"@id\":\"https:\\\/\\\/www.artisanlocal.ch\\\/c\\\/besoin-dun-expert-pour-linstallation-de-votre-carrelage-a-aubonne\\\/#primaryimage\",\"url\":\"https:\\\/\\\/www.artisanlocal.ch\\\/c\\\/wp-content\\\/uploads\\\/2024\\\/11\\\/carreleur.jpg\",\"contentUrl\":\"https:\\\/\\\/www.artisanlocal.ch\\\/c\\\/wp-content\\\/uploads\\\/2024\\\/11\\\/carreleur.jpg\",\"width\":1920,\"height\":300},{\"@type\":\"BreadcrumbList\",\"@id\":\"https:\\\/\\\/www.artisanlocal.ch\\\/c\\\/besoin-dun-expert-pour-linstallation-de-votre-carrelage-a-aubonne\\\/#breadcrumb\",\"itemListElement\":[{\"@type\":\"ListItem\",\"position\":1,\"name\":\"Accueil\",\"item\":\"https:\\\/\\\/www.artisanlocal.ch\\\/c\\\/\"},{\"@type\":\"ListItem\",\"position\":2,\"name\":\"Entreprise de carrelage \u00e0 Aubonne\"}]},{\"@type\":\"WebSite\",\"@id\":\"https:\\\/\\\/www.artisanlocal.ch\\\/c\\\/#website\",\"url\":\"https:\\\/\\\/www.artisanlocal.ch\\\/c\\\/\",\"name\":\"Artisanlocal\",\"description\":\"\",\"publisher\":{\"@id\":\"https:\\\/\\\/www.artisanlocal.ch\\\/c\\\/#organization\"},\"potentialAction\":[{\"@type\":\"SearchAction\",\"target\":{\"@type\":\"EntryPoint\",\"urlTemplate\":\"https:\\\/\\\/www.artisanlocal.ch\\\/c\\\/?s={search_term_string}\"},\"query-input\":{\"@type\":\"PropertyValueSpecification\",\"valueRequired\":true,\"valueName\":\"search_term_string\"}}],\"inLanguage\":\"fr-FR\"},{\"@type\":\"Organization\",\"@id\":\"https:\\\/\\\/www.artisanlocal.ch\\\/c\\\/#organization\",\"name\":\"Artisanlocal\",\"url\":\"https:\\\/\\\/www.artisanlocal.ch\\\/c\\\/\",\"logo\":{\"@type\":\"ImageObject\",\"inLanguage\":\"fr-FR\",\"@id\":\"https:\\\/\\\/www.artisanlocal.ch\\\/c\\\/#\\\/schema\\\/logo\\\/image\\\/\",\"url\":\"https:\\\/\\\/www.artisanlocal.ch\\\/c\\\/wp-content\\\/uploads\\\/2024\\\/02\\\/logo-artisanlocal-h.svg\",\"contentUrl\":\"https:\\\/\\\/www.artisanlocal.ch\\\/c\\\/wp-content\\\/uploads\\\/2024\\\/02\\\/logo-artisanlocal-h.svg\",\"caption\":\"Artisanlocal\"},\"image\":{\"@id\":\"https:\\\/\\\/www.artisanlocal.ch\\\/c\\\/#\\\/schema\\\/logo\\\/image\\\/\"}}]}<\/script>\n<!-- \/ Yoast SEO Premium plugin. -->","yoast_head_json":{"title":"Entreprise de carrelage \u00e0 Aubonne - Artisanlocal","robots":{"index":"index","follow":"follow","max-snippet":"max-snippet:-1","max-image-preview":"max-image-preview:large","max-video-preview":"max-video-preview:-1"},"canonical":"https:\/\/www.artisanlocal.ch\/c\/besoin-dun-expert-pour-linstallation-de-votre-carrelage-a-aubonne\/","og_locale":"fr_FR","og_type":"article","og_title":"Entreprise de carrelage \u00e0 Aubonne","og_description":"Vous habitez \u00e0 Aubonne ? Et vous avez besoin d&rsquo;installer un nouveau carrelage ? Notre entreprise Artisanlocal propose des services de pose de carrelage classique, de dosseret pour cuisine, dans votre salle d&rsquo;eau ou sur votre parquet ! Nous proposons aussi nos services dans les villes \u00e0 proximit\u00e9 d&rsquo;Aubonne. Pour quelle raison choisir notre soci\u00e9t\u00e9 [&hellip;]","og_url":"https:\/\/www.artisanlocal.ch\/c\/besoin-dun-expert-pour-linstallation-de-votre-carrelage-a-aubonne\/","og_site_name":"Artisanlocal","article_modified_time":"2025-08-26T17:29:35+00:00","og_image":[{"width":1920,"height":300,"url":"https:\/\/www.artisanlocal.ch\/c\/wp-content\/uploads\/2024\/11\/carreleur.jpg","type":"image\/jpeg"}],"twitter_card":"summary_large_image","twitter_misc":{"Dur\u00e9e de lecture estim\u00e9e":"4 minutes"},"schema":{"@context":"https:\/\/schema.org","@graph":[{"@type":"WebPage","@id":"https:\/\/www.artisanlocal.ch\/c\/besoin-dun-expert-pour-linstallation-de-votre-carrelage-a-aubonne\/","url":"https:\/\/www.artisanlocal.ch\/c\/besoin-dun-expert-pour-linstallation-de-votre-carrelage-a-aubonne\/","name":"Entreprise de carrelage \u00e0 Aubonne - Artisanlocal","isPartOf":{"@id":"https:\/\/www.artisanlocal.ch\/c\/#website"},"primaryImageOfPage":{"@id":"https:\/\/www.artisanlocal.ch\/c\/besoin-dun-expert-pour-linstallation-de-votre-carrelage-a-aubonne\/#primaryimage"},"image":{"@id":"https:\/\/www.artisanlocal.ch\/c\/besoin-dun-expert-pour-linstallation-de-votre-carrelage-a-aubonne\/#primaryimage"},"thumbnailUrl":"https:\/\/www.artisanlocal.ch\/c\/wp-content\/uploads\/2024\/11\/carreleur.jpg","datePublished":"2024-04-21T04:42:50+00:00","dateModified":"2025-08-26T17:29:35+00:00","breadcrumb":{"@id":"https:\/\/www.artisanlocal.ch\/c\/besoin-dun-expert-pour-linstallation-de-votre-carrelage-a-aubonne\/#breadcrumb"},"inLanguage":"fr-FR","potentialAction":[{"@type":"ReadAction","target":["https:\/\/www.artisanlocal.ch\/c\/besoin-dun-expert-pour-linstallation-de-votre-carrelage-a-aubonne\/"]}]},{"@type":"ImageObject","inLanguage":"fr-FR","@id":"https:\/\/www.artisanlocal.ch\/c\/besoin-dun-expert-pour-linstallation-de-votre-carrelage-a-aubonne\/#primaryimage","url":"https:\/\/www.artisanlocal.ch\/c\/wp-content\/uploads\/2024\/11\/carreleur.jpg","contentUrl":"https:\/\/www.artisanlocal.ch\/c\/wp-content\/uploads\/2024\/11\/carreleur.jpg","width":1920,"height":300},{"@type":"BreadcrumbList","@id":"https:\/\/www.artisanlocal.ch\/c\/besoin-dun-expert-pour-linstallation-de-votre-carrelage-a-aubonne\/#breadcrumb","itemListElement":[{"@type":"ListItem","position":1,"name":"Accueil","item":"https:\/\/www.artisanlocal.ch\/c\/"},{"@type":"ListItem","position":2,"name":"Entreprise de carrelage \u00e0 Aubonne"}]},{"@type":"WebSite","@id":"https:\/\/www.artisanlocal.ch\/c\/#website","url":"https:\/\/www.artisanlocal.ch\/c\/","name":"Artisanlocal","description":"","publisher":{"@id":"https:\/\/www.artisanlocal.ch\/c\/#organization"},"potentialAction":[{"@type":"SearchAction","target":{"@type":"EntryPoint","urlTemplate":"https:\/\/www.artisanlocal.ch\/c\/?s={search_term_string}"},"query-input":{"@type":"PropertyValueSpecification","valueRequired":true,"valueName":"search_term_string"}}],"inLanguage":"fr-FR"},{"@type":"Organization","@id":"https:\/\/www.artisanlocal.ch\/c\/#organization","name":"Artisanlocal","url":"https:\/\/www.artisanlocal.ch\/c\/","logo":{"@type":"ImageObject","inLanguage":"fr-FR","@id":"https:\/\/www.artisanlocal.ch\/c\/#\/schema\/logo\/image\/","url":"https:\/\/www.artisanlocal.ch\/c\/wp-content\/uploads\/2024\/02\/logo-artisanlocal-h.svg","contentUrl":"https:\/\/www.artisanlocal.ch\/c\/wp-content\/uploads\/2024\/02\/logo-artisanlocal-h.svg","caption":"Artisanlocal"},"image":{"@id":"https:\/\/www.artisanlocal.ch\/c\/#\/schema\/logo\/image\/"}}]}},"_links":{"self":[{"href":"https:\/\/www.artisanlocal.ch\/c\/wp-json\/wp\/v2\/pages\/563","targetHints":{"allow":["GET"]}}],"collection":[{"href":"https:\/\/www.artisanlocal.ch\/c\/wp-json\/wp\/v2\/pages"}],"about":[{"href":"https:\/\/www.artisanlocal.ch\/c\/wp-json\/wp\/v2\/types\/page"}],"author":[{"embeddable":true,"href":"https:\/\/www.artisanlocal.ch\/c\/wp-json\/wp\/v2\/users\/4"}],"replies":[{"embeddable":true,"href":"https:\/\/www.artisanlocal.ch\/c\/wp-json\/wp\/v2\/comments?post=563"}],"version-history":[{"count":0,"href":"https:\/\/www.artisanlocal.ch\/c\/wp-json\/wp\/v2\/pages\/563\/revisions"}],"wp:featuredmedia":[{"embeddable":true,"href":"https:\/\/www.artisanlocal.ch\/c\/wp-json\/wp\/v2\/media\/2804"}],"wp:attachment":[{"href":"https:\/\/www.artisanlocal.ch\/c\/wp-json\/wp\/v2\/media?parent=563"}],"wp:term":[{"taxonomy":"profession","embeddable":true,"href":"https:\/\/www.artisanlocal.ch\/c\/wp-json\/wp\/v2\/profession?post=563"},{"taxonomy":"location","embeddable":true,"href":"https:\/\/www.artisanlocal.ch\/c\/wp-json\/wp\/v2\/location?post=563"},{"taxonomy":"canton","embeddable":true,"href":"https:\/\/www.artisanlocal.ch\/c\/wp-json\/wp\/v2\/canton?post=563"}],"curies":[{"name":"wp","href":"https:\/\/api.w.org\/{rel}","templated":true}]}}