{"id":565,"date":"2024-04-22T09:23:53","date_gmt":"2024-04-22T07:23:53","guid":{"rendered":"https:\/\/www.artisanlocal.ch\/c\/societe-specialisee-dans-la-pose-de-carreaux-a-coppet\/"},"modified":"2025-08-26T19:28:52","modified_gmt":"2025-08-26T17:28:52","slug":"societe-specialisee-dans-la-pose-de-carreaux-a-coppet","status":"publish","type":"page","link":"https:\/\/www.artisanlocal.ch\/c\/societe-specialisee-dans-la-pose-de-carreaux-a-coppet\/","title":{"rendered":"Carreleur \u00e0 Coppet"},"content":{"rendered":"<p>Besoin d&rsquo;installer un nouveau carrelage \u00e0 Coppet ? Artisanlocal.ch vous propose des services d&rsquo;installation de carrelage : classique, de dosseret, pour votre salle de bain ou sur votre sol !<br \/>\n\r\n<div class=\"box\">\r\n            <div class=\"company-info\">\r\n            <img decoding=\"async\" class=\"company-info__logo\" src=\"https:\/\/www.artisanlocal.ch\/media\/cache\/thumb\/images\/companies\/637f40f7d679c693633092.png\" alt=\"Logo\">\r\n            <h2 class=\"company-info__name\">Art et Maison SA<\/h2>\r\n            <p class=\"company-info__business\">Carrelage - Parquet - Peinture<\/p>\r\n        <\/div>\r\n        <div class=\"company-contact\">\r\n            <p class=\"company-info__address\">Route de Lausanne 331<\/p>\r\n                            <div class=\"links\">\r\n                                            <a class=\"btn has-accent-background-color js-phoneNumber\" href=\"tel:0766937401\" title=\"Appelez\" data-id=\"3943\" data-type=\"11\">076 693 74 01<\/a>\r\n                                                                <a class=\"btn has-accent-background-color\" href=\"http:\/\/www.artmaison.ch\/\" target=\"_blank\" title=\"Voir le site internet\" data-id=\"3943\" data-type=\"20\">Site internet<\/a>\r\n                                    <\/div>\r\n                    <\/div>\r\n    \r\n            \r\n<form action=\"https:\/\/www.artisanlocal.ch\/c\/wp-admin\/admin-ajax.php\" method=\"post\" class=\"form-contact\" id=\"artisan_form_contact_company_inline\">\r\n    <div><input type=\"hidden\" name=\"action\" value=\"company_contact\"><\/div>\r\n    <div><input type=\"hidden\" name=\"nonce\" value=\"1dbf28e6f0\"><\/div>\r\n    <div><input type=\"hidden\" name=\"company_id\" value=\"3943\"><\/div>\r\n    <div><input type=\"hidden\" name=\"form_id\" value=\"artisan_form_contact_company_inline\"><\/div>\r\n    <div class=\"gglcptch gglcptch_v3 gglcptch_custom\"><input type=\"hidden\" id=\"g-recaptcha-response\" name=\"g-recaptcha-response\" \/><br \/><div class=\"gglcptch_error_text\">La p\u00e9riode de v\u00e9rification reCAPTCHA a expir\u00e9. Veuillez recharger la page.<\/div><\/div>    <div class=\"form-content\">\r\n        <div class=\"form-group\">\r\n            <label for=\"contact_firstName\" class=\"required\">Pr\u00e9nom<\/label>\r\n            <input type=\"text\" name=\"firstName\" class=\"form-control\" required>\r\n        <\/div>\r\n        <div class=\"form-group\">\r\n            <label for=\"contact_lastName\" class=\"required\">Nom<\/label>\r\n            <input type=\"text\" name=\"lastName\" class=\"form-control\" required>\r\n        <\/div>\r\n        <div class=\"form-group\">\r\n            <label for=\"contact_email\" class=\"required\">Email<\/label>\r\n            <input type=\"email\" name=\"email\" class=\"form-control\" required>\r\n        <\/div>\r\n        <div class=\"form-group\">\r\n            <label for=\"contact_phone\" class=\"required\">Num\u00e9ro de t\u00e9l\u00e9phone<\/label>\r\n            <input type=\"tel\" name=\"phone\" class=\"form-control\" placeholder=\"0787117165\" pattern=\"^[0-9]{10}$\" required>\r\n        <\/div>\r\n        <div class=\"form-group\">\r\n            <label for=\"contact_postalCode\" class=\"required\">Code postal et localit\u00e9<\/label>\r\n            <input type=\"text\" name=\"postalCode\" class=\"form-control\" required>\r\n        <\/div>\r\n        <div class=\"form-group\">\r\n            <label for=\"contact_address\" class=\"required\">Adresse<\/label>\r\n            <input type=\"text\" name=\"address\" class=\"form-control\" required>\r\n        <\/div>\r\n        <div class=\"full-width topic\">\r\n            <p class=\"required\">Je souhaite \u00eatre contact\u00e9 pour :<\/p>\r\n            <div class=\"form-check\">\r\n                <input type=\"radio\" name=\"topic\" value=\"D\u00e9pannage\" class=\"form-control\" required>\r\n                <label for=\"d\u00e9pannage\">D\u00e9pannage<\/label>\r\n            <\/div>\r\n            <div class=\"form-check\">\r\n                <input type=\"radio\" name=\"topic\" value=\"Entretien\" class=\"form-control\" required>\r\n                <label for=\"entretien\">Entretien<\/label>\r\n            <\/div>\r\n            <div class=\"form-check\">\r\n                <input type=\"radio\" name=\"topic\" value=\"R\u00e9novation\" class=\"form-control\" required>\r\n                <label for=\"r\u00e9novation\">R\u00e9novation<\/label>\r\n            <\/div>\r\n            <div class=\"form-check\">\r\n                <input type=\"radio\" name=\"topic\" value=\"Autre\" class=\"form-control\" required>\r\n                <label for=\"autre\">Autre<\/label>\r\n            <\/div>\r\n        <\/div>\r\n        <div class=\"form-group full-width\">\r\n            <label for=\"contact_message\">Message<\/label>\r\n            <textarea name=\"message\" rows=\"3\" class=\"form-control\"><\/textarea>\r\n        <\/div>\r\n    <\/div>\r\n    <div class=\"form-actions\">\r\n        <button class=\"wp-block-button__link has-accent-background-color\">Contacter<\/button>\r\n    <\/div>\r\n<\/form>\r\n<div class=\"form-feedback\"><\/div>    <\/div><\/p>\n<h2>Pourquoi choisir notre entreprise ?<\/h2>\n<ul>\n<li>Nos prix sont comp\u00e9titifs,<\/li>\n<li>nous installons du carrelage haut de gamme,<\/li>\n<li>notre entreprise est install\u00e9e \u00e0 Coppet et permet \u00e0 notre \u00e9quipe d&rsquo;intervenir rapidement \u00e0 votre domicile,<\/li>\n<li>nos conseils sont personnalis\u00e9s \u00e0 votre projet,<\/li>\n<li>nos devis sont gratuits,<\/li>\n<li>nos carreleurs sont exp\u00e9riment\u00e9s,<\/li>\n<li>un partenaire s\u00fbr et fiable : nous collaborons avec des entreprises importantes et architectes pour des poses de carrelage, fa\u00efence, parquet, et autres rev\u00eatements.<\/li>\n<\/ul>\n<h2>Recevez une estimation pour l&rsquo;installation de carrelage en nous contactant d\u00e8s \u00e0 pr\u00e9sent<\/h2>\n<p>Appelez-nous pour recevoir un devis, nous prendrons contact avec vous aussit\u00f4t pour estimer le co\u00fbt de votre projet.<\/p>\n<h2>Nos solutions<\/h2>\n<ul>\n<li>L&rsquo;installation de plusieurs types de carrelage, fa\u00efence et parquet,<\/li>\n<li>une aide pour choisir vos carreaux,<\/li>\n<li>l\u2019installation du carrelage,<\/li>\n<li>l\u2019installation de joint pour carrelage,<\/li>\n<li>l&rsquo;installation de carrelage sur les murs et les sols,<\/li>\n<li>la pose de carrelage int\u00e9rieur et ext\u00e9rieur,<\/li>\n<li>la suppression du carrelage actuel,<\/li>\n<li>le d\u00e9montage du parquet flottant,<\/li>\n<li>l\u2019installation du carrelage sur votre terrasse.<\/li>\n<\/ul>\n<h2>Comment choisir le carrelage id\u00e9al ?<\/h2>\n<h3>R\u00e9fl\u00e9chir au lieu<\/h3>\n<p>Consid\u00e9rez l&rsquo;endroit o\u00f9 le carrelage va \u00eatre plac\u00e9, d&rsquo;ailleurs, marchera-t-on dessus en chaussettes ou en chaussures ? Sera-t-il confront\u00e9 \u00e0 des conditions humides\u202f? Tenez aussi compte des diverses surfaces qu&rsquo;il va rev\u00eatir, par exemple : les sols, les plans de travail, les murs, etc.<\/p>\n<h3>\u00c9valuez la quantit\u00e9 de carreaux<\/h3>\n<p>Pour calculer le volume en m\u00b2 de carrelage \u00e0 installer pour votre projet, multipliez sa longueur par sa largeur et ajoutez environ 5 % pour disposer d&rsquo;une marge de s\u00e9curit\u00e9. Nous vous conseillons de conserver en stock des carreaux de mani\u00e8re \u00e0 rattraper d&rsquo;\u00e9ventuels d\u00e9g\u00e2ts.<\/p>\n<h3>Choisissez le bon mat\u00e9riau<\/h3>\n<p>Le carrelage est fabriqu\u00e9 avec diff\u00e9rents types mat\u00e9riaux, qui a un effet sur : l\u2019apparence, la solidit\u00e9 et le co\u00fbt de l&rsquo;entretien. Par ailleurs, il faut tenir compte de la texture et des finitions.<\/p>\n<h3>Entretien<\/h3>\n<p>Nous vous conseillons de prendre en consid\u00e9ration le niveau de difficult\u00e9 de nettoyage, par exemple : le nettoyage d&rsquo;un carrelage avec des joints clair est plus long du fait de leur faciliter \u00e0 accumuler la salet\u00e9, par rapport aux autres couleurs.<\/p>\n<h2>Contacter notre entreprise Artisanlocal pour prendre un rendez-vous<\/h2>\n<p>Nos techniciens \u00e0 Coppet vous conseille pour choisir le meilleur carrelage du lundi au samedi.<\/p>\n<h2>FAQ<\/h2>\n<h3>Quel est le fonctionnement de votre soci\u00e9t\u00e9 ?<\/h3>\n<ol>\n<li>Prise de contact par t\u00e9l\u00e9phone ou par email.<\/li>\n<li>Ensuite, nous fixons un rendez-vous avec vous.<\/li>\n<li>Visite \u00e0 votre domicile pour d\u00e9finir le travail \u00e0 effectuer.<\/li>\n<li>D\u00e9marrage de votre projet.<\/li>\n<\/ol>\n<h3>Intervenez-vous dans les villes aux environs de Coppet ?<\/h3>\n<p>Oui, nous intervenons \u00e0 Coppet, mais aussi dans les villes aux alentours, comme :<\/p>\nBogis-Bossey, Chavannes-de-Bogis, Chavannes-des-Bois, Versoix, Commugny, Bellevue, Genthod, Mies, Tannay, Founex, C\u00e9ligny.\n<h3>Quels sont les mod\u00e8les de carrelage le plus populaires ?<\/h3>\n<ul>\n<li>Les carrelages mosa\u00efques.<\/li>\n<li>Les carrelages int\u00e9rieurs blancs de m\u00e9tro.<\/li>\n<li>Les carrelages de marbre.<\/li>\n<li>Les carrelages de c\u00e9ramique.<\/li>\n<li>Les carrelages en ciments.<\/li>\n<li>Les carreaux en porcelaine.<\/li>\n<\/ul>\n","protected":false},"excerpt":{"rendered":"<p>Besoin d&rsquo;installer un nouveau carrelage \u00e0 Coppet ? Artisanlocal.ch vous propose des services d&rsquo;installation de carrelage : classique, de dosseret, pour votre salle de bain ou sur votre sol ! Pourquoi choisir notre entreprise ? Nos prix sont comp\u00e9titifs, nous installons du carrelage haut de gamme, notre entreprise est install\u00e9e \u00e0 Coppet et permet \u00e0 [&hellip;]<\/p>\n","protected":false},"author":4,"featured_media":2804,"parent":0,"menu_order":0,"comment_status":"closed","ping_status":"closed","template":"","meta":{"footnotes":""},"profession":[119],"location":[45],"canton":[113],"class_list":["post-565","page","type-page","status-publish","has-post-thumbnail","hentry","profession-carreleur","location-coppet","canton-vd"],"yoast_head":"<!-- This site is optimized with the Yoast SEO Premium plugin v25.7.1 (Yoast SEO v27.3) - https:\/\/yoast.com\/product\/yoast-seo-premium-wordpress\/ -->\n<title>Carreleur \u00e0 Coppet - Artisanlocal<\/title>\n<meta name=\"robots\" content=\"index, follow, max-snippet:-1, max-image-preview:large, max-video-preview:-1\" \/>\n<link rel=\"canonical\" href=\"https:\/\/www.artisanlocal.ch\/c\/societe-specialisee-dans-la-pose-de-carreaux-a-coppet\/\" \/>\n<meta property=\"og:locale\" content=\"fr_FR\" \/>\n<meta property=\"og:type\" content=\"article\" \/>\n<meta property=\"og:title\" content=\"Carreleur \u00e0 Coppet\" \/>\n<meta property=\"og:description\" content=\"Besoin d&rsquo;installer un nouveau carrelage \u00e0 Coppet ? Artisanlocal.ch vous propose des services d&rsquo;installation de carrelage : classique, de dosseret, pour votre salle de bain ou sur votre sol ! Pourquoi choisir notre entreprise ? Nos prix sont comp\u00e9titifs, nous installons du carrelage haut de gamme, notre entreprise est install\u00e9e \u00e0 Coppet et permet \u00e0 [&hellip;]\" \/>\n<meta property=\"og:url\" content=\"https:\/\/www.artisanlocal.ch\/c\/societe-specialisee-dans-la-pose-de-carreaux-a-coppet\/\" \/>\n<meta property=\"og:site_name\" content=\"Artisanlocal\" \/>\n<meta property=\"article:modified_time\" content=\"2025-08-26T17:28:52+00:00\" \/>\n<meta property=\"og:image\" content=\"https:\/\/www.artisanlocal.ch\/c\/wp-content\/uploads\/2024\/11\/carreleur.jpg\" \/>\n\t<meta property=\"og:image:width\" content=\"1920\" \/>\n\t<meta property=\"og:image:height\" content=\"300\" \/>\n\t<meta property=\"og:image:type\" content=\"image\/jpeg\" \/>\n<meta name=\"twitter:card\" content=\"summary_large_image\" \/>\n<meta name=\"twitter:label1\" content=\"Dur\u00e9e de lecture estim\u00e9e\" \/>\n\t<meta name=\"twitter:data1\" content=\"3 minutes\" \/>\n<script type=\"application\/ld+json\" class=\"yoast-schema-graph\">{\"@context\":\"https:\\\/\\\/schema.org\",\"@graph\":[{\"@type\":\"WebPage\",\"@id\":\"https:\\\/\\\/www.artisanlocal.ch\\\/c\\\/societe-specialisee-dans-la-pose-de-carreaux-a-coppet\\\/\",\"url\":\"https:\\\/\\\/www.artisanlocal.ch\\\/c\\\/societe-specialisee-dans-la-pose-de-carreaux-a-coppet\\\/\",\"name\":\"Carreleur \u00e0 Coppet - Artisanlocal\",\"isPartOf\":{\"@id\":\"https:\\\/\\\/www.artisanlocal.ch\\\/c\\\/#website\"},\"primaryImageOfPage\":{\"@id\":\"https:\\\/\\\/www.artisanlocal.ch\\\/c\\\/societe-specialisee-dans-la-pose-de-carreaux-a-coppet\\\/#primaryimage\"},\"image\":{\"@id\":\"https:\\\/\\\/www.artisanlocal.ch\\\/c\\\/societe-specialisee-dans-la-pose-de-carreaux-a-coppet\\\/#primaryimage\"},\"thumbnailUrl\":\"https:\\\/\\\/www.artisanlocal.ch\\\/c\\\/wp-content\\\/uploads\\\/2024\\\/11\\\/carreleur.jpg\",\"datePublished\":\"2024-04-22T07:23:53+00:00\",\"dateModified\":\"2025-08-26T17:28:52+00:00\",\"breadcrumb\":{\"@id\":\"https:\\\/\\\/www.artisanlocal.ch\\\/c\\\/societe-specialisee-dans-la-pose-de-carreaux-a-coppet\\\/#breadcrumb\"},\"inLanguage\":\"fr-FR\",\"potentialAction\":[{\"@type\":\"ReadAction\",\"target\":[\"https:\\\/\\\/www.artisanlocal.ch\\\/c\\\/societe-specialisee-dans-la-pose-de-carreaux-a-coppet\\\/\"]}]},{\"@type\":\"ImageObject\",\"inLanguage\":\"fr-FR\",\"@id\":\"https:\\\/\\\/www.artisanlocal.ch\\\/c\\\/societe-specialisee-dans-la-pose-de-carreaux-a-coppet\\\/#primaryimage\",\"url\":\"https:\\\/\\\/www.artisanlocal.ch\\\/c\\\/wp-content\\\/uploads\\\/2024\\\/11\\\/carreleur.jpg\",\"contentUrl\":\"https:\\\/\\\/www.artisanlocal.ch\\\/c\\\/wp-content\\\/uploads\\\/2024\\\/11\\\/carreleur.jpg\",\"width\":1920,\"height\":300},{\"@type\":\"BreadcrumbList\",\"@id\":\"https:\\\/\\\/www.artisanlocal.ch\\\/c\\\/societe-specialisee-dans-la-pose-de-carreaux-a-coppet\\\/#breadcrumb\",\"itemListElement\":[{\"@type\":\"ListItem\",\"position\":1,\"name\":\"Accueil\",\"item\":\"https:\\\/\\\/www.artisanlocal.ch\\\/c\\\/\"},{\"@type\":\"ListItem\",\"position\":2,\"name\":\"Carreleur \u00e0 Coppet\"}]},{\"@type\":\"WebSite\",\"@id\":\"https:\\\/\\\/www.artisanlocal.ch\\\/c\\\/#website\",\"url\":\"https:\\\/\\\/www.artisanlocal.ch\\\/c\\\/\",\"name\":\"Artisanlocal\",\"description\":\"\",\"publisher\":{\"@id\":\"https:\\\/\\\/www.artisanlocal.ch\\\/c\\\/#organization\"},\"potentialAction\":[{\"@type\":\"SearchAction\",\"target\":{\"@type\":\"EntryPoint\",\"urlTemplate\":\"https:\\\/\\\/www.artisanlocal.ch\\\/c\\\/?s={search_term_string}\"},\"query-input\":{\"@type\":\"PropertyValueSpecification\",\"valueRequired\":true,\"valueName\":\"search_term_string\"}}],\"inLanguage\":\"fr-FR\"},{\"@type\":\"Organization\",\"@id\":\"https:\\\/\\\/www.artisanlocal.ch\\\/c\\\/#organization\",\"name\":\"Artisanlocal\",\"url\":\"https:\\\/\\\/www.artisanlocal.ch\\\/c\\\/\",\"logo\":{\"@type\":\"ImageObject\",\"inLanguage\":\"fr-FR\",\"@id\":\"https:\\\/\\\/www.artisanlocal.ch\\\/c\\\/#\\\/schema\\\/logo\\\/image\\\/\",\"url\":\"https:\\\/\\\/www.artisanlocal.ch\\\/c\\\/wp-content\\\/uploads\\\/2024\\\/02\\\/logo-artisanlocal-h.svg\",\"contentUrl\":\"https:\\\/\\\/www.artisanlocal.ch\\\/c\\\/wp-content\\\/uploads\\\/2024\\\/02\\\/logo-artisanlocal-h.svg\",\"caption\":\"Artisanlocal\"},\"image\":{\"@id\":\"https:\\\/\\\/www.artisanlocal.ch\\\/c\\\/#\\\/schema\\\/logo\\\/image\\\/\"}}]}<\/script>\n<!-- \/ Yoast SEO Premium plugin. -->","yoast_head_json":{"title":"Carreleur \u00e0 Coppet - Artisanlocal","robots":{"index":"index","follow":"follow","max-snippet":"max-snippet:-1","max-image-preview":"max-image-preview:large","max-video-preview":"max-video-preview:-1"},"canonical":"https:\/\/www.artisanlocal.ch\/c\/societe-specialisee-dans-la-pose-de-carreaux-a-coppet\/","og_locale":"fr_FR","og_type":"article","og_title":"Carreleur \u00e0 Coppet","og_description":"Besoin d&rsquo;installer un nouveau carrelage \u00e0 Coppet ? Artisanlocal.ch vous propose des services d&rsquo;installation de carrelage : classique, de dosseret, pour votre salle de bain ou sur votre sol ! Pourquoi choisir notre entreprise ? Nos prix sont comp\u00e9titifs, nous installons du carrelage haut de gamme, notre entreprise est install\u00e9e \u00e0 Coppet et permet \u00e0 [&hellip;]","og_url":"https:\/\/www.artisanlocal.ch\/c\/societe-specialisee-dans-la-pose-de-carreaux-a-coppet\/","og_site_name":"Artisanlocal","article_modified_time":"2025-08-26T17:28:52+00:00","og_image":[{"width":1920,"height":300,"url":"https:\/\/www.artisanlocal.ch\/c\/wp-content\/uploads\/2024\/11\/carreleur.jpg","type":"image\/jpeg"}],"twitter_card":"summary_large_image","twitter_misc":{"Dur\u00e9e de lecture estim\u00e9e":"3 minutes"},"schema":{"@context":"https:\/\/schema.org","@graph":[{"@type":"WebPage","@id":"https:\/\/www.artisanlocal.ch\/c\/societe-specialisee-dans-la-pose-de-carreaux-a-coppet\/","url":"https:\/\/www.artisanlocal.ch\/c\/societe-specialisee-dans-la-pose-de-carreaux-a-coppet\/","name":"Carreleur \u00e0 Coppet - Artisanlocal","isPartOf":{"@id":"https:\/\/www.artisanlocal.ch\/c\/#website"},"primaryImageOfPage":{"@id":"https:\/\/www.artisanlocal.ch\/c\/societe-specialisee-dans-la-pose-de-carreaux-a-coppet\/#primaryimage"},"image":{"@id":"https:\/\/www.artisanlocal.ch\/c\/societe-specialisee-dans-la-pose-de-carreaux-a-coppet\/#primaryimage"},"thumbnailUrl":"https:\/\/www.artisanlocal.ch\/c\/wp-content\/uploads\/2024\/11\/carreleur.jpg","datePublished":"2024-04-22T07:23:53+00:00","dateModified":"2025-08-26T17:28:52+00:00","breadcrumb":{"@id":"https:\/\/www.artisanlocal.ch\/c\/societe-specialisee-dans-la-pose-de-carreaux-a-coppet\/#breadcrumb"},"inLanguage":"fr-FR","potentialAction":[{"@type":"ReadAction","target":["https:\/\/www.artisanlocal.ch\/c\/societe-specialisee-dans-la-pose-de-carreaux-a-coppet\/"]}]},{"@type":"ImageObject","inLanguage":"fr-FR","@id":"https:\/\/www.artisanlocal.ch\/c\/societe-specialisee-dans-la-pose-de-carreaux-a-coppet\/#primaryimage","url":"https:\/\/www.artisanlocal.ch\/c\/wp-content\/uploads\/2024\/11\/carreleur.jpg","contentUrl":"https:\/\/www.artisanlocal.ch\/c\/wp-content\/uploads\/2024\/11\/carreleur.jpg","width":1920,"height":300},{"@type":"BreadcrumbList","@id":"https:\/\/www.artisanlocal.ch\/c\/societe-specialisee-dans-la-pose-de-carreaux-a-coppet\/#breadcrumb","itemListElement":[{"@type":"ListItem","position":1,"name":"Accueil","item":"https:\/\/www.artisanlocal.ch\/c\/"},{"@type":"ListItem","position":2,"name":"Carreleur \u00e0 Coppet"}]},{"@type":"WebSite","@id":"https:\/\/www.artisanlocal.ch\/c\/#website","url":"https:\/\/www.artisanlocal.ch\/c\/","name":"Artisanlocal","description":"","publisher":{"@id":"https:\/\/www.artisanlocal.ch\/c\/#organization"},"potentialAction":[{"@type":"SearchAction","target":{"@type":"EntryPoint","urlTemplate":"https:\/\/www.artisanlocal.ch\/c\/?s={search_term_string}"},"query-input":{"@type":"PropertyValueSpecification","valueRequired":true,"valueName":"search_term_string"}}],"inLanguage":"fr-FR"},{"@type":"Organization","@id":"https:\/\/www.artisanlocal.ch\/c\/#organization","name":"Artisanlocal","url":"https:\/\/www.artisanlocal.ch\/c\/","logo":{"@type":"ImageObject","inLanguage":"fr-FR","@id":"https:\/\/www.artisanlocal.ch\/c\/#\/schema\/logo\/image\/","url":"https:\/\/www.artisanlocal.ch\/c\/wp-content\/uploads\/2024\/02\/logo-artisanlocal-h.svg","contentUrl":"https:\/\/www.artisanlocal.ch\/c\/wp-content\/uploads\/2024\/02\/logo-artisanlocal-h.svg","caption":"Artisanlocal"},"image":{"@id":"https:\/\/www.artisanlocal.ch\/c\/#\/schema\/logo\/image\/"}}]}},"_links":{"self":[{"href":"https:\/\/www.artisanlocal.ch\/c\/wp-json\/wp\/v2\/pages\/565","targetHints":{"allow":["GET"]}}],"collection":[{"href":"https:\/\/www.artisanlocal.ch\/c\/wp-json\/wp\/v2\/pages"}],"about":[{"href":"https:\/\/www.artisanlocal.ch\/c\/wp-json\/wp\/v2\/types\/page"}],"author":[{"embeddable":true,"href":"https:\/\/www.artisanlocal.ch\/c\/wp-json\/wp\/v2\/users\/4"}],"replies":[{"embeddable":true,"href":"https:\/\/www.artisanlocal.ch\/c\/wp-json\/wp\/v2\/comments?post=565"}],"version-history":[{"count":0,"href":"https:\/\/www.artisanlocal.ch\/c\/wp-json\/wp\/v2\/pages\/565\/revisions"}],"wp:featuredmedia":[{"embeddable":true,"href":"https:\/\/www.artisanlocal.ch\/c\/wp-json\/wp\/v2\/media\/2804"}],"wp:attachment":[{"href":"https:\/\/www.artisanlocal.ch\/c\/wp-json\/wp\/v2\/media?parent=565"}],"wp:term":[{"taxonomy":"profession","embeddable":true,"href":"https:\/\/www.artisanlocal.ch\/c\/wp-json\/wp\/v2\/profession?post=565"},{"taxonomy":"location","embeddable":true,"href":"https:\/\/www.artisanlocal.ch\/c\/wp-json\/wp\/v2\/location?post=565"},{"taxonomy":"canton","embeddable":true,"href":"https:\/\/www.artisanlocal.ch\/c\/wp-json\/wp\/v2\/canton?post=565"}],"curies":[{"name":"wp","href":"https:\/\/api.w.org\/{rel}","templated":true}]}}