{"id":566,"date":"2024-04-22T11:30:54","date_gmt":"2024-04-22T09:30:54","guid":{"rendered":"https:\/\/www.artisanlocal.ch\/c\/societe-specialisee-dans-la-pose-de-carrelage-a-cossonay-ville\/"},"modified":"2026-04-03T12:22:18","modified_gmt":"2026-04-03T10:22:18","slug":"societe-specialisee-dans-la-pose-de-carrelage-a-cossonay-ville","status":"publish","type":"page","link":"https:\/\/www.artisanlocal.ch\/c\/societe-specialisee-dans-la-pose-de-carrelage-a-cossonay-ville\/","title":{"rendered":"Carreleur \u00e0 Cossonay-Ville"},"content":{"rendered":"<p>Pour recevoir des estimations en ligne, contactez-nous. Artisanlocal propose des prestations de pose de carreaux dans le but de r\u00e9pondre \u00e0 tous vos besoins d&rsquo;installation de carreaux classiques, de dosseret de cuisine, de carrelage dans votre salle d&rsquo;eau ou sur votre plancher ! Nous intervenons aussi dans les municipalit\u00e9s \u00e0 c\u00f4t\u00e9 de Cossonay-Ville.<br \/>\n\r\n<div class=\"box\">\r\n    <h2 class=\"text-dark\">Nous cherchons un <em class=\"text-primary\">Carreleur<\/em> dans la r\u00e9gion de <em class=\"text-primary\">Cossonay-Ville<\/em>  en exclusivit\u00e9, afin de proposer vos services \u00e0 nos clients propri\u00e9taires.<\/h2>\r\n    <p>Une opportunit\u00e9 unique pour booster votre activit\u00e9 \u00e0 <strong>Cossonay-Ville<\/strong> et aux alentours dans votre domaine (Carreleur).<\/p>\r\n    <p>Nous travaillons en exclusivit\u00e9 avec qu'une soci\u00e9t\u00e9 par m\u00e9tier et par r\u00e9gion. <br>Votre entreprise est pr\u00e9sente sur tous les documents immobiliers. Afin d'\u00eatre mieux vu sur le net, vous \u00eates \u00e9galement visible sur nos deux sites et sur les pages de r\u00e9f\u00e9rencement de votre r\u00e9gion.<\/p>\r\n    <a href=\"\/contact\" class=\"wp-block-button__link has-accent-background-color has-text-align-center wp-element-button\">R\u00e9server<\/a>\r\n<\/div><\/p>\n<h2>Pour quelle raison choisir notre entreprise ?<\/h2>\n<p>Artisanlocal vous aide dans la pose de carrelage \u00e0 Cossonay-Ville, choisissez-nous parce que :<\/p>\n<ul>\n<li>nous proposons un bon rapport qualit\u00e9-prix,<\/li>\n<li>nos carreaux sont de qualit\u00e9s sup\u00e9rieures,<\/li>\n<li>notre soci\u00e9t\u00e9 est implant\u00e9e \u00e0 Cossonay-Ville et permet \u00e0 notre \u00e9quipe d&rsquo;intervenir en urgence \u00e0 votre domicile,<\/li>\n<li>nous vous guidons pour acheter le carrelage le plus appropri\u00e9 \u00e0 votre int\u00e9rieur et votre ext\u00e9rieur,<\/li>\n<li>nos devis sont gratuits,<\/li>\n<li>nos carreleurs ont accumul\u00e9 de l&rsquo;exp\u00e9rience,<\/li>\n<li>un partenaire s\u00fbr et fiable : nous collaborons avec de grands groupes et architectes pour des installations de carrelage, fa\u00efence, parquet, et autres rev\u00eatements.<\/li>\n<\/ul>\n<h2>Obtenez votre devis gratuit pour l&rsquo;installation de carrelage en prenant contact avec nous d\u00e8s \u00e0 pr\u00e9sent<\/h2>\n<p>N&rsquo;h\u00e9sitez pas \u00e0 nous contacter si vous d\u00e9sirez obtenir un devis gratuit, nous vous r\u00e9pondrons rapidement pour \u00e9valuer le co\u00fbt de la pose de votre carrelage.<\/p>\n<h2>Nos solutions<\/h2>\n<p>Nos sp\u00e9cialistes de la pose de carreaux \u00e0 Cossonay-Ville proposent aux particuliers et aux professionnels, les solutions, tels que :<\/p>\n<ul>\n<li>L&rsquo;installation de diff\u00e9rents carreaux tels que le parquet, le carrelage traditionnel et la fa\u00efence,<\/li>\n<li>une aide pour bien choisir votre carrelage,<\/li>\n<li>la pose de vos carreaux,<\/li>\n<li>la pose de joint pour vos carreaux,<\/li>\n<li>la pose de carrelage sur les murs et les sols,<\/li>\n<li>l&rsquo;installation de carrelage pour les zones ext\u00e9rieures et int\u00e9rieures de votre r\u00e9sidence,<\/li>\n<li>le retrait de votre carrelage actuels,<\/li>\n<li>le retrait de votre parquet flottant,<\/li>\n<li>la pose de carrelage pour votre espace ext\u00e9rieur.<\/li>\n<\/ul>\n<h2>Comment s\u00e9lectionner le meilleur carrelage pour votre espace ?<\/h2>\n<h3>Bien d\u00e9finir la zone d&rsquo;installation<\/h3>\n<p>Prenez en compte l&rsquo;endroit o\u00f9 le carrelage va \u00eatre pos\u00e9 et aussi s&rsquo;il se trouve dans un chemin fr\u00e9quent\u00e9? D&rsquo;autre part, marchera-t-on sur le carrelage en chaussures ou en chaussettes? Va-t-il \u00eatre confront\u00e9 \u00e0 des atmosph\u00e8res humides? Pensez \u00e9galement aux espaces qu&rsquo;il recouvrira, tel que les murs, les plans de travail de cuisine, les sols, etc.<\/p>\n<h3>Estimez le volume de carrelage n\u00e9cessaire<\/h3>\n<p>Pour estimer le nombre de carrelages requis pour votre espace, multipliez sa longueur par sa largeur et rajoutez \u00e0 peu pr\u00e8s 5 % pour garder une marge de s\u00e9curit\u00e9. Nous vous sugg\u00e9rons de conserver en r\u00e9serve des carreaux afin de r\u00e9parer de possibles dommages.<\/p>\n<h3>Choisissez le mat\u00e9riau<\/h3>\n<p>Les carreaux sont \u00e9labor\u00e9s avec plusieurs cat\u00e9gories de mat\u00e9riaux qui impact : le co\u00fbt de l&rsquo;entretien, l&rsquo;apparence et la durabilit\u00e9. De plus, il faut tenir compte de la texture et des finitions pour choisir les meilleurs carreaux possible.<\/p>\n<h3>Nettoyage<\/h3>\n<p>Vous devez par ailleurs prendre en compte la complexit\u00e9 d&rsquo;entretien lors du choix de vos carreaux, par exemple : le scellement des carreaux avec un joint clair n\u00e9cessite un nettoyage plus long, parce qu&rsquo;il agglom\u00e8re \u00e0 toute vitesse la poussi\u00e8re, le rendent plus d\u00e9licat \u00e0 nettoyer que d&rsquo;autres coloris.<\/p>\n<h2>Obtenez un rendez-vous d\u00e8s aujourd&rsquo;hui<\/h2>\n<p>Nos experts de la pose de carreaux \u00e0 Cossonay-Ville savent que la s\u00e9lection de votre carrelage peut-\u00eatre complexe, c&rsquo;est pourquoi nous sommes disponibles du lundi au samedi de mani\u00e8re \u00e0 r\u00e9pondre \u00e0 vos questions.<\/p>\n<h2>FAQ<\/h2>\n<h3>De quelle mani\u00e8re marche votre soci\u00e9t\u00e9 ?<\/h3>\n<ol>\n<li>Prise de contact par email ou par t\u00e9l\u00e9phone.<\/li>\n<li>Nous planifions ensemble le rendez-vous en fonction de votre agenda.<\/li>\n<li>Visite \u00e0 votre logement pour d\u00e9terminer le travail \u00e0 effectuer.<\/li>\n<li>Commencement de votre projet.<\/li>\n<\/ol>\n<h3>Op\u00e9rez-vous dans les villes \u00e0 proximit\u00e9 de Cossonay-Ville ?<\/h3>\n<p>Oui, nous nous d\u00e9pla\u00e7ons \u00e0 Cossonay-Ville, n\u00e9anmoins, notre \u00e9quipe op\u00e8re dans les localit\u00e9s aux environs, \u00e9galement:<\/p>\nMex VD, Boussens, Bournens, Sullens, Bettens, Cottens VD, Grancy, Gollion, S\u00e9very, Pampigny, Montricher, Chavannes-le-Veyron, Cuarnens, L'Isle, La Coudre, Villars-Bozon, Mauraz, Moiry VD, Mont-la-Ville, Vufflens-la-Ville, Penthaz, Allens, Dizy, Senarclens, Penthalaz, Daillens, Lussery-Villars, La Chaux (Cossonay), Ecl\u00e9pens, Ferreyres, La Sarraz, Chevilly, Orny, Pompaples.\n<h3>Vous installez quels mod\u00e8les de carrelages le plus souvent\u202f?<\/h3>\n<p>Voici les carrelages les plus recherch\u00e9s que nous posons:<\/p>\n<ul>\n<li>Les carreaux mosa\u00efques : v\u00e9ritable best-seller, ils ajoutent un style inimitable \u00e0 votre foyer.<\/li>\n<li>Les carrelages int\u00e9rieur blancs de m\u00e9tro : embl\u00e9matiques, nous les recommandons pour votre r\u00e9novation de salle de bain ou de votre cuisine.<\/li>\n<li>Les carrelages de marbre : ils ajoutent un style soign\u00e9 \u00e0 n&rsquo;importe quelle pi\u00e8ce de votre maison.<\/li>\n<li>Les carreaux de c\u00e9ramique : peu cher, le carrelage en c\u00e9ramique a de multiples avantages (facile \u00e0 laver, et disponibles dans plusieurs couleurs).<\/li>\n<li>Le carrelage ciment : classique, il permet d&rsquo;adoucir la d\u00e9co de votre int\u00e9rieur.<\/li>\n<li>Les carrelages porcelaine : ressemblant aux surfaces naturelles, il est r\u00e9sistant aux chocs, changement de temp\u00e9rature.<\/li>\n<\/ul>\n","protected":false},"excerpt":{"rendered":"<p>Pour recevoir des estimations en ligne, contactez-nous. Artisanlocal propose des prestations de pose de carreaux dans le but de r\u00e9pondre \u00e0 tous vos besoins d&rsquo;installation de carreaux classiques, de dosseret de cuisine, de carrelage dans votre salle d&rsquo;eau ou sur votre plancher ! Nous intervenons aussi dans les municipalit\u00e9s \u00e0 c\u00f4t\u00e9 de Cossonay-Ville. Pour quelle [&hellip;]<\/p>\n","protected":false},"author":4,"featured_media":2804,"parent":0,"menu_order":0,"comment_status":"closed","ping_status":"closed","template":"","meta":{"footnotes":""},"profession":[119],"location":[116],"canton":[113],"class_list":["post-566","page","type-page","status-publish","has-post-thumbnail","hentry","profession-carreleur","location-cossonay-ville","canton-vd"],"yoast_head":"<!-- This site is optimized with the Yoast SEO Premium plugin v25.7.1 (Yoast SEO v27.3) - https:\/\/yoast.com\/product\/yoast-seo-premium-wordpress\/ -->\n<title>Carreleur \u00e0 Cossonay-Ville - Artisanlocal<\/title>\n<meta name=\"robots\" content=\"index, follow, max-snippet:-1, max-image-preview:large, max-video-preview:-1\" \/>\n<link rel=\"canonical\" href=\"https:\/\/www.artisanlocal.ch\/c\/societe-specialisee-dans-la-pose-de-carrelage-a-cossonay-ville\/\" \/>\n<meta property=\"og:locale\" content=\"fr_FR\" \/>\n<meta property=\"og:type\" content=\"article\" \/>\n<meta property=\"og:title\" content=\"Carreleur \u00e0 Cossonay-Ville\" \/>\n<meta property=\"og:description\" content=\"Pour recevoir des estimations en ligne, contactez-nous. Artisanlocal propose des prestations de pose de carreaux dans le but de r\u00e9pondre \u00e0 tous vos besoins d&rsquo;installation de carreaux classiques, de dosseret de cuisine, de carrelage dans votre salle d&rsquo;eau ou sur votre plancher ! Nous intervenons aussi dans les municipalit\u00e9s \u00e0 c\u00f4t\u00e9 de Cossonay-Ville. Pour quelle [&hellip;]\" \/>\n<meta property=\"og:url\" content=\"https:\/\/www.artisanlocal.ch\/c\/societe-specialisee-dans-la-pose-de-carrelage-a-cossonay-ville\/\" \/>\n<meta property=\"og:site_name\" content=\"Artisanlocal\" \/>\n<meta property=\"article:modified_time\" content=\"2026-04-03T10:22:18+00:00\" \/>\n<meta property=\"og:image\" content=\"https:\/\/www.artisanlocal.ch\/c\/wp-content\/uploads\/2024\/11\/carreleur.jpg\" \/>\n\t<meta property=\"og:image:width\" content=\"1920\" \/>\n\t<meta property=\"og:image:height\" content=\"300\" \/>\n\t<meta property=\"og:image:type\" content=\"image\/jpeg\" \/>\n<meta name=\"twitter:card\" content=\"summary_large_image\" \/>\n<meta name=\"twitter:label1\" content=\"Dur\u00e9e de lecture estim\u00e9e\" \/>\n\t<meta name=\"twitter:data1\" content=\"4 minutes\" \/>\n<script type=\"application\/ld+json\" class=\"yoast-schema-graph\">{\"@context\":\"https:\\\/\\\/schema.org\",\"@graph\":[{\"@type\":\"WebPage\",\"@id\":\"https:\\\/\\\/www.artisanlocal.ch\\\/c\\\/societe-specialisee-dans-la-pose-de-carrelage-a-cossonay-ville\\\/\",\"url\":\"https:\\\/\\\/www.artisanlocal.ch\\\/c\\\/societe-specialisee-dans-la-pose-de-carrelage-a-cossonay-ville\\\/\",\"name\":\"Carreleur \u00e0 Cossonay-Ville - Artisanlocal\",\"isPartOf\":{\"@id\":\"https:\\\/\\\/www.artisanlocal.ch\\\/c\\\/#website\"},\"primaryImageOfPage\":{\"@id\":\"https:\\\/\\\/www.artisanlocal.ch\\\/c\\\/societe-specialisee-dans-la-pose-de-carrelage-a-cossonay-ville\\\/#primaryimage\"},\"image\":{\"@id\":\"https:\\\/\\\/www.artisanlocal.ch\\\/c\\\/societe-specialisee-dans-la-pose-de-carrelage-a-cossonay-ville\\\/#primaryimage\"},\"thumbnailUrl\":\"https:\\\/\\\/www.artisanlocal.ch\\\/c\\\/wp-content\\\/uploads\\\/2024\\\/11\\\/carreleur.jpg\",\"datePublished\":\"2024-04-22T09:30:54+00:00\",\"dateModified\":\"2026-04-03T10:22:18+00:00\",\"breadcrumb\":{\"@id\":\"https:\\\/\\\/www.artisanlocal.ch\\\/c\\\/societe-specialisee-dans-la-pose-de-carrelage-a-cossonay-ville\\\/#breadcrumb\"},\"inLanguage\":\"fr-FR\",\"potentialAction\":[{\"@type\":\"ReadAction\",\"target\":[\"https:\\\/\\\/www.artisanlocal.ch\\\/c\\\/societe-specialisee-dans-la-pose-de-carrelage-a-cossonay-ville\\\/\"]}]},{\"@type\":\"ImageObject\",\"inLanguage\":\"fr-FR\",\"@id\":\"https:\\\/\\\/www.artisanlocal.ch\\\/c\\\/societe-specialisee-dans-la-pose-de-carrelage-a-cossonay-ville\\\/#primaryimage\",\"url\":\"https:\\\/\\\/www.artisanlocal.ch\\\/c\\\/wp-content\\\/uploads\\\/2024\\\/11\\\/carreleur.jpg\",\"contentUrl\":\"https:\\\/\\\/www.artisanlocal.ch\\\/c\\\/wp-content\\\/uploads\\\/2024\\\/11\\\/carreleur.jpg\",\"width\":1920,\"height\":300},{\"@type\":\"BreadcrumbList\",\"@id\":\"https:\\\/\\\/www.artisanlocal.ch\\\/c\\\/societe-specialisee-dans-la-pose-de-carrelage-a-cossonay-ville\\\/#breadcrumb\",\"itemListElement\":[{\"@type\":\"ListItem\",\"position\":1,\"name\":\"Accueil\",\"item\":\"https:\\\/\\\/www.artisanlocal.ch\\\/c\\\/\"},{\"@type\":\"ListItem\",\"position\":2,\"name\":\"Carreleur \u00e0 Cossonay-Ville-Ville\"}]},{\"@type\":\"WebSite\",\"@id\":\"https:\\\/\\\/www.artisanlocal.ch\\\/c\\\/#website\",\"url\":\"https:\\\/\\\/www.artisanlocal.ch\\\/c\\\/\",\"name\":\"Artisanlocal\",\"description\":\"\",\"publisher\":{\"@id\":\"https:\\\/\\\/www.artisanlocal.ch\\\/c\\\/#organization\"},\"potentialAction\":[{\"@type\":\"SearchAction\",\"target\":{\"@type\":\"EntryPoint\",\"urlTemplate\":\"https:\\\/\\\/www.artisanlocal.ch\\\/c\\\/?s={search_term_string}\"},\"query-input\":{\"@type\":\"PropertyValueSpecification\",\"valueRequired\":true,\"valueName\":\"search_term_string\"}}],\"inLanguage\":\"fr-FR\"},{\"@type\":\"Organization\",\"@id\":\"https:\\\/\\\/www.artisanlocal.ch\\\/c\\\/#organization\",\"name\":\"Artisanlocal\",\"url\":\"https:\\\/\\\/www.artisanlocal.ch\\\/c\\\/\",\"logo\":{\"@type\":\"ImageObject\",\"inLanguage\":\"fr-FR\",\"@id\":\"https:\\\/\\\/www.artisanlocal.ch\\\/c\\\/#\\\/schema\\\/logo\\\/image\\\/\",\"url\":\"https:\\\/\\\/www.artisanlocal.ch\\\/c\\\/wp-content\\\/uploads\\\/2024\\\/02\\\/logo-artisanlocal-h.svg\",\"contentUrl\":\"https:\\\/\\\/www.artisanlocal.ch\\\/c\\\/wp-content\\\/uploads\\\/2024\\\/02\\\/logo-artisanlocal-h.svg\",\"caption\":\"Artisanlocal\"},\"image\":{\"@id\":\"https:\\\/\\\/www.artisanlocal.ch\\\/c\\\/#\\\/schema\\\/logo\\\/image\\\/\"}}]}<\/script>\n<!-- \/ Yoast SEO Premium plugin. -->","yoast_head_json":{"title":"Carreleur \u00e0 Cossonay-Ville - Artisanlocal","robots":{"index":"index","follow":"follow","max-snippet":"max-snippet:-1","max-image-preview":"max-image-preview:large","max-video-preview":"max-video-preview:-1"},"canonical":"https:\/\/www.artisanlocal.ch\/c\/societe-specialisee-dans-la-pose-de-carrelage-a-cossonay-ville\/","og_locale":"fr_FR","og_type":"article","og_title":"Carreleur \u00e0 Cossonay-Ville","og_description":"Pour recevoir des estimations en ligne, contactez-nous. Artisanlocal propose des prestations de pose de carreaux dans le but de r\u00e9pondre \u00e0 tous vos besoins d&rsquo;installation de carreaux classiques, de dosseret de cuisine, de carrelage dans votre salle d&rsquo;eau ou sur votre plancher ! Nous intervenons aussi dans les municipalit\u00e9s \u00e0 c\u00f4t\u00e9 de Cossonay-Ville. Pour quelle [&hellip;]","og_url":"https:\/\/www.artisanlocal.ch\/c\/societe-specialisee-dans-la-pose-de-carrelage-a-cossonay-ville\/","og_site_name":"Artisanlocal","article_modified_time":"2026-04-03T10:22:18+00:00","og_image":[{"width":1920,"height":300,"url":"https:\/\/www.artisanlocal.ch\/c\/wp-content\/uploads\/2024\/11\/carreleur.jpg","type":"image\/jpeg"}],"twitter_card":"summary_large_image","twitter_misc":{"Dur\u00e9e de lecture estim\u00e9e":"4 minutes"},"schema":{"@context":"https:\/\/schema.org","@graph":[{"@type":"WebPage","@id":"https:\/\/www.artisanlocal.ch\/c\/societe-specialisee-dans-la-pose-de-carrelage-a-cossonay-ville\/","url":"https:\/\/www.artisanlocal.ch\/c\/societe-specialisee-dans-la-pose-de-carrelage-a-cossonay-ville\/","name":"Carreleur \u00e0 Cossonay-Ville - Artisanlocal","isPartOf":{"@id":"https:\/\/www.artisanlocal.ch\/c\/#website"},"primaryImageOfPage":{"@id":"https:\/\/www.artisanlocal.ch\/c\/societe-specialisee-dans-la-pose-de-carrelage-a-cossonay-ville\/#primaryimage"},"image":{"@id":"https:\/\/www.artisanlocal.ch\/c\/societe-specialisee-dans-la-pose-de-carrelage-a-cossonay-ville\/#primaryimage"},"thumbnailUrl":"https:\/\/www.artisanlocal.ch\/c\/wp-content\/uploads\/2024\/11\/carreleur.jpg","datePublished":"2024-04-22T09:30:54+00:00","dateModified":"2026-04-03T10:22:18+00:00","breadcrumb":{"@id":"https:\/\/www.artisanlocal.ch\/c\/societe-specialisee-dans-la-pose-de-carrelage-a-cossonay-ville\/#breadcrumb"},"inLanguage":"fr-FR","potentialAction":[{"@type":"ReadAction","target":["https:\/\/www.artisanlocal.ch\/c\/societe-specialisee-dans-la-pose-de-carrelage-a-cossonay-ville\/"]}]},{"@type":"ImageObject","inLanguage":"fr-FR","@id":"https:\/\/www.artisanlocal.ch\/c\/societe-specialisee-dans-la-pose-de-carrelage-a-cossonay-ville\/#primaryimage","url":"https:\/\/www.artisanlocal.ch\/c\/wp-content\/uploads\/2024\/11\/carreleur.jpg","contentUrl":"https:\/\/www.artisanlocal.ch\/c\/wp-content\/uploads\/2024\/11\/carreleur.jpg","width":1920,"height":300},{"@type":"BreadcrumbList","@id":"https:\/\/www.artisanlocal.ch\/c\/societe-specialisee-dans-la-pose-de-carrelage-a-cossonay-ville\/#breadcrumb","itemListElement":[{"@type":"ListItem","position":1,"name":"Accueil","item":"https:\/\/www.artisanlocal.ch\/c\/"},{"@type":"ListItem","position":2,"name":"Carreleur \u00e0 Cossonay-Ville-Ville"}]},{"@type":"WebSite","@id":"https:\/\/www.artisanlocal.ch\/c\/#website","url":"https:\/\/www.artisanlocal.ch\/c\/","name":"Artisanlocal","description":"","publisher":{"@id":"https:\/\/www.artisanlocal.ch\/c\/#organization"},"potentialAction":[{"@type":"SearchAction","target":{"@type":"EntryPoint","urlTemplate":"https:\/\/www.artisanlocal.ch\/c\/?s={search_term_string}"},"query-input":{"@type":"PropertyValueSpecification","valueRequired":true,"valueName":"search_term_string"}}],"inLanguage":"fr-FR"},{"@type":"Organization","@id":"https:\/\/www.artisanlocal.ch\/c\/#organization","name":"Artisanlocal","url":"https:\/\/www.artisanlocal.ch\/c\/","logo":{"@type":"ImageObject","inLanguage":"fr-FR","@id":"https:\/\/www.artisanlocal.ch\/c\/#\/schema\/logo\/image\/","url":"https:\/\/www.artisanlocal.ch\/c\/wp-content\/uploads\/2024\/02\/logo-artisanlocal-h.svg","contentUrl":"https:\/\/www.artisanlocal.ch\/c\/wp-content\/uploads\/2024\/02\/logo-artisanlocal-h.svg","caption":"Artisanlocal"},"image":{"@id":"https:\/\/www.artisanlocal.ch\/c\/#\/schema\/logo\/image\/"}}]}},"_links":{"self":[{"href":"https:\/\/www.artisanlocal.ch\/c\/wp-json\/wp\/v2\/pages\/566","targetHints":{"allow":["GET"]}}],"collection":[{"href":"https:\/\/www.artisanlocal.ch\/c\/wp-json\/wp\/v2\/pages"}],"about":[{"href":"https:\/\/www.artisanlocal.ch\/c\/wp-json\/wp\/v2\/types\/page"}],"author":[{"embeddable":true,"href":"https:\/\/www.artisanlocal.ch\/c\/wp-json\/wp\/v2\/users\/4"}],"replies":[{"embeddable":true,"href":"https:\/\/www.artisanlocal.ch\/c\/wp-json\/wp\/v2\/comments?post=566"}],"version-history":[{"count":1,"href":"https:\/\/www.artisanlocal.ch\/c\/wp-json\/wp\/v2\/pages\/566\/revisions"}],"predecessor-version":[{"id":5345,"href":"https:\/\/www.artisanlocal.ch\/c\/wp-json\/wp\/v2\/pages\/566\/revisions\/5345"}],"wp:featuredmedia":[{"embeddable":true,"href":"https:\/\/www.artisanlocal.ch\/c\/wp-json\/wp\/v2\/media\/2804"}],"wp:attachment":[{"href":"https:\/\/www.artisanlocal.ch\/c\/wp-json\/wp\/v2\/media?parent=566"}],"wp:term":[{"taxonomy":"profession","embeddable":true,"href":"https:\/\/www.artisanlocal.ch\/c\/wp-json\/wp\/v2\/profession?post=566"},{"taxonomy":"location","embeddable":true,"href":"https:\/\/www.artisanlocal.ch\/c\/wp-json\/wp\/v2\/location?post=566"},{"taxonomy":"canton","embeddable":true,"href":"https:\/\/www.artisanlocal.ch\/c\/wp-json\/wp\/v2\/canton?post=566"}],"curies":[{"name":"wp","href":"https:\/\/api.w.org\/{rel}","templated":true}]}}